{"id":59343,"date":"2026-04-21T18:28:44","date_gmt":"2026-04-21T16:28:44","guid":{"rendered":"https:\/\/www.koonings.com\/product\/enzoani-unisse\/"},"modified":"2025-06-05T13:23:03","modified_gmt":"2025-06-05T11:23:03","slug":"enzoani-unisse","status":"publish","type":"product","link":"https:\/\/www.koonings.com\/fr\/product\/enzoani-unisse\/","title":{"rendered":"Enzoani Unisse"},"content":{"rendered":"<p>Optez pour le glamour moderne avec UNISSE, une robe de mari\u00e9e chic en tulle et mousseline de soie, avec un corsage illusion \u00e0 d\u00e9collet\u00e9 profond et une esth\u00e9tique de r\u00eave cr\u00e9\u00e9e par de superbes applications florales en organza 3D et mikado. Parfaite pour les mari\u00e9es romantiques, la robe Unisse allie avec \u00e9l\u00e9gance sexy, douceur et sophistication en un style de mariage \u00e9poustouflant. <\/p>\n","protected":false},"featured_media":52574,"template":"","meta":{"_acf_changed":false,"ghostkit_customizer_options":"","ghostkit_custom_css":"","ghostkit_custom_js_head":"","ghostkit_custom_js_foot":"","ghostkit_typography":""},"productdetails":[379,377,381],"productneck":[356],"productcolor":[393,392],"maat":[],"productsupplier":[406],"productsleeve":[359],"productcategory":[18],"productsilhouette":[384],"productstyle":[371],"class_list":["post-59343","product","type-product","status-publish","has-post-thumbnail","hentry","productdetails-379","productdetails-377","productdetails-381","productneck-356","productcolor-393","productcolor-392","productsupplier-enzoani","productsleeve-359","productcategory-trouwjurken","productsilhouette-384","productstyle-371"],"acf":[],"yoast_head":"<!-- This site is optimized with the Yoast SEO plugin v27.3 - https:\/\/yoast.com\/product\/yoast-seo-wordpress\/ -->\n<title>Enzoani Unisse | Koonings<\/title>\n<meta name=\"description\" content=\"Optez pour le glamour moderne avec UNISSE, une robe de mari\u00e9e chic en tulle et mousseline de soie, avec un corsage illusion \u00e0 d\u00e9collet\u00e9 profond et une esth\u00e9tique de r\u00eave cr\u00e9\u00e9e par de superbes applications florales en organza 3D et mikado. Parfaite pour les mari\u00e9es romantiques, la robe Unisse allie avec \u00e9l\u00e9gance sexy, douceur et sophistication en un style de mariage \u00e9poustouflant.\" \/>\n<meta name=\"robots\" content=\"index, follow, max-snippet:-1, max-image-preview:large, max-video-preview:-1\" \/>\n<link rel=\"canonical\" href=\"https:\/\/www.koonings.com\/fr\/product\/enzoani-unisse\/\" \/>\n<meta property=\"og:locale\" content=\"fr_FR\" \/>\n<meta property=\"og:type\" content=\"article\" \/>\n<meta property=\"og:title\" content=\"Enzoani Unisse | Koonings\" \/>\n<meta property=\"og:description\" content=\"Optez pour le glamour moderne avec UNISSE, une robe de mari\u00e9e chic en tulle et mousseline de soie, avec un corsage illusion \u00e0 d\u00e9collet\u00e9 profond et une esth\u00e9tique de r\u00eave cr\u00e9\u00e9e par de superbes applications florales en organza 3D et mikado. Parfaite pour les mari\u00e9es romantiques, la robe Unisse allie avec \u00e9l\u00e9gance sexy, douceur et sophistication en un style de mariage \u00e9poustouflant.\" \/>\n<meta property=\"og:url\" content=\"https:\/\/www.koonings.com\/fr\/product\/enzoani-unisse\/\" \/>\n<meta property=\"og:site_name\" content=\"Koonings\" \/>\n<meta property=\"article:publisher\" content=\"https:\/\/www.facebook.com\/kooningstheweddingpalace\" \/>\n<meta property=\"og:image\" content=\"https:\/\/www.koonings.com\/wp-content\/uploads\/2024\/11\/48876_48ab69e909237407a8d30028d02c967e46b7b6d1221587b4253bb42122b341f024ecaff3.jpeg\" \/>\n\t<meta property=\"og:image:width\" content=\"1035\" \/>\n\t<meta property=\"og:image:height\" content=\"1380\" \/>\n\t<meta property=\"og:image:type\" content=\"image\/jpeg\" \/>\n<meta name=\"twitter:card\" content=\"summary_large_image\" \/>\n<script type=\"application\/ld+json\" class=\"yoast-schema-graph\">{\"@context\":\"https:\\\/\\\/schema.org\",\"@graph\":[{\"@type\":\"WebPage\",\"@id\":\"https:\\\/\\\/www.koonings.com\\\/fr\\\/product\\\/enzoani-unisse\\\/\",\"url\":\"https:\\\/\\\/www.koonings.com\\\/fr\\\/product\\\/enzoani-unisse\\\/\",\"name\":\"Enzoani Unisse | Koonings\",\"isPartOf\":{\"@id\":\"https:\\\/\\\/www.koonings.com\\\/fr\\\/#website\"},\"primaryImageOfPage\":{\"@id\":\"https:\\\/\\\/www.koonings.com\\\/fr\\\/product\\\/enzoani-unisse\\\/#primaryimage\"},\"image\":{\"@id\":\"https:\\\/\\\/www.koonings.com\\\/fr\\\/product\\\/enzoani-unisse\\\/#primaryimage\"},\"thumbnailUrl\":\"https:\\\/\\\/www.koonings.com\\\/wp-content\\\/uploads\\\/2024\\\/11\\\/48876_48ab69e909237407a8d30028d02c967e46b7b6d1221587b4253bb42122b341f024ecaff3.jpeg\",\"datePublished\":\"2026-04-21T16:28:44+00:00\",\"description\":\"Optez pour le glamour moderne avec UNISSE, une robe de mari\u00e9e chic en tulle et mousseline de soie, avec un corsage illusion \u00e0 d\u00e9collet\u00e9 profond et une esth\u00e9tique de r\u00eave cr\u00e9\u00e9e par de superbes applications florales en organza 3D et mikado. Parfaite pour les mari\u00e9es romantiques, la robe Unisse allie avec \u00e9l\u00e9gance sexy, douceur et sophistication en un style de mariage \u00e9poustouflant.\",\"breadcrumb\":{\"@id\":\"https:\\\/\\\/www.koonings.com\\\/fr\\\/product\\\/enzoani-unisse\\\/#breadcrumb\"},\"inLanguage\":\"fr-FR\",\"potentialAction\":[{\"@type\":\"ReadAction\",\"target\":[\"https:\\\/\\\/www.koonings.com\\\/fr\\\/product\\\/enzoani-unisse\\\/\"]}]},{\"@type\":\"ImageObject\",\"inLanguage\":\"fr-FR\",\"@id\":\"https:\\\/\\\/www.koonings.com\\\/fr\\\/product\\\/enzoani-unisse\\\/#primaryimage\",\"url\":\"https:\\\/\\\/www.koonings.com\\\/wp-content\\\/uploads\\\/2024\\\/11\\\/48876_48ab69e909237407a8d30028d02c967e46b7b6d1221587b4253bb42122b341f024ecaff3.jpeg\",\"contentUrl\":\"https:\\\/\\\/www.koonings.com\\\/wp-content\\\/uploads\\\/2024\\\/11\\\/48876_48ab69e909237407a8d30028d02c967e46b7b6d1221587b4253bb42122b341f024ecaff3.jpeg\",\"width\":1035,\"height\":1380},{\"@type\":\"BreadcrumbList\",\"@id\":\"https:\\\/\\\/www.koonings.com\\\/fr\\\/product\\\/enzoani-unisse\\\/#breadcrumb\",\"itemListElement\":[{\"@type\":\"ListItem\",\"position\":1,\"name\":\"Home\",\"item\":\"https:\\\/\\\/www.koonings.com\\\/fr\\\/\"},{\"@type\":\"ListItem\",\"position\":2,\"name\":\"Enzoani Unisse\"}]},{\"@type\":\"WebSite\",\"@id\":\"https:\\\/\\\/www.koonings.com\\\/fr\\\/#website\",\"url\":\"https:\\\/\\\/www.koonings.com\\\/fr\\\/\",\"name\":\"Koonings\",\"description\":\"De grootste bruidsmodewinkel ter wereld\",\"publisher\":{\"@id\":\"https:\\\/\\\/www.koonings.com\\\/fr\\\/#organization\"},\"potentialAction\":[{\"@type\":\"SearchAction\",\"target\":{\"@type\":\"EntryPoint\",\"urlTemplate\":\"https:\\\/\\\/www.koonings.com\\\/fr\\\/?s={search_term_string}\"},\"query-input\":{\"@type\":\"PropertyValueSpecification\",\"valueRequired\":true,\"valueName\":\"search_term_string\"}}],\"inLanguage\":\"fr-FR\"},{\"@type\":\"Organization\",\"@id\":\"https:\\\/\\\/www.koonings.com\\\/fr\\\/#organization\",\"name\":\"Koonings\",\"url\":\"https:\\\/\\\/www.koonings.com\\\/fr\\\/\",\"logo\":{\"@type\":\"ImageObject\",\"inLanguage\":\"fr-FR\",\"@id\":\"https:\\\/\\\/www.koonings.com\\\/fr\\\/#\\\/schema\\\/logo\\\/image\\\/\",\"url\":\"https:\\\/\\\/www.koonings.com\\\/wp-content\\\/uploads\\\/2024\\\/07\\\/logo.png\",\"contentUrl\":\"https:\\\/\\\/www.koonings.com\\\/wp-content\\\/uploads\\\/2024\\\/07\\\/logo.png\",\"width\":600,\"height\":428,\"caption\":\"Koonings\"},\"image\":{\"@id\":\"https:\\\/\\\/www.koonings.com\\\/fr\\\/#\\\/schema\\\/logo\\\/image\\\/\"},\"sameAs\":[\"https:\\\/\\\/www.facebook.com\\\/kooningstheweddingpalace\",\"https:\\\/\\\/www.instagram.com\\\/kooningstheweddingpalace\",\"https:\\\/\\\/www.pinterest.com\\\/koonings\",\"https:\\\/\\\/www.youtube.com\\\/kooningstheweddingpalace\"]}]}<\/script>\n<!-- \/ Yoast SEO plugin. -->","yoast_head_json":{"title":"Enzoani Unisse | Koonings","description":"Optez pour le glamour moderne avec UNISSE, une robe de mari\u00e9e chic en tulle et mousseline de soie, avec un corsage illusion \u00e0 d\u00e9collet\u00e9 profond et une esth\u00e9tique de r\u00eave cr\u00e9\u00e9e par de superbes applications florales en organza 3D et mikado. Parfaite pour les mari\u00e9es romantiques, la robe Unisse allie avec \u00e9l\u00e9gance sexy, douceur et sophistication en un style de mariage \u00e9poustouflant.","robots":{"index":"index","follow":"follow","max-snippet":"max-snippet:-1","max-image-preview":"max-image-preview:large","max-video-preview":"max-video-preview:-1"},"canonical":"https:\/\/www.koonings.com\/fr\/product\/enzoani-unisse\/","og_locale":"fr_FR","og_type":"article","og_title":"Enzoani Unisse | Koonings","og_description":"Optez pour le glamour moderne avec UNISSE, une robe de mari\u00e9e chic en tulle et mousseline de soie, avec un corsage illusion \u00e0 d\u00e9collet\u00e9 profond et une esth\u00e9tique de r\u00eave cr\u00e9\u00e9e par de superbes applications florales en organza 3D et mikado. Parfaite pour les mari\u00e9es romantiques, la robe Unisse allie avec \u00e9l\u00e9gance sexy, douceur et sophistication en un style de mariage \u00e9poustouflant.","og_url":"https:\/\/www.koonings.com\/fr\/product\/enzoani-unisse\/","og_site_name":"Koonings","article_publisher":"https:\/\/www.facebook.com\/kooningstheweddingpalace","og_image":[{"width":1035,"height":1380,"url":"https:\/\/www.koonings.com\/wp-content\/uploads\/2024\/11\/48876_48ab69e909237407a8d30028d02c967e46b7b6d1221587b4253bb42122b341f024ecaff3.jpeg","type":"image\/jpeg"}],"twitter_card":"summary_large_image","schema":{"@context":"https:\/\/schema.org","@graph":[{"@type":"WebPage","@id":"https:\/\/www.koonings.com\/fr\/product\/enzoani-unisse\/","url":"https:\/\/www.koonings.com\/fr\/product\/enzoani-unisse\/","name":"Enzoani Unisse | Koonings","isPartOf":{"@id":"https:\/\/www.koonings.com\/fr\/#website"},"primaryImageOfPage":{"@id":"https:\/\/www.koonings.com\/fr\/product\/enzoani-unisse\/#primaryimage"},"image":{"@id":"https:\/\/www.koonings.com\/fr\/product\/enzoani-unisse\/#primaryimage"},"thumbnailUrl":"https:\/\/www.koonings.com\/wp-content\/uploads\/2024\/11\/48876_48ab69e909237407a8d30028d02c967e46b7b6d1221587b4253bb42122b341f024ecaff3.jpeg","datePublished":"2026-04-21T16:28:44+00:00","description":"Optez pour le glamour moderne avec UNISSE, une robe de mari\u00e9e chic en tulle et mousseline de soie, avec un corsage illusion \u00e0 d\u00e9collet\u00e9 profond et une esth\u00e9tique de r\u00eave cr\u00e9\u00e9e par de superbes applications florales en organza 3D et mikado. Parfaite pour les mari\u00e9es romantiques, la robe Unisse allie avec \u00e9l\u00e9gance sexy, douceur et sophistication en un style de mariage \u00e9poustouflant.","breadcrumb":{"@id":"https:\/\/www.koonings.com\/fr\/product\/enzoani-unisse\/#breadcrumb"},"inLanguage":"fr-FR","potentialAction":[{"@type":"ReadAction","target":["https:\/\/www.koonings.com\/fr\/product\/enzoani-unisse\/"]}]},{"@type":"ImageObject","inLanguage":"fr-FR","@id":"https:\/\/www.koonings.com\/fr\/product\/enzoani-unisse\/#primaryimage","url":"https:\/\/www.koonings.com\/wp-content\/uploads\/2024\/11\/48876_48ab69e909237407a8d30028d02c967e46b7b6d1221587b4253bb42122b341f024ecaff3.jpeg","contentUrl":"https:\/\/www.koonings.com\/wp-content\/uploads\/2024\/11\/48876_48ab69e909237407a8d30028d02c967e46b7b6d1221587b4253bb42122b341f024ecaff3.jpeg","width":1035,"height":1380},{"@type":"BreadcrumbList","@id":"https:\/\/www.koonings.com\/fr\/product\/enzoani-unisse\/#breadcrumb","itemListElement":[{"@type":"ListItem","position":1,"name":"Home","item":"https:\/\/www.koonings.com\/fr\/"},{"@type":"ListItem","position":2,"name":"Enzoani Unisse"}]},{"@type":"WebSite","@id":"https:\/\/www.koonings.com\/fr\/#website","url":"https:\/\/www.koonings.com\/fr\/","name":"Koonings","description":"De grootste bruidsmodewinkel ter wereld","publisher":{"@id":"https:\/\/www.koonings.com\/fr\/#organization"},"potentialAction":[{"@type":"SearchAction","target":{"@type":"EntryPoint","urlTemplate":"https:\/\/www.koonings.com\/fr\/?s={search_term_string}"},"query-input":{"@type":"PropertyValueSpecification","valueRequired":true,"valueName":"search_term_string"}}],"inLanguage":"fr-FR"},{"@type":"Organization","@id":"https:\/\/www.koonings.com\/fr\/#organization","name":"Koonings","url":"https:\/\/www.koonings.com\/fr\/","logo":{"@type":"ImageObject","inLanguage":"fr-FR","@id":"https:\/\/www.koonings.com\/fr\/#\/schema\/logo\/image\/","url":"https:\/\/www.koonings.com\/wp-content\/uploads\/2024\/07\/logo.png","contentUrl":"https:\/\/www.koonings.com\/wp-content\/uploads\/2024\/07\/logo.png","width":600,"height":428,"caption":"Koonings"},"image":{"@id":"https:\/\/www.koonings.com\/fr\/#\/schema\/logo\/image\/"},"sameAs":["https:\/\/www.facebook.com\/kooningstheweddingpalace","https:\/\/www.instagram.com\/kooningstheweddingpalace","https:\/\/www.pinterest.com\/koonings","https:\/\/www.youtube.com\/kooningstheweddingpalace"]}]}},"_links":{"self":[{"href":"https:\/\/www.koonings.com\/fr\/wp-json\/wp\/v2\/product\/59343","targetHints":{"allow":["GET"]}}],"collection":[{"href":"https:\/\/www.koonings.com\/fr\/wp-json\/wp\/v2\/product"}],"about":[{"href":"https:\/\/www.koonings.com\/fr\/wp-json\/wp\/v2\/types\/product"}],"wp:featuredmedia":[{"embeddable":true,"href":"https:\/\/www.koonings.com\/fr\/wp-json\/wp\/v2\/media\/52574"}],"wp:attachment":[{"href":"https:\/\/www.koonings.com\/fr\/wp-json\/wp\/v2\/media?parent=59343"}],"wp:term":[{"taxonomy":"productdetails","embeddable":true,"href":"https:\/\/www.koonings.com\/fr\/wp-json\/wp\/v2\/productdetails?post=59343"},{"taxonomy":"productneck","embeddable":true,"href":"https:\/\/www.koonings.com\/fr\/wp-json\/wp\/v2\/productneck?post=59343"},{"taxonomy":"productcolor","embeddable":true,"href":"https:\/\/www.koonings.com\/fr\/wp-json\/wp\/v2\/productcolor?post=59343"},{"taxonomy":"maat","embeddable":true,"href":"https:\/\/www.koonings.com\/fr\/wp-json\/wp\/v2\/maat?post=59343"},{"taxonomy":"productsupplier","embeddable":true,"href":"https:\/\/www.koonings.com\/fr\/wp-json\/wp\/v2\/productsupplier?post=59343"},{"taxonomy":"productsleeve","embeddable":true,"href":"https:\/\/www.koonings.com\/fr\/wp-json\/wp\/v2\/productsleeve?post=59343"},{"taxonomy":"productcategory","embeddable":true,"href":"https:\/\/www.koonings.com\/fr\/wp-json\/wp\/v2\/productcategory?post=59343"},{"taxonomy":"productsilhouette","embeddable":true,"href":"https:\/\/www.koonings.com\/fr\/wp-json\/wp\/v2\/productsilhouette?post=59343"},{"taxonomy":"productstyle","embeddable":true,"href":"https:\/\/www.koonings.com\/fr\/wp-json\/wp\/v2\/productstyle?post=59343"}],"curies":[{"name":"wp","href":"https:\/\/api.w.org\/{rel}","templated":true}]}}