{"id":59340,"date":"2024-11-18T15:46:38","date_gmt":"2024-11-18T14:46:38","guid":{"rendered":"https:\/\/www.koonings.com\/product\/enzoani-ursuline\/"},"modified":"2026-02-03T18:58:45","modified_gmt":"2026-02-03T17:58:45","slug":"enzoani-ursuline","status":"publish","type":"product","link":"https:\/\/www.koonings.com\/fr\/product\/enzoani-ursuline\/","title":{"rendered":"Enzoani Ursuline"},"content":{"rendered":"<p>Cette gracieuse sir\u00e8ne, une silhouette classique d&#8217;Enzoani, est une Ursuline. Un corsage illusion sexy avec un corset unique en tulle dans le dos accentue et flatte la silhouette, tandis que des appliques brod\u00e9es en mousseline de soie 3D scintillante cr\u00e9ent un magnifique effet de brillance \u00e0 chaque tour de main. La tra\u00eene parfaite est absolument inoubliable avec ses appliqu\u00e9s brod\u00e9s de perles.<\/p>\n","protected":false},"featured_media":52670,"template":"","meta":{"_acf_changed":false,"ghostkit_customizer_options":"","ghostkit_custom_css":"","ghostkit_custom_js_head":"","ghostkit_custom_js_foot":"","ghostkit_typography":""},"productdetails":[379,381],"productneck":[351],"productcolor":[393,392],"maat":[],"productsupplier":[406],"productsleeve":[359],"productcategory":[18],"productsilhouette":[387],"productstyle":[369],"class_list":["post-59340","product","type-product","status-publish","has-post-thumbnail","hentry","productdetails-379","productdetails-381","productneck-351","productcolor-393","productcolor-392","productsupplier-enzoani","productsleeve-359","productcategory-trouwjurken","productsilhouette-387","productstyle-369"],"acf":[],"yoast_head":"<!-- This site is optimized with the Yoast SEO plugin v27.3 - https:\/\/yoast.com\/product\/yoast-seo-wordpress\/ -->\n<title>Enzoani Ursuline | Koonings<\/title>\n<meta name=\"description\" content=\"Cette gracieuse sir\u00e8ne, une silhouette classique d&#039;Enzoani, est une Ursuline. Un corsage illusion sexy avec un corset unique en tulle dans le dos accentue et flatte la silhouette, tandis que des appliques brod\u00e9es en mousseline de soie 3D \u00e9tincelantes cr\u00e9ent un effet de scintillement \u00e0 chaque tournant. La tra\u00eene parfaite est absolument inoubliable avec ses appliqu\u00e9s brod\u00e9s de perles.\" \/>\n<meta name=\"robots\" content=\"index, follow, max-snippet:-1, max-image-preview:large, max-video-preview:-1\" \/>\n<link rel=\"canonical\" href=\"https:\/\/www.koonings.com\/fr\/product\/enzoani-ursuline\/\" \/>\n<meta property=\"og:locale\" content=\"fr_FR\" \/>\n<meta property=\"og:type\" content=\"article\" \/>\n<meta property=\"og:title\" content=\"Enzoani Ursuline | Koonings\" \/>\n<meta property=\"og:description\" content=\"Cette gracieuse sir\u00e8ne, une silhouette classique d&#039;Enzoani, est une Ursuline. Un corsage illusion sexy avec un corset unique en tulle dans le dos accentue et flatte la silhouette, tandis que des appliques brod\u00e9es en mousseline de soie 3D \u00e9tincelantes cr\u00e9ent un effet de scintillement \u00e0 chaque tournant. La tra\u00eene parfaite est absolument inoubliable avec ses appliqu\u00e9s brod\u00e9s de perles.\" \/>\n<meta property=\"og:url\" content=\"https:\/\/www.koonings.com\/fr\/product\/enzoani-ursuline\/\" \/>\n<meta property=\"og:site_name\" content=\"Koonings\" \/>\n<meta property=\"article:publisher\" content=\"https:\/\/www.facebook.com\/kooningstheweddingpalace\" \/>\n<meta property=\"article:modified_time\" content=\"2026-02-03T17:58:45+00:00\" \/>\n<meta property=\"og:image\" content=\"https:\/\/www.koonings.com\/wp-content\/uploads\/2024\/11\/48883_4cbd88965b745fd7c0e77b17dbe291f84734915c4abf416df5f8fdb9b159ab67cabca6ce.jpeg\" \/>\n\t<meta property=\"og:image:width\" content=\"1035\" \/>\n\t<meta property=\"og:image:height\" content=\"1380\" \/>\n\t<meta property=\"og:image:type\" content=\"image\/jpeg\" \/>\n<meta name=\"twitter:card\" content=\"summary_large_image\" \/>\n<script type=\"application\/ld+json\" class=\"yoast-schema-graph\">{\"@context\":\"https:\\\/\\\/schema.org\",\"@graph\":[{\"@type\":\"WebPage\",\"@id\":\"https:\\\/\\\/www.koonings.com\\\/fr\\\/product\\\/enzoani-ursuline\\\/\",\"url\":\"https:\\\/\\\/www.koonings.com\\\/fr\\\/product\\\/enzoani-ursuline\\\/\",\"name\":\"Enzoani Ursuline | Koonings\",\"isPartOf\":{\"@id\":\"https:\\\/\\\/www.koonings.com\\\/fr\\\/#website\"},\"primaryImageOfPage\":{\"@id\":\"https:\\\/\\\/www.koonings.com\\\/fr\\\/product\\\/enzoani-ursuline\\\/#primaryimage\"},\"image\":{\"@id\":\"https:\\\/\\\/www.koonings.com\\\/fr\\\/product\\\/enzoani-ursuline\\\/#primaryimage\"},\"thumbnailUrl\":\"https:\\\/\\\/www.koonings.com\\\/wp-content\\\/uploads\\\/2024\\\/11\\\/48883_4cbd88965b745fd7c0e77b17dbe291f84734915c4abf416df5f8fdb9b159ab67cabca6ce.jpeg\",\"datePublished\":\"2024-11-18T14:46:38+00:00\",\"dateModified\":\"2026-02-03T17:58:45+00:00\",\"description\":\"Cette gracieuse sir\u00e8ne, une silhouette classique d'Enzoani, est une Ursuline. Un corsage illusion sexy avec un corset unique en tulle dans le dos accentue et flatte la silhouette, tandis que des appliques brod\u00e9es en mousseline de soie 3D \u00e9tincelantes cr\u00e9ent un effet de scintillement \u00e0 chaque tournant. La tra\u00eene parfaite est absolument inoubliable avec ses appliqu\u00e9s brod\u00e9s de perles.\",\"breadcrumb\":{\"@id\":\"https:\\\/\\\/www.koonings.com\\\/fr\\\/product\\\/enzoani-ursuline\\\/#breadcrumb\"},\"inLanguage\":\"fr-FR\",\"potentialAction\":[{\"@type\":\"ReadAction\",\"target\":[\"https:\\\/\\\/www.koonings.com\\\/fr\\\/product\\\/enzoani-ursuline\\\/\"]}]},{\"@type\":\"ImageObject\",\"inLanguage\":\"fr-FR\",\"@id\":\"https:\\\/\\\/www.koonings.com\\\/fr\\\/product\\\/enzoani-ursuline\\\/#primaryimage\",\"url\":\"https:\\\/\\\/www.koonings.com\\\/wp-content\\\/uploads\\\/2024\\\/11\\\/48883_4cbd88965b745fd7c0e77b17dbe291f84734915c4abf416df5f8fdb9b159ab67cabca6ce.jpeg\",\"contentUrl\":\"https:\\\/\\\/www.koonings.com\\\/wp-content\\\/uploads\\\/2024\\\/11\\\/48883_4cbd88965b745fd7c0e77b17dbe291f84734915c4abf416df5f8fdb9b159ab67cabca6ce.jpeg\",\"width\":1035,\"height\":1380},{\"@type\":\"BreadcrumbList\",\"@id\":\"https:\\\/\\\/www.koonings.com\\\/fr\\\/product\\\/enzoani-ursuline\\\/#breadcrumb\",\"itemListElement\":[{\"@type\":\"ListItem\",\"position\":1,\"name\":\"Home\",\"item\":\"https:\\\/\\\/www.koonings.com\\\/fr\\\/\"},{\"@type\":\"ListItem\",\"position\":2,\"name\":\"Enzoani Ursuline\"}]},{\"@type\":\"WebSite\",\"@id\":\"https:\\\/\\\/www.koonings.com\\\/fr\\\/#website\",\"url\":\"https:\\\/\\\/www.koonings.com\\\/fr\\\/\",\"name\":\"Koonings\",\"description\":\"De grootste bruidsmodewinkel ter wereld\",\"publisher\":{\"@id\":\"https:\\\/\\\/www.koonings.com\\\/fr\\\/#organization\"},\"potentialAction\":[{\"@type\":\"SearchAction\",\"target\":{\"@type\":\"EntryPoint\",\"urlTemplate\":\"https:\\\/\\\/www.koonings.com\\\/fr\\\/?s={search_term_string}\"},\"query-input\":{\"@type\":\"PropertyValueSpecification\",\"valueRequired\":true,\"valueName\":\"search_term_string\"}}],\"inLanguage\":\"fr-FR\"},{\"@type\":\"Organization\",\"@id\":\"https:\\\/\\\/www.koonings.com\\\/fr\\\/#organization\",\"name\":\"Koonings\",\"url\":\"https:\\\/\\\/www.koonings.com\\\/fr\\\/\",\"logo\":{\"@type\":\"ImageObject\",\"inLanguage\":\"fr-FR\",\"@id\":\"https:\\\/\\\/www.koonings.com\\\/fr\\\/#\\\/schema\\\/logo\\\/image\\\/\",\"url\":\"https:\\\/\\\/www.koonings.com\\\/wp-content\\\/uploads\\\/2024\\\/07\\\/logo.png\",\"contentUrl\":\"https:\\\/\\\/www.koonings.com\\\/wp-content\\\/uploads\\\/2024\\\/07\\\/logo.png\",\"width\":600,\"height\":428,\"caption\":\"Koonings\"},\"image\":{\"@id\":\"https:\\\/\\\/www.koonings.com\\\/fr\\\/#\\\/schema\\\/logo\\\/image\\\/\"},\"sameAs\":[\"https:\\\/\\\/www.facebook.com\\\/kooningstheweddingpalace\",\"https:\\\/\\\/www.instagram.com\\\/kooningstheweddingpalace\",\"https:\\\/\\\/www.pinterest.com\\\/koonings\",\"https:\\\/\\\/www.youtube.com\\\/kooningstheweddingpalace\"]}]}<\/script>\n<!-- \/ Yoast SEO plugin. -->","yoast_head_json":{"title":"Enzoani Ursuline | Koonings","description":"Cette gracieuse sir\u00e8ne, une silhouette classique d'Enzoani, est une Ursuline. Un corsage illusion sexy avec un corset unique en tulle dans le dos accentue et flatte la silhouette, tandis que des appliques brod\u00e9es en mousseline de soie 3D \u00e9tincelantes cr\u00e9ent un effet de scintillement \u00e0 chaque tournant. La tra\u00eene parfaite est absolument inoubliable avec ses appliqu\u00e9s brod\u00e9s de perles.","robots":{"index":"index","follow":"follow","max-snippet":"max-snippet:-1","max-image-preview":"max-image-preview:large","max-video-preview":"max-video-preview:-1"},"canonical":"https:\/\/www.koonings.com\/fr\/product\/enzoani-ursuline\/","og_locale":"fr_FR","og_type":"article","og_title":"Enzoani Ursuline | Koonings","og_description":"Cette gracieuse sir\u00e8ne, une silhouette classique d'Enzoani, est une Ursuline. Un corsage illusion sexy avec un corset unique en tulle dans le dos accentue et flatte la silhouette, tandis que des appliques brod\u00e9es en mousseline de soie 3D \u00e9tincelantes cr\u00e9ent un effet de scintillement \u00e0 chaque tournant. La tra\u00eene parfaite est absolument inoubliable avec ses appliqu\u00e9s brod\u00e9s de perles.","og_url":"https:\/\/www.koonings.com\/fr\/product\/enzoani-ursuline\/","og_site_name":"Koonings","article_publisher":"https:\/\/www.facebook.com\/kooningstheweddingpalace","article_modified_time":"2026-02-03T17:58:45+00:00","og_image":[{"width":1035,"height":1380,"url":"https:\/\/www.koonings.com\/wp-content\/uploads\/2024\/11\/48883_4cbd88965b745fd7c0e77b17dbe291f84734915c4abf416df5f8fdb9b159ab67cabca6ce.jpeg","type":"image\/jpeg"}],"twitter_card":"summary_large_image","schema":{"@context":"https:\/\/schema.org","@graph":[{"@type":"WebPage","@id":"https:\/\/www.koonings.com\/fr\/product\/enzoani-ursuline\/","url":"https:\/\/www.koonings.com\/fr\/product\/enzoani-ursuline\/","name":"Enzoani Ursuline | Koonings","isPartOf":{"@id":"https:\/\/www.koonings.com\/fr\/#website"},"primaryImageOfPage":{"@id":"https:\/\/www.koonings.com\/fr\/product\/enzoani-ursuline\/#primaryimage"},"image":{"@id":"https:\/\/www.koonings.com\/fr\/product\/enzoani-ursuline\/#primaryimage"},"thumbnailUrl":"https:\/\/www.koonings.com\/wp-content\/uploads\/2024\/11\/48883_4cbd88965b745fd7c0e77b17dbe291f84734915c4abf416df5f8fdb9b159ab67cabca6ce.jpeg","datePublished":"2024-11-18T14:46:38+00:00","dateModified":"2026-02-03T17:58:45+00:00","description":"Cette gracieuse sir\u00e8ne, une silhouette classique d'Enzoani, est une Ursuline. Un corsage illusion sexy avec un corset unique en tulle dans le dos accentue et flatte la silhouette, tandis que des appliques brod\u00e9es en mousseline de soie 3D \u00e9tincelantes cr\u00e9ent un effet de scintillement \u00e0 chaque tournant. La tra\u00eene parfaite est absolument inoubliable avec ses appliqu\u00e9s brod\u00e9s de perles.","breadcrumb":{"@id":"https:\/\/www.koonings.com\/fr\/product\/enzoani-ursuline\/#breadcrumb"},"inLanguage":"fr-FR","potentialAction":[{"@type":"ReadAction","target":["https:\/\/www.koonings.com\/fr\/product\/enzoani-ursuline\/"]}]},{"@type":"ImageObject","inLanguage":"fr-FR","@id":"https:\/\/www.koonings.com\/fr\/product\/enzoani-ursuline\/#primaryimage","url":"https:\/\/www.koonings.com\/wp-content\/uploads\/2024\/11\/48883_4cbd88965b745fd7c0e77b17dbe291f84734915c4abf416df5f8fdb9b159ab67cabca6ce.jpeg","contentUrl":"https:\/\/www.koonings.com\/wp-content\/uploads\/2024\/11\/48883_4cbd88965b745fd7c0e77b17dbe291f84734915c4abf416df5f8fdb9b159ab67cabca6ce.jpeg","width":1035,"height":1380},{"@type":"BreadcrumbList","@id":"https:\/\/www.koonings.com\/fr\/product\/enzoani-ursuline\/#breadcrumb","itemListElement":[{"@type":"ListItem","position":1,"name":"Home","item":"https:\/\/www.koonings.com\/fr\/"},{"@type":"ListItem","position":2,"name":"Enzoani Ursuline"}]},{"@type":"WebSite","@id":"https:\/\/www.koonings.com\/fr\/#website","url":"https:\/\/www.koonings.com\/fr\/","name":"Koonings","description":"De grootste bruidsmodewinkel ter wereld","publisher":{"@id":"https:\/\/www.koonings.com\/fr\/#organization"},"potentialAction":[{"@type":"SearchAction","target":{"@type":"EntryPoint","urlTemplate":"https:\/\/www.koonings.com\/fr\/?s={search_term_string}"},"query-input":{"@type":"PropertyValueSpecification","valueRequired":true,"valueName":"search_term_string"}}],"inLanguage":"fr-FR"},{"@type":"Organization","@id":"https:\/\/www.koonings.com\/fr\/#organization","name":"Koonings","url":"https:\/\/www.koonings.com\/fr\/","logo":{"@type":"ImageObject","inLanguage":"fr-FR","@id":"https:\/\/www.koonings.com\/fr\/#\/schema\/logo\/image\/","url":"https:\/\/www.koonings.com\/wp-content\/uploads\/2024\/07\/logo.png","contentUrl":"https:\/\/www.koonings.com\/wp-content\/uploads\/2024\/07\/logo.png","width":600,"height":428,"caption":"Koonings"},"image":{"@id":"https:\/\/www.koonings.com\/fr\/#\/schema\/logo\/image\/"},"sameAs":["https:\/\/www.facebook.com\/kooningstheweddingpalace","https:\/\/www.instagram.com\/kooningstheweddingpalace","https:\/\/www.pinterest.com\/koonings","https:\/\/www.youtube.com\/kooningstheweddingpalace"]}]}},"_links":{"self":[{"href":"https:\/\/www.koonings.com\/fr\/wp-json\/wp\/v2\/product\/59340","targetHints":{"allow":["GET"]}}],"collection":[{"href":"https:\/\/www.koonings.com\/fr\/wp-json\/wp\/v2\/product"}],"about":[{"href":"https:\/\/www.koonings.com\/fr\/wp-json\/wp\/v2\/types\/product"}],"wp:featuredmedia":[{"embeddable":true,"href":"https:\/\/www.koonings.com\/fr\/wp-json\/wp\/v2\/media\/52670"}],"wp:attachment":[{"href":"https:\/\/www.koonings.com\/fr\/wp-json\/wp\/v2\/media?parent=59340"}],"wp:term":[{"taxonomy":"productdetails","embeddable":true,"href":"https:\/\/www.koonings.com\/fr\/wp-json\/wp\/v2\/productdetails?post=59340"},{"taxonomy":"productneck","embeddable":true,"href":"https:\/\/www.koonings.com\/fr\/wp-json\/wp\/v2\/productneck?post=59340"},{"taxonomy":"productcolor","embeddable":true,"href":"https:\/\/www.koonings.com\/fr\/wp-json\/wp\/v2\/productcolor?post=59340"},{"taxonomy":"maat","embeddable":true,"href":"https:\/\/www.koonings.com\/fr\/wp-json\/wp\/v2\/maat?post=59340"},{"taxonomy":"productsupplier","embeddable":true,"href":"https:\/\/www.koonings.com\/fr\/wp-json\/wp\/v2\/productsupplier?post=59340"},{"taxonomy":"productsleeve","embeddable":true,"href":"https:\/\/www.koonings.com\/fr\/wp-json\/wp\/v2\/productsleeve?post=59340"},{"taxonomy":"productcategory","embeddable":true,"href":"https:\/\/www.koonings.com\/fr\/wp-json\/wp\/v2\/productcategory?post=59340"},{"taxonomy":"productsilhouette","embeddable":true,"href":"https:\/\/www.koonings.com\/fr\/wp-json\/wp\/v2\/productsilhouette?post=59340"},{"taxonomy":"productstyle","embeddable":true,"href":"https:\/\/www.koonings.com\/fr\/wp-json\/wp\/v2\/productstyle?post=59340"}],"curies":[{"name":"wp","href":"https:\/\/api.w.org\/{rel}","templated":true}]}}