{"id":59328,"date":"2026-04-28T18:28:04","date_gmt":"2026-04-28T16:28:04","guid":{"rendered":"https:\/\/www.koonings.com\/product\/enzoani-riva-2\/"},"modified":"2026-02-16T14:43:14","modified_gmt":"2026-02-16T13:43:14","slug":"enzoani-riva-2","status":"publish","type":"product","link":"https:\/\/www.koonings.com\/fr\/product\/enzoani-riva-2\/","title":{"rendered":"Enzoani Riva"},"content":{"rendered":"<p>Cette robe \u00e9th\u00e9r\u00e9e et romantique en ligne A vient tout droit du monde des contes de f\u00e9es et est pass\u00e9e de la douceur \u00e0 une sexualit\u00e9 plus sophistiqu\u00e9e et au luxe de la couture. Riva poss\u00e8de un profond corsage illusion avec un d\u00e9collet\u00e9 en V et un bas dos transparent ouvert, encadr\u00e9 par de magnifiques dentelles florales avec des perles et des d\u00e9tails modernes. De d\u00e9licats embellissements accentuent le corsage ajust\u00e9 de cette robe et flottent le long de la jupe de r\u00eave compos\u00e9e de couches douces de tulle et d&#8217;une tra\u00eene fluide, tandis que sous les paillettes, les filets dispers\u00e9s exsudent un chatoiement subtil pour compl\u00e9ter le romantisme ultime et l&#8217;\u00e9clat \u00e0 chaque tournant.  <\/p>\n","protected":false},"featured_media":52716,"template":"","meta":{"_acf_changed":false,"ghostkit_customizer_options":"","ghostkit_custom_css":"","ghostkit_custom_js_head":"","ghostkit_custom_js_foot":"","ghostkit_typography":""},"productdetails":[379,376,381],"productneck":[356],"productcolor":[393,392],"maat":[],"productsupplier":[406],"productsleeve":[359],"productcategory":[18],"productsilhouette":[384],"productstyle":[372,370],"class_list":["post-59328","product","type-product","status-publish","has-post-thumbnail","hentry","productdetails-379","productdetails-376","productdetails-381","productneck-356","productcolor-393","productcolor-392","productsupplier-enzoani","productsleeve-359","productcategory-trouwjurken","productsilhouette-384","productstyle-372","productstyle-370"],"acf":[],"yoast_head":"<!-- This site is optimized with the Yoast SEO plugin v27.3 - https:\/\/yoast.com\/product\/yoast-seo-wordpress\/ -->\n<title>Enzoani Riva | Koonings<\/title>\n<meta name=\"description\" content=\"Cette robe \u00e9th\u00e9r\u00e9e et romantique en ligne A vient tout droit du monde des contes de f\u00e9es et est pass\u00e9e de la douceur \u00e0 une sexualit\u00e9 plus sophistiqu\u00e9e et au luxe de la couture. Riva poss\u00e8de un profond corsage illusion avec un d\u00e9collet\u00e9 en V et un bas dos transparent ouvert, encadr\u00e9 par de magnifiques dentelles florales avec des perles et des d\u00e9tails modernes. De d\u00e9licats embellissements accentuent le corsage ajust\u00e9 de cette robe et flottent le long de la jupe de r\u00eave compos\u00e9e de couches douces de tulle et d&#039;une tra\u00eene fluide, tandis que sous les paillettes, les filets dispers\u00e9s exsudent un chatoiement subtil pour compl\u00e9ter le romantisme ultime et l&#039;\u00e9clat \u00e0 chaque tournant.\" \/>\n<meta name=\"robots\" content=\"index, follow, max-snippet:-1, max-image-preview:large, max-video-preview:-1\" \/>\n<link rel=\"canonical\" href=\"https:\/\/www.koonings.com\/fr\/product\/enzoani-riva-2\/\" \/>\n<meta property=\"og:locale\" content=\"fr_FR\" \/>\n<meta property=\"og:type\" content=\"article\" \/>\n<meta property=\"og:title\" content=\"Enzoani Riva | Koonings\" \/>\n<meta property=\"og:description\" content=\"Cette robe \u00e9th\u00e9r\u00e9e et romantique en ligne A vient tout droit du monde des contes de f\u00e9es et est pass\u00e9e de la douceur \u00e0 une sexualit\u00e9 plus sophistiqu\u00e9e et au luxe de la couture. Riva poss\u00e8de un profond corsage illusion avec un d\u00e9collet\u00e9 en V et un bas dos transparent ouvert, encadr\u00e9 par de magnifiques dentelles florales avec des perles et des d\u00e9tails modernes. De d\u00e9licats embellissements accentuent le corsage ajust\u00e9 de cette robe et flottent le long de la jupe de r\u00eave compos\u00e9e de couches douces de tulle et d&#039;une tra\u00eene fluide, tandis que sous les paillettes, les filets dispers\u00e9s exsudent un chatoiement subtil pour compl\u00e9ter le romantisme ultime et l&#039;\u00e9clat \u00e0 chaque tournant.\" \/>\n<meta property=\"og:url\" content=\"https:\/\/www.koonings.com\/fr\/product\/enzoani-riva-2\/\" \/>\n<meta property=\"og:site_name\" content=\"Koonings\" \/>\n<meta property=\"article:publisher\" content=\"https:\/\/www.facebook.com\/kooningstheweddingpalace\" \/>\n<meta property=\"og:image\" content=\"https:\/\/www.koonings.com\/wp-content\/uploads\/2024\/11\/48891_ebe843201b633a9e65f4ed6b3710db0bea60a05d3944931c7baade660793988a74c3d56b.jpeg\" \/>\n\t<meta property=\"og:image:width\" content=\"1064\" \/>\n\t<meta property=\"og:image:height\" content=\"1418\" \/>\n\t<meta property=\"og:image:type\" content=\"image\/jpeg\" \/>\n<meta name=\"twitter:card\" content=\"summary_large_image\" \/>\n<meta name=\"twitter:label1\" content=\"Dur\u00e9e de lecture estim\u00e9e\" \/>\n\t<meta name=\"twitter:data1\" content=\"1 minute\" \/>\n<script type=\"application\/ld+json\" class=\"yoast-schema-graph\">{\"@context\":\"https:\\\/\\\/schema.org\",\"@graph\":[{\"@type\":\"WebPage\",\"@id\":\"https:\\\/\\\/www.koonings.com\\\/fr\\\/product\\\/enzoani-riva-2\\\/\",\"url\":\"https:\\\/\\\/www.koonings.com\\\/fr\\\/product\\\/enzoani-riva-2\\\/\",\"name\":\"Enzoani Riva | Koonings\",\"isPartOf\":{\"@id\":\"https:\\\/\\\/www.koonings.com\\\/fr\\\/#website\"},\"primaryImageOfPage\":{\"@id\":\"https:\\\/\\\/www.koonings.com\\\/fr\\\/product\\\/enzoani-riva-2\\\/#primaryimage\"},\"image\":{\"@id\":\"https:\\\/\\\/www.koonings.com\\\/fr\\\/product\\\/enzoani-riva-2\\\/#primaryimage\"},\"thumbnailUrl\":\"https:\\\/\\\/www.koonings.com\\\/wp-content\\\/uploads\\\/2024\\\/11\\\/48891_ebe843201b633a9e65f4ed6b3710db0bea60a05d3944931c7baade660793988a74c3d56b.jpeg\",\"datePublished\":\"2026-04-28T16:28:04+00:00\",\"description\":\"Cette robe \u00e9th\u00e9r\u00e9e et romantique en ligne A vient tout droit du monde des contes de f\u00e9es et est pass\u00e9e de la douceur \u00e0 une sexualit\u00e9 plus sophistiqu\u00e9e et au luxe de la couture. Riva poss\u00e8de un profond corsage illusion avec un d\u00e9collet\u00e9 en V et un bas dos transparent ouvert, encadr\u00e9 par de magnifiques dentelles florales avec des perles et des d\u00e9tails modernes. De d\u00e9licats embellissements accentuent le corsage ajust\u00e9 de cette robe et flottent le long de la jupe de r\u00eave compos\u00e9e de couches douces de tulle et d'une tra\u00eene fluide, tandis que sous les paillettes, les filets dispers\u00e9s exsudent un chatoiement subtil pour compl\u00e9ter le romantisme ultime et l'\u00e9clat \u00e0 chaque tournant.\",\"breadcrumb\":{\"@id\":\"https:\\\/\\\/www.koonings.com\\\/fr\\\/product\\\/enzoani-riva-2\\\/#breadcrumb\"},\"inLanguage\":\"fr-FR\",\"potentialAction\":[{\"@type\":\"ReadAction\",\"target\":[\"https:\\\/\\\/www.koonings.com\\\/fr\\\/product\\\/enzoani-riva-2\\\/\"]}]},{\"@type\":\"ImageObject\",\"inLanguage\":\"fr-FR\",\"@id\":\"https:\\\/\\\/www.koonings.com\\\/fr\\\/product\\\/enzoani-riva-2\\\/#primaryimage\",\"url\":\"https:\\\/\\\/www.koonings.com\\\/wp-content\\\/uploads\\\/2024\\\/11\\\/48891_ebe843201b633a9e65f4ed6b3710db0bea60a05d3944931c7baade660793988a74c3d56b.jpeg\",\"contentUrl\":\"https:\\\/\\\/www.koonings.com\\\/wp-content\\\/uploads\\\/2024\\\/11\\\/48891_ebe843201b633a9e65f4ed6b3710db0bea60a05d3944931c7baade660793988a74c3d56b.jpeg\",\"width\":1064,\"height\":1418},{\"@type\":\"BreadcrumbList\",\"@id\":\"https:\\\/\\\/www.koonings.com\\\/fr\\\/product\\\/enzoani-riva-2\\\/#breadcrumb\",\"itemListElement\":[{\"@type\":\"ListItem\",\"position\":1,\"name\":\"Home\",\"item\":\"https:\\\/\\\/www.koonings.com\\\/fr\\\/\"},{\"@type\":\"ListItem\",\"position\":2,\"name\":\"Enzoani Riva\"}]},{\"@type\":\"WebSite\",\"@id\":\"https:\\\/\\\/www.koonings.com\\\/fr\\\/#website\",\"url\":\"https:\\\/\\\/www.koonings.com\\\/fr\\\/\",\"name\":\"Koonings\",\"description\":\"De grootste bruidsmodewinkel ter wereld\",\"publisher\":{\"@id\":\"https:\\\/\\\/www.koonings.com\\\/fr\\\/#organization\"},\"potentialAction\":[{\"@type\":\"SearchAction\",\"target\":{\"@type\":\"EntryPoint\",\"urlTemplate\":\"https:\\\/\\\/www.koonings.com\\\/fr\\\/?s={search_term_string}\"},\"query-input\":{\"@type\":\"PropertyValueSpecification\",\"valueRequired\":true,\"valueName\":\"search_term_string\"}}],\"inLanguage\":\"fr-FR\"},{\"@type\":\"Organization\",\"@id\":\"https:\\\/\\\/www.koonings.com\\\/fr\\\/#organization\",\"name\":\"Koonings\",\"url\":\"https:\\\/\\\/www.koonings.com\\\/fr\\\/\",\"logo\":{\"@type\":\"ImageObject\",\"inLanguage\":\"fr-FR\",\"@id\":\"https:\\\/\\\/www.koonings.com\\\/fr\\\/#\\\/schema\\\/logo\\\/image\\\/\",\"url\":\"https:\\\/\\\/www.koonings.com\\\/wp-content\\\/uploads\\\/2024\\\/07\\\/logo.png\",\"contentUrl\":\"https:\\\/\\\/www.koonings.com\\\/wp-content\\\/uploads\\\/2024\\\/07\\\/logo.png\",\"width\":600,\"height\":428,\"caption\":\"Koonings\"},\"image\":{\"@id\":\"https:\\\/\\\/www.koonings.com\\\/fr\\\/#\\\/schema\\\/logo\\\/image\\\/\"},\"sameAs\":[\"https:\\\/\\\/www.facebook.com\\\/kooningstheweddingpalace\",\"https:\\\/\\\/www.instagram.com\\\/kooningstheweddingpalace\",\"https:\\\/\\\/www.pinterest.com\\\/koonings\",\"https:\\\/\\\/www.youtube.com\\\/kooningstheweddingpalace\"]}]}<\/script>\n<!-- \/ Yoast SEO plugin. -->","yoast_head_json":{"title":"Enzoani Riva | Koonings","description":"Cette robe \u00e9th\u00e9r\u00e9e et romantique en ligne A vient tout droit du monde des contes de f\u00e9es et est pass\u00e9e de la douceur \u00e0 une sexualit\u00e9 plus sophistiqu\u00e9e et au luxe de la couture. Riva poss\u00e8de un profond corsage illusion avec un d\u00e9collet\u00e9 en V et un bas dos transparent ouvert, encadr\u00e9 par de magnifiques dentelles florales avec des perles et des d\u00e9tails modernes. De d\u00e9licats embellissements accentuent le corsage ajust\u00e9 de cette robe et flottent le long de la jupe de r\u00eave compos\u00e9e de couches douces de tulle et d'une tra\u00eene fluide, tandis que sous les paillettes, les filets dispers\u00e9s exsudent un chatoiement subtil pour compl\u00e9ter le romantisme ultime et l'\u00e9clat \u00e0 chaque tournant.","robots":{"index":"index","follow":"follow","max-snippet":"max-snippet:-1","max-image-preview":"max-image-preview:large","max-video-preview":"max-video-preview:-1"},"canonical":"https:\/\/www.koonings.com\/fr\/product\/enzoani-riva-2\/","og_locale":"fr_FR","og_type":"article","og_title":"Enzoani Riva | Koonings","og_description":"Cette robe \u00e9th\u00e9r\u00e9e et romantique en ligne A vient tout droit du monde des contes de f\u00e9es et est pass\u00e9e de la douceur \u00e0 une sexualit\u00e9 plus sophistiqu\u00e9e et au luxe de la couture. Riva poss\u00e8de un profond corsage illusion avec un d\u00e9collet\u00e9 en V et un bas dos transparent ouvert, encadr\u00e9 par de magnifiques dentelles florales avec des perles et des d\u00e9tails modernes. De d\u00e9licats embellissements accentuent le corsage ajust\u00e9 de cette robe et flottent le long de la jupe de r\u00eave compos\u00e9e de couches douces de tulle et d'une tra\u00eene fluide, tandis que sous les paillettes, les filets dispers\u00e9s exsudent un chatoiement subtil pour compl\u00e9ter le romantisme ultime et l'\u00e9clat \u00e0 chaque tournant.","og_url":"https:\/\/www.koonings.com\/fr\/product\/enzoani-riva-2\/","og_site_name":"Koonings","article_publisher":"https:\/\/www.facebook.com\/kooningstheweddingpalace","og_image":[{"width":1064,"height":1418,"url":"https:\/\/www.koonings.com\/wp-content\/uploads\/2024\/11\/48891_ebe843201b633a9e65f4ed6b3710db0bea60a05d3944931c7baade660793988a74c3d56b.jpeg","type":"image\/jpeg"}],"twitter_card":"summary_large_image","twitter_misc":{"Dur\u00e9e de lecture estim\u00e9e":"1 minute"},"schema":{"@context":"https:\/\/schema.org","@graph":[{"@type":"WebPage","@id":"https:\/\/www.koonings.com\/fr\/product\/enzoani-riva-2\/","url":"https:\/\/www.koonings.com\/fr\/product\/enzoani-riva-2\/","name":"Enzoani Riva | Koonings","isPartOf":{"@id":"https:\/\/www.koonings.com\/fr\/#website"},"primaryImageOfPage":{"@id":"https:\/\/www.koonings.com\/fr\/product\/enzoani-riva-2\/#primaryimage"},"image":{"@id":"https:\/\/www.koonings.com\/fr\/product\/enzoani-riva-2\/#primaryimage"},"thumbnailUrl":"https:\/\/www.koonings.com\/wp-content\/uploads\/2024\/11\/48891_ebe843201b633a9e65f4ed6b3710db0bea60a05d3944931c7baade660793988a74c3d56b.jpeg","datePublished":"2026-04-28T16:28:04+00:00","description":"Cette robe \u00e9th\u00e9r\u00e9e et romantique en ligne A vient tout droit du monde des contes de f\u00e9es et est pass\u00e9e de la douceur \u00e0 une sexualit\u00e9 plus sophistiqu\u00e9e et au luxe de la couture. Riva poss\u00e8de un profond corsage illusion avec un d\u00e9collet\u00e9 en V et un bas dos transparent ouvert, encadr\u00e9 par de magnifiques dentelles florales avec des perles et des d\u00e9tails modernes. De d\u00e9licats embellissements accentuent le corsage ajust\u00e9 de cette robe et flottent le long de la jupe de r\u00eave compos\u00e9e de couches douces de tulle et d'une tra\u00eene fluide, tandis que sous les paillettes, les filets dispers\u00e9s exsudent un chatoiement subtil pour compl\u00e9ter le romantisme ultime et l'\u00e9clat \u00e0 chaque tournant.","breadcrumb":{"@id":"https:\/\/www.koonings.com\/fr\/product\/enzoani-riva-2\/#breadcrumb"},"inLanguage":"fr-FR","potentialAction":[{"@type":"ReadAction","target":["https:\/\/www.koonings.com\/fr\/product\/enzoani-riva-2\/"]}]},{"@type":"ImageObject","inLanguage":"fr-FR","@id":"https:\/\/www.koonings.com\/fr\/product\/enzoani-riva-2\/#primaryimage","url":"https:\/\/www.koonings.com\/wp-content\/uploads\/2024\/11\/48891_ebe843201b633a9e65f4ed6b3710db0bea60a05d3944931c7baade660793988a74c3d56b.jpeg","contentUrl":"https:\/\/www.koonings.com\/wp-content\/uploads\/2024\/11\/48891_ebe843201b633a9e65f4ed6b3710db0bea60a05d3944931c7baade660793988a74c3d56b.jpeg","width":1064,"height":1418},{"@type":"BreadcrumbList","@id":"https:\/\/www.koonings.com\/fr\/product\/enzoani-riva-2\/#breadcrumb","itemListElement":[{"@type":"ListItem","position":1,"name":"Home","item":"https:\/\/www.koonings.com\/fr\/"},{"@type":"ListItem","position":2,"name":"Enzoani Riva"}]},{"@type":"WebSite","@id":"https:\/\/www.koonings.com\/fr\/#website","url":"https:\/\/www.koonings.com\/fr\/","name":"Koonings","description":"De grootste bruidsmodewinkel ter wereld","publisher":{"@id":"https:\/\/www.koonings.com\/fr\/#organization"},"potentialAction":[{"@type":"SearchAction","target":{"@type":"EntryPoint","urlTemplate":"https:\/\/www.koonings.com\/fr\/?s={search_term_string}"},"query-input":{"@type":"PropertyValueSpecification","valueRequired":true,"valueName":"search_term_string"}}],"inLanguage":"fr-FR"},{"@type":"Organization","@id":"https:\/\/www.koonings.com\/fr\/#organization","name":"Koonings","url":"https:\/\/www.koonings.com\/fr\/","logo":{"@type":"ImageObject","inLanguage":"fr-FR","@id":"https:\/\/www.koonings.com\/fr\/#\/schema\/logo\/image\/","url":"https:\/\/www.koonings.com\/wp-content\/uploads\/2024\/07\/logo.png","contentUrl":"https:\/\/www.koonings.com\/wp-content\/uploads\/2024\/07\/logo.png","width":600,"height":428,"caption":"Koonings"},"image":{"@id":"https:\/\/www.koonings.com\/fr\/#\/schema\/logo\/image\/"},"sameAs":["https:\/\/www.facebook.com\/kooningstheweddingpalace","https:\/\/www.instagram.com\/kooningstheweddingpalace","https:\/\/www.pinterest.com\/koonings","https:\/\/www.youtube.com\/kooningstheweddingpalace"]}]}},"_links":{"self":[{"href":"https:\/\/www.koonings.com\/fr\/wp-json\/wp\/v2\/product\/59328","targetHints":{"allow":["GET"]}}],"collection":[{"href":"https:\/\/www.koonings.com\/fr\/wp-json\/wp\/v2\/product"}],"about":[{"href":"https:\/\/www.koonings.com\/fr\/wp-json\/wp\/v2\/types\/product"}],"wp:featuredmedia":[{"embeddable":true,"href":"https:\/\/www.koonings.com\/fr\/wp-json\/wp\/v2\/media\/52716"}],"wp:attachment":[{"href":"https:\/\/www.koonings.com\/fr\/wp-json\/wp\/v2\/media?parent=59328"}],"wp:term":[{"taxonomy":"productdetails","embeddable":true,"href":"https:\/\/www.koonings.com\/fr\/wp-json\/wp\/v2\/productdetails?post=59328"},{"taxonomy":"productneck","embeddable":true,"href":"https:\/\/www.koonings.com\/fr\/wp-json\/wp\/v2\/productneck?post=59328"},{"taxonomy":"productcolor","embeddable":true,"href":"https:\/\/www.koonings.com\/fr\/wp-json\/wp\/v2\/productcolor?post=59328"},{"taxonomy":"maat","embeddable":true,"href":"https:\/\/www.koonings.com\/fr\/wp-json\/wp\/v2\/maat?post=59328"},{"taxonomy":"productsupplier","embeddable":true,"href":"https:\/\/www.koonings.com\/fr\/wp-json\/wp\/v2\/productsupplier?post=59328"},{"taxonomy":"productsleeve","embeddable":true,"href":"https:\/\/www.koonings.com\/fr\/wp-json\/wp\/v2\/productsleeve?post=59328"},{"taxonomy":"productcategory","embeddable":true,"href":"https:\/\/www.koonings.com\/fr\/wp-json\/wp\/v2\/productcategory?post=59328"},{"taxonomy":"productsilhouette","embeddable":true,"href":"https:\/\/www.koonings.com\/fr\/wp-json\/wp\/v2\/productsilhouette?post=59328"},{"taxonomy":"productstyle","embeddable":true,"href":"https:\/\/www.koonings.com\/fr\/wp-json\/wp\/v2\/productstyle?post=59328"}],"curies":[{"name":"wp","href":"https:\/\/api.w.org\/{rel}","templated":true}]}}