{"id":59308,"date":"2024-11-18T15:46:46","date_gmt":"2024-11-18T14:46:46","guid":{"rendered":"https:\/\/www.koonings.com\/product\/ladybird-wish-lb125ax1-2\/"},"modified":"2026-02-03T18:59:38","modified_gmt":"2026-02-03T17:59:38","slug":"ladybird-wish-lb125ax1-2","status":"publish","type":"product","link":"https:\/\/www.koonings.com\/fr\/product\/ladybird-wish-lb125ax1-2\/","title":{"rendered":"Ladybird Wish LB125AX1"},"content":{"rendered":"<p>Cette robe ajoute une touche de sophistication suppl\u00e9mentaire gr\u00e2ce \u00e0 ses manches longues, avec des fleurs brod\u00e9es sur des transparences. Elle est confectionn\u00e9e en mousseline de soie et agr\u00e9ment\u00e9e de perles le long du d\u00e9collet\u00e9 en V. Une garniture discr\u00e8te avec petite ouverture marque la taille.  <\/p>\n","protected":false},"featured_media":52847,"template":"","meta":{"_acf_changed":false,"ghostkit_customizer_options":"","ghostkit_custom_css":"","ghostkit_custom_js_head":"","ghostkit_custom_js_foot":"","ghostkit_typography":""},"productdetails":[378],"productneck":[356],"productcolor":[393,392],"maat":[],"productsupplier":[437],"productsleeve":[362],"productcategory":[18],"productsilhouette":[384,389],"productstyle":[371,370],"class_list":["post-59308","product","type-product","status-publish","has-post-thumbnail","hentry","productdetails-378","productneck-356","productcolor-393","productcolor-392","productsupplier-ladybird","productsleeve-362","productcategory-trouwjurken","productsilhouette-384","productsilhouette-389","productstyle-371","productstyle-370"],"acf":[],"yoast_head":"<!-- This site is optimized with the Yoast SEO plugin v27.3 - https:\/\/yoast.com\/product\/yoast-seo-wordpress\/ -->\n<title>Ladybird Wish LB125AX1 | Koonings<\/title>\n<meta name=\"description\" content=\"Cette robe ajoute une touche de sophistication suppl\u00e9mentaire gr\u00e2ce \u00e0 ses manches longues, avec des fleurs brod\u00e9es sur des transparences. Elle est confectionn\u00e9e en mousseline de soie et agr\u00e9ment\u00e9e de perles le long du d\u00e9collet\u00e9 en V. Une garniture discr\u00e8te avec petite ouverture marque la taille.\" \/>\n<meta name=\"robots\" content=\"index, follow, max-snippet:-1, max-image-preview:large, max-video-preview:-1\" \/>\n<link rel=\"canonical\" href=\"https:\/\/www.koonings.com\/fr\/product\/ladybird-wish-lb125ax1-2\/\" \/>\n<meta property=\"og:locale\" content=\"fr_FR\" \/>\n<meta property=\"og:type\" content=\"article\" \/>\n<meta property=\"og:title\" content=\"Ladybird Wish LB125AX1 | Koonings\" \/>\n<meta property=\"og:description\" content=\"Cette robe ajoute une touche de sophistication suppl\u00e9mentaire gr\u00e2ce \u00e0 ses manches longues, avec des fleurs brod\u00e9es sur des transparences. Elle est confectionn\u00e9e en mousseline de soie et agr\u00e9ment\u00e9e de perles le long du d\u00e9collet\u00e9 en V. Une garniture discr\u00e8te avec petite ouverture marque la taille.\" \/>\n<meta property=\"og:url\" content=\"https:\/\/www.koonings.com\/fr\/product\/ladybird-wish-lb125ax1-2\/\" \/>\n<meta property=\"og:site_name\" content=\"Koonings\" \/>\n<meta property=\"article:publisher\" content=\"https:\/\/www.facebook.com\/kooningstheweddingpalace\" \/>\n<meta property=\"article:modified_time\" content=\"2026-02-03T17:59:38+00:00\" \/>\n<meta property=\"og:image\" content=\"https:\/\/www.koonings.com\/wp-content\/uploads\/2024\/11\/48901_ef78224f18409f4faf59b8c5969a21ea5fcc70ff2bcb41f921773c031bbd4f78bcea46ae-scaled.jpeg\" \/>\n\t<meta property=\"og:image:width\" content=\"1811\" \/>\n\t<meta property=\"og:image:height\" content=\"2560\" \/>\n\t<meta property=\"og:image:type\" content=\"image\/jpeg\" \/>\n<meta name=\"twitter:card\" content=\"summary_large_image\" \/>\n<script type=\"application\/ld+json\" class=\"yoast-schema-graph\">{\"@context\":\"https:\\\/\\\/schema.org\",\"@graph\":[{\"@type\":\"WebPage\",\"@id\":\"https:\\\/\\\/www.koonings.com\\\/fr\\\/product\\\/ladybird-wish-lb125ax1-2\\\/\",\"url\":\"https:\\\/\\\/www.koonings.com\\\/fr\\\/product\\\/ladybird-wish-lb125ax1-2\\\/\",\"name\":\"Ladybird Wish LB125AX1 | Koonings\",\"isPartOf\":{\"@id\":\"https:\\\/\\\/www.koonings.com\\\/fr\\\/#website\"},\"primaryImageOfPage\":{\"@id\":\"https:\\\/\\\/www.koonings.com\\\/fr\\\/product\\\/ladybird-wish-lb125ax1-2\\\/#primaryimage\"},\"image\":{\"@id\":\"https:\\\/\\\/www.koonings.com\\\/fr\\\/product\\\/ladybird-wish-lb125ax1-2\\\/#primaryimage\"},\"thumbnailUrl\":\"https:\\\/\\\/www.koonings.com\\\/wp-content\\\/uploads\\\/2024\\\/11\\\/48901_ef78224f18409f4faf59b8c5969a21ea5fcc70ff2bcb41f921773c031bbd4f78bcea46ae-scaled.jpeg\",\"datePublished\":\"2024-11-18T14:46:46+00:00\",\"dateModified\":\"2026-02-03T17:59:38+00:00\",\"description\":\"Cette robe ajoute une touche de sophistication suppl\u00e9mentaire gr\u00e2ce \u00e0 ses manches longues, avec des fleurs brod\u00e9es sur des transparences. Elle est confectionn\u00e9e en mousseline de soie et agr\u00e9ment\u00e9e de perles le long du d\u00e9collet\u00e9 en V. Une garniture discr\u00e8te avec petite ouverture marque la taille.\",\"breadcrumb\":{\"@id\":\"https:\\\/\\\/www.koonings.com\\\/fr\\\/product\\\/ladybird-wish-lb125ax1-2\\\/#breadcrumb\"},\"inLanguage\":\"fr-FR\",\"potentialAction\":[{\"@type\":\"ReadAction\",\"target\":[\"https:\\\/\\\/www.koonings.com\\\/fr\\\/product\\\/ladybird-wish-lb125ax1-2\\\/\"]}]},{\"@type\":\"ImageObject\",\"inLanguage\":\"fr-FR\",\"@id\":\"https:\\\/\\\/www.koonings.com\\\/fr\\\/product\\\/ladybird-wish-lb125ax1-2\\\/#primaryimage\",\"url\":\"https:\\\/\\\/www.koonings.com\\\/wp-content\\\/uploads\\\/2024\\\/11\\\/48901_ef78224f18409f4faf59b8c5969a21ea5fcc70ff2bcb41f921773c031bbd4f78bcea46ae-scaled.jpeg\",\"contentUrl\":\"https:\\\/\\\/www.koonings.com\\\/wp-content\\\/uploads\\\/2024\\\/11\\\/48901_ef78224f18409f4faf59b8c5969a21ea5fcc70ff2bcb41f921773c031bbd4f78bcea46ae-scaled.jpeg\",\"width\":1811,\"height\":2560},{\"@type\":\"BreadcrumbList\",\"@id\":\"https:\\\/\\\/www.koonings.com\\\/fr\\\/product\\\/ladybird-wish-lb125ax1-2\\\/#breadcrumb\",\"itemListElement\":[{\"@type\":\"ListItem\",\"position\":1,\"name\":\"Home\",\"item\":\"https:\\\/\\\/www.koonings.com\\\/fr\\\/\"},{\"@type\":\"ListItem\",\"position\":2,\"name\":\"Ladybird Wish LB125AX1\"}]},{\"@type\":\"WebSite\",\"@id\":\"https:\\\/\\\/www.koonings.com\\\/fr\\\/#website\",\"url\":\"https:\\\/\\\/www.koonings.com\\\/fr\\\/\",\"name\":\"Koonings\",\"description\":\"De grootste bruidsmodewinkel ter wereld\",\"publisher\":{\"@id\":\"https:\\\/\\\/www.koonings.com\\\/fr\\\/#organization\"},\"potentialAction\":[{\"@type\":\"SearchAction\",\"target\":{\"@type\":\"EntryPoint\",\"urlTemplate\":\"https:\\\/\\\/www.koonings.com\\\/fr\\\/?s={search_term_string}\"},\"query-input\":{\"@type\":\"PropertyValueSpecification\",\"valueRequired\":true,\"valueName\":\"search_term_string\"}}],\"inLanguage\":\"fr-FR\"},{\"@type\":\"Organization\",\"@id\":\"https:\\\/\\\/www.koonings.com\\\/fr\\\/#organization\",\"name\":\"Koonings\",\"url\":\"https:\\\/\\\/www.koonings.com\\\/fr\\\/\",\"logo\":{\"@type\":\"ImageObject\",\"inLanguage\":\"fr-FR\",\"@id\":\"https:\\\/\\\/www.koonings.com\\\/fr\\\/#\\\/schema\\\/logo\\\/image\\\/\",\"url\":\"https:\\\/\\\/www.koonings.com\\\/wp-content\\\/uploads\\\/2024\\\/07\\\/logo.png\",\"contentUrl\":\"https:\\\/\\\/www.koonings.com\\\/wp-content\\\/uploads\\\/2024\\\/07\\\/logo.png\",\"width\":600,\"height\":428,\"caption\":\"Koonings\"},\"image\":{\"@id\":\"https:\\\/\\\/www.koonings.com\\\/fr\\\/#\\\/schema\\\/logo\\\/image\\\/\"},\"sameAs\":[\"https:\\\/\\\/www.facebook.com\\\/kooningstheweddingpalace\",\"https:\\\/\\\/www.instagram.com\\\/kooningstheweddingpalace\",\"https:\\\/\\\/www.pinterest.com\\\/koonings\",\"https:\\\/\\\/www.youtube.com\\\/kooningstheweddingpalace\"]}]}<\/script>\n<!-- \/ Yoast SEO plugin. -->","yoast_head_json":{"title":"Ladybird Wish LB125AX1 | Koonings","description":"Cette robe ajoute une touche de sophistication suppl\u00e9mentaire gr\u00e2ce \u00e0 ses manches longues, avec des fleurs brod\u00e9es sur des transparences. Elle est confectionn\u00e9e en mousseline de soie et agr\u00e9ment\u00e9e de perles le long du d\u00e9collet\u00e9 en V. Une garniture discr\u00e8te avec petite ouverture marque la taille.","robots":{"index":"index","follow":"follow","max-snippet":"max-snippet:-1","max-image-preview":"max-image-preview:large","max-video-preview":"max-video-preview:-1"},"canonical":"https:\/\/www.koonings.com\/fr\/product\/ladybird-wish-lb125ax1-2\/","og_locale":"fr_FR","og_type":"article","og_title":"Ladybird Wish LB125AX1 | Koonings","og_description":"Cette robe ajoute une touche de sophistication suppl\u00e9mentaire gr\u00e2ce \u00e0 ses manches longues, avec des fleurs brod\u00e9es sur des transparences. Elle est confectionn\u00e9e en mousseline de soie et agr\u00e9ment\u00e9e de perles le long du d\u00e9collet\u00e9 en V. Une garniture discr\u00e8te avec petite ouverture marque la taille.","og_url":"https:\/\/www.koonings.com\/fr\/product\/ladybird-wish-lb125ax1-2\/","og_site_name":"Koonings","article_publisher":"https:\/\/www.facebook.com\/kooningstheweddingpalace","article_modified_time":"2026-02-03T17:59:38+00:00","og_image":[{"width":1811,"height":2560,"url":"https:\/\/www.koonings.com\/wp-content\/uploads\/2024\/11\/48901_ef78224f18409f4faf59b8c5969a21ea5fcc70ff2bcb41f921773c031bbd4f78bcea46ae-scaled.jpeg","type":"image\/jpeg"}],"twitter_card":"summary_large_image","schema":{"@context":"https:\/\/schema.org","@graph":[{"@type":"WebPage","@id":"https:\/\/www.koonings.com\/fr\/product\/ladybird-wish-lb125ax1-2\/","url":"https:\/\/www.koonings.com\/fr\/product\/ladybird-wish-lb125ax1-2\/","name":"Ladybird Wish LB125AX1 | Koonings","isPartOf":{"@id":"https:\/\/www.koonings.com\/fr\/#website"},"primaryImageOfPage":{"@id":"https:\/\/www.koonings.com\/fr\/product\/ladybird-wish-lb125ax1-2\/#primaryimage"},"image":{"@id":"https:\/\/www.koonings.com\/fr\/product\/ladybird-wish-lb125ax1-2\/#primaryimage"},"thumbnailUrl":"https:\/\/www.koonings.com\/wp-content\/uploads\/2024\/11\/48901_ef78224f18409f4faf59b8c5969a21ea5fcc70ff2bcb41f921773c031bbd4f78bcea46ae-scaled.jpeg","datePublished":"2024-11-18T14:46:46+00:00","dateModified":"2026-02-03T17:59:38+00:00","description":"Cette robe ajoute une touche de sophistication suppl\u00e9mentaire gr\u00e2ce \u00e0 ses manches longues, avec des fleurs brod\u00e9es sur des transparences. Elle est confectionn\u00e9e en mousseline de soie et agr\u00e9ment\u00e9e de perles le long du d\u00e9collet\u00e9 en V. Une garniture discr\u00e8te avec petite ouverture marque la taille.","breadcrumb":{"@id":"https:\/\/www.koonings.com\/fr\/product\/ladybird-wish-lb125ax1-2\/#breadcrumb"},"inLanguage":"fr-FR","potentialAction":[{"@type":"ReadAction","target":["https:\/\/www.koonings.com\/fr\/product\/ladybird-wish-lb125ax1-2\/"]}]},{"@type":"ImageObject","inLanguage":"fr-FR","@id":"https:\/\/www.koonings.com\/fr\/product\/ladybird-wish-lb125ax1-2\/#primaryimage","url":"https:\/\/www.koonings.com\/wp-content\/uploads\/2024\/11\/48901_ef78224f18409f4faf59b8c5969a21ea5fcc70ff2bcb41f921773c031bbd4f78bcea46ae-scaled.jpeg","contentUrl":"https:\/\/www.koonings.com\/wp-content\/uploads\/2024\/11\/48901_ef78224f18409f4faf59b8c5969a21ea5fcc70ff2bcb41f921773c031bbd4f78bcea46ae-scaled.jpeg","width":1811,"height":2560},{"@type":"BreadcrumbList","@id":"https:\/\/www.koonings.com\/fr\/product\/ladybird-wish-lb125ax1-2\/#breadcrumb","itemListElement":[{"@type":"ListItem","position":1,"name":"Home","item":"https:\/\/www.koonings.com\/fr\/"},{"@type":"ListItem","position":2,"name":"Ladybird Wish LB125AX1"}]},{"@type":"WebSite","@id":"https:\/\/www.koonings.com\/fr\/#website","url":"https:\/\/www.koonings.com\/fr\/","name":"Koonings","description":"De grootste bruidsmodewinkel ter wereld","publisher":{"@id":"https:\/\/www.koonings.com\/fr\/#organization"},"potentialAction":[{"@type":"SearchAction","target":{"@type":"EntryPoint","urlTemplate":"https:\/\/www.koonings.com\/fr\/?s={search_term_string}"},"query-input":{"@type":"PropertyValueSpecification","valueRequired":true,"valueName":"search_term_string"}}],"inLanguage":"fr-FR"},{"@type":"Organization","@id":"https:\/\/www.koonings.com\/fr\/#organization","name":"Koonings","url":"https:\/\/www.koonings.com\/fr\/","logo":{"@type":"ImageObject","inLanguage":"fr-FR","@id":"https:\/\/www.koonings.com\/fr\/#\/schema\/logo\/image\/","url":"https:\/\/www.koonings.com\/wp-content\/uploads\/2024\/07\/logo.png","contentUrl":"https:\/\/www.koonings.com\/wp-content\/uploads\/2024\/07\/logo.png","width":600,"height":428,"caption":"Koonings"},"image":{"@id":"https:\/\/www.koonings.com\/fr\/#\/schema\/logo\/image\/"},"sameAs":["https:\/\/www.facebook.com\/kooningstheweddingpalace","https:\/\/www.instagram.com\/kooningstheweddingpalace","https:\/\/www.pinterest.com\/koonings","https:\/\/www.youtube.com\/kooningstheweddingpalace"]}]}},"_links":{"self":[{"href":"https:\/\/www.koonings.com\/fr\/wp-json\/wp\/v2\/product\/59308","targetHints":{"allow":["GET"]}}],"collection":[{"href":"https:\/\/www.koonings.com\/fr\/wp-json\/wp\/v2\/product"}],"about":[{"href":"https:\/\/www.koonings.com\/fr\/wp-json\/wp\/v2\/types\/product"}],"wp:featuredmedia":[{"embeddable":true,"href":"https:\/\/www.koonings.com\/fr\/wp-json\/wp\/v2\/media\/52847"}],"wp:attachment":[{"href":"https:\/\/www.koonings.com\/fr\/wp-json\/wp\/v2\/media?parent=59308"}],"wp:term":[{"taxonomy":"productdetails","embeddable":true,"href":"https:\/\/www.koonings.com\/fr\/wp-json\/wp\/v2\/productdetails?post=59308"},{"taxonomy":"productneck","embeddable":true,"href":"https:\/\/www.koonings.com\/fr\/wp-json\/wp\/v2\/productneck?post=59308"},{"taxonomy":"productcolor","embeddable":true,"href":"https:\/\/www.koonings.com\/fr\/wp-json\/wp\/v2\/productcolor?post=59308"},{"taxonomy":"maat","embeddable":true,"href":"https:\/\/www.koonings.com\/fr\/wp-json\/wp\/v2\/maat?post=59308"},{"taxonomy":"productsupplier","embeddable":true,"href":"https:\/\/www.koonings.com\/fr\/wp-json\/wp\/v2\/productsupplier?post=59308"},{"taxonomy":"productsleeve","embeddable":true,"href":"https:\/\/www.koonings.com\/fr\/wp-json\/wp\/v2\/productsleeve?post=59308"},{"taxonomy":"productcategory","embeddable":true,"href":"https:\/\/www.koonings.com\/fr\/wp-json\/wp\/v2\/productcategory?post=59308"},{"taxonomy":"productsilhouette","embeddable":true,"href":"https:\/\/www.koonings.com\/fr\/wp-json\/wp\/v2\/productsilhouette?post=59308"},{"taxonomy":"productstyle","embeddable":true,"href":"https:\/\/www.koonings.com\/fr\/wp-json\/wp\/v2\/productstyle?post=59308"}],"curies":[{"name":"wp","href":"https:\/\/api.w.org\/{rel}","templated":true}]}}