{"id":59301,"date":"2026-04-28T18:28:05","date_gmt":"2026-04-28T16:28:05","guid":{"rendered":"https:\/\/www.koonings.com\/product\/enzoani-tamara-2\/"},"modified":"2026-02-16T14:43:15","modified_gmt":"2026-02-16T13:43:15","slug":"enzoani-tamara-2","status":"publish","type":"product","link":"https:\/\/www.koonings.com\/fr\/product\/enzoani-tamara-2\/","title":{"rendered":"Enzoani Tamara"},"content":{"rendered":"<p>Pr\u00e9parez-vous \u00e0 \u00e9tonner tout le monde avec cette \u00e9l\u00e9gante silhouette de sir\u00e8ne ! Cette superbe robe pr\u00e9sente un nouveau motif de dentelle brod\u00e9e en 3D avec des motifs floraux multiples sur un corsage \u00e0 d\u00e9collet\u00e9 en c\u0153ur. Les d\u00e9coupes lat\u00e9rales \u00e0 illusion ajoutent une touche de flirt \u00e0 la robe et compl\u00e8tent magnifiquement la jupe \u00e9l\u00e9gante en georgette. Les bretelles florales amovibles et l&#8217;\u00e9l\u00e9gante tra\u00eene apportent une finition exub\u00e9rante et romantique.   <\/p>\n","protected":false},"featured_media":52868,"template":"","meta":{"_acf_changed":false,"ghostkit_customizer_options":"","ghostkit_custom_css":"","ghostkit_custom_js_head":"","ghostkit_custom_js_foot":"","ghostkit_typography":""},"productdetails":[379,376],"productneck":[355],"productcolor":[393,392],"maat":[],"productsupplier":[406],"productsleeve":[359],"productcategory":[18],"productsilhouette":[387],"productstyle":[366],"class_list":["post-59301","product","type-product","status-publish","has-post-thumbnail","hentry","productdetails-379","productdetails-376","productneck-355","productcolor-393","productcolor-392","productsupplier-enzoani","productsleeve-359","productcategory-trouwjurken","productsilhouette-387","productstyle-366"],"acf":[],"yoast_head":"<!-- This site is optimized with the Yoast SEO plugin v27.3 - https:\/\/yoast.com\/product\/yoast-seo-wordpress\/ -->\n<title>Enzoani Tamara | Koonings<\/title>\n<meta name=\"description\" content=\"Pr\u00e9parez-vous \u00e0 \u00e9tonner tout le monde avec cette \u00e9l\u00e9gante silhouette de sir\u00e8ne ! Cette superbe robe pr\u00e9sente un nouveau motif de dentelle brod\u00e9e en 3D avec des motifs floraux multiples sur un corsage \u00e0 d\u00e9collet\u00e9 en c\u0153ur. Les d\u00e9coupes lat\u00e9rales \u00e0 illusion ajoutent une touche de flirt \u00e0 la robe et compl\u00e8tent magnifiquement la jupe \u00e9l\u00e9gante en georgette. Les bretelles florales amovibles et l&#039;\u00e9l\u00e9gante tra\u00eene apportent une finition exub\u00e9rante et romantique.\" \/>\n<meta name=\"robots\" content=\"index, follow, max-snippet:-1, max-image-preview:large, max-video-preview:-1\" \/>\n<link rel=\"canonical\" href=\"https:\/\/www.koonings.com\/fr\/product\/enzoani-tamara-2\/\" \/>\n<meta property=\"og:locale\" content=\"fr_FR\" \/>\n<meta property=\"og:type\" content=\"article\" \/>\n<meta property=\"og:title\" content=\"Enzoani Tamara | Koonings\" \/>\n<meta property=\"og:description\" content=\"Pr\u00e9parez-vous \u00e0 \u00e9tonner tout le monde avec cette \u00e9l\u00e9gante silhouette de sir\u00e8ne ! Cette superbe robe pr\u00e9sente un nouveau motif de dentelle brod\u00e9e en 3D avec des motifs floraux multiples sur un corsage \u00e0 d\u00e9collet\u00e9 en c\u0153ur. Les d\u00e9coupes lat\u00e9rales \u00e0 illusion ajoutent une touche de flirt \u00e0 la robe et compl\u00e8tent magnifiquement la jupe \u00e9l\u00e9gante en georgette. Les bretelles florales amovibles et l&#039;\u00e9l\u00e9gante tra\u00eene apportent une finition exub\u00e9rante et romantique.\" \/>\n<meta property=\"og:url\" content=\"https:\/\/www.koonings.com\/fr\/product\/enzoani-tamara-2\/\" \/>\n<meta property=\"og:site_name\" content=\"Koonings\" \/>\n<meta property=\"article:publisher\" content=\"https:\/\/www.facebook.com\/kooningstheweddingpalace\" \/>\n<meta property=\"og:image\" content=\"https:\/\/www.koonings.com\/wp-content\/uploads\/2024\/11\/48903_a70fffb21dc2ad75a34fb2654b3206b3eda820dfba80077b860dbdbfa893ca6eba3b0c4d.jpeg\" \/>\n\t<meta property=\"og:image:width\" content=\"1064\" \/>\n\t<meta property=\"og:image:height\" content=\"1418\" \/>\n\t<meta property=\"og:image:type\" content=\"image\/jpeg\" \/>\n<meta name=\"twitter:card\" content=\"summary_large_image\" \/>\n<script type=\"application\/ld+json\" class=\"yoast-schema-graph\">{\"@context\":\"https:\\\/\\\/schema.org\",\"@graph\":[{\"@type\":\"WebPage\",\"@id\":\"https:\\\/\\\/www.koonings.com\\\/fr\\\/product\\\/enzoani-tamara-2\\\/\",\"url\":\"https:\\\/\\\/www.koonings.com\\\/fr\\\/product\\\/enzoani-tamara-2\\\/\",\"name\":\"Enzoani Tamara | Koonings\",\"isPartOf\":{\"@id\":\"https:\\\/\\\/www.koonings.com\\\/fr\\\/#website\"},\"primaryImageOfPage\":{\"@id\":\"https:\\\/\\\/www.koonings.com\\\/fr\\\/product\\\/enzoani-tamara-2\\\/#primaryimage\"},\"image\":{\"@id\":\"https:\\\/\\\/www.koonings.com\\\/fr\\\/product\\\/enzoani-tamara-2\\\/#primaryimage\"},\"thumbnailUrl\":\"https:\\\/\\\/www.koonings.com\\\/wp-content\\\/uploads\\\/2024\\\/11\\\/48903_a70fffb21dc2ad75a34fb2654b3206b3eda820dfba80077b860dbdbfa893ca6eba3b0c4d.jpeg\",\"datePublished\":\"2026-04-28T16:28:05+00:00\",\"description\":\"Pr\u00e9parez-vous \u00e0 \u00e9tonner tout le monde avec cette \u00e9l\u00e9gante silhouette de sir\u00e8ne ! Cette superbe robe pr\u00e9sente un nouveau motif de dentelle brod\u00e9e en 3D avec des motifs floraux multiples sur un corsage \u00e0 d\u00e9collet\u00e9 en c\u0153ur. Les d\u00e9coupes lat\u00e9rales \u00e0 illusion ajoutent une touche de flirt \u00e0 la robe et compl\u00e8tent magnifiquement la jupe \u00e9l\u00e9gante en georgette. Les bretelles florales amovibles et l'\u00e9l\u00e9gante tra\u00eene apportent une finition exub\u00e9rante et romantique.\",\"breadcrumb\":{\"@id\":\"https:\\\/\\\/www.koonings.com\\\/fr\\\/product\\\/enzoani-tamara-2\\\/#breadcrumb\"},\"inLanguage\":\"fr-FR\",\"potentialAction\":[{\"@type\":\"ReadAction\",\"target\":[\"https:\\\/\\\/www.koonings.com\\\/fr\\\/product\\\/enzoani-tamara-2\\\/\"]}]},{\"@type\":\"ImageObject\",\"inLanguage\":\"fr-FR\",\"@id\":\"https:\\\/\\\/www.koonings.com\\\/fr\\\/product\\\/enzoani-tamara-2\\\/#primaryimage\",\"url\":\"https:\\\/\\\/www.koonings.com\\\/wp-content\\\/uploads\\\/2024\\\/11\\\/48903_a70fffb21dc2ad75a34fb2654b3206b3eda820dfba80077b860dbdbfa893ca6eba3b0c4d.jpeg\",\"contentUrl\":\"https:\\\/\\\/www.koonings.com\\\/wp-content\\\/uploads\\\/2024\\\/11\\\/48903_a70fffb21dc2ad75a34fb2654b3206b3eda820dfba80077b860dbdbfa893ca6eba3b0c4d.jpeg\",\"width\":1064,\"height\":1418},{\"@type\":\"BreadcrumbList\",\"@id\":\"https:\\\/\\\/www.koonings.com\\\/fr\\\/product\\\/enzoani-tamara-2\\\/#breadcrumb\",\"itemListElement\":[{\"@type\":\"ListItem\",\"position\":1,\"name\":\"Home\",\"item\":\"https:\\\/\\\/www.koonings.com\\\/fr\\\/\"},{\"@type\":\"ListItem\",\"position\":2,\"name\":\"Enzoani Tamara\"}]},{\"@type\":\"WebSite\",\"@id\":\"https:\\\/\\\/www.koonings.com\\\/fr\\\/#website\",\"url\":\"https:\\\/\\\/www.koonings.com\\\/fr\\\/\",\"name\":\"Koonings\",\"description\":\"De grootste bruidsmodewinkel ter wereld\",\"publisher\":{\"@id\":\"https:\\\/\\\/www.koonings.com\\\/fr\\\/#organization\"},\"potentialAction\":[{\"@type\":\"SearchAction\",\"target\":{\"@type\":\"EntryPoint\",\"urlTemplate\":\"https:\\\/\\\/www.koonings.com\\\/fr\\\/?s={search_term_string}\"},\"query-input\":{\"@type\":\"PropertyValueSpecification\",\"valueRequired\":true,\"valueName\":\"search_term_string\"}}],\"inLanguage\":\"fr-FR\"},{\"@type\":\"Organization\",\"@id\":\"https:\\\/\\\/www.koonings.com\\\/fr\\\/#organization\",\"name\":\"Koonings\",\"url\":\"https:\\\/\\\/www.koonings.com\\\/fr\\\/\",\"logo\":{\"@type\":\"ImageObject\",\"inLanguage\":\"fr-FR\",\"@id\":\"https:\\\/\\\/www.koonings.com\\\/fr\\\/#\\\/schema\\\/logo\\\/image\\\/\",\"url\":\"https:\\\/\\\/www.koonings.com\\\/wp-content\\\/uploads\\\/2024\\\/07\\\/logo.png\",\"contentUrl\":\"https:\\\/\\\/www.koonings.com\\\/wp-content\\\/uploads\\\/2024\\\/07\\\/logo.png\",\"width\":600,\"height\":428,\"caption\":\"Koonings\"},\"image\":{\"@id\":\"https:\\\/\\\/www.koonings.com\\\/fr\\\/#\\\/schema\\\/logo\\\/image\\\/\"},\"sameAs\":[\"https:\\\/\\\/www.facebook.com\\\/kooningstheweddingpalace\",\"https:\\\/\\\/www.instagram.com\\\/kooningstheweddingpalace\",\"https:\\\/\\\/www.pinterest.com\\\/koonings\",\"https:\\\/\\\/www.youtube.com\\\/kooningstheweddingpalace\"]}]}<\/script>\n<!-- \/ Yoast SEO plugin. -->","yoast_head_json":{"title":"Enzoani Tamara | Koonings","description":"Pr\u00e9parez-vous \u00e0 \u00e9tonner tout le monde avec cette \u00e9l\u00e9gante silhouette de sir\u00e8ne ! Cette superbe robe pr\u00e9sente un nouveau motif de dentelle brod\u00e9e en 3D avec des motifs floraux multiples sur un corsage \u00e0 d\u00e9collet\u00e9 en c\u0153ur. Les d\u00e9coupes lat\u00e9rales \u00e0 illusion ajoutent une touche de flirt \u00e0 la robe et compl\u00e8tent magnifiquement la jupe \u00e9l\u00e9gante en georgette. Les bretelles florales amovibles et l'\u00e9l\u00e9gante tra\u00eene apportent une finition exub\u00e9rante et romantique.","robots":{"index":"index","follow":"follow","max-snippet":"max-snippet:-1","max-image-preview":"max-image-preview:large","max-video-preview":"max-video-preview:-1"},"canonical":"https:\/\/www.koonings.com\/fr\/product\/enzoani-tamara-2\/","og_locale":"fr_FR","og_type":"article","og_title":"Enzoani Tamara | Koonings","og_description":"Pr\u00e9parez-vous \u00e0 \u00e9tonner tout le monde avec cette \u00e9l\u00e9gante silhouette de sir\u00e8ne ! Cette superbe robe pr\u00e9sente un nouveau motif de dentelle brod\u00e9e en 3D avec des motifs floraux multiples sur un corsage \u00e0 d\u00e9collet\u00e9 en c\u0153ur. Les d\u00e9coupes lat\u00e9rales \u00e0 illusion ajoutent une touche de flirt \u00e0 la robe et compl\u00e8tent magnifiquement la jupe \u00e9l\u00e9gante en georgette. Les bretelles florales amovibles et l'\u00e9l\u00e9gante tra\u00eene apportent une finition exub\u00e9rante et romantique.","og_url":"https:\/\/www.koonings.com\/fr\/product\/enzoani-tamara-2\/","og_site_name":"Koonings","article_publisher":"https:\/\/www.facebook.com\/kooningstheweddingpalace","og_image":[{"width":1064,"height":1418,"url":"https:\/\/www.koonings.com\/wp-content\/uploads\/2024\/11\/48903_a70fffb21dc2ad75a34fb2654b3206b3eda820dfba80077b860dbdbfa893ca6eba3b0c4d.jpeg","type":"image\/jpeg"}],"twitter_card":"summary_large_image","schema":{"@context":"https:\/\/schema.org","@graph":[{"@type":"WebPage","@id":"https:\/\/www.koonings.com\/fr\/product\/enzoani-tamara-2\/","url":"https:\/\/www.koonings.com\/fr\/product\/enzoani-tamara-2\/","name":"Enzoani Tamara | Koonings","isPartOf":{"@id":"https:\/\/www.koonings.com\/fr\/#website"},"primaryImageOfPage":{"@id":"https:\/\/www.koonings.com\/fr\/product\/enzoani-tamara-2\/#primaryimage"},"image":{"@id":"https:\/\/www.koonings.com\/fr\/product\/enzoani-tamara-2\/#primaryimage"},"thumbnailUrl":"https:\/\/www.koonings.com\/wp-content\/uploads\/2024\/11\/48903_a70fffb21dc2ad75a34fb2654b3206b3eda820dfba80077b860dbdbfa893ca6eba3b0c4d.jpeg","datePublished":"2026-04-28T16:28:05+00:00","description":"Pr\u00e9parez-vous \u00e0 \u00e9tonner tout le monde avec cette \u00e9l\u00e9gante silhouette de sir\u00e8ne ! Cette superbe robe pr\u00e9sente un nouveau motif de dentelle brod\u00e9e en 3D avec des motifs floraux multiples sur un corsage \u00e0 d\u00e9collet\u00e9 en c\u0153ur. Les d\u00e9coupes lat\u00e9rales \u00e0 illusion ajoutent une touche de flirt \u00e0 la robe et compl\u00e8tent magnifiquement la jupe \u00e9l\u00e9gante en georgette. Les bretelles florales amovibles et l'\u00e9l\u00e9gante tra\u00eene apportent une finition exub\u00e9rante et romantique.","breadcrumb":{"@id":"https:\/\/www.koonings.com\/fr\/product\/enzoani-tamara-2\/#breadcrumb"},"inLanguage":"fr-FR","potentialAction":[{"@type":"ReadAction","target":["https:\/\/www.koonings.com\/fr\/product\/enzoani-tamara-2\/"]}]},{"@type":"ImageObject","inLanguage":"fr-FR","@id":"https:\/\/www.koonings.com\/fr\/product\/enzoani-tamara-2\/#primaryimage","url":"https:\/\/www.koonings.com\/wp-content\/uploads\/2024\/11\/48903_a70fffb21dc2ad75a34fb2654b3206b3eda820dfba80077b860dbdbfa893ca6eba3b0c4d.jpeg","contentUrl":"https:\/\/www.koonings.com\/wp-content\/uploads\/2024\/11\/48903_a70fffb21dc2ad75a34fb2654b3206b3eda820dfba80077b860dbdbfa893ca6eba3b0c4d.jpeg","width":1064,"height":1418},{"@type":"BreadcrumbList","@id":"https:\/\/www.koonings.com\/fr\/product\/enzoani-tamara-2\/#breadcrumb","itemListElement":[{"@type":"ListItem","position":1,"name":"Home","item":"https:\/\/www.koonings.com\/fr\/"},{"@type":"ListItem","position":2,"name":"Enzoani Tamara"}]},{"@type":"WebSite","@id":"https:\/\/www.koonings.com\/fr\/#website","url":"https:\/\/www.koonings.com\/fr\/","name":"Koonings","description":"De grootste bruidsmodewinkel ter wereld","publisher":{"@id":"https:\/\/www.koonings.com\/fr\/#organization"},"potentialAction":[{"@type":"SearchAction","target":{"@type":"EntryPoint","urlTemplate":"https:\/\/www.koonings.com\/fr\/?s={search_term_string}"},"query-input":{"@type":"PropertyValueSpecification","valueRequired":true,"valueName":"search_term_string"}}],"inLanguage":"fr-FR"},{"@type":"Organization","@id":"https:\/\/www.koonings.com\/fr\/#organization","name":"Koonings","url":"https:\/\/www.koonings.com\/fr\/","logo":{"@type":"ImageObject","inLanguage":"fr-FR","@id":"https:\/\/www.koonings.com\/fr\/#\/schema\/logo\/image\/","url":"https:\/\/www.koonings.com\/wp-content\/uploads\/2024\/07\/logo.png","contentUrl":"https:\/\/www.koonings.com\/wp-content\/uploads\/2024\/07\/logo.png","width":600,"height":428,"caption":"Koonings"},"image":{"@id":"https:\/\/www.koonings.com\/fr\/#\/schema\/logo\/image\/"},"sameAs":["https:\/\/www.facebook.com\/kooningstheweddingpalace","https:\/\/www.instagram.com\/kooningstheweddingpalace","https:\/\/www.pinterest.com\/koonings","https:\/\/www.youtube.com\/kooningstheweddingpalace"]}]}},"_links":{"self":[{"href":"https:\/\/www.koonings.com\/fr\/wp-json\/wp\/v2\/product\/59301","targetHints":{"allow":["GET"]}}],"collection":[{"href":"https:\/\/www.koonings.com\/fr\/wp-json\/wp\/v2\/product"}],"about":[{"href":"https:\/\/www.koonings.com\/fr\/wp-json\/wp\/v2\/types\/product"}],"wp:featuredmedia":[{"embeddable":true,"href":"https:\/\/www.koonings.com\/fr\/wp-json\/wp\/v2\/media\/52868"}],"wp:attachment":[{"href":"https:\/\/www.koonings.com\/fr\/wp-json\/wp\/v2\/media?parent=59301"}],"wp:term":[{"taxonomy":"productdetails","embeddable":true,"href":"https:\/\/www.koonings.com\/fr\/wp-json\/wp\/v2\/productdetails?post=59301"},{"taxonomy":"productneck","embeddable":true,"href":"https:\/\/www.koonings.com\/fr\/wp-json\/wp\/v2\/productneck?post=59301"},{"taxonomy":"productcolor","embeddable":true,"href":"https:\/\/www.koonings.com\/fr\/wp-json\/wp\/v2\/productcolor?post=59301"},{"taxonomy":"maat","embeddable":true,"href":"https:\/\/www.koonings.com\/fr\/wp-json\/wp\/v2\/maat?post=59301"},{"taxonomy":"productsupplier","embeddable":true,"href":"https:\/\/www.koonings.com\/fr\/wp-json\/wp\/v2\/productsupplier?post=59301"},{"taxonomy":"productsleeve","embeddable":true,"href":"https:\/\/www.koonings.com\/fr\/wp-json\/wp\/v2\/productsleeve?post=59301"},{"taxonomy":"productcategory","embeddable":true,"href":"https:\/\/www.koonings.com\/fr\/wp-json\/wp\/v2\/productcategory?post=59301"},{"taxonomy":"productsilhouette","embeddable":true,"href":"https:\/\/www.koonings.com\/fr\/wp-json\/wp\/v2\/productsilhouette?post=59301"},{"taxonomy":"productstyle","embeddable":true,"href":"https:\/\/www.koonings.com\/fr\/wp-json\/wp\/v2\/productstyle?post=59301"}],"curies":[{"name":"wp","href":"https:\/\/api.w.org\/{rel}","templated":true}]}}