{"id":59287,"date":"2025-12-15T00:38:44","date_gmt":"2025-12-14T23:38:44","guid":{"rendered":"https:\/\/www.koonings.com\/product\/ladybird-josephina-lb125cj4\/"},"modified":"2026-02-03T18:47:23","modified_gmt":"2026-02-03T17:47:23","slug":"ladybird-josephina-lb125cj4","status":"publish","type":"product","link":"https:\/\/www.koonings.com\/fr\/product\/ladybird-josephina-lb125cj4\/","title":{"rendered":"Ladybird Josephina LB125CJ4"},"content":{"rendered":"<p>Ce mod\u00e8le en tulle met l&#8217;accent sur le corsage et est id\u00e9al pour les mari\u00e9es qui souhaitent une touche de glamour. Avec un col rabattu, la broderie de dentelle se distingue par ses ornements perl\u00e9s, qui retombent \u00e9l\u00e9gamment sur la taille en une forme de cascade asym\u00e9trique. La jupe est fendue sur le devant, ce qui lui conf\u00e8re l\u00e9g\u00e8ret\u00e9 et mouvement.  <\/p>\n","protected":false},"featured_media":48619,"template":"","meta":{"_acf_changed":false,"ghostkit_customizer_options":"","ghostkit_custom_css":"","ghostkit_custom_js_head":"","ghostkit_custom_js_foot":"","ghostkit_typography":""},"productdetails":[378,381],"productneck":[356],"productcolor":[392],"maat":[],"productsupplier":[437],"productsleeve":[359],"productcategory":[18],"productsilhouette":[384,389],"productstyle":[366,370],"class_list":["post-59287","product","type-product","status-publish","has-post-thumbnail","hentry","productdetails-378","productdetails-381","productneck-356","productcolor-392","productsupplier-ladybird","productsleeve-359","productcategory-trouwjurken","productsilhouette-384","productsilhouette-389","productstyle-366","productstyle-370"],"acf":[],"yoast_head":"<!-- This site is optimized with the Yoast SEO plugin v27.3 - https:\/\/yoast.com\/product\/yoast-seo-wordpress\/ -->\n<title>Ladybird Josephina LB125CJ4 | Koonings<\/title>\n<meta name=\"description\" content=\"Ce mod\u00e8le en tulle met l&#039;accent sur le corsage et est id\u00e9al pour les mari\u00e9es qui souhaitent une touche de glamour. Avec un col rabattu, la broderie de dentelle se distingue par ses ornements perl\u00e9s, qui retombent \u00e9l\u00e9gamment sur la taille en une forme de cascade asym\u00e9trique. La jupe est fendue sur le devant, ce qui lui conf\u00e8re l\u00e9g\u00e8ret\u00e9 et mouvement.\" \/>\n<meta name=\"robots\" content=\"index, follow, max-snippet:-1, max-image-preview:large, max-video-preview:-1\" \/>\n<link rel=\"canonical\" href=\"https:\/\/www.koonings.com\/fr\/product\/ladybird-josephina-lb125cj4\/\" \/>\n<meta property=\"og:locale\" content=\"fr_FR\" \/>\n<meta property=\"og:type\" content=\"article\" \/>\n<meta property=\"og:title\" content=\"Ladybird Josephina LB125CJ4 | Koonings\" \/>\n<meta property=\"og:description\" content=\"Ce mod\u00e8le en tulle met l&#039;accent sur le corsage et est id\u00e9al pour les mari\u00e9es qui souhaitent une touche de glamour. Avec un col rabattu, la broderie de dentelle se distingue par ses ornements perl\u00e9s, qui retombent \u00e9l\u00e9gamment sur la taille en une forme de cascade asym\u00e9trique. La jupe est fendue sur le devant, ce qui lui conf\u00e8re l\u00e9g\u00e8ret\u00e9 et mouvement.\" \/>\n<meta property=\"og:url\" content=\"https:\/\/www.koonings.com\/fr\/product\/ladybird-josephina-lb125cj4\/\" \/>\n<meta property=\"og:site_name\" content=\"Koonings\" \/>\n<meta property=\"article:publisher\" content=\"https:\/\/www.facebook.com\/kooningstheweddingpalace\" \/>\n<meta property=\"article:modified_time\" content=\"2026-02-03T17:47:23+00:00\" \/>\n<meta property=\"og:image\" content=\"https:\/\/www.koonings.com\/wp-content\/uploads\/2024\/11\/40998_c4378fc2a22664200642e1f2b76d969aafc993136d5978a2afb71bdeba654569ba15e6ce-scaled.jpeg\" \/>\n\t<meta property=\"og:image:width\" content=\"1811\" \/>\n\t<meta property=\"og:image:height\" content=\"2560\" \/>\n\t<meta property=\"og:image:type\" content=\"image\/jpeg\" \/>\n<meta name=\"twitter:card\" content=\"summary_large_image\" \/>\n<script type=\"application\/ld+json\" class=\"yoast-schema-graph\">{\"@context\":\"https:\\\/\\\/schema.org\",\"@graph\":[{\"@type\":\"WebPage\",\"@id\":\"https:\\\/\\\/www.koonings.com\\\/fr\\\/product\\\/ladybird-josephina-lb125cj4\\\/\",\"url\":\"https:\\\/\\\/www.koonings.com\\\/fr\\\/product\\\/ladybird-josephina-lb125cj4\\\/\",\"name\":\"Ladybird Josephina LB125CJ4 | Koonings\",\"isPartOf\":{\"@id\":\"https:\\\/\\\/www.koonings.com\\\/fr\\\/#website\"},\"primaryImageOfPage\":{\"@id\":\"https:\\\/\\\/www.koonings.com\\\/fr\\\/product\\\/ladybird-josephina-lb125cj4\\\/#primaryimage\"},\"image\":{\"@id\":\"https:\\\/\\\/www.koonings.com\\\/fr\\\/product\\\/ladybird-josephina-lb125cj4\\\/#primaryimage\"},\"thumbnailUrl\":\"https:\\\/\\\/www.koonings.com\\\/wp-content\\\/uploads\\\/2024\\\/11\\\/40998_c4378fc2a22664200642e1f2b76d969aafc993136d5978a2afb71bdeba654569ba15e6ce-scaled.jpeg\",\"datePublished\":\"2025-12-14T23:38:44+00:00\",\"dateModified\":\"2026-02-03T17:47:23+00:00\",\"description\":\"Ce mod\u00e8le en tulle met l'accent sur le corsage et est id\u00e9al pour les mari\u00e9es qui souhaitent une touche de glamour. Avec un col rabattu, la broderie de dentelle se distingue par ses ornements perl\u00e9s, qui retombent \u00e9l\u00e9gamment sur la taille en une forme de cascade asym\u00e9trique. La jupe est fendue sur le devant, ce qui lui conf\u00e8re l\u00e9g\u00e8ret\u00e9 et mouvement.\",\"breadcrumb\":{\"@id\":\"https:\\\/\\\/www.koonings.com\\\/fr\\\/product\\\/ladybird-josephina-lb125cj4\\\/#breadcrumb\"},\"inLanguage\":\"fr-FR\",\"potentialAction\":[{\"@type\":\"ReadAction\",\"target\":[\"https:\\\/\\\/www.koonings.com\\\/fr\\\/product\\\/ladybird-josephina-lb125cj4\\\/\"]}]},{\"@type\":\"ImageObject\",\"inLanguage\":\"fr-FR\",\"@id\":\"https:\\\/\\\/www.koonings.com\\\/fr\\\/product\\\/ladybird-josephina-lb125cj4\\\/#primaryimage\",\"url\":\"https:\\\/\\\/www.koonings.com\\\/wp-content\\\/uploads\\\/2024\\\/11\\\/40998_c4378fc2a22664200642e1f2b76d969aafc993136d5978a2afb71bdeba654569ba15e6ce-scaled.jpeg\",\"contentUrl\":\"https:\\\/\\\/www.koonings.com\\\/wp-content\\\/uploads\\\/2024\\\/11\\\/40998_c4378fc2a22664200642e1f2b76d969aafc993136d5978a2afb71bdeba654569ba15e6ce-scaled.jpeg\",\"width\":1811,\"height\":2560},{\"@type\":\"BreadcrumbList\",\"@id\":\"https:\\\/\\\/www.koonings.com\\\/fr\\\/product\\\/ladybird-josephina-lb125cj4\\\/#breadcrumb\",\"itemListElement\":[{\"@type\":\"ListItem\",\"position\":1,\"name\":\"Home\",\"item\":\"https:\\\/\\\/www.koonings.com\\\/fr\\\/\"},{\"@type\":\"ListItem\",\"position\":2,\"name\":\"Ladybird Josephina LB125CJ4\"}]},{\"@type\":\"WebSite\",\"@id\":\"https:\\\/\\\/www.koonings.com\\\/fr\\\/#website\",\"url\":\"https:\\\/\\\/www.koonings.com\\\/fr\\\/\",\"name\":\"Koonings\",\"description\":\"De grootste bruidsmodewinkel ter wereld\",\"publisher\":{\"@id\":\"https:\\\/\\\/www.koonings.com\\\/fr\\\/#organization\"},\"potentialAction\":[{\"@type\":\"SearchAction\",\"target\":{\"@type\":\"EntryPoint\",\"urlTemplate\":\"https:\\\/\\\/www.koonings.com\\\/fr\\\/?s={search_term_string}\"},\"query-input\":{\"@type\":\"PropertyValueSpecification\",\"valueRequired\":true,\"valueName\":\"search_term_string\"}}],\"inLanguage\":\"fr-FR\"},{\"@type\":\"Organization\",\"@id\":\"https:\\\/\\\/www.koonings.com\\\/fr\\\/#organization\",\"name\":\"Koonings\",\"url\":\"https:\\\/\\\/www.koonings.com\\\/fr\\\/\",\"logo\":{\"@type\":\"ImageObject\",\"inLanguage\":\"fr-FR\",\"@id\":\"https:\\\/\\\/www.koonings.com\\\/fr\\\/#\\\/schema\\\/logo\\\/image\\\/\",\"url\":\"https:\\\/\\\/www.koonings.com\\\/wp-content\\\/uploads\\\/2024\\\/07\\\/logo.png\",\"contentUrl\":\"https:\\\/\\\/www.koonings.com\\\/wp-content\\\/uploads\\\/2024\\\/07\\\/logo.png\",\"width\":600,\"height\":428,\"caption\":\"Koonings\"},\"image\":{\"@id\":\"https:\\\/\\\/www.koonings.com\\\/fr\\\/#\\\/schema\\\/logo\\\/image\\\/\"},\"sameAs\":[\"https:\\\/\\\/www.facebook.com\\\/kooningstheweddingpalace\",\"https:\\\/\\\/www.instagram.com\\\/kooningstheweddingpalace\",\"https:\\\/\\\/www.pinterest.com\\\/koonings\",\"https:\\\/\\\/www.youtube.com\\\/kooningstheweddingpalace\"]}]}<\/script>\n<!-- \/ Yoast SEO plugin. -->","yoast_head_json":{"title":"Ladybird Josephina LB125CJ4 | Koonings","description":"Ce mod\u00e8le en tulle met l'accent sur le corsage et est id\u00e9al pour les mari\u00e9es qui souhaitent une touche de glamour. Avec un col rabattu, la broderie de dentelle se distingue par ses ornements perl\u00e9s, qui retombent \u00e9l\u00e9gamment sur la taille en une forme de cascade asym\u00e9trique. La jupe est fendue sur le devant, ce qui lui conf\u00e8re l\u00e9g\u00e8ret\u00e9 et mouvement.","robots":{"index":"index","follow":"follow","max-snippet":"max-snippet:-1","max-image-preview":"max-image-preview:large","max-video-preview":"max-video-preview:-1"},"canonical":"https:\/\/www.koonings.com\/fr\/product\/ladybird-josephina-lb125cj4\/","og_locale":"fr_FR","og_type":"article","og_title":"Ladybird Josephina LB125CJ4 | Koonings","og_description":"Ce mod\u00e8le en tulle met l'accent sur le corsage et est id\u00e9al pour les mari\u00e9es qui souhaitent une touche de glamour. Avec un col rabattu, la broderie de dentelle se distingue par ses ornements perl\u00e9s, qui retombent \u00e9l\u00e9gamment sur la taille en une forme de cascade asym\u00e9trique. La jupe est fendue sur le devant, ce qui lui conf\u00e8re l\u00e9g\u00e8ret\u00e9 et mouvement.","og_url":"https:\/\/www.koonings.com\/fr\/product\/ladybird-josephina-lb125cj4\/","og_site_name":"Koonings","article_publisher":"https:\/\/www.facebook.com\/kooningstheweddingpalace","article_modified_time":"2026-02-03T17:47:23+00:00","og_image":[{"width":1811,"height":2560,"url":"https:\/\/www.koonings.com\/wp-content\/uploads\/2024\/11\/40998_c4378fc2a22664200642e1f2b76d969aafc993136d5978a2afb71bdeba654569ba15e6ce-scaled.jpeg","type":"image\/jpeg"}],"twitter_card":"summary_large_image","schema":{"@context":"https:\/\/schema.org","@graph":[{"@type":"WebPage","@id":"https:\/\/www.koonings.com\/fr\/product\/ladybird-josephina-lb125cj4\/","url":"https:\/\/www.koonings.com\/fr\/product\/ladybird-josephina-lb125cj4\/","name":"Ladybird Josephina LB125CJ4 | Koonings","isPartOf":{"@id":"https:\/\/www.koonings.com\/fr\/#website"},"primaryImageOfPage":{"@id":"https:\/\/www.koonings.com\/fr\/product\/ladybird-josephina-lb125cj4\/#primaryimage"},"image":{"@id":"https:\/\/www.koonings.com\/fr\/product\/ladybird-josephina-lb125cj4\/#primaryimage"},"thumbnailUrl":"https:\/\/www.koonings.com\/wp-content\/uploads\/2024\/11\/40998_c4378fc2a22664200642e1f2b76d969aafc993136d5978a2afb71bdeba654569ba15e6ce-scaled.jpeg","datePublished":"2025-12-14T23:38:44+00:00","dateModified":"2026-02-03T17:47:23+00:00","description":"Ce mod\u00e8le en tulle met l'accent sur le corsage et est id\u00e9al pour les mari\u00e9es qui souhaitent une touche de glamour. Avec un col rabattu, la broderie de dentelle se distingue par ses ornements perl\u00e9s, qui retombent \u00e9l\u00e9gamment sur la taille en une forme de cascade asym\u00e9trique. La jupe est fendue sur le devant, ce qui lui conf\u00e8re l\u00e9g\u00e8ret\u00e9 et mouvement.","breadcrumb":{"@id":"https:\/\/www.koonings.com\/fr\/product\/ladybird-josephina-lb125cj4\/#breadcrumb"},"inLanguage":"fr-FR","potentialAction":[{"@type":"ReadAction","target":["https:\/\/www.koonings.com\/fr\/product\/ladybird-josephina-lb125cj4\/"]}]},{"@type":"ImageObject","inLanguage":"fr-FR","@id":"https:\/\/www.koonings.com\/fr\/product\/ladybird-josephina-lb125cj4\/#primaryimage","url":"https:\/\/www.koonings.com\/wp-content\/uploads\/2024\/11\/40998_c4378fc2a22664200642e1f2b76d969aafc993136d5978a2afb71bdeba654569ba15e6ce-scaled.jpeg","contentUrl":"https:\/\/www.koonings.com\/wp-content\/uploads\/2024\/11\/40998_c4378fc2a22664200642e1f2b76d969aafc993136d5978a2afb71bdeba654569ba15e6ce-scaled.jpeg","width":1811,"height":2560},{"@type":"BreadcrumbList","@id":"https:\/\/www.koonings.com\/fr\/product\/ladybird-josephina-lb125cj4\/#breadcrumb","itemListElement":[{"@type":"ListItem","position":1,"name":"Home","item":"https:\/\/www.koonings.com\/fr\/"},{"@type":"ListItem","position":2,"name":"Ladybird Josephina LB125CJ4"}]},{"@type":"WebSite","@id":"https:\/\/www.koonings.com\/fr\/#website","url":"https:\/\/www.koonings.com\/fr\/","name":"Koonings","description":"De grootste bruidsmodewinkel ter wereld","publisher":{"@id":"https:\/\/www.koonings.com\/fr\/#organization"},"potentialAction":[{"@type":"SearchAction","target":{"@type":"EntryPoint","urlTemplate":"https:\/\/www.koonings.com\/fr\/?s={search_term_string}"},"query-input":{"@type":"PropertyValueSpecification","valueRequired":true,"valueName":"search_term_string"}}],"inLanguage":"fr-FR"},{"@type":"Organization","@id":"https:\/\/www.koonings.com\/fr\/#organization","name":"Koonings","url":"https:\/\/www.koonings.com\/fr\/","logo":{"@type":"ImageObject","inLanguage":"fr-FR","@id":"https:\/\/www.koonings.com\/fr\/#\/schema\/logo\/image\/","url":"https:\/\/www.koonings.com\/wp-content\/uploads\/2024\/07\/logo.png","contentUrl":"https:\/\/www.koonings.com\/wp-content\/uploads\/2024\/07\/logo.png","width":600,"height":428,"caption":"Koonings"},"image":{"@id":"https:\/\/www.koonings.com\/fr\/#\/schema\/logo\/image\/"},"sameAs":["https:\/\/www.facebook.com\/kooningstheweddingpalace","https:\/\/www.instagram.com\/kooningstheweddingpalace","https:\/\/www.pinterest.com\/koonings","https:\/\/www.youtube.com\/kooningstheweddingpalace"]}]}},"_links":{"self":[{"href":"https:\/\/www.koonings.com\/fr\/wp-json\/wp\/v2\/product\/59287","targetHints":{"allow":["GET"]}}],"collection":[{"href":"https:\/\/www.koonings.com\/fr\/wp-json\/wp\/v2\/product"}],"about":[{"href":"https:\/\/www.koonings.com\/fr\/wp-json\/wp\/v2\/types\/product"}],"wp:featuredmedia":[{"embeddable":true,"href":"https:\/\/www.koonings.com\/fr\/wp-json\/wp\/v2\/media\/48619"}],"wp:attachment":[{"href":"https:\/\/www.koonings.com\/fr\/wp-json\/wp\/v2\/media?parent=59287"}],"wp:term":[{"taxonomy":"productdetails","embeddable":true,"href":"https:\/\/www.koonings.com\/fr\/wp-json\/wp\/v2\/productdetails?post=59287"},{"taxonomy":"productneck","embeddable":true,"href":"https:\/\/www.koonings.com\/fr\/wp-json\/wp\/v2\/productneck?post=59287"},{"taxonomy":"productcolor","embeddable":true,"href":"https:\/\/www.koonings.com\/fr\/wp-json\/wp\/v2\/productcolor?post=59287"},{"taxonomy":"maat","embeddable":true,"href":"https:\/\/www.koonings.com\/fr\/wp-json\/wp\/v2\/maat?post=59287"},{"taxonomy":"productsupplier","embeddable":true,"href":"https:\/\/www.koonings.com\/fr\/wp-json\/wp\/v2\/productsupplier?post=59287"},{"taxonomy":"productsleeve","embeddable":true,"href":"https:\/\/www.koonings.com\/fr\/wp-json\/wp\/v2\/productsleeve?post=59287"},{"taxonomy":"productcategory","embeddable":true,"href":"https:\/\/www.koonings.com\/fr\/wp-json\/wp\/v2\/productcategory?post=59287"},{"taxonomy":"productsilhouette","embeddable":true,"href":"https:\/\/www.koonings.com\/fr\/wp-json\/wp\/v2\/productsilhouette?post=59287"},{"taxonomy":"productstyle","embeddable":true,"href":"https:\/\/www.koonings.com\/fr\/wp-json\/wp\/v2\/productstyle?post=59287"}],"curies":[{"name":"wp","href":"https:\/\/api.w.org\/{rel}","templated":true}]}}