{"id":59270,"date":"2025-12-15T00:38:47","date_gmt":"2025-12-14T23:38:47","guid":{"rendered":"https:\/\/www.koonings.com\/product\/ladybird-nemu-lb125cc1\/"},"modified":"2026-02-03T18:47:58","modified_gmt":"2026-02-03T17:47:58","slug":"ladybird-nemu-lb125cc1","status":"publish","type":"product","link":"https:\/\/www.koonings.com\/fr\/product\/ladybird-nemu-lb125cc1\/","title":{"rendered":"Ladybird Nemu LB125CC1"},"content":{"rendered":"<p>R\u00e9alisez votre r\u00eave le plus romantique avec cette robe en tulle \u00e0 la silhouette flatteuse. Elle pr\u00e9sente un corsage orn\u00e9 de broderies de dentelle et de perles. Au dos, on retrouve des motifs brod\u00e9s sur une fine transparence, \u00e9galement pr\u00e9sents sur les poignets de la jupe. Un bandeau tr\u00e8s d\u00e9licat compl\u00e8te la tenue (non inclus dans le prix).   <\/p>\n","protected":false},"featured_media":48770,"template":"","meta":{"_acf_changed":false,"ghostkit_customizer_options":"","ghostkit_custom_css":"","ghostkit_custom_js_head":"","ghostkit_custom_js_foot":"","ghostkit_typography":""},"productdetails":[376,381],"productneck":[354],"productcolor":[392],"maat":[],"productsupplier":[437],"productsleeve":[361],"productcategory":[18],"productsilhouette":[384],"productstyle":[366],"class_list":["post-59270","product","type-product","status-publish","has-post-thumbnail","hentry","productdetails-376","productdetails-381","productneck-354","productcolor-392","productsupplier-ladybird","productsleeve-361","productcategory-trouwjurken","productsilhouette-384","productstyle-366"],"acf":[],"yoast_head":"<!-- This site is optimized with the Yoast SEO plugin v26.8 - https:\/\/yoast.com\/product\/yoast-seo-wordpress\/ -->\n<title>Ladybird Nemu LB125CC1 | Koonings<\/title>\n<meta name=\"description\" content=\"R\u00e9alisez votre r\u00eave le plus romantique avec cette robe en tulle \u00e0 la silhouette flatteuse. Elle pr\u00e9sente un corsage orn\u00e9 de broderies de dentelle et de perles. Au dos, on retrouve des motifs brod\u00e9s sur une fine transparence, \u00e9galement pr\u00e9sents sur les poignets de la jupe. Un bandeau tr\u00e8s d\u00e9licat compl\u00e8te la tenue (non inclus dans le prix).\" \/>\n<meta name=\"robots\" content=\"index, follow, max-snippet:-1, max-image-preview:large, max-video-preview:-1\" \/>\n<link rel=\"canonical\" href=\"https:\/\/www.koonings.com\/fr\/product\/ladybird-nemu-lb125cc1\/\" \/>\n<meta property=\"og:locale\" content=\"fr_FR\" \/>\n<meta property=\"og:type\" content=\"article\" \/>\n<meta property=\"og:title\" content=\"Ladybird Nemu LB125CC1 | Koonings\" \/>\n<meta property=\"og:description\" content=\"R\u00e9alisez votre r\u00eave le plus romantique avec cette robe en tulle \u00e0 la silhouette flatteuse. Elle pr\u00e9sente un corsage orn\u00e9 de broderies de dentelle et de perles. Au dos, on retrouve des motifs brod\u00e9s sur une fine transparence, \u00e9galement pr\u00e9sents sur les poignets de la jupe. Un bandeau tr\u00e8s d\u00e9licat compl\u00e8te la tenue (non inclus dans le prix).\" \/>\n<meta property=\"og:url\" content=\"https:\/\/www.koonings.com\/fr\/product\/ladybird-nemu-lb125cc1\/\" \/>\n<meta property=\"og:site_name\" content=\"Koonings\" \/>\n<meta property=\"article:publisher\" content=\"https:\/\/www.facebook.com\/kooningstheweddingpalace\" \/>\n<meta property=\"article:modified_time\" content=\"2026-02-03T17:47:58+00:00\" \/>\n<meta property=\"og:image\" content=\"https:\/\/www.koonings.com\/wp-content\/uploads\/2024\/11\/41005_d90bd8f49cf299d90b14c642f242c459da8eb714bd834caadf651ad2b6637acf0073b9e2-scaled.jpeg\" \/>\n\t<meta property=\"og:image:width\" content=\"1813\" \/>\n\t<meta property=\"og:image:height\" content=\"2560\" \/>\n\t<meta property=\"og:image:type\" content=\"image\/jpeg\" \/>\n<meta name=\"twitter:card\" content=\"summary_large_image\" \/>\n<script type=\"application\/ld+json\" class=\"yoast-schema-graph\">{\"@context\":\"https:\/\/schema.org\",\"@graph\":[{\"@type\":\"WebPage\",\"@id\":\"https:\/\/www.koonings.com\/fr\/product\/ladybird-nemu-lb125cc1\/\",\"url\":\"https:\/\/www.koonings.com\/fr\/product\/ladybird-nemu-lb125cc1\/\",\"name\":\"Ladybird Nemu LB125CC1 | Koonings\",\"isPartOf\":{\"@id\":\"https:\/\/www.koonings.com\/fr\/#website\"},\"primaryImageOfPage\":{\"@id\":\"https:\/\/www.koonings.com\/fr\/product\/ladybird-nemu-lb125cc1\/#primaryimage\"},\"image\":{\"@id\":\"https:\/\/www.koonings.com\/fr\/product\/ladybird-nemu-lb125cc1\/#primaryimage\"},\"thumbnailUrl\":\"https:\/\/www.koonings.com\/wp-content\/uploads\/2024\/11\/41005_d90bd8f49cf299d90b14c642f242c459da8eb714bd834caadf651ad2b6637acf0073b9e2-scaled.jpeg\",\"datePublished\":\"2025-12-14T23:38:47+00:00\",\"dateModified\":\"2026-02-03T17:47:58+00:00\",\"description\":\"R\u00e9alisez votre r\u00eave le plus romantique avec cette robe en tulle \u00e0 la silhouette flatteuse. Elle pr\u00e9sente un corsage orn\u00e9 de broderies de dentelle et de perles. Au dos, on retrouve des motifs brod\u00e9s sur une fine transparence, \u00e9galement pr\u00e9sents sur les poignets de la jupe. Un bandeau tr\u00e8s d\u00e9licat compl\u00e8te la tenue (non inclus dans le prix).\",\"breadcrumb\":{\"@id\":\"https:\/\/www.koonings.com\/fr\/product\/ladybird-nemu-lb125cc1\/#breadcrumb\"},\"inLanguage\":\"fr-FR\",\"potentialAction\":[{\"@type\":\"ReadAction\",\"target\":[\"https:\/\/www.koonings.com\/fr\/product\/ladybird-nemu-lb125cc1\/\"]}]},{\"@type\":\"ImageObject\",\"inLanguage\":\"fr-FR\",\"@id\":\"https:\/\/www.koonings.com\/fr\/product\/ladybird-nemu-lb125cc1\/#primaryimage\",\"url\":\"https:\/\/www.koonings.com\/wp-content\/uploads\/2024\/11\/41005_d90bd8f49cf299d90b14c642f242c459da8eb714bd834caadf651ad2b6637acf0073b9e2-scaled.jpeg\",\"contentUrl\":\"https:\/\/www.koonings.com\/wp-content\/uploads\/2024\/11\/41005_d90bd8f49cf299d90b14c642f242c459da8eb714bd834caadf651ad2b6637acf0073b9e2-scaled.jpeg\",\"width\":1813,\"height\":2560},{\"@type\":\"BreadcrumbList\",\"@id\":\"https:\/\/www.koonings.com\/fr\/product\/ladybird-nemu-lb125cc1\/#breadcrumb\",\"itemListElement\":[{\"@type\":\"ListItem\",\"position\":1,\"name\":\"Home\",\"item\":\"https:\/\/www.koonings.com\/fr\/\"},{\"@type\":\"ListItem\",\"position\":2,\"name\":\"Ladybird Nemu LB125CC1\"}]},{\"@type\":\"WebSite\",\"@id\":\"https:\/\/www.koonings.com\/fr\/#website\",\"url\":\"https:\/\/www.koonings.com\/fr\/\",\"name\":\"Koonings\",\"description\":\"De grootste bruidsmodewinkel ter wereld\",\"publisher\":{\"@id\":\"https:\/\/www.koonings.com\/fr\/#organization\"},\"potentialAction\":[{\"@type\":\"SearchAction\",\"target\":{\"@type\":\"EntryPoint\",\"urlTemplate\":\"https:\/\/www.koonings.com\/fr\/?s={search_term_string}\"},\"query-input\":{\"@type\":\"PropertyValueSpecification\",\"valueRequired\":true,\"valueName\":\"search_term_string\"}}],\"inLanguage\":\"fr-FR\"},{\"@type\":\"Organization\",\"@id\":\"https:\/\/www.koonings.com\/fr\/#organization\",\"name\":\"Koonings\",\"url\":\"https:\/\/www.koonings.com\/fr\/\",\"logo\":{\"@type\":\"ImageObject\",\"inLanguage\":\"fr-FR\",\"@id\":\"https:\/\/www.koonings.com\/fr\/#\/schema\/logo\/image\/\",\"url\":\"https:\/\/www.koonings.com\/wp-content\/uploads\/2024\/07\/logo.png\",\"contentUrl\":\"https:\/\/www.koonings.com\/wp-content\/uploads\/2024\/07\/logo.png\",\"width\":600,\"height\":428,\"caption\":\"Koonings\"},\"image\":{\"@id\":\"https:\/\/www.koonings.com\/fr\/#\/schema\/logo\/image\/\"},\"sameAs\":[\"https:\/\/www.facebook.com\/kooningstheweddingpalace\",\"https:\/\/www.instagram.com\/kooningstheweddingpalace\",\"https:\/\/www.pinterest.com\/koonings\",\"https:\/\/www.youtube.com\/kooningstheweddingpalace\"]}]}<\/script>\n<!-- \/ Yoast SEO plugin. -->","yoast_head_json":{"title":"Ladybird Nemu LB125CC1 | Koonings","description":"R\u00e9alisez votre r\u00eave le plus romantique avec cette robe en tulle \u00e0 la silhouette flatteuse. Elle pr\u00e9sente un corsage orn\u00e9 de broderies de dentelle et de perles. Au dos, on retrouve des motifs brod\u00e9s sur une fine transparence, \u00e9galement pr\u00e9sents sur les poignets de la jupe. Un bandeau tr\u00e8s d\u00e9licat compl\u00e8te la tenue (non inclus dans le prix).","robots":{"index":"index","follow":"follow","max-snippet":"max-snippet:-1","max-image-preview":"max-image-preview:large","max-video-preview":"max-video-preview:-1"},"canonical":"https:\/\/www.koonings.com\/fr\/product\/ladybird-nemu-lb125cc1\/","og_locale":"fr_FR","og_type":"article","og_title":"Ladybird Nemu LB125CC1 | Koonings","og_description":"R\u00e9alisez votre r\u00eave le plus romantique avec cette robe en tulle \u00e0 la silhouette flatteuse. Elle pr\u00e9sente un corsage orn\u00e9 de broderies de dentelle et de perles. Au dos, on retrouve des motifs brod\u00e9s sur une fine transparence, \u00e9galement pr\u00e9sents sur les poignets de la jupe. Un bandeau tr\u00e8s d\u00e9licat compl\u00e8te la tenue (non inclus dans le prix).","og_url":"https:\/\/www.koonings.com\/fr\/product\/ladybird-nemu-lb125cc1\/","og_site_name":"Koonings","article_publisher":"https:\/\/www.facebook.com\/kooningstheweddingpalace","article_modified_time":"2026-02-03T17:47:58+00:00","og_image":[{"width":1813,"height":2560,"url":"https:\/\/www.koonings.com\/wp-content\/uploads\/2024\/11\/41005_d90bd8f49cf299d90b14c642f242c459da8eb714bd834caadf651ad2b6637acf0073b9e2-scaled.jpeg","type":"image\/jpeg"}],"twitter_card":"summary_large_image","schema":{"@context":"https:\/\/schema.org","@graph":[{"@type":"WebPage","@id":"https:\/\/www.koonings.com\/fr\/product\/ladybird-nemu-lb125cc1\/","url":"https:\/\/www.koonings.com\/fr\/product\/ladybird-nemu-lb125cc1\/","name":"Ladybird Nemu LB125CC1 | Koonings","isPartOf":{"@id":"https:\/\/www.koonings.com\/fr\/#website"},"primaryImageOfPage":{"@id":"https:\/\/www.koonings.com\/fr\/product\/ladybird-nemu-lb125cc1\/#primaryimage"},"image":{"@id":"https:\/\/www.koonings.com\/fr\/product\/ladybird-nemu-lb125cc1\/#primaryimage"},"thumbnailUrl":"https:\/\/www.koonings.com\/wp-content\/uploads\/2024\/11\/41005_d90bd8f49cf299d90b14c642f242c459da8eb714bd834caadf651ad2b6637acf0073b9e2-scaled.jpeg","datePublished":"2025-12-14T23:38:47+00:00","dateModified":"2026-02-03T17:47:58+00:00","description":"R\u00e9alisez votre r\u00eave le plus romantique avec cette robe en tulle \u00e0 la silhouette flatteuse. Elle pr\u00e9sente un corsage orn\u00e9 de broderies de dentelle et de perles. Au dos, on retrouve des motifs brod\u00e9s sur une fine transparence, \u00e9galement pr\u00e9sents sur les poignets de la jupe. Un bandeau tr\u00e8s d\u00e9licat compl\u00e8te la tenue (non inclus dans le prix).","breadcrumb":{"@id":"https:\/\/www.koonings.com\/fr\/product\/ladybird-nemu-lb125cc1\/#breadcrumb"},"inLanguage":"fr-FR","potentialAction":[{"@type":"ReadAction","target":["https:\/\/www.koonings.com\/fr\/product\/ladybird-nemu-lb125cc1\/"]}]},{"@type":"ImageObject","inLanguage":"fr-FR","@id":"https:\/\/www.koonings.com\/fr\/product\/ladybird-nemu-lb125cc1\/#primaryimage","url":"https:\/\/www.koonings.com\/wp-content\/uploads\/2024\/11\/41005_d90bd8f49cf299d90b14c642f242c459da8eb714bd834caadf651ad2b6637acf0073b9e2-scaled.jpeg","contentUrl":"https:\/\/www.koonings.com\/wp-content\/uploads\/2024\/11\/41005_d90bd8f49cf299d90b14c642f242c459da8eb714bd834caadf651ad2b6637acf0073b9e2-scaled.jpeg","width":1813,"height":2560},{"@type":"BreadcrumbList","@id":"https:\/\/www.koonings.com\/fr\/product\/ladybird-nemu-lb125cc1\/#breadcrumb","itemListElement":[{"@type":"ListItem","position":1,"name":"Home","item":"https:\/\/www.koonings.com\/fr\/"},{"@type":"ListItem","position":2,"name":"Ladybird Nemu LB125CC1"}]},{"@type":"WebSite","@id":"https:\/\/www.koonings.com\/fr\/#website","url":"https:\/\/www.koonings.com\/fr\/","name":"Koonings","description":"De grootste bruidsmodewinkel ter wereld","publisher":{"@id":"https:\/\/www.koonings.com\/fr\/#organization"},"potentialAction":[{"@type":"SearchAction","target":{"@type":"EntryPoint","urlTemplate":"https:\/\/www.koonings.com\/fr\/?s={search_term_string}"},"query-input":{"@type":"PropertyValueSpecification","valueRequired":true,"valueName":"search_term_string"}}],"inLanguage":"fr-FR"},{"@type":"Organization","@id":"https:\/\/www.koonings.com\/fr\/#organization","name":"Koonings","url":"https:\/\/www.koonings.com\/fr\/","logo":{"@type":"ImageObject","inLanguage":"fr-FR","@id":"https:\/\/www.koonings.com\/fr\/#\/schema\/logo\/image\/","url":"https:\/\/www.koonings.com\/wp-content\/uploads\/2024\/07\/logo.png","contentUrl":"https:\/\/www.koonings.com\/wp-content\/uploads\/2024\/07\/logo.png","width":600,"height":428,"caption":"Koonings"},"image":{"@id":"https:\/\/www.koonings.com\/fr\/#\/schema\/logo\/image\/"},"sameAs":["https:\/\/www.facebook.com\/kooningstheweddingpalace","https:\/\/www.instagram.com\/kooningstheweddingpalace","https:\/\/www.pinterest.com\/koonings","https:\/\/www.youtube.com\/kooningstheweddingpalace"]}]}},"_links":{"self":[{"href":"https:\/\/www.koonings.com\/fr\/wp-json\/wp\/v2\/product\/59270","targetHints":{"allow":["GET"]}}],"collection":[{"href":"https:\/\/www.koonings.com\/fr\/wp-json\/wp\/v2\/product"}],"about":[{"href":"https:\/\/www.koonings.com\/fr\/wp-json\/wp\/v2\/types\/product"}],"wp:featuredmedia":[{"embeddable":true,"href":"https:\/\/www.koonings.com\/fr\/wp-json\/wp\/v2\/media\/48770"}],"wp:attachment":[{"href":"https:\/\/www.koonings.com\/fr\/wp-json\/wp\/v2\/media?parent=59270"}],"wp:term":[{"taxonomy":"productdetails","embeddable":true,"href":"https:\/\/www.koonings.com\/fr\/wp-json\/wp\/v2\/productdetails?post=59270"},{"taxonomy":"productneck","embeddable":true,"href":"https:\/\/www.koonings.com\/fr\/wp-json\/wp\/v2\/productneck?post=59270"},{"taxonomy":"productcolor","embeddable":true,"href":"https:\/\/www.koonings.com\/fr\/wp-json\/wp\/v2\/productcolor?post=59270"},{"taxonomy":"maat","embeddable":true,"href":"https:\/\/www.koonings.com\/fr\/wp-json\/wp\/v2\/maat?post=59270"},{"taxonomy":"productsupplier","embeddable":true,"href":"https:\/\/www.koonings.com\/fr\/wp-json\/wp\/v2\/productsupplier?post=59270"},{"taxonomy":"productsleeve","embeddable":true,"href":"https:\/\/www.koonings.com\/fr\/wp-json\/wp\/v2\/productsleeve?post=59270"},{"taxonomy":"productcategory","embeddable":true,"href":"https:\/\/www.koonings.com\/fr\/wp-json\/wp\/v2\/productcategory?post=59270"},{"taxonomy":"productsilhouette","embeddable":true,"href":"https:\/\/www.koonings.com\/fr\/wp-json\/wp\/v2\/productsilhouette?post=59270"},{"taxonomy":"productstyle","embeddable":true,"href":"https:\/\/www.koonings.com\/fr\/wp-json\/wp\/v2\/productstyle?post=59270"}],"curies":[{"name":"wp","href":"https:\/\/api.w.org\/{rel}","templated":true}]}}