{"id":59263,"date":"2026-05-06T15:24:47","date_gmt":"2026-05-06T13:24:47","guid":{"rendered":"https:\/\/www.koonings.com\/product\/ladybird-annabella-lb125aa1\/"},"modified":"2025-06-05T13:17:13","modified_gmt":"2025-06-05T11:17:13","slug":"ladybird-annabella-lb125aa1","status":"publish","type":"product","link":"https:\/\/www.koonings.com\/fr\/product\/ladybird-annabella-lb125aa1\/","title":{"rendered":"Ladybird Annabella LB125AA1"},"content":{"rendered":"<p>Pour les mari\u00e9es qui osent r\u00eaver, ce mod\u00e8le A-line souple est parfait. Il pr\u00e9sente un corsage d\u00e9licat avec des bretelles orn\u00e9es de perles, un d\u00e9collet\u00e9 en c\u0153ur et des motifs en dentelle. La jupe, en mousseline de soie, tombe gracieusement.  <\/p>\n","protected":false},"featured_media":48833,"template":"","meta":{"_acf_changed":false,"ghostkit_customizer_options":"","ghostkit_custom_css":"","ghostkit_custom_js_head":"","ghostkit_custom_js_foot":"","ghostkit_typography":""},"productdetails":[381],"productneck":[354,355],"productcolor":[392],"maat":[],"productsupplier":[437],"productsleeve":[361],"productcategory":[18],"productsilhouette":[384,389],"productstyle":[369],"class_list":["post-59263","product","type-product","status-publish","has-post-thumbnail","hentry","productdetails-381","productneck-354","productneck-355","productcolor-392","productsupplier-ladybird","productsleeve-361","productcategory-trouwjurken","productsilhouette-384","productsilhouette-389","productstyle-369"],"acf":[],"yoast_head":"<!-- This site is optimized with the Yoast SEO plugin v27.3 - https:\/\/yoast.com\/product\/yoast-seo-wordpress\/ -->\n<title>Ladybird Annabella LB125AA1 | Koonings<\/title>\n<meta name=\"description\" content=\"Pour les mari\u00e9es qui osent r\u00eaver, ce mod\u00e8le A-line souple est parfait. Il pr\u00e9sente un corsage d\u00e9licat avec des bretelles orn\u00e9es de perles, un d\u00e9collet\u00e9 en c\u0153ur et des motifs en dentelle. La jupe, en mousseline de soie, tombe gracieusement.\" \/>\n<meta name=\"robots\" content=\"index, follow, max-snippet:-1, max-image-preview:large, max-video-preview:-1\" \/>\n<link rel=\"canonical\" href=\"https:\/\/www.koonings.com\/fr\/product\/ladybird-annabella-lb125aa1\/\" \/>\n<meta property=\"og:locale\" content=\"fr_FR\" \/>\n<meta property=\"og:type\" content=\"article\" \/>\n<meta property=\"og:title\" content=\"Ladybird Annabella LB125AA1 | Koonings\" \/>\n<meta property=\"og:description\" content=\"Pour les mari\u00e9es qui osent r\u00eaver, ce mod\u00e8le A-line souple est parfait. Il pr\u00e9sente un corsage d\u00e9licat avec des bretelles orn\u00e9es de perles, un d\u00e9collet\u00e9 en c\u0153ur et des motifs en dentelle. La jupe, en mousseline de soie, tombe gracieusement.\" \/>\n<meta property=\"og:url\" content=\"https:\/\/www.koonings.com\/fr\/product\/ladybird-annabella-lb125aa1\/\" \/>\n<meta property=\"og:site_name\" content=\"Koonings\" \/>\n<meta property=\"article:publisher\" content=\"https:\/\/www.facebook.com\/kooningstheweddingpalace\" \/>\n<meta property=\"og:image\" content=\"https:\/\/www.koonings.com\/wp-content\/uploads\/2024\/11\/41008_0ac881c9670d6d9236a25d68ef811e07e04a91d2e2953c21363320ad0a5cb534a353f8f4-scaled.jpeg\" \/>\n\t<meta property=\"og:image:width\" content=\"1812\" \/>\n\t<meta property=\"og:image:height\" content=\"2560\" \/>\n\t<meta property=\"og:image:type\" content=\"image\/jpeg\" \/>\n<meta name=\"twitter:card\" content=\"summary_large_image\" \/>\n<script type=\"application\/ld+json\" class=\"yoast-schema-graph\">{\"@context\":\"https:\\\/\\\/schema.org\",\"@graph\":[{\"@type\":\"WebPage\",\"@id\":\"https:\\\/\\\/www.koonings.com\\\/fr\\\/product\\\/ladybird-annabella-lb125aa1\\\/\",\"url\":\"https:\\\/\\\/www.koonings.com\\\/fr\\\/product\\\/ladybird-annabella-lb125aa1\\\/\",\"name\":\"Ladybird Annabella LB125AA1 | Koonings\",\"isPartOf\":{\"@id\":\"https:\\\/\\\/www.koonings.com\\\/fr\\\/#website\"},\"primaryImageOfPage\":{\"@id\":\"https:\\\/\\\/www.koonings.com\\\/fr\\\/product\\\/ladybird-annabella-lb125aa1\\\/#primaryimage\"},\"image\":{\"@id\":\"https:\\\/\\\/www.koonings.com\\\/fr\\\/product\\\/ladybird-annabella-lb125aa1\\\/#primaryimage\"},\"thumbnailUrl\":\"https:\\\/\\\/www.koonings.com\\\/wp-content\\\/uploads\\\/2024\\\/11\\\/41008_0ac881c9670d6d9236a25d68ef811e07e04a91d2e2953c21363320ad0a5cb534a353f8f4-scaled.jpeg\",\"datePublished\":\"2026-05-06T13:24:47+00:00\",\"description\":\"Pour les mari\u00e9es qui osent r\u00eaver, ce mod\u00e8le A-line souple est parfait. Il pr\u00e9sente un corsage d\u00e9licat avec des bretelles orn\u00e9es de perles, un d\u00e9collet\u00e9 en c\u0153ur et des motifs en dentelle. La jupe, en mousseline de soie, tombe gracieusement.\",\"breadcrumb\":{\"@id\":\"https:\\\/\\\/www.koonings.com\\\/fr\\\/product\\\/ladybird-annabella-lb125aa1\\\/#breadcrumb\"},\"inLanguage\":\"fr-FR\",\"potentialAction\":[{\"@type\":\"ReadAction\",\"target\":[\"https:\\\/\\\/www.koonings.com\\\/fr\\\/product\\\/ladybird-annabella-lb125aa1\\\/\"]}]},{\"@type\":\"ImageObject\",\"inLanguage\":\"fr-FR\",\"@id\":\"https:\\\/\\\/www.koonings.com\\\/fr\\\/product\\\/ladybird-annabella-lb125aa1\\\/#primaryimage\",\"url\":\"https:\\\/\\\/www.koonings.com\\\/wp-content\\\/uploads\\\/2024\\\/11\\\/41008_0ac881c9670d6d9236a25d68ef811e07e04a91d2e2953c21363320ad0a5cb534a353f8f4-scaled.jpeg\",\"contentUrl\":\"https:\\\/\\\/www.koonings.com\\\/wp-content\\\/uploads\\\/2024\\\/11\\\/41008_0ac881c9670d6d9236a25d68ef811e07e04a91d2e2953c21363320ad0a5cb534a353f8f4-scaled.jpeg\",\"width\":1812,\"height\":2560},{\"@type\":\"BreadcrumbList\",\"@id\":\"https:\\\/\\\/www.koonings.com\\\/fr\\\/product\\\/ladybird-annabella-lb125aa1\\\/#breadcrumb\",\"itemListElement\":[{\"@type\":\"ListItem\",\"position\":1,\"name\":\"Home\",\"item\":\"https:\\\/\\\/www.koonings.com\\\/fr\\\/\"},{\"@type\":\"ListItem\",\"position\":2,\"name\":\"Ladybird Annabella LB125AA1\"}]},{\"@type\":\"WebSite\",\"@id\":\"https:\\\/\\\/www.koonings.com\\\/fr\\\/#website\",\"url\":\"https:\\\/\\\/www.koonings.com\\\/fr\\\/\",\"name\":\"Koonings\",\"description\":\"De grootste bruidsmodewinkel ter wereld\",\"publisher\":{\"@id\":\"https:\\\/\\\/www.koonings.com\\\/fr\\\/#organization\"},\"potentialAction\":[{\"@type\":\"SearchAction\",\"target\":{\"@type\":\"EntryPoint\",\"urlTemplate\":\"https:\\\/\\\/www.koonings.com\\\/fr\\\/?s={search_term_string}\"},\"query-input\":{\"@type\":\"PropertyValueSpecification\",\"valueRequired\":true,\"valueName\":\"search_term_string\"}}],\"inLanguage\":\"fr-FR\"},{\"@type\":\"Organization\",\"@id\":\"https:\\\/\\\/www.koonings.com\\\/fr\\\/#organization\",\"name\":\"Koonings\",\"url\":\"https:\\\/\\\/www.koonings.com\\\/fr\\\/\",\"logo\":{\"@type\":\"ImageObject\",\"inLanguage\":\"fr-FR\",\"@id\":\"https:\\\/\\\/www.koonings.com\\\/fr\\\/#\\\/schema\\\/logo\\\/image\\\/\",\"url\":\"https:\\\/\\\/www.koonings.com\\\/wp-content\\\/uploads\\\/2024\\\/07\\\/logo.png\",\"contentUrl\":\"https:\\\/\\\/www.koonings.com\\\/wp-content\\\/uploads\\\/2024\\\/07\\\/logo.png\",\"width\":600,\"height\":428,\"caption\":\"Koonings\"},\"image\":{\"@id\":\"https:\\\/\\\/www.koonings.com\\\/fr\\\/#\\\/schema\\\/logo\\\/image\\\/\"},\"sameAs\":[\"https:\\\/\\\/www.facebook.com\\\/kooningstheweddingpalace\",\"https:\\\/\\\/www.instagram.com\\\/kooningstheweddingpalace\",\"https:\\\/\\\/www.pinterest.com\\\/koonings\",\"https:\\\/\\\/www.youtube.com\\\/kooningstheweddingpalace\"]}]}<\/script>\n<!-- \/ Yoast SEO plugin. -->","yoast_head_json":{"title":"Ladybird Annabella LB125AA1 | Koonings","description":"Pour les mari\u00e9es qui osent r\u00eaver, ce mod\u00e8le A-line souple est parfait. Il pr\u00e9sente un corsage d\u00e9licat avec des bretelles orn\u00e9es de perles, un d\u00e9collet\u00e9 en c\u0153ur et des motifs en dentelle. La jupe, en mousseline de soie, tombe gracieusement.","robots":{"index":"index","follow":"follow","max-snippet":"max-snippet:-1","max-image-preview":"max-image-preview:large","max-video-preview":"max-video-preview:-1"},"canonical":"https:\/\/www.koonings.com\/fr\/product\/ladybird-annabella-lb125aa1\/","og_locale":"fr_FR","og_type":"article","og_title":"Ladybird Annabella LB125AA1 | Koonings","og_description":"Pour les mari\u00e9es qui osent r\u00eaver, ce mod\u00e8le A-line souple est parfait. Il pr\u00e9sente un corsage d\u00e9licat avec des bretelles orn\u00e9es de perles, un d\u00e9collet\u00e9 en c\u0153ur et des motifs en dentelle. La jupe, en mousseline de soie, tombe gracieusement.","og_url":"https:\/\/www.koonings.com\/fr\/product\/ladybird-annabella-lb125aa1\/","og_site_name":"Koonings","article_publisher":"https:\/\/www.facebook.com\/kooningstheweddingpalace","og_image":[{"width":1812,"height":2560,"url":"https:\/\/www.koonings.com\/wp-content\/uploads\/2024\/11\/41008_0ac881c9670d6d9236a25d68ef811e07e04a91d2e2953c21363320ad0a5cb534a353f8f4-scaled.jpeg","type":"image\/jpeg"}],"twitter_card":"summary_large_image","schema":{"@context":"https:\/\/schema.org","@graph":[{"@type":"WebPage","@id":"https:\/\/www.koonings.com\/fr\/product\/ladybird-annabella-lb125aa1\/","url":"https:\/\/www.koonings.com\/fr\/product\/ladybird-annabella-lb125aa1\/","name":"Ladybird Annabella LB125AA1 | Koonings","isPartOf":{"@id":"https:\/\/www.koonings.com\/fr\/#website"},"primaryImageOfPage":{"@id":"https:\/\/www.koonings.com\/fr\/product\/ladybird-annabella-lb125aa1\/#primaryimage"},"image":{"@id":"https:\/\/www.koonings.com\/fr\/product\/ladybird-annabella-lb125aa1\/#primaryimage"},"thumbnailUrl":"https:\/\/www.koonings.com\/wp-content\/uploads\/2024\/11\/41008_0ac881c9670d6d9236a25d68ef811e07e04a91d2e2953c21363320ad0a5cb534a353f8f4-scaled.jpeg","datePublished":"2026-05-06T13:24:47+00:00","description":"Pour les mari\u00e9es qui osent r\u00eaver, ce mod\u00e8le A-line souple est parfait. Il pr\u00e9sente un corsage d\u00e9licat avec des bretelles orn\u00e9es de perles, un d\u00e9collet\u00e9 en c\u0153ur et des motifs en dentelle. La jupe, en mousseline de soie, tombe gracieusement.","breadcrumb":{"@id":"https:\/\/www.koonings.com\/fr\/product\/ladybird-annabella-lb125aa1\/#breadcrumb"},"inLanguage":"fr-FR","potentialAction":[{"@type":"ReadAction","target":["https:\/\/www.koonings.com\/fr\/product\/ladybird-annabella-lb125aa1\/"]}]},{"@type":"ImageObject","inLanguage":"fr-FR","@id":"https:\/\/www.koonings.com\/fr\/product\/ladybird-annabella-lb125aa1\/#primaryimage","url":"https:\/\/www.koonings.com\/wp-content\/uploads\/2024\/11\/41008_0ac881c9670d6d9236a25d68ef811e07e04a91d2e2953c21363320ad0a5cb534a353f8f4-scaled.jpeg","contentUrl":"https:\/\/www.koonings.com\/wp-content\/uploads\/2024\/11\/41008_0ac881c9670d6d9236a25d68ef811e07e04a91d2e2953c21363320ad0a5cb534a353f8f4-scaled.jpeg","width":1812,"height":2560},{"@type":"BreadcrumbList","@id":"https:\/\/www.koonings.com\/fr\/product\/ladybird-annabella-lb125aa1\/#breadcrumb","itemListElement":[{"@type":"ListItem","position":1,"name":"Home","item":"https:\/\/www.koonings.com\/fr\/"},{"@type":"ListItem","position":2,"name":"Ladybird Annabella LB125AA1"}]},{"@type":"WebSite","@id":"https:\/\/www.koonings.com\/fr\/#website","url":"https:\/\/www.koonings.com\/fr\/","name":"Koonings","description":"De grootste bruidsmodewinkel ter wereld","publisher":{"@id":"https:\/\/www.koonings.com\/fr\/#organization"},"potentialAction":[{"@type":"SearchAction","target":{"@type":"EntryPoint","urlTemplate":"https:\/\/www.koonings.com\/fr\/?s={search_term_string}"},"query-input":{"@type":"PropertyValueSpecification","valueRequired":true,"valueName":"search_term_string"}}],"inLanguage":"fr-FR"},{"@type":"Organization","@id":"https:\/\/www.koonings.com\/fr\/#organization","name":"Koonings","url":"https:\/\/www.koonings.com\/fr\/","logo":{"@type":"ImageObject","inLanguage":"fr-FR","@id":"https:\/\/www.koonings.com\/fr\/#\/schema\/logo\/image\/","url":"https:\/\/www.koonings.com\/wp-content\/uploads\/2024\/07\/logo.png","contentUrl":"https:\/\/www.koonings.com\/wp-content\/uploads\/2024\/07\/logo.png","width":600,"height":428,"caption":"Koonings"},"image":{"@id":"https:\/\/www.koonings.com\/fr\/#\/schema\/logo\/image\/"},"sameAs":["https:\/\/www.facebook.com\/kooningstheweddingpalace","https:\/\/www.instagram.com\/kooningstheweddingpalace","https:\/\/www.pinterest.com\/koonings","https:\/\/www.youtube.com\/kooningstheweddingpalace"]}]}},"_links":{"self":[{"href":"https:\/\/www.koonings.com\/fr\/wp-json\/wp\/v2\/product\/59263","targetHints":{"allow":["GET"]}}],"collection":[{"href":"https:\/\/www.koonings.com\/fr\/wp-json\/wp\/v2\/product"}],"about":[{"href":"https:\/\/www.koonings.com\/fr\/wp-json\/wp\/v2\/types\/product"}],"wp:featuredmedia":[{"embeddable":true,"href":"https:\/\/www.koonings.com\/fr\/wp-json\/wp\/v2\/media\/48833"}],"wp:attachment":[{"href":"https:\/\/www.koonings.com\/fr\/wp-json\/wp\/v2\/media?parent=59263"}],"wp:term":[{"taxonomy":"productdetails","embeddable":true,"href":"https:\/\/www.koonings.com\/fr\/wp-json\/wp\/v2\/productdetails?post=59263"},{"taxonomy":"productneck","embeddable":true,"href":"https:\/\/www.koonings.com\/fr\/wp-json\/wp\/v2\/productneck?post=59263"},{"taxonomy":"productcolor","embeddable":true,"href":"https:\/\/www.koonings.com\/fr\/wp-json\/wp\/v2\/productcolor?post=59263"},{"taxonomy":"maat","embeddable":true,"href":"https:\/\/www.koonings.com\/fr\/wp-json\/wp\/v2\/maat?post=59263"},{"taxonomy":"productsupplier","embeddable":true,"href":"https:\/\/www.koonings.com\/fr\/wp-json\/wp\/v2\/productsupplier?post=59263"},{"taxonomy":"productsleeve","embeddable":true,"href":"https:\/\/www.koonings.com\/fr\/wp-json\/wp\/v2\/productsleeve?post=59263"},{"taxonomy":"productcategory","embeddable":true,"href":"https:\/\/www.koonings.com\/fr\/wp-json\/wp\/v2\/productcategory?post=59263"},{"taxonomy":"productsilhouette","embeddable":true,"href":"https:\/\/www.koonings.com\/fr\/wp-json\/wp\/v2\/productsilhouette?post=59263"},{"taxonomy":"productstyle","embeddable":true,"href":"https:\/\/www.koonings.com\/fr\/wp-json\/wp\/v2\/productstyle?post=59263"}],"curies":[{"name":"wp","href":"https:\/\/api.w.org\/{rel}","templated":true}]}}