{"id":59224,"date":"2026-04-28T18:24:39","date_gmt":"2026-04-28T16:24:39","guid":{"rendered":"https:\/\/www.koonings.com\/product\/ladybird-isleen-lb125bw2\/"},"modified":"2025-06-05T13:18:50","modified_gmt":"2025-06-05T11:18:50","slug":"ladybird-isleen-lb125bw2","status":"publish","type":"product","link":"https:\/\/www.koonings.com\/fr\/product\/ladybird-isleen-lb125bw2\/","title":{"rendered":"Ladybird Isleen LB125BW2"},"content":{"rendered":"<p>Laissez-vous s\u00e9duire par cette robe longue au corsage en dentelle brod\u00e9e et aux d\u00e9tails perl\u00e9s. Des bretelles orn\u00e9es de bijoux courent le long d&#8217;un d\u00e9collet\u00e9 en V sensuel. La silhouette en A met en valeur votre silhouette et la jupe brille de mille feux avec des accents de paillettes sur le tulle. Un bandeau tress\u00e9 apporte la touche finale \u00e0 la tenue (non inclus dans le prix).   <\/p>\n","protected":false},"featured_media":49131,"template":"","meta":{"_acf_changed":false,"ghostkit_customizer_options":"","ghostkit_custom_css":"","ghostkit_custom_js_head":"","ghostkit_custom_js_foot":"","ghostkit_typography":""},"productdetails":[380,381],"productneck":[356],"productcolor":[392],"maat":[],"productsupplier":[437],"productsleeve":[359],"productcategory":[18],"productsilhouette":[384],"productstyle":[366],"class_list":["post-59224","product","type-product","status-publish","has-post-thumbnail","hentry","productdetails-380","productdetails-381","productneck-356","productcolor-392","productsupplier-ladybird","productsleeve-359","productcategory-trouwjurken","productsilhouette-384","productstyle-366"],"acf":[],"yoast_head":"<!-- This site is optimized with the Yoast SEO plugin v27.3 - https:\/\/yoast.com\/product\/yoast-seo-wordpress\/ -->\n<title>Ladybird Isleen LB125BW2 | Koonings<\/title>\n<meta name=\"description\" content=\"Laissez-vous s\u00e9duire par cette robe longue au corsage en dentelle brod\u00e9e et aux d\u00e9tails perl\u00e9s. Des bretelles orn\u00e9es de bijoux courent le long d&#039;un d\u00e9collet\u00e9 en V sensuel. La silhouette en A met en valeur votre silhouette et la jupe brille de mille feux avec des accents de paillettes sur le tulle. Un bandeau tress\u00e9 apporte la touche finale \u00e0 la tenue (non inclus dans le prix).\" \/>\n<meta name=\"robots\" content=\"index, follow, max-snippet:-1, max-image-preview:large, max-video-preview:-1\" \/>\n<link rel=\"canonical\" href=\"https:\/\/www.koonings.com\/fr\/product\/ladybird-isleen-lb125bw2\/\" \/>\n<meta property=\"og:locale\" content=\"fr_FR\" \/>\n<meta property=\"og:type\" content=\"article\" \/>\n<meta property=\"og:title\" content=\"Ladybird Isleen LB125BW2 | Koonings\" \/>\n<meta property=\"og:description\" content=\"Laissez-vous s\u00e9duire par cette robe longue au corsage en dentelle brod\u00e9e et aux d\u00e9tails perl\u00e9s. Des bretelles orn\u00e9es de bijoux courent le long d&#039;un d\u00e9collet\u00e9 en V sensuel. La silhouette en A met en valeur votre silhouette et la jupe brille de mille feux avec des accents de paillettes sur le tulle. Un bandeau tress\u00e9 apporte la touche finale \u00e0 la tenue (non inclus dans le prix).\" \/>\n<meta property=\"og:url\" content=\"https:\/\/www.koonings.com\/fr\/product\/ladybird-isleen-lb125bw2\/\" \/>\n<meta property=\"og:site_name\" content=\"Koonings\" \/>\n<meta property=\"article:publisher\" content=\"https:\/\/www.facebook.com\/kooningstheweddingpalace\" \/>\n<meta property=\"og:image\" content=\"https:\/\/www.koonings.com\/wp-content\/uploads\/2024\/11\/41026_ff29af9e548f255f6e5597c617fbe13deda0ef2a057ef2c9b2db04c58e5a64f8023c90b1-scaled.jpeg\" \/>\n\t<meta property=\"og:image:width\" content=\"1813\" \/>\n\t<meta property=\"og:image:height\" content=\"2560\" \/>\n\t<meta property=\"og:image:type\" content=\"image\/jpeg\" \/>\n<meta name=\"twitter:card\" content=\"summary_large_image\" \/>\n<script type=\"application\/ld+json\" class=\"yoast-schema-graph\">{\"@context\":\"https:\\\/\\\/schema.org\",\"@graph\":[{\"@type\":\"WebPage\",\"@id\":\"https:\\\/\\\/www.koonings.com\\\/fr\\\/product\\\/ladybird-isleen-lb125bw2\\\/\",\"url\":\"https:\\\/\\\/www.koonings.com\\\/fr\\\/product\\\/ladybird-isleen-lb125bw2\\\/\",\"name\":\"Ladybird Isleen LB125BW2 | Koonings\",\"isPartOf\":{\"@id\":\"https:\\\/\\\/www.koonings.com\\\/fr\\\/#website\"},\"primaryImageOfPage\":{\"@id\":\"https:\\\/\\\/www.koonings.com\\\/fr\\\/product\\\/ladybird-isleen-lb125bw2\\\/#primaryimage\"},\"image\":{\"@id\":\"https:\\\/\\\/www.koonings.com\\\/fr\\\/product\\\/ladybird-isleen-lb125bw2\\\/#primaryimage\"},\"thumbnailUrl\":\"https:\\\/\\\/www.koonings.com\\\/wp-content\\\/uploads\\\/2024\\\/11\\\/41026_ff29af9e548f255f6e5597c617fbe13deda0ef2a057ef2c9b2db04c58e5a64f8023c90b1-scaled.jpeg\",\"datePublished\":\"2026-04-28T16:24:39+00:00\",\"description\":\"Laissez-vous s\u00e9duire par cette robe longue au corsage en dentelle brod\u00e9e et aux d\u00e9tails perl\u00e9s. Des bretelles orn\u00e9es de bijoux courent le long d'un d\u00e9collet\u00e9 en V sensuel. La silhouette en A met en valeur votre silhouette et la jupe brille de mille feux avec des accents de paillettes sur le tulle. Un bandeau tress\u00e9 apporte la touche finale \u00e0 la tenue (non inclus dans le prix).\",\"breadcrumb\":{\"@id\":\"https:\\\/\\\/www.koonings.com\\\/fr\\\/product\\\/ladybird-isleen-lb125bw2\\\/#breadcrumb\"},\"inLanguage\":\"fr-FR\",\"potentialAction\":[{\"@type\":\"ReadAction\",\"target\":[\"https:\\\/\\\/www.koonings.com\\\/fr\\\/product\\\/ladybird-isleen-lb125bw2\\\/\"]}]},{\"@type\":\"ImageObject\",\"inLanguage\":\"fr-FR\",\"@id\":\"https:\\\/\\\/www.koonings.com\\\/fr\\\/product\\\/ladybird-isleen-lb125bw2\\\/#primaryimage\",\"url\":\"https:\\\/\\\/www.koonings.com\\\/wp-content\\\/uploads\\\/2024\\\/11\\\/41026_ff29af9e548f255f6e5597c617fbe13deda0ef2a057ef2c9b2db04c58e5a64f8023c90b1-scaled.jpeg\",\"contentUrl\":\"https:\\\/\\\/www.koonings.com\\\/wp-content\\\/uploads\\\/2024\\\/11\\\/41026_ff29af9e548f255f6e5597c617fbe13deda0ef2a057ef2c9b2db04c58e5a64f8023c90b1-scaled.jpeg\",\"width\":1813,\"height\":2560},{\"@type\":\"BreadcrumbList\",\"@id\":\"https:\\\/\\\/www.koonings.com\\\/fr\\\/product\\\/ladybird-isleen-lb125bw2\\\/#breadcrumb\",\"itemListElement\":[{\"@type\":\"ListItem\",\"position\":1,\"name\":\"Home\",\"item\":\"https:\\\/\\\/www.koonings.com\\\/fr\\\/\"},{\"@type\":\"ListItem\",\"position\":2,\"name\":\"Ladybird Isleen LB125BW2\"}]},{\"@type\":\"WebSite\",\"@id\":\"https:\\\/\\\/www.koonings.com\\\/fr\\\/#website\",\"url\":\"https:\\\/\\\/www.koonings.com\\\/fr\\\/\",\"name\":\"Koonings\",\"description\":\"De grootste bruidsmodewinkel ter wereld\",\"publisher\":{\"@id\":\"https:\\\/\\\/www.koonings.com\\\/fr\\\/#organization\"},\"potentialAction\":[{\"@type\":\"SearchAction\",\"target\":{\"@type\":\"EntryPoint\",\"urlTemplate\":\"https:\\\/\\\/www.koonings.com\\\/fr\\\/?s={search_term_string}\"},\"query-input\":{\"@type\":\"PropertyValueSpecification\",\"valueRequired\":true,\"valueName\":\"search_term_string\"}}],\"inLanguage\":\"fr-FR\"},{\"@type\":\"Organization\",\"@id\":\"https:\\\/\\\/www.koonings.com\\\/fr\\\/#organization\",\"name\":\"Koonings\",\"url\":\"https:\\\/\\\/www.koonings.com\\\/fr\\\/\",\"logo\":{\"@type\":\"ImageObject\",\"inLanguage\":\"fr-FR\",\"@id\":\"https:\\\/\\\/www.koonings.com\\\/fr\\\/#\\\/schema\\\/logo\\\/image\\\/\",\"url\":\"https:\\\/\\\/www.koonings.com\\\/wp-content\\\/uploads\\\/2024\\\/07\\\/logo.png\",\"contentUrl\":\"https:\\\/\\\/www.koonings.com\\\/wp-content\\\/uploads\\\/2024\\\/07\\\/logo.png\",\"width\":600,\"height\":428,\"caption\":\"Koonings\"},\"image\":{\"@id\":\"https:\\\/\\\/www.koonings.com\\\/fr\\\/#\\\/schema\\\/logo\\\/image\\\/\"},\"sameAs\":[\"https:\\\/\\\/www.facebook.com\\\/kooningstheweddingpalace\",\"https:\\\/\\\/www.instagram.com\\\/kooningstheweddingpalace\",\"https:\\\/\\\/www.pinterest.com\\\/koonings\",\"https:\\\/\\\/www.youtube.com\\\/kooningstheweddingpalace\"]}]}<\/script>\n<!-- \/ Yoast SEO plugin. -->","yoast_head_json":{"title":"Ladybird Isleen LB125BW2 | Koonings","description":"Laissez-vous s\u00e9duire par cette robe longue au corsage en dentelle brod\u00e9e et aux d\u00e9tails perl\u00e9s. Des bretelles orn\u00e9es de bijoux courent le long d'un d\u00e9collet\u00e9 en V sensuel. La silhouette en A met en valeur votre silhouette et la jupe brille de mille feux avec des accents de paillettes sur le tulle. Un bandeau tress\u00e9 apporte la touche finale \u00e0 la tenue (non inclus dans le prix).","robots":{"index":"index","follow":"follow","max-snippet":"max-snippet:-1","max-image-preview":"max-image-preview:large","max-video-preview":"max-video-preview:-1"},"canonical":"https:\/\/www.koonings.com\/fr\/product\/ladybird-isleen-lb125bw2\/","og_locale":"fr_FR","og_type":"article","og_title":"Ladybird Isleen LB125BW2 | Koonings","og_description":"Laissez-vous s\u00e9duire par cette robe longue au corsage en dentelle brod\u00e9e et aux d\u00e9tails perl\u00e9s. Des bretelles orn\u00e9es de bijoux courent le long d'un d\u00e9collet\u00e9 en V sensuel. La silhouette en A met en valeur votre silhouette et la jupe brille de mille feux avec des accents de paillettes sur le tulle. Un bandeau tress\u00e9 apporte la touche finale \u00e0 la tenue (non inclus dans le prix).","og_url":"https:\/\/www.koonings.com\/fr\/product\/ladybird-isleen-lb125bw2\/","og_site_name":"Koonings","article_publisher":"https:\/\/www.facebook.com\/kooningstheweddingpalace","og_image":[{"width":1813,"height":2560,"url":"https:\/\/www.koonings.com\/wp-content\/uploads\/2024\/11\/41026_ff29af9e548f255f6e5597c617fbe13deda0ef2a057ef2c9b2db04c58e5a64f8023c90b1-scaled.jpeg","type":"image\/jpeg"}],"twitter_card":"summary_large_image","schema":{"@context":"https:\/\/schema.org","@graph":[{"@type":"WebPage","@id":"https:\/\/www.koonings.com\/fr\/product\/ladybird-isleen-lb125bw2\/","url":"https:\/\/www.koonings.com\/fr\/product\/ladybird-isleen-lb125bw2\/","name":"Ladybird Isleen LB125BW2 | Koonings","isPartOf":{"@id":"https:\/\/www.koonings.com\/fr\/#website"},"primaryImageOfPage":{"@id":"https:\/\/www.koonings.com\/fr\/product\/ladybird-isleen-lb125bw2\/#primaryimage"},"image":{"@id":"https:\/\/www.koonings.com\/fr\/product\/ladybird-isleen-lb125bw2\/#primaryimage"},"thumbnailUrl":"https:\/\/www.koonings.com\/wp-content\/uploads\/2024\/11\/41026_ff29af9e548f255f6e5597c617fbe13deda0ef2a057ef2c9b2db04c58e5a64f8023c90b1-scaled.jpeg","datePublished":"2026-04-28T16:24:39+00:00","description":"Laissez-vous s\u00e9duire par cette robe longue au corsage en dentelle brod\u00e9e et aux d\u00e9tails perl\u00e9s. Des bretelles orn\u00e9es de bijoux courent le long d'un d\u00e9collet\u00e9 en V sensuel. La silhouette en A met en valeur votre silhouette et la jupe brille de mille feux avec des accents de paillettes sur le tulle. Un bandeau tress\u00e9 apporte la touche finale \u00e0 la tenue (non inclus dans le prix).","breadcrumb":{"@id":"https:\/\/www.koonings.com\/fr\/product\/ladybird-isleen-lb125bw2\/#breadcrumb"},"inLanguage":"fr-FR","potentialAction":[{"@type":"ReadAction","target":["https:\/\/www.koonings.com\/fr\/product\/ladybird-isleen-lb125bw2\/"]}]},{"@type":"ImageObject","inLanguage":"fr-FR","@id":"https:\/\/www.koonings.com\/fr\/product\/ladybird-isleen-lb125bw2\/#primaryimage","url":"https:\/\/www.koonings.com\/wp-content\/uploads\/2024\/11\/41026_ff29af9e548f255f6e5597c617fbe13deda0ef2a057ef2c9b2db04c58e5a64f8023c90b1-scaled.jpeg","contentUrl":"https:\/\/www.koonings.com\/wp-content\/uploads\/2024\/11\/41026_ff29af9e548f255f6e5597c617fbe13deda0ef2a057ef2c9b2db04c58e5a64f8023c90b1-scaled.jpeg","width":1813,"height":2560},{"@type":"BreadcrumbList","@id":"https:\/\/www.koonings.com\/fr\/product\/ladybird-isleen-lb125bw2\/#breadcrumb","itemListElement":[{"@type":"ListItem","position":1,"name":"Home","item":"https:\/\/www.koonings.com\/fr\/"},{"@type":"ListItem","position":2,"name":"Ladybird Isleen LB125BW2"}]},{"@type":"WebSite","@id":"https:\/\/www.koonings.com\/fr\/#website","url":"https:\/\/www.koonings.com\/fr\/","name":"Koonings","description":"De grootste bruidsmodewinkel ter wereld","publisher":{"@id":"https:\/\/www.koonings.com\/fr\/#organization"},"potentialAction":[{"@type":"SearchAction","target":{"@type":"EntryPoint","urlTemplate":"https:\/\/www.koonings.com\/fr\/?s={search_term_string}"},"query-input":{"@type":"PropertyValueSpecification","valueRequired":true,"valueName":"search_term_string"}}],"inLanguage":"fr-FR"},{"@type":"Organization","@id":"https:\/\/www.koonings.com\/fr\/#organization","name":"Koonings","url":"https:\/\/www.koonings.com\/fr\/","logo":{"@type":"ImageObject","inLanguage":"fr-FR","@id":"https:\/\/www.koonings.com\/fr\/#\/schema\/logo\/image\/","url":"https:\/\/www.koonings.com\/wp-content\/uploads\/2024\/07\/logo.png","contentUrl":"https:\/\/www.koonings.com\/wp-content\/uploads\/2024\/07\/logo.png","width":600,"height":428,"caption":"Koonings"},"image":{"@id":"https:\/\/www.koonings.com\/fr\/#\/schema\/logo\/image\/"},"sameAs":["https:\/\/www.facebook.com\/kooningstheweddingpalace","https:\/\/www.instagram.com\/kooningstheweddingpalace","https:\/\/www.pinterest.com\/koonings","https:\/\/www.youtube.com\/kooningstheweddingpalace"]}]}},"_links":{"self":[{"href":"https:\/\/www.koonings.com\/fr\/wp-json\/wp\/v2\/product\/59224","targetHints":{"allow":["GET"]}}],"collection":[{"href":"https:\/\/www.koonings.com\/fr\/wp-json\/wp\/v2\/product"}],"about":[{"href":"https:\/\/www.koonings.com\/fr\/wp-json\/wp\/v2\/types\/product"}],"wp:featuredmedia":[{"embeddable":true,"href":"https:\/\/www.koonings.com\/fr\/wp-json\/wp\/v2\/media\/49131"}],"wp:attachment":[{"href":"https:\/\/www.koonings.com\/fr\/wp-json\/wp\/v2\/media?parent=59224"}],"wp:term":[{"taxonomy":"productdetails","embeddable":true,"href":"https:\/\/www.koonings.com\/fr\/wp-json\/wp\/v2\/productdetails?post=59224"},{"taxonomy":"productneck","embeddable":true,"href":"https:\/\/www.koonings.com\/fr\/wp-json\/wp\/v2\/productneck?post=59224"},{"taxonomy":"productcolor","embeddable":true,"href":"https:\/\/www.koonings.com\/fr\/wp-json\/wp\/v2\/productcolor?post=59224"},{"taxonomy":"maat","embeddable":true,"href":"https:\/\/www.koonings.com\/fr\/wp-json\/wp\/v2\/maat?post=59224"},{"taxonomy":"productsupplier","embeddable":true,"href":"https:\/\/www.koonings.com\/fr\/wp-json\/wp\/v2\/productsupplier?post=59224"},{"taxonomy":"productsleeve","embeddable":true,"href":"https:\/\/www.koonings.com\/fr\/wp-json\/wp\/v2\/productsleeve?post=59224"},{"taxonomy":"productcategory","embeddable":true,"href":"https:\/\/www.koonings.com\/fr\/wp-json\/wp\/v2\/productcategory?post=59224"},{"taxonomy":"productsilhouette","embeddable":true,"href":"https:\/\/www.koonings.com\/fr\/wp-json\/wp\/v2\/productsilhouette?post=59224"},{"taxonomy":"productstyle","embeddable":true,"href":"https:\/\/www.koonings.com\/fr\/wp-json\/wp\/v2\/productstyle?post=59224"}],"curies":[{"name":"wp","href":"https:\/\/api.w.org\/{rel}","templated":true}]}}