{"id":59198,"date":"2025-12-15T00:39:00","date_gmt":"2025-12-14T23:39:00","guid":{"rendered":"https:\/\/www.koonings.com\/product\/ladybird-asperation-lb125bf3\/"},"modified":"2026-02-03T18:49:12","modified_gmt":"2026-02-03T17:49:12","slug":"ladybird-asperation-lb125bf3","status":"publish","type":"product","link":"https:\/\/www.koonings.com\/fr\/product\/ladybird-asperation-lb125bf3\/","title":{"rendered":"Ladybird Asperation LB125BF3"},"content":{"rendered":"<p>Bercez votre silhouette de tulle et de dentelle brod\u00e9e avec ce mod\u00e8le long et ample. Elle met en valeur la subtilit\u00e9 des motifs d&#8217;inspiration florale qui se r\u00e9p\u00e8tent sur le corsage \u00e0 encolure en V et sur les bords inf\u00e9rieurs de la jupe. Les bretelles orn\u00e9es de bijoux se croisent dans le dos en une double bretelle.  <\/p>\n","protected":false},"featured_media":49299,"template":"","meta":{"_acf_changed":false,"ghostkit_customizer_options":"","ghostkit_custom_css":"","ghostkit_custom_js_head":"","ghostkit_custom_js_foot":"","ghostkit_typography":""},"productdetails":[379,381],"productneck":[356],"productcolor":[393,392],"maat":[],"productsupplier":[437],"productsleeve":[359],"productcategory":[18],"productsilhouette":[384],"productstyle":[366],"class_list":["post-59198","product","type-product","status-publish","has-post-thumbnail","hentry","productdetails-379","productdetails-381","productneck-356","productcolor-393","productcolor-392","productsupplier-ladybird","productsleeve-359","productcategory-trouwjurken","productsilhouette-384","productstyle-366"],"acf":[],"yoast_head":"<!-- This site is optimized with the Yoast SEO plugin v27.3 - https:\/\/yoast.com\/product\/yoast-seo-wordpress\/ -->\n<title>Ladybird Asperation LB125BF3 | Koonings<\/title>\n<meta name=\"description\" content=\"Bercez votre silhouette de tulle et de dentelle brod\u00e9e avec ce mod\u00e8le long et ample. Elle met en valeur la subtilit\u00e9 des motifs d&#039;inspiration florale qui se r\u00e9p\u00e8tent sur le corsage \u00e0 encolure en V et sur les bords inf\u00e9rieurs de la jupe. Les bretelles orn\u00e9es de bijoux se croisent dans le dos en une double bretelle.\" \/>\n<meta name=\"robots\" content=\"index, follow, max-snippet:-1, max-image-preview:large, max-video-preview:-1\" \/>\n<link rel=\"canonical\" href=\"https:\/\/www.koonings.com\/fr\/product\/ladybird-asperation-lb125bf3\/\" \/>\n<meta property=\"og:locale\" content=\"fr_FR\" \/>\n<meta property=\"og:type\" content=\"article\" \/>\n<meta property=\"og:title\" content=\"Ladybird Asperation LB125BF3 | Koonings\" \/>\n<meta property=\"og:description\" content=\"Bercez votre silhouette de tulle et de dentelle brod\u00e9e avec ce mod\u00e8le long et ample. Elle met en valeur la subtilit\u00e9 des motifs d&#039;inspiration florale qui se r\u00e9p\u00e8tent sur le corsage \u00e0 encolure en V et sur les bords inf\u00e9rieurs de la jupe. Les bretelles orn\u00e9es de bijoux se croisent dans le dos en une double bretelle.\" \/>\n<meta property=\"og:url\" content=\"https:\/\/www.koonings.com\/fr\/product\/ladybird-asperation-lb125bf3\/\" \/>\n<meta property=\"og:site_name\" content=\"Koonings\" \/>\n<meta property=\"article:publisher\" content=\"https:\/\/www.facebook.com\/kooningstheweddingpalace\" \/>\n<meta property=\"article:modified_time\" content=\"2026-02-03T17:49:12+00:00\" \/>\n<meta property=\"og:image\" content=\"https:\/\/www.koonings.com\/wp-content\/uploads\/2024\/11\/41034_88217465c7f29247938481e516ee836f6d7216c02f09e276dc1c019d39e805b0dad4f27b-scaled.jpeg\" \/>\n\t<meta property=\"og:image:width\" content=\"1811\" \/>\n\t<meta property=\"og:image:height\" content=\"2560\" \/>\n\t<meta property=\"og:image:type\" content=\"image\/jpeg\" \/>\n<meta name=\"twitter:card\" content=\"summary_large_image\" \/>\n<script type=\"application\/ld+json\" class=\"yoast-schema-graph\">{\"@context\":\"https:\\\/\\\/schema.org\",\"@graph\":[{\"@type\":\"WebPage\",\"@id\":\"https:\\\/\\\/www.koonings.com\\\/fr\\\/product\\\/ladybird-asperation-lb125bf3\\\/\",\"url\":\"https:\\\/\\\/www.koonings.com\\\/fr\\\/product\\\/ladybird-asperation-lb125bf3\\\/\",\"name\":\"Ladybird Asperation LB125BF3 | Koonings\",\"isPartOf\":{\"@id\":\"https:\\\/\\\/www.koonings.com\\\/fr\\\/#website\"},\"primaryImageOfPage\":{\"@id\":\"https:\\\/\\\/www.koonings.com\\\/fr\\\/product\\\/ladybird-asperation-lb125bf3\\\/#primaryimage\"},\"image\":{\"@id\":\"https:\\\/\\\/www.koonings.com\\\/fr\\\/product\\\/ladybird-asperation-lb125bf3\\\/#primaryimage\"},\"thumbnailUrl\":\"https:\\\/\\\/www.koonings.com\\\/wp-content\\\/uploads\\\/2024\\\/11\\\/41034_88217465c7f29247938481e516ee836f6d7216c02f09e276dc1c019d39e805b0dad4f27b-scaled.jpeg\",\"datePublished\":\"2025-12-14T23:39:00+00:00\",\"dateModified\":\"2026-02-03T17:49:12+00:00\",\"description\":\"Bercez votre silhouette de tulle et de dentelle brod\u00e9e avec ce mod\u00e8le long et ample. Elle met en valeur la subtilit\u00e9 des motifs d'inspiration florale qui se r\u00e9p\u00e8tent sur le corsage \u00e0 encolure en V et sur les bords inf\u00e9rieurs de la jupe. Les bretelles orn\u00e9es de bijoux se croisent dans le dos en une double bretelle.\",\"breadcrumb\":{\"@id\":\"https:\\\/\\\/www.koonings.com\\\/fr\\\/product\\\/ladybird-asperation-lb125bf3\\\/#breadcrumb\"},\"inLanguage\":\"fr-FR\",\"potentialAction\":[{\"@type\":\"ReadAction\",\"target\":[\"https:\\\/\\\/www.koonings.com\\\/fr\\\/product\\\/ladybird-asperation-lb125bf3\\\/\"]}]},{\"@type\":\"ImageObject\",\"inLanguage\":\"fr-FR\",\"@id\":\"https:\\\/\\\/www.koonings.com\\\/fr\\\/product\\\/ladybird-asperation-lb125bf3\\\/#primaryimage\",\"url\":\"https:\\\/\\\/www.koonings.com\\\/wp-content\\\/uploads\\\/2024\\\/11\\\/41034_88217465c7f29247938481e516ee836f6d7216c02f09e276dc1c019d39e805b0dad4f27b-scaled.jpeg\",\"contentUrl\":\"https:\\\/\\\/www.koonings.com\\\/wp-content\\\/uploads\\\/2024\\\/11\\\/41034_88217465c7f29247938481e516ee836f6d7216c02f09e276dc1c019d39e805b0dad4f27b-scaled.jpeg\",\"width\":1811,\"height\":2560},{\"@type\":\"BreadcrumbList\",\"@id\":\"https:\\\/\\\/www.koonings.com\\\/fr\\\/product\\\/ladybird-asperation-lb125bf3\\\/#breadcrumb\",\"itemListElement\":[{\"@type\":\"ListItem\",\"position\":1,\"name\":\"Home\",\"item\":\"https:\\\/\\\/www.koonings.com\\\/fr\\\/\"},{\"@type\":\"ListItem\",\"position\":2,\"name\":\"Ladybird Asperation LB125BF3\"}]},{\"@type\":\"WebSite\",\"@id\":\"https:\\\/\\\/www.koonings.com\\\/fr\\\/#website\",\"url\":\"https:\\\/\\\/www.koonings.com\\\/fr\\\/\",\"name\":\"Koonings\",\"description\":\"De grootste bruidsmodewinkel ter wereld\",\"publisher\":{\"@id\":\"https:\\\/\\\/www.koonings.com\\\/fr\\\/#organization\"},\"potentialAction\":[{\"@type\":\"SearchAction\",\"target\":{\"@type\":\"EntryPoint\",\"urlTemplate\":\"https:\\\/\\\/www.koonings.com\\\/fr\\\/?s={search_term_string}\"},\"query-input\":{\"@type\":\"PropertyValueSpecification\",\"valueRequired\":true,\"valueName\":\"search_term_string\"}}],\"inLanguage\":\"fr-FR\"},{\"@type\":\"Organization\",\"@id\":\"https:\\\/\\\/www.koonings.com\\\/fr\\\/#organization\",\"name\":\"Koonings\",\"url\":\"https:\\\/\\\/www.koonings.com\\\/fr\\\/\",\"logo\":{\"@type\":\"ImageObject\",\"inLanguage\":\"fr-FR\",\"@id\":\"https:\\\/\\\/www.koonings.com\\\/fr\\\/#\\\/schema\\\/logo\\\/image\\\/\",\"url\":\"https:\\\/\\\/www.koonings.com\\\/wp-content\\\/uploads\\\/2024\\\/07\\\/logo.png\",\"contentUrl\":\"https:\\\/\\\/www.koonings.com\\\/wp-content\\\/uploads\\\/2024\\\/07\\\/logo.png\",\"width\":600,\"height\":428,\"caption\":\"Koonings\"},\"image\":{\"@id\":\"https:\\\/\\\/www.koonings.com\\\/fr\\\/#\\\/schema\\\/logo\\\/image\\\/\"},\"sameAs\":[\"https:\\\/\\\/www.facebook.com\\\/kooningstheweddingpalace\",\"https:\\\/\\\/www.instagram.com\\\/kooningstheweddingpalace\",\"https:\\\/\\\/www.pinterest.com\\\/koonings\",\"https:\\\/\\\/www.youtube.com\\\/kooningstheweddingpalace\"]}]}<\/script>\n<!-- \/ Yoast SEO plugin. -->","yoast_head_json":{"title":"Ladybird Asperation LB125BF3 | Koonings","description":"Bercez votre silhouette de tulle et de dentelle brod\u00e9e avec ce mod\u00e8le long et ample. Elle met en valeur la subtilit\u00e9 des motifs d'inspiration florale qui se r\u00e9p\u00e8tent sur le corsage \u00e0 encolure en V et sur les bords inf\u00e9rieurs de la jupe. Les bretelles orn\u00e9es de bijoux se croisent dans le dos en une double bretelle.","robots":{"index":"index","follow":"follow","max-snippet":"max-snippet:-1","max-image-preview":"max-image-preview:large","max-video-preview":"max-video-preview:-1"},"canonical":"https:\/\/www.koonings.com\/fr\/product\/ladybird-asperation-lb125bf3\/","og_locale":"fr_FR","og_type":"article","og_title":"Ladybird Asperation LB125BF3 | Koonings","og_description":"Bercez votre silhouette de tulle et de dentelle brod\u00e9e avec ce mod\u00e8le long et ample. Elle met en valeur la subtilit\u00e9 des motifs d'inspiration florale qui se r\u00e9p\u00e8tent sur le corsage \u00e0 encolure en V et sur les bords inf\u00e9rieurs de la jupe. Les bretelles orn\u00e9es de bijoux se croisent dans le dos en une double bretelle.","og_url":"https:\/\/www.koonings.com\/fr\/product\/ladybird-asperation-lb125bf3\/","og_site_name":"Koonings","article_publisher":"https:\/\/www.facebook.com\/kooningstheweddingpalace","article_modified_time":"2026-02-03T17:49:12+00:00","og_image":[{"width":1811,"height":2560,"url":"https:\/\/www.koonings.com\/wp-content\/uploads\/2024\/11\/41034_88217465c7f29247938481e516ee836f6d7216c02f09e276dc1c019d39e805b0dad4f27b-scaled.jpeg","type":"image\/jpeg"}],"twitter_card":"summary_large_image","schema":{"@context":"https:\/\/schema.org","@graph":[{"@type":"WebPage","@id":"https:\/\/www.koonings.com\/fr\/product\/ladybird-asperation-lb125bf3\/","url":"https:\/\/www.koonings.com\/fr\/product\/ladybird-asperation-lb125bf3\/","name":"Ladybird Asperation LB125BF3 | Koonings","isPartOf":{"@id":"https:\/\/www.koonings.com\/fr\/#website"},"primaryImageOfPage":{"@id":"https:\/\/www.koonings.com\/fr\/product\/ladybird-asperation-lb125bf3\/#primaryimage"},"image":{"@id":"https:\/\/www.koonings.com\/fr\/product\/ladybird-asperation-lb125bf3\/#primaryimage"},"thumbnailUrl":"https:\/\/www.koonings.com\/wp-content\/uploads\/2024\/11\/41034_88217465c7f29247938481e516ee836f6d7216c02f09e276dc1c019d39e805b0dad4f27b-scaled.jpeg","datePublished":"2025-12-14T23:39:00+00:00","dateModified":"2026-02-03T17:49:12+00:00","description":"Bercez votre silhouette de tulle et de dentelle brod\u00e9e avec ce mod\u00e8le long et ample. Elle met en valeur la subtilit\u00e9 des motifs d'inspiration florale qui se r\u00e9p\u00e8tent sur le corsage \u00e0 encolure en V et sur les bords inf\u00e9rieurs de la jupe. Les bretelles orn\u00e9es de bijoux se croisent dans le dos en une double bretelle.","breadcrumb":{"@id":"https:\/\/www.koonings.com\/fr\/product\/ladybird-asperation-lb125bf3\/#breadcrumb"},"inLanguage":"fr-FR","potentialAction":[{"@type":"ReadAction","target":["https:\/\/www.koonings.com\/fr\/product\/ladybird-asperation-lb125bf3\/"]}]},{"@type":"ImageObject","inLanguage":"fr-FR","@id":"https:\/\/www.koonings.com\/fr\/product\/ladybird-asperation-lb125bf3\/#primaryimage","url":"https:\/\/www.koonings.com\/wp-content\/uploads\/2024\/11\/41034_88217465c7f29247938481e516ee836f6d7216c02f09e276dc1c019d39e805b0dad4f27b-scaled.jpeg","contentUrl":"https:\/\/www.koonings.com\/wp-content\/uploads\/2024\/11\/41034_88217465c7f29247938481e516ee836f6d7216c02f09e276dc1c019d39e805b0dad4f27b-scaled.jpeg","width":1811,"height":2560},{"@type":"BreadcrumbList","@id":"https:\/\/www.koonings.com\/fr\/product\/ladybird-asperation-lb125bf3\/#breadcrumb","itemListElement":[{"@type":"ListItem","position":1,"name":"Home","item":"https:\/\/www.koonings.com\/fr\/"},{"@type":"ListItem","position":2,"name":"Ladybird Asperation LB125BF3"}]},{"@type":"WebSite","@id":"https:\/\/www.koonings.com\/fr\/#website","url":"https:\/\/www.koonings.com\/fr\/","name":"Koonings","description":"De grootste bruidsmodewinkel ter wereld","publisher":{"@id":"https:\/\/www.koonings.com\/fr\/#organization"},"potentialAction":[{"@type":"SearchAction","target":{"@type":"EntryPoint","urlTemplate":"https:\/\/www.koonings.com\/fr\/?s={search_term_string}"},"query-input":{"@type":"PropertyValueSpecification","valueRequired":true,"valueName":"search_term_string"}}],"inLanguage":"fr-FR"},{"@type":"Organization","@id":"https:\/\/www.koonings.com\/fr\/#organization","name":"Koonings","url":"https:\/\/www.koonings.com\/fr\/","logo":{"@type":"ImageObject","inLanguage":"fr-FR","@id":"https:\/\/www.koonings.com\/fr\/#\/schema\/logo\/image\/","url":"https:\/\/www.koonings.com\/wp-content\/uploads\/2024\/07\/logo.png","contentUrl":"https:\/\/www.koonings.com\/wp-content\/uploads\/2024\/07\/logo.png","width":600,"height":428,"caption":"Koonings"},"image":{"@id":"https:\/\/www.koonings.com\/fr\/#\/schema\/logo\/image\/"},"sameAs":["https:\/\/www.facebook.com\/kooningstheweddingpalace","https:\/\/www.instagram.com\/kooningstheweddingpalace","https:\/\/www.pinterest.com\/koonings","https:\/\/www.youtube.com\/kooningstheweddingpalace"]}]}},"_links":{"self":[{"href":"https:\/\/www.koonings.com\/fr\/wp-json\/wp\/v2\/product\/59198","targetHints":{"allow":["GET"]}}],"collection":[{"href":"https:\/\/www.koonings.com\/fr\/wp-json\/wp\/v2\/product"}],"about":[{"href":"https:\/\/www.koonings.com\/fr\/wp-json\/wp\/v2\/types\/product"}],"wp:featuredmedia":[{"embeddable":true,"href":"https:\/\/www.koonings.com\/fr\/wp-json\/wp\/v2\/media\/49299"}],"wp:attachment":[{"href":"https:\/\/www.koonings.com\/fr\/wp-json\/wp\/v2\/media?parent=59198"}],"wp:term":[{"taxonomy":"productdetails","embeddable":true,"href":"https:\/\/www.koonings.com\/fr\/wp-json\/wp\/v2\/productdetails?post=59198"},{"taxonomy":"productneck","embeddable":true,"href":"https:\/\/www.koonings.com\/fr\/wp-json\/wp\/v2\/productneck?post=59198"},{"taxonomy":"productcolor","embeddable":true,"href":"https:\/\/www.koonings.com\/fr\/wp-json\/wp\/v2\/productcolor?post=59198"},{"taxonomy":"maat","embeddable":true,"href":"https:\/\/www.koonings.com\/fr\/wp-json\/wp\/v2\/maat?post=59198"},{"taxonomy":"productsupplier","embeddable":true,"href":"https:\/\/www.koonings.com\/fr\/wp-json\/wp\/v2\/productsupplier?post=59198"},{"taxonomy":"productsleeve","embeddable":true,"href":"https:\/\/www.koonings.com\/fr\/wp-json\/wp\/v2\/productsleeve?post=59198"},{"taxonomy":"productcategory","embeddable":true,"href":"https:\/\/www.koonings.com\/fr\/wp-json\/wp\/v2\/productcategory?post=59198"},{"taxonomy":"productsilhouette","embeddable":true,"href":"https:\/\/www.koonings.com\/fr\/wp-json\/wp\/v2\/productsilhouette?post=59198"},{"taxonomy":"productstyle","embeddable":true,"href":"https:\/\/www.koonings.com\/fr\/wp-json\/wp\/v2\/productstyle?post=59198"}],"curies":[{"name":"wp","href":"https:\/\/api.w.org\/{rel}","templated":true}]}}