{"id":59183,"date":"2026-04-14T16:26:28","date_gmt":"2026-04-14T14:26:28","guid":{"rendered":"https:\/\/www.koonings.com\/product\/pronovias-fashion-group-charline-pr125cb2\/"},"modified":"2025-06-05T13:20:29","modified_gmt":"2025-06-05T11:20:29","slug":"pronovias-fashion-group-charline-pr125cb2","status":"publish","type":"product","link":"https:\/\/www.koonings.com\/fr\/product\/pronovias-fashion-group-charline-pr125cb2\/","title":{"rendered":"Pronovias Fashion Group Charline PR125CB2"},"content":{"rendered":"<p>L&#8217;\u00e9l\u00e9gant style sir\u00e8ne de CHARLINE prend vie gr\u00e2ce \u00e0 un superbe jacquard floral. Confectionn\u00e9e dans un tissu mikado traditionnel pour plus de structure, elle pr\u00e9sente un d\u00e9collet\u00e9 en V profond sur le devant et dans le dos, un d\u00e9tail en forme de gu\u00eape \u00e0 la taille et une jupe qui \u00e9pouse la silhouette sur le haut de la jambe et s&#8217;ouvre \u00e0 partir du genou pour un effet sophistiqu\u00e9. Enfin, elle est dot\u00e9e d&#8217;une tra\u00eene amovible pour une touche encore plus sp\u00e9ciale.  <\/p>\n","protected":false},"featured_media":49421,"template":"","meta":{"_acf_changed":false,"ghostkit_customizer_options":"","ghostkit_custom_css":"","ghostkit_custom_js_head":"","ghostkit_custom_js_foot":"","ghostkit_typography":""},"productdetails":[],"productneck":[356],"productcolor":[392],"maat":[],"productsupplier":[430],"productsleeve":[359],"productcategory":[18],"productsilhouette":[387],"productstyle":[366],"class_list":["post-59183","product","type-product","status-publish","has-post-thumbnail","hentry","productneck-356","productcolor-392","productsupplier-pronovias-fashion-group","productsleeve-359","productcategory-trouwjurken","productsilhouette-387","productstyle-366"],"acf":[],"yoast_head":"<!-- This site is optimized with the Yoast SEO plugin v27.3 - https:\/\/yoast.com\/product\/yoast-seo-wordpress\/ -->\n<title>Pronovias Fashion Group Charline PR125CB2 | Koonings<\/title>\n<meta name=\"description\" content=\"L&#039;\u00e9l\u00e9gant style sir\u00e8ne de CHARLINE prend vie gr\u00e2ce \u00e0 un superbe jacquard floral. Confectionn\u00e9e dans un tissu mikado traditionnel pour plus de structure, elle pr\u00e9sente un d\u00e9collet\u00e9 en V profond sur le devant et dans le dos, un d\u00e9tail en forme de gu\u00eape \u00e0 la taille et une jupe qui \u00e9pouse la silhouette sur le haut de la jambe et s&#039;ouvre \u00e0 partir du genou pour un effet sophistiqu\u00e9. Enfin, elle est dot\u00e9e d&#039;une tra\u00eene amovible pour une touche encore plus sp\u00e9ciale.\" \/>\n<meta name=\"robots\" content=\"index, follow, max-snippet:-1, max-image-preview:large, max-video-preview:-1\" \/>\n<link rel=\"canonical\" href=\"https:\/\/www.koonings.com\/fr\/product\/pronovias-fashion-group-charline-pr125cb2\/\" \/>\n<meta property=\"og:locale\" content=\"fr_FR\" \/>\n<meta property=\"og:type\" content=\"article\" \/>\n<meta property=\"og:title\" content=\"Pronovias Fashion Group Charline PR125CB2 | Koonings\" \/>\n<meta property=\"og:description\" content=\"L&#039;\u00e9l\u00e9gant style sir\u00e8ne de CHARLINE prend vie gr\u00e2ce \u00e0 un superbe jacquard floral. Confectionn\u00e9e dans un tissu mikado traditionnel pour plus de structure, elle pr\u00e9sente un d\u00e9collet\u00e9 en V profond sur le devant et dans le dos, un d\u00e9tail en forme de gu\u00eape \u00e0 la taille et une jupe qui \u00e9pouse la silhouette sur le haut de la jambe et s&#039;ouvre \u00e0 partir du genou pour un effet sophistiqu\u00e9. Enfin, elle est dot\u00e9e d&#039;une tra\u00eene amovible pour une touche encore plus sp\u00e9ciale.\" \/>\n<meta property=\"og:url\" content=\"https:\/\/www.koonings.com\/fr\/product\/pronovias-fashion-group-charline-pr125cb2\/\" \/>\n<meta property=\"og:site_name\" content=\"Koonings\" \/>\n<meta property=\"article:publisher\" content=\"https:\/\/www.facebook.com\/kooningstheweddingpalace\" \/>\n<meta property=\"og:image\" content=\"https:\/\/www.koonings.com\/wp-content\/uploads\/2024\/11\/41040_19d2de757d10dd64c261dc2012c7877fbaf1f5b10dce7cc1b75f42b82d210d2379112fcf-scaled.jpeg\" \/>\n\t<meta property=\"og:image:width\" content=\"1812\" \/>\n\t<meta property=\"og:image:height\" content=\"2560\" \/>\n\t<meta property=\"og:image:type\" content=\"image\/jpeg\" \/>\n<meta name=\"twitter:card\" content=\"summary_large_image\" \/>\n<script type=\"application\/ld+json\" class=\"yoast-schema-graph\">{\"@context\":\"https:\\\/\\\/schema.org\",\"@graph\":[{\"@type\":\"WebPage\",\"@id\":\"https:\\\/\\\/www.koonings.com\\\/fr\\\/product\\\/pronovias-fashion-group-charline-pr125cb2\\\/\",\"url\":\"https:\\\/\\\/www.koonings.com\\\/fr\\\/product\\\/pronovias-fashion-group-charline-pr125cb2\\\/\",\"name\":\"Pronovias Fashion Group Charline PR125CB2 | Koonings\",\"isPartOf\":{\"@id\":\"https:\\\/\\\/www.koonings.com\\\/fr\\\/#website\"},\"primaryImageOfPage\":{\"@id\":\"https:\\\/\\\/www.koonings.com\\\/fr\\\/product\\\/pronovias-fashion-group-charline-pr125cb2\\\/#primaryimage\"},\"image\":{\"@id\":\"https:\\\/\\\/www.koonings.com\\\/fr\\\/product\\\/pronovias-fashion-group-charline-pr125cb2\\\/#primaryimage\"},\"thumbnailUrl\":\"https:\\\/\\\/www.koonings.com\\\/wp-content\\\/uploads\\\/2024\\\/11\\\/41040_19d2de757d10dd64c261dc2012c7877fbaf1f5b10dce7cc1b75f42b82d210d2379112fcf-scaled.jpeg\",\"datePublished\":\"2026-04-14T14:26:28+00:00\",\"description\":\"L'\u00e9l\u00e9gant style sir\u00e8ne de CHARLINE prend vie gr\u00e2ce \u00e0 un superbe jacquard floral. Confectionn\u00e9e dans un tissu mikado traditionnel pour plus de structure, elle pr\u00e9sente un d\u00e9collet\u00e9 en V profond sur le devant et dans le dos, un d\u00e9tail en forme de gu\u00eape \u00e0 la taille et une jupe qui \u00e9pouse la silhouette sur le haut de la jambe et s'ouvre \u00e0 partir du genou pour un effet sophistiqu\u00e9. Enfin, elle est dot\u00e9e d'une tra\u00eene amovible pour une touche encore plus sp\u00e9ciale.\",\"breadcrumb\":{\"@id\":\"https:\\\/\\\/www.koonings.com\\\/fr\\\/product\\\/pronovias-fashion-group-charline-pr125cb2\\\/#breadcrumb\"},\"inLanguage\":\"fr-FR\",\"potentialAction\":[{\"@type\":\"ReadAction\",\"target\":[\"https:\\\/\\\/www.koonings.com\\\/fr\\\/product\\\/pronovias-fashion-group-charline-pr125cb2\\\/\"]}]},{\"@type\":\"ImageObject\",\"inLanguage\":\"fr-FR\",\"@id\":\"https:\\\/\\\/www.koonings.com\\\/fr\\\/product\\\/pronovias-fashion-group-charline-pr125cb2\\\/#primaryimage\",\"url\":\"https:\\\/\\\/www.koonings.com\\\/wp-content\\\/uploads\\\/2024\\\/11\\\/41040_19d2de757d10dd64c261dc2012c7877fbaf1f5b10dce7cc1b75f42b82d210d2379112fcf-scaled.jpeg\",\"contentUrl\":\"https:\\\/\\\/www.koonings.com\\\/wp-content\\\/uploads\\\/2024\\\/11\\\/41040_19d2de757d10dd64c261dc2012c7877fbaf1f5b10dce7cc1b75f42b82d210d2379112fcf-scaled.jpeg\",\"width\":1812,\"height\":2560},{\"@type\":\"BreadcrumbList\",\"@id\":\"https:\\\/\\\/www.koonings.com\\\/fr\\\/product\\\/pronovias-fashion-group-charline-pr125cb2\\\/#breadcrumb\",\"itemListElement\":[{\"@type\":\"ListItem\",\"position\":1,\"name\":\"Home\",\"item\":\"https:\\\/\\\/www.koonings.com\\\/fr\\\/\"},{\"@type\":\"ListItem\",\"position\":2,\"name\":\"Pronovias Fashion Group Charline PR125CB2\"}]},{\"@type\":\"WebSite\",\"@id\":\"https:\\\/\\\/www.koonings.com\\\/fr\\\/#website\",\"url\":\"https:\\\/\\\/www.koonings.com\\\/fr\\\/\",\"name\":\"Koonings\",\"description\":\"De grootste bruidsmodewinkel ter wereld\",\"publisher\":{\"@id\":\"https:\\\/\\\/www.koonings.com\\\/fr\\\/#organization\"},\"potentialAction\":[{\"@type\":\"SearchAction\",\"target\":{\"@type\":\"EntryPoint\",\"urlTemplate\":\"https:\\\/\\\/www.koonings.com\\\/fr\\\/?s={search_term_string}\"},\"query-input\":{\"@type\":\"PropertyValueSpecification\",\"valueRequired\":true,\"valueName\":\"search_term_string\"}}],\"inLanguage\":\"fr-FR\"},{\"@type\":\"Organization\",\"@id\":\"https:\\\/\\\/www.koonings.com\\\/fr\\\/#organization\",\"name\":\"Koonings\",\"url\":\"https:\\\/\\\/www.koonings.com\\\/fr\\\/\",\"logo\":{\"@type\":\"ImageObject\",\"inLanguage\":\"fr-FR\",\"@id\":\"https:\\\/\\\/www.koonings.com\\\/fr\\\/#\\\/schema\\\/logo\\\/image\\\/\",\"url\":\"https:\\\/\\\/www.koonings.com\\\/wp-content\\\/uploads\\\/2024\\\/07\\\/logo.png\",\"contentUrl\":\"https:\\\/\\\/www.koonings.com\\\/wp-content\\\/uploads\\\/2024\\\/07\\\/logo.png\",\"width\":600,\"height\":428,\"caption\":\"Koonings\"},\"image\":{\"@id\":\"https:\\\/\\\/www.koonings.com\\\/fr\\\/#\\\/schema\\\/logo\\\/image\\\/\"},\"sameAs\":[\"https:\\\/\\\/www.facebook.com\\\/kooningstheweddingpalace\",\"https:\\\/\\\/www.instagram.com\\\/kooningstheweddingpalace\",\"https:\\\/\\\/www.pinterest.com\\\/koonings\",\"https:\\\/\\\/www.youtube.com\\\/kooningstheweddingpalace\"]}]}<\/script>\n<!-- \/ Yoast SEO plugin. -->","yoast_head_json":{"title":"Pronovias Fashion Group Charline PR125CB2 | Koonings","description":"L'\u00e9l\u00e9gant style sir\u00e8ne de CHARLINE prend vie gr\u00e2ce \u00e0 un superbe jacquard floral. Confectionn\u00e9e dans un tissu mikado traditionnel pour plus de structure, elle pr\u00e9sente un d\u00e9collet\u00e9 en V profond sur le devant et dans le dos, un d\u00e9tail en forme de gu\u00eape \u00e0 la taille et une jupe qui \u00e9pouse la silhouette sur le haut de la jambe et s'ouvre \u00e0 partir du genou pour un effet sophistiqu\u00e9. Enfin, elle est dot\u00e9e d'une tra\u00eene amovible pour une touche encore plus sp\u00e9ciale.","robots":{"index":"index","follow":"follow","max-snippet":"max-snippet:-1","max-image-preview":"max-image-preview:large","max-video-preview":"max-video-preview:-1"},"canonical":"https:\/\/www.koonings.com\/fr\/product\/pronovias-fashion-group-charline-pr125cb2\/","og_locale":"fr_FR","og_type":"article","og_title":"Pronovias Fashion Group Charline PR125CB2 | Koonings","og_description":"L'\u00e9l\u00e9gant style sir\u00e8ne de CHARLINE prend vie gr\u00e2ce \u00e0 un superbe jacquard floral. Confectionn\u00e9e dans un tissu mikado traditionnel pour plus de structure, elle pr\u00e9sente un d\u00e9collet\u00e9 en V profond sur le devant et dans le dos, un d\u00e9tail en forme de gu\u00eape \u00e0 la taille et une jupe qui \u00e9pouse la silhouette sur le haut de la jambe et s'ouvre \u00e0 partir du genou pour un effet sophistiqu\u00e9. Enfin, elle est dot\u00e9e d'une tra\u00eene amovible pour une touche encore plus sp\u00e9ciale.","og_url":"https:\/\/www.koonings.com\/fr\/product\/pronovias-fashion-group-charline-pr125cb2\/","og_site_name":"Koonings","article_publisher":"https:\/\/www.facebook.com\/kooningstheweddingpalace","og_image":[{"width":1812,"height":2560,"url":"https:\/\/www.koonings.com\/wp-content\/uploads\/2024\/11\/41040_19d2de757d10dd64c261dc2012c7877fbaf1f5b10dce7cc1b75f42b82d210d2379112fcf-scaled.jpeg","type":"image\/jpeg"}],"twitter_card":"summary_large_image","schema":{"@context":"https:\/\/schema.org","@graph":[{"@type":"WebPage","@id":"https:\/\/www.koonings.com\/fr\/product\/pronovias-fashion-group-charline-pr125cb2\/","url":"https:\/\/www.koonings.com\/fr\/product\/pronovias-fashion-group-charline-pr125cb2\/","name":"Pronovias Fashion Group Charline PR125CB2 | Koonings","isPartOf":{"@id":"https:\/\/www.koonings.com\/fr\/#website"},"primaryImageOfPage":{"@id":"https:\/\/www.koonings.com\/fr\/product\/pronovias-fashion-group-charline-pr125cb2\/#primaryimage"},"image":{"@id":"https:\/\/www.koonings.com\/fr\/product\/pronovias-fashion-group-charline-pr125cb2\/#primaryimage"},"thumbnailUrl":"https:\/\/www.koonings.com\/wp-content\/uploads\/2024\/11\/41040_19d2de757d10dd64c261dc2012c7877fbaf1f5b10dce7cc1b75f42b82d210d2379112fcf-scaled.jpeg","datePublished":"2026-04-14T14:26:28+00:00","description":"L'\u00e9l\u00e9gant style sir\u00e8ne de CHARLINE prend vie gr\u00e2ce \u00e0 un superbe jacquard floral. Confectionn\u00e9e dans un tissu mikado traditionnel pour plus de structure, elle pr\u00e9sente un d\u00e9collet\u00e9 en V profond sur le devant et dans le dos, un d\u00e9tail en forme de gu\u00eape \u00e0 la taille et une jupe qui \u00e9pouse la silhouette sur le haut de la jambe et s'ouvre \u00e0 partir du genou pour un effet sophistiqu\u00e9. Enfin, elle est dot\u00e9e d'une tra\u00eene amovible pour une touche encore plus sp\u00e9ciale.","breadcrumb":{"@id":"https:\/\/www.koonings.com\/fr\/product\/pronovias-fashion-group-charline-pr125cb2\/#breadcrumb"},"inLanguage":"fr-FR","potentialAction":[{"@type":"ReadAction","target":["https:\/\/www.koonings.com\/fr\/product\/pronovias-fashion-group-charline-pr125cb2\/"]}]},{"@type":"ImageObject","inLanguage":"fr-FR","@id":"https:\/\/www.koonings.com\/fr\/product\/pronovias-fashion-group-charline-pr125cb2\/#primaryimage","url":"https:\/\/www.koonings.com\/wp-content\/uploads\/2024\/11\/41040_19d2de757d10dd64c261dc2012c7877fbaf1f5b10dce7cc1b75f42b82d210d2379112fcf-scaled.jpeg","contentUrl":"https:\/\/www.koonings.com\/wp-content\/uploads\/2024\/11\/41040_19d2de757d10dd64c261dc2012c7877fbaf1f5b10dce7cc1b75f42b82d210d2379112fcf-scaled.jpeg","width":1812,"height":2560},{"@type":"BreadcrumbList","@id":"https:\/\/www.koonings.com\/fr\/product\/pronovias-fashion-group-charline-pr125cb2\/#breadcrumb","itemListElement":[{"@type":"ListItem","position":1,"name":"Home","item":"https:\/\/www.koonings.com\/fr\/"},{"@type":"ListItem","position":2,"name":"Pronovias Fashion Group Charline PR125CB2"}]},{"@type":"WebSite","@id":"https:\/\/www.koonings.com\/fr\/#website","url":"https:\/\/www.koonings.com\/fr\/","name":"Koonings","description":"De grootste bruidsmodewinkel ter wereld","publisher":{"@id":"https:\/\/www.koonings.com\/fr\/#organization"},"potentialAction":[{"@type":"SearchAction","target":{"@type":"EntryPoint","urlTemplate":"https:\/\/www.koonings.com\/fr\/?s={search_term_string}"},"query-input":{"@type":"PropertyValueSpecification","valueRequired":true,"valueName":"search_term_string"}}],"inLanguage":"fr-FR"},{"@type":"Organization","@id":"https:\/\/www.koonings.com\/fr\/#organization","name":"Koonings","url":"https:\/\/www.koonings.com\/fr\/","logo":{"@type":"ImageObject","inLanguage":"fr-FR","@id":"https:\/\/www.koonings.com\/fr\/#\/schema\/logo\/image\/","url":"https:\/\/www.koonings.com\/wp-content\/uploads\/2024\/07\/logo.png","contentUrl":"https:\/\/www.koonings.com\/wp-content\/uploads\/2024\/07\/logo.png","width":600,"height":428,"caption":"Koonings"},"image":{"@id":"https:\/\/www.koonings.com\/fr\/#\/schema\/logo\/image\/"},"sameAs":["https:\/\/www.facebook.com\/kooningstheweddingpalace","https:\/\/www.instagram.com\/kooningstheweddingpalace","https:\/\/www.pinterest.com\/koonings","https:\/\/www.youtube.com\/kooningstheweddingpalace"]}]}},"_links":{"self":[{"href":"https:\/\/www.koonings.com\/fr\/wp-json\/wp\/v2\/product\/59183","targetHints":{"allow":["GET"]}}],"collection":[{"href":"https:\/\/www.koonings.com\/fr\/wp-json\/wp\/v2\/product"}],"about":[{"href":"https:\/\/www.koonings.com\/fr\/wp-json\/wp\/v2\/types\/product"}],"wp:featuredmedia":[{"embeddable":true,"href":"https:\/\/www.koonings.com\/fr\/wp-json\/wp\/v2\/media\/49421"}],"wp:attachment":[{"href":"https:\/\/www.koonings.com\/fr\/wp-json\/wp\/v2\/media?parent=59183"}],"wp:term":[{"taxonomy":"productdetails","embeddable":true,"href":"https:\/\/www.koonings.com\/fr\/wp-json\/wp\/v2\/productdetails?post=59183"},{"taxonomy":"productneck","embeddable":true,"href":"https:\/\/www.koonings.com\/fr\/wp-json\/wp\/v2\/productneck?post=59183"},{"taxonomy":"productcolor","embeddable":true,"href":"https:\/\/www.koonings.com\/fr\/wp-json\/wp\/v2\/productcolor?post=59183"},{"taxonomy":"maat","embeddable":true,"href":"https:\/\/www.koonings.com\/fr\/wp-json\/wp\/v2\/maat?post=59183"},{"taxonomy":"productsupplier","embeddable":true,"href":"https:\/\/www.koonings.com\/fr\/wp-json\/wp\/v2\/productsupplier?post=59183"},{"taxonomy":"productsleeve","embeddable":true,"href":"https:\/\/www.koonings.com\/fr\/wp-json\/wp\/v2\/productsleeve?post=59183"},{"taxonomy":"productcategory","embeddable":true,"href":"https:\/\/www.koonings.com\/fr\/wp-json\/wp\/v2\/productcategory?post=59183"},{"taxonomy":"productsilhouette","embeddable":true,"href":"https:\/\/www.koonings.com\/fr\/wp-json\/wp\/v2\/productsilhouette?post=59183"},{"taxonomy":"productstyle","embeddable":true,"href":"https:\/\/www.koonings.com\/fr\/wp-json\/wp\/v2\/productstyle?post=59183"}],"curies":[{"name":"wp","href":"https:\/\/api.w.org\/{rel}","templated":true}]}}