{"id":59164,"date":"2026-04-14T16:26:30","date_gmt":"2026-04-14T14:26:30","guid":{"rendered":"https:\/\/www.koonings.com\/product\/pronovias-fashion-group-oropha-pr125ci2\/"},"modified":"2025-06-05T13:12:42","modified_gmt":"2025-06-05T11:12:42","slug":"pronovias-fashion-group-oropha-pr125ci2","status":"publish","type":"product","link":"https:\/\/www.koonings.com\/fr\/product\/pronovias-fashion-group-oropha-pr125ci2\/","title":{"rendered":"Pronovias Fashion Group Oropha PR125CI2"},"content":{"rendered":"<p>L&#8217;\u00e9l\u00e9gance d&#8217;OROPHA se voit au premier coup d&#8217;\u0153il. Cette robe sir\u00e8ne en cr\u00eape pr\u00e9sente un corsage rembourr\u00e9 avec un d\u00e9collet\u00e9 en V sur le devant, des d\u00e9tails d&#8217;os gaufr\u00e9s et de longues manches ajust\u00e9es, id\u00e9ales pour les temps chauds ou froids. La jupe unie de style sir\u00e8ne, longueur genou, s&#8217;\u00e9vase progressivement jusqu&#8217;au sol et peut \u00eatre enti\u00e8rement transform\u00e9e gr\u00e2ce \u00e0 une large jupe amovible.  <\/p>\n","protected":false},"featured_media":49568,"template":"","meta":{"_acf_changed":false,"ghostkit_customizer_options":"","ghostkit_custom_css":"","ghostkit_custom_js_head":"","ghostkit_custom_js_foot":"","ghostkit_typography":""},"productdetails":[],"productneck":[356],"productcolor":[392],"maat":[],"productsupplier":[430],"productsleeve":[362],"productcategory":[18],"productsilhouette":[387],"productstyle":[369,365],"class_list":["post-59164","product","type-product","status-publish","has-post-thumbnail","hentry","productneck-356","productcolor-392","productsupplier-pronovias-fashion-group","productsleeve-362","productcategory-trouwjurken","productsilhouette-387","productstyle-369","productstyle-365"],"acf":[],"yoast_head":"<!-- This site is optimized with the Yoast SEO plugin v27.3 - https:\/\/yoast.com\/product\/yoast-seo-wordpress\/ -->\n<title>Pronovias Fashion Group Oropha PR125CI2 | Koonings<\/title>\n<meta name=\"description\" content=\"L&#039;\u00e9l\u00e9gance d&#039;OROPHA se voit au premier coup d&#039;\u0153il. Cette robe sir\u00e8ne en cr\u00eape pr\u00e9sente un corsage rembourr\u00e9 avec un d\u00e9collet\u00e9 en V sur le devant, des d\u00e9tails d&#039;os gaufr\u00e9s et de longues manches ajust\u00e9es, id\u00e9ales pour les temps chauds ou froids. La jupe unie de style sir\u00e8ne, longueur genou, s&#039;\u00e9vase progressivement jusqu&#039;au sol et peut \u00eatre enti\u00e8rement transform\u00e9e gr\u00e2ce \u00e0 une large jupe amovible.\" \/>\n<meta name=\"robots\" content=\"index, follow, max-snippet:-1, max-image-preview:large, max-video-preview:-1\" \/>\n<link rel=\"canonical\" href=\"https:\/\/www.koonings.com\/fr\/product\/pronovias-fashion-group-oropha-pr125ci2\/\" \/>\n<meta property=\"og:locale\" content=\"fr_FR\" \/>\n<meta property=\"og:type\" content=\"article\" \/>\n<meta property=\"og:title\" content=\"Pronovias Fashion Group Oropha PR125CI2 | Koonings\" \/>\n<meta property=\"og:description\" content=\"L&#039;\u00e9l\u00e9gance d&#039;OROPHA se voit au premier coup d&#039;\u0153il. Cette robe sir\u00e8ne en cr\u00eape pr\u00e9sente un corsage rembourr\u00e9 avec un d\u00e9collet\u00e9 en V sur le devant, des d\u00e9tails d&#039;os gaufr\u00e9s et de longues manches ajust\u00e9es, id\u00e9ales pour les temps chauds ou froids. La jupe unie de style sir\u00e8ne, longueur genou, s&#039;\u00e9vase progressivement jusqu&#039;au sol et peut \u00eatre enti\u00e8rement transform\u00e9e gr\u00e2ce \u00e0 une large jupe amovible.\" \/>\n<meta property=\"og:url\" content=\"https:\/\/www.koonings.com\/fr\/product\/pronovias-fashion-group-oropha-pr125ci2\/\" \/>\n<meta property=\"og:site_name\" content=\"Koonings\" \/>\n<meta property=\"article:publisher\" content=\"https:\/\/www.facebook.com\/kooningstheweddingpalace\" \/>\n<meta property=\"og:image\" content=\"https:\/\/www.koonings.com\/wp-content\/uploads\/2024\/11\/41047_f1522105f3929c55a68ceff394067872cb54cded486c7b29a01ea8c8d413de32c5b77aaa-scaled.jpeg\" \/>\n\t<meta property=\"og:image:width\" content=\"1813\" \/>\n\t<meta property=\"og:image:height\" content=\"2560\" \/>\n\t<meta property=\"og:image:type\" content=\"image\/jpeg\" \/>\n<meta name=\"twitter:card\" content=\"summary_large_image\" \/>\n<script type=\"application\/ld+json\" class=\"yoast-schema-graph\">{\"@context\":\"https:\\\/\\\/schema.org\",\"@graph\":[{\"@type\":\"WebPage\",\"@id\":\"https:\\\/\\\/www.koonings.com\\\/fr\\\/product\\\/pronovias-fashion-group-oropha-pr125ci2\\\/\",\"url\":\"https:\\\/\\\/www.koonings.com\\\/fr\\\/product\\\/pronovias-fashion-group-oropha-pr125ci2\\\/\",\"name\":\"Pronovias Fashion Group Oropha PR125CI2 | Koonings\",\"isPartOf\":{\"@id\":\"https:\\\/\\\/www.koonings.com\\\/fr\\\/#website\"},\"primaryImageOfPage\":{\"@id\":\"https:\\\/\\\/www.koonings.com\\\/fr\\\/product\\\/pronovias-fashion-group-oropha-pr125ci2\\\/#primaryimage\"},\"image\":{\"@id\":\"https:\\\/\\\/www.koonings.com\\\/fr\\\/product\\\/pronovias-fashion-group-oropha-pr125ci2\\\/#primaryimage\"},\"thumbnailUrl\":\"https:\\\/\\\/www.koonings.com\\\/wp-content\\\/uploads\\\/2024\\\/11\\\/41047_f1522105f3929c55a68ceff394067872cb54cded486c7b29a01ea8c8d413de32c5b77aaa-scaled.jpeg\",\"datePublished\":\"2026-04-14T14:26:30+00:00\",\"description\":\"L'\u00e9l\u00e9gance d'OROPHA se voit au premier coup d'\u0153il. Cette robe sir\u00e8ne en cr\u00eape pr\u00e9sente un corsage rembourr\u00e9 avec un d\u00e9collet\u00e9 en V sur le devant, des d\u00e9tails d'os gaufr\u00e9s et de longues manches ajust\u00e9es, id\u00e9ales pour les temps chauds ou froids. La jupe unie de style sir\u00e8ne, longueur genou, s'\u00e9vase progressivement jusqu'au sol et peut \u00eatre enti\u00e8rement transform\u00e9e gr\u00e2ce \u00e0 une large jupe amovible.\",\"breadcrumb\":{\"@id\":\"https:\\\/\\\/www.koonings.com\\\/fr\\\/product\\\/pronovias-fashion-group-oropha-pr125ci2\\\/#breadcrumb\"},\"inLanguage\":\"fr-FR\",\"potentialAction\":[{\"@type\":\"ReadAction\",\"target\":[\"https:\\\/\\\/www.koonings.com\\\/fr\\\/product\\\/pronovias-fashion-group-oropha-pr125ci2\\\/\"]}]},{\"@type\":\"ImageObject\",\"inLanguage\":\"fr-FR\",\"@id\":\"https:\\\/\\\/www.koonings.com\\\/fr\\\/product\\\/pronovias-fashion-group-oropha-pr125ci2\\\/#primaryimage\",\"url\":\"https:\\\/\\\/www.koonings.com\\\/wp-content\\\/uploads\\\/2024\\\/11\\\/41047_f1522105f3929c55a68ceff394067872cb54cded486c7b29a01ea8c8d413de32c5b77aaa-scaled.jpeg\",\"contentUrl\":\"https:\\\/\\\/www.koonings.com\\\/wp-content\\\/uploads\\\/2024\\\/11\\\/41047_f1522105f3929c55a68ceff394067872cb54cded486c7b29a01ea8c8d413de32c5b77aaa-scaled.jpeg\",\"width\":1813,\"height\":2560},{\"@type\":\"BreadcrumbList\",\"@id\":\"https:\\\/\\\/www.koonings.com\\\/fr\\\/product\\\/pronovias-fashion-group-oropha-pr125ci2\\\/#breadcrumb\",\"itemListElement\":[{\"@type\":\"ListItem\",\"position\":1,\"name\":\"Home\",\"item\":\"https:\\\/\\\/www.koonings.com\\\/fr\\\/\"},{\"@type\":\"ListItem\",\"position\":2,\"name\":\"Pronovias Fashion Group Oropha PR125CI2\"}]},{\"@type\":\"WebSite\",\"@id\":\"https:\\\/\\\/www.koonings.com\\\/fr\\\/#website\",\"url\":\"https:\\\/\\\/www.koonings.com\\\/fr\\\/\",\"name\":\"Koonings\",\"description\":\"De grootste bruidsmodewinkel ter wereld\",\"publisher\":{\"@id\":\"https:\\\/\\\/www.koonings.com\\\/fr\\\/#organization\"},\"potentialAction\":[{\"@type\":\"SearchAction\",\"target\":{\"@type\":\"EntryPoint\",\"urlTemplate\":\"https:\\\/\\\/www.koonings.com\\\/fr\\\/?s={search_term_string}\"},\"query-input\":{\"@type\":\"PropertyValueSpecification\",\"valueRequired\":true,\"valueName\":\"search_term_string\"}}],\"inLanguage\":\"fr-FR\"},{\"@type\":\"Organization\",\"@id\":\"https:\\\/\\\/www.koonings.com\\\/fr\\\/#organization\",\"name\":\"Koonings\",\"url\":\"https:\\\/\\\/www.koonings.com\\\/fr\\\/\",\"logo\":{\"@type\":\"ImageObject\",\"inLanguage\":\"fr-FR\",\"@id\":\"https:\\\/\\\/www.koonings.com\\\/fr\\\/#\\\/schema\\\/logo\\\/image\\\/\",\"url\":\"https:\\\/\\\/www.koonings.com\\\/wp-content\\\/uploads\\\/2024\\\/07\\\/logo.png\",\"contentUrl\":\"https:\\\/\\\/www.koonings.com\\\/wp-content\\\/uploads\\\/2024\\\/07\\\/logo.png\",\"width\":600,\"height\":428,\"caption\":\"Koonings\"},\"image\":{\"@id\":\"https:\\\/\\\/www.koonings.com\\\/fr\\\/#\\\/schema\\\/logo\\\/image\\\/\"},\"sameAs\":[\"https:\\\/\\\/www.facebook.com\\\/kooningstheweddingpalace\",\"https:\\\/\\\/www.instagram.com\\\/kooningstheweddingpalace\",\"https:\\\/\\\/www.pinterest.com\\\/koonings\",\"https:\\\/\\\/www.youtube.com\\\/kooningstheweddingpalace\"]}]}<\/script>\n<!-- \/ Yoast SEO plugin. -->","yoast_head_json":{"title":"Pronovias Fashion Group Oropha PR125CI2 | Koonings","description":"L'\u00e9l\u00e9gance d'OROPHA se voit au premier coup d'\u0153il. Cette robe sir\u00e8ne en cr\u00eape pr\u00e9sente un corsage rembourr\u00e9 avec un d\u00e9collet\u00e9 en V sur le devant, des d\u00e9tails d'os gaufr\u00e9s et de longues manches ajust\u00e9es, id\u00e9ales pour les temps chauds ou froids. La jupe unie de style sir\u00e8ne, longueur genou, s'\u00e9vase progressivement jusqu'au sol et peut \u00eatre enti\u00e8rement transform\u00e9e gr\u00e2ce \u00e0 une large jupe amovible.","robots":{"index":"index","follow":"follow","max-snippet":"max-snippet:-1","max-image-preview":"max-image-preview:large","max-video-preview":"max-video-preview:-1"},"canonical":"https:\/\/www.koonings.com\/fr\/product\/pronovias-fashion-group-oropha-pr125ci2\/","og_locale":"fr_FR","og_type":"article","og_title":"Pronovias Fashion Group Oropha PR125CI2 | Koonings","og_description":"L'\u00e9l\u00e9gance d'OROPHA se voit au premier coup d'\u0153il. Cette robe sir\u00e8ne en cr\u00eape pr\u00e9sente un corsage rembourr\u00e9 avec un d\u00e9collet\u00e9 en V sur le devant, des d\u00e9tails d'os gaufr\u00e9s et de longues manches ajust\u00e9es, id\u00e9ales pour les temps chauds ou froids. La jupe unie de style sir\u00e8ne, longueur genou, s'\u00e9vase progressivement jusqu'au sol et peut \u00eatre enti\u00e8rement transform\u00e9e gr\u00e2ce \u00e0 une large jupe amovible.","og_url":"https:\/\/www.koonings.com\/fr\/product\/pronovias-fashion-group-oropha-pr125ci2\/","og_site_name":"Koonings","article_publisher":"https:\/\/www.facebook.com\/kooningstheweddingpalace","og_image":[{"width":1813,"height":2560,"url":"https:\/\/www.koonings.com\/wp-content\/uploads\/2024\/11\/41047_f1522105f3929c55a68ceff394067872cb54cded486c7b29a01ea8c8d413de32c5b77aaa-scaled.jpeg","type":"image\/jpeg"}],"twitter_card":"summary_large_image","schema":{"@context":"https:\/\/schema.org","@graph":[{"@type":"WebPage","@id":"https:\/\/www.koonings.com\/fr\/product\/pronovias-fashion-group-oropha-pr125ci2\/","url":"https:\/\/www.koonings.com\/fr\/product\/pronovias-fashion-group-oropha-pr125ci2\/","name":"Pronovias Fashion Group Oropha PR125CI2 | Koonings","isPartOf":{"@id":"https:\/\/www.koonings.com\/fr\/#website"},"primaryImageOfPage":{"@id":"https:\/\/www.koonings.com\/fr\/product\/pronovias-fashion-group-oropha-pr125ci2\/#primaryimage"},"image":{"@id":"https:\/\/www.koonings.com\/fr\/product\/pronovias-fashion-group-oropha-pr125ci2\/#primaryimage"},"thumbnailUrl":"https:\/\/www.koonings.com\/wp-content\/uploads\/2024\/11\/41047_f1522105f3929c55a68ceff394067872cb54cded486c7b29a01ea8c8d413de32c5b77aaa-scaled.jpeg","datePublished":"2026-04-14T14:26:30+00:00","description":"L'\u00e9l\u00e9gance d'OROPHA se voit au premier coup d'\u0153il. Cette robe sir\u00e8ne en cr\u00eape pr\u00e9sente un corsage rembourr\u00e9 avec un d\u00e9collet\u00e9 en V sur le devant, des d\u00e9tails d'os gaufr\u00e9s et de longues manches ajust\u00e9es, id\u00e9ales pour les temps chauds ou froids. La jupe unie de style sir\u00e8ne, longueur genou, s'\u00e9vase progressivement jusqu'au sol et peut \u00eatre enti\u00e8rement transform\u00e9e gr\u00e2ce \u00e0 une large jupe amovible.","breadcrumb":{"@id":"https:\/\/www.koonings.com\/fr\/product\/pronovias-fashion-group-oropha-pr125ci2\/#breadcrumb"},"inLanguage":"fr-FR","potentialAction":[{"@type":"ReadAction","target":["https:\/\/www.koonings.com\/fr\/product\/pronovias-fashion-group-oropha-pr125ci2\/"]}]},{"@type":"ImageObject","inLanguage":"fr-FR","@id":"https:\/\/www.koonings.com\/fr\/product\/pronovias-fashion-group-oropha-pr125ci2\/#primaryimage","url":"https:\/\/www.koonings.com\/wp-content\/uploads\/2024\/11\/41047_f1522105f3929c55a68ceff394067872cb54cded486c7b29a01ea8c8d413de32c5b77aaa-scaled.jpeg","contentUrl":"https:\/\/www.koonings.com\/wp-content\/uploads\/2024\/11\/41047_f1522105f3929c55a68ceff394067872cb54cded486c7b29a01ea8c8d413de32c5b77aaa-scaled.jpeg","width":1813,"height":2560},{"@type":"BreadcrumbList","@id":"https:\/\/www.koonings.com\/fr\/product\/pronovias-fashion-group-oropha-pr125ci2\/#breadcrumb","itemListElement":[{"@type":"ListItem","position":1,"name":"Home","item":"https:\/\/www.koonings.com\/fr\/"},{"@type":"ListItem","position":2,"name":"Pronovias Fashion Group Oropha PR125CI2"}]},{"@type":"WebSite","@id":"https:\/\/www.koonings.com\/fr\/#website","url":"https:\/\/www.koonings.com\/fr\/","name":"Koonings","description":"De grootste bruidsmodewinkel ter wereld","publisher":{"@id":"https:\/\/www.koonings.com\/fr\/#organization"},"potentialAction":[{"@type":"SearchAction","target":{"@type":"EntryPoint","urlTemplate":"https:\/\/www.koonings.com\/fr\/?s={search_term_string}"},"query-input":{"@type":"PropertyValueSpecification","valueRequired":true,"valueName":"search_term_string"}}],"inLanguage":"fr-FR"},{"@type":"Organization","@id":"https:\/\/www.koonings.com\/fr\/#organization","name":"Koonings","url":"https:\/\/www.koonings.com\/fr\/","logo":{"@type":"ImageObject","inLanguage":"fr-FR","@id":"https:\/\/www.koonings.com\/fr\/#\/schema\/logo\/image\/","url":"https:\/\/www.koonings.com\/wp-content\/uploads\/2024\/07\/logo.png","contentUrl":"https:\/\/www.koonings.com\/wp-content\/uploads\/2024\/07\/logo.png","width":600,"height":428,"caption":"Koonings"},"image":{"@id":"https:\/\/www.koonings.com\/fr\/#\/schema\/logo\/image\/"},"sameAs":["https:\/\/www.facebook.com\/kooningstheweddingpalace","https:\/\/www.instagram.com\/kooningstheweddingpalace","https:\/\/www.pinterest.com\/koonings","https:\/\/www.youtube.com\/kooningstheweddingpalace"]}]}},"_links":{"self":[{"href":"https:\/\/www.koonings.com\/fr\/wp-json\/wp\/v2\/product\/59164","targetHints":{"allow":["GET"]}}],"collection":[{"href":"https:\/\/www.koonings.com\/fr\/wp-json\/wp\/v2\/product"}],"about":[{"href":"https:\/\/www.koonings.com\/fr\/wp-json\/wp\/v2\/types\/product"}],"wp:featuredmedia":[{"embeddable":true,"href":"https:\/\/www.koonings.com\/fr\/wp-json\/wp\/v2\/media\/49568"}],"wp:attachment":[{"href":"https:\/\/www.koonings.com\/fr\/wp-json\/wp\/v2\/media?parent=59164"}],"wp:term":[{"taxonomy":"productdetails","embeddable":true,"href":"https:\/\/www.koonings.com\/fr\/wp-json\/wp\/v2\/productdetails?post=59164"},{"taxonomy":"productneck","embeddable":true,"href":"https:\/\/www.koonings.com\/fr\/wp-json\/wp\/v2\/productneck?post=59164"},{"taxonomy":"productcolor","embeddable":true,"href":"https:\/\/www.koonings.com\/fr\/wp-json\/wp\/v2\/productcolor?post=59164"},{"taxonomy":"maat","embeddable":true,"href":"https:\/\/www.koonings.com\/fr\/wp-json\/wp\/v2\/maat?post=59164"},{"taxonomy":"productsupplier","embeddable":true,"href":"https:\/\/www.koonings.com\/fr\/wp-json\/wp\/v2\/productsupplier?post=59164"},{"taxonomy":"productsleeve","embeddable":true,"href":"https:\/\/www.koonings.com\/fr\/wp-json\/wp\/v2\/productsleeve?post=59164"},{"taxonomy":"productcategory","embeddable":true,"href":"https:\/\/www.koonings.com\/fr\/wp-json\/wp\/v2\/productcategory?post=59164"},{"taxonomy":"productsilhouette","embeddable":true,"href":"https:\/\/www.koonings.com\/fr\/wp-json\/wp\/v2\/productsilhouette?post=59164"},{"taxonomy":"productstyle","embeddable":true,"href":"https:\/\/www.koonings.com\/fr\/wp-json\/wp\/v2\/productstyle?post=59164"}],"curies":[{"name":"wp","href":"https:\/\/api.w.org\/{rel}","templated":true}]}}