{"id":59150,"date":"2026-05-06T15:26:02","date_gmt":"2026-05-06T13:26:02","guid":{"rendered":"https:\/\/www.koonings.com\/product\/pronovias-fashion-group-kamerie-pr125df1\/"},"modified":"2025-06-05T13:19:11","modified_gmt":"2025-06-05T11:19:11","slug":"pronovias-fashion-group-kamerie-pr125df1","status":"publish","type":"product","link":"https:\/\/www.koonings.com\/fr\/product\/pronovias-fashion-group-kamerie-pr125df1\/","title":{"rendered":"Pronovias Fashion Group Kamerie PR125DF1"},"content":{"rendered":"<p>Les d\u00e9tails enchanteurs de KAMERIE sont impr\u00e9gn\u00e9s du charme de la nature. Cette robe de princesse pr\u00e9sente un corsage avec un d\u00e9collet\u00e9 en c\u0153ur, des d\u00e9tails transparents dans le dos et des ornements en dentelle scintillante et en strass qui se poursuivent sur les fines bretelles et la jupe large en tulle pour une finition romantique digne d&#8217;un conte de f\u00e9es. <\/p>\n","protected":false},"featured_media":49640,"template":"","meta":{"_acf_changed":false,"ghostkit_customizer_options":"","ghostkit_custom_css":"","ghostkit_custom_js_head":"","ghostkit_custom_js_foot":"","ghostkit_typography":""},"productdetails":[381],"productneck":[355],"productcolor":[392],"maat":[],"productsupplier":[430],"productsleeve":[359],"productcategory":[18],"productsilhouette":[388],"productstyle":[372],"class_list":["post-59150","product","type-product","status-publish","has-post-thumbnail","hentry","productdetails-381","productneck-355","productcolor-392","productsupplier-pronovias-fashion-group","productsleeve-359","productcategory-trouwjurken","productsilhouette-388","productstyle-372"],"acf":[],"yoast_head":"<!-- This site is optimized with the Yoast SEO plugin v27.3 - https:\/\/yoast.com\/product\/yoast-seo-wordpress\/ -->\n<title>Pronovias Fashion Group Kamerie PR125DF1 | Koonings<\/title>\n<meta name=\"description\" content=\"Les d\u00e9tails enchanteurs de KAMERIE sont impr\u00e9gn\u00e9s du charme de la nature. Cette robe de princesse pr\u00e9sente un corsage avec un d\u00e9collet\u00e9 en c\u0153ur, des d\u00e9tails transparents dans le dos et des ornements en dentelle scintillante et en strass qui se poursuivent sur les fines bretelles et la jupe large en tulle pour une finition romantique digne d&#039;un conte de f\u00e9es.\" \/>\n<meta name=\"robots\" content=\"index, follow, max-snippet:-1, max-image-preview:large, max-video-preview:-1\" \/>\n<link rel=\"canonical\" href=\"https:\/\/www.koonings.com\/fr\/product\/pronovias-fashion-group-kamerie-pr125df1\/\" \/>\n<meta property=\"og:locale\" content=\"fr_FR\" \/>\n<meta property=\"og:type\" content=\"article\" \/>\n<meta property=\"og:title\" content=\"Pronovias Fashion Group Kamerie PR125DF1 | Koonings\" \/>\n<meta property=\"og:description\" content=\"Les d\u00e9tails enchanteurs de KAMERIE sont impr\u00e9gn\u00e9s du charme de la nature. Cette robe de princesse pr\u00e9sente un corsage avec un d\u00e9collet\u00e9 en c\u0153ur, des d\u00e9tails transparents dans le dos et des ornements en dentelle scintillante et en strass qui se poursuivent sur les fines bretelles et la jupe large en tulle pour une finition romantique digne d&#039;un conte de f\u00e9es.\" \/>\n<meta property=\"og:url\" content=\"https:\/\/www.koonings.com\/fr\/product\/pronovias-fashion-group-kamerie-pr125df1\/\" \/>\n<meta property=\"og:site_name\" content=\"Koonings\" \/>\n<meta property=\"article:publisher\" content=\"https:\/\/www.facebook.com\/kooningstheweddingpalace\" \/>\n<meta property=\"og:image\" content=\"https:\/\/www.koonings.com\/wp-content\/uploads\/2024\/11\/41051_eb62e55318b866ef36b9702739655e2967ad4237ef585f463710f5e2bd327283caac416b.jpeg\" \/>\n\t<meta property=\"og:image:width\" content=\"1637\" \/>\n\t<meta property=\"og:image:height\" content=\"2315\" \/>\n\t<meta property=\"og:image:type\" content=\"image\/jpeg\" \/>\n<meta name=\"twitter:card\" content=\"summary_large_image\" \/>\n<script type=\"application\/ld+json\" class=\"yoast-schema-graph\">{\"@context\":\"https:\\\/\\\/schema.org\",\"@graph\":[{\"@type\":\"WebPage\",\"@id\":\"https:\\\/\\\/www.koonings.com\\\/fr\\\/product\\\/pronovias-fashion-group-kamerie-pr125df1\\\/\",\"url\":\"https:\\\/\\\/www.koonings.com\\\/fr\\\/product\\\/pronovias-fashion-group-kamerie-pr125df1\\\/\",\"name\":\"Pronovias Fashion Group Kamerie PR125DF1 | Koonings\",\"isPartOf\":{\"@id\":\"https:\\\/\\\/www.koonings.com\\\/fr\\\/#website\"},\"primaryImageOfPage\":{\"@id\":\"https:\\\/\\\/www.koonings.com\\\/fr\\\/product\\\/pronovias-fashion-group-kamerie-pr125df1\\\/#primaryimage\"},\"image\":{\"@id\":\"https:\\\/\\\/www.koonings.com\\\/fr\\\/product\\\/pronovias-fashion-group-kamerie-pr125df1\\\/#primaryimage\"},\"thumbnailUrl\":\"https:\\\/\\\/www.koonings.com\\\/wp-content\\\/uploads\\\/2024\\\/11\\\/41051_eb62e55318b866ef36b9702739655e2967ad4237ef585f463710f5e2bd327283caac416b.jpeg\",\"datePublished\":\"2026-05-06T13:26:02+00:00\",\"description\":\"Les d\u00e9tails enchanteurs de KAMERIE sont impr\u00e9gn\u00e9s du charme de la nature. Cette robe de princesse pr\u00e9sente un corsage avec un d\u00e9collet\u00e9 en c\u0153ur, des d\u00e9tails transparents dans le dos et des ornements en dentelle scintillante et en strass qui se poursuivent sur les fines bretelles et la jupe large en tulle pour une finition romantique digne d'un conte de f\u00e9es.\",\"breadcrumb\":{\"@id\":\"https:\\\/\\\/www.koonings.com\\\/fr\\\/product\\\/pronovias-fashion-group-kamerie-pr125df1\\\/#breadcrumb\"},\"inLanguage\":\"fr-FR\",\"potentialAction\":[{\"@type\":\"ReadAction\",\"target\":[\"https:\\\/\\\/www.koonings.com\\\/fr\\\/product\\\/pronovias-fashion-group-kamerie-pr125df1\\\/\"]}]},{\"@type\":\"ImageObject\",\"inLanguage\":\"fr-FR\",\"@id\":\"https:\\\/\\\/www.koonings.com\\\/fr\\\/product\\\/pronovias-fashion-group-kamerie-pr125df1\\\/#primaryimage\",\"url\":\"https:\\\/\\\/www.koonings.com\\\/wp-content\\\/uploads\\\/2024\\\/11\\\/41051_eb62e55318b866ef36b9702739655e2967ad4237ef585f463710f5e2bd327283caac416b.jpeg\",\"contentUrl\":\"https:\\\/\\\/www.koonings.com\\\/wp-content\\\/uploads\\\/2024\\\/11\\\/41051_eb62e55318b866ef36b9702739655e2967ad4237ef585f463710f5e2bd327283caac416b.jpeg\",\"width\":1637,\"height\":2315},{\"@type\":\"BreadcrumbList\",\"@id\":\"https:\\\/\\\/www.koonings.com\\\/fr\\\/product\\\/pronovias-fashion-group-kamerie-pr125df1\\\/#breadcrumb\",\"itemListElement\":[{\"@type\":\"ListItem\",\"position\":1,\"name\":\"Home\",\"item\":\"https:\\\/\\\/www.koonings.com\\\/fr\\\/\"},{\"@type\":\"ListItem\",\"position\":2,\"name\":\"Pronovias Fashion Group Kamerie PR125DF1\"}]},{\"@type\":\"WebSite\",\"@id\":\"https:\\\/\\\/www.koonings.com\\\/fr\\\/#website\",\"url\":\"https:\\\/\\\/www.koonings.com\\\/fr\\\/\",\"name\":\"Koonings\",\"description\":\"De grootste bruidsmodewinkel ter wereld\",\"publisher\":{\"@id\":\"https:\\\/\\\/www.koonings.com\\\/fr\\\/#organization\"},\"potentialAction\":[{\"@type\":\"SearchAction\",\"target\":{\"@type\":\"EntryPoint\",\"urlTemplate\":\"https:\\\/\\\/www.koonings.com\\\/fr\\\/?s={search_term_string}\"},\"query-input\":{\"@type\":\"PropertyValueSpecification\",\"valueRequired\":true,\"valueName\":\"search_term_string\"}}],\"inLanguage\":\"fr-FR\"},{\"@type\":\"Organization\",\"@id\":\"https:\\\/\\\/www.koonings.com\\\/fr\\\/#organization\",\"name\":\"Koonings\",\"url\":\"https:\\\/\\\/www.koonings.com\\\/fr\\\/\",\"logo\":{\"@type\":\"ImageObject\",\"inLanguage\":\"fr-FR\",\"@id\":\"https:\\\/\\\/www.koonings.com\\\/fr\\\/#\\\/schema\\\/logo\\\/image\\\/\",\"url\":\"https:\\\/\\\/www.koonings.com\\\/wp-content\\\/uploads\\\/2024\\\/07\\\/logo.png\",\"contentUrl\":\"https:\\\/\\\/www.koonings.com\\\/wp-content\\\/uploads\\\/2024\\\/07\\\/logo.png\",\"width\":600,\"height\":428,\"caption\":\"Koonings\"},\"image\":{\"@id\":\"https:\\\/\\\/www.koonings.com\\\/fr\\\/#\\\/schema\\\/logo\\\/image\\\/\"},\"sameAs\":[\"https:\\\/\\\/www.facebook.com\\\/kooningstheweddingpalace\",\"https:\\\/\\\/www.instagram.com\\\/kooningstheweddingpalace\",\"https:\\\/\\\/www.pinterest.com\\\/koonings\",\"https:\\\/\\\/www.youtube.com\\\/kooningstheweddingpalace\"]}]}<\/script>\n<!-- \/ Yoast SEO plugin. -->","yoast_head_json":{"title":"Pronovias Fashion Group Kamerie PR125DF1 | Koonings","description":"Les d\u00e9tails enchanteurs de KAMERIE sont impr\u00e9gn\u00e9s du charme de la nature. Cette robe de princesse pr\u00e9sente un corsage avec un d\u00e9collet\u00e9 en c\u0153ur, des d\u00e9tails transparents dans le dos et des ornements en dentelle scintillante et en strass qui se poursuivent sur les fines bretelles et la jupe large en tulle pour une finition romantique digne d'un conte de f\u00e9es.","robots":{"index":"index","follow":"follow","max-snippet":"max-snippet:-1","max-image-preview":"max-image-preview:large","max-video-preview":"max-video-preview:-1"},"canonical":"https:\/\/www.koonings.com\/fr\/product\/pronovias-fashion-group-kamerie-pr125df1\/","og_locale":"fr_FR","og_type":"article","og_title":"Pronovias Fashion Group Kamerie PR125DF1 | Koonings","og_description":"Les d\u00e9tails enchanteurs de KAMERIE sont impr\u00e9gn\u00e9s du charme de la nature. Cette robe de princesse pr\u00e9sente un corsage avec un d\u00e9collet\u00e9 en c\u0153ur, des d\u00e9tails transparents dans le dos et des ornements en dentelle scintillante et en strass qui se poursuivent sur les fines bretelles et la jupe large en tulle pour une finition romantique digne d'un conte de f\u00e9es.","og_url":"https:\/\/www.koonings.com\/fr\/product\/pronovias-fashion-group-kamerie-pr125df1\/","og_site_name":"Koonings","article_publisher":"https:\/\/www.facebook.com\/kooningstheweddingpalace","og_image":[{"width":1637,"height":2315,"url":"https:\/\/www.koonings.com\/wp-content\/uploads\/2024\/11\/41051_eb62e55318b866ef36b9702739655e2967ad4237ef585f463710f5e2bd327283caac416b.jpeg","type":"image\/jpeg"}],"twitter_card":"summary_large_image","schema":{"@context":"https:\/\/schema.org","@graph":[{"@type":"WebPage","@id":"https:\/\/www.koonings.com\/fr\/product\/pronovias-fashion-group-kamerie-pr125df1\/","url":"https:\/\/www.koonings.com\/fr\/product\/pronovias-fashion-group-kamerie-pr125df1\/","name":"Pronovias Fashion Group Kamerie PR125DF1 | Koonings","isPartOf":{"@id":"https:\/\/www.koonings.com\/fr\/#website"},"primaryImageOfPage":{"@id":"https:\/\/www.koonings.com\/fr\/product\/pronovias-fashion-group-kamerie-pr125df1\/#primaryimage"},"image":{"@id":"https:\/\/www.koonings.com\/fr\/product\/pronovias-fashion-group-kamerie-pr125df1\/#primaryimage"},"thumbnailUrl":"https:\/\/www.koonings.com\/wp-content\/uploads\/2024\/11\/41051_eb62e55318b866ef36b9702739655e2967ad4237ef585f463710f5e2bd327283caac416b.jpeg","datePublished":"2026-05-06T13:26:02+00:00","description":"Les d\u00e9tails enchanteurs de KAMERIE sont impr\u00e9gn\u00e9s du charme de la nature. Cette robe de princesse pr\u00e9sente un corsage avec un d\u00e9collet\u00e9 en c\u0153ur, des d\u00e9tails transparents dans le dos et des ornements en dentelle scintillante et en strass qui se poursuivent sur les fines bretelles et la jupe large en tulle pour une finition romantique digne d'un conte de f\u00e9es.","breadcrumb":{"@id":"https:\/\/www.koonings.com\/fr\/product\/pronovias-fashion-group-kamerie-pr125df1\/#breadcrumb"},"inLanguage":"fr-FR","potentialAction":[{"@type":"ReadAction","target":["https:\/\/www.koonings.com\/fr\/product\/pronovias-fashion-group-kamerie-pr125df1\/"]}]},{"@type":"ImageObject","inLanguage":"fr-FR","@id":"https:\/\/www.koonings.com\/fr\/product\/pronovias-fashion-group-kamerie-pr125df1\/#primaryimage","url":"https:\/\/www.koonings.com\/wp-content\/uploads\/2024\/11\/41051_eb62e55318b866ef36b9702739655e2967ad4237ef585f463710f5e2bd327283caac416b.jpeg","contentUrl":"https:\/\/www.koonings.com\/wp-content\/uploads\/2024\/11\/41051_eb62e55318b866ef36b9702739655e2967ad4237ef585f463710f5e2bd327283caac416b.jpeg","width":1637,"height":2315},{"@type":"BreadcrumbList","@id":"https:\/\/www.koonings.com\/fr\/product\/pronovias-fashion-group-kamerie-pr125df1\/#breadcrumb","itemListElement":[{"@type":"ListItem","position":1,"name":"Home","item":"https:\/\/www.koonings.com\/fr\/"},{"@type":"ListItem","position":2,"name":"Pronovias Fashion Group Kamerie PR125DF1"}]},{"@type":"WebSite","@id":"https:\/\/www.koonings.com\/fr\/#website","url":"https:\/\/www.koonings.com\/fr\/","name":"Koonings","description":"De grootste bruidsmodewinkel ter wereld","publisher":{"@id":"https:\/\/www.koonings.com\/fr\/#organization"},"potentialAction":[{"@type":"SearchAction","target":{"@type":"EntryPoint","urlTemplate":"https:\/\/www.koonings.com\/fr\/?s={search_term_string}"},"query-input":{"@type":"PropertyValueSpecification","valueRequired":true,"valueName":"search_term_string"}}],"inLanguage":"fr-FR"},{"@type":"Organization","@id":"https:\/\/www.koonings.com\/fr\/#organization","name":"Koonings","url":"https:\/\/www.koonings.com\/fr\/","logo":{"@type":"ImageObject","inLanguage":"fr-FR","@id":"https:\/\/www.koonings.com\/fr\/#\/schema\/logo\/image\/","url":"https:\/\/www.koonings.com\/wp-content\/uploads\/2024\/07\/logo.png","contentUrl":"https:\/\/www.koonings.com\/wp-content\/uploads\/2024\/07\/logo.png","width":600,"height":428,"caption":"Koonings"},"image":{"@id":"https:\/\/www.koonings.com\/fr\/#\/schema\/logo\/image\/"},"sameAs":["https:\/\/www.facebook.com\/kooningstheweddingpalace","https:\/\/www.instagram.com\/kooningstheweddingpalace","https:\/\/www.pinterest.com\/koonings","https:\/\/www.youtube.com\/kooningstheweddingpalace"]}]}},"_links":{"self":[{"href":"https:\/\/www.koonings.com\/fr\/wp-json\/wp\/v2\/product\/59150","targetHints":{"allow":["GET"]}}],"collection":[{"href":"https:\/\/www.koonings.com\/fr\/wp-json\/wp\/v2\/product"}],"about":[{"href":"https:\/\/www.koonings.com\/fr\/wp-json\/wp\/v2\/types\/product"}],"wp:featuredmedia":[{"embeddable":true,"href":"https:\/\/www.koonings.com\/fr\/wp-json\/wp\/v2\/media\/49640"}],"wp:attachment":[{"href":"https:\/\/www.koonings.com\/fr\/wp-json\/wp\/v2\/media?parent=59150"}],"wp:term":[{"taxonomy":"productdetails","embeddable":true,"href":"https:\/\/www.koonings.com\/fr\/wp-json\/wp\/v2\/productdetails?post=59150"},{"taxonomy":"productneck","embeddable":true,"href":"https:\/\/www.koonings.com\/fr\/wp-json\/wp\/v2\/productneck?post=59150"},{"taxonomy":"productcolor","embeddable":true,"href":"https:\/\/www.koonings.com\/fr\/wp-json\/wp\/v2\/productcolor?post=59150"},{"taxonomy":"maat","embeddable":true,"href":"https:\/\/www.koonings.com\/fr\/wp-json\/wp\/v2\/maat?post=59150"},{"taxonomy":"productsupplier","embeddable":true,"href":"https:\/\/www.koonings.com\/fr\/wp-json\/wp\/v2\/productsupplier?post=59150"},{"taxonomy":"productsleeve","embeddable":true,"href":"https:\/\/www.koonings.com\/fr\/wp-json\/wp\/v2\/productsleeve?post=59150"},{"taxonomy":"productcategory","embeddable":true,"href":"https:\/\/www.koonings.com\/fr\/wp-json\/wp\/v2\/productcategory?post=59150"},{"taxonomy":"productsilhouette","embeddable":true,"href":"https:\/\/www.koonings.com\/fr\/wp-json\/wp\/v2\/productsilhouette?post=59150"},{"taxonomy":"productstyle","embeddable":true,"href":"https:\/\/www.koonings.com\/fr\/wp-json\/wp\/v2\/productstyle?post=59150"}],"curies":[{"name":"wp","href":"https:\/\/api.w.org\/{rel}","templated":true}]}}