{"id":59149,"date":"2025-12-15T00:40:09","date_gmt":"2025-12-14T23:40:09","guid":{"rendered":"https:\/\/www.koonings.com\/product\/pronovias-fashion-group-nuage-pr125dy1\/"},"modified":"2026-02-03T18:50:23","modified_gmt":"2026-02-03T17:50:23","slug":"pronovias-fashion-group-nuage-pr125dy1","status":"publish","type":"product","link":"https:\/\/www.koonings.com\/fr\/product\/pronovias-fashion-group-nuage-pr125dy1\/","title":{"rendered":"Pronovias Fashion Group Nuage PR125DY1"},"content":{"rendered":"<p>La robe NUAGE, l\u00e9g\u00e8re et \u00e9l\u00e9gante, s\u00e9duira les mari\u00e9es modernes et romantiques. Ce mod\u00e8le sir\u00e8ne pr\u00e9sente une finition paillet\u00e9e, un d\u00e9collet\u00e9 en c\u0153ur sans bretelles et un corsage rembourr\u00e9 de type corset. La jupe flatteuse \u00e9pouse la silhouette jusqu&#8217;au genou avant de s&#8217;\u00e9vaser en une tra\u00eene sophistiqu\u00e9e. Les ornements en dentelle et en strass cr\u00e9ent des motifs et des formes qui font de ce mod\u00e8le une v\u00e9ritable \u0153uvre d&#8217;art.   <\/p>\n","protected":false},"featured_media":49694,"template":"","meta":{"_acf_changed":false,"ghostkit_customizer_options":"","ghostkit_custom_css":"","ghostkit_custom_js_head":"","ghostkit_custom_js_foot":"","ghostkit_typography":""},"productdetails":[],"productneck":[354,355],"productcolor":[393,392],"maat":[],"productsupplier":[430],"productsleeve":[],"productcategory":[18],"productsilhouette":[387],"productstyle":[366],"class_list":["post-59149","product","type-product","status-publish","has-post-thumbnail","hentry","productneck-354","productneck-355","productcolor-393","productcolor-392","productsupplier-pronovias-fashion-group","productcategory-trouwjurken","productsilhouette-387","productstyle-366"],"acf":[],"yoast_head":"<!-- This site is optimized with the Yoast SEO plugin v27.3 - https:\/\/yoast.com\/product\/yoast-seo-wordpress\/ -->\n<title>Pronovias Fashion Group Nuage PR125DY1 | Koonings<\/title>\n<meta name=\"description\" content=\"La robe NUAGE, l\u00e9g\u00e8re et \u00e9l\u00e9gante, s\u00e9duira les mari\u00e9es modernes et romantiques. Ce mod\u00e8le sir\u00e8ne pr\u00e9sente une finition paillet\u00e9e, un d\u00e9collet\u00e9 en c\u0153ur sans bretelles et un corsage rembourr\u00e9 de type corset. La jupe flatteuse \u00e9pouse la silhouette jusqu&#039;au genou avant de s&#039;\u00e9vaser en une tra\u00eene sophistiqu\u00e9e. Les ornements en dentelle et en strass cr\u00e9ent des motifs et des formes qui font de ce mod\u00e8le une v\u00e9ritable \u0153uvre d&#039;art.\" \/>\n<meta name=\"robots\" content=\"index, follow, max-snippet:-1, max-image-preview:large, max-video-preview:-1\" \/>\n<link rel=\"canonical\" href=\"https:\/\/www.koonings.com\/fr\/product\/pronovias-fashion-group-nuage-pr125dy1\/\" \/>\n<meta property=\"og:locale\" content=\"fr_FR\" \/>\n<meta property=\"og:type\" content=\"article\" \/>\n<meta property=\"og:title\" content=\"Pronovias Fashion Group Nuage PR125DY1 | Koonings\" \/>\n<meta property=\"og:description\" content=\"La robe NUAGE, l\u00e9g\u00e8re et \u00e9l\u00e9gante, s\u00e9duira les mari\u00e9es modernes et romantiques. Ce mod\u00e8le sir\u00e8ne pr\u00e9sente une finition paillet\u00e9e, un d\u00e9collet\u00e9 en c\u0153ur sans bretelles et un corsage rembourr\u00e9 de type corset. La jupe flatteuse \u00e9pouse la silhouette jusqu&#039;au genou avant de s&#039;\u00e9vaser en une tra\u00eene sophistiqu\u00e9e. Les ornements en dentelle et en strass cr\u00e9ent des motifs et des formes qui font de ce mod\u00e8le une v\u00e9ritable \u0153uvre d&#039;art.\" \/>\n<meta property=\"og:url\" content=\"https:\/\/www.koonings.com\/fr\/product\/pronovias-fashion-group-nuage-pr125dy1\/\" \/>\n<meta property=\"og:site_name\" content=\"Koonings\" \/>\n<meta property=\"article:publisher\" content=\"https:\/\/www.facebook.com\/kooningstheweddingpalace\" \/>\n<meta property=\"article:modified_time\" content=\"2026-02-03T17:50:23+00:00\" \/>\n<meta property=\"og:image\" content=\"https:\/\/www.koonings.com\/wp-content\/uploads\/2024\/11\/41053_d9fe48b9320b61672614a4d6af01879d27653366d5e2453415ce425400c614070ac438fb-scaled.jpeg\" \/>\n\t<meta property=\"og:image:width\" content=\"1812\" \/>\n\t<meta property=\"og:image:height\" content=\"2560\" \/>\n\t<meta property=\"og:image:type\" content=\"image\/jpeg\" \/>\n<meta name=\"twitter:card\" content=\"summary_large_image\" \/>\n<script type=\"application\/ld+json\" class=\"yoast-schema-graph\">{\"@context\":\"https:\\\/\\\/schema.org\",\"@graph\":[{\"@type\":\"WebPage\",\"@id\":\"https:\\\/\\\/www.koonings.com\\\/fr\\\/product\\\/pronovias-fashion-group-nuage-pr125dy1\\\/\",\"url\":\"https:\\\/\\\/www.koonings.com\\\/fr\\\/product\\\/pronovias-fashion-group-nuage-pr125dy1\\\/\",\"name\":\"Pronovias Fashion Group Nuage PR125DY1 | Koonings\",\"isPartOf\":{\"@id\":\"https:\\\/\\\/www.koonings.com\\\/fr\\\/#website\"},\"primaryImageOfPage\":{\"@id\":\"https:\\\/\\\/www.koonings.com\\\/fr\\\/product\\\/pronovias-fashion-group-nuage-pr125dy1\\\/#primaryimage\"},\"image\":{\"@id\":\"https:\\\/\\\/www.koonings.com\\\/fr\\\/product\\\/pronovias-fashion-group-nuage-pr125dy1\\\/#primaryimage\"},\"thumbnailUrl\":\"https:\\\/\\\/www.koonings.com\\\/wp-content\\\/uploads\\\/2024\\\/11\\\/41053_d9fe48b9320b61672614a4d6af01879d27653366d5e2453415ce425400c614070ac438fb-scaled.jpeg\",\"datePublished\":\"2025-12-14T23:40:09+00:00\",\"dateModified\":\"2026-02-03T17:50:23+00:00\",\"description\":\"La robe NUAGE, l\u00e9g\u00e8re et \u00e9l\u00e9gante, s\u00e9duira les mari\u00e9es modernes et romantiques. Ce mod\u00e8le sir\u00e8ne pr\u00e9sente une finition paillet\u00e9e, un d\u00e9collet\u00e9 en c\u0153ur sans bretelles et un corsage rembourr\u00e9 de type corset. La jupe flatteuse \u00e9pouse la silhouette jusqu'au genou avant de s'\u00e9vaser en une tra\u00eene sophistiqu\u00e9e. Les ornements en dentelle et en strass cr\u00e9ent des motifs et des formes qui font de ce mod\u00e8le une v\u00e9ritable \u0153uvre d'art.\",\"breadcrumb\":{\"@id\":\"https:\\\/\\\/www.koonings.com\\\/fr\\\/product\\\/pronovias-fashion-group-nuage-pr125dy1\\\/#breadcrumb\"},\"inLanguage\":\"fr-FR\",\"potentialAction\":[{\"@type\":\"ReadAction\",\"target\":[\"https:\\\/\\\/www.koonings.com\\\/fr\\\/product\\\/pronovias-fashion-group-nuage-pr125dy1\\\/\"]}]},{\"@type\":\"ImageObject\",\"inLanguage\":\"fr-FR\",\"@id\":\"https:\\\/\\\/www.koonings.com\\\/fr\\\/product\\\/pronovias-fashion-group-nuage-pr125dy1\\\/#primaryimage\",\"url\":\"https:\\\/\\\/www.koonings.com\\\/wp-content\\\/uploads\\\/2024\\\/11\\\/41053_d9fe48b9320b61672614a4d6af01879d27653366d5e2453415ce425400c614070ac438fb-scaled.jpeg\",\"contentUrl\":\"https:\\\/\\\/www.koonings.com\\\/wp-content\\\/uploads\\\/2024\\\/11\\\/41053_d9fe48b9320b61672614a4d6af01879d27653366d5e2453415ce425400c614070ac438fb-scaled.jpeg\",\"width\":1812,\"height\":2560},{\"@type\":\"BreadcrumbList\",\"@id\":\"https:\\\/\\\/www.koonings.com\\\/fr\\\/product\\\/pronovias-fashion-group-nuage-pr125dy1\\\/#breadcrumb\",\"itemListElement\":[{\"@type\":\"ListItem\",\"position\":1,\"name\":\"Home\",\"item\":\"https:\\\/\\\/www.koonings.com\\\/fr\\\/\"},{\"@type\":\"ListItem\",\"position\":2,\"name\":\"Pronovias Fashion Group Nuage PR125DY1\"}]},{\"@type\":\"WebSite\",\"@id\":\"https:\\\/\\\/www.koonings.com\\\/fr\\\/#website\",\"url\":\"https:\\\/\\\/www.koonings.com\\\/fr\\\/\",\"name\":\"Koonings\",\"description\":\"De grootste bruidsmodewinkel ter wereld\",\"publisher\":{\"@id\":\"https:\\\/\\\/www.koonings.com\\\/fr\\\/#organization\"},\"potentialAction\":[{\"@type\":\"SearchAction\",\"target\":{\"@type\":\"EntryPoint\",\"urlTemplate\":\"https:\\\/\\\/www.koonings.com\\\/fr\\\/?s={search_term_string}\"},\"query-input\":{\"@type\":\"PropertyValueSpecification\",\"valueRequired\":true,\"valueName\":\"search_term_string\"}}],\"inLanguage\":\"fr-FR\"},{\"@type\":\"Organization\",\"@id\":\"https:\\\/\\\/www.koonings.com\\\/fr\\\/#organization\",\"name\":\"Koonings\",\"url\":\"https:\\\/\\\/www.koonings.com\\\/fr\\\/\",\"logo\":{\"@type\":\"ImageObject\",\"inLanguage\":\"fr-FR\",\"@id\":\"https:\\\/\\\/www.koonings.com\\\/fr\\\/#\\\/schema\\\/logo\\\/image\\\/\",\"url\":\"https:\\\/\\\/www.koonings.com\\\/wp-content\\\/uploads\\\/2024\\\/07\\\/logo.png\",\"contentUrl\":\"https:\\\/\\\/www.koonings.com\\\/wp-content\\\/uploads\\\/2024\\\/07\\\/logo.png\",\"width\":600,\"height\":428,\"caption\":\"Koonings\"},\"image\":{\"@id\":\"https:\\\/\\\/www.koonings.com\\\/fr\\\/#\\\/schema\\\/logo\\\/image\\\/\"},\"sameAs\":[\"https:\\\/\\\/www.facebook.com\\\/kooningstheweddingpalace\",\"https:\\\/\\\/www.instagram.com\\\/kooningstheweddingpalace\",\"https:\\\/\\\/www.pinterest.com\\\/koonings\",\"https:\\\/\\\/www.youtube.com\\\/kooningstheweddingpalace\"]}]}<\/script>\n<!-- \/ Yoast SEO plugin. -->","yoast_head_json":{"title":"Pronovias Fashion Group Nuage PR125DY1 | Koonings","description":"La robe NUAGE, l\u00e9g\u00e8re et \u00e9l\u00e9gante, s\u00e9duira les mari\u00e9es modernes et romantiques. Ce mod\u00e8le sir\u00e8ne pr\u00e9sente une finition paillet\u00e9e, un d\u00e9collet\u00e9 en c\u0153ur sans bretelles et un corsage rembourr\u00e9 de type corset. La jupe flatteuse \u00e9pouse la silhouette jusqu'au genou avant de s'\u00e9vaser en une tra\u00eene sophistiqu\u00e9e. Les ornements en dentelle et en strass cr\u00e9ent des motifs et des formes qui font de ce mod\u00e8le une v\u00e9ritable \u0153uvre d'art.","robots":{"index":"index","follow":"follow","max-snippet":"max-snippet:-1","max-image-preview":"max-image-preview:large","max-video-preview":"max-video-preview:-1"},"canonical":"https:\/\/www.koonings.com\/fr\/product\/pronovias-fashion-group-nuage-pr125dy1\/","og_locale":"fr_FR","og_type":"article","og_title":"Pronovias Fashion Group Nuage PR125DY1 | Koonings","og_description":"La robe NUAGE, l\u00e9g\u00e8re et \u00e9l\u00e9gante, s\u00e9duira les mari\u00e9es modernes et romantiques. Ce mod\u00e8le sir\u00e8ne pr\u00e9sente une finition paillet\u00e9e, un d\u00e9collet\u00e9 en c\u0153ur sans bretelles et un corsage rembourr\u00e9 de type corset. La jupe flatteuse \u00e9pouse la silhouette jusqu'au genou avant de s'\u00e9vaser en une tra\u00eene sophistiqu\u00e9e. Les ornements en dentelle et en strass cr\u00e9ent des motifs et des formes qui font de ce mod\u00e8le une v\u00e9ritable \u0153uvre d'art.","og_url":"https:\/\/www.koonings.com\/fr\/product\/pronovias-fashion-group-nuage-pr125dy1\/","og_site_name":"Koonings","article_publisher":"https:\/\/www.facebook.com\/kooningstheweddingpalace","article_modified_time":"2026-02-03T17:50:23+00:00","og_image":[{"width":1812,"height":2560,"url":"https:\/\/www.koonings.com\/wp-content\/uploads\/2024\/11\/41053_d9fe48b9320b61672614a4d6af01879d27653366d5e2453415ce425400c614070ac438fb-scaled.jpeg","type":"image\/jpeg"}],"twitter_card":"summary_large_image","schema":{"@context":"https:\/\/schema.org","@graph":[{"@type":"WebPage","@id":"https:\/\/www.koonings.com\/fr\/product\/pronovias-fashion-group-nuage-pr125dy1\/","url":"https:\/\/www.koonings.com\/fr\/product\/pronovias-fashion-group-nuage-pr125dy1\/","name":"Pronovias Fashion Group Nuage PR125DY1 | Koonings","isPartOf":{"@id":"https:\/\/www.koonings.com\/fr\/#website"},"primaryImageOfPage":{"@id":"https:\/\/www.koonings.com\/fr\/product\/pronovias-fashion-group-nuage-pr125dy1\/#primaryimage"},"image":{"@id":"https:\/\/www.koonings.com\/fr\/product\/pronovias-fashion-group-nuage-pr125dy1\/#primaryimage"},"thumbnailUrl":"https:\/\/www.koonings.com\/wp-content\/uploads\/2024\/11\/41053_d9fe48b9320b61672614a4d6af01879d27653366d5e2453415ce425400c614070ac438fb-scaled.jpeg","datePublished":"2025-12-14T23:40:09+00:00","dateModified":"2026-02-03T17:50:23+00:00","description":"La robe NUAGE, l\u00e9g\u00e8re et \u00e9l\u00e9gante, s\u00e9duira les mari\u00e9es modernes et romantiques. Ce mod\u00e8le sir\u00e8ne pr\u00e9sente une finition paillet\u00e9e, un d\u00e9collet\u00e9 en c\u0153ur sans bretelles et un corsage rembourr\u00e9 de type corset. La jupe flatteuse \u00e9pouse la silhouette jusqu'au genou avant de s'\u00e9vaser en une tra\u00eene sophistiqu\u00e9e. Les ornements en dentelle et en strass cr\u00e9ent des motifs et des formes qui font de ce mod\u00e8le une v\u00e9ritable \u0153uvre d'art.","breadcrumb":{"@id":"https:\/\/www.koonings.com\/fr\/product\/pronovias-fashion-group-nuage-pr125dy1\/#breadcrumb"},"inLanguage":"fr-FR","potentialAction":[{"@type":"ReadAction","target":["https:\/\/www.koonings.com\/fr\/product\/pronovias-fashion-group-nuage-pr125dy1\/"]}]},{"@type":"ImageObject","inLanguage":"fr-FR","@id":"https:\/\/www.koonings.com\/fr\/product\/pronovias-fashion-group-nuage-pr125dy1\/#primaryimage","url":"https:\/\/www.koonings.com\/wp-content\/uploads\/2024\/11\/41053_d9fe48b9320b61672614a4d6af01879d27653366d5e2453415ce425400c614070ac438fb-scaled.jpeg","contentUrl":"https:\/\/www.koonings.com\/wp-content\/uploads\/2024\/11\/41053_d9fe48b9320b61672614a4d6af01879d27653366d5e2453415ce425400c614070ac438fb-scaled.jpeg","width":1812,"height":2560},{"@type":"BreadcrumbList","@id":"https:\/\/www.koonings.com\/fr\/product\/pronovias-fashion-group-nuage-pr125dy1\/#breadcrumb","itemListElement":[{"@type":"ListItem","position":1,"name":"Home","item":"https:\/\/www.koonings.com\/fr\/"},{"@type":"ListItem","position":2,"name":"Pronovias Fashion Group Nuage PR125DY1"}]},{"@type":"WebSite","@id":"https:\/\/www.koonings.com\/fr\/#website","url":"https:\/\/www.koonings.com\/fr\/","name":"Koonings","description":"De grootste bruidsmodewinkel ter wereld","publisher":{"@id":"https:\/\/www.koonings.com\/fr\/#organization"},"potentialAction":[{"@type":"SearchAction","target":{"@type":"EntryPoint","urlTemplate":"https:\/\/www.koonings.com\/fr\/?s={search_term_string}"},"query-input":{"@type":"PropertyValueSpecification","valueRequired":true,"valueName":"search_term_string"}}],"inLanguage":"fr-FR"},{"@type":"Organization","@id":"https:\/\/www.koonings.com\/fr\/#organization","name":"Koonings","url":"https:\/\/www.koonings.com\/fr\/","logo":{"@type":"ImageObject","inLanguage":"fr-FR","@id":"https:\/\/www.koonings.com\/fr\/#\/schema\/logo\/image\/","url":"https:\/\/www.koonings.com\/wp-content\/uploads\/2024\/07\/logo.png","contentUrl":"https:\/\/www.koonings.com\/wp-content\/uploads\/2024\/07\/logo.png","width":600,"height":428,"caption":"Koonings"},"image":{"@id":"https:\/\/www.koonings.com\/fr\/#\/schema\/logo\/image\/"},"sameAs":["https:\/\/www.facebook.com\/kooningstheweddingpalace","https:\/\/www.instagram.com\/kooningstheweddingpalace","https:\/\/www.pinterest.com\/koonings","https:\/\/www.youtube.com\/kooningstheweddingpalace"]}]}},"_links":{"self":[{"href":"https:\/\/www.koonings.com\/fr\/wp-json\/wp\/v2\/product\/59149","targetHints":{"allow":["GET"]}}],"collection":[{"href":"https:\/\/www.koonings.com\/fr\/wp-json\/wp\/v2\/product"}],"about":[{"href":"https:\/\/www.koonings.com\/fr\/wp-json\/wp\/v2\/types\/product"}],"wp:featuredmedia":[{"embeddable":true,"href":"https:\/\/www.koonings.com\/fr\/wp-json\/wp\/v2\/media\/49694"}],"wp:attachment":[{"href":"https:\/\/www.koonings.com\/fr\/wp-json\/wp\/v2\/media?parent=59149"}],"wp:term":[{"taxonomy":"productdetails","embeddable":true,"href":"https:\/\/www.koonings.com\/fr\/wp-json\/wp\/v2\/productdetails?post=59149"},{"taxonomy":"productneck","embeddable":true,"href":"https:\/\/www.koonings.com\/fr\/wp-json\/wp\/v2\/productneck?post=59149"},{"taxonomy":"productcolor","embeddable":true,"href":"https:\/\/www.koonings.com\/fr\/wp-json\/wp\/v2\/productcolor?post=59149"},{"taxonomy":"maat","embeddable":true,"href":"https:\/\/www.koonings.com\/fr\/wp-json\/wp\/v2\/maat?post=59149"},{"taxonomy":"productsupplier","embeddable":true,"href":"https:\/\/www.koonings.com\/fr\/wp-json\/wp\/v2\/productsupplier?post=59149"},{"taxonomy":"productsleeve","embeddable":true,"href":"https:\/\/www.koonings.com\/fr\/wp-json\/wp\/v2\/productsleeve?post=59149"},{"taxonomy":"productcategory","embeddable":true,"href":"https:\/\/www.koonings.com\/fr\/wp-json\/wp\/v2\/productcategory?post=59149"},{"taxonomy":"productsilhouette","embeddable":true,"href":"https:\/\/www.koonings.com\/fr\/wp-json\/wp\/v2\/productsilhouette?post=59149"},{"taxonomy":"productstyle","embeddable":true,"href":"https:\/\/www.koonings.com\/fr\/wp-json\/wp\/v2\/productstyle?post=59149"}],"curies":[{"name":"wp","href":"https:\/\/api.w.org\/{rel}","templated":true}]}}