{"id":59144,"date":"2026-04-28T18:24:48","date_gmt":"2026-04-28T16:24:48","guid":{"rendered":"https:\/\/www.koonings.com\/product\/pronovias-fashion-group-alix-pr125dm2\/"},"modified":"2026-02-16T14:42:04","modified_gmt":"2026-02-16T13:42:04","slug":"pronovias-fashion-group-alix-pr125dm2","status":"publish","type":"product","link":"https:\/\/www.koonings.com\/fr\/product\/pronovias-fashion-group-alix-pr125dm2\/","title":{"rendered":"Pronovias Fashion Group Alix PR125DM2"},"content":{"rendered":"<p>ALIX est aussi sophistiqu\u00e9e que s\u00e9duisante. Cette robe sir\u00e8ne poss\u00e8de un corsage en dentelle avec un d\u00e9collet\u00e9 en c\u0153ur et de fines bretelles qui s&#8217;\u00e9tendent jusqu&#8217;\u00e0 un dos rond flatteur. Les bretelles peuvent \u00eatre agr\u00e9ment\u00e9es de deux \u00e9l\u00e9gantes tra\u00eenes d\u00e9tachables sur les \u00e9paules. La jupe \u00e9pouse la silhouette de la mari\u00e9e jusqu&#8217;\u00e0 la mi-cuisse et s&#8217;ouvre l\u00e9g\u00e8rement pour se terminer par une tra\u00eene distingu\u00e9e de 180 cm.   <\/p>\n","protected":false},"featured_media":49715,"template":"","meta":{"_acf_changed":false,"ghostkit_customizer_options":"","ghostkit_custom_css":"","ghostkit_custom_js_head":"","ghostkit_custom_js_foot":"","ghostkit_typography":""},"productdetails":[],"productneck":[355],"productcolor":[392],"maat":[],"productsupplier":[430],"productsleeve":[359],"productcategory":[18],"productsilhouette":[387],"productstyle":[369,366],"class_list":["post-59144","product","type-product","status-publish","has-post-thumbnail","hentry","productneck-355","productcolor-392","productsupplier-pronovias-fashion-group","productsleeve-359","productcategory-trouwjurken","productsilhouette-387","productstyle-369","productstyle-366"],"acf":[],"yoast_head":"<!-- This site is optimized with the Yoast SEO plugin v27.3 - https:\/\/yoast.com\/product\/yoast-seo-wordpress\/ -->\n<title>Pronovias Fashion Group Alix PR125DM2 | Koonings<\/title>\n<meta name=\"description\" content=\"ALIX est aussi sophistiqu\u00e9e que s\u00e9duisante. Cette robe sir\u00e8ne poss\u00e8de un corsage en dentelle avec un d\u00e9collet\u00e9 en c\u0153ur et de fines bretelles qui s&#039;\u00e9tendent jusqu&#039;\u00e0 un dos rond flatteur. Les bretelles peuvent \u00eatre agr\u00e9ment\u00e9es de deux \u00e9l\u00e9gantes tra\u00eenes d\u00e9tachables sur les \u00e9paules. La jupe \u00e9pouse la silhouette de la mari\u00e9e jusqu&#039;\u00e0 la mi-cuisse et s&#039;ouvre l\u00e9g\u00e8rement pour se terminer par une tra\u00eene distingu\u00e9e de 180 cm.\" \/>\n<meta name=\"robots\" content=\"index, follow, max-snippet:-1, max-image-preview:large, max-video-preview:-1\" \/>\n<link rel=\"canonical\" href=\"https:\/\/www.koonings.com\/fr\/product\/pronovias-fashion-group-alix-pr125dm2\/\" \/>\n<meta property=\"og:locale\" content=\"fr_FR\" \/>\n<meta property=\"og:type\" content=\"article\" \/>\n<meta property=\"og:title\" content=\"Pronovias Fashion Group Alix PR125DM2 | Koonings\" \/>\n<meta property=\"og:description\" content=\"ALIX est aussi sophistiqu\u00e9e que s\u00e9duisante. Cette robe sir\u00e8ne poss\u00e8de un corsage en dentelle avec un d\u00e9collet\u00e9 en c\u0153ur et de fines bretelles qui s&#039;\u00e9tendent jusqu&#039;\u00e0 un dos rond flatteur. Les bretelles peuvent \u00eatre agr\u00e9ment\u00e9es de deux \u00e9l\u00e9gantes tra\u00eenes d\u00e9tachables sur les \u00e9paules. La jupe \u00e9pouse la silhouette de la mari\u00e9e jusqu&#039;\u00e0 la mi-cuisse et s&#039;ouvre l\u00e9g\u00e8rement pour se terminer par une tra\u00eene distingu\u00e9e de 180 cm.\" \/>\n<meta property=\"og:url\" content=\"https:\/\/www.koonings.com\/fr\/product\/pronovias-fashion-group-alix-pr125dm2\/\" \/>\n<meta property=\"og:site_name\" content=\"Koonings\" \/>\n<meta property=\"article:publisher\" content=\"https:\/\/www.facebook.com\/kooningstheweddingpalace\" \/>\n<meta property=\"og:image\" content=\"https:\/\/www.koonings.com\/wp-content\/uploads\/2024\/11\/41054_3447813ccd5785a7d749bf0cea2445e8cde5effc9cdf754fa895739f818f1c13a7223bed-scaled.jpeg\" \/>\n\t<meta property=\"og:image:width\" content=\"1809\" \/>\n\t<meta property=\"og:image:height\" content=\"2560\" \/>\n\t<meta property=\"og:image:type\" content=\"image\/jpeg\" \/>\n<meta name=\"twitter:card\" content=\"summary_large_image\" \/>\n<script type=\"application\/ld+json\" class=\"yoast-schema-graph\">{\"@context\":\"https:\\\/\\\/schema.org\",\"@graph\":[{\"@type\":\"WebPage\",\"@id\":\"https:\\\/\\\/www.koonings.com\\\/fr\\\/product\\\/pronovias-fashion-group-alix-pr125dm2\\\/\",\"url\":\"https:\\\/\\\/www.koonings.com\\\/fr\\\/product\\\/pronovias-fashion-group-alix-pr125dm2\\\/\",\"name\":\"Pronovias Fashion Group Alix PR125DM2 | Koonings\",\"isPartOf\":{\"@id\":\"https:\\\/\\\/www.koonings.com\\\/fr\\\/#website\"},\"primaryImageOfPage\":{\"@id\":\"https:\\\/\\\/www.koonings.com\\\/fr\\\/product\\\/pronovias-fashion-group-alix-pr125dm2\\\/#primaryimage\"},\"image\":{\"@id\":\"https:\\\/\\\/www.koonings.com\\\/fr\\\/product\\\/pronovias-fashion-group-alix-pr125dm2\\\/#primaryimage\"},\"thumbnailUrl\":\"https:\\\/\\\/www.koonings.com\\\/wp-content\\\/uploads\\\/2024\\\/11\\\/41054_3447813ccd5785a7d749bf0cea2445e8cde5effc9cdf754fa895739f818f1c13a7223bed-scaled.jpeg\",\"datePublished\":\"2026-04-28T16:24:48+00:00\",\"description\":\"ALIX est aussi sophistiqu\u00e9e que s\u00e9duisante. Cette robe sir\u00e8ne poss\u00e8de un corsage en dentelle avec un d\u00e9collet\u00e9 en c\u0153ur et de fines bretelles qui s'\u00e9tendent jusqu'\u00e0 un dos rond flatteur. Les bretelles peuvent \u00eatre agr\u00e9ment\u00e9es de deux \u00e9l\u00e9gantes tra\u00eenes d\u00e9tachables sur les \u00e9paules. La jupe \u00e9pouse la silhouette de la mari\u00e9e jusqu'\u00e0 la mi-cuisse et s'ouvre l\u00e9g\u00e8rement pour se terminer par une tra\u00eene distingu\u00e9e de 180 cm.\",\"breadcrumb\":{\"@id\":\"https:\\\/\\\/www.koonings.com\\\/fr\\\/product\\\/pronovias-fashion-group-alix-pr125dm2\\\/#breadcrumb\"},\"inLanguage\":\"fr-FR\",\"potentialAction\":[{\"@type\":\"ReadAction\",\"target\":[\"https:\\\/\\\/www.koonings.com\\\/fr\\\/product\\\/pronovias-fashion-group-alix-pr125dm2\\\/\"]}]},{\"@type\":\"ImageObject\",\"inLanguage\":\"fr-FR\",\"@id\":\"https:\\\/\\\/www.koonings.com\\\/fr\\\/product\\\/pronovias-fashion-group-alix-pr125dm2\\\/#primaryimage\",\"url\":\"https:\\\/\\\/www.koonings.com\\\/wp-content\\\/uploads\\\/2024\\\/11\\\/41054_3447813ccd5785a7d749bf0cea2445e8cde5effc9cdf754fa895739f818f1c13a7223bed-scaled.jpeg\",\"contentUrl\":\"https:\\\/\\\/www.koonings.com\\\/wp-content\\\/uploads\\\/2024\\\/11\\\/41054_3447813ccd5785a7d749bf0cea2445e8cde5effc9cdf754fa895739f818f1c13a7223bed-scaled.jpeg\",\"width\":1809,\"height\":2560},{\"@type\":\"BreadcrumbList\",\"@id\":\"https:\\\/\\\/www.koonings.com\\\/fr\\\/product\\\/pronovias-fashion-group-alix-pr125dm2\\\/#breadcrumb\",\"itemListElement\":[{\"@type\":\"ListItem\",\"position\":1,\"name\":\"Home\",\"item\":\"https:\\\/\\\/www.koonings.com\\\/fr\\\/\"},{\"@type\":\"ListItem\",\"position\":2,\"name\":\"Pronovias Fashion Group Alix PR125DM2\"}]},{\"@type\":\"WebSite\",\"@id\":\"https:\\\/\\\/www.koonings.com\\\/fr\\\/#website\",\"url\":\"https:\\\/\\\/www.koonings.com\\\/fr\\\/\",\"name\":\"Koonings\",\"description\":\"De grootste bruidsmodewinkel ter wereld\",\"publisher\":{\"@id\":\"https:\\\/\\\/www.koonings.com\\\/fr\\\/#organization\"},\"potentialAction\":[{\"@type\":\"SearchAction\",\"target\":{\"@type\":\"EntryPoint\",\"urlTemplate\":\"https:\\\/\\\/www.koonings.com\\\/fr\\\/?s={search_term_string}\"},\"query-input\":{\"@type\":\"PropertyValueSpecification\",\"valueRequired\":true,\"valueName\":\"search_term_string\"}}],\"inLanguage\":\"fr-FR\"},{\"@type\":\"Organization\",\"@id\":\"https:\\\/\\\/www.koonings.com\\\/fr\\\/#organization\",\"name\":\"Koonings\",\"url\":\"https:\\\/\\\/www.koonings.com\\\/fr\\\/\",\"logo\":{\"@type\":\"ImageObject\",\"inLanguage\":\"fr-FR\",\"@id\":\"https:\\\/\\\/www.koonings.com\\\/fr\\\/#\\\/schema\\\/logo\\\/image\\\/\",\"url\":\"https:\\\/\\\/www.koonings.com\\\/wp-content\\\/uploads\\\/2024\\\/07\\\/logo.png\",\"contentUrl\":\"https:\\\/\\\/www.koonings.com\\\/wp-content\\\/uploads\\\/2024\\\/07\\\/logo.png\",\"width\":600,\"height\":428,\"caption\":\"Koonings\"},\"image\":{\"@id\":\"https:\\\/\\\/www.koonings.com\\\/fr\\\/#\\\/schema\\\/logo\\\/image\\\/\"},\"sameAs\":[\"https:\\\/\\\/www.facebook.com\\\/kooningstheweddingpalace\",\"https:\\\/\\\/www.instagram.com\\\/kooningstheweddingpalace\",\"https:\\\/\\\/www.pinterest.com\\\/koonings\",\"https:\\\/\\\/www.youtube.com\\\/kooningstheweddingpalace\"]}]}<\/script>\n<!-- \/ Yoast SEO plugin. -->","yoast_head_json":{"title":"Pronovias Fashion Group Alix PR125DM2 | Koonings","description":"ALIX est aussi sophistiqu\u00e9e que s\u00e9duisante. Cette robe sir\u00e8ne poss\u00e8de un corsage en dentelle avec un d\u00e9collet\u00e9 en c\u0153ur et de fines bretelles qui s'\u00e9tendent jusqu'\u00e0 un dos rond flatteur. Les bretelles peuvent \u00eatre agr\u00e9ment\u00e9es de deux \u00e9l\u00e9gantes tra\u00eenes d\u00e9tachables sur les \u00e9paules. La jupe \u00e9pouse la silhouette de la mari\u00e9e jusqu'\u00e0 la mi-cuisse et s'ouvre l\u00e9g\u00e8rement pour se terminer par une tra\u00eene distingu\u00e9e de 180 cm.","robots":{"index":"index","follow":"follow","max-snippet":"max-snippet:-1","max-image-preview":"max-image-preview:large","max-video-preview":"max-video-preview:-1"},"canonical":"https:\/\/www.koonings.com\/fr\/product\/pronovias-fashion-group-alix-pr125dm2\/","og_locale":"fr_FR","og_type":"article","og_title":"Pronovias Fashion Group Alix PR125DM2 | Koonings","og_description":"ALIX est aussi sophistiqu\u00e9e que s\u00e9duisante. Cette robe sir\u00e8ne poss\u00e8de un corsage en dentelle avec un d\u00e9collet\u00e9 en c\u0153ur et de fines bretelles qui s'\u00e9tendent jusqu'\u00e0 un dos rond flatteur. Les bretelles peuvent \u00eatre agr\u00e9ment\u00e9es de deux \u00e9l\u00e9gantes tra\u00eenes d\u00e9tachables sur les \u00e9paules. La jupe \u00e9pouse la silhouette de la mari\u00e9e jusqu'\u00e0 la mi-cuisse et s'ouvre l\u00e9g\u00e8rement pour se terminer par une tra\u00eene distingu\u00e9e de 180 cm.","og_url":"https:\/\/www.koonings.com\/fr\/product\/pronovias-fashion-group-alix-pr125dm2\/","og_site_name":"Koonings","article_publisher":"https:\/\/www.facebook.com\/kooningstheweddingpalace","og_image":[{"width":1809,"height":2560,"url":"https:\/\/www.koonings.com\/wp-content\/uploads\/2024\/11\/41054_3447813ccd5785a7d749bf0cea2445e8cde5effc9cdf754fa895739f818f1c13a7223bed-scaled.jpeg","type":"image\/jpeg"}],"twitter_card":"summary_large_image","schema":{"@context":"https:\/\/schema.org","@graph":[{"@type":"WebPage","@id":"https:\/\/www.koonings.com\/fr\/product\/pronovias-fashion-group-alix-pr125dm2\/","url":"https:\/\/www.koonings.com\/fr\/product\/pronovias-fashion-group-alix-pr125dm2\/","name":"Pronovias Fashion Group Alix PR125DM2 | Koonings","isPartOf":{"@id":"https:\/\/www.koonings.com\/fr\/#website"},"primaryImageOfPage":{"@id":"https:\/\/www.koonings.com\/fr\/product\/pronovias-fashion-group-alix-pr125dm2\/#primaryimage"},"image":{"@id":"https:\/\/www.koonings.com\/fr\/product\/pronovias-fashion-group-alix-pr125dm2\/#primaryimage"},"thumbnailUrl":"https:\/\/www.koonings.com\/wp-content\/uploads\/2024\/11\/41054_3447813ccd5785a7d749bf0cea2445e8cde5effc9cdf754fa895739f818f1c13a7223bed-scaled.jpeg","datePublished":"2026-04-28T16:24:48+00:00","description":"ALIX est aussi sophistiqu\u00e9e que s\u00e9duisante. Cette robe sir\u00e8ne poss\u00e8de un corsage en dentelle avec un d\u00e9collet\u00e9 en c\u0153ur et de fines bretelles qui s'\u00e9tendent jusqu'\u00e0 un dos rond flatteur. Les bretelles peuvent \u00eatre agr\u00e9ment\u00e9es de deux \u00e9l\u00e9gantes tra\u00eenes d\u00e9tachables sur les \u00e9paules. La jupe \u00e9pouse la silhouette de la mari\u00e9e jusqu'\u00e0 la mi-cuisse et s'ouvre l\u00e9g\u00e8rement pour se terminer par une tra\u00eene distingu\u00e9e de 180 cm.","breadcrumb":{"@id":"https:\/\/www.koonings.com\/fr\/product\/pronovias-fashion-group-alix-pr125dm2\/#breadcrumb"},"inLanguage":"fr-FR","potentialAction":[{"@type":"ReadAction","target":["https:\/\/www.koonings.com\/fr\/product\/pronovias-fashion-group-alix-pr125dm2\/"]}]},{"@type":"ImageObject","inLanguage":"fr-FR","@id":"https:\/\/www.koonings.com\/fr\/product\/pronovias-fashion-group-alix-pr125dm2\/#primaryimage","url":"https:\/\/www.koonings.com\/wp-content\/uploads\/2024\/11\/41054_3447813ccd5785a7d749bf0cea2445e8cde5effc9cdf754fa895739f818f1c13a7223bed-scaled.jpeg","contentUrl":"https:\/\/www.koonings.com\/wp-content\/uploads\/2024\/11\/41054_3447813ccd5785a7d749bf0cea2445e8cde5effc9cdf754fa895739f818f1c13a7223bed-scaled.jpeg","width":1809,"height":2560},{"@type":"BreadcrumbList","@id":"https:\/\/www.koonings.com\/fr\/product\/pronovias-fashion-group-alix-pr125dm2\/#breadcrumb","itemListElement":[{"@type":"ListItem","position":1,"name":"Home","item":"https:\/\/www.koonings.com\/fr\/"},{"@type":"ListItem","position":2,"name":"Pronovias Fashion Group Alix PR125DM2"}]},{"@type":"WebSite","@id":"https:\/\/www.koonings.com\/fr\/#website","url":"https:\/\/www.koonings.com\/fr\/","name":"Koonings","description":"De grootste bruidsmodewinkel ter wereld","publisher":{"@id":"https:\/\/www.koonings.com\/fr\/#organization"},"potentialAction":[{"@type":"SearchAction","target":{"@type":"EntryPoint","urlTemplate":"https:\/\/www.koonings.com\/fr\/?s={search_term_string}"},"query-input":{"@type":"PropertyValueSpecification","valueRequired":true,"valueName":"search_term_string"}}],"inLanguage":"fr-FR"},{"@type":"Organization","@id":"https:\/\/www.koonings.com\/fr\/#organization","name":"Koonings","url":"https:\/\/www.koonings.com\/fr\/","logo":{"@type":"ImageObject","inLanguage":"fr-FR","@id":"https:\/\/www.koonings.com\/fr\/#\/schema\/logo\/image\/","url":"https:\/\/www.koonings.com\/wp-content\/uploads\/2024\/07\/logo.png","contentUrl":"https:\/\/www.koonings.com\/wp-content\/uploads\/2024\/07\/logo.png","width":600,"height":428,"caption":"Koonings"},"image":{"@id":"https:\/\/www.koonings.com\/fr\/#\/schema\/logo\/image\/"},"sameAs":["https:\/\/www.facebook.com\/kooningstheweddingpalace","https:\/\/www.instagram.com\/kooningstheweddingpalace","https:\/\/www.pinterest.com\/koonings","https:\/\/www.youtube.com\/kooningstheweddingpalace"]}]}},"_links":{"self":[{"href":"https:\/\/www.koonings.com\/fr\/wp-json\/wp\/v2\/product\/59144","targetHints":{"allow":["GET"]}}],"collection":[{"href":"https:\/\/www.koonings.com\/fr\/wp-json\/wp\/v2\/product"}],"about":[{"href":"https:\/\/www.koonings.com\/fr\/wp-json\/wp\/v2\/types\/product"}],"wp:featuredmedia":[{"embeddable":true,"href":"https:\/\/www.koonings.com\/fr\/wp-json\/wp\/v2\/media\/49715"}],"wp:attachment":[{"href":"https:\/\/www.koonings.com\/fr\/wp-json\/wp\/v2\/media?parent=59144"}],"wp:term":[{"taxonomy":"productdetails","embeddable":true,"href":"https:\/\/www.koonings.com\/fr\/wp-json\/wp\/v2\/productdetails?post=59144"},{"taxonomy":"productneck","embeddable":true,"href":"https:\/\/www.koonings.com\/fr\/wp-json\/wp\/v2\/productneck?post=59144"},{"taxonomy":"productcolor","embeddable":true,"href":"https:\/\/www.koonings.com\/fr\/wp-json\/wp\/v2\/productcolor?post=59144"},{"taxonomy":"maat","embeddable":true,"href":"https:\/\/www.koonings.com\/fr\/wp-json\/wp\/v2\/maat?post=59144"},{"taxonomy":"productsupplier","embeddable":true,"href":"https:\/\/www.koonings.com\/fr\/wp-json\/wp\/v2\/productsupplier?post=59144"},{"taxonomy":"productsleeve","embeddable":true,"href":"https:\/\/www.koonings.com\/fr\/wp-json\/wp\/v2\/productsleeve?post=59144"},{"taxonomy":"productcategory","embeddable":true,"href":"https:\/\/www.koonings.com\/fr\/wp-json\/wp\/v2\/productcategory?post=59144"},{"taxonomy":"productsilhouette","embeddable":true,"href":"https:\/\/www.koonings.com\/fr\/wp-json\/wp\/v2\/productsilhouette?post=59144"},{"taxonomy":"productstyle","embeddable":true,"href":"https:\/\/www.koonings.com\/fr\/wp-json\/wp\/v2\/productstyle?post=59144"}],"curies":[{"name":"wp","href":"https:\/\/api.w.org\/{rel}","templated":true}]}}