{"id":59131,"date":"2026-05-06T15:26:04","date_gmt":"2026-05-06T13:26:04","guid":{"rendered":"https:\/\/www.koonings.com\/product\/pronovias-fashion-group-roselle-pr125dk1\/"},"modified":"2026-02-16T14:41:47","modified_gmt":"2026-02-16T13:41:47","slug":"pronovias-fashion-group-roselle-pr125dk1","status":"publish","type":"product","link":"https:\/\/www.koonings.com\/fr\/product\/pronovias-fashion-group-roselle-pr125dk1\/","title":{"rendered":"Pronovias Fashion Group Roselle PR125DK1"},"content":{"rendered":"<p>Tombez amoureux de la romance s\u00e9duisante de ROSELLE. Confectionn\u00e9e en tulle, cette robe de princesse pr\u00e9sente des d\u00e9tails de dentelle et de strass sur le corsage, un profond d\u00e9collet\u00e9 en V, des fentes lat\u00e9rales triangulaires et de fines bretelles orn\u00e9es de strass qui s&#8217;entrecroisent dans le dos pour former une magnifique forme g\u00e9om\u00e9trique. Quant \u00e0 la magnifique jupe superpos\u00e9e, elle accompagne chacun de vos pas avec gr\u00e2ce.  <\/p>\n","protected":false},"featured_media":49749,"template":"","meta":{"_acf_changed":false,"ghostkit_customizer_options":"","ghostkit_custom_css":"","ghostkit_custom_js_head":"","ghostkit_custom_js_foot":"","ghostkit_typography":""},"productdetails":[379,381],"productneck":[356],"productcolor":[393,392],"maat":[],"productsupplier":[430],"productsleeve":[359],"productcategory":[18],"productsilhouette":[388],"productstyle":[372],"class_list":["post-59131","product","type-product","status-publish","has-post-thumbnail","hentry","productdetails-379","productdetails-381","productneck-356","productcolor-393","productcolor-392","productsupplier-pronovias-fashion-group","productsleeve-359","productcategory-trouwjurken","productsilhouette-388","productstyle-372"],"acf":[],"yoast_head":"<!-- This site is optimized with the Yoast SEO plugin v27.3 - https:\/\/yoast.com\/product\/yoast-seo-wordpress\/ -->\n<title>Pronovias Fashion Group Roselle PR125DK1 | Koonings<\/title>\n<meta name=\"description\" content=\"Tombez amoureux de la romance s\u00e9duisante de ROSELLE. Confectionn\u00e9e en tulle, cette robe de princesse pr\u00e9sente des d\u00e9tails de dentelle et de strass sur le corsage, un profond d\u00e9collet\u00e9 en V, des fentes lat\u00e9rales triangulaires et de fines bretelles orn\u00e9es de strass qui s&#039;entrecroisent dans le dos pour former une magnifique forme g\u00e9om\u00e9trique. Quant \u00e0 la magnifique jupe superpos\u00e9e, elle accompagne chacun de vos pas avec gr\u00e2ce.\" \/>\n<meta name=\"robots\" content=\"index, follow, max-snippet:-1, max-image-preview:large, max-video-preview:-1\" \/>\n<link rel=\"canonical\" href=\"https:\/\/www.koonings.com\/fr\/product\/pronovias-fashion-group-roselle-pr125dk1\/\" \/>\n<meta property=\"og:locale\" content=\"fr_FR\" \/>\n<meta property=\"og:type\" content=\"article\" \/>\n<meta property=\"og:title\" content=\"Pronovias Fashion Group Roselle PR125DK1 | Koonings\" \/>\n<meta property=\"og:description\" content=\"Tombez amoureux de la romance s\u00e9duisante de ROSELLE. Confectionn\u00e9e en tulle, cette robe de princesse pr\u00e9sente des d\u00e9tails de dentelle et de strass sur le corsage, un profond d\u00e9collet\u00e9 en V, des fentes lat\u00e9rales triangulaires et de fines bretelles orn\u00e9es de strass qui s&#039;entrecroisent dans le dos pour former une magnifique forme g\u00e9om\u00e9trique. Quant \u00e0 la magnifique jupe superpos\u00e9e, elle accompagne chacun de vos pas avec gr\u00e2ce.\" \/>\n<meta property=\"og:url\" content=\"https:\/\/www.koonings.com\/fr\/product\/pronovias-fashion-group-roselle-pr125dk1\/\" \/>\n<meta property=\"og:site_name\" content=\"Koonings\" \/>\n<meta property=\"article:publisher\" content=\"https:\/\/www.facebook.com\/kooningstheweddingpalace\" \/>\n<meta property=\"og:image\" content=\"https:\/\/www.koonings.com\/wp-content\/uploads\/2024\/11\/41056_0b8fe1cd557209d1c66ce0e351d8d52af8cabd53f0bd568024af5f6d136df681449350bd-scaled.jpeg\" \/>\n\t<meta property=\"og:image:width\" content=\"1811\" \/>\n\t<meta property=\"og:image:height\" content=\"2560\" \/>\n\t<meta property=\"og:image:type\" content=\"image\/jpeg\" \/>\n<meta name=\"twitter:card\" content=\"summary_large_image\" \/>\n<script type=\"application\/ld+json\" class=\"yoast-schema-graph\">{\"@context\":\"https:\\\/\\\/schema.org\",\"@graph\":[{\"@type\":\"WebPage\",\"@id\":\"https:\\\/\\\/www.koonings.com\\\/fr\\\/product\\\/pronovias-fashion-group-roselle-pr125dk1\\\/\",\"url\":\"https:\\\/\\\/www.koonings.com\\\/fr\\\/product\\\/pronovias-fashion-group-roselle-pr125dk1\\\/\",\"name\":\"Pronovias Fashion Group Roselle PR125DK1 | Koonings\",\"isPartOf\":{\"@id\":\"https:\\\/\\\/www.koonings.com\\\/fr\\\/#website\"},\"primaryImageOfPage\":{\"@id\":\"https:\\\/\\\/www.koonings.com\\\/fr\\\/product\\\/pronovias-fashion-group-roselle-pr125dk1\\\/#primaryimage\"},\"image\":{\"@id\":\"https:\\\/\\\/www.koonings.com\\\/fr\\\/product\\\/pronovias-fashion-group-roselle-pr125dk1\\\/#primaryimage\"},\"thumbnailUrl\":\"https:\\\/\\\/www.koonings.com\\\/wp-content\\\/uploads\\\/2024\\\/11\\\/41056_0b8fe1cd557209d1c66ce0e351d8d52af8cabd53f0bd568024af5f6d136df681449350bd-scaled.jpeg\",\"datePublished\":\"2026-05-06T13:26:04+00:00\",\"description\":\"Tombez amoureux de la romance s\u00e9duisante de ROSELLE. Confectionn\u00e9e en tulle, cette robe de princesse pr\u00e9sente des d\u00e9tails de dentelle et de strass sur le corsage, un profond d\u00e9collet\u00e9 en V, des fentes lat\u00e9rales triangulaires et de fines bretelles orn\u00e9es de strass qui s'entrecroisent dans le dos pour former une magnifique forme g\u00e9om\u00e9trique. Quant \u00e0 la magnifique jupe superpos\u00e9e, elle accompagne chacun de vos pas avec gr\u00e2ce.\",\"breadcrumb\":{\"@id\":\"https:\\\/\\\/www.koonings.com\\\/fr\\\/product\\\/pronovias-fashion-group-roselle-pr125dk1\\\/#breadcrumb\"},\"inLanguage\":\"fr-FR\",\"potentialAction\":[{\"@type\":\"ReadAction\",\"target\":[\"https:\\\/\\\/www.koonings.com\\\/fr\\\/product\\\/pronovias-fashion-group-roselle-pr125dk1\\\/\"]}]},{\"@type\":\"ImageObject\",\"inLanguage\":\"fr-FR\",\"@id\":\"https:\\\/\\\/www.koonings.com\\\/fr\\\/product\\\/pronovias-fashion-group-roselle-pr125dk1\\\/#primaryimage\",\"url\":\"https:\\\/\\\/www.koonings.com\\\/wp-content\\\/uploads\\\/2024\\\/11\\\/41056_0b8fe1cd557209d1c66ce0e351d8d52af8cabd53f0bd568024af5f6d136df681449350bd-scaled.jpeg\",\"contentUrl\":\"https:\\\/\\\/www.koonings.com\\\/wp-content\\\/uploads\\\/2024\\\/11\\\/41056_0b8fe1cd557209d1c66ce0e351d8d52af8cabd53f0bd568024af5f6d136df681449350bd-scaled.jpeg\",\"width\":1811,\"height\":2560},{\"@type\":\"BreadcrumbList\",\"@id\":\"https:\\\/\\\/www.koonings.com\\\/fr\\\/product\\\/pronovias-fashion-group-roselle-pr125dk1\\\/#breadcrumb\",\"itemListElement\":[{\"@type\":\"ListItem\",\"position\":1,\"name\":\"Home\",\"item\":\"https:\\\/\\\/www.koonings.com\\\/fr\\\/\"},{\"@type\":\"ListItem\",\"position\":2,\"name\":\"Pronovias Fashion Group Roselle PR125DK1\"}]},{\"@type\":\"WebSite\",\"@id\":\"https:\\\/\\\/www.koonings.com\\\/fr\\\/#website\",\"url\":\"https:\\\/\\\/www.koonings.com\\\/fr\\\/\",\"name\":\"Koonings\",\"description\":\"De grootste bruidsmodewinkel ter wereld\",\"publisher\":{\"@id\":\"https:\\\/\\\/www.koonings.com\\\/fr\\\/#organization\"},\"potentialAction\":[{\"@type\":\"SearchAction\",\"target\":{\"@type\":\"EntryPoint\",\"urlTemplate\":\"https:\\\/\\\/www.koonings.com\\\/fr\\\/?s={search_term_string}\"},\"query-input\":{\"@type\":\"PropertyValueSpecification\",\"valueRequired\":true,\"valueName\":\"search_term_string\"}}],\"inLanguage\":\"fr-FR\"},{\"@type\":\"Organization\",\"@id\":\"https:\\\/\\\/www.koonings.com\\\/fr\\\/#organization\",\"name\":\"Koonings\",\"url\":\"https:\\\/\\\/www.koonings.com\\\/fr\\\/\",\"logo\":{\"@type\":\"ImageObject\",\"inLanguage\":\"fr-FR\",\"@id\":\"https:\\\/\\\/www.koonings.com\\\/fr\\\/#\\\/schema\\\/logo\\\/image\\\/\",\"url\":\"https:\\\/\\\/www.koonings.com\\\/wp-content\\\/uploads\\\/2024\\\/07\\\/logo.png\",\"contentUrl\":\"https:\\\/\\\/www.koonings.com\\\/wp-content\\\/uploads\\\/2024\\\/07\\\/logo.png\",\"width\":600,\"height\":428,\"caption\":\"Koonings\"},\"image\":{\"@id\":\"https:\\\/\\\/www.koonings.com\\\/fr\\\/#\\\/schema\\\/logo\\\/image\\\/\"},\"sameAs\":[\"https:\\\/\\\/www.facebook.com\\\/kooningstheweddingpalace\",\"https:\\\/\\\/www.instagram.com\\\/kooningstheweddingpalace\",\"https:\\\/\\\/www.pinterest.com\\\/koonings\",\"https:\\\/\\\/www.youtube.com\\\/kooningstheweddingpalace\"]}]}<\/script>\n<!-- \/ Yoast SEO plugin. -->","yoast_head_json":{"title":"Pronovias Fashion Group Roselle PR125DK1 | Koonings","description":"Tombez amoureux de la romance s\u00e9duisante de ROSELLE. Confectionn\u00e9e en tulle, cette robe de princesse pr\u00e9sente des d\u00e9tails de dentelle et de strass sur le corsage, un profond d\u00e9collet\u00e9 en V, des fentes lat\u00e9rales triangulaires et de fines bretelles orn\u00e9es de strass qui s'entrecroisent dans le dos pour former une magnifique forme g\u00e9om\u00e9trique. Quant \u00e0 la magnifique jupe superpos\u00e9e, elle accompagne chacun de vos pas avec gr\u00e2ce.","robots":{"index":"index","follow":"follow","max-snippet":"max-snippet:-1","max-image-preview":"max-image-preview:large","max-video-preview":"max-video-preview:-1"},"canonical":"https:\/\/www.koonings.com\/fr\/product\/pronovias-fashion-group-roselle-pr125dk1\/","og_locale":"fr_FR","og_type":"article","og_title":"Pronovias Fashion Group Roselle PR125DK1 | Koonings","og_description":"Tombez amoureux de la romance s\u00e9duisante de ROSELLE. Confectionn\u00e9e en tulle, cette robe de princesse pr\u00e9sente des d\u00e9tails de dentelle et de strass sur le corsage, un profond d\u00e9collet\u00e9 en V, des fentes lat\u00e9rales triangulaires et de fines bretelles orn\u00e9es de strass qui s'entrecroisent dans le dos pour former une magnifique forme g\u00e9om\u00e9trique. Quant \u00e0 la magnifique jupe superpos\u00e9e, elle accompagne chacun de vos pas avec gr\u00e2ce.","og_url":"https:\/\/www.koonings.com\/fr\/product\/pronovias-fashion-group-roselle-pr125dk1\/","og_site_name":"Koonings","article_publisher":"https:\/\/www.facebook.com\/kooningstheweddingpalace","og_image":[{"width":1811,"height":2560,"url":"https:\/\/www.koonings.com\/wp-content\/uploads\/2024\/11\/41056_0b8fe1cd557209d1c66ce0e351d8d52af8cabd53f0bd568024af5f6d136df681449350bd-scaled.jpeg","type":"image\/jpeg"}],"twitter_card":"summary_large_image","schema":{"@context":"https:\/\/schema.org","@graph":[{"@type":"WebPage","@id":"https:\/\/www.koonings.com\/fr\/product\/pronovias-fashion-group-roselle-pr125dk1\/","url":"https:\/\/www.koonings.com\/fr\/product\/pronovias-fashion-group-roselle-pr125dk1\/","name":"Pronovias Fashion Group Roselle PR125DK1 | Koonings","isPartOf":{"@id":"https:\/\/www.koonings.com\/fr\/#website"},"primaryImageOfPage":{"@id":"https:\/\/www.koonings.com\/fr\/product\/pronovias-fashion-group-roselle-pr125dk1\/#primaryimage"},"image":{"@id":"https:\/\/www.koonings.com\/fr\/product\/pronovias-fashion-group-roselle-pr125dk1\/#primaryimage"},"thumbnailUrl":"https:\/\/www.koonings.com\/wp-content\/uploads\/2024\/11\/41056_0b8fe1cd557209d1c66ce0e351d8d52af8cabd53f0bd568024af5f6d136df681449350bd-scaled.jpeg","datePublished":"2026-05-06T13:26:04+00:00","description":"Tombez amoureux de la romance s\u00e9duisante de ROSELLE. Confectionn\u00e9e en tulle, cette robe de princesse pr\u00e9sente des d\u00e9tails de dentelle et de strass sur le corsage, un profond d\u00e9collet\u00e9 en V, des fentes lat\u00e9rales triangulaires et de fines bretelles orn\u00e9es de strass qui s'entrecroisent dans le dos pour former une magnifique forme g\u00e9om\u00e9trique. Quant \u00e0 la magnifique jupe superpos\u00e9e, elle accompagne chacun de vos pas avec gr\u00e2ce.","breadcrumb":{"@id":"https:\/\/www.koonings.com\/fr\/product\/pronovias-fashion-group-roselle-pr125dk1\/#breadcrumb"},"inLanguage":"fr-FR","potentialAction":[{"@type":"ReadAction","target":["https:\/\/www.koonings.com\/fr\/product\/pronovias-fashion-group-roselle-pr125dk1\/"]}]},{"@type":"ImageObject","inLanguage":"fr-FR","@id":"https:\/\/www.koonings.com\/fr\/product\/pronovias-fashion-group-roselle-pr125dk1\/#primaryimage","url":"https:\/\/www.koonings.com\/wp-content\/uploads\/2024\/11\/41056_0b8fe1cd557209d1c66ce0e351d8d52af8cabd53f0bd568024af5f6d136df681449350bd-scaled.jpeg","contentUrl":"https:\/\/www.koonings.com\/wp-content\/uploads\/2024\/11\/41056_0b8fe1cd557209d1c66ce0e351d8d52af8cabd53f0bd568024af5f6d136df681449350bd-scaled.jpeg","width":1811,"height":2560},{"@type":"BreadcrumbList","@id":"https:\/\/www.koonings.com\/fr\/product\/pronovias-fashion-group-roselle-pr125dk1\/#breadcrumb","itemListElement":[{"@type":"ListItem","position":1,"name":"Home","item":"https:\/\/www.koonings.com\/fr\/"},{"@type":"ListItem","position":2,"name":"Pronovias Fashion Group Roselle PR125DK1"}]},{"@type":"WebSite","@id":"https:\/\/www.koonings.com\/fr\/#website","url":"https:\/\/www.koonings.com\/fr\/","name":"Koonings","description":"De grootste bruidsmodewinkel ter wereld","publisher":{"@id":"https:\/\/www.koonings.com\/fr\/#organization"},"potentialAction":[{"@type":"SearchAction","target":{"@type":"EntryPoint","urlTemplate":"https:\/\/www.koonings.com\/fr\/?s={search_term_string}"},"query-input":{"@type":"PropertyValueSpecification","valueRequired":true,"valueName":"search_term_string"}}],"inLanguage":"fr-FR"},{"@type":"Organization","@id":"https:\/\/www.koonings.com\/fr\/#organization","name":"Koonings","url":"https:\/\/www.koonings.com\/fr\/","logo":{"@type":"ImageObject","inLanguage":"fr-FR","@id":"https:\/\/www.koonings.com\/fr\/#\/schema\/logo\/image\/","url":"https:\/\/www.koonings.com\/wp-content\/uploads\/2024\/07\/logo.png","contentUrl":"https:\/\/www.koonings.com\/wp-content\/uploads\/2024\/07\/logo.png","width":600,"height":428,"caption":"Koonings"},"image":{"@id":"https:\/\/www.koonings.com\/fr\/#\/schema\/logo\/image\/"},"sameAs":["https:\/\/www.facebook.com\/kooningstheweddingpalace","https:\/\/www.instagram.com\/kooningstheweddingpalace","https:\/\/www.pinterest.com\/koonings","https:\/\/www.youtube.com\/kooningstheweddingpalace"]}]}},"_links":{"self":[{"href":"https:\/\/www.koonings.com\/fr\/wp-json\/wp\/v2\/product\/59131","targetHints":{"allow":["GET"]}}],"collection":[{"href":"https:\/\/www.koonings.com\/fr\/wp-json\/wp\/v2\/product"}],"about":[{"href":"https:\/\/www.koonings.com\/fr\/wp-json\/wp\/v2\/types\/product"}],"wp:featuredmedia":[{"embeddable":true,"href":"https:\/\/www.koonings.com\/fr\/wp-json\/wp\/v2\/media\/49749"}],"wp:attachment":[{"href":"https:\/\/www.koonings.com\/fr\/wp-json\/wp\/v2\/media?parent=59131"}],"wp:term":[{"taxonomy":"productdetails","embeddable":true,"href":"https:\/\/www.koonings.com\/fr\/wp-json\/wp\/v2\/productdetails?post=59131"},{"taxonomy":"productneck","embeddable":true,"href":"https:\/\/www.koonings.com\/fr\/wp-json\/wp\/v2\/productneck?post=59131"},{"taxonomy":"productcolor","embeddable":true,"href":"https:\/\/www.koonings.com\/fr\/wp-json\/wp\/v2\/productcolor?post=59131"},{"taxonomy":"maat","embeddable":true,"href":"https:\/\/www.koonings.com\/fr\/wp-json\/wp\/v2\/maat?post=59131"},{"taxonomy":"productsupplier","embeddable":true,"href":"https:\/\/www.koonings.com\/fr\/wp-json\/wp\/v2\/productsupplier?post=59131"},{"taxonomy":"productsleeve","embeddable":true,"href":"https:\/\/www.koonings.com\/fr\/wp-json\/wp\/v2\/productsleeve?post=59131"},{"taxonomy":"productcategory","embeddable":true,"href":"https:\/\/www.koonings.com\/fr\/wp-json\/wp\/v2\/productcategory?post=59131"},{"taxonomy":"productsilhouette","embeddable":true,"href":"https:\/\/www.koonings.com\/fr\/wp-json\/wp\/v2\/productsilhouette?post=59131"},{"taxonomy":"productstyle","embeddable":true,"href":"https:\/\/www.koonings.com\/fr\/wp-json\/wp\/v2\/productstyle?post=59131"}],"curies":[{"name":"wp","href":"https:\/\/api.w.org\/{rel}","templated":true}]}}