{"id":59107,"date":"2026-04-28T18:24:53","date_gmt":"2026-04-28T16:24:53","guid":{"rendered":"https:\/\/www.koonings.com\/product\/lohrengel-lb507\/"},"modified":"2025-06-05T13:30:08","modified_gmt":"2025-06-05T11:30:08","slug":"lohrengel-lb507","status":"publish","type":"product","link":"https:\/\/www.koonings.com\/fr\/product\/lohrengel-lb507\/","title":{"rendered":"Fashion Queen Lohrengel Molly Monroe LB507"},"content":{"rendered":"<p>La Lohrengel LB507 de Fashion Queen est une robe de mari\u00e9e enchanteresse qui respire le luxe et le romantisme. Le design est enrichi d&#8217;un magnifique tulle et de fleurs en 3D, qui donnent \u00e0 la robe une allure \u00e9poustouflante et sophistiqu\u00e9e. Les fleurs d\u00e9licates ajoutent de la profondeur et de la texture, tandis que le tulle doux cr\u00e9e une ambiance de r\u00eave. Cette robe est id\u00e9ale pour les mari\u00e9es qui recherchent un look luxueux et romantique, parfait pour un mariage inoubliable. La Lohrengel LB507 offre une \u00e9l\u00e9gance intemporelle avec une touche de modernit\u00e9 et de f\u00e9minit\u00e9.    <\/p>\n","protected":false},"featured_media":49968,"template":"","meta":{"_acf_changed":false,"ghostkit_customizer_options":"","ghostkit_custom_css":"","ghostkit_custom_js_head":"","ghostkit_custom_js_foot":"","ghostkit_typography":""},"productdetails":[379,381],"productneck":[354,355,356],"productcolor":[392],"maat":[375],"productsupplier":[480],"productsleeve":[359],"productcategory":[18],"productsilhouette":[384],"productstyle":[],"class_list":["post-59107","product","type-product","status-publish","has-post-thumbnail","hentry","productdetails-379","productdetails-381","productneck-354","productneck-355","productneck-356","productcolor-392","maat-375","productsupplier-fashion-queen","productsleeve-359","productcategory-trouwjurken","productsilhouette-384"],"acf":[],"yoast_head":"<!-- This site is optimized with the Yoast SEO plugin v27.3 - https:\/\/yoast.com\/product\/yoast-seo-wordpress\/ -->\n<title>Fashion Queen Lohrengel Molly Monroe LB507 | Koonings<\/title>\n<meta name=\"description\" content=\"La Lohrengel LB507 de Fashion Queen est une robe de mari\u00e9e enchanteresse qui respire le luxe et le romantisme. Le design est enrichi d&#039;un magnifique tulle et de fleurs en 3D, qui donnent \u00e0 la robe une allure \u00e9poustouflante et sophistiqu\u00e9e. Les fleurs d\u00e9licates ajoutent de la profondeur et de la texture, tandis que le tulle doux cr\u00e9e une ambiance de r\u00eave. Cette robe est id\u00e9ale pour les mari\u00e9es qui recherchent un look luxueux et romantique, parfait pour un mariage inoubliable. La Lohrengel LB507 offre une \u00e9l\u00e9gance intemporelle avec une touche de modernit\u00e9 et de f\u00e9minit\u00e9.\" \/>\n<meta name=\"robots\" content=\"index, follow, max-snippet:-1, max-image-preview:large, max-video-preview:-1\" \/>\n<link rel=\"canonical\" href=\"https:\/\/www.koonings.com\/fr\/product\/lohrengel-lb507\/\" \/>\n<meta property=\"og:locale\" content=\"fr_FR\" \/>\n<meta property=\"og:type\" content=\"article\" \/>\n<meta property=\"og:title\" content=\"Fashion Queen Lohrengel Molly Monroe LB507 | Koonings\" \/>\n<meta property=\"og:description\" content=\"La Lohrengel LB507 de Fashion Queen est une robe de mari\u00e9e enchanteresse qui respire le luxe et le romantisme. Le design est enrichi d&#039;un magnifique tulle et de fleurs en 3D, qui donnent \u00e0 la robe une allure \u00e9poustouflante et sophistiqu\u00e9e. Les fleurs d\u00e9licates ajoutent de la profondeur et de la texture, tandis que le tulle doux cr\u00e9e une ambiance de r\u00eave. Cette robe est id\u00e9ale pour les mari\u00e9es qui recherchent un look luxueux et romantique, parfait pour un mariage inoubliable. La Lohrengel LB507 offre une \u00e9l\u00e9gance intemporelle avec une touche de modernit\u00e9 et de f\u00e9minit\u00e9.\" \/>\n<meta property=\"og:url\" content=\"https:\/\/www.koonings.com\/fr\/product\/lohrengel-lb507\/\" \/>\n<meta property=\"og:site_name\" content=\"Koonings\" \/>\n<meta property=\"article:publisher\" content=\"https:\/\/www.facebook.com\/kooningstheweddingpalace\" \/>\n<meta property=\"og:image\" content=\"https:\/\/www.koonings.com\/wp-content\/uploads\/2024\/11\/41080_eb9fd295247a8fabc03bdbedcab4188a54e7d3728502ff64bf6a029d0dc48560b947faaf.jpeg\" \/>\n\t<meta property=\"og:image:width\" content=\"1301\" \/>\n\t<meta property=\"og:image:height\" content=\"1841\" \/>\n\t<meta property=\"og:image:type\" content=\"image\/jpeg\" \/>\n<meta name=\"twitter:card\" content=\"summary_large_image\" \/>\n<meta name=\"twitter:label1\" content=\"Dur\u00e9e de lecture estim\u00e9e\" \/>\n\t<meta name=\"twitter:data1\" content=\"1 minute\" \/>\n<script type=\"application\/ld+json\" class=\"yoast-schema-graph\">{\"@context\":\"https:\\\/\\\/schema.org\",\"@graph\":[{\"@type\":\"WebPage\",\"@id\":\"https:\\\/\\\/www.koonings.com\\\/fr\\\/product\\\/lohrengel-lb507\\\/\",\"url\":\"https:\\\/\\\/www.koonings.com\\\/fr\\\/product\\\/lohrengel-lb507\\\/\",\"name\":\"Fashion Queen Lohrengel Molly Monroe LB507 | Koonings\",\"isPartOf\":{\"@id\":\"https:\\\/\\\/www.koonings.com\\\/fr\\\/#website\"},\"primaryImageOfPage\":{\"@id\":\"https:\\\/\\\/www.koonings.com\\\/fr\\\/product\\\/lohrengel-lb507\\\/#primaryimage\"},\"image\":{\"@id\":\"https:\\\/\\\/www.koonings.com\\\/fr\\\/product\\\/lohrengel-lb507\\\/#primaryimage\"},\"thumbnailUrl\":\"https:\\\/\\\/www.koonings.com\\\/wp-content\\\/uploads\\\/2024\\\/11\\\/41080_eb9fd295247a8fabc03bdbedcab4188a54e7d3728502ff64bf6a029d0dc48560b947faaf.jpeg\",\"datePublished\":\"2026-04-28T16:24:53+00:00\",\"description\":\"La Lohrengel LB507 de Fashion Queen est une robe de mari\u00e9e enchanteresse qui respire le luxe et le romantisme. Le design est enrichi d'un magnifique tulle et de fleurs en 3D, qui donnent \u00e0 la robe une allure \u00e9poustouflante et sophistiqu\u00e9e. Les fleurs d\u00e9licates ajoutent de la profondeur et de la texture, tandis que le tulle doux cr\u00e9e une ambiance de r\u00eave. Cette robe est id\u00e9ale pour les mari\u00e9es qui recherchent un look luxueux et romantique, parfait pour un mariage inoubliable. La Lohrengel LB507 offre une \u00e9l\u00e9gance intemporelle avec une touche de modernit\u00e9 et de f\u00e9minit\u00e9.\",\"breadcrumb\":{\"@id\":\"https:\\\/\\\/www.koonings.com\\\/fr\\\/product\\\/lohrengel-lb507\\\/#breadcrumb\"},\"inLanguage\":\"fr-FR\",\"potentialAction\":[{\"@type\":\"ReadAction\",\"target\":[\"https:\\\/\\\/www.koonings.com\\\/fr\\\/product\\\/lohrengel-lb507\\\/\"]}]},{\"@type\":\"ImageObject\",\"inLanguage\":\"fr-FR\",\"@id\":\"https:\\\/\\\/www.koonings.com\\\/fr\\\/product\\\/lohrengel-lb507\\\/#primaryimage\",\"url\":\"https:\\\/\\\/www.koonings.com\\\/wp-content\\\/uploads\\\/2024\\\/11\\\/41080_eb9fd295247a8fabc03bdbedcab4188a54e7d3728502ff64bf6a029d0dc48560b947faaf.jpeg\",\"contentUrl\":\"https:\\\/\\\/www.koonings.com\\\/wp-content\\\/uploads\\\/2024\\\/11\\\/41080_eb9fd295247a8fabc03bdbedcab4188a54e7d3728502ff64bf6a029d0dc48560b947faaf.jpeg\",\"width\":1301,\"height\":1841},{\"@type\":\"BreadcrumbList\",\"@id\":\"https:\\\/\\\/www.koonings.com\\\/fr\\\/product\\\/lohrengel-lb507\\\/#breadcrumb\",\"itemListElement\":[{\"@type\":\"ListItem\",\"position\":1,\"name\":\"Home\",\"item\":\"https:\\\/\\\/www.koonings.com\\\/fr\\\/\"},{\"@type\":\"ListItem\",\"position\":2,\"name\":\"Fashion Queen Lohrengel Molly Monroe LB507\"}]},{\"@type\":\"WebSite\",\"@id\":\"https:\\\/\\\/www.koonings.com\\\/fr\\\/#website\",\"url\":\"https:\\\/\\\/www.koonings.com\\\/fr\\\/\",\"name\":\"Koonings\",\"description\":\"De grootste bruidsmodewinkel ter wereld\",\"publisher\":{\"@id\":\"https:\\\/\\\/www.koonings.com\\\/fr\\\/#organization\"},\"potentialAction\":[{\"@type\":\"SearchAction\",\"target\":{\"@type\":\"EntryPoint\",\"urlTemplate\":\"https:\\\/\\\/www.koonings.com\\\/fr\\\/?s={search_term_string}\"},\"query-input\":{\"@type\":\"PropertyValueSpecification\",\"valueRequired\":true,\"valueName\":\"search_term_string\"}}],\"inLanguage\":\"fr-FR\"},{\"@type\":\"Organization\",\"@id\":\"https:\\\/\\\/www.koonings.com\\\/fr\\\/#organization\",\"name\":\"Koonings\",\"url\":\"https:\\\/\\\/www.koonings.com\\\/fr\\\/\",\"logo\":{\"@type\":\"ImageObject\",\"inLanguage\":\"fr-FR\",\"@id\":\"https:\\\/\\\/www.koonings.com\\\/fr\\\/#\\\/schema\\\/logo\\\/image\\\/\",\"url\":\"https:\\\/\\\/www.koonings.com\\\/wp-content\\\/uploads\\\/2024\\\/07\\\/logo.png\",\"contentUrl\":\"https:\\\/\\\/www.koonings.com\\\/wp-content\\\/uploads\\\/2024\\\/07\\\/logo.png\",\"width\":600,\"height\":428,\"caption\":\"Koonings\"},\"image\":{\"@id\":\"https:\\\/\\\/www.koonings.com\\\/fr\\\/#\\\/schema\\\/logo\\\/image\\\/\"},\"sameAs\":[\"https:\\\/\\\/www.facebook.com\\\/kooningstheweddingpalace\",\"https:\\\/\\\/www.instagram.com\\\/kooningstheweddingpalace\",\"https:\\\/\\\/www.pinterest.com\\\/koonings\",\"https:\\\/\\\/www.youtube.com\\\/kooningstheweddingpalace\"]}]}<\/script>\n<!-- \/ Yoast SEO plugin. -->","yoast_head_json":{"title":"Fashion Queen Lohrengel Molly Monroe LB507 | Koonings","description":"La Lohrengel LB507 de Fashion Queen est une robe de mari\u00e9e enchanteresse qui respire le luxe et le romantisme. Le design est enrichi d'un magnifique tulle et de fleurs en 3D, qui donnent \u00e0 la robe une allure \u00e9poustouflante et sophistiqu\u00e9e. Les fleurs d\u00e9licates ajoutent de la profondeur et de la texture, tandis que le tulle doux cr\u00e9e une ambiance de r\u00eave. Cette robe est id\u00e9ale pour les mari\u00e9es qui recherchent un look luxueux et romantique, parfait pour un mariage inoubliable. La Lohrengel LB507 offre une \u00e9l\u00e9gance intemporelle avec une touche de modernit\u00e9 et de f\u00e9minit\u00e9.","robots":{"index":"index","follow":"follow","max-snippet":"max-snippet:-1","max-image-preview":"max-image-preview:large","max-video-preview":"max-video-preview:-1"},"canonical":"https:\/\/www.koonings.com\/fr\/product\/lohrengel-lb507\/","og_locale":"fr_FR","og_type":"article","og_title":"Fashion Queen Lohrengel Molly Monroe LB507 | Koonings","og_description":"La Lohrengel LB507 de Fashion Queen est une robe de mari\u00e9e enchanteresse qui respire le luxe et le romantisme. Le design est enrichi d'un magnifique tulle et de fleurs en 3D, qui donnent \u00e0 la robe une allure \u00e9poustouflante et sophistiqu\u00e9e. Les fleurs d\u00e9licates ajoutent de la profondeur et de la texture, tandis que le tulle doux cr\u00e9e une ambiance de r\u00eave. Cette robe est id\u00e9ale pour les mari\u00e9es qui recherchent un look luxueux et romantique, parfait pour un mariage inoubliable. La Lohrengel LB507 offre une \u00e9l\u00e9gance intemporelle avec une touche de modernit\u00e9 et de f\u00e9minit\u00e9.","og_url":"https:\/\/www.koonings.com\/fr\/product\/lohrengel-lb507\/","og_site_name":"Koonings","article_publisher":"https:\/\/www.facebook.com\/kooningstheweddingpalace","og_image":[{"width":1301,"height":1841,"url":"https:\/\/www.koonings.com\/wp-content\/uploads\/2024\/11\/41080_eb9fd295247a8fabc03bdbedcab4188a54e7d3728502ff64bf6a029d0dc48560b947faaf.jpeg","type":"image\/jpeg"}],"twitter_card":"summary_large_image","twitter_misc":{"Dur\u00e9e de lecture estim\u00e9e":"1 minute"},"schema":{"@context":"https:\/\/schema.org","@graph":[{"@type":"WebPage","@id":"https:\/\/www.koonings.com\/fr\/product\/lohrengel-lb507\/","url":"https:\/\/www.koonings.com\/fr\/product\/lohrengel-lb507\/","name":"Fashion Queen Lohrengel Molly Monroe LB507 | Koonings","isPartOf":{"@id":"https:\/\/www.koonings.com\/fr\/#website"},"primaryImageOfPage":{"@id":"https:\/\/www.koonings.com\/fr\/product\/lohrengel-lb507\/#primaryimage"},"image":{"@id":"https:\/\/www.koonings.com\/fr\/product\/lohrengel-lb507\/#primaryimage"},"thumbnailUrl":"https:\/\/www.koonings.com\/wp-content\/uploads\/2024\/11\/41080_eb9fd295247a8fabc03bdbedcab4188a54e7d3728502ff64bf6a029d0dc48560b947faaf.jpeg","datePublished":"2026-04-28T16:24:53+00:00","description":"La Lohrengel LB507 de Fashion Queen est une robe de mari\u00e9e enchanteresse qui respire le luxe et le romantisme. Le design est enrichi d'un magnifique tulle et de fleurs en 3D, qui donnent \u00e0 la robe une allure \u00e9poustouflante et sophistiqu\u00e9e. Les fleurs d\u00e9licates ajoutent de la profondeur et de la texture, tandis que le tulle doux cr\u00e9e une ambiance de r\u00eave. Cette robe est id\u00e9ale pour les mari\u00e9es qui recherchent un look luxueux et romantique, parfait pour un mariage inoubliable. La Lohrengel LB507 offre une \u00e9l\u00e9gance intemporelle avec une touche de modernit\u00e9 et de f\u00e9minit\u00e9.","breadcrumb":{"@id":"https:\/\/www.koonings.com\/fr\/product\/lohrengel-lb507\/#breadcrumb"},"inLanguage":"fr-FR","potentialAction":[{"@type":"ReadAction","target":["https:\/\/www.koonings.com\/fr\/product\/lohrengel-lb507\/"]}]},{"@type":"ImageObject","inLanguage":"fr-FR","@id":"https:\/\/www.koonings.com\/fr\/product\/lohrengel-lb507\/#primaryimage","url":"https:\/\/www.koonings.com\/wp-content\/uploads\/2024\/11\/41080_eb9fd295247a8fabc03bdbedcab4188a54e7d3728502ff64bf6a029d0dc48560b947faaf.jpeg","contentUrl":"https:\/\/www.koonings.com\/wp-content\/uploads\/2024\/11\/41080_eb9fd295247a8fabc03bdbedcab4188a54e7d3728502ff64bf6a029d0dc48560b947faaf.jpeg","width":1301,"height":1841},{"@type":"BreadcrumbList","@id":"https:\/\/www.koonings.com\/fr\/product\/lohrengel-lb507\/#breadcrumb","itemListElement":[{"@type":"ListItem","position":1,"name":"Home","item":"https:\/\/www.koonings.com\/fr\/"},{"@type":"ListItem","position":2,"name":"Fashion Queen Lohrengel Molly Monroe LB507"}]},{"@type":"WebSite","@id":"https:\/\/www.koonings.com\/fr\/#website","url":"https:\/\/www.koonings.com\/fr\/","name":"Koonings","description":"De grootste bruidsmodewinkel ter wereld","publisher":{"@id":"https:\/\/www.koonings.com\/fr\/#organization"},"potentialAction":[{"@type":"SearchAction","target":{"@type":"EntryPoint","urlTemplate":"https:\/\/www.koonings.com\/fr\/?s={search_term_string}"},"query-input":{"@type":"PropertyValueSpecification","valueRequired":true,"valueName":"search_term_string"}}],"inLanguage":"fr-FR"},{"@type":"Organization","@id":"https:\/\/www.koonings.com\/fr\/#organization","name":"Koonings","url":"https:\/\/www.koonings.com\/fr\/","logo":{"@type":"ImageObject","inLanguage":"fr-FR","@id":"https:\/\/www.koonings.com\/fr\/#\/schema\/logo\/image\/","url":"https:\/\/www.koonings.com\/wp-content\/uploads\/2024\/07\/logo.png","contentUrl":"https:\/\/www.koonings.com\/wp-content\/uploads\/2024\/07\/logo.png","width":600,"height":428,"caption":"Koonings"},"image":{"@id":"https:\/\/www.koonings.com\/fr\/#\/schema\/logo\/image\/"},"sameAs":["https:\/\/www.facebook.com\/kooningstheweddingpalace","https:\/\/www.instagram.com\/kooningstheweddingpalace","https:\/\/www.pinterest.com\/koonings","https:\/\/www.youtube.com\/kooningstheweddingpalace"]}]}},"_links":{"self":[{"href":"https:\/\/www.koonings.com\/fr\/wp-json\/wp\/v2\/product\/59107","targetHints":{"allow":["GET"]}}],"collection":[{"href":"https:\/\/www.koonings.com\/fr\/wp-json\/wp\/v2\/product"}],"about":[{"href":"https:\/\/www.koonings.com\/fr\/wp-json\/wp\/v2\/types\/product"}],"wp:featuredmedia":[{"embeddable":true,"href":"https:\/\/www.koonings.com\/fr\/wp-json\/wp\/v2\/media\/49968"}],"wp:attachment":[{"href":"https:\/\/www.koonings.com\/fr\/wp-json\/wp\/v2\/media?parent=59107"}],"wp:term":[{"taxonomy":"productdetails","embeddable":true,"href":"https:\/\/www.koonings.com\/fr\/wp-json\/wp\/v2\/productdetails?post=59107"},{"taxonomy":"productneck","embeddable":true,"href":"https:\/\/www.koonings.com\/fr\/wp-json\/wp\/v2\/productneck?post=59107"},{"taxonomy":"productcolor","embeddable":true,"href":"https:\/\/www.koonings.com\/fr\/wp-json\/wp\/v2\/productcolor?post=59107"},{"taxonomy":"maat","embeddable":true,"href":"https:\/\/www.koonings.com\/fr\/wp-json\/wp\/v2\/maat?post=59107"},{"taxonomy":"productsupplier","embeddable":true,"href":"https:\/\/www.koonings.com\/fr\/wp-json\/wp\/v2\/productsupplier?post=59107"},{"taxonomy":"productsleeve","embeddable":true,"href":"https:\/\/www.koonings.com\/fr\/wp-json\/wp\/v2\/productsleeve?post=59107"},{"taxonomy":"productcategory","embeddable":true,"href":"https:\/\/www.koonings.com\/fr\/wp-json\/wp\/v2\/productcategory?post=59107"},{"taxonomy":"productsilhouette","embeddable":true,"href":"https:\/\/www.koonings.com\/fr\/wp-json\/wp\/v2\/productsilhouette?post=59107"},{"taxonomy":"productstyle","embeddable":true,"href":"https:\/\/www.koonings.com\/fr\/wp-json\/wp\/v2\/productstyle?post=59107"}],"curies":[{"name":"wp","href":"https:\/\/api.w.org\/{rel}","templated":true}]}}