{"id":59098,"date":"2026-04-28T18:24:54","date_gmt":"2026-04-28T16:24:54","guid":{"rendered":"https:\/\/www.koonings.com\/product\/lohrengel-lb506\/"},"modified":"2026-02-16T14:41:51","modified_gmt":"2026-02-16T13:41:51","slug":"lohrengel-lb506","status":"publish","type":"product","link":"https:\/\/www.koonings.com\/fr\/product\/lohrengel-lb506\/","title":{"rendered":"Fashion Queen Lohrengel Molly Monroe LB506"},"content":{"rendered":"<p>La Lohrengel LB506 est une robe de mari\u00e9e \u00e9tonnante qui respire l&#8217;\u00e9l\u00e9gance et la sophistication. Elle a \u00e9t\u00e9 soigneusement con\u00e7ue pour mettre en valeur les formes f\u00e9minines de mani\u00e8re subtile et gracieuse. Avec ses tissus luxueux et ses finitions d\u00e9taill\u00e9es, cette robe offre un \u00e9quilibre parfait entre le romantisme classique et le style moderne. Cette robe a un attrait intemporel, id\u00e9al pour la mari\u00e9e qui recherche quelque chose de sophistiqu\u00e9 et d&#8217;unique.   <\/p>\n<p>Le Lohrengel LB506 est le choix id\u00e9al pour tout mariage, o\u00f9 vous vous sentirez confiante et magnifique le jour J.<\/p>\n","protected":false},"featured_media":50002,"template":"","meta":{"_acf_changed":false,"ghostkit_customizer_options":"","ghostkit_custom_css":"","ghostkit_custom_js_head":"","ghostkit_custom_js_foot":"","ghostkit_typography":""},"productdetails":[379],"productneck":[356],"productcolor":[392],"maat":[375],"productsupplier":[480],"productsleeve":[359,361],"productcategory":[18],"productsilhouette":[384],"productstyle":[366],"class_list":["post-59098","product","type-product","status-publish","has-post-thumbnail","hentry","productdetails-379","productneck-356","productcolor-392","maat-375","productsupplier-fashion-queen","productsleeve-359","productsleeve-361","productcategory-trouwjurken","productsilhouette-384","productstyle-366"],"acf":[],"yoast_head":"<!-- This site is optimized with the Yoast SEO plugin v27.3 - https:\/\/yoast.com\/product\/yoast-seo-wordpress\/ -->\n<title>Fashion Queen Lohrengel Molly Monroe LB506 | Koonings<\/title>\n<meta name=\"description\" content=\"La Lohrengel LB506 est une robe de mari\u00e9e \u00e9tonnante qui respire l&#039;\u00e9l\u00e9gance et la sophistication. Elle a \u00e9t\u00e9 soigneusement con\u00e7ue pour mettre en valeur les formes f\u00e9minines de mani\u00e8re subtile et gracieuse. Avec ses tissus luxueux et ses finitions d\u00e9taill\u00e9es, cette robe offre un \u00e9quilibre parfait entre le romantisme classique et le style moderne. Cette robe a un attrait intemporel, id\u00e9al pour la mari\u00e9e qui recherche quelque chose de sophistiqu\u00e9 et d&#039;unique. Le Lohrengel LB506 est le choix id\u00e9al pour tout mariage, o\u00f9 vous vous sentirez confiante et magnifique le jour J.\" \/>\n<meta name=\"robots\" content=\"index, follow, max-snippet:-1, max-image-preview:large, max-video-preview:-1\" \/>\n<link rel=\"canonical\" href=\"https:\/\/www.koonings.com\/fr\/product\/lohrengel-lb506\/\" \/>\n<meta property=\"og:locale\" content=\"fr_FR\" \/>\n<meta property=\"og:type\" content=\"article\" \/>\n<meta property=\"og:title\" content=\"Fashion Queen Lohrengel Molly Monroe LB506 | Koonings\" \/>\n<meta property=\"og:description\" content=\"La Lohrengel LB506 est une robe de mari\u00e9e \u00e9tonnante qui respire l&#039;\u00e9l\u00e9gance et la sophistication. Elle a \u00e9t\u00e9 soigneusement con\u00e7ue pour mettre en valeur les formes f\u00e9minines de mani\u00e8re subtile et gracieuse. Avec ses tissus luxueux et ses finitions d\u00e9taill\u00e9es, cette robe offre un \u00e9quilibre parfait entre le romantisme classique et le style moderne. Cette robe a un attrait intemporel, id\u00e9al pour la mari\u00e9e qui recherche quelque chose de sophistiqu\u00e9 et d&#039;unique. Le Lohrengel LB506 est le choix id\u00e9al pour tout mariage, o\u00f9 vous vous sentirez confiante et magnifique le jour J.\" \/>\n<meta property=\"og:url\" content=\"https:\/\/www.koonings.com\/fr\/product\/lohrengel-lb506\/\" \/>\n<meta property=\"og:site_name\" content=\"Koonings\" \/>\n<meta property=\"article:publisher\" content=\"https:\/\/www.facebook.com\/kooningstheweddingpalace\" \/>\n<meta property=\"og:image\" content=\"https:\/\/www.koonings.com\/wp-content\/uploads\/2024\/11\/41082_6b45bdda2aa28bab1aee9c3afa8391f49c04e689129cbe3641d6e94c116bbc70b8788952.jpeg\" \/>\n\t<meta property=\"og:image:width\" content=\"1099\" \/>\n\t<meta property=\"og:image:height\" content=\"1556\" \/>\n\t<meta property=\"og:image:type\" content=\"image\/jpeg\" \/>\n<meta name=\"twitter:card\" content=\"summary_large_image\" \/>\n<meta name=\"twitter:label1\" content=\"Dur\u00e9e de lecture estim\u00e9e\" \/>\n\t<meta name=\"twitter:data1\" content=\"1 minute\" \/>\n<script type=\"application\/ld+json\" class=\"yoast-schema-graph\">{\"@context\":\"https:\\\/\\\/schema.org\",\"@graph\":[{\"@type\":\"WebPage\",\"@id\":\"https:\\\/\\\/www.koonings.com\\\/fr\\\/product\\\/lohrengel-lb506\\\/\",\"url\":\"https:\\\/\\\/www.koonings.com\\\/fr\\\/product\\\/lohrengel-lb506\\\/\",\"name\":\"Fashion Queen Lohrengel Molly Monroe LB506 | Koonings\",\"isPartOf\":{\"@id\":\"https:\\\/\\\/www.koonings.com\\\/fr\\\/#website\"},\"primaryImageOfPage\":{\"@id\":\"https:\\\/\\\/www.koonings.com\\\/fr\\\/product\\\/lohrengel-lb506\\\/#primaryimage\"},\"image\":{\"@id\":\"https:\\\/\\\/www.koonings.com\\\/fr\\\/product\\\/lohrengel-lb506\\\/#primaryimage\"},\"thumbnailUrl\":\"https:\\\/\\\/www.koonings.com\\\/wp-content\\\/uploads\\\/2024\\\/11\\\/41082_6b45bdda2aa28bab1aee9c3afa8391f49c04e689129cbe3641d6e94c116bbc70b8788952.jpeg\",\"datePublished\":\"2026-04-28T16:24:54+00:00\",\"description\":\"La Lohrengel LB506 est une robe de mari\u00e9e \u00e9tonnante qui respire l'\u00e9l\u00e9gance et la sophistication. Elle a \u00e9t\u00e9 soigneusement con\u00e7ue pour mettre en valeur les formes f\u00e9minines de mani\u00e8re subtile et gracieuse. Avec ses tissus luxueux et ses finitions d\u00e9taill\u00e9es, cette robe offre un \u00e9quilibre parfait entre le romantisme classique et le style moderne. Cette robe a un attrait intemporel, id\u00e9al pour la mari\u00e9e qui recherche quelque chose de sophistiqu\u00e9 et d'unique. Le Lohrengel LB506 est le choix id\u00e9al pour tout mariage, o\u00f9 vous vous sentirez confiante et magnifique le jour J.\",\"breadcrumb\":{\"@id\":\"https:\\\/\\\/www.koonings.com\\\/fr\\\/product\\\/lohrengel-lb506\\\/#breadcrumb\"},\"inLanguage\":\"fr-FR\",\"potentialAction\":[{\"@type\":\"ReadAction\",\"target\":[\"https:\\\/\\\/www.koonings.com\\\/fr\\\/product\\\/lohrengel-lb506\\\/\"]}]},{\"@type\":\"ImageObject\",\"inLanguage\":\"fr-FR\",\"@id\":\"https:\\\/\\\/www.koonings.com\\\/fr\\\/product\\\/lohrengel-lb506\\\/#primaryimage\",\"url\":\"https:\\\/\\\/www.koonings.com\\\/wp-content\\\/uploads\\\/2024\\\/11\\\/41082_6b45bdda2aa28bab1aee9c3afa8391f49c04e689129cbe3641d6e94c116bbc70b8788952.jpeg\",\"contentUrl\":\"https:\\\/\\\/www.koonings.com\\\/wp-content\\\/uploads\\\/2024\\\/11\\\/41082_6b45bdda2aa28bab1aee9c3afa8391f49c04e689129cbe3641d6e94c116bbc70b8788952.jpeg\",\"width\":1099,\"height\":1556},{\"@type\":\"BreadcrumbList\",\"@id\":\"https:\\\/\\\/www.koonings.com\\\/fr\\\/product\\\/lohrengel-lb506\\\/#breadcrumb\",\"itemListElement\":[{\"@type\":\"ListItem\",\"position\":1,\"name\":\"Home\",\"item\":\"https:\\\/\\\/www.koonings.com\\\/fr\\\/\"},{\"@type\":\"ListItem\",\"position\":2,\"name\":\"Fashion Queen Lohrengel Molly Monroe LB506\"}]},{\"@type\":\"WebSite\",\"@id\":\"https:\\\/\\\/www.koonings.com\\\/fr\\\/#website\",\"url\":\"https:\\\/\\\/www.koonings.com\\\/fr\\\/\",\"name\":\"Koonings\",\"description\":\"De grootste bruidsmodewinkel ter wereld\",\"publisher\":{\"@id\":\"https:\\\/\\\/www.koonings.com\\\/fr\\\/#organization\"},\"potentialAction\":[{\"@type\":\"SearchAction\",\"target\":{\"@type\":\"EntryPoint\",\"urlTemplate\":\"https:\\\/\\\/www.koonings.com\\\/fr\\\/?s={search_term_string}\"},\"query-input\":{\"@type\":\"PropertyValueSpecification\",\"valueRequired\":true,\"valueName\":\"search_term_string\"}}],\"inLanguage\":\"fr-FR\"},{\"@type\":\"Organization\",\"@id\":\"https:\\\/\\\/www.koonings.com\\\/fr\\\/#organization\",\"name\":\"Koonings\",\"url\":\"https:\\\/\\\/www.koonings.com\\\/fr\\\/\",\"logo\":{\"@type\":\"ImageObject\",\"inLanguage\":\"fr-FR\",\"@id\":\"https:\\\/\\\/www.koonings.com\\\/fr\\\/#\\\/schema\\\/logo\\\/image\\\/\",\"url\":\"https:\\\/\\\/www.koonings.com\\\/wp-content\\\/uploads\\\/2024\\\/07\\\/logo.png\",\"contentUrl\":\"https:\\\/\\\/www.koonings.com\\\/wp-content\\\/uploads\\\/2024\\\/07\\\/logo.png\",\"width\":600,\"height\":428,\"caption\":\"Koonings\"},\"image\":{\"@id\":\"https:\\\/\\\/www.koonings.com\\\/fr\\\/#\\\/schema\\\/logo\\\/image\\\/\"},\"sameAs\":[\"https:\\\/\\\/www.facebook.com\\\/kooningstheweddingpalace\",\"https:\\\/\\\/www.instagram.com\\\/kooningstheweddingpalace\",\"https:\\\/\\\/www.pinterest.com\\\/koonings\",\"https:\\\/\\\/www.youtube.com\\\/kooningstheweddingpalace\"]}]}<\/script>\n<!-- \/ Yoast SEO plugin. -->","yoast_head_json":{"title":"Fashion Queen Lohrengel Molly Monroe LB506 | Koonings","description":"La Lohrengel LB506 est une robe de mari\u00e9e \u00e9tonnante qui respire l'\u00e9l\u00e9gance et la sophistication. Elle a \u00e9t\u00e9 soigneusement con\u00e7ue pour mettre en valeur les formes f\u00e9minines de mani\u00e8re subtile et gracieuse. Avec ses tissus luxueux et ses finitions d\u00e9taill\u00e9es, cette robe offre un \u00e9quilibre parfait entre le romantisme classique et le style moderne. Cette robe a un attrait intemporel, id\u00e9al pour la mari\u00e9e qui recherche quelque chose de sophistiqu\u00e9 et d'unique. Le Lohrengel LB506 est le choix id\u00e9al pour tout mariage, o\u00f9 vous vous sentirez confiante et magnifique le jour J.","robots":{"index":"index","follow":"follow","max-snippet":"max-snippet:-1","max-image-preview":"max-image-preview:large","max-video-preview":"max-video-preview:-1"},"canonical":"https:\/\/www.koonings.com\/fr\/product\/lohrengel-lb506\/","og_locale":"fr_FR","og_type":"article","og_title":"Fashion Queen Lohrengel Molly Monroe LB506 | Koonings","og_description":"La Lohrengel LB506 est une robe de mari\u00e9e \u00e9tonnante qui respire l'\u00e9l\u00e9gance et la sophistication. Elle a \u00e9t\u00e9 soigneusement con\u00e7ue pour mettre en valeur les formes f\u00e9minines de mani\u00e8re subtile et gracieuse. Avec ses tissus luxueux et ses finitions d\u00e9taill\u00e9es, cette robe offre un \u00e9quilibre parfait entre le romantisme classique et le style moderne. Cette robe a un attrait intemporel, id\u00e9al pour la mari\u00e9e qui recherche quelque chose de sophistiqu\u00e9 et d'unique. Le Lohrengel LB506 est le choix id\u00e9al pour tout mariage, o\u00f9 vous vous sentirez confiante et magnifique le jour J.","og_url":"https:\/\/www.koonings.com\/fr\/product\/lohrengel-lb506\/","og_site_name":"Koonings","article_publisher":"https:\/\/www.facebook.com\/kooningstheweddingpalace","og_image":[{"width":1099,"height":1556,"url":"https:\/\/www.koonings.com\/wp-content\/uploads\/2024\/11\/41082_6b45bdda2aa28bab1aee9c3afa8391f49c04e689129cbe3641d6e94c116bbc70b8788952.jpeg","type":"image\/jpeg"}],"twitter_card":"summary_large_image","twitter_misc":{"Dur\u00e9e de lecture estim\u00e9e":"1 minute"},"schema":{"@context":"https:\/\/schema.org","@graph":[{"@type":"WebPage","@id":"https:\/\/www.koonings.com\/fr\/product\/lohrengel-lb506\/","url":"https:\/\/www.koonings.com\/fr\/product\/lohrengel-lb506\/","name":"Fashion Queen Lohrengel Molly Monroe LB506 | Koonings","isPartOf":{"@id":"https:\/\/www.koonings.com\/fr\/#website"},"primaryImageOfPage":{"@id":"https:\/\/www.koonings.com\/fr\/product\/lohrengel-lb506\/#primaryimage"},"image":{"@id":"https:\/\/www.koonings.com\/fr\/product\/lohrengel-lb506\/#primaryimage"},"thumbnailUrl":"https:\/\/www.koonings.com\/wp-content\/uploads\/2024\/11\/41082_6b45bdda2aa28bab1aee9c3afa8391f49c04e689129cbe3641d6e94c116bbc70b8788952.jpeg","datePublished":"2026-04-28T16:24:54+00:00","description":"La Lohrengel LB506 est une robe de mari\u00e9e \u00e9tonnante qui respire l'\u00e9l\u00e9gance et la sophistication. Elle a \u00e9t\u00e9 soigneusement con\u00e7ue pour mettre en valeur les formes f\u00e9minines de mani\u00e8re subtile et gracieuse. Avec ses tissus luxueux et ses finitions d\u00e9taill\u00e9es, cette robe offre un \u00e9quilibre parfait entre le romantisme classique et le style moderne. Cette robe a un attrait intemporel, id\u00e9al pour la mari\u00e9e qui recherche quelque chose de sophistiqu\u00e9 et d'unique. Le Lohrengel LB506 est le choix id\u00e9al pour tout mariage, o\u00f9 vous vous sentirez confiante et magnifique le jour J.","breadcrumb":{"@id":"https:\/\/www.koonings.com\/fr\/product\/lohrengel-lb506\/#breadcrumb"},"inLanguage":"fr-FR","potentialAction":[{"@type":"ReadAction","target":["https:\/\/www.koonings.com\/fr\/product\/lohrengel-lb506\/"]}]},{"@type":"ImageObject","inLanguage":"fr-FR","@id":"https:\/\/www.koonings.com\/fr\/product\/lohrengel-lb506\/#primaryimage","url":"https:\/\/www.koonings.com\/wp-content\/uploads\/2024\/11\/41082_6b45bdda2aa28bab1aee9c3afa8391f49c04e689129cbe3641d6e94c116bbc70b8788952.jpeg","contentUrl":"https:\/\/www.koonings.com\/wp-content\/uploads\/2024\/11\/41082_6b45bdda2aa28bab1aee9c3afa8391f49c04e689129cbe3641d6e94c116bbc70b8788952.jpeg","width":1099,"height":1556},{"@type":"BreadcrumbList","@id":"https:\/\/www.koonings.com\/fr\/product\/lohrengel-lb506\/#breadcrumb","itemListElement":[{"@type":"ListItem","position":1,"name":"Home","item":"https:\/\/www.koonings.com\/fr\/"},{"@type":"ListItem","position":2,"name":"Fashion Queen Lohrengel Molly Monroe LB506"}]},{"@type":"WebSite","@id":"https:\/\/www.koonings.com\/fr\/#website","url":"https:\/\/www.koonings.com\/fr\/","name":"Koonings","description":"De grootste bruidsmodewinkel ter wereld","publisher":{"@id":"https:\/\/www.koonings.com\/fr\/#organization"},"potentialAction":[{"@type":"SearchAction","target":{"@type":"EntryPoint","urlTemplate":"https:\/\/www.koonings.com\/fr\/?s={search_term_string}"},"query-input":{"@type":"PropertyValueSpecification","valueRequired":true,"valueName":"search_term_string"}}],"inLanguage":"fr-FR"},{"@type":"Organization","@id":"https:\/\/www.koonings.com\/fr\/#organization","name":"Koonings","url":"https:\/\/www.koonings.com\/fr\/","logo":{"@type":"ImageObject","inLanguage":"fr-FR","@id":"https:\/\/www.koonings.com\/fr\/#\/schema\/logo\/image\/","url":"https:\/\/www.koonings.com\/wp-content\/uploads\/2024\/07\/logo.png","contentUrl":"https:\/\/www.koonings.com\/wp-content\/uploads\/2024\/07\/logo.png","width":600,"height":428,"caption":"Koonings"},"image":{"@id":"https:\/\/www.koonings.com\/fr\/#\/schema\/logo\/image\/"},"sameAs":["https:\/\/www.facebook.com\/kooningstheweddingpalace","https:\/\/www.instagram.com\/kooningstheweddingpalace","https:\/\/www.pinterest.com\/koonings","https:\/\/www.youtube.com\/kooningstheweddingpalace"]}]}},"_links":{"self":[{"href":"https:\/\/www.koonings.com\/fr\/wp-json\/wp\/v2\/product\/59098","targetHints":{"allow":["GET"]}}],"collection":[{"href":"https:\/\/www.koonings.com\/fr\/wp-json\/wp\/v2\/product"}],"about":[{"href":"https:\/\/www.koonings.com\/fr\/wp-json\/wp\/v2\/types\/product"}],"wp:featuredmedia":[{"embeddable":true,"href":"https:\/\/www.koonings.com\/fr\/wp-json\/wp\/v2\/media\/50002"}],"wp:attachment":[{"href":"https:\/\/www.koonings.com\/fr\/wp-json\/wp\/v2\/media?parent=59098"}],"wp:term":[{"taxonomy":"productdetails","embeddable":true,"href":"https:\/\/www.koonings.com\/fr\/wp-json\/wp\/v2\/productdetails?post=59098"},{"taxonomy":"productneck","embeddable":true,"href":"https:\/\/www.koonings.com\/fr\/wp-json\/wp\/v2\/productneck?post=59098"},{"taxonomy":"productcolor","embeddable":true,"href":"https:\/\/www.koonings.com\/fr\/wp-json\/wp\/v2\/productcolor?post=59098"},{"taxonomy":"maat","embeddable":true,"href":"https:\/\/www.koonings.com\/fr\/wp-json\/wp\/v2\/maat?post=59098"},{"taxonomy":"productsupplier","embeddable":true,"href":"https:\/\/www.koonings.com\/fr\/wp-json\/wp\/v2\/productsupplier?post=59098"},{"taxonomy":"productsleeve","embeddable":true,"href":"https:\/\/www.koonings.com\/fr\/wp-json\/wp\/v2\/productsleeve?post=59098"},{"taxonomy":"productcategory","embeddable":true,"href":"https:\/\/www.koonings.com\/fr\/wp-json\/wp\/v2\/productcategory?post=59098"},{"taxonomy":"productsilhouette","embeddable":true,"href":"https:\/\/www.koonings.com\/fr\/wp-json\/wp\/v2\/productsilhouette?post=59098"},{"taxonomy":"productstyle","embeddable":true,"href":"https:\/\/www.koonings.com\/fr\/wp-json\/wp\/v2\/productstyle?post=59098"}],"curies":[{"name":"wp","href":"https:\/\/api.w.org\/{rel}","templated":true}]}}