{"id":59096,"date":"2026-05-06T15:26:09","date_gmt":"2026-05-06T13:26:09","guid":{"rendered":"https:\/\/www.koonings.com\/product\/lohrengel-lb504\/"},"modified":"2025-06-05T13:21:02","modified_gmt":"2025-06-05T11:21:02","slug":"lohrengel-lb504","status":"publish","type":"product","link":"https:\/\/www.koonings.com\/fr\/product\/lohrengel-lb504\/","title":{"rendered":"Fashion Queen Lohrengel Molly Monroe LB504"},"content":{"rendered":"<p>La Lohrengel LB504 de Fashion Queen est une robe de mari\u00e9e sophistiqu\u00e9e et \u00e9l\u00e9gante qui allie parfaitement romantisme et style moderne. Le design met l&#8217;accent sur les formes f\u00e9minines avec une belle silhouette et des tissus luxueux qui cr\u00e9ent un look chic. Les d\u00e9tails subtils en dentelle et les belles finitions font de cette robe un mod\u00e8le id\u00e9al pour les mari\u00e9es qui recherchent un look \u00e9l\u00e9gant et intemporel pour leur grand jour.  <\/p>\n<p>Le Lohrengel LB504 vous permettra de vous sentir au mieux de votre forme et confiant, pr\u00eat \u00e0 briller lors de votre mariage.<\/p>\n","protected":false},"featured_media":50032,"template":"","meta":{"_acf_changed":false,"ghostkit_customizer_options":"","ghostkit_custom_css":"","ghostkit_custom_js_head":"","ghostkit_custom_js_foot":"","ghostkit_typography":""},"productdetails":[379,381],"productneck":[356],"productcolor":[392],"maat":[375],"productsupplier":[480],"productsleeve":[359,361],"productcategory":[18],"productsilhouette":[384],"productstyle":[366],"class_list":["post-59096","product","type-product","status-publish","has-post-thumbnail","hentry","productdetails-379","productdetails-381","productneck-356","productcolor-392","maat-375","productsupplier-fashion-queen","productsleeve-359","productsleeve-361","productcategory-trouwjurken","productsilhouette-384","productstyle-366"],"acf":[],"yoast_head":"<!-- This site is optimized with the Yoast SEO plugin v27.3 - https:\/\/yoast.com\/product\/yoast-seo-wordpress\/ -->\n<title>Fashion Queen Lohrengel Molly Monroe LB504 | Koonings<\/title>\n<meta name=\"description\" content=\"La Lohrengel LB504 de Fashion Queen est une robe de mari\u00e9e sophistiqu\u00e9e et \u00e9l\u00e9gante qui allie parfaitement romantisme et style moderne. Le design met l&#039;accent sur les formes f\u00e9minines avec une belle silhouette et des tissus luxueux qui cr\u00e9ent un look chic. Les d\u00e9tails subtils en dentelle et les belles finitions font de cette robe un mod\u00e8le id\u00e9al pour les mari\u00e9es qui recherchent un look \u00e9l\u00e9gant et intemporel pour leur grand jour. Le Lohrengel LB504 vous permettra de vous sentir au mieux de votre forme et confiant, pr\u00eat \u00e0 briller lors de votre mariage.\" \/>\n<meta name=\"robots\" content=\"index, follow, max-snippet:-1, max-image-preview:large, max-video-preview:-1\" \/>\n<link rel=\"canonical\" href=\"https:\/\/www.koonings.com\/fr\/product\/lohrengel-lb504\/\" \/>\n<meta property=\"og:locale\" content=\"fr_FR\" \/>\n<meta property=\"og:type\" content=\"article\" \/>\n<meta property=\"og:title\" content=\"Fashion Queen Lohrengel Molly Monroe LB504 | Koonings\" \/>\n<meta property=\"og:description\" content=\"La Lohrengel LB504 de Fashion Queen est une robe de mari\u00e9e sophistiqu\u00e9e et \u00e9l\u00e9gante qui allie parfaitement romantisme et style moderne. Le design met l&#039;accent sur les formes f\u00e9minines avec une belle silhouette et des tissus luxueux qui cr\u00e9ent un look chic. Les d\u00e9tails subtils en dentelle et les belles finitions font de cette robe un mod\u00e8le id\u00e9al pour les mari\u00e9es qui recherchent un look \u00e9l\u00e9gant et intemporel pour leur grand jour. Le Lohrengel LB504 vous permettra de vous sentir au mieux de votre forme et confiant, pr\u00eat \u00e0 briller lors de votre mariage.\" \/>\n<meta property=\"og:url\" content=\"https:\/\/www.koonings.com\/fr\/product\/lohrengel-lb504\/\" \/>\n<meta property=\"og:site_name\" content=\"Koonings\" \/>\n<meta property=\"article:publisher\" content=\"https:\/\/www.facebook.com\/kooningstheweddingpalace\" \/>\n<meta property=\"og:image\" content=\"https:\/\/www.koonings.com\/wp-content\/uploads\/2024\/11\/41084_8ead0787058c536b39757943dbac2d11e483c68da5ec0f9f4ce5830385eef128335db695.jpeg\" \/>\n\t<meta property=\"og:image:width\" content=\"1312\" \/>\n\t<meta property=\"og:image:height\" content=\"1858\" \/>\n\t<meta property=\"og:image:type\" content=\"image\/jpeg\" \/>\n<meta name=\"twitter:card\" content=\"summary_large_image\" \/>\n<meta name=\"twitter:label1\" content=\"Dur\u00e9e de lecture estim\u00e9e\" \/>\n\t<meta name=\"twitter:data1\" content=\"1 minute\" \/>\n<script type=\"application\/ld+json\" class=\"yoast-schema-graph\">{\"@context\":\"https:\\\/\\\/schema.org\",\"@graph\":[{\"@type\":\"WebPage\",\"@id\":\"https:\\\/\\\/www.koonings.com\\\/fr\\\/product\\\/lohrengel-lb504\\\/\",\"url\":\"https:\\\/\\\/www.koonings.com\\\/fr\\\/product\\\/lohrengel-lb504\\\/\",\"name\":\"Fashion Queen Lohrengel Molly Monroe LB504 | Koonings\",\"isPartOf\":{\"@id\":\"https:\\\/\\\/www.koonings.com\\\/fr\\\/#website\"},\"primaryImageOfPage\":{\"@id\":\"https:\\\/\\\/www.koonings.com\\\/fr\\\/product\\\/lohrengel-lb504\\\/#primaryimage\"},\"image\":{\"@id\":\"https:\\\/\\\/www.koonings.com\\\/fr\\\/product\\\/lohrengel-lb504\\\/#primaryimage\"},\"thumbnailUrl\":\"https:\\\/\\\/www.koonings.com\\\/wp-content\\\/uploads\\\/2024\\\/11\\\/41084_8ead0787058c536b39757943dbac2d11e483c68da5ec0f9f4ce5830385eef128335db695.jpeg\",\"datePublished\":\"2026-05-06T13:26:09+00:00\",\"description\":\"La Lohrengel LB504 de Fashion Queen est une robe de mari\u00e9e sophistiqu\u00e9e et \u00e9l\u00e9gante qui allie parfaitement romantisme et style moderne. Le design met l'accent sur les formes f\u00e9minines avec une belle silhouette et des tissus luxueux qui cr\u00e9ent un look chic. Les d\u00e9tails subtils en dentelle et les belles finitions font de cette robe un mod\u00e8le id\u00e9al pour les mari\u00e9es qui recherchent un look \u00e9l\u00e9gant et intemporel pour leur grand jour. Le Lohrengel LB504 vous permettra de vous sentir au mieux de votre forme et confiant, pr\u00eat \u00e0 briller lors de votre mariage.\",\"breadcrumb\":{\"@id\":\"https:\\\/\\\/www.koonings.com\\\/fr\\\/product\\\/lohrengel-lb504\\\/#breadcrumb\"},\"inLanguage\":\"fr-FR\",\"potentialAction\":[{\"@type\":\"ReadAction\",\"target\":[\"https:\\\/\\\/www.koonings.com\\\/fr\\\/product\\\/lohrengel-lb504\\\/\"]}]},{\"@type\":\"ImageObject\",\"inLanguage\":\"fr-FR\",\"@id\":\"https:\\\/\\\/www.koonings.com\\\/fr\\\/product\\\/lohrengel-lb504\\\/#primaryimage\",\"url\":\"https:\\\/\\\/www.koonings.com\\\/wp-content\\\/uploads\\\/2024\\\/11\\\/41084_8ead0787058c536b39757943dbac2d11e483c68da5ec0f9f4ce5830385eef128335db695.jpeg\",\"contentUrl\":\"https:\\\/\\\/www.koonings.com\\\/wp-content\\\/uploads\\\/2024\\\/11\\\/41084_8ead0787058c536b39757943dbac2d11e483c68da5ec0f9f4ce5830385eef128335db695.jpeg\",\"width\":1312,\"height\":1858},{\"@type\":\"BreadcrumbList\",\"@id\":\"https:\\\/\\\/www.koonings.com\\\/fr\\\/product\\\/lohrengel-lb504\\\/#breadcrumb\",\"itemListElement\":[{\"@type\":\"ListItem\",\"position\":1,\"name\":\"Home\",\"item\":\"https:\\\/\\\/www.koonings.com\\\/fr\\\/\"},{\"@type\":\"ListItem\",\"position\":2,\"name\":\"Fashion Queen Lohrengel Molly Monroe LB504\"}]},{\"@type\":\"WebSite\",\"@id\":\"https:\\\/\\\/www.koonings.com\\\/fr\\\/#website\",\"url\":\"https:\\\/\\\/www.koonings.com\\\/fr\\\/\",\"name\":\"Koonings\",\"description\":\"De grootste bruidsmodewinkel ter wereld\",\"publisher\":{\"@id\":\"https:\\\/\\\/www.koonings.com\\\/fr\\\/#organization\"},\"potentialAction\":[{\"@type\":\"SearchAction\",\"target\":{\"@type\":\"EntryPoint\",\"urlTemplate\":\"https:\\\/\\\/www.koonings.com\\\/fr\\\/?s={search_term_string}\"},\"query-input\":{\"@type\":\"PropertyValueSpecification\",\"valueRequired\":true,\"valueName\":\"search_term_string\"}}],\"inLanguage\":\"fr-FR\"},{\"@type\":\"Organization\",\"@id\":\"https:\\\/\\\/www.koonings.com\\\/fr\\\/#organization\",\"name\":\"Koonings\",\"url\":\"https:\\\/\\\/www.koonings.com\\\/fr\\\/\",\"logo\":{\"@type\":\"ImageObject\",\"inLanguage\":\"fr-FR\",\"@id\":\"https:\\\/\\\/www.koonings.com\\\/fr\\\/#\\\/schema\\\/logo\\\/image\\\/\",\"url\":\"https:\\\/\\\/www.koonings.com\\\/wp-content\\\/uploads\\\/2024\\\/07\\\/logo.png\",\"contentUrl\":\"https:\\\/\\\/www.koonings.com\\\/wp-content\\\/uploads\\\/2024\\\/07\\\/logo.png\",\"width\":600,\"height\":428,\"caption\":\"Koonings\"},\"image\":{\"@id\":\"https:\\\/\\\/www.koonings.com\\\/fr\\\/#\\\/schema\\\/logo\\\/image\\\/\"},\"sameAs\":[\"https:\\\/\\\/www.facebook.com\\\/kooningstheweddingpalace\",\"https:\\\/\\\/www.instagram.com\\\/kooningstheweddingpalace\",\"https:\\\/\\\/www.pinterest.com\\\/koonings\",\"https:\\\/\\\/www.youtube.com\\\/kooningstheweddingpalace\"]}]}<\/script>\n<!-- \/ Yoast SEO plugin. -->","yoast_head_json":{"title":"Fashion Queen Lohrengel Molly Monroe LB504 | Koonings","description":"La Lohrengel LB504 de Fashion Queen est une robe de mari\u00e9e sophistiqu\u00e9e et \u00e9l\u00e9gante qui allie parfaitement romantisme et style moderne. Le design met l'accent sur les formes f\u00e9minines avec une belle silhouette et des tissus luxueux qui cr\u00e9ent un look chic. Les d\u00e9tails subtils en dentelle et les belles finitions font de cette robe un mod\u00e8le id\u00e9al pour les mari\u00e9es qui recherchent un look \u00e9l\u00e9gant et intemporel pour leur grand jour. Le Lohrengel LB504 vous permettra de vous sentir au mieux de votre forme et confiant, pr\u00eat \u00e0 briller lors de votre mariage.","robots":{"index":"index","follow":"follow","max-snippet":"max-snippet:-1","max-image-preview":"max-image-preview:large","max-video-preview":"max-video-preview:-1"},"canonical":"https:\/\/www.koonings.com\/fr\/product\/lohrengel-lb504\/","og_locale":"fr_FR","og_type":"article","og_title":"Fashion Queen Lohrengel Molly Monroe LB504 | Koonings","og_description":"La Lohrengel LB504 de Fashion Queen est une robe de mari\u00e9e sophistiqu\u00e9e et \u00e9l\u00e9gante qui allie parfaitement romantisme et style moderne. Le design met l'accent sur les formes f\u00e9minines avec une belle silhouette et des tissus luxueux qui cr\u00e9ent un look chic. Les d\u00e9tails subtils en dentelle et les belles finitions font de cette robe un mod\u00e8le id\u00e9al pour les mari\u00e9es qui recherchent un look \u00e9l\u00e9gant et intemporel pour leur grand jour. Le Lohrengel LB504 vous permettra de vous sentir au mieux de votre forme et confiant, pr\u00eat \u00e0 briller lors de votre mariage.","og_url":"https:\/\/www.koonings.com\/fr\/product\/lohrengel-lb504\/","og_site_name":"Koonings","article_publisher":"https:\/\/www.facebook.com\/kooningstheweddingpalace","og_image":[{"width":1312,"height":1858,"url":"https:\/\/www.koonings.com\/wp-content\/uploads\/2024\/11\/41084_8ead0787058c536b39757943dbac2d11e483c68da5ec0f9f4ce5830385eef128335db695.jpeg","type":"image\/jpeg"}],"twitter_card":"summary_large_image","twitter_misc":{"Dur\u00e9e de lecture estim\u00e9e":"1 minute"},"schema":{"@context":"https:\/\/schema.org","@graph":[{"@type":"WebPage","@id":"https:\/\/www.koonings.com\/fr\/product\/lohrengel-lb504\/","url":"https:\/\/www.koonings.com\/fr\/product\/lohrengel-lb504\/","name":"Fashion Queen Lohrengel Molly Monroe LB504 | Koonings","isPartOf":{"@id":"https:\/\/www.koonings.com\/fr\/#website"},"primaryImageOfPage":{"@id":"https:\/\/www.koonings.com\/fr\/product\/lohrengel-lb504\/#primaryimage"},"image":{"@id":"https:\/\/www.koonings.com\/fr\/product\/lohrengel-lb504\/#primaryimage"},"thumbnailUrl":"https:\/\/www.koonings.com\/wp-content\/uploads\/2024\/11\/41084_8ead0787058c536b39757943dbac2d11e483c68da5ec0f9f4ce5830385eef128335db695.jpeg","datePublished":"2026-05-06T13:26:09+00:00","description":"La Lohrengel LB504 de Fashion Queen est une robe de mari\u00e9e sophistiqu\u00e9e et \u00e9l\u00e9gante qui allie parfaitement romantisme et style moderne. Le design met l'accent sur les formes f\u00e9minines avec une belle silhouette et des tissus luxueux qui cr\u00e9ent un look chic. Les d\u00e9tails subtils en dentelle et les belles finitions font de cette robe un mod\u00e8le id\u00e9al pour les mari\u00e9es qui recherchent un look \u00e9l\u00e9gant et intemporel pour leur grand jour. Le Lohrengel LB504 vous permettra de vous sentir au mieux de votre forme et confiant, pr\u00eat \u00e0 briller lors de votre mariage.","breadcrumb":{"@id":"https:\/\/www.koonings.com\/fr\/product\/lohrengel-lb504\/#breadcrumb"},"inLanguage":"fr-FR","potentialAction":[{"@type":"ReadAction","target":["https:\/\/www.koonings.com\/fr\/product\/lohrengel-lb504\/"]}]},{"@type":"ImageObject","inLanguage":"fr-FR","@id":"https:\/\/www.koonings.com\/fr\/product\/lohrengel-lb504\/#primaryimage","url":"https:\/\/www.koonings.com\/wp-content\/uploads\/2024\/11\/41084_8ead0787058c536b39757943dbac2d11e483c68da5ec0f9f4ce5830385eef128335db695.jpeg","contentUrl":"https:\/\/www.koonings.com\/wp-content\/uploads\/2024\/11\/41084_8ead0787058c536b39757943dbac2d11e483c68da5ec0f9f4ce5830385eef128335db695.jpeg","width":1312,"height":1858},{"@type":"BreadcrumbList","@id":"https:\/\/www.koonings.com\/fr\/product\/lohrengel-lb504\/#breadcrumb","itemListElement":[{"@type":"ListItem","position":1,"name":"Home","item":"https:\/\/www.koonings.com\/fr\/"},{"@type":"ListItem","position":2,"name":"Fashion Queen Lohrengel Molly Monroe LB504"}]},{"@type":"WebSite","@id":"https:\/\/www.koonings.com\/fr\/#website","url":"https:\/\/www.koonings.com\/fr\/","name":"Koonings","description":"De grootste bruidsmodewinkel ter wereld","publisher":{"@id":"https:\/\/www.koonings.com\/fr\/#organization"},"potentialAction":[{"@type":"SearchAction","target":{"@type":"EntryPoint","urlTemplate":"https:\/\/www.koonings.com\/fr\/?s={search_term_string}"},"query-input":{"@type":"PropertyValueSpecification","valueRequired":true,"valueName":"search_term_string"}}],"inLanguage":"fr-FR"},{"@type":"Organization","@id":"https:\/\/www.koonings.com\/fr\/#organization","name":"Koonings","url":"https:\/\/www.koonings.com\/fr\/","logo":{"@type":"ImageObject","inLanguage":"fr-FR","@id":"https:\/\/www.koonings.com\/fr\/#\/schema\/logo\/image\/","url":"https:\/\/www.koonings.com\/wp-content\/uploads\/2024\/07\/logo.png","contentUrl":"https:\/\/www.koonings.com\/wp-content\/uploads\/2024\/07\/logo.png","width":600,"height":428,"caption":"Koonings"},"image":{"@id":"https:\/\/www.koonings.com\/fr\/#\/schema\/logo\/image\/"},"sameAs":["https:\/\/www.facebook.com\/kooningstheweddingpalace","https:\/\/www.instagram.com\/kooningstheweddingpalace","https:\/\/www.pinterest.com\/koonings","https:\/\/www.youtube.com\/kooningstheweddingpalace"]}]}},"_links":{"self":[{"href":"https:\/\/www.koonings.com\/fr\/wp-json\/wp\/v2\/product\/59096","targetHints":{"allow":["GET"]}}],"collection":[{"href":"https:\/\/www.koonings.com\/fr\/wp-json\/wp\/v2\/product"}],"about":[{"href":"https:\/\/www.koonings.com\/fr\/wp-json\/wp\/v2\/types\/product"}],"wp:featuredmedia":[{"embeddable":true,"href":"https:\/\/www.koonings.com\/fr\/wp-json\/wp\/v2\/media\/50032"}],"wp:attachment":[{"href":"https:\/\/www.koonings.com\/fr\/wp-json\/wp\/v2\/media?parent=59096"}],"wp:term":[{"taxonomy":"productdetails","embeddable":true,"href":"https:\/\/www.koonings.com\/fr\/wp-json\/wp\/v2\/productdetails?post=59096"},{"taxonomy":"productneck","embeddable":true,"href":"https:\/\/www.koonings.com\/fr\/wp-json\/wp\/v2\/productneck?post=59096"},{"taxonomy":"productcolor","embeddable":true,"href":"https:\/\/www.koonings.com\/fr\/wp-json\/wp\/v2\/productcolor?post=59096"},{"taxonomy":"maat","embeddable":true,"href":"https:\/\/www.koonings.com\/fr\/wp-json\/wp\/v2\/maat?post=59096"},{"taxonomy":"productsupplier","embeddable":true,"href":"https:\/\/www.koonings.com\/fr\/wp-json\/wp\/v2\/productsupplier?post=59096"},{"taxonomy":"productsleeve","embeddable":true,"href":"https:\/\/www.koonings.com\/fr\/wp-json\/wp\/v2\/productsleeve?post=59096"},{"taxonomy":"productcategory","embeddable":true,"href":"https:\/\/www.koonings.com\/fr\/wp-json\/wp\/v2\/productcategory?post=59096"},{"taxonomy":"productsilhouette","embeddable":true,"href":"https:\/\/www.koonings.com\/fr\/wp-json\/wp\/v2\/productsilhouette?post=59096"},{"taxonomy":"productstyle","embeddable":true,"href":"https:\/\/www.koonings.com\/fr\/wp-json\/wp\/v2\/productstyle?post=59096"}],"curies":[{"name":"wp","href":"https:\/\/api.w.org\/{rel}","templated":true}]}}