{"id":59089,"date":"2026-05-06T15:26:09","date_gmt":"2026-05-06T13:26:09","guid":{"rendered":"https:\/\/www.koonings.com\/product\/lohrengel-lb520-2\/"},"modified":"2025-06-05T13:28:19","modified_gmt":"2025-06-05T11:28:19","slug":"lohrengel-lb520-2","status":"publish","type":"product","link":"https:\/\/www.koonings.com\/fr\/product\/lohrengel-lb520-2\/","title":{"rendered":"Fashion Queen Lohrengel Molly Monroe LB520"},"content":{"rendered":"<p>La Lohrengel LB520 de Fashion Queen est une robe de mari\u00e9e \u00e9l\u00e9gante et sophistiqu\u00e9e, d&#8217;une beaut\u00e9 intemporelle. Le design est une combinaison parfaite de charme classique et de d\u00e9tails modernes, avec une belle silhouette qui met subtilement en valeur les formes f\u00e9minines. Les tissus luxueux et les finitions d\u00e9taill\u00e9es cr\u00e9ent un look chic, ce qui rend cette robe id\u00e9ale pour les mari\u00e9es \u00e0 la recherche d&#8217;un look \u00e9l\u00e9gant et sophistiqu\u00e9.  <\/p>\n<p>Le Lohrengel LB520 est le choix parfait pour un mariage inoubliable, o\u00f9 vous vous sentirez \u00e0 la fois belle et confiante.<\/p>\n","protected":false},"featured_media":50049,"template":"","meta":{"_acf_changed":false,"ghostkit_customizer_options":"","ghostkit_custom_css":"","ghostkit_custom_js_head":"","ghostkit_custom_js_foot":"","ghostkit_typography":""},"productdetails":[],"productneck":[356],"productcolor":[392],"maat":[375],"productsupplier":[480],"productsleeve":[359],"productcategory":[18],"productsilhouette":[384],"productstyle":[366,370],"class_list":["post-59089","product","type-product","status-publish","has-post-thumbnail","hentry","productneck-356","productcolor-392","maat-375","productsupplier-fashion-queen","productsleeve-359","productcategory-trouwjurken","productsilhouette-384","productstyle-366","productstyle-370"],"acf":[],"yoast_head":"<!-- This site is optimized with the Yoast SEO plugin v27.3 - https:\/\/yoast.com\/product\/yoast-seo-wordpress\/ -->\n<title>Fashion Queen Lohrengel Molly Monroe LB520 | Koonings<\/title>\n<meta name=\"description\" content=\"La Lohrengel LB520 de Fashion Queen est une robe de mari\u00e9e \u00e9l\u00e9gante et sophistiqu\u00e9e, d&#039;une beaut\u00e9 intemporelle. Le design est une combinaison parfaite de charme classique et de d\u00e9tails modernes, avec une belle silhouette qui met subtilement en valeur les formes f\u00e9minines. Les tissus luxueux et les finitions d\u00e9taill\u00e9es cr\u00e9ent un look chic, ce qui rend cette robe id\u00e9ale pour les mari\u00e9es \u00e0 la recherche d&#039;un look \u00e9l\u00e9gant et sophistiqu\u00e9. Le Lohrengel LB520 est le choix parfait pour un mariage inoubliable, o\u00f9 vous vous sentirez \u00e0 la fois belle et confiante.\" \/>\n<meta name=\"robots\" content=\"index, follow, max-snippet:-1, max-image-preview:large, max-video-preview:-1\" \/>\n<link rel=\"canonical\" href=\"https:\/\/www.koonings.com\/fr\/product\/lohrengel-lb520-2\/\" \/>\n<meta property=\"og:locale\" content=\"fr_FR\" \/>\n<meta property=\"og:type\" content=\"article\" \/>\n<meta property=\"og:title\" content=\"Fashion Queen Lohrengel Molly Monroe LB520 | Koonings\" \/>\n<meta property=\"og:description\" content=\"La Lohrengel LB520 de Fashion Queen est une robe de mari\u00e9e \u00e9l\u00e9gante et sophistiqu\u00e9e, d&#039;une beaut\u00e9 intemporelle. Le design est une combinaison parfaite de charme classique et de d\u00e9tails modernes, avec une belle silhouette qui met subtilement en valeur les formes f\u00e9minines. Les tissus luxueux et les finitions d\u00e9taill\u00e9es cr\u00e9ent un look chic, ce qui rend cette robe id\u00e9ale pour les mari\u00e9es \u00e0 la recherche d&#039;un look \u00e9l\u00e9gant et sophistiqu\u00e9. Le Lohrengel LB520 est le choix parfait pour un mariage inoubliable, o\u00f9 vous vous sentirez \u00e0 la fois belle et confiante.\" \/>\n<meta property=\"og:url\" content=\"https:\/\/www.koonings.com\/fr\/product\/lohrengel-lb520-2\/\" \/>\n<meta property=\"og:site_name\" content=\"Koonings\" \/>\n<meta property=\"article:publisher\" content=\"https:\/\/www.facebook.com\/kooningstheweddingpalace\" \/>\n<meta property=\"og:image\" content=\"https:\/\/www.koonings.com\/wp-content\/uploads\/2024\/11\/41086_d244f275505d196141fdd658f24108999d87050be6feb8497b4fd1415587153114b843fe.jpeg\" \/>\n\t<meta property=\"og:image:width\" content=\"1243\" \/>\n\t<meta property=\"og:image:height\" content=\"1758\" \/>\n\t<meta property=\"og:image:type\" content=\"image\/jpeg\" \/>\n<meta name=\"twitter:card\" content=\"summary_large_image\" \/>\n<meta name=\"twitter:label1\" content=\"Dur\u00e9e de lecture estim\u00e9e\" \/>\n\t<meta name=\"twitter:data1\" content=\"1 minute\" \/>\n<script type=\"application\/ld+json\" class=\"yoast-schema-graph\">{\"@context\":\"https:\\\/\\\/schema.org\",\"@graph\":[{\"@type\":\"WebPage\",\"@id\":\"https:\\\/\\\/www.koonings.com\\\/fr\\\/product\\\/lohrengel-lb520-2\\\/\",\"url\":\"https:\\\/\\\/www.koonings.com\\\/fr\\\/product\\\/lohrengel-lb520-2\\\/\",\"name\":\"Fashion Queen Lohrengel Molly Monroe LB520 | Koonings\",\"isPartOf\":{\"@id\":\"https:\\\/\\\/www.koonings.com\\\/fr\\\/#website\"},\"primaryImageOfPage\":{\"@id\":\"https:\\\/\\\/www.koonings.com\\\/fr\\\/product\\\/lohrengel-lb520-2\\\/#primaryimage\"},\"image\":{\"@id\":\"https:\\\/\\\/www.koonings.com\\\/fr\\\/product\\\/lohrengel-lb520-2\\\/#primaryimage\"},\"thumbnailUrl\":\"https:\\\/\\\/www.koonings.com\\\/wp-content\\\/uploads\\\/2024\\\/11\\\/41086_d244f275505d196141fdd658f24108999d87050be6feb8497b4fd1415587153114b843fe.jpeg\",\"datePublished\":\"2026-05-06T13:26:09+00:00\",\"description\":\"La Lohrengel LB520 de Fashion Queen est une robe de mari\u00e9e \u00e9l\u00e9gante et sophistiqu\u00e9e, d'une beaut\u00e9 intemporelle. Le design est une combinaison parfaite de charme classique et de d\u00e9tails modernes, avec une belle silhouette qui met subtilement en valeur les formes f\u00e9minines. Les tissus luxueux et les finitions d\u00e9taill\u00e9es cr\u00e9ent un look chic, ce qui rend cette robe id\u00e9ale pour les mari\u00e9es \u00e0 la recherche d'un look \u00e9l\u00e9gant et sophistiqu\u00e9. Le Lohrengel LB520 est le choix parfait pour un mariage inoubliable, o\u00f9 vous vous sentirez \u00e0 la fois belle et confiante.\",\"breadcrumb\":{\"@id\":\"https:\\\/\\\/www.koonings.com\\\/fr\\\/product\\\/lohrengel-lb520-2\\\/#breadcrumb\"},\"inLanguage\":\"fr-FR\",\"potentialAction\":[{\"@type\":\"ReadAction\",\"target\":[\"https:\\\/\\\/www.koonings.com\\\/fr\\\/product\\\/lohrengel-lb520-2\\\/\"]}]},{\"@type\":\"ImageObject\",\"inLanguage\":\"fr-FR\",\"@id\":\"https:\\\/\\\/www.koonings.com\\\/fr\\\/product\\\/lohrengel-lb520-2\\\/#primaryimage\",\"url\":\"https:\\\/\\\/www.koonings.com\\\/wp-content\\\/uploads\\\/2024\\\/11\\\/41086_d244f275505d196141fdd658f24108999d87050be6feb8497b4fd1415587153114b843fe.jpeg\",\"contentUrl\":\"https:\\\/\\\/www.koonings.com\\\/wp-content\\\/uploads\\\/2024\\\/11\\\/41086_d244f275505d196141fdd658f24108999d87050be6feb8497b4fd1415587153114b843fe.jpeg\",\"width\":1243,\"height\":1758},{\"@type\":\"BreadcrumbList\",\"@id\":\"https:\\\/\\\/www.koonings.com\\\/fr\\\/product\\\/lohrengel-lb520-2\\\/#breadcrumb\",\"itemListElement\":[{\"@type\":\"ListItem\",\"position\":1,\"name\":\"Home\",\"item\":\"https:\\\/\\\/www.koonings.com\\\/fr\\\/\"},{\"@type\":\"ListItem\",\"position\":2,\"name\":\"Fashion Queen Lohrengel Molly Monroe LB520\"}]},{\"@type\":\"WebSite\",\"@id\":\"https:\\\/\\\/www.koonings.com\\\/fr\\\/#website\",\"url\":\"https:\\\/\\\/www.koonings.com\\\/fr\\\/\",\"name\":\"Koonings\",\"description\":\"De grootste bruidsmodewinkel ter wereld\",\"publisher\":{\"@id\":\"https:\\\/\\\/www.koonings.com\\\/fr\\\/#organization\"},\"potentialAction\":[{\"@type\":\"SearchAction\",\"target\":{\"@type\":\"EntryPoint\",\"urlTemplate\":\"https:\\\/\\\/www.koonings.com\\\/fr\\\/?s={search_term_string}\"},\"query-input\":{\"@type\":\"PropertyValueSpecification\",\"valueRequired\":true,\"valueName\":\"search_term_string\"}}],\"inLanguage\":\"fr-FR\"},{\"@type\":\"Organization\",\"@id\":\"https:\\\/\\\/www.koonings.com\\\/fr\\\/#organization\",\"name\":\"Koonings\",\"url\":\"https:\\\/\\\/www.koonings.com\\\/fr\\\/\",\"logo\":{\"@type\":\"ImageObject\",\"inLanguage\":\"fr-FR\",\"@id\":\"https:\\\/\\\/www.koonings.com\\\/fr\\\/#\\\/schema\\\/logo\\\/image\\\/\",\"url\":\"https:\\\/\\\/www.koonings.com\\\/wp-content\\\/uploads\\\/2024\\\/07\\\/logo.png\",\"contentUrl\":\"https:\\\/\\\/www.koonings.com\\\/wp-content\\\/uploads\\\/2024\\\/07\\\/logo.png\",\"width\":600,\"height\":428,\"caption\":\"Koonings\"},\"image\":{\"@id\":\"https:\\\/\\\/www.koonings.com\\\/fr\\\/#\\\/schema\\\/logo\\\/image\\\/\"},\"sameAs\":[\"https:\\\/\\\/www.facebook.com\\\/kooningstheweddingpalace\",\"https:\\\/\\\/www.instagram.com\\\/kooningstheweddingpalace\",\"https:\\\/\\\/www.pinterest.com\\\/koonings\",\"https:\\\/\\\/www.youtube.com\\\/kooningstheweddingpalace\"]}]}<\/script>\n<!-- \/ Yoast SEO plugin. -->","yoast_head_json":{"title":"Fashion Queen Lohrengel Molly Monroe LB520 | Koonings","description":"La Lohrengel LB520 de Fashion Queen est une robe de mari\u00e9e \u00e9l\u00e9gante et sophistiqu\u00e9e, d'une beaut\u00e9 intemporelle. Le design est une combinaison parfaite de charme classique et de d\u00e9tails modernes, avec une belle silhouette qui met subtilement en valeur les formes f\u00e9minines. Les tissus luxueux et les finitions d\u00e9taill\u00e9es cr\u00e9ent un look chic, ce qui rend cette robe id\u00e9ale pour les mari\u00e9es \u00e0 la recherche d'un look \u00e9l\u00e9gant et sophistiqu\u00e9. Le Lohrengel LB520 est le choix parfait pour un mariage inoubliable, o\u00f9 vous vous sentirez \u00e0 la fois belle et confiante.","robots":{"index":"index","follow":"follow","max-snippet":"max-snippet:-1","max-image-preview":"max-image-preview:large","max-video-preview":"max-video-preview:-1"},"canonical":"https:\/\/www.koonings.com\/fr\/product\/lohrengel-lb520-2\/","og_locale":"fr_FR","og_type":"article","og_title":"Fashion Queen Lohrengel Molly Monroe LB520 | Koonings","og_description":"La Lohrengel LB520 de Fashion Queen est une robe de mari\u00e9e \u00e9l\u00e9gante et sophistiqu\u00e9e, d'une beaut\u00e9 intemporelle. Le design est une combinaison parfaite de charme classique et de d\u00e9tails modernes, avec une belle silhouette qui met subtilement en valeur les formes f\u00e9minines. Les tissus luxueux et les finitions d\u00e9taill\u00e9es cr\u00e9ent un look chic, ce qui rend cette robe id\u00e9ale pour les mari\u00e9es \u00e0 la recherche d'un look \u00e9l\u00e9gant et sophistiqu\u00e9. Le Lohrengel LB520 est le choix parfait pour un mariage inoubliable, o\u00f9 vous vous sentirez \u00e0 la fois belle et confiante.","og_url":"https:\/\/www.koonings.com\/fr\/product\/lohrengel-lb520-2\/","og_site_name":"Koonings","article_publisher":"https:\/\/www.facebook.com\/kooningstheweddingpalace","og_image":[{"width":1243,"height":1758,"url":"https:\/\/www.koonings.com\/wp-content\/uploads\/2024\/11\/41086_d244f275505d196141fdd658f24108999d87050be6feb8497b4fd1415587153114b843fe.jpeg","type":"image\/jpeg"}],"twitter_card":"summary_large_image","twitter_misc":{"Dur\u00e9e de lecture estim\u00e9e":"1 minute"},"schema":{"@context":"https:\/\/schema.org","@graph":[{"@type":"WebPage","@id":"https:\/\/www.koonings.com\/fr\/product\/lohrengel-lb520-2\/","url":"https:\/\/www.koonings.com\/fr\/product\/lohrengel-lb520-2\/","name":"Fashion Queen Lohrengel Molly Monroe LB520 | Koonings","isPartOf":{"@id":"https:\/\/www.koonings.com\/fr\/#website"},"primaryImageOfPage":{"@id":"https:\/\/www.koonings.com\/fr\/product\/lohrengel-lb520-2\/#primaryimage"},"image":{"@id":"https:\/\/www.koonings.com\/fr\/product\/lohrengel-lb520-2\/#primaryimage"},"thumbnailUrl":"https:\/\/www.koonings.com\/wp-content\/uploads\/2024\/11\/41086_d244f275505d196141fdd658f24108999d87050be6feb8497b4fd1415587153114b843fe.jpeg","datePublished":"2026-05-06T13:26:09+00:00","description":"La Lohrengel LB520 de Fashion Queen est une robe de mari\u00e9e \u00e9l\u00e9gante et sophistiqu\u00e9e, d'une beaut\u00e9 intemporelle. Le design est une combinaison parfaite de charme classique et de d\u00e9tails modernes, avec une belle silhouette qui met subtilement en valeur les formes f\u00e9minines. Les tissus luxueux et les finitions d\u00e9taill\u00e9es cr\u00e9ent un look chic, ce qui rend cette robe id\u00e9ale pour les mari\u00e9es \u00e0 la recherche d'un look \u00e9l\u00e9gant et sophistiqu\u00e9. Le Lohrengel LB520 est le choix parfait pour un mariage inoubliable, o\u00f9 vous vous sentirez \u00e0 la fois belle et confiante.","breadcrumb":{"@id":"https:\/\/www.koonings.com\/fr\/product\/lohrengel-lb520-2\/#breadcrumb"},"inLanguage":"fr-FR","potentialAction":[{"@type":"ReadAction","target":["https:\/\/www.koonings.com\/fr\/product\/lohrengel-lb520-2\/"]}]},{"@type":"ImageObject","inLanguage":"fr-FR","@id":"https:\/\/www.koonings.com\/fr\/product\/lohrengel-lb520-2\/#primaryimage","url":"https:\/\/www.koonings.com\/wp-content\/uploads\/2024\/11\/41086_d244f275505d196141fdd658f24108999d87050be6feb8497b4fd1415587153114b843fe.jpeg","contentUrl":"https:\/\/www.koonings.com\/wp-content\/uploads\/2024\/11\/41086_d244f275505d196141fdd658f24108999d87050be6feb8497b4fd1415587153114b843fe.jpeg","width":1243,"height":1758},{"@type":"BreadcrumbList","@id":"https:\/\/www.koonings.com\/fr\/product\/lohrengel-lb520-2\/#breadcrumb","itemListElement":[{"@type":"ListItem","position":1,"name":"Home","item":"https:\/\/www.koonings.com\/fr\/"},{"@type":"ListItem","position":2,"name":"Fashion Queen Lohrengel Molly Monroe LB520"}]},{"@type":"WebSite","@id":"https:\/\/www.koonings.com\/fr\/#website","url":"https:\/\/www.koonings.com\/fr\/","name":"Koonings","description":"De grootste bruidsmodewinkel ter wereld","publisher":{"@id":"https:\/\/www.koonings.com\/fr\/#organization"},"potentialAction":[{"@type":"SearchAction","target":{"@type":"EntryPoint","urlTemplate":"https:\/\/www.koonings.com\/fr\/?s={search_term_string}"},"query-input":{"@type":"PropertyValueSpecification","valueRequired":true,"valueName":"search_term_string"}}],"inLanguage":"fr-FR"},{"@type":"Organization","@id":"https:\/\/www.koonings.com\/fr\/#organization","name":"Koonings","url":"https:\/\/www.koonings.com\/fr\/","logo":{"@type":"ImageObject","inLanguage":"fr-FR","@id":"https:\/\/www.koonings.com\/fr\/#\/schema\/logo\/image\/","url":"https:\/\/www.koonings.com\/wp-content\/uploads\/2024\/07\/logo.png","contentUrl":"https:\/\/www.koonings.com\/wp-content\/uploads\/2024\/07\/logo.png","width":600,"height":428,"caption":"Koonings"},"image":{"@id":"https:\/\/www.koonings.com\/fr\/#\/schema\/logo\/image\/"},"sameAs":["https:\/\/www.facebook.com\/kooningstheweddingpalace","https:\/\/www.instagram.com\/kooningstheweddingpalace","https:\/\/www.pinterest.com\/koonings","https:\/\/www.youtube.com\/kooningstheweddingpalace"]}]}},"_links":{"self":[{"href":"https:\/\/www.koonings.com\/fr\/wp-json\/wp\/v2\/product\/59089","targetHints":{"allow":["GET"]}}],"collection":[{"href":"https:\/\/www.koonings.com\/fr\/wp-json\/wp\/v2\/product"}],"about":[{"href":"https:\/\/www.koonings.com\/fr\/wp-json\/wp\/v2\/types\/product"}],"wp:featuredmedia":[{"embeddable":true,"href":"https:\/\/www.koonings.com\/fr\/wp-json\/wp\/v2\/media\/50049"}],"wp:attachment":[{"href":"https:\/\/www.koonings.com\/fr\/wp-json\/wp\/v2\/media?parent=59089"}],"wp:term":[{"taxonomy":"productdetails","embeddable":true,"href":"https:\/\/www.koonings.com\/fr\/wp-json\/wp\/v2\/productdetails?post=59089"},{"taxonomy":"productneck","embeddable":true,"href":"https:\/\/www.koonings.com\/fr\/wp-json\/wp\/v2\/productneck?post=59089"},{"taxonomy":"productcolor","embeddable":true,"href":"https:\/\/www.koonings.com\/fr\/wp-json\/wp\/v2\/productcolor?post=59089"},{"taxonomy":"maat","embeddable":true,"href":"https:\/\/www.koonings.com\/fr\/wp-json\/wp\/v2\/maat?post=59089"},{"taxonomy":"productsupplier","embeddable":true,"href":"https:\/\/www.koonings.com\/fr\/wp-json\/wp\/v2\/productsupplier?post=59089"},{"taxonomy":"productsleeve","embeddable":true,"href":"https:\/\/www.koonings.com\/fr\/wp-json\/wp\/v2\/productsleeve?post=59089"},{"taxonomy":"productcategory","embeddable":true,"href":"https:\/\/www.koonings.com\/fr\/wp-json\/wp\/v2\/productcategory?post=59089"},{"taxonomy":"productsilhouette","embeddable":true,"href":"https:\/\/www.koonings.com\/fr\/wp-json\/wp\/v2\/productsilhouette?post=59089"},{"taxonomy":"productstyle","embeddable":true,"href":"https:\/\/www.koonings.com\/fr\/wp-json\/wp\/v2\/productstyle?post=59089"}],"curies":[{"name":"wp","href":"https:\/\/api.w.org\/{rel}","templated":true}]}}