{"id":59088,"date":"2025-12-15T00:40:19","date_gmt":"2025-12-14T23:40:19","guid":{"rendered":"https:\/\/www.koonings.com\/product\/lohrengel-lb503-2\/"},"modified":"2026-02-03T18:51:26","modified_gmt":"2026-02-03T17:51:26","slug":"lohrengel-lb503-2","status":"publish","type":"product","link":"https:\/\/www.koonings.com\/fr\/product\/lohrengel-lb503-2\/","title":{"rendered":"Fashion Queen Lohrengel Molly Monroe LB503"},"content":{"rendered":"<p>La Lohrengel LB503 est une robe de mari\u00e9e \u00e9l\u00e9gante et sophistiqu\u00e9e qui offre un \u00e9quilibre parfait entre modernit\u00e9 et charme classique. Son design magnifique, ses tissus luxueux et ses d\u00e9tails d\u00e9licats cr\u00e9ent un look intemporel. La robe met en valeur les formes f\u00e9minines de mani\u00e8re subtile et sophistiqu\u00e9e, vous permettant de vous sentir belle et confiante le jour de votre mariage.  <\/p>\n<p>Cette superbe robe de mari\u00e9e est un choix parfait pour la mari\u00e9e qui recherche un look \u00e9l\u00e9gant et chic pour son mariage.<\/p>\n","protected":false},"featured_media":50099,"template":"","meta":{"_acf_changed":false,"ghostkit_customizer_options":"","ghostkit_custom_css":"","ghostkit_custom_js_head":"","ghostkit_custom_js_foot":"","ghostkit_typography":""},"productdetails":[379,381],"productneck":[356],"productcolor":[393,392],"maat":[375],"productsupplier":[480],"productsleeve":[359],"productcategory":[18],"productsilhouette":[384],"productstyle":[366],"class_list":["post-59088","product","type-product","status-publish","has-post-thumbnail","hentry","productdetails-379","productdetails-381","productneck-356","productcolor-393","productcolor-392","maat-375","productsupplier-fashion-queen","productsleeve-359","productcategory-trouwjurken","productsilhouette-384","productstyle-366"],"acf":[],"yoast_head":"<!-- This site is optimized with the Yoast SEO plugin v27.3 - https:\/\/yoast.com\/product\/yoast-seo-wordpress\/ -->\n<title>Fashion Queen Lohrengel Molly Monroe LB503 | Koonings<\/title>\n<meta name=\"description\" content=\"La Lohrengel LB503 est une robe de mari\u00e9e \u00e9l\u00e9gante et sophistiqu\u00e9e qui offre un \u00e9quilibre parfait entre modernit\u00e9 et charme classique. Son design magnifique, ses tissus luxueux et ses d\u00e9tails d\u00e9licats cr\u00e9ent un look intemporel. La robe met en valeur les formes f\u00e9minines de mani\u00e8re subtile et sophistiqu\u00e9e, vous permettant de vous sentir belle et confiante le jour de votre mariage. Cette superbe robe de mari\u00e9e est un choix parfait pour la mari\u00e9e qui recherche un look \u00e9l\u00e9gant et chic pour son mariage.\" \/>\n<meta name=\"robots\" content=\"index, follow, max-snippet:-1, max-image-preview:large, max-video-preview:-1\" \/>\n<link rel=\"canonical\" href=\"https:\/\/www.koonings.com\/fr\/product\/lohrengel-lb503-2\/\" \/>\n<meta property=\"og:locale\" content=\"fr_FR\" \/>\n<meta property=\"og:type\" content=\"article\" \/>\n<meta property=\"og:title\" content=\"Fashion Queen Lohrengel Molly Monroe LB503 | Koonings\" \/>\n<meta property=\"og:description\" content=\"La Lohrengel LB503 est une robe de mari\u00e9e \u00e9l\u00e9gante et sophistiqu\u00e9e qui offre un \u00e9quilibre parfait entre modernit\u00e9 et charme classique. Son design magnifique, ses tissus luxueux et ses d\u00e9tails d\u00e9licats cr\u00e9ent un look intemporel. La robe met en valeur les formes f\u00e9minines de mani\u00e8re subtile et sophistiqu\u00e9e, vous permettant de vous sentir belle et confiante le jour de votre mariage. Cette superbe robe de mari\u00e9e est un choix parfait pour la mari\u00e9e qui recherche un look \u00e9l\u00e9gant et chic pour son mariage.\" \/>\n<meta property=\"og:url\" content=\"https:\/\/www.koonings.com\/fr\/product\/lohrengel-lb503-2\/\" \/>\n<meta property=\"og:site_name\" content=\"Koonings\" \/>\n<meta property=\"article:publisher\" content=\"https:\/\/www.facebook.com\/kooningstheweddingpalace\" \/>\n<meta property=\"article:modified_time\" content=\"2026-02-03T17:51:26+00:00\" \/>\n<meta property=\"og:image\" content=\"https:\/\/www.koonings.com\/wp-content\/uploads\/2024\/11\/41089_573e758a2d30638e3f62a6e519d9c3aa233c8c422c057f4cd9691dd6d13c28e1fd3ea262.jpeg\" \/>\n\t<meta property=\"og:image:width\" content=\"1337\" \/>\n\t<meta property=\"og:image:height\" content=\"1894\" \/>\n\t<meta property=\"og:image:type\" content=\"image\/jpeg\" \/>\n<meta name=\"twitter:card\" content=\"summary_large_image\" \/>\n<script type=\"application\/ld+json\" class=\"yoast-schema-graph\">{\"@context\":\"https:\\\/\\\/schema.org\",\"@graph\":[{\"@type\":\"WebPage\",\"@id\":\"https:\\\/\\\/www.koonings.com\\\/fr\\\/product\\\/lohrengel-lb503-2\\\/\",\"url\":\"https:\\\/\\\/www.koonings.com\\\/fr\\\/product\\\/lohrengel-lb503-2\\\/\",\"name\":\"Fashion Queen Lohrengel Molly Monroe LB503 | Koonings\",\"isPartOf\":{\"@id\":\"https:\\\/\\\/www.koonings.com\\\/fr\\\/#website\"},\"primaryImageOfPage\":{\"@id\":\"https:\\\/\\\/www.koonings.com\\\/fr\\\/product\\\/lohrengel-lb503-2\\\/#primaryimage\"},\"image\":{\"@id\":\"https:\\\/\\\/www.koonings.com\\\/fr\\\/product\\\/lohrengel-lb503-2\\\/#primaryimage\"},\"thumbnailUrl\":\"https:\\\/\\\/www.koonings.com\\\/wp-content\\\/uploads\\\/2024\\\/11\\\/41089_573e758a2d30638e3f62a6e519d9c3aa233c8c422c057f4cd9691dd6d13c28e1fd3ea262.jpeg\",\"datePublished\":\"2025-12-14T23:40:19+00:00\",\"dateModified\":\"2026-02-03T17:51:26+00:00\",\"description\":\"La Lohrengel LB503 est une robe de mari\u00e9e \u00e9l\u00e9gante et sophistiqu\u00e9e qui offre un \u00e9quilibre parfait entre modernit\u00e9 et charme classique. Son design magnifique, ses tissus luxueux et ses d\u00e9tails d\u00e9licats cr\u00e9ent un look intemporel. La robe met en valeur les formes f\u00e9minines de mani\u00e8re subtile et sophistiqu\u00e9e, vous permettant de vous sentir belle et confiante le jour de votre mariage. Cette superbe robe de mari\u00e9e est un choix parfait pour la mari\u00e9e qui recherche un look \u00e9l\u00e9gant et chic pour son mariage.\",\"breadcrumb\":{\"@id\":\"https:\\\/\\\/www.koonings.com\\\/fr\\\/product\\\/lohrengel-lb503-2\\\/#breadcrumb\"},\"inLanguage\":\"fr-FR\",\"potentialAction\":[{\"@type\":\"ReadAction\",\"target\":[\"https:\\\/\\\/www.koonings.com\\\/fr\\\/product\\\/lohrengel-lb503-2\\\/\"]}]},{\"@type\":\"ImageObject\",\"inLanguage\":\"fr-FR\",\"@id\":\"https:\\\/\\\/www.koonings.com\\\/fr\\\/product\\\/lohrengel-lb503-2\\\/#primaryimage\",\"url\":\"https:\\\/\\\/www.koonings.com\\\/wp-content\\\/uploads\\\/2024\\\/11\\\/41089_573e758a2d30638e3f62a6e519d9c3aa233c8c422c057f4cd9691dd6d13c28e1fd3ea262.jpeg\",\"contentUrl\":\"https:\\\/\\\/www.koonings.com\\\/wp-content\\\/uploads\\\/2024\\\/11\\\/41089_573e758a2d30638e3f62a6e519d9c3aa233c8c422c057f4cd9691dd6d13c28e1fd3ea262.jpeg\",\"width\":1337,\"height\":1894},{\"@type\":\"BreadcrumbList\",\"@id\":\"https:\\\/\\\/www.koonings.com\\\/fr\\\/product\\\/lohrengel-lb503-2\\\/#breadcrumb\",\"itemListElement\":[{\"@type\":\"ListItem\",\"position\":1,\"name\":\"Home\",\"item\":\"https:\\\/\\\/www.koonings.com\\\/fr\\\/\"},{\"@type\":\"ListItem\",\"position\":2,\"name\":\"Fashion Queen Lohrengel Molly Monroe LB503\"}]},{\"@type\":\"WebSite\",\"@id\":\"https:\\\/\\\/www.koonings.com\\\/fr\\\/#website\",\"url\":\"https:\\\/\\\/www.koonings.com\\\/fr\\\/\",\"name\":\"Koonings\",\"description\":\"De grootste bruidsmodewinkel ter wereld\",\"publisher\":{\"@id\":\"https:\\\/\\\/www.koonings.com\\\/fr\\\/#organization\"},\"potentialAction\":[{\"@type\":\"SearchAction\",\"target\":{\"@type\":\"EntryPoint\",\"urlTemplate\":\"https:\\\/\\\/www.koonings.com\\\/fr\\\/?s={search_term_string}\"},\"query-input\":{\"@type\":\"PropertyValueSpecification\",\"valueRequired\":true,\"valueName\":\"search_term_string\"}}],\"inLanguage\":\"fr-FR\"},{\"@type\":\"Organization\",\"@id\":\"https:\\\/\\\/www.koonings.com\\\/fr\\\/#organization\",\"name\":\"Koonings\",\"url\":\"https:\\\/\\\/www.koonings.com\\\/fr\\\/\",\"logo\":{\"@type\":\"ImageObject\",\"inLanguage\":\"fr-FR\",\"@id\":\"https:\\\/\\\/www.koonings.com\\\/fr\\\/#\\\/schema\\\/logo\\\/image\\\/\",\"url\":\"https:\\\/\\\/www.koonings.com\\\/wp-content\\\/uploads\\\/2024\\\/07\\\/logo.png\",\"contentUrl\":\"https:\\\/\\\/www.koonings.com\\\/wp-content\\\/uploads\\\/2024\\\/07\\\/logo.png\",\"width\":600,\"height\":428,\"caption\":\"Koonings\"},\"image\":{\"@id\":\"https:\\\/\\\/www.koonings.com\\\/fr\\\/#\\\/schema\\\/logo\\\/image\\\/\"},\"sameAs\":[\"https:\\\/\\\/www.facebook.com\\\/kooningstheweddingpalace\",\"https:\\\/\\\/www.instagram.com\\\/kooningstheweddingpalace\",\"https:\\\/\\\/www.pinterest.com\\\/koonings\",\"https:\\\/\\\/www.youtube.com\\\/kooningstheweddingpalace\"]}]}<\/script>\n<!-- \/ Yoast SEO plugin. -->","yoast_head_json":{"title":"Fashion Queen Lohrengel Molly Monroe LB503 | Koonings","description":"La Lohrengel LB503 est une robe de mari\u00e9e \u00e9l\u00e9gante et sophistiqu\u00e9e qui offre un \u00e9quilibre parfait entre modernit\u00e9 et charme classique. Son design magnifique, ses tissus luxueux et ses d\u00e9tails d\u00e9licats cr\u00e9ent un look intemporel. La robe met en valeur les formes f\u00e9minines de mani\u00e8re subtile et sophistiqu\u00e9e, vous permettant de vous sentir belle et confiante le jour de votre mariage. Cette superbe robe de mari\u00e9e est un choix parfait pour la mari\u00e9e qui recherche un look \u00e9l\u00e9gant et chic pour son mariage.","robots":{"index":"index","follow":"follow","max-snippet":"max-snippet:-1","max-image-preview":"max-image-preview:large","max-video-preview":"max-video-preview:-1"},"canonical":"https:\/\/www.koonings.com\/fr\/product\/lohrengel-lb503-2\/","og_locale":"fr_FR","og_type":"article","og_title":"Fashion Queen Lohrengel Molly Monroe LB503 | Koonings","og_description":"La Lohrengel LB503 est une robe de mari\u00e9e \u00e9l\u00e9gante et sophistiqu\u00e9e qui offre un \u00e9quilibre parfait entre modernit\u00e9 et charme classique. Son design magnifique, ses tissus luxueux et ses d\u00e9tails d\u00e9licats cr\u00e9ent un look intemporel. La robe met en valeur les formes f\u00e9minines de mani\u00e8re subtile et sophistiqu\u00e9e, vous permettant de vous sentir belle et confiante le jour de votre mariage. Cette superbe robe de mari\u00e9e est un choix parfait pour la mari\u00e9e qui recherche un look \u00e9l\u00e9gant et chic pour son mariage.","og_url":"https:\/\/www.koonings.com\/fr\/product\/lohrengel-lb503-2\/","og_site_name":"Koonings","article_publisher":"https:\/\/www.facebook.com\/kooningstheweddingpalace","article_modified_time":"2026-02-03T17:51:26+00:00","og_image":[{"width":1337,"height":1894,"url":"https:\/\/www.koonings.com\/wp-content\/uploads\/2024\/11\/41089_573e758a2d30638e3f62a6e519d9c3aa233c8c422c057f4cd9691dd6d13c28e1fd3ea262.jpeg","type":"image\/jpeg"}],"twitter_card":"summary_large_image","schema":{"@context":"https:\/\/schema.org","@graph":[{"@type":"WebPage","@id":"https:\/\/www.koonings.com\/fr\/product\/lohrengel-lb503-2\/","url":"https:\/\/www.koonings.com\/fr\/product\/lohrengel-lb503-2\/","name":"Fashion Queen Lohrengel Molly Monroe LB503 | Koonings","isPartOf":{"@id":"https:\/\/www.koonings.com\/fr\/#website"},"primaryImageOfPage":{"@id":"https:\/\/www.koonings.com\/fr\/product\/lohrengel-lb503-2\/#primaryimage"},"image":{"@id":"https:\/\/www.koonings.com\/fr\/product\/lohrengel-lb503-2\/#primaryimage"},"thumbnailUrl":"https:\/\/www.koonings.com\/wp-content\/uploads\/2024\/11\/41089_573e758a2d30638e3f62a6e519d9c3aa233c8c422c057f4cd9691dd6d13c28e1fd3ea262.jpeg","datePublished":"2025-12-14T23:40:19+00:00","dateModified":"2026-02-03T17:51:26+00:00","description":"La Lohrengel LB503 est une robe de mari\u00e9e \u00e9l\u00e9gante et sophistiqu\u00e9e qui offre un \u00e9quilibre parfait entre modernit\u00e9 et charme classique. Son design magnifique, ses tissus luxueux et ses d\u00e9tails d\u00e9licats cr\u00e9ent un look intemporel. La robe met en valeur les formes f\u00e9minines de mani\u00e8re subtile et sophistiqu\u00e9e, vous permettant de vous sentir belle et confiante le jour de votre mariage. Cette superbe robe de mari\u00e9e est un choix parfait pour la mari\u00e9e qui recherche un look \u00e9l\u00e9gant et chic pour son mariage.","breadcrumb":{"@id":"https:\/\/www.koonings.com\/fr\/product\/lohrengel-lb503-2\/#breadcrumb"},"inLanguage":"fr-FR","potentialAction":[{"@type":"ReadAction","target":["https:\/\/www.koonings.com\/fr\/product\/lohrengel-lb503-2\/"]}]},{"@type":"ImageObject","inLanguage":"fr-FR","@id":"https:\/\/www.koonings.com\/fr\/product\/lohrengel-lb503-2\/#primaryimage","url":"https:\/\/www.koonings.com\/wp-content\/uploads\/2024\/11\/41089_573e758a2d30638e3f62a6e519d9c3aa233c8c422c057f4cd9691dd6d13c28e1fd3ea262.jpeg","contentUrl":"https:\/\/www.koonings.com\/wp-content\/uploads\/2024\/11\/41089_573e758a2d30638e3f62a6e519d9c3aa233c8c422c057f4cd9691dd6d13c28e1fd3ea262.jpeg","width":1337,"height":1894},{"@type":"BreadcrumbList","@id":"https:\/\/www.koonings.com\/fr\/product\/lohrengel-lb503-2\/#breadcrumb","itemListElement":[{"@type":"ListItem","position":1,"name":"Home","item":"https:\/\/www.koonings.com\/fr\/"},{"@type":"ListItem","position":2,"name":"Fashion Queen Lohrengel Molly Monroe LB503"}]},{"@type":"WebSite","@id":"https:\/\/www.koonings.com\/fr\/#website","url":"https:\/\/www.koonings.com\/fr\/","name":"Koonings","description":"De grootste bruidsmodewinkel ter wereld","publisher":{"@id":"https:\/\/www.koonings.com\/fr\/#organization"},"potentialAction":[{"@type":"SearchAction","target":{"@type":"EntryPoint","urlTemplate":"https:\/\/www.koonings.com\/fr\/?s={search_term_string}"},"query-input":{"@type":"PropertyValueSpecification","valueRequired":true,"valueName":"search_term_string"}}],"inLanguage":"fr-FR"},{"@type":"Organization","@id":"https:\/\/www.koonings.com\/fr\/#organization","name":"Koonings","url":"https:\/\/www.koonings.com\/fr\/","logo":{"@type":"ImageObject","inLanguage":"fr-FR","@id":"https:\/\/www.koonings.com\/fr\/#\/schema\/logo\/image\/","url":"https:\/\/www.koonings.com\/wp-content\/uploads\/2024\/07\/logo.png","contentUrl":"https:\/\/www.koonings.com\/wp-content\/uploads\/2024\/07\/logo.png","width":600,"height":428,"caption":"Koonings"},"image":{"@id":"https:\/\/www.koonings.com\/fr\/#\/schema\/logo\/image\/"},"sameAs":["https:\/\/www.facebook.com\/kooningstheweddingpalace","https:\/\/www.instagram.com\/kooningstheweddingpalace","https:\/\/www.pinterest.com\/koonings","https:\/\/www.youtube.com\/kooningstheweddingpalace"]}]}},"_links":{"self":[{"href":"https:\/\/www.koonings.com\/fr\/wp-json\/wp\/v2\/product\/59088","targetHints":{"allow":["GET"]}}],"collection":[{"href":"https:\/\/www.koonings.com\/fr\/wp-json\/wp\/v2\/product"}],"about":[{"href":"https:\/\/www.koonings.com\/fr\/wp-json\/wp\/v2\/types\/product"}],"wp:featuredmedia":[{"embeddable":true,"href":"https:\/\/www.koonings.com\/fr\/wp-json\/wp\/v2\/media\/50099"}],"wp:attachment":[{"href":"https:\/\/www.koonings.com\/fr\/wp-json\/wp\/v2\/media?parent=59088"}],"wp:term":[{"taxonomy":"productdetails","embeddable":true,"href":"https:\/\/www.koonings.com\/fr\/wp-json\/wp\/v2\/productdetails?post=59088"},{"taxonomy":"productneck","embeddable":true,"href":"https:\/\/www.koonings.com\/fr\/wp-json\/wp\/v2\/productneck?post=59088"},{"taxonomy":"productcolor","embeddable":true,"href":"https:\/\/www.koonings.com\/fr\/wp-json\/wp\/v2\/productcolor?post=59088"},{"taxonomy":"maat","embeddable":true,"href":"https:\/\/www.koonings.com\/fr\/wp-json\/wp\/v2\/maat?post=59088"},{"taxonomy":"productsupplier","embeddable":true,"href":"https:\/\/www.koonings.com\/fr\/wp-json\/wp\/v2\/productsupplier?post=59088"},{"taxonomy":"productsleeve","embeddable":true,"href":"https:\/\/www.koonings.com\/fr\/wp-json\/wp\/v2\/productsleeve?post=59088"},{"taxonomy":"productcategory","embeddable":true,"href":"https:\/\/www.koonings.com\/fr\/wp-json\/wp\/v2\/productcategory?post=59088"},{"taxonomy":"productsilhouette","embeddable":true,"href":"https:\/\/www.koonings.com\/fr\/wp-json\/wp\/v2\/productsilhouette?post=59088"},{"taxonomy":"productstyle","embeddable":true,"href":"https:\/\/www.koonings.com\/fr\/wp-json\/wp\/v2\/productstyle?post=59088"}],"curies":[{"name":"wp","href":"https:\/\/api.w.org\/{rel}","templated":true}]}}