{"id":59032,"date":"2026-05-06T15:26:18","date_gmt":"2026-05-06T13:26:18","guid":{"rendered":"https:\/\/www.koonings.com\/product\/lohrengel-lb525\/"},"modified":"2025-06-05T13:28:32","modified_gmt":"2025-06-05T11:28:32","slug":"lohrengel-lb525","status":"publish","type":"product","link":"https:\/\/www.koonings.com\/fr\/product\/lohrengel-lb525\/","title":{"rendered":"Fashion Queen Lohrengel Molly Monroe LB525"},"content":{"rendered":"<p>La Lohrengel LB525 est une robe de mari\u00e9e enchanteresse qui respire la sophistication et le glamour. Son design \u00e9l\u00e9gant associe des tissus luxueux \u00e0 des d\u00e9tails subtils, ce qui lui conf\u00e8re un attrait intemporel. Les formes f\u00e9minines sont magnifiquement mises en valeur, tandis que la silhouette d\u00e9gage un sentiment de style et de classe.<br \/>\nLa Lohrengel LB525 est disponible chez Koonings The Wedding Palace, o\u00f9 vous pouvez compter sur une attention personnelle et des conseils d&#8217;experts. Prenez rendez-vous et d\u00e9couvrez cette magnifique robe dans le cadre luxueux et \u00e9l\u00e9gant de Koonings The Wedding Palace.   <\/p>\n","protected":false},"featured_media":50377,"template":"","meta":{"_acf_changed":false,"ghostkit_customizer_options":"","ghostkit_custom_css":"","ghostkit_custom_js_head":"","ghostkit_custom_js_foot":"","ghostkit_typography":""},"productdetails":[379],"productneck":[356],"productcolor":[393,392],"maat":[375],"productsupplier":[480],"productsleeve":[359],"productcategory":[18],"productsilhouette":[384],"productstyle":[366],"class_list":["post-59032","product","type-product","status-publish","has-post-thumbnail","hentry","productdetails-379","productneck-356","productcolor-393","productcolor-392","maat-375","productsupplier-fashion-queen","productsleeve-359","productcategory-trouwjurken","productsilhouette-384","productstyle-366"],"acf":[],"yoast_head":"<!-- This site is optimized with the Yoast SEO plugin v27.3 - https:\/\/yoast.com\/product\/yoast-seo-wordpress\/ -->\n<title>Fashion Queen Lohrengel Molly Monroe LB525 | Koonings<\/title>\n<meta name=\"description\" content=\"La Lohrengel LB525 est une robe de mari\u00e9e enchanteresse qui respire la sophistication et le glamour. Son design \u00e9l\u00e9gant associe des tissus luxueux \u00e0 des d\u00e9tails subtils, ce qui lui conf\u00e8re un attrait intemporel. Les formes f\u00e9minines sont magnifiquement mises en valeur, tandis que la silhouette d\u00e9gage un sentiment de style et de classe. La Lohrengel LB525 est disponible chez Koonings The Wedding Palace, o\u00f9 vous pouvez compter sur une attention personnelle et des conseils d&#039;experts. Prenez rendez-vous et d\u00e9couvrez cette magnifique robe dans le cadre luxueux et \u00e9l\u00e9gant de Koonings The Wedding Palace.\" \/>\n<meta name=\"robots\" content=\"index, follow, max-snippet:-1, max-image-preview:large, max-video-preview:-1\" \/>\n<link rel=\"canonical\" href=\"https:\/\/www.koonings.com\/fr\/product\/lohrengel-lb525\/\" \/>\n<meta property=\"og:locale\" content=\"fr_FR\" \/>\n<meta property=\"og:type\" content=\"article\" \/>\n<meta property=\"og:title\" content=\"Fashion Queen Lohrengel Molly Monroe LB525 | Koonings\" \/>\n<meta property=\"og:description\" content=\"La Lohrengel LB525 est une robe de mari\u00e9e enchanteresse qui respire la sophistication et le glamour. Son design \u00e9l\u00e9gant associe des tissus luxueux \u00e0 des d\u00e9tails subtils, ce qui lui conf\u00e8re un attrait intemporel. Les formes f\u00e9minines sont magnifiquement mises en valeur, tandis que la silhouette d\u00e9gage un sentiment de style et de classe. La Lohrengel LB525 est disponible chez Koonings The Wedding Palace, o\u00f9 vous pouvez compter sur une attention personnelle et des conseils d&#039;experts. Prenez rendez-vous et d\u00e9couvrez cette magnifique robe dans le cadre luxueux et \u00e9l\u00e9gant de Koonings The Wedding Palace.\" \/>\n<meta property=\"og:url\" content=\"https:\/\/www.koonings.com\/fr\/product\/lohrengel-lb525\/\" \/>\n<meta property=\"og:site_name\" content=\"Koonings\" \/>\n<meta property=\"article:publisher\" content=\"https:\/\/www.facebook.com\/kooningstheweddingpalace\" \/>\n<meta property=\"og:image\" content=\"https:\/\/www.koonings.com\/wp-content\/uploads\/2024\/11\/41117_cf8bd62a8e47777b903918ffc241da08220ddb1657edc4b9fa2ce359a742b8cb01ae2484.jpeg\" \/>\n\t<meta property=\"og:image:width\" content=\"1361\" \/>\n\t<meta property=\"og:image:height\" content=\"1927\" \/>\n\t<meta property=\"og:image:type\" content=\"image\/jpeg\" \/>\n<meta name=\"twitter:card\" content=\"summary_large_image\" \/>\n<meta name=\"twitter:label1\" content=\"Dur\u00e9e de lecture estim\u00e9e\" \/>\n\t<meta name=\"twitter:data1\" content=\"1 minute\" \/>\n<script type=\"application\/ld+json\" class=\"yoast-schema-graph\">{\"@context\":\"https:\\\/\\\/schema.org\",\"@graph\":[{\"@type\":\"WebPage\",\"@id\":\"https:\\\/\\\/www.koonings.com\\\/fr\\\/product\\\/lohrengel-lb525\\\/\",\"url\":\"https:\\\/\\\/www.koonings.com\\\/fr\\\/product\\\/lohrengel-lb525\\\/\",\"name\":\"Fashion Queen Lohrengel Molly Monroe LB525 | Koonings\",\"isPartOf\":{\"@id\":\"https:\\\/\\\/www.koonings.com\\\/fr\\\/#website\"},\"primaryImageOfPage\":{\"@id\":\"https:\\\/\\\/www.koonings.com\\\/fr\\\/product\\\/lohrengel-lb525\\\/#primaryimage\"},\"image\":{\"@id\":\"https:\\\/\\\/www.koonings.com\\\/fr\\\/product\\\/lohrengel-lb525\\\/#primaryimage\"},\"thumbnailUrl\":\"https:\\\/\\\/www.koonings.com\\\/wp-content\\\/uploads\\\/2024\\\/11\\\/41117_cf8bd62a8e47777b903918ffc241da08220ddb1657edc4b9fa2ce359a742b8cb01ae2484.jpeg\",\"datePublished\":\"2026-05-06T13:26:18+00:00\",\"description\":\"La Lohrengel LB525 est une robe de mari\u00e9e enchanteresse qui respire la sophistication et le glamour. Son design \u00e9l\u00e9gant associe des tissus luxueux \u00e0 des d\u00e9tails subtils, ce qui lui conf\u00e8re un attrait intemporel. Les formes f\u00e9minines sont magnifiquement mises en valeur, tandis que la silhouette d\u00e9gage un sentiment de style et de classe. La Lohrengel LB525 est disponible chez Koonings The Wedding Palace, o\u00f9 vous pouvez compter sur une attention personnelle et des conseils d'experts. Prenez rendez-vous et d\u00e9couvrez cette magnifique robe dans le cadre luxueux et \u00e9l\u00e9gant de Koonings The Wedding Palace.\",\"breadcrumb\":{\"@id\":\"https:\\\/\\\/www.koonings.com\\\/fr\\\/product\\\/lohrengel-lb525\\\/#breadcrumb\"},\"inLanguage\":\"fr-FR\",\"potentialAction\":[{\"@type\":\"ReadAction\",\"target\":[\"https:\\\/\\\/www.koonings.com\\\/fr\\\/product\\\/lohrengel-lb525\\\/\"]}]},{\"@type\":\"ImageObject\",\"inLanguage\":\"fr-FR\",\"@id\":\"https:\\\/\\\/www.koonings.com\\\/fr\\\/product\\\/lohrengel-lb525\\\/#primaryimage\",\"url\":\"https:\\\/\\\/www.koonings.com\\\/wp-content\\\/uploads\\\/2024\\\/11\\\/41117_cf8bd62a8e47777b903918ffc241da08220ddb1657edc4b9fa2ce359a742b8cb01ae2484.jpeg\",\"contentUrl\":\"https:\\\/\\\/www.koonings.com\\\/wp-content\\\/uploads\\\/2024\\\/11\\\/41117_cf8bd62a8e47777b903918ffc241da08220ddb1657edc4b9fa2ce359a742b8cb01ae2484.jpeg\",\"width\":1361,\"height\":1927},{\"@type\":\"BreadcrumbList\",\"@id\":\"https:\\\/\\\/www.koonings.com\\\/fr\\\/product\\\/lohrengel-lb525\\\/#breadcrumb\",\"itemListElement\":[{\"@type\":\"ListItem\",\"position\":1,\"name\":\"Home\",\"item\":\"https:\\\/\\\/www.koonings.com\\\/fr\\\/\"},{\"@type\":\"ListItem\",\"position\":2,\"name\":\"Fashion Queen Lohrengel Molly Monroe LB525\"}]},{\"@type\":\"WebSite\",\"@id\":\"https:\\\/\\\/www.koonings.com\\\/fr\\\/#website\",\"url\":\"https:\\\/\\\/www.koonings.com\\\/fr\\\/\",\"name\":\"Koonings\",\"description\":\"De grootste bruidsmodewinkel ter wereld\",\"publisher\":{\"@id\":\"https:\\\/\\\/www.koonings.com\\\/fr\\\/#organization\"},\"potentialAction\":[{\"@type\":\"SearchAction\",\"target\":{\"@type\":\"EntryPoint\",\"urlTemplate\":\"https:\\\/\\\/www.koonings.com\\\/fr\\\/?s={search_term_string}\"},\"query-input\":{\"@type\":\"PropertyValueSpecification\",\"valueRequired\":true,\"valueName\":\"search_term_string\"}}],\"inLanguage\":\"fr-FR\"},{\"@type\":\"Organization\",\"@id\":\"https:\\\/\\\/www.koonings.com\\\/fr\\\/#organization\",\"name\":\"Koonings\",\"url\":\"https:\\\/\\\/www.koonings.com\\\/fr\\\/\",\"logo\":{\"@type\":\"ImageObject\",\"inLanguage\":\"fr-FR\",\"@id\":\"https:\\\/\\\/www.koonings.com\\\/fr\\\/#\\\/schema\\\/logo\\\/image\\\/\",\"url\":\"https:\\\/\\\/www.koonings.com\\\/wp-content\\\/uploads\\\/2024\\\/07\\\/logo.png\",\"contentUrl\":\"https:\\\/\\\/www.koonings.com\\\/wp-content\\\/uploads\\\/2024\\\/07\\\/logo.png\",\"width\":600,\"height\":428,\"caption\":\"Koonings\"},\"image\":{\"@id\":\"https:\\\/\\\/www.koonings.com\\\/fr\\\/#\\\/schema\\\/logo\\\/image\\\/\"},\"sameAs\":[\"https:\\\/\\\/www.facebook.com\\\/kooningstheweddingpalace\",\"https:\\\/\\\/www.instagram.com\\\/kooningstheweddingpalace\",\"https:\\\/\\\/www.pinterest.com\\\/koonings\",\"https:\\\/\\\/www.youtube.com\\\/kooningstheweddingpalace\"]}]}<\/script>\n<!-- \/ Yoast SEO plugin. -->","yoast_head_json":{"title":"Fashion Queen Lohrengel Molly Monroe LB525 | Koonings","description":"La Lohrengel LB525 est une robe de mari\u00e9e enchanteresse qui respire la sophistication et le glamour. Son design \u00e9l\u00e9gant associe des tissus luxueux \u00e0 des d\u00e9tails subtils, ce qui lui conf\u00e8re un attrait intemporel. Les formes f\u00e9minines sont magnifiquement mises en valeur, tandis que la silhouette d\u00e9gage un sentiment de style et de classe. La Lohrengel LB525 est disponible chez Koonings The Wedding Palace, o\u00f9 vous pouvez compter sur une attention personnelle et des conseils d'experts. Prenez rendez-vous et d\u00e9couvrez cette magnifique robe dans le cadre luxueux et \u00e9l\u00e9gant de Koonings The Wedding Palace.","robots":{"index":"index","follow":"follow","max-snippet":"max-snippet:-1","max-image-preview":"max-image-preview:large","max-video-preview":"max-video-preview:-1"},"canonical":"https:\/\/www.koonings.com\/fr\/product\/lohrengel-lb525\/","og_locale":"fr_FR","og_type":"article","og_title":"Fashion Queen Lohrengel Molly Monroe LB525 | Koonings","og_description":"La Lohrengel LB525 est une robe de mari\u00e9e enchanteresse qui respire la sophistication et le glamour. Son design \u00e9l\u00e9gant associe des tissus luxueux \u00e0 des d\u00e9tails subtils, ce qui lui conf\u00e8re un attrait intemporel. Les formes f\u00e9minines sont magnifiquement mises en valeur, tandis que la silhouette d\u00e9gage un sentiment de style et de classe. La Lohrengel LB525 est disponible chez Koonings The Wedding Palace, o\u00f9 vous pouvez compter sur une attention personnelle et des conseils d'experts. Prenez rendez-vous et d\u00e9couvrez cette magnifique robe dans le cadre luxueux et \u00e9l\u00e9gant de Koonings The Wedding Palace.","og_url":"https:\/\/www.koonings.com\/fr\/product\/lohrengel-lb525\/","og_site_name":"Koonings","article_publisher":"https:\/\/www.facebook.com\/kooningstheweddingpalace","og_image":[{"width":1361,"height":1927,"url":"https:\/\/www.koonings.com\/wp-content\/uploads\/2024\/11\/41117_cf8bd62a8e47777b903918ffc241da08220ddb1657edc4b9fa2ce359a742b8cb01ae2484.jpeg","type":"image\/jpeg"}],"twitter_card":"summary_large_image","twitter_misc":{"Dur\u00e9e de lecture estim\u00e9e":"1 minute"},"schema":{"@context":"https:\/\/schema.org","@graph":[{"@type":"WebPage","@id":"https:\/\/www.koonings.com\/fr\/product\/lohrengel-lb525\/","url":"https:\/\/www.koonings.com\/fr\/product\/lohrengel-lb525\/","name":"Fashion Queen Lohrengel Molly Monroe LB525 | Koonings","isPartOf":{"@id":"https:\/\/www.koonings.com\/fr\/#website"},"primaryImageOfPage":{"@id":"https:\/\/www.koonings.com\/fr\/product\/lohrengel-lb525\/#primaryimage"},"image":{"@id":"https:\/\/www.koonings.com\/fr\/product\/lohrengel-lb525\/#primaryimage"},"thumbnailUrl":"https:\/\/www.koonings.com\/wp-content\/uploads\/2024\/11\/41117_cf8bd62a8e47777b903918ffc241da08220ddb1657edc4b9fa2ce359a742b8cb01ae2484.jpeg","datePublished":"2026-05-06T13:26:18+00:00","description":"La Lohrengel LB525 est une robe de mari\u00e9e enchanteresse qui respire la sophistication et le glamour. Son design \u00e9l\u00e9gant associe des tissus luxueux \u00e0 des d\u00e9tails subtils, ce qui lui conf\u00e8re un attrait intemporel. Les formes f\u00e9minines sont magnifiquement mises en valeur, tandis que la silhouette d\u00e9gage un sentiment de style et de classe. La Lohrengel LB525 est disponible chez Koonings The Wedding Palace, o\u00f9 vous pouvez compter sur une attention personnelle et des conseils d'experts. Prenez rendez-vous et d\u00e9couvrez cette magnifique robe dans le cadre luxueux et \u00e9l\u00e9gant de Koonings The Wedding Palace.","breadcrumb":{"@id":"https:\/\/www.koonings.com\/fr\/product\/lohrengel-lb525\/#breadcrumb"},"inLanguage":"fr-FR","potentialAction":[{"@type":"ReadAction","target":["https:\/\/www.koonings.com\/fr\/product\/lohrengel-lb525\/"]}]},{"@type":"ImageObject","inLanguage":"fr-FR","@id":"https:\/\/www.koonings.com\/fr\/product\/lohrengel-lb525\/#primaryimage","url":"https:\/\/www.koonings.com\/wp-content\/uploads\/2024\/11\/41117_cf8bd62a8e47777b903918ffc241da08220ddb1657edc4b9fa2ce359a742b8cb01ae2484.jpeg","contentUrl":"https:\/\/www.koonings.com\/wp-content\/uploads\/2024\/11\/41117_cf8bd62a8e47777b903918ffc241da08220ddb1657edc4b9fa2ce359a742b8cb01ae2484.jpeg","width":1361,"height":1927},{"@type":"BreadcrumbList","@id":"https:\/\/www.koonings.com\/fr\/product\/lohrengel-lb525\/#breadcrumb","itemListElement":[{"@type":"ListItem","position":1,"name":"Home","item":"https:\/\/www.koonings.com\/fr\/"},{"@type":"ListItem","position":2,"name":"Fashion Queen Lohrengel Molly Monroe LB525"}]},{"@type":"WebSite","@id":"https:\/\/www.koonings.com\/fr\/#website","url":"https:\/\/www.koonings.com\/fr\/","name":"Koonings","description":"De grootste bruidsmodewinkel ter wereld","publisher":{"@id":"https:\/\/www.koonings.com\/fr\/#organization"},"potentialAction":[{"@type":"SearchAction","target":{"@type":"EntryPoint","urlTemplate":"https:\/\/www.koonings.com\/fr\/?s={search_term_string}"},"query-input":{"@type":"PropertyValueSpecification","valueRequired":true,"valueName":"search_term_string"}}],"inLanguage":"fr-FR"},{"@type":"Organization","@id":"https:\/\/www.koonings.com\/fr\/#organization","name":"Koonings","url":"https:\/\/www.koonings.com\/fr\/","logo":{"@type":"ImageObject","inLanguage":"fr-FR","@id":"https:\/\/www.koonings.com\/fr\/#\/schema\/logo\/image\/","url":"https:\/\/www.koonings.com\/wp-content\/uploads\/2024\/07\/logo.png","contentUrl":"https:\/\/www.koonings.com\/wp-content\/uploads\/2024\/07\/logo.png","width":600,"height":428,"caption":"Koonings"},"image":{"@id":"https:\/\/www.koonings.com\/fr\/#\/schema\/logo\/image\/"},"sameAs":["https:\/\/www.facebook.com\/kooningstheweddingpalace","https:\/\/www.instagram.com\/kooningstheweddingpalace","https:\/\/www.pinterest.com\/koonings","https:\/\/www.youtube.com\/kooningstheweddingpalace"]}]}},"_links":{"self":[{"href":"https:\/\/www.koonings.com\/fr\/wp-json\/wp\/v2\/product\/59032","targetHints":{"allow":["GET"]}}],"collection":[{"href":"https:\/\/www.koonings.com\/fr\/wp-json\/wp\/v2\/product"}],"about":[{"href":"https:\/\/www.koonings.com\/fr\/wp-json\/wp\/v2\/types\/product"}],"wp:featuredmedia":[{"embeddable":true,"href":"https:\/\/www.koonings.com\/fr\/wp-json\/wp\/v2\/media\/50377"}],"wp:attachment":[{"href":"https:\/\/www.koonings.com\/fr\/wp-json\/wp\/v2\/media?parent=59032"}],"wp:term":[{"taxonomy":"productdetails","embeddable":true,"href":"https:\/\/www.koonings.com\/fr\/wp-json\/wp\/v2\/productdetails?post=59032"},{"taxonomy":"productneck","embeddable":true,"href":"https:\/\/www.koonings.com\/fr\/wp-json\/wp\/v2\/productneck?post=59032"},{"taxonomy":"productcolor","embeddable":true,"href":"https:\/\/www.koonings.com\/fr\/wp-json\/wp\/v2\/productcolor?post=59032"},{"taxonomy":"maat","embeddable":true,"href":"https:\/\/www.koonings.com\/fr\/wp-json\/wp\/v2\/maat?post=59032"},{"taxonomy":"productsupplier","embeddable":true,"href":"https:\/\/www.koonings.com\/fr\/wp-json\/wp\/v2\/productsupplier?post=59032"},{"taxonomy":"productsleeve","embeddable":true,"href":"https:\/\/www.koonings.com\/fr\/wp-json\/wp\/v2\/productsleeve?post=59032"},{"taxonomy":"productcategory","embeddable":true,"href":"https:\/\/www.koonings.com\/fr\/wp-json\/wp\/v2\/productcategory?post=59032"},{"taxonomy":"productsilhouette","embeddable":true,"href":"https:\/\/www.koonings.com\/fr\/wp-json\/wp\/v2\/productsilhouette?post=59032"},{"taxonomy":"productstyle","embeddable":true,"href":"https:\/\/www.koonings.com\/fr\/wp-json\/wp\/v2\/productstyle?post=59032"}],"curies":[{"name":"wp","href":"https:\/\/api.w.org\/{rel}","templated":true}]}}