{"id":59026,"date":"2026-04-21T18:26:43","date_gmt":"2026-04-21T16:26:43","guid":{"rendered":"https:\/\/www.koonings.com\/product\/lohrengel-lb511-2\/"},"modified":"2025-06-05T13:28:37","modified_gmt":"2025-06-05T11:28:37","slug":"lohrengel-lb511-2","status":"publish","type":"product","link":"https:\/\/www.koonings.com\/fr\/product\/lohrengel-lb511-2\/","title":{"rendered":"Fashion Queen Lohrengel Molly Monroe LB511"},"content":{"rendered":"<p>La robe de mari\u00e9e Lohrengel Molly Monroe LB511 est une robe de mari\u00e9e sophistiqu\u00e9e qui allie parfaitement \u00e9l\u00e9gance et romantisme. Son design d\u00e9licat, ses tissus luxueux et ses d\u00e9tails subtils cr\u00e9ent un look intemporel. La robe met \u00e9l\u00e9gamment en valeur les formes f\u00e9minines et vous permet de vous sentir au mieux de votre forme le jour de votre mariage.  <\/p>\n<p>La Lohrengel Molly Monroe LB511 est une magnifique robe de mari\u00e9e qui allie parfaitement \u00e9l\u00e9gance et romantisme. Sa conception sophistiqu\u00e9e, r\u00e9alis\u00e9e \u00e0 partir de tissus luxueux et enrichie de d\u00e9tails subtils, cr\u00e9e un look chic et intemporel. La robe met \u00e9l\u00e9gamment en valeur les courbes f\u00e9minines, de sorte que vous vous sentirez rayonnante et confiante le jour de votre mariage.  <\/p>\n<p>La robe Lohrengel Molly Monroe LB511 est disponible chez Koonings The Wedding Palace, o\u00f9 vous pouvez compter sur des conseils d&#8217;experts et une assistance personnelle. Prenez rendez-vous et d\u00e9couvrez cette robe enchanteresse dans le cadre luxueux et \u00e9l\u00e9gant de Koonings The Wedding Palace. <\/p>\n","protected":false},"featured_media":50394,"template":"","meta":{"_acf_changed":false,"ghostkit_customizer_options":"","ghostkit_custom_css":"","ghostkit_custom_js_head":"","ghostkit_custom_js_foot":"","ghostkit_typography":""},"productdetails":[379,381],"productneck":[355],"productcolor":[392],"maat":[375],"productsupplier":[480],"productsleeve":[359],"productcategory":[18],"productsilhouette":[384],"productstyle":[366],"class_list":["post-59026","product","type-product","status-publish","has-post-thumbnail","hentry","productdetails-379","productdetails-381","productneck-355","productcolor-392","maat-375","productsupplier-fashion-queen","productsleeve-359","productcategory-trouwjurken","productsilhouette-384","productstyle-366"],"acf":[],"yoast_head":"<!-- This site is optimized with the Yoast SEO plugin v27.3 - https:\/\/yoast.com\/product\/yoast-seo-wordpress\/ -->\n<title>Fashion Queen Lohrengel Molly Monroe LB511 | Koonings<\/title>\n<meta name=\"description\" content=\"La robe de mari\u00e9e Lohrengel Molly Monroe LB511 est une robe de mari\u00e9e sophistiqu\u00e9e qui allie parfaitement \u00e9l\u00e9gance et romantisme. Son design d\u00e9licat, ses tissus luxueux et ses d\u00e9tails subtils cr\u00e9ent un look intemporel. La robe met \u00e9l\u00e9gamment en valeur les formes f\u00e9minines et vous permet de vous sentir au mieux de votre forme le jour de votre mariage. La Lohrengel Molly Monroe LB511 est une magnifique robe de mari\u00e9e qui allie parfaitement \u00e9l\u00e9gance et romantisme. Sa conception sophistiqu\u00e9e, r\u00e9alis\u00e9e \u00e0 partir de tissus luxueux et enrichie de d\u00e9tails subtils, cr\u00e9e un look chic et intemporel. La robe met \u00e9l\u00e9gamment en valeur les courbes f\u00e9minines, de sorte que vous vous sentirez rayonnante et confiante le jour de votre mariage. La robe Lohrengel Molly Monroe LB511 est disponible chez Koonings The Wedding Palace, o\u00f9 vous pouvez compter sur des conseils d&#039;experts et une assistance personnelle. Prenez rendez-vous et d\u00e9couvrez cette robe enchanteresse dans le cadre luxueux et \u00e9l\u00e9gant de Koonings The Wedding Palace.\" \/>\n<meta name=\"robots\" content=\"index, follow, max-snippet:-1, max-image-preview:large, max-video-preview:-1\" \/>\n<link rel=\"canonical\" href=\"https:\/\/www.koonings.com\/fr\/product\/lohrengel-lb511-2\/\" \/>\n<meta property=\"og:locale\" content=\"fr_FR\" \/>\n<meta property=\"og:type\" content=\"article\" \/>\n<meta property=\"og:title\" content=\"Fashion Queen Lohrengel Molly Monroe LB511 | Koonings\" \/>\n<meta property=\"og:description\" content=\"La robe de mari\u00e9e Lohrengel Molly Monroe LB511 est une robe de mari\u00e9e sophistiqu\u00e9e qui allie parfaitement \u00e9l\u00e9gance et romantisme. Son design d\u00e9licat, ses tissus luxueux et ses d\u00e9tails subtils cr\u00e9ent un look intemporel. La robe met \u00e9l\u00e9gamment en valeur les formes f\u00e9minines et vous permet de vous sentir au mieux de votre forme le jour de votre mariage. La Lohrengel Molly Monroe LB511 est une magnifique robe de mari\u00e9e qui allie parfaitement \u00e9l\u00e9gance et romantisme. Sa conception sophistiqu\u00e9e, r\u00e9alis\u00e9e \u00e0 partir de tissus luxueux et enrichie de d\u00e9tails subtils, cr\u00e9e un look chic et intemporel. La robe met \u00e9l\u00e9gamment en valeur les courbes f\u00e9minines, de sorte que vous vous sentirez rayonnante et confiante le jour de votre mariage. La robe Lohrengel Molly Monroe LB511 est disponible chez Koonings The Wedding Palace, o\u00f9 vous pouvez compter sur des conseils d&#039;experts et une assistance personnelle. Prenez rendez-vous et d\u00e9couvrez cette robe enchanteresse dans le cadre luxueux et \u00e9l\u00e9gant de Koonings The Wedding Palace.\" \/>\n<meta property=\"og:url\" content=\"https:\/\/www.koonings.com\/fr\/product\/lohrengel-lb511-2\/\" \/>\n<meta property=\"og:site_name\" content=\"Koonings\" \/>\n<meta property=\"article:publisher\" content=\"https:\/\/www.facebook.com\/kooningstheweddingpalace\" \/>\n<meta property=\"og:image\" content=\"https:\/\/www.koonings.com\/wp-content\/uploads\/2024\/11\/41118_33ebd95e8c9747955aab5f15788fc4b17ecf2a413f1926ce0d0dbdb41833795330988a08.jpeg\" \/>\n\t<meta property=\"og:image:width\" content=\"1246\" \/>\n\t<meta property=\"og:image:height\" content=\"1759\" \/>\n\t<meta property=\"og:image:type\" content=\"image\/jpeg\" \/>\n<meta name=\"twitter:card\" content=\"summary_large_image\" \/>\n<meta name=\"twitter:label1\" content=\"Dur\u00e9e de lecture estim\u00e9e\" \/>\n\t<meta name=\"twitter:data1\" content=\"1 minute\" \/>\n<script type=\"application\/ld+json\" class=\"yoast-schema-graph\">{\"@context\":\"https:\\\/\\\/schema.org\",\"@graph\":[{\"@type\":\"WebPage\",\"@id\":\"https:\\\/\\\/www.koonings.com\\\/fr\\\/product\\\/lohrengel-lb511-2\\\/\",\"url\":\"https:\\\/\\\/www.koonings.com\\\/fr\\\/product\\\/lohrengel-lb511-2\\\/\",\"name\":\"Fashion Queen Lohrengel Molly Monroe LB511 | Koonings\",\"isPartOf\":{\"@id\":\"https:\\\/\\\/www.koonings.com\\\/fr\\\/#website\"},\"primaryImageOfPage\":{\"@id\":\"https:\\\/\\\/www.koonings.com\\\/fr\\\/product\\\/lohrengel-lb511-2\\\/#primaryimage\"},\"image\":{\"@id\":\"https:\\\/\\\/www.koonings.com\\\/fr\\\/product\\\/lohrengel-lb511-2\\\/#primaryimage\"},\"thumbnailUrl\":\"https:\\\/\\\/www.koonings.com\\\/wp-content\\\/uploads\\\/2024\\\/11\\\/41118_33ebd95e8c9747955aab5f15788fc4b17ecf2a413f1926ce0d0dbdb41833795330988a08.jpeg\",\"datePublished\":\"2026-04-21T16:26:43+00:00\",\"description\":\"La robe de mari\u00e9e Lohrengel Molly Monroe LB511 est une robe de mari\u00e9e sophistiqu\u00e9e qui allie parfaitement \u00e9l\u00e9gance et romantisme. Son design d\u00e9licat, ses tissus luxueux et ses d\u00e9tails subtils cr\u00e9ent un look intemporel. La robe met \u00e9l\u00e9gamment en valeur les formes f\u00e9minines et vous permet de vous sentir au mieux de votre forme le jour de votre mariage. La Lohrengel Molly Monroe LB511 est une magnifique robe de mari\u00e9e qui allie parfaitement \u00e9l\u00e9gance et romantisme. Sa conception sophistiqu\u00e9e, r\u00e9alis\u00e9e \u00e0 partir de tissus luxueux et enrichie de d\u00e9tails subtils, cr\u00e9e un look chic et intemporel. La robe met \u00e9l\u00e9gamment en valeur les courbes f\u00e9minines, de sorte que vous vous sentirez rayonnante et confiante le jour de votre mariage. La robe Lohrengel Molly Monroe LB511 est disponible chez Koonings The Wedding Palace, o\u00f9 vous pouvez compter sur des conseils d'experts et une assistance personnelle. Prenez rendez-vous et d\u00e9couvrez cette robe enchanteresse dans le cadre luxueux et \u00e9l\u00e9gant de Koonings The Wedding Palace.\",\"breadcrumb\":{\"@id\":\"https:\\\/\\\/www.koonings.com\\\/fr\\\/product\\\/lohrengel-lb511-2\\\/#breadcrumb\"},\"inLanguage\":\"fr-FR\",\"potentialAction\":[{\"@type\":\"ReadAction\",\"target\":[\"https:\\\/\\\/www.koonings.com\\\/fr\\\/product\\\/lohrengel-lb511-2\\\/\"]}]},{\"@type\":\"ImageObject\",\"inLanguage\":\"fr-FR\",\"@id\":\"https:\\\/\\\/www.koonings.com\\\/fr\\\/product\\\/lohrengel-lb511-2\\\/#primaryimage\",\"url\":\"https:\\\/\\\/www.koonings.com\\\/wp-content\\\/uploads\\\/2024\\\/11\\\/41118_33ebd95e8c9747955aab5f15788fc4b17ecf2a413f1926ce0d0dbdb41833795330988a08.jpeg\",\"contentUrl\":\"https:\\\/\\\/www.koonings.com\\\/wp-content\\\/uploads\\\/2024\\\/11\\\/41118_33ebd95e8c9747955aab5f15788fc4b17ecf2a413f1926ce0d0dbdb41833795330988a08.jpeg\",\"width\":1246,\"height\":1759},{\"@type\":\"BreadcrumbList\",\"@id\":\"https:\\\/\\\/www.koonings.com\\\/fr\\\/product\\\/lohrengel-lb511-2\\\/#breadcrumb\",\"itemListElement\":[{\"@type\":\"ListItem\",\"position\":1,\"name\":\"Home\",\"item\":\"https:\\\/\\\/www.koonings.com\\\/fr\\\/\"},{\"@type\":\"ListItem\",\"position\":2,\"name\":\"Fashion Queen Lohrengel Molly Monroe LB511\"}]},{\"@type\":\"WebSite\",\"@id\":\"https:\\\/\\\/www.koonings.com\\\/fr\\\/#website\",\"url\":\"https:\\\/\\\/www.koonings.com\\\/fr\\\/\",\"name\":\"Koonings\",\"description\":\"De grootste bruidsmodewinkel ter wereld\",\"publisher\":{\"@id\":\"https:\\\/\\\/www.koonings.com\\\/fr\\\/#organization\"},\"potentialAction\":[{\"@type\":\"SearchAction\",\"target\":{\"@type\":\"EntryPoint\",\"urlTemplate\":\"https:\\\/\\\/www.koonings.com\\\/fr\\\/?s={search_term_string}\"},\"query-input\":{\"@type\":\"PropertyValueSpecification\",\"valueRequired\":true,\"valueName\":\"search_term_string\"}}],\"inLanguage\":\"fr-FR\"},{\"@type\":\"Organization\",\"@id\":\"https:\\\/\\\/www.koonings.com\\\/fr\\\/#organization\",\"name\":\"Koonings\",\"url\":\"https:\\\/\\\/www.koonings.com\\\/fr\\\/\",\"logo\":{\"@type\":\"ImageObject\",\"inLanguage\":\"fr-FR\",\"@id\":\"https:\\\/\\\/www.koonings.com\\\/fr\\\/#\\\/schema\\\/logo\\\/image\\\/\",\"url\":\"https:\\\/\\\/www.koonings.com\\\/wp-content\\\/uploads\\\/2024\\\/07\\\/logo.png\",\"contentUrl\":\"https:\\\/\\\/www.koonings.com\\\/wp-content\\\/uploads\\\/2024\\\/07\\\/logo.png\",\"width\":600,\"height\":428,\"caption\":\"Koonings\"},\"image\":{\"@id\":\"https:\\\/\\\/www.koonings.com\\\/fr\\\/#\\\/schema\\\/logo\\\/image\\\/\"},\"sameAs\":[\"https:\\\/\\\/www.facebook.com\\\/kooningstheweddingpalace\",\"https:\\\/\\\/www.instagram.com\\\/kooningstheweddingpalace\",\"https:\\\/\\\/www.pinterest.com\\\/koonings\",\"https:\\\/\\\/www.youtube.com\\\/kooningstheweddingpalace\"]}]}<\/script>\n<!-- \/ Yoast SEO plugin. -->","yoast_head_json":{"title":"Fashion Queen Lohrengel Molly Monroe LB511 | Koonings","description":"La robe de mari\u00e9e Lohrengel Molly Monroe LB511 est une robe de mari\u00e9e sophistiqu\u00e9e qui allie parfaitement \u00e9l\u00e9gance et romantisme. Son design d\u00e9licat, ses tissus luxueux et ses d\u00e9tails subtils cr\u00e9ent un look intemporel. La robe met \u00e9l\u00e9gamment en valeur les formes f\u00e9minines et vous permet de vous sentir au mieux de votre forme le jour de votre mariage. La Lohrengel Molly Monroe LB511 est une magnifique robe de mari\u00e9e qui allie parfaitement \u00e9l\u00e9gance et romantisme. Sa conception sophistiqu\u00e9e, r\u00e9alis\u00e9e \u00e0 partir de tissus luxueux et enrichie de d\u00e9tails subtils, cr\u00e9e un look chic et intemporel. La robe met \u00e9l\u00e9gamment en valeur les courbes f\u00e9minines, de sorte que vous vous sentirez rayonnante et confiante le jour de votre mariage. La robe Lohrengel Molly Monroe LB511 est disponible chez Koonings The Wedding Palace, o\u00f9 vous pouvez compter sur des conseils d'experts et une assistance personnelle. Prenez rendez-vous et d\u00e9couvrez cette robe enchanteresse dans le cadre luxueux et \u00e9l\u00e9gant de Koonings The Wedding Palace.","robots":{"index":"index","follow":"follow","max-snippet":"max-snippet:-1","max-image-preview":"max-image-preview:large","max-video-preview":"max-video-preview:-1"},"canonical":"https:\/\/www.koonings.com\/fr\/product\/lohrengel-lb511-2\/","og_locale":"fr_FR","og_type":"article","og_title":"Fashion Queen Lohrengel Molly Monroe LB511 | Koonings","og_description":"La robe de mari\u00e9e Lohrengel Molly Monroe LB511 est une robe de mari\u00e9e sophistiqu\u00e9e qui allie parfaitement \u00e9l\u00e9gance et romantisme. Son design d\u00e9licat, ses tissus luxueux et ses d\u00e9tails subtils cr\u00e9ent un look intemporel. La robe met \u00e9l\u00e9gamment en valeur les formes f\u00e9minines et vous permet de vous sentir au mieux de votre forme le jour de votre mariage. La Lohrengel Molly Monroe LB511 est une magnifique robe de mari\u00e9e qui allie parfaitement \u00e9l\u00e9gance et romantisme. Sa conception sophistiqu\u00e9e, r\u00e9alis\u00e9e \u00e0 partir de tissus luxueux et enrichie de d\u00e9tails subtils, cr\u00e9e un look chic et intemporel. La robe met \u00e9l\u00e9gamment en valeur les courbes f\u00e9minines, de sorte que vous vous sentirez rayonnante et confiante le jour de votre mariage. La robe Lohrengel Molly Monroe LB511 est disponible chez Koonings The Wedding Palace, o\u00f9 vous pouvez compter sur des conseils d'experts et une assistance personnelle. Prenez rendez-vous et d\u00e9couvrez cette robe enchanteresse dans le cadre luxueux et \u00e9l\u00e9gant de Koonings The Wedding Palace.","og_url":"https:\/\/www.koonings.com\/fr\/product\/lohrengel-lb511-2\/","og_site_name":"Koonings","article_publisher":"https:\/\/www.facebook.com\/kooningstheweddingpalace","og_image":[{"width":1246,"height":1759,"url":"https:\/\/www.koonings.com\/wp-content\/uploads\/2024\/11\/41118_33ebd95e8c9747955aab5f15788fc4b17ecf2a413f1926ce0d0dbdb41833795330988a08.jpeg","type":"image\/jpeg"}],"twitter_card":"summary_large_image","twitter_misc":{"Dur\u00e9e de lecture estim\u00e9e":"1 minute"},"schema":{"@context":"https:\/\/schema.org","@graph":[{"@type":"WebPage","@id":"https:\/\/www.koonings.com\/fr\/product\/lohrengel-lb511-2\/","url":"https:\/\/www.koonings.com\/fr\/product\/lohrengel-lb511-2\/","name":"Fashion Queen Lohrengel Molly Monroe LB511 | Koonings","isPartOf":{"@id":"https:\/\/www.koonings.com\/fr\/#website"},"primaryImageOfPage":{"@id":"https:\/\/www.koonings.com\/fr\/product\/lohrengel-lb511-2\/#primaryimage"},"image":{"@id":"https:\/\/www.koonings.com\/fr\/product\/lohrengel-lb511-2\/#primaryimage"},"thumbnailUrl":"https:\/\/www.koonings.com\/wp-content\/uploads\/2024\/11\/41118_33ebd95e8c9747955aab5f15788fc4b17ecf2a413f1926ce0d0dbdb41833795330988a08.jpeg","datePublished":"2026-04-21T16:26:43+00:00","description":"La robe de mari\u00e9e Lohrengel Molly Monroe LB511 est une robe de mari\u00e9e sophistiqu\u00e9e qui allie parfaitement \u00e9l\u00e9gance et romantisme. Son design d\u00e9licat, ses tissus luxueux et ses d\u00e9tails subtils cr\u00e9ent un look intemporel. La robe met \u00e9l\u00e9gamment en valeur les formes f\u00e9minines et vous permet de vous sentir au mieux de votre forme le jour de votre mariage. La Lohrengel Molly Monroe LB511 est une magnifique robe de mari\u00e9e qui allie parfaitement \u00e9l\u00e9gance et romantisme. Sa conception sophistiqu\u00e9e, r\u00e9alis\u00e9e \u00e0 partir de tissus luxueux et enrichie de d\u00e9tails subtils, cr\u00e9e un look chic et intemporel. La robe met \u00e9l\u00e9gamment en valeur les courbes f\u00e9minines, de sorte que vous vous sentirez rayonnante et confiante le jour de votre mariage. La robe Lohrengel Molly Monroe LB511 est disponible chez Koonings The Wedding Palace, o\u00f9 vous pouvez compter sur des conseils d'experts et une assistance personnelle. Prenez rendez-vous et d\u00e9couvrez cette robe enchanteresse dans le cadre luxueux et \u00e9l\u00e9gant de Koonings The Wedding Palace.","breadcrumb":{"@id":"https:\/\/www.koonings.com\/fr\/product\/lohrengel-lb511-2\/#breadcrumb"},"inLanguage":"fr-FR","potentialAction":[{"@type":"ReadAction","target":["https:\/\/www.koonings.com\/fr\/product\/lohrengel-lb511-2\/"]}]},{"@type":"ImageObject","inLanguage":"fr-FR","@id":"https:\/\/www.koonings.com\/fr\/product\/lohrengel-lb511-2\/#primaryimage","url":"https:\/\/www.koonings.com\/wp-content\/uploads\/2024\/11\/41118_33ebd95e8c9747955aab5f15788fc4b17ecf2a413f1926ce0d0dbdb41833795330988a08.jpeg","contentUrl":"https:\/\/www.koonings.com\/wp-content\/uploads\/2024\/11\/41118_33ebd95e8c9747955aab5f15788fc4b17ecf2a413f1926ce0d0dbdb41833795330988a08.jpeg","width":1246,"height":1759},{"@type":"BreadcrumbList","@id":"https:\/\/www.koonings.com\/fr\/product\/lohrengel-lb511-2\/#breadcrumb","itemListElement":[{"@type":"ListItem","position":1,"name":"Home","item":"https:\/\/www.koonings.com\/fr\/"},{"@type":"ListItem","position":2,"name":"Fashion Queen Lohrengel Molly Monroe LB511"}]},{"@type":"WebSite","@id":"https:\/\/www.koonings.com\/fr\/#website","url":"https:\/\/www.koonings.com\/fr\/","name":"Koonings","description":"De grootste bruidsmodewinkel ter wereld","publisher":{"@id":"https:\/\/www.koonings.com\/fr\/#organization"},"potentialAction":[{"@type":"SearchAction","target":{"@type":"EntryPoint","urlTemplate":"https:\/\/www.koonings.com\/fr\/?s={search_term_string}"},"query-input":{"@type":"PropertyValueSpecification","valueRequired":true,"valueName":"search_term_string"}}],"inLanguage":"fr-FR"},{"@type":"Organization","@id":"https:\/\/www.koonings.com\/fr\/#organization","name":"Koonings","url":"https:\/\/www.koonings.com\/fr\/","logo":{"@type":"ImageObject","inLanguage":"fr-FR","@id":"https:\/\/www.koonings.com\/fr\/#\/schema\/logo\/image\/","url":"https:\/\/www.koonings.com\/wp-content\/uploads\/2024\/07\/logo.png","contentUrl":"https:\/\/www.koonings.com\/wp-content\/uploads\/2024\/07\/logo.png","width":600,"height":428,"caption":"Koonings"},"image":{"@id":"https:\/\/www.koonings.com\/fr\/#\/schema\/logo\/image\/"},"sameAs":["https:\/\/www.facebook.com\/kooningstheweddingpalace","https:\/\/www.instagram.com\/kooningstheweddingpalace","https:\/\/www.pinterest.com\/koonings","https:\/\/www.youtube.com\/kooningstheweddingpalace"]}]}},"_links":{"self":[{"href":"https:\/\/www.koonings.com\/fr\/wp-json\/wp\/v2\/product\/59026","targetHints":{"allow":["GET"]}}],"collection":[{"href":"https:\/\/www.koonings.com\/fr\/wp-json\/wp\/v2\/product"}],"about":[{"href":"https:\/\/www.koonings.com\/fr\/wp-json\/wp\/v2\/types\/product"}],"wp:featuredmedia":[{"embeddable":true,"href":"https:\/\/www.koonings.com\/fr\/wp-json\/wp\/v2\/media\/50394"}],"wp:attachment":[{"href":"https:\/\/www.koonings.com\/fr\/wp-json\/wp\/v2\/media?parent=59026"}],"wp:term":[{"taxonomy":"productdetails","embeddable":true,"href":"https:\/\/www.koonings.com\/fr\/wp-json\/wp\/v2\/productdetails?post=59026"},{"taxonomy":"productneck","embeddable":true,"href":"https:\/\/www.koonings.com\/fr\/wp-json\/wp\/v2\/productneck?post=59026"},{"taxonomy":"productcolor","embeddable":true,"href":"https:\/\/www.koonings.com\/fr\/wp-json\/wp\/v2\/productcolor?post=59026"},{"taxonomy":"maat","embeddable":true,"href":"https:\/\/www.koonings.com\/fr\/wp-json\/wp\/v2\/maat?post=59026"},{"taxonomy":"productsupplier","embeddable":true,"href":"https:\/\/www.koonings.com\/fr\/wp-json\/wp\/v2\/productsupplier?post=59026"},{"taxonomy":"productsleeve","embeddable":true,"href":"https:\/\/www.koonings.com\/fr\/wp-json\/wp\/v2\/productsleeve?post=59026"},{"taxonomy":"productcategory","embeddable":true,"href":"https:\/\/www.koonings.com\/fr\/wp-json\/wp\/v2\/productcategory?post=59026"},{"taxonomy":"productsilhouette","embeddable":true,"href":"https:\/\/www.koonings.com\/fr\/wp-json\/wp\/v2\/productsilhouette?post=59026"},{"taxonomy":"productstyle","embeddable":true,"href":"https:\/\/www.koonings.com\/fr\/wp-json\/wp\/v2\/productstyle?post=59026"}],"curies":[{"name":"wp","href":"https:\/\/api.w.org\/{rel}","templated":true}]}}