{"id":59021,"date":"2026-04-14T16:26:51","date_gmt":"2026-04-14T14:26:51","guid":{"rendered":"https:\/\/www.koonings.com\/product\/lohrengel-lb501-2\/"},"modified":"2026-02-16T14:42:12","modified_gmt":"2026-02-16T13:42:12","slug":"lohrengel-lb501-2","status":"publish","type":"product","link":"https:\/\/www.koonings.com\/fr\/product\/lohrengel-lb501-2\/","title":{"rendered":"Fashion Queen Lohrengel Molly Monroe LB501"},"content":{"rendered":"<p>La Lohrengel Molly Monroe LB501 est une robe de mari\u00e9e \u00e0 couper le souffle qui respire la romance et l&#8217;\u00e9l\u00e9gance. Son design sophistiqu\u00e9 met en valeur les formes f\u00e9minines et associe des tissus luxueux \u00e0 des d\u00e9tails exquis. Cette robe offre un look intemporel, parfait pour la mari\u00e9e qui recherche \u00e0 la fois le style et le confort pour son grand jour.  <\/p>\n<p>La robe Lohrengel Molly Monroe LB501 est disponible chez Koonings The Wedding Palace, o\u00f9 vous pouvez compter sur des conseils d&#8217;experts et une assistance personnelle. Prenez rendez-vous et d\u00e9couvrez cette magnifique robe dans le cadre luxueux de Koonings The Wedding Palace. <\/p>\n","protected":false},"featured_media":50411,"template":"","meta":{"_acf_changed":false,"ghostkit_customizer_options":"","ghostkit_custom_css":"","ghostkit_custom_js_head":"","ghostkit_custom_js_foot":"","ghostkit_typography":""},"productdetails":[378],"productneck":[355],"productcolor":[392],"maat":[375],"productsupplier":[480],"productsleeve":[359],"productcategory":[18],"productsilhouette":[384],"productstyle":[365,370],"class_list":["post-59021","product","type-product","status-publish","has-post-thumbnail","hentry","productdetails-378","productneck-355","productcolor-392","maat-375","productsupplier-fashion-queen","productsleeve-359","productcategory-trouwjurken","productsilhouette-384","productstyle-365","productstyle-370"],"acf":[],"yoast_head":"<!-- This site is optimized with the Yoast SEO plugin v27.3 - https:\/\/yoast.com\/product\/yoast-seo-wordpress\/ -->\n<title>Fashion Queen Lohrengel Molly Monroe LB501 | Koonings<\/title>\n<meta name=\"description\" content=\"La Lohrengel Molly Monroe LB501 est une robe de mari\u00e9e \u00e0 couper le souffle qui respire la romance et l&#039;\u00e9l\u00e9gance. Son design sophistiqu\u00e9 met en valeur les formes f\u00e9minines et associe des tissus luxueux \u00e0 des d\u00e9tails exquis. Cette robe offre un look intemporel, parfait pour la mari\u00e9e qui recherche \u00e0 la fois le style et le confort pour son grand jour. La robe Lohrengel Molly Monroe LB501 est disponible chez Koonings The Wedding Palace, o\u00f9 vous pouvez compter sur des conseils d&#039;experts et une assistance personnelle. Prenez rendez-vous et d\u00e9couvrez cette magnifique robe dans le cadre luxueux de Koonings The Wedding Palace.\" \/>\n<meta name=\"robots\" content=\"index, follow, max-snippet:-1, max-image-preview:large, max-video-preview:-1\" \/>\n<link rel=\"canonical\" href=\"https:\/\/www.koonings.com\/fr\/product\/lohrengel-lb501-2\/\" \/>\n<meta property=\"og:locale\" content=\"fr_FR\" \/>\n<meta property=\"og:type\" content=\"article\" \/>\n<meta property=\"og:title\" content=\"Fashion Queen Lohrengel Molly Monroe LB501 | Koonings\" \/>\n<meta property=\"og:description\" content=\"La Lohrengel Molly Monroe LB501 est une robe de mari\u00e9e \u00e0 couper le souffle qui respire la romance et l&#039;\u00e9l\u00e9gance. Son design sophistiqu\u00e9 met en valeur les formes f\u00e9minines et associe des tissus luxueux \u00e0 des d\u00e9tails exquis. Cette robe offre un look intemporel, parfait pour la mari\u00e9e qui recherche \u00e0 la fois le style et le confort pour son grand jour. La robe Lohrengel Molly Monroe LB501 est disponible chez Koonings The Wedding Palace, o\u00f9 vous pouvez compter sur des conseils d&#039;experts et une assistance personnelle. Prenez rendez-vous et d\u00e9couvrez cette magnifique robe dans le cadre luxueux de Koonings The Wedding Palace.\" \/>\n<meta property=\"og:url\" content=\"https:\/\/www.koonings.com\/fr\/product\/lohrengel-lb501-2\/\" \/>\n<meta property=\"og:site_name\" content=\"Koonings\" \/>\n<meta property=\"article:publisher\" content=\"https:\/\/www.facebook.com\/kooningstheweddingpalace\" \/>\n<meta property=\"og:image\" content=\"https:\/\/www.koonings.com\/wp-content\/uploads\/2024\/11\/41119_ef762fc2b600f3070c97ef5b909a20e7d55ecac00b60f8380415f56c0d8c03ad3e62d28f.jpeg\" \/>\n\t<meta property=\"og:image:width\" content=\"1269\" \/>\n\t<meta property=\"og:image:height\" content=\"1792\" \/>\n\t<meta property=\"og:image:type\" content=\"image\/jpeg\" \/>\n<meta name=\"twitter:card\" content=\"summary_large_image\" \/>\n<meta name=\"twitter:label1\" content=\"Dur\u00e9e de lecture estim\u00e9e\" \/>\n\t<meta name=\"twitter:data1\" content=\"1 minute\" \/>\n<script type=\"application\/ld+json\" class=\"yoast-schema-graph\">{\"@context\":\"https:\\\/\\\/schema.org\",\"@graph\":[{\"@type\":\"WebPage\",\"@id\":\"https:\\\/\\\/www.koonings.com\\\/fr\\\/product\\\/lohrengel-lb501-2\\\/\",\"url\":\"https:\\\/\\\/www.koonings.com\\\/fr\\\/product\\\/lohrengel-lb501-2\\\/\",\"name\":\"Fashion Queen Lohrengel Molly Monroe LB501 | Koonings\",\"isPartOf\":{\"@id\":\"https:\\\/\\\/www.koonings.com\\\/fr\\\/#website\"},\"primaryImageOfPage\":{\"@id\":\"https:\\\/\\\/www.koonings.com\\\/fr\\\/product\\\/lohrengel-lb501-2\\\/#primaryimage\"},\"image\":{\"@id\":\"https:\\\/\\\/www.koonings.com\\\/fr\\\/product\\\/lohrengel-lb501-2\\\/#primaryimage\"},\"thumbnailUrl\":\"https:\\\/\\\/www.koonings.com\\\/wp-content\\\/uploads\\\/2024\\\/11\\\/41119_ef762fc2b600f3070c97ef5b909a20e7d55ecac00b60f8380415f56c0d8c03ad3e62d28f.jpeg\",\"datePublished\":\"2026-04-14T14:26:51+00:00\",\"description\":\"La Lohrengel Molly Monroe LB501 est une robe de mari\u00e9e \u00e0 couper le souffle qui respire la romance et l'\u00e9l\u00e9gance. Son design sophistiqu\u00e9 met en valeur les formes f\u00e9minines et associe des tissus luxueux \u00e0 des d\u00e9tails exquis. Cette robe offre un look intemporel, parfait pour la mari\u00e9e qui recherche \u00e0 la fois le style et le confort pour son grand jour. La robe Lohrengel Molly Monroe LB501 est disponible chez Koonings The Wedding Palace, o\u00f9 vous pouvez compter sur des conseils d'experts et une assistance personnelle. Prenez rendez-vous et d\u00e9couvrez cette magnifique robe dans le cadre luxueux de Koonings The Wedding Palace.\",\"breadcrumb\":{\"@id\":\"https:\\\/\\\/www.koonings.com\\\/fr\\\/product\\\/lohrengel-lb501-2\\\/#breadcrumb\"},\"inLanguage\":\"fr-FR\",\"potentialAction\":[{\"@type\":\"ReadAction\",\"target\":[\"https:\\\/\\\/www.koonings.com\\\/fr\\\/product\\\/lohrengel-lb501-2\\\/\"]}]},{\"@type\":\"ImageObject\",\"inLanguage\":\"fr-FR\",\"@id\":\"https:\\\/\\\/www.koonings.com\\\/fr\\\/product\\\/lohrengel-lb501-2\\\/#primaryimage\",\"url\":\"https:\\\/\\\/www.koonings.com\\\/wp-content\\\/uploads\\\/2024\\\/11\\\/41119_ef762fc2b600f3070c97ef5b909a20e7d55ecac00b60f8380415f56c0d8c03ad3e62d28f.jpeg\",\"contentUrl\":\"https:\\\/\\\/www.koonings.com\\\/wp-content\\\/uploads\\\/2024\\\/11\\\/41119_ef762fc2b600f3070c97ef5b909a20e7d55ecac00b60f8380415f56c0d8c03ad3e62d28f.jpeg\",\"width\":1269,\"height\":1792},{\"@type\":\"BreadcrumbList\",\"@id\":\"https:\\\/\\\/www.koonings.com\\\/fr\\\/product\\\/lohrengel-lb501-2\\\/#breadcrumb\",\"itemListElement\":[{\"@type\":\"ListItem\",\"position\":1,\"name\":\"Home\",\"item\":\"https:\\\/\\\/www.koonings.com\\\/fr\\\/\"},{\"@type\":\"ListItem\",\"position\":2,\"name\":\"Fashion Queen Lohrengel Molly Monroe LB501\"}]},{\"@type\":\"WebSite\",\"@id\":\"https:\\\/\\\/www.koonings.com\\\/fr\\\/#website\",\"url\":\"https:\\\/\\\/www.koonings.com\\\/fr\\\/\",\"name\":\"Koonings\",\"description\":\"De grootste bruidsmodewinkel ter wereld\",\"publisher\":{\"@id\":\"https:\\\/\\\/www.koonings.com\\\/fr\\\/#organization\"},\"potentialAction\":[{\"@type\":\"SearchAction\",\"target\":{\"@type\":\"EntryPoint\",\"urlTemplate\":\"https:\\\/\\\/www.koonings.com\\\/fr\\\/?s={search_term_string}\"},\"query-input\":{\"@type\":\"PropertyValueSpecification\",\"valueRequired\":true,\"valueName\":\"search_term_string\"}}],\"inLanguage\":\"fr-FR\"},{\"@type\":\"Organization\",\"@id\":\"https:\\\/\\\/www.koonings.com\\\/fr\\\/#organization\",\"name\":\"Koonings\",\"url\":\"https:\\\/\\\/www.koonings.com\\\/fr\\\/\",\"logo\":{\"@type\":\"ImageObject\",\"inLanguage\":\"fr-FR\",\"@id\":\"https:\\\/\\\/www.koonings.com\\\/fr\\\/#\\\/schema\\\/logo\\\/image\\\/\",\"url\":\"https:\\\/\\\/www.koonings.com\\\/wp-content\\\/uploads\\\/2024\\\/07\\\/logo.png\",\"contentUrl\":\"https:\\\/\\\/www.koonings.com\\\/wp-content\\\/uploads\\\/2024\\\/07\\\/logo.png\",\"width\":600,\"height\":428,\"caption\":\"Koonings\"},\"image\":{\"@id\":\"https:\\\/\\\/www.koonings.com\\\/fr\\\/#\\\/schema\\\/logo\\\/image\\\/\"},\"sameAs\":[\"https:\\\/\\\/www.facebook.com\\\/kooningstheweddingpalace\",\"https:\\\/\\\/www.instagram.com\\\/kooningstheweddingpalace\",\"https:\\\/\\\/www.pinterest.com\\\/koonings\",\"https:\\\/\\\/www.youtube.com\\\/kooningstheweddingpalace\"]}]}<\/script>\n<!-- \/ Yoast SEO plugin. -->","yoast_head_json":{"title":"Fashion Queen Lohrengel Molly Monroe LB501 | Koonings","description":"La Lohrengel Molly Monroe LB501 est une robe de mari\u00e9e \u00e0 couper le souffle qui respire la romance et l'\u00e9l\u00e9gance. Son design sophistiqu\u00e9 met en valeur les formes f\u00e9minines et associe des tissus luxueux \u00e0 des d\u00e9tails exquis. Cette robe offre un look intemporel, parfait pour la mari\u00e9e qui recherche \u00e0 la fois le style et le confort pour son grand jour. La robe Lohrengel Molly Monroe LB501 est disponible chez Koonings The Wedding Palace, o\u00f9 vous pouvez compter sur des conseils d'experts et une assistance personnelle. Prenez rendez-vous et d\u00e9couvrez cette magnifique robe dans le cadre luxueux de Koonings The Wedding Palace.","robots":{"index":"index","follow":"follow","max-snippet":"max-snippet:-1","max-image-preview":"max-image-preview:large","max-video-preview":"max-video-preview:-1"},"canonical":"https:\/\/www.koonings.com\/fr\/product\/lohrengel-lb501-2\/","og_locale":"fr_FR","og_type":"article","og_title":"Fashion Queen Lohrengel Molly Monroe LB501 | Koonings","og_description":"La Lohrengel Molly Monroe LB501 est une robe de mari\u00e9e \u00e0 couper le souffle qui respire la romance et l'\u00e9l\u00e9gance. Son design sophistiqu\u00e9 met en valeur les formes f\u00e9minines et associe des tissus luxueux \u00e0 des d\u00e9tails exquis. Cette robe offre un look intemporel, parfait pour la mari\u00e9e qui recherche \u00e0 la fois le style et le confort pour son grand jour. La robe Lohrengel Molly Monroe LB501 est disponible chez Koonings The Wedding Palace, o\u00f9 vous pouvez compter sur des conseils d'experts et une assistance personnelle. Prenez rendez-vous et d\u00e9couvrez cette magnifique robe dans le cadre luxueux de Koonings The Wedding Palace.","og_url":"https:\/\/www.koonings.com\/fr\/product\/lohrengel-lb501-2\/","og_site_name":"Koonings","article_publisher":"https:\/\/www.facebook.com\/kooningstheweddingpalace","og_image":[{"width":1269,"height":1792,"url":"https:\/\/www.koonings.com\/wp-content\/uploads\/2024\/11\/41119_ef762fc2b600f3070c97ef5b909a20e7d55ecac00b60f8380415f56c0d8c03ad3e62d28f.jpeg","type":"image\/jpeg"}],"twitter_card":"summary_large_image","twitter_misc":{"Dur\u00e9e de lecture estim\u00e9e":"1 minute"},"schema":{"@context":"https:\/\/schema.org","@graph":[{"@type":"WebPage","@id":"https:\/\/www.koonings.com\/fr\/product\/lohrengel-lb501-2\/","url":"https:\/\/www.koonings.com\/fr\/product\/lohrengel-lb501-2\/","name":"Fashion Queen Lohrengel Molly Monroe LB501 | Koonings","isPartOf":{"@id":"https:\/\/www.koonings.com\/fr\/#website"},"primaryImageOfPage":{"@id":"https:\/\/www.koonings.com\/fr\/product\/lohrengel-lb501-2\/#primaryimage"},"image":{"@id":"https:\/\/www.koonings.com\/fr\/product\/lohrengel-lb501-2\/#primaryimage"},"thumbnailUrl":"https:\/\/www.koonings.com\/wp-content\/uploads\/2024\/11\/41119_ef762fc2b600f3070c97ef5b909a20e7d55ecac00b60f8380415f56c0d8c03ad3e62d28f.jpeg","datePublished":"2026-04-14T14:26:51+00:00","description":"La Lohrengel Molly Monroe LB501 est une robe de mari\u00e9e \u00e0 couper le souffle qui respire la romance et l'\u00e9l\u00e9gance. Son design sophistiqu\u00e9 met en valeur les formes f\u00e9minines et associe des tissus luxueux \u00e0 des d\u00e9tails exquis. Cette robe offre un look intemporel, parfait pour la mari\u00e9e qui recherche \u00e0 la fois le style et le confort pour son grand jour. La robe Lohrengel Molly Monroe LB501 est disponible chez Koonings The Wedding Palace, o\u00f9 vous pouvez compter sur des conseils d'experts et une assistance personnelle. Prenez rendez-vous et d\u00e9couvrez cette magnifique robe dans le cadre luxueux de Koonings The Wedding Palace.","breadcrumb":{"@id":"https:\/\/www.koonings.com\/fr\/product\/lohrengel-lb501-2\/#breadcrumb"},"inLanguage":"fr-FR","potentialAction":[{"@type":"ReadAction","target":["https:\/\/www.koonings.com\/fr\/product\/lohrengel-lb501-2\/"]}]},{"@type":"ImageObject","inLanguage":"fr-FR","@id":"https:\/\/www.koonings.com\/fr\/product\/lohrengel-lb501-2\/#primaryimage","url":"https:\/\/www.koonings.com\/wp-content\/uploads\/2024\/11\/41119_ef762fc2b600f3070c97ef5b909a20e7d55ecac00b60f8380415f56c0d8c03ad3e62d28f.jpeg","contentUrl":"https:\/\/www.koonings.com\/wp-content\/uploads\/2024\/11\/41119_ef762fc2b600f3070c97ef5b909a20e7d55ecac00b60f8380415f56c0d8c03ad3e62d28f.jpeg","width":1269,"height":1792},{"@type":"BreadcrumbList","@id":"https:\/\/www.koonings.com\/fr\/product\/lohrengel-lb501-2\/#breadcrumb","itemListElement":[{"@type":"ListItem","position":1,"name":"Home","item":"https:\/\/www.koonings.com\/fr\/"},{"@type":"ListItem","position":2,"name":"Fashion Queen Lohrengel Molly Monroe LB501"}]},{"@type":"WebSite","@id":"https:\/\/www.koonings.com\/fr\/#website","url":"https:\/\/www.koonings.com\/fr\/","name":"Koonings","description":"De grootste bruidsmodewinkel ter wereld","publisher":{"@id":"https:\/\/www.koonings.com\/fr\/#organization"},"potentialAction":[{"@type":"SearchAction","target":{"@type":"EntryPoint","urlTemplate":"https:\/\/www.koonings.com\/fr\/?s={search_term_string}"},"query-input":{"@type":"PropertyValueSpecification","valueRequired":true,"valueName":"search_term_string"}}],"inLanguage":"fr-FR"},{"@type":"Organization","@id":"https:\/\/www.koonings.com\/fr\/#organization","name":"Koonings","url":"https:\/\/www.koonings.com\/fr\/","logo":{"@type":"ImageObject","inLanguage":"fr-FR","@id":"https:\/\/www.koonings.com\/fr\/#\/schema\/logo\/image\/","url":"https:\/\/www.koonings.com\/wp-content\/uploads\/2024\/07\/logo.png","contentUrl":"https:\/\/www.koonings.com\/wp-content\/uploads\/2024\/07\/logo.png","width":600,"height":428,"caption":"Koonings"},"image":{"@id":"https:\/\/www.koonings.com\/fr\/#\/schema\/logo\/image\/"},"sameAs":["https:\/\/www.facebook.com\/kooningstheweddingpalace","https:\/\/www.instagram.com\/kooningstheweddingpalace","https:\/\/www.pinterest.com\/koonings","https:\/\/www.youtube.com\/kooningstheweddingpalace"]}]}},"_links":{"self":[{"href":"https:\/\/www.koonings.com\/fr\/wp-json\/wp\/v2\/product\/59021","targetHints":{"allow":["GET"]}}],"collection":[{"href":"https:\/\/www.koonings.com\/fr\/wp-json\/wp\/v2\/product"}],"about":[{"href":"https:\/\/www.koonings.com\/fr\/wp-json\/wp\/v2\/types\/product"}],"wp:featuredmedia":[{"embeddable":true,"href":"https:\/\/www.koonings.com\/fr\/wp-json\/wp\/v2\/media\/50411"}],"wp:attachment":[{"href":"https:\/\/www.koonings.com\/fr\/wp-json\/wp\/v2\/media?parent=59021"}],"wp:term":[{"taxonomy":"productdetails","embeddable":true,"href":"https:\/\/www.koonings.com\/fr\/wp-json\/wp\/v2\/productdetails?post=59021"},{"taxonomy":"productneck","embeddable":true,"href":"https:\/\/www.koonings.com\/fr\/wp-json\/wp\/v2\/productneck?post=59021"},{"taxonomy":"productcolor","embeddable":true,"href":"https:\/\/www.koonings.com\/fr\/wp-json\/wp\/v2\/productcolor?post=59021"},{"taxonomy":"maat","embeddable":true,"href":"https:\/\/www.koonings.com\/fr\/wp-json\/wp\/v2\/maat?post=59021"},{"taxonomy":"productsupplier","embeddable":true,"href":"https:\/\/www.koonings.com\/fr\/wp-json\/wp\/v2\/productsupplier?post=59021"},{"taxonomy":"productsleeve","embeddable":true,"href":"https:\/\/www.koonings.com\/fr\/wp-json\/wp\/v2\/productsleeve?post=59021"},{"taxonomy":"productcategory","embeddable":true,"href":"https:\/\/www.koonings.com\/fr\/wp-json\/wp\/v2\/productcategory?post=59021"},{"taxonomy":"productsilhouette","embeddable":true,"href":"https:\/\/www.koonings.com\/fr\/wp-json\/wp\/v2\/productsilhouette?post=59021"},{"taxonomy":"productstyle","embeddable":true,"href":"https:\/\/www.koonings.com\/fr\/wp-json\/wp\/v2\/productstyle?post=59021"}],"curies":[{"name":"wp","href":"https:\/\/api.w.org\/{rel}","templated":true}]}}