{"id":59016,"date":"2026-04-28T18:26:08","date_gmt":"2026-04-28T16:26:08","guid":{"rendered":"https:\/\/www.koonings.com\/product\/lohrengel-lb532\/"},"modified":"2025-06-05T13:21:15","modified_gmt":"2025-06-05T11:21:15","slug":"lohrengel-lb532","status":"publish","type":"product","link":"https:\/\/www.koonings.com\/fr\/product\/lohrengel-lb532\/","title":{"rendered":"Fashion Queen Lohrengel Molly Monroe LB532"},"content":{"rendered":"<p>La Lohrengel Molly Monroe LB532 est une robe de mari\u00e9e \u00e0 couper le souffle qui respire le luxe et la sophistication. Le design combine le charme classique avec des \u00e9l\u00e9ments modernes, ce qui en fait un choix parfait pour la mari\u00e9e qui recherche un look \u00e9l\u00e9gant et intemporel. La robe est fabriqu\u00e9e dans des tissus de haute qualit\u00e9, avec des d\u00e9tails d\u00e9licats et une finition raffin\u00e9e qui met merveilleusement en valeur les courbes f\u00e9minines.  <\/p>\n<p>Cette magnifique robe est disponible exclusivement chez Koonings The Wedding Palace, o\u00f9 vous pouvez compter sur des conseils d&#8217;experts et une vaste collection des plus belles robes de mari\u00e9e. L&#8217;\u00e9quipe exp\u00e9riment\u00e9e de Koonings se fera un plaisir de vous aider \u00e0 trouver la robe qui correspond parfaitement \u00e0 votre style et \u00e0 vos souhaits. Prenez rendez-vous et vivez la magie de la robe de mari\u00e9e dans la belle ambiance de Koonings The Wedding Palace.  <\/p>\n","protected":false},"featured_media":50479,"template":"","meta":{"_acf_changed":false,"ghostkit_customizer_options":"","ghostkit_custom_css":"","ghostkit_custom_js_head":"","ghostkit_custom_js_foot":"","ghostkit_typography":""},"productdetails":[],"productneck":[356],"productcolor":[392],"maat":[375],"productsupplier":[480],"productsleeve":[359],"productcategory":[18],"productsilhouette":[384],"productstyle":[366,370],"class_list":["post-59016","product","type-product","status-publish","has-post-thumbnail","hentry","productneck-356","productcolor-392","maat-375","productsupplier-fashion-queen","productsleeve-359","productcategory-trouwjurken","productsilhouette-384","productstyle-366","productstyle-370"],"acf":[],"yoast_head":"<!-- This site is optimized with the Yoast SEO plugin v27.3 - https:\/\/yoast.com\/product\/yoast-seo-wordpress\/ -->\n<title>Fashion Queen Lohrengel Molly Monroe LB532 | Koonings<\/title>\n<meta name=\"description\" content=\"La Lohrengel Molly Monroe LB532 est une robe de mari\u00e9e \u00e0 couper le souffle qui respire le luxe et la sophistication. Le design combine le charme classique avec des \u00e9l\u00e9ments modernes, ce qui en fait un choix parfait pour la mari\u00e9e qui recherche un look \u00e9l\u00e9gant et intemporel. La robe est fabriqu\u00e9e dans des tissus de haute qualit\u00e9, avec des d\u00e9tails d\u00e9licats et une finition raffin\u00e9e qui met merveilleusement en valeur les courbes f\u00e9minines. Cette magnifique robe est disponible exclusivement chez Koonings The Wedding Palace, o\u00f9 vous pouvez compter sur des conseils d&#039;experts et une vaste collection des plus belles robes de mari\u00e9e. L&#039;\u00e9quipe exp\u00e9riment\u00e9e de Koonings se fera un plaisir de vous aider \u00e0 trouver la robe qui correspond parfaitement \u00e0 votre style et \u00e0 vos souhaits. Prenez rendez-vous et vivez la magie de la robe de mari\u00e9e dans la belle ambiance de Koonings The Wedding Palace.\" \/>\n<meta name=\"robots\" content=\"index, follow, max-snippet:-1, max-image-preview:large, max-video-preview:-1\" \/>\n<link rel=\"canonical\" href=\"https:\/\/www.koonings.com\/fr\/product\/lohrengel-lb532\/\" \/>\n<meta property=\"og:locale\" content=\"fr_FR\" \/>\n<meta property=\"og:type\" content=\"article\" \/>\n<meta property=\"og:title\" content=\"Fashion Queen Lohrengel Molly Monroe LB532 | Koonings\" \/>\n<meta property=\"og:description\" content=\"La Lohrengel Molly Monroe LB532 est une robe de mari\u00e9e \u00e0 couper le souffle qui respire le luxe et la sophistication. Le design combine le charme classique avec des \u00e9l\u00e9ments modernes, ce qui en fait un choix parfait pour la mari\u00e9e qui recherche un look \u00e9l\u00e9gant et intemporel. La robe est fabriqu\u00e9e dans des tissus de haute qualit\u00e9, avec des d\u00e9tails d\u00e9licats et une finition raffin\u00e9e qui met merveilleusement en valeur les courbes f\u00e9minines. Cette magnifique robe est disponible exclusivement chez Koonings The Wedding Palace, o\u00f9 vous pouvez compter sur des conseils d&#039;experts et une vaste collection des plus belles robes de mari\u00e9e. L&#039;\u00e9quipe exp\u00e9riment\u00e9e de Koonings se fera un plaisir de vous aider \u00e0 trouver la robe qui correspond parfaitement \u00e0 votre style et \u00e0 vos souhaits. Prenez rendez-vous et vivez la magie de la robe de mari\u00e9e dans la belle ambiance de Koonings The Wedding Palace.\" \/>\n<meta property=\"og:url\" content=\"https:\/\/www.koonings.com\/fr\/product\/lohrengel-lb532\/\" \/>\n<meta property=\"og:site_name\" content=\"Koonings\" \/>\n<meta property=\"article:publisher\" content=\"https:\/\/www.facebook.com\/kooningstheweddingpalace\" \/>\n<meta property=\"og:image\" content=\"https:\/\/www.koonings.com\/wp-content\/uploads\/2024\/11\/41123_e727cb049d832ffc5f0f584da81a2829b1afdf47cbb89cdc6e1d0322d0f336afabe6c14d.jpeg\" \/>\n\t<meta property=\"og:image:width\" content=\"1227\" \/>\n\t<meta property=\"og:image:height\" content=\"1738\" \/>\n\t<meta property=\"og:image:type\" content=\"image\/jpeg\" \/>\n<meta name=\"twitter:card\" content=\"summary_large_image\" \/>\n<meta name=\"twitter:label1\" content=\"Dur\u00e9e de lecture estim\u00e9e\" \/>\n\t<meta name=\"twitter:data1\" content=\"1 minute\" \/>\n<script type=\"application\/ld+json\" class=\"yoast-schema-graph\">{\"@context\":\"https:\\\/\\\/schema.org\",\"@graph\":[{\"@type\":\"WebPage\",\"@id\":\"https:\\\/\\\/www.koonings.com\\\/fr\\\/product\\\/lohrengel-lb532\\\/\",\"url\":\"https:\\\/\\\/www.koonings.com\\\/fr\\\/product\\\/lohrengel-lb532\\\/\",\"name\":\"Fashion Queen Lohrengel Molly Monroe LB532 | Koonings\",\"isPartOf\":{\"@id\":\"https:\\\/\\\/www.koonings.com\\\/fr\\\/#website\"},\"primaryImageOfPage\":{\"@id\":\"https:\\\/\\\/www.koonings.com\\\/fr\\\/product\\\/lohrengel-lb532\\\/#primaryimage\"},\"image\":{\"@id\":\"https:\\\/\\\/www.koonings.com\\\/fr\\\/product\\\/lohrengel-lb532\\\/#primaryimage\"},\"thumbnailUrl\":\"https:\\\/\\\/www.koonings.com\\\/wp-content\\\/uploads\\\/2024\\\/11\\\/41123_e727cb049d832ffc5f0f584da81a2829b1afdf47cbb89cdc6e1d0322d0f336afabe6c14d.jpeg\",\"datePublished\":\"2026-04-28T16:26:08+00:00\",\"description\":\"La Lohrengel Molly Monroe LB532 est une robe de mari\u00e9e \u00e0 couper le souffle qui respire le luxe et la sophistication. Le design combine le charme classique avec des \u00e9l\u00e9ments modernes, ce qui en fait un choix parfait pour la mari\u00e9e qui recherche un look \u00e9l\u00e9gant et intemporel. La robe est fabriqu\u00e9e dans des tissus de haute qualit\u00e9, avec des d\u00e9tails d\u00e9licats et une finition raffin\u00e9e qui met merveilleusement en valeur les courbes f\u00e9minines. Cette magnifique robe est disponible exclusivement chez Koonings The Wedding Palace, o\u00f9 vous pouvez compter sur des conseils d'experts et une vaste collection des plus belles robes de mari\u00e9e. L'\u00e9quipe exp\u00e9riment\u00e9e de Koonings se fera un plaisir de vous aider \u00e0 trouver la robe qui correspond parfaitement \u00e0 votre style et \u00e0 vos souhaits. Prenez rendez-vous et vivez la magie de la robe de mari\u00e9e dans la belle ambiance de Koonings The Wedding Palace.\",\"breadcrumb\":{\"@id\":\"https:\\\/\\\/www.koonings.com\\\/fr\\\/product\\\/lohrengel-lb532\\\/#breadcrumb\"},\"inLanguage\":\"fr-FR\",\"potentialAction\":[{\"@type\":\"ReadAction\",\"target\":[\"https:\\\/\\\/www.koonings.com\\\/fr\\\/product\\\/lohrengel-lb532\\\/\"]}]},{\"@type\":\"ImageObject\",\"inLanguage\":\"fr-FR\",\"@id\":\"https:\\\/\\\/www.koonings.com\\\/fr\\\/product\\\/lohrengel-lb532\\\/#primaryimage\",\"url\":\"https:\\\/\\\/www.koonings.com\\\/wp-content\\\/uploads\\\/2024\\\/11\\\/41123_e727cb049d832ffc5f0f584da81a2829b1afdf47cbb89cdc6e1d0322d0f336afabe6c14d.jpeg\",\"contentUrl\":\"https:\\\/\\\/www.koonings.com\\\/wp-content\\\/uploads\\\/2024\\\/11\\\/41123_e727cb049d832ffc5f0f584da81a2829b1afdf47cbb89cdc6e1d0322d0f336afabe6c14d.jpeg\",\"width\":1227,\"height\":1738},{\"@type\":\"BreadcrumbList\",\"@id\":\"https:\\\/\\\/www.koonings.com\\\/fr\\\/product\\\/lohrengel-lb532\\\/#breadcrumb\",\"itemListElement\":[{\"@type\":\"ListItem\",\"position\":1,\"name\":\"Home\",\"item\":\"https:\\\/\\\/www.koonings.com\\\/fr\\\/\"},{\"@type\":\"ListItem\",\"position\":2,\"name\":\"Fashion Queen Lohrengel Molly Monroe LB532\"}]},{\"@type\":\"WebSite\",\"@id\":\"https:\\\/\\\/www.koonings.com\\\/fr\\\/#website\",\"url\":\"https:\\\/\\\/www.koonings.com\\\/fr\\\/\",\"name\":\"Koonings\",\"description\":\"De grootste bruidsmodewinkel ter wereld\",\"publisher\":{\"@id\":\"https:\\\/\\\/www.koonings.com\\\/fr\\\/#organization\"},\"potentialAction\":[{\"@type\":\"SearchAction\",\"target\":{\"@type\":\"EntryPoint\",\"urlTemplate\":\"https:\\\/\\\/www.koonings.com\\\/fr\\\/?s={search_term_string}\"},\"query-input\":{\"@type\":\"PropertyValueSpecification\",\"valueRequired\":true,\"valueName\":\"search_term_string\"}}],\"inLanguage\":\"fr-FR\"},{\"@type\":\"Organization\",\"@id\":\"https:\\\/\\\/www.koonings.com\\\/fr\\\/#organization\",\"name\":\"Koonings\",\"url\":\"https:\\\/\\\/www.koonings.com\\\/fr\\\/\",\"logo\":{\"@type\":\"ImageObject\",\"inLanguage\":\"fr-FR\",\"@id\":\"https:\\\/\\\/www.koonings.com\\\/fr\\\/#\\\/schema\\\/logo\\\/image\\\/\",\"url\":\"https:\\\/\\\/www.koonings.com\\\/wp-content\\\/uploads\\\/2024\\\/07\\\/logo.png\",\"contentUrl\":\"https:\\\/\\\/www.koonings.com\\\/wp-content\\\/uploads\\\/2024\\\/07\\\/logo.png\",\"width\":600,\"height\":428,\"caption\":\"Koonings\"},\"image\":{\"@id\":\"https:\\\/\\\/www.koonings.com\\\/fr\\\/#\\\/schema\\\/logo\\\/image\\\/\"},\"sameAs\":[\"https:\\\/\\\/www.facebook.com\\\/kooningstheweddingpalace\",\"https:\\\/\\\/www.instagram.com\\\/kooningstheweddingpalace\",\"https:\\\/\\\/www.pinterest.com\\\/koonings\",\"https:\\\/\\\/www.youtube.com\\\/kooningstheweddingpalace\"]}]}<\/script>\n<!-- \/ Yoast SEO plugin. -->","yoast_head_json":{"title":"Fashion Queen Lohrengel Molly Monroe LB532 | Koonings","description":"La Lohrengel Molly Monroe LB532 est une robe de mari\u00e9e \u00e0 couper le souffle qui respire le luxe et la sophistication. Le design combine le charme classique avec des \u00e9l\u00e9ments modernes, ce qui en fait un choix parfait pour la mari\u00e9e qui recherche un look \u00e9l\u00e9gant et intemporel. La robe est fabriqu\u00e9e dans des tissus de haute qualit\u00e9, avec des d\u00e9tails d\u00e9licats et une finition raffin\u00e9e qui met merveilleusement en valeur les courbes f\u00e9minines. Cette magnifique robe est disponible exclusivement chez Koonings The Wedding Palace, o\u00f9 vous pouvez compter sur des conseils d'experts et une vaste collection des plus belles robes de mari\u00e9e. L'\u00e9quipe exp\u00e9riment\u00e9e de Koonings se fera un plaisir de vous aider \u00e0 trouver la robe qui correspond parfaitement \u00e0 votre style et \u00e0 vos souhaits. Prenez rendez-vous et vivez la magie de la robe de mari\u00e9e dans la belle ambiance de Koonings The Wedding Palace.","robots":{"index":"index","follow":"follow","max-snippet":"max-snippet:-1","max-image-preview":"max-image-preview:large","max-video-preview":"max-video-preview:-1"},"canonical":"https:\/\/www.koonings.com\/fr\/product\/lohrengel-lb532\/","og_locale":"fr_FR","og_type":"article","og_title":"Fashion Queen Lohrengel Molly Monroe LB532 | Koonings","og_description":"La Lohrengel Molly Monroe LB532 est une robe de mari\u00e9e \u00e0 couper le souffle qui respire le luxe et la sophistication. Le design combine le charme classique avec des \u00e9l\u00e9ments modernes, ce qui en fait un choix parfait pour la mari\u00e9e qui recherche un look \u00e9l\u00e9gant et intemporel. La robe est fabriqu\u00e9e dans des tissus de haute qualit\u00e9, avec des d\u00e9tails d\u00e9licats et une finition raffin\u00e9e qui met merveilleusement en valeur les courbes f\u00e9minines. Cette magnifique robe est disponible exclusivement chez Koonings The Wedding Palace, o\u00f9 vous pouvez compter sur des conseils d'experts et une vaste collection des plus belles robes de mari\u00e9e. L'\u00e9quipe exp\u00e9riment\u00e9e de Koonings se fera un plaisir de vous aider \u00e0 trouver la robe qui correspond parfaitement \u00e0 votre style et \u00e0 vos souhaits. Prenez rendez-vous et vivez la magie de la robe de mari\u00e9e dans la belle ambiance de Koonings The Wedding Palace.","og_url":"https:\/\/www.koonings.com\/fr\/product\/lohrengel-lb532\/","og_site_name":"Koonings","article_publisher":"https:\/\/www.facebook.com\/kooningstheweddingpalace","og_image":[{"width":1227,"height":1738,"url":"https:\/\/www.koonings.com\/wp-content\/uploads\/2024\/11\/41123_e727cb049d832ffc5f0f584da81a2829b1afdf47cbb89cdc6e1d0322d0f336afabe6c14d.jpeg","type":"image\/jpeg"}],"twitter_card":"summary_large_image","twitter_misc":{"Dur\u00e9e de lecture estim\u00e9e":"1 minute"},"schema":{"@context":"https:\/\/schema.org","@graph":[{"@type":"WebPage","@id":"https:\/\/www.koonings.com\/fr\/product\/lohrengel-lb532\/","url":"https:\/\/www.koonings.com\/fr\/product\/lohrengel-lb532\/","name":"Fashion Queen Lohrengel Molly Monroe LB532 | Koonings","isPartOf":{"@id":"https:\/\/www.koonings.com\/fr\/#website"},"primaryImageOfPage":{"@id":"https:\/\/www.koonings.com\/fr\/product\/lohrengel-lb532\/#primaryimage"},"image":{"@id":"https:\/\/www.koonings.com\/fr\/product\/lohrengel-lb532\/#primaryimage"},"thumbnailUrl":"https:\/\/www.koonings.com\/wp-content\/uploads\/2024\/11\/41123_e727cb049d832ffc5f0f584da81a2829b1afdf47cbb89cdc6e1d0322d0f336afabe6c14d.jpeg","datePublished":"2026-04-28T16:26:08+00:00","description":"La Lohrengel Molly Monroe LB532 est une robe de mari\u00e9e \u00e0 couper le souffle qui respire le luxe et la sophistication. Le design combine le charme classique avec des \u00e9l\u00e9ments modernes, ce qui en fait un choix parfait pour la mari\u00e9e qui recherche un look \u00e9l\u00e9gant et intemporel. La robe est fabriqu\u00e9e dans des tissus de haute qualit\u00e9, avec des d\u00e9tails d\u00e9licats et une finition raffin\u00e9e qui met merveilleusement en valeur les courbes f\u00e9minines. Cette magnifique robe est disponible exclusivement chez Koonings The Wedding Palace, o\u00f9 vous pouvez compter sur des conseils d'experts et une vaste collection des plus belles robes de mari\u00e9e. L'\u00e9quipe exp\u00e9riment\u00e9e de Koonings se fera un plaisir de vous aider \u00e0 trouver la robe qui correspond parfaitement \u00e0 votre style et \u00e0 vos souhaits. Prenez rendez-vous et vivez la magie de la robe de mari\u00e9e dans la belle ambiance de Koonings The Wedding Palace.","breadcrumb":{"@id":"https:\/\/www.koonings.com\/fr\/product\/lohrengel-lb532\/#breadcrumb"},"inLanguage":"fr-FR","potentialAction":[{"@type":"ReadAction","target":["https:\/\/www.koonings.com\/fr\/product\/lohrengel-lb532\/"]}]},{"@type":"ImageObject","inLanguage":"fr-FR","@id":"https:\/\/www.koonings.com\/fr\/product\/lohrengel-lb532\/#primaryimage","url":"https:\/\/www.koonings.com\/wp-content\/uploads\/2024\/11\/41123_e727cb049d832ffc5f0f584da81a2829b1afdf47cbb89cdc6e1d0322d0f336afabe6c14d.jpeg","contentUrl":"https:\/\/www.koonings.com\/wp-content\/uploads\/2024\/11\/41123_e727cb049d832ffc5f0f584da81a2829b1afdf47cbb89cdc6e1d0322d0f336afabe6c14d.jpeg","width":1227,"height":1738},{"@type":"BreadcrumbList","@id":"https:\/\/www.koonings.com\/fr\/product\/lohrengel-lb532\/#breadcrumb","itemListElement":[{"@type":"ListItem","position":1,"name":"Home","item":"https:\/\/www.koonings.com\/fr\/"},{"@type":"ListItem","position":2,"name":"Fashion Queen Lohrengel Molly Monroe LB532"}]},{"@type":"WebSite","@id":"https:\/\/www.koonings.com\/fr\/#website","url":"https:\/\/www.koonings.com\/fr\/","name":"Koonings","description":"De grootste bruidsmodewinkel ter wereld","publisher":{"@id":"https:\/\/www.koonings.com\/fr\/#organization"},"potentialAction":[{"@type":"SearchAction","target":{"@type":"EntryPoint","urlTemplate":"https:\/\/www.koonings.com\/fr\/?s={search_term_string}"},"query-input":{"@type":"PropertyValueSpecification","valueRequired":true,"valueName":"search_term_string"}}],"inLanguage":"fr-FR"},{"@type":"Organization","@id":"https:\/\/www.koonings.com\/fr\/#organization","name":"Koonings","url":"https:\/\/www.koonings.com\/fr\/","logo":{"@type":"ImageObject","inLanguage":"fr-FR","@id":"https:\/\/www.koonings.com\/fr\/#\/schema\/logo\/image\/","url":"https:\/\/www.koonings.com\/wp-content\/uploads\/2024\/07\/logo.png","contentUrl":"https:\/\/www.koonings.com\/wp-content\/uploads\/2024\/07\/logo.png","width":600,"height":428,"caption":"Koonings"},"image":{"@id":"https:\/\/www.koonings.com\/fr\/#\/schema\/logo\/image\/"},"sameAs":["https:\/\/www.facebook.com\/kooningstheweddingpalace","https:\/\/www.instagram.com\/kooningstheweddingpalace","https:\/\/www.pinterest.com\/koonings","https:\/\/www.youtube.com\/kooningstheweddingpalace"]}]}},"_links":{"self":[{"href":"https:\/\/www.koonings.com\/fr\/wp-json\/wp\/v2\/product\/59016","targetHints":{"allow":["GET"]}}],"collection":[{"href":"https:\/\/www.koonings.com\/fr\/wp-json\/wp\/v2\/product"}],"about":[{"href":"https:\/\/www.koonings.com\/fr\/wp-json\/wp\/v2\/types\/product"}],"wp:featuredmedia":[{"embeddable":true,"href":"https:\/\/www.koonings.com\/fr\/wp-json\/wp\/v2\/media\/50479"}],"wp:attachment":[{"href":"https:\/\/www.koonings.com\/fr\/wp-json\/wp\/v2\/media?parent=59016"}],"wp:term":[{"taxonomy":"productdetails","embeddable":true,"href":"https:\/\/www.koonings.com\/fr\/wp-json\/wp\/v2\/productdetails?post=59016"},{"taxonomy":"productneck","embeddable":true,"href":"https:\/\/www.koonings.com\/fr\/wp-json\/wp\/v2\/productneck?post=59016"},{"taxonomy":"productcolor","embeddable":true,"href":"https:\/\/www.koonings.com\/fr\/wp-json\/wp\/v2\/productcolor?post=59016"},{"taxonomy":"maat","embeddable":true,"href":"https:\/\/www.koonings.com\/fr\/wp-json\/wp\/v2\/maat?post=59016"},{"taxonomy":"productsupplier","embeddable":true,"href":"https:\/\/www.koonings.com\/fr\/wp-json\/wp\/v2\/productsupplier?post=59016"},{"taxonomy":"productsleeve","embeddable":true,"href":"https:\/\/www.koonings.com\/fr\/wp-json\/wp\/v2\/productsleeve?post=59016"},{"taxonomy":"productcategory","embeddable":true,"href":"https:\/\/www.koonings.com\/fr\/wp-json\/wp\/v2\/productcategory?post=59016"},{"taxonomy":"productsilhouette","embeddable":true,"href":"https:\/\/www.koonings.com\/fr\/wp-json\/wp\/v2\/productsilhouette?post=59016"},{"taxonomy":"productstyle","embeddable":true,"href":"https:\/\/www.koonings.com\/fr\/wp-json\/wp\/v2\/productstyle?post=59016"}],"curies":[{"name":"wp","href":"https:\/\/api.w.org\/{rel}","templated":true}]}}