{"id":59009,"date":"2026-05-06T15:26:22","date_gmt":"2026-05-06T13:26:22","guid":{"rendered":"https:\/\/www.koonings.com\/product\/enzoani-blue-collection-starr\/"},"modified":"2025-06-05T13:24:59","modified_gmt":"2025-06-05T11:24:59","slug":"enzoani-blue-collection-starr","status":"publish","type":"product","link":"https:\/\/www.koonings.com\/fr\/product\/enzoani-blue-collection-starr\/","title":{"rendered":"Enzoani Blue collection Starr"},"content":{"rendered":"<p>\u00c9blouissez-vous dans notre superbe robe de mari\u00e9e, faite de dentelle Chantilly scintillante, de tulle doux et d&#8217;organza. Une ceinture perl\u00e9e souligne la taille, tandis qu&#8217;une fente sur le devant de la jupe ajoute une touche suppl\u00e9mentaire de sophistication sexy. L&#8217;encolure flatteuse en forme de c\u0153ur et les bretelles amovibles cr\u00e9ent une silhouette de r\u00eave, tandis que le tissu scintillant vous permet de briller sous tous les angles, ce qui en fait le choix id\u00e9al pour votre marche vers l&#8217;autel.  <\/p>\n","protected":false},"featured_media":50534,"template":"","meta":{"_acf_changed":false,"ghostkit_customizer_options":"","ghostkit_custom_css":"","ghostkit_custom_js_head":"","ghostkit_custom_js_foot":"","ghostkit_typography":""},"productdetails":[376,381],"productneck":[355],"productcolor":[393,392],"maat":[],"productsupplier":[405],"productsleeve":[],"productcategory":[18],"productsilhouette":[384,389],"productstyle":[369],"class_list":["post-59009","product","type-product","status-publish","has-post-thumbnail","hentry","productdetails-376","productdetails-381","productneck-355","productcolor-393","productcolor-392","productsupplier-enzoani-blue-collection","productcategory-trouwjurken","productsilhouette-384","productsilhouette-389","productstyle-369"],"acf":[],"yoast_head":"<!-- This site is optimized with the Yoast SEO plugin v27.3 - https:\/\/yoast.com\/product\/yoast-seo-wordpress\/ -->\n<title>Enzoani Blue collection Starr | Koonings<\/title>\n<meta name=\"description\" content=\"\u00c9blouissez-vous dans notre superbe robe de mari\u00e9e, faite de dentelle Chantilly scintillante, de tulle doux et d&#039;organza. Une ceinture perl\u00e9e souligne la taille, tandis qu&#039;une fente sur le devant de la jupe ajoute une touche suppl\u00e9mentaire de sophistication sexy. L&#039;encolure flatteuse en forme de c\u0153ur et les bretelles amovibles cr\u00e9ent une silhouette de r\u00eave, tandis que le tissu scintillant vous permet de briller sous tous les angles, ce qui en fait le choix id\u00e9al pour votre marche vers l&#039;autel.\" \/>\n<meta name=\"robots\" content=\"index, follow, max-snippet:-1, max-image-preview:large, max-video-preview:-1\" \/>\n<link rel=\"canonical\" href=\"https:\/\/www.koonings.com\/fr\/product\/enzoani-blue-collection-starr\/\" \/>\n<meta property=\"og:locale\" content=\"fr_FR\" \/>\n<meta property=\"og:type\" content=\"article\" \/>\n<meta property=\"og:title\" content=\"Enzoani Blue collection Starr | Koonings\" \/>\n<meta property=\"og:description\" content=\"\u00c9blouissez-vous dans notre superbe robe de mari\u00e9e, faite de dentelle Chantilly scintillante, de tulle doux et d&#039;organza. Une ceinture perl\u00e9e souligne la taille, tandis qu&#039;une fente sur le devant de la jupe ajoute une touche suppl\u00e9mentaire de sophistication sexy. L&#039;encolure flatteuse en forme de c\u0153ur et les bretelles amovibles cr\u00e9ent une silhouette de r\u00eave, tandis que le tissu scintillant vous permet de briller sous tous les angles, ce qui en fait le choix id\u00e9al pour votre marche vers l&#039;autel.\" \/>\n<meta property=\"og:url\" content=\"https:\/\/www.koonings.com\/fr\/product\/enzoani-blue-collection-starr\/\" \/>\n<meta property=\"og:site_name\" content=\"Koonings\" \/>\n<meta property=\"article:publisher\" content=\"https:\/\/www.facebook.com\/kooningstheweddingpalace\" \/>\n<meta property=\"og:image\" content=\"https:\/\/www.koonings.com\/wp-content\/uploads\/2024\/11\/41129_091bcf268fd139f0c585b06cd1f10d510d60b629b5f6d1f1bc2022da28a431fdd8acfe27.jpeg\" \/>\n\t<meta property=\"og:image:width\" content=\"934\" \/>\n\t<meta property=\"og:image:height\" content=\"1319\" \/>\n\t<meta property=\"og:image:type\" content=\"image\/jpeg\" \/>\n<meta name=\"twitter:card\" content=\"summary_large_image\" \/>\n<script type=\"application\/ld+json\" class=\"yoast-schema-graph\">{\"@context\":\"https:\\\/\\\/schema.org\",\"@graph\":[{\"@type\":\"WebPage\",\"@id\":\"https:\\\/\\\/www.koonings.com\\\/fr\\\/product\\\/enzoani-blue-collection-starr\\\/\",\"url\":\"https:\\\/\\\/www.koonings.com\\\/fr\\\/product\\\/enzoani-blue-collection-starr\\\/\",\"name\":\"Enzoani Blue collection Starr | Koonings\",\"isPartOf\":{\"@id\":\"https:\\\/\\\/www.koonings.com\\\/fr\\\/#website\"},\"primaryImageOfPage\":{\"@id\":\"https:\\\/\\\/www.koonings.com\\\/fr\\\/product\\\/enzoani-blue-collection-starr\\\/#primaryimage\"},\"image\":{\"@id\":\"https:\\\/\\\/www.koonings.com\\\/fr\\\/product\\\/enzoani-blue-collection-starr\\\/#primaryimage\"},\"thumbnailUrl\":\"https:\\\/\\\/www.koonings.com\\\/wp-content\\\/uploads\\\/2024\\\/11\\\/41129_091bcf268fd139f0c585b06cd1f10d510d60b629b5f6d1f1bc2022da28a431fdd8acfe27.jpeg\",\"datePublished\":\"2026-05-06T13:26:22+00:00\",\"description\":\"\u00c9blouissez-vous dans notre superbe robe de mari\u00e9e, faite de dentelle Chantilly scintillante, de tulle doux et d'organza. Une ceinture perl\u00e9e souligne la taille, tandis qu'une fente sur le devant de la jupe ajoute une touche suppl\u00e9mentaire de sophistication sexy. L'encolure flatteuse en forme de c\u0153ur et les bretelles amovibles cr\u00e9ent une silhouette de r\u00eave, tandis que le tissu scintillant vous permet de briller sous tous les angles, ce qui en fait le choix id\u00e9al pour votre marche vers l'autel.\",\"breadcrumb\":{\"@id\":\"https:\\\/\\\/www.koonings.com\\\/fr\\\/product\\\/enzoani-blue-collection-starr\\\/#breadcrumb\"},\"inLanguage\":\"fr-FR\",\"potentialAction\":[{\"@type\":\"ReadAction\",\"target\":[\"https:\\\/\\\/www.koonings.com\\\/fr\\\/product\\\/enzoani-blue-collection-starr\\\/\"]}]},{\"@type\":\"ImageObject\",\"inLanguage\":\"fr-FR\",\"@id\":\"https:\\\/\\\/www.koonings.com\\\/fr\\\/product\\\/enzoani-blue-collection-starr\\\/#primaryimage\",\"url\":\"https:\\\/\\\/www.koonings.com\\\/wp-content\\\/uploads\\\/2024\\\/11\\\/41129_091bcf268fd139f0c585b06cd1f10d510d60b629b5f6d1f1bc2022da28a431fdd8acfe27.jpeg\",\"contentUrl\":\"https:\\\/\\\/www.koonings.com\\\/wp-content\\\/uploads\\\/2024\\\/11\\\/41129_091bcf268fd139f0c585b06cd1f10d510d60b629b5f6d1f1bc2022da28a431fdd8acfe27.jpeg\",\"width\":934,\"height\":1319},{\"@type\":\"BreadcrumbList\",\"@id\":\"https:\\\/\\\/www.koonings.com\\\/fr\\\/product\\\/enzoani-blue-collection-starr\\\/#breadcrumb\",\"itemListElement\":[{\"@type\":\"ListItem\",\"position\":1,\"name\":\"Home\",\"item\":\"https:\\\/\\\/www.koonings.com\\\/fr\\\/\"},{\"@type\":\"ListItem\",\"position\":2,\"name\":\"Enzoani Blue collection Starr\"}]},{\"@type\":\"WebSite\",\"@id\":\"https:\\\/\\\/www.koonings.com\\\/fr\\\/#website\",\"url\":\"https:\\\/\\\/www.koonings.com\\\/fr\\\/\",\"name\":\"Koonings\",\"description\":\"De grootste bruidsmodewinkel ter wereld\",\"publisher\":{\"@id\":\"https:\\\/\\\/www.koonings.com\\\/fr\\\/#organization\"},\"potentialAction\":[{\"@type\":\"SearchAction\",\"target\":{\"@type\":\"EntryPoint\",\"urlTemplate\":\"https:\\\/\\\/www.koonings.com\\\/fr\\\/?s={search_term_string}\"},\"query-input\":{\"@type\":\"PropertyValueSpecification\",\"valueRequired\":true,\"valueName\":\"search_term_string\"}}],\"inLanguage\":\"fr-FR\"},{\"@type\":\"Organization\",\"@id\":\"https:\\\/\\\/www.koonings.com\\\/fr\\\/#organization\",\"name\":\"Koonings\",\"url\":\"https:\\\/\\\/www.koonings.com\\\/fr\\\/\",\"logo\":{\"@type\":\"ImageObject\",\"inLanguage\":\"fr-FR\",\"@id\":\"https:\\\/\\\/www.koonings.com\\\/fr\\\/#\\\/schema\\\/logo\\\/image\\\/\",\"url\":\"https:\\\/\\\/www.koonings.com\\\/wp-content\\\/uploads\\\/2024\\\/07\\\/logo.png\",\"contentUrl\":\"https:\\\/\\\/www.koonings.com\\\/wp-content\\\/uploads\\\/2024\\\/07\\\/logo.png\",\"width\":600,\"height\":428,\"caption\":\"Koonings\"},\"image\":{\"@id\":\"https:\\\/\\\/www.koonings.com\\\/fr\\\/#\\\/schema\\\/logo\\\/image\\\/\"},\"sameAs\":[\"https:\\\/\\\/www.facebook.com\\\/kooningstheweddingpalace\",\"https:\\\/\\\/www.instagram.com\\\/kooningstheweddingpalace\",\"https:\\\/\\\/www.pinterest.com\\\/koonings\",\"https:\\\/\\\/www.youtube.com\\\/kooningstheweddingpalace\"]}]}<\/script>\n<!-- \/ Yoast SEO plugin. -->","yoast_head_json":{"title":"Enzoani Blue collection Starr | Koonings","description":"\u00c9blouissez-vous dans notre superbe robe de mari\u00e9e, faite de dentelle Chantilly scintillante, de tulle doux et d'organza. Une ceinture perl\u00e9e souligne la taille, tandis qu'une fente sur le devant de la jupe ajoute une touche suppl\u00e9mentaire de sophistication sexy. L'encolure flatteuse en forme de c\u0153ur et les bretelles amovibles cr\u00e9ent une silhouette de r\u00eave, tandis que le tissu scintillant vous permet de briller sous tous les angles, ce qui en fait le choix id\u00e9al pour votre marche vers l'autel.","robots":{"index":"index","follow":"follow","max-snippet":"max-snippet:-1","max-image-preview":"max-image-preview:large","max-video-preview":"max-video-preview:-1"},"canonical":"https:\/\/www.koonings.com\/fr\/product\/enzoani-blue-collection-starr\/","og_locale":"fr_FR","og_type":"article","og_title":"Enzoani Blue collection Starr | Koonings","og_description":"\u00c9blouissez-vous dans notre superbe robe de mari\u00e9e, faite de dentelle Chantilly scintillante, de tulle doux et d'organza. Une ceinture perl\u00e9e souligne la taille, tandis qu'une fente sur le devant de la jupe ajoute une touche suppl\u00e9mentaire de sophistication sexy. L'encolure flatteuse en forme de c\u0153ur et les bretelles amovibles cr\u00e9ent une silhouette de r\u00eave, tandis que le tissu scintillant vous permet de briller sous tous les angles, ce qui en fait le choix id\u00e9al pour votre marche vers l'autel.","og_url":"https:\/\/www.koonings.com\/fr\/product\/enzoani-blue-collection-starr\/","og_site_name":"Koonings","article_publisher":"https:\/\/www.facebook.com\/kooningstheweddingpalace","og_image":[{"width":934,"height":1319,"url":"https:\/\/www.koonings.com\/wp-content\/uploads\/2024\/11\/41129_091bcf268fd139f0c585b06cd1f10d510d60b629b5f6d1f1bc2022da28a431fdd8acfe27.jpeg","type":"image\/jpeg"}],"twitter_card":"summary_large_image","schema":{"@context":"https:\/\/schema.org","@graph":[{"@type":"WebPage","@id":"https:\/\/www.koonings.com\/fr\/product\/enzoani-blue-collection-starr\/","url":"https:\/\/www.koonings.com\/fr\/product\/enzoani-blue-collection-starr\/","name":"Enzoani Blue collection Starr | Koonings","isPartOf":{"@id":"https:\/\/www.koonings.com\/fr\/#website"},"primaryImageOfPage":{"@id":"https:\/\/www.koonings.com\/fr\/product\/enzoani-blue-collection-starr\/#primaryimage"},"image":{"@id":"https:\/\/www.koonings.com\/fr\/product\/enzoani-blue-collection-starr\/#primaryimage"},"thumbnailUrl":"https:\/\/www.koonings.com\/wp-content\/uploads\/2024\/11\/41129_091bcf268fd139f0c585b06cd1f10d510d60b629b5f6d1f1bc2022da28a431fdd8acfe27.jpeg","datePublished":"2026-05-06T13:26:22+00:00","description":"\u00c9blouissez-vous dans notre superbe robe de mari\u00e9e, faite de dentelle Chantilly scintillante, de tulle doux et d'organza. Une ceinture perl\u00e9e souligne la taille, tandis qu'une fente sur le devant de la jupe ajoute une touche suppl\u00e9mentaire de sophistication sexy. L'encolure flatteuse en forme de c\u0153ur et les bretelles amovibles cr\u00e9ent une silhouette de r\u00eave, tandis que le tissu scintillant vous permet de briller sous tous les angles, ce qui en fait le choix id\u00e9al pour votre marche vers l'autel.","breadcrumb":{"@id":"https:\/\/www.koonings.com\/fr\/product\/enzoani-blue-collection-starr\/#breadcrumb"},"inLanguage":"fr-FR","potentialAction":[{"@type":"ReadAction","target":["https:\/\/www.koonings.com\/fr\/product\/enzoani-blue-collection-starr\/"]}]},{"@type":"ImageObject","inLanguage":"fr-FR","@id":"https:\/\/www.koonings.com\/fr\/product\/enzoani-blue-collection-starr\/#primaryimage","url":"https:\/\/www.koonings.com\/wp-content\/uploads\/2024\/11\/41129_091bcf268fd139f0c585b06cd1f10d510d60b629b5f6d1f1bc2022da28a431fdd8acfe27.jpeg","contentUrl":"https:\/\/www.koonings.com\/wp-content\/uploads\/2024\/11\/41129_091bcf268fd139f0c585b06cd1f10d510d60b629b5f6d1f1bc2022da28a431fdd8acfe27.jpeg","width":934,"height":1319},{"@type":"BreadcrumbList","@id":"https:\/\/www.koonings.com\/fr\/product\/enzoani-blue-collection-starr\/#breadcrumb","itemListElement":[{"@type":"ListItem","position":1,"name":"Home","item":"https:\/\/www.koonings.com\/fr\/"},{"@type":"ListItem","position":2,"name":"Enzoani Blue collection Starr"}]},{"@type":"WebSite","@id":"https:\/\/www.koonings.com\/fr\/#website","url":"https:\/\/www.koonings.com\/fr\/","name":"Koonings","description":"De grootste bruidsmodewinkel ter wereld","publisher":{"@id":"https:\/\/www.koonings.com\/fr\/#organization"},"potentialAction":[{"@type":"SearchAction","target":{"@type":"EntryPoint","urlTemplate":"https:\/\/www.koonings.com\/fr\/?s={search_term_string}"},"query-input":{"@type":"PropertyValueSpecification","valueRequired":true,"valueName":"search_term_string"}}],"inLanguage":"fr-FR"},{"@type":"Organization","@id":"https:\/\/www.koonings.com\/fr\/#organization","name":"Koonings","url":"https:\/\/www.koonings.com\/fr\/","logo":{"@type":"ImageObject","inLanguage":"fr-FR","@id":"https:\/\/www.koonings.com\/fr\/#\/schema\/logo\/image\/","url":"https:\/\/www.koonings.com\/wp-content\/uploads\/2024\/07\/logo.png","contentUrl":"https:\/\/www.koonings.com\/wp-content\/uploads\/2024\/07\/logo.png","width":600,"height":428,"caption":"Koonings"},"image":{"@id":"https:\/\/www.koonings.com\/fr\/#\/schema\/logo\/image\/"},"sameAs":["https:\/\/www.facebook.com\/kooningstheweddingpalace","https:\/\/www.instagram.com\/kooningstheweddingpalace","https:\/\/www.pinterest.com\/koonings","https:\/\/www.youtube.com\/kooningstheweddingpalace"]}]}},"_links":{"self":[{"href":"https:\/\/www.koonings.com\/fr\/wp-json\/wp\/v2\/product\/59009","targetHints":{"allow":["GET"]}}],"collection":[{"href":"https:\/\/www.koonings.com\/fr\/wp-json\/wp\/v2\/product"}],"about":[{"href":"https:\/\/www.koonings.com\/fr\/wp-json\/wp\/v2\/types\/product"}],"wp:featuredmedia":[{"embeddable":true,"href":"https:\/\/www.koonings.com\/fr\/wp-json\/wp\/v2\/media\/50534"}],"wp:attachment":[{"href":"https:\/\/www.koonings.com\/fr\/wp-json\/wp\/v2\/media?parent=59009"}],"wp:term":[{"taxonomy":"productdetails","embeddable":true,"href":"https:\/\/www.koonings.com\/fr\/wp-json\/wp\/v2\/productdetails?post=59009"},{"taxonomy":"productneck","embeddable":true,"href":"https:\/\/www.koonings.com\/fr\/wp-json\/wp\/v2\/productneck?post=59009"},{"taxonomy":"productcolor","embeddable":true,"href":"https:\/\/www.koonings.com\/fr\/wp-json\/wp\/v2\/productcolor?post=59009"},{"taxonomy":"maat","embeddable":true,"href":"https:\/\/www.koonings.com\/fr\/wp-json\/wp\/v2\/maat?post=59009"},{"taxonomy":"productsupplier","embeddable":true,"href":"https:\/\/www.koonings.com\/fr\/wp-json\/wp\/v2\/productsupplier?post=59009"},{"taxonomy":"productsleeve","embeddable":true,"href":"https:\/\/www.koonings.com\/fr\/wp-json\/wp\/v2\/productsleeve?post=59009"},{"taxonomy":"productcategory","embeddable":true,"href":"https:\/\/www.koonings.com\/fr\/wp-json\/wp\/v2\/productcategory?post=59009"},{"taxonomy":"productsilhouette","embeddable":true,"href":"https:\/\/www.koonings.com\/fr\/wp-json\/wp\/v2\/productsilhouette?post=59009"},{"taxonomy":"productstyle","embeddable":true,"href":"https:\/\/www.koonings.com\/fr\/wp-json\/wp\/v2\/productstyle?post=59009"}],"curies":[{"name":"wp","href":"https:\/\/api.w.org\/{rel}","templated":true}]}}