{"id":58996,"date":"2025-12-15T00:36:10","date_gmt":"2025-12-14T23:36:10","guid":{"rendered":"https:\/\/www.koonings.com\/product\/st-patrick-andrada-st125ac5\/"},"modified":"2026-02-03T18:42:53","modified_gmt":"2026-02-03T17:42:53","slug":"st-patrick-andrada-st125ac5","status":"publish","type":"product","link":"https:\/\/www.koonings.com\/fr\/product\/st-patrick-andrada-st125ac5\/","title":{"rendered":"Patrick Andrada ST125AC5"},"content":{"rendered":"<p>La robe ANDRADA s\u00e9duira les mari\u00e9es les plus romantiques. Ce mod\u00e8le pr\u00e9sente des d\u00e9tails en dentelle et en strass sur la poitrine, des parties transparentes suggestives sur les \u00e9paules et dans le dos, ainsi qu&#8217;une large jupe princesse avec des finitions paillet\u00e9es qui s&#8217;harmoniseront parfaitement avec l&#8217;\u00e9clat naturel de la mari\u00e9e. <\/p>\n","protected":false},"featured_media":46709,"template":"","meta":{"_acf_changed":false,"ghostkit_customizer_options":"","ghostkit_custom_css":"","ghostkit_custom_js_head":"","ghostkit_custom_js_foot":"","ghostkit_typography":""},"productdetails":[],"productneck":[],"productcolor":[],"maat":[],"productsupplier":[415],"productsleeve":[],"productcategory":[18],"productsilhouette":[],"productstyle":[366],"class_list":["post-58996","product","type-product","status-publish","has-post-thumbnail","hentry","productsupplier-st-patrick","productcategory-trouwjurken","productstyle-366"],"acf":[],"yoast_head":"<!-- This site is optimized with the Yoast SEO plugin v27.3 - https:\/\/yoast.com\/product\/yoast-seo-wordpress\/ -->\n<title>Patrick Andrada ST125AC5 | Koonings<\/title>\n<meta name=\"description\" content=\"La robe ANDRADA s\u00e9duira les mari\u00e9es les plus romantiques. Ce mod\u00e8le pr\u00e9sente des d\u00e9tails en dentelle et en strass sur la poitrine, des parties transparentes suggestives sur les \u00e9paules et dans le dos, ainsi qu&#039;une large jupe princesse avec des finitions paillet\u00e9es qui s&#039;harmoniseront parfaitement avec l&#039;\u00e9clat naturel de la mari\u00e9e.\" \/>\n<meta name=\"robots\" content=\"index, follow, max-snippet:-1, max-image-preview:large, max-video-preview:-1\" \/>\n<link rel=\"canonical\" href=\"https:\/\/www.koonings.com\/fr\/product\/st-patrick-andrada-st125ac5\/\" \/>\n<meta property=\"og:locale\" content=\"fr_FR\" \/>\n<meta property=\"og:type\" content=\"article\" \/>\n<meta property=\"og:title\" content=\"Patrick Andrada ST125AC5 | Koonings\" \/>\n<meta property=\"og:description\" content=\"La robe ANDRADA s\u00e9duira les mari\u00e9es les plus romantiques. Ce mod\u00e8le pr\u00e9sente des d\u00e9tails en dentelle et en strass sur la poitrine, des parties transparentes suggestives sur les \u00e9paules et dans le dos, ainsi qu&#039;une large jupe princesse avec des finitions paillet\u00e9es qui s&#039;harmoniseront parfaitement avec l&#039;\u00e9clat naturel de la mari\u00e9e.\" \/>\n<meta property=\"og:url\" content=\"https:\/\/www.koonings.com\/fr\/product\/st-patrick-andrada-st125ac5\/\" \/>\n<meta property=\"og:site_name\" content=\"Koonings\" \/>\n<meta property=\"article:publisher\" content=\"https:\/\/www.facebook.com\/kooningstheweddingpalace\" \/>\n<meta property=\"article:modified_time\" content=\"2026-02-03T17:42:53+00:00\" \/>\n<meta property=\"og:image\" content=\"https:\/\/www.koonings.com\/wp-content\/uploads\/2024\/11\/40761_c2ec44a1b6af64305c084a4d3e76227f174c5b9f82bc81a4f93cd73623e7efa6921337bb-scaled.jpeg\" \/>\n\t<meta property=\"og:image:width\" content=\"1808\" \/>\n\t<meta property=\"og:image:height\" content=\"2560\" \/>\n\t<meta property=\"og:image:type\" content=\"image\/jpeg\" \/>\n<meta name=\"twitter:card\" content=\"summary_large_image\" \/>\n<script type=\"application\/ld+json\" class=\"yoast-schema-graph\">{\"@context\":\"https:\\\/\\\/schema.org\",\"@graph\":[{\"@type\":\"WebPage\",\"@id\":\"https:\\\/\\\/www.koonings.com\\\/fr\\\/product\\\/st-patrick-andrada-st125ac5\\\/\",\"url\":\"https:\\\/\\\/www.koonings.com\\\/fr\\\/product\\\/st-patrick-andrada-st125ac5\\\/\",\"name\":\"Patrick Andrada ST125AC5 | Koonings\",\"isPartOf\":{\"@id\":\"https:\\\/\\\/www.koonings.com\\\/fr\\\/#website\"},\"primaryImageOfPage\":{\"@id\":\"https:\\\/\\\/www.koonings.com\\\/fr\\\/product\\\/st-patrick-andrada-st125ac5\\\/#primaryimage\"},\"image\":{\"@id\":\"https:\\\/\\\/www.koonings.com\\\/fr\\\/product\\\/st-patrick-andrada-st125ac5\\\/#primaryimage\"},\"thumbnailUrl\":\"https:\\\/\\\/www.koonings.com\\\/wp-content\\\/uploads\\\/2024\\\/11\\\/40761_c2ec44a1b6af64305c084a4d3e76227f174c5b9f82bc81a4f93cd73623e7efa6921337bb-scaled.jpeg\",\"datePublished\":\"2025-12-14T23:36:10+00:00\",\"dateModified\":\"2026-02-03T17:42:53+00:00\",\"description\":\"La robe ANDRADA s\u00e9duira les mari\u00e9es les plus romantiques. Ce mod\u00e8le pr\u00e9sente des d\u00e9tails en dentelle et en strass sur la poitrine, des parties transparentes suggestives sur les \u00e9paules et dans le dos, ainsi qu'une large jupe princesse avec des finitions paillet\u00e9es qui s'harmoniseront parfaitement avec l'\u00e9clat naturel de la mari\u00e9e.\",\"breadcrumb\":{\"@id\":\"https:\\\/\\\/www.koonings.com\\\/fr\\\/product\\\/st-patrick-andrada-st125ac5\\\/#breadcrumb\"},\"inLanguage\":\"fr-FR\",\"potentialAction\":[{\"@type\":\"ReadAction\",\"target\":[\"https:\\\/\\\/www.koonings.com\\\/fr\\\/product\\\/st-patrick-andrada-st125ac5\\\/\"]}]},{\"@type\":\"ImageObject\",\"inLanguage\":\"fr-FR\",\"@id\":\"https:\\\/\\\/www.koonings.com\\\/fr\\\/product\\\/st-patrick-andrada-st125ac5\\\/#primaryimage\",\"url\":\"https:\\\/\\\/www.koonings.com\\\/wp-content\\\/uploads\\\/2024\\\/11\\\/40761_c2ec44a1b6af64305c084a4d3e76227f174c5b9f82bc81a4f93cd73623e7efa6921337bb-scaled.jpeg\",\"contentUrl\":\"https:\\\/\\\/www.koonings.com\\\/wp-content\\\/uploads\\\/2024\\\/11\\\/40761_c2ec44a1b6af64305c084a4d3e76227f174c5b9f82bc81a4f93cd73623e7efa6921337bb-scaled.jpeg\",\"width\":1808,\"height\":2560},{\"@type\":\"BreadcrumbList\",\"@id\":\"https:\\\/\\\/www.koonings.com\\\/fr\\\/product\\\/st-patrick-andrada-st125ac5\\\/#breadcrumb\",\"itemListElement\":[{\"@type\":\"ListItem\",\"position\":1,\"name\":\"Home\",\"item\":\"https:\\\/\\\/www.koonings.com\\\/fr\\\/\"},{\"@type\":\"ListItem\",\"position\":2,\"name\":\"Patrick Andrada ST125AC5\"}]},{\"@type\":\"WebSite\",\"@id\":\"https:\\\/\\\/www.koonings.com\\\/fr\\\/#website\",\"url\":\"https:\\\/\\\/www.koonings.com\\\/fr\\\/\",\"name\":\"Koonings\",\"description\":\"De grootste bruidsmodewinkel ter wereld\",\"publisher\":{\"@id\":\"https:\\\/\\\/www.koonings.com\\\/fr\\\/#organization\"},\"potentialAction\":[{\"@type\":\"SearchAction\",\"target\":{\"@type\":\"EntryPoint\",\"urlTemplate\":\"https:\\\/\\\/www.koonings.com\\\/fr\\\/?s={search_term_string}\"},\"query-input\":{\"@type\":\"PropertyValueSpecification\",\"valueRequired\":true,\"valueName\":\"search_term_string\"}}],\"inLanguage\":\"fr-FR\"},{\"@type\":\"Organization\",\"@id\":\"https:\\\/\\\/www.koonings.com\\\/fr\\\/#organization\",\"name\":\"Koonings\",\"url\":\"https:\\\/\\\/www.koonings.com\\\/fr\\\/\",\"logo\":{\"@type\":\"ImageObject\",\"inLanguage\":\"fr-FR\",\"@id\":\"https:\\\/\\\/www.koonings.com\\\/fr\\\/#\\\/schema\\\/logo\\\/image\\\/\",\"url\":\"https:\\\/\\\/www.koonings.com\\\/wp-content\\\/uploads\\\/2024\\\/07\\\/logo.png\",\"contentUrl\":\"https:\\\/\\\/www.koonings.com\\\/wp-content\\\/uploads\\\/2024\\\/07\\\/logo.png\",\"width\":600,\"height\":428,\"caption\":\"Koonings\"},\"image\":{\"@id\":\"https:\\\/\\\/www.koonings.com\\\/fr\\\/#\\\/schema\\\/logo\\\/image\\\/\"},\"sameAs\":[\"https:\\\/\\\/www.facebook.com\\\/kooningstheweddingpalace\",\"https:\\\/\\\/www.instagram.com\\\/kooningstheweddingpalace\",\"https:\\\/\\\/www.pinterest.com\\\/koonings\",\"https:\\\/\\\/www.youtube.com\\\/kooningstheweddingpalace\"]}]}<\/script>\n<!-- \/ Yoast SEO plugin. -->","yoast_head_json":{"title":"Patrick Andrada ST125AC5 | Koonings","description":"La robe ANDRADA s\u00e9duira les mari\u00e9es les plus romantiques. Ce mod\u00e8le pr\u00e9sente des d\u00e9tails en dentelle et en strass sur la poitrine, des parties transparentes suggestives sur les \u00e9paules et dans le dos, ainsi qu'une large jupe princesse avec des finitions paillet\u00e9es qui s'harmoniseront parfaitement avec l'\u00e9clat naturel de la mari\u00e9e.","robots":{"index":"index","follow":"follow","max-snippet":"max-snippet:-1","max-image-preview":"max-image-preview:large","max-video-preview":"max-video-preview:-1"},"canonical":"https:\/\/www.koonings.com\/fr\/product\/st-patrick-andrada-st125ac5\/","og_locale":"fr_FR","og_type":"article","og_title":"Patrick Andrada ST125AC5 | Koonings","og_description":"La robe ANDRADA s\u00e9duira les mari\u00e9es les plus romantiques. Ce mod\u00e8le pr\u00e9sente des d\u00e9tails en dentelle et en strass sur la poitrine, des parties transparentes suggestives sur les \u00e9paules et dans le dos, ainsi qu'une large jupe princesse avec des finitions paillet\u00e9es qui s'harmoniseront parfaitement avec l'\u00e9clat naturel de la mari\u00e9e.","og_url":"https:\/\/www.koonings.com\/fr\/product\/st-patrick-andrada-st125ac5\/","og_site_name":"Koonings","article_publisher":"https:\/\/www.facebook.com\/kooningstheweddingpalace","article_modified_time":"2026-02-03T17:42:53+00:00","og_image":[{"width":1808,"height":2560,"url":"https:\/\/www.koonings.com\/wp-content\/uploads\/2024\/11\/40761_c2ec44a1b6af64305c084a4d3e76227f174c5b9f82bc81a4f93cd73623e7efa6921337bb-scaled.jpeg","type":"image\/jpeg"}],"twitter_card":"summary_large_image","schema":{"@context":"https:\/\/schema.org","@graph":[{"@type":"WebPage","@id":"https:\/\/www.koonings.com\/fr\/product\/st-patrick-andrada-st125ac5\/","url":"https:\/\/www.koonings.com\/fr\/product\/st-patrick-andrada-st125ac5\/","name":"Patrick Andrada ST125AC5 | Koonings","isPartOf":{"@id":"https:\/\/www.koonings.com\/fr\/#website"},"primaryImageOfPage":{"@id":"https:\/\/www.koonings.com\/fr\/product\/st-patrick-andrada-st125ac5\/#primaryimage"},"image":{"@id":"https:\/\/www.koonings.com\/fr\/product\/st-patrick-andrada-st125ac5\/#primaryimage"},"thumbnailUrl":"https:\/\/www.koonings.com\/wp-content\/uploads\/2024\/11\/40761_c2ec44a1b6af64305c084a4d3e76227f174c5b9f82bc81a4f93cd73623e7efa6921337bb-scaled.jpeg","datePublished":"2025-12-14T23:36:10+00:00","dateModified":"2026-02-03T17:42:53+00:00","description":"La robe ANDRADA s\u00e9duira les mari\u00e9es les plus romantiques. Ce mod\u00e8le pr\u00e9sente des d\u00e9tails en dentelle et en strass sur la poitrine, des parties transparentes suggestives sur les \u00e9paules et dans le dos, ainsi qu'une large jupe princesse avec des finitions paillet\u00e9es qui s'harmoniseront parfaitement avec l'\u00e9clat naturel de la mari\u00e9e.","breadcrumb":{"@id":"https:\/\/www.koonings.com\/fr\/product\/st-patrick-andrada-st125ac5\/#breadcrumb"},"inLanguage":"fr-FR","potentialAction":[{"@type":"ReadAction","target":["https:\/\/www.koonings.com\/fr\/product\/st-patrick-andrada-st125ac5\/"]}]},{"@type":"ImageObject","inLanguage":"fr-FR","@id":"https:\/\/www.koonings.com\/fr\/product\/st-patrick-andrada-st125ac5\/#primaryimage","url":"https:\/\/www.koonings.com\/wp-content\/uploads\/2024\/11\/40761_c2ec44a1b6af64305c084a4d3e76227f174c5b9f82bc81a4f93cd73623e7efa6921337bb-scaled.jpeg","contentUrl":"https:\/\/www.koonings.com\/wp-content\/uploads\/2024\/11\/40761_c2ec44a1b6af64305c084a4d3e76227f174c5b9f82bc81a4f93cd73623e7efa6921337bb-scaled.jpeg","width":1808,"height":2560},{"@type":"BreadcrumbList","@id":"https:\/\/www.koonings.com\/fr\/product\/st-patrick-andrada-st125ac5\/#breadcrumb","itemListElement":[{"@type":"ListItem","position":1,"name":"Home","item":"https:\/\/www.koonings.com\/fr\/"},{"@type":"ListItem","position":2,"name":"Patrick Andrada ST125AC5"}]},{"@type":"WebSite","@id":"https:\/\/www.koonings.com\/fr\/#website","url":"https:\/\/www.koonings.com\/fr\/","name":"Koonings","description":"De grootste bruidsmodewinkel ter wereld","publisher":{"@id":"https:\/\/www.koonings.com\/fr\/#organization"},"potentialAction":[{"@type":"SearchAction","target":{"@type":"EntryPoint","urlTemplate":"https:\/\/www.koonings.com\/fr\/?s={search_term_string}"},"query-input":{"@type":"PropertyValueSpecification","valueRequired":true,"valueName":"search_term_string"}}],"inLanguage":"fr-FR"},{"@type":"Organization","@id":"https:\/\/www.koonings.com\/fr\/#organization","name":"Koonings","url":"https:\/\/www.koonings.com\/fr\/","logo":{"@type":"ImageObject","inLanguage":"fr-FR","@id":"https:\/\/www.koonings.com\/fr\/#\/schema\/logo\/image\/","url":"https:\/\/www.koonings.com\/wp-content\/uploads\/2024\/07\/logo.png","contentUrl":"https:\/\/www.koonings.com\/wp-content\/uploads\/2024\/07\/logo.png","width":600,"height":428,"caption":"Koonings"},"image":{"@id":"https:\/\/www.koonings.com\/fr\/#\/schema\/logo\/image\/"},"sameAs":["https:\/\/www.facebook.com\/kooningstheweddingpalace","https:\/\/www.instagram.com\/kooningstheweddingpalace","https:\/\/www.pinterest.com\/koonings","https:\/\/www.youtube.com\/kooningstheweddingpalace"]}]}},"_links":{"self":[{"href":"https:\/\/www.koonings.com\/fr\/wp-json\/wp\/v2\/product\/58996","targetHints":{"allow":["GET"]}}],"collection":[{"href":"https:\/\/www.koonings.com\/fr\/wp-json\/wp\/v2\/product"}],"about":[{"href":"https:\/\/www.koonings.com\/fr\/wp-json\/wp\/v2\/types\/product"}],"wp:featuredmedia":[{"embeddable":true,"href":"https:\/\/www.koonings.com\/fr\/wp-json\/wp\/v2\/media\/46709"}],"wp:attachment":[{"href":"https:\/\/www.koonings.com\/fr\/wp-json\/wp\/v2\/media?parent=58996"}],"wp:term":[{"taxonomy":"productdetails","embeddable":true,"href":"https:\/\/www.koonings.com\/fr\/wp-json\/wp\/v2\/productdetails?post=58996"},{"taxonomy":"productneck","embeddable":true,"href":"https:\/\/www.koonings.com\/fr\/wp-json\/wp\/v2\/productneck?post=58996"},{"taxonomy":"productcolor","embeddable":true,"href":"https:\/\/www.koonings.com\/fr\/wp-json\/wp\/v2\/productcolor?post=58996"},{"taxonomy":"maat","embeddable":true,"href":"https:\/\/www.koonings.com\/fr\/wp-json\/wp\/v2\/maat?post=58996"},{"taxonomy":"productsupplier","embeddable":true,"href":"https:\/\/www.koonings.com\/fr\/wp-json\/wp\/v2\/productsupplier?post=58996"},{"taxonomy":"productsleeve","embeddable":true,"href":"https:\/\/www.koonings.com\/fr\/wp-json\/wp\/v2\/productsleeve?post=58996"},{"taxonomy":"productcategory","embeddable":true,"href":"https:\/\/www.koonings.com\/fr\/wp-json\/wp\/v2\/productcategory?post=58996"},{"taxonomy":"productsilhouette","embeddable":true,"href":"https:\/\/www.koonings.com\/fr\/wp-json\/wp\/v2\/productsilhouette?post=58996"},{"taxonomy":"productstyle","embeddable":true,"href":"https:\/\/www.koonings.com\/fr\/wp-json\/wp\/v2\/productstyle?post=58996"}],"curies":[{"name":"wp","href":"https:\/\/api.w.org\/{rel}","templated":true}]}}