{"id":58976,"date":"2025-12-15T00:36:11","date_gmt":"2025-12-14T23:36:11","guid":{"rendered":"https:\/\/www.koonings.com\/product\/pronovias-fashion-group-alby-pr125cp1\/"},"modified":"2026-02-03T18:43:08","modified_gmt":"2026-02-03T17:43:08","slug":"pronovias-fashion-group-alby-pr125cp1","status":"publish","type":"product","link":"https:\/\/www.koonings.com\/fr\/product\/pronovias-fashion-group-alby-pr125cp1\/","title":{"rendered":"Pronovias Fashion Group Alby PR125CP1"},"content":{"rendered":"<p>Faites une entr\u00e9e remarqu\u00e9e lors de votre grand jour gr\u00e2ce \u00e0 la superbe cr\u00e9ation d&#8217;ALBY. Enti\u00e8rement r\u00e9alis\u00e9e en jacquard, cette robe pr\u00e9sente une finition structur\u00e9e compos\u00e9e d&#8217;un corsage \u00e0 bretelles avec cordon de serrage au dos et d&#8217;un d\u00e9tail en V \u00e0 la taille, d&#8217;o\u00f9 \u00e9merge une jupe bouffante large inoubliable. <\/p>\n","protected":false},"featured_media":46810,"template":"","meta":{"_acf_changed":false,"ghostkit_customizer_options":"","ghostkit_custom_css":"","ghostkit_custom_js_head":"","ghostkit_custom_js_foot":"","ghostkit_typography":""},"productdetails":[],"productneck":[354],"productcolor":[392],"maat":[],"productsupplier":[430],"productsleeve":[],"productcategory":[18],"productsilhouette":[388],"productstyle":[365],"class_list":["post-58976","product","type-product","status-publish","has-post-thumbnail","hentry","productneck-354","productcolor-392","productsupplier-pronovias-fashion-group","productcategory-trouwjurken","productsilhouette-388","productstyle-365"],"acf":[],"yoast_head":"<!-- This site is optimized with the Yoast SEO plugin v27.3 - https:\/\/yoast.com\/product\/yoast-seo-wordpress\/ -->\n<title>Pronovias Fashion Group Alby PR125CP1 | Koonings<\/title>\n<meta name=\"description\" content=\"Faites une entr\u00e9e remarqu\u00e9e lors de votre grand jour gr\u00e2ce \u00e0 la superbe cr\u00e9ation d&#039;ALBY. Enti\u00e8rement r\u00e9alis\u00e9e en jacquard, cette robe pr\u00e9sente une finition structur\u00e9e compos\u00e9e d&#039;un corsage \u00e0 bretelles avec cordon de serrage au dos et d&#039;un d\u00e9tail en V \u00e0 la taille, d&#039;o\u00f9 \u00e9merge une jupe bouffante large inoubliable.\" \/>\n<meta name=\"robots\" content=\"index, follow, max-snippet:-1, max-image-preview:large, max-video-preview:-1\" \/>\n<link rel=\"canonical\" href=\"https:\/\/www.koonings.com\/fr\/product\/pronovias-fashion-group-alby-pr125cp1\/\" \/>\n<meta property=\"og:locale\" content=\"fr_FR\" \/>\n<meta property=\"og:type\" content=\"article\" \/>\n<meta property=\"og:title\" content=\"Pronovias Fashion Group Alby PR125CP1 | Koonings\" \/>\n<meta property=\"og:description\" content=\"Faites une entr\u00e9e remarqu\u00e9e lors de votre grand jour gr\u00e2ce \u00e0 la superbe cr\u00e9ation d&#039;ALBY. Enti\u00e8rement r\u00e9alis\u00e9e en jacquard, cette robe pr\u00e9sente une finition structur\u00e9e compos\u00e9e d&#039;un corsage \u00e0 bretelles avec cordon de serrage au dos et d&#039;un d\u00e9tail en V \u00e0 la taille, d&#039;o\u00f9 \u00e9merge une jupe bouffante large inoubliable.\" \/>\n<meta property=\"og:url\" content=\"https:\/\/www.koonings.com\/fr\/product\/pronovias-fashion-group-alby-pr125cp1\/\" \/>\n<meta property=\"og:site_name\" content=\"Koonings\" \/>\n<meta property=\"article:publisher\" content=\"https:\/\/www.facebook.com\/kooningstheweddingpalace\" \/>\n<meta property=\"article:modified_time\" content=\"2026-02-03T17:43:08+00:00\" \/>\n<meta property=\"og:image\" content=\"https:\/\/www.koonings.com\/wp-content\/uploads\/2024\/11\/40767_98305bae4bf045e63a17f92228226bdcb815909b6d8d3ab03f2d34fbf513dae2838c32de-scaled.jpeg\" \/>\n\t<meta property=\"og:image:width\" content=\"1811\" \/>\n\t<meta property=\"og:image:height\" content=\"2560\" \/>\n\t<meta property=\"og:image:type\" content=\"image\/jpeg\" \/>\n<meta name=\"twitter:card\" content=\"summary_large_image\" \/>\n<script type=\"application\/ld+json\" class=\"yoast-schema-graph\">{\"@context\":\"https:\\\/\\\/schema.org\",\"@graph\":[{\"@type\":\"WebPage\",\"@id\":\"https:\\\/\\\/www.koonings.com\\\/fr\\\/product\\\/pronovias-fashion-group-alby-pr125cp1\\\/\",\"url\":\"https:\\\/\\\/www.koonings.com\\\/fr\\\/product\\\/pronovias-fashion-group-alby-pr125cp1\\\/\",\"name\":\"Pronovias Fashion Group Alby PR125CP1 | Koonings\",\"isPartOf\":{\"@id\":\"https:\\\/\\\/www.koonings.com\\\/fr\\\/#website\"},\"primaryImageOfPage\":{\"@id\":\"https:\\\/\\\/www.koonings.com\\\/fr\\\/product\\\/pronovias-fashion-group-alby-pr125cp1\\\/#primaryimage\"},\"image\":{\"@id\":\"https:\\\/\\\/www.koonings.com\\\/fr\\\/product\\\/pronovias-fashion-group-alby-pr125cp1\\\/#primaryimage\"},\"thumbnailUrl\":\"https:\\\/\\\/www.koonings.com\\\/wp-content\\\/uploads\\\/2024\\\/11\\\/40767_98305bae4bf045e63a17f92228226bdcb815909b6d8d3ab03f2d34fbf513dae2838c32de-scaled.jpeg\",\"datePublished\":\"2025-12-14T23:36:11+00:00\",\"dateModified\":\"2026-02-03T17:43:08+00:00\",\"description\":\"Faites une entr\u00e9e remarqu\u00e9e lors de votre grand jour gr\u00e2ce \u00e0 la superbe cr\u00e9ation d'ALBY. Enti\u00e8rement r\u00e9alis\u00e9e en jacquard, cette robe pr\u00e9sente une finition structur\u00e9e compos\u00e9e d'un corsage \u00e0 bretelles avec cordon de serrage au dos et d'un d\u00e9tail en V \u00e0 la taille, d'o\u00f9 \u00e9merge une jupe bouffante large inoubliable.\",\"breadcrumb\":{\"@id\":\"https:\\\/\\\/www.koonings.com\\\/fr\\\/product\\\/pronovias-fashion-group-alby-pr125cp1\\\/#breadcrumb\"},\"inLanguage\":\"fr-FR\",\"potentialAction\":[{\"@type\":\"ReadAction\",\"target\":[\"https:\\\/\\\/www.koonings.com\\\/fr\\\/product\\\/pronovias-fashion-group-alby-pr125cp1\\\/\"]}]},{\"@type\":\"ImageObject\",\"inLanguage\":\"fr-FR\",\"@id\":\"https:\\\/\\\/www.koonings.com\\\/fr\\\/product\\\/pronovias-fashion-group-alby-pr125cp1\\\/#primaryimage\",\"url\":\"https:\\\/\\\/www.koonings.com\\\/wp-content\\\/uploads\\\/2024\\\/11\\\/40767_98305bae4bf045e63a17f92228226bdcb815909b6d8d3ab03f2d34fbf513dae2838c32de-scaled.jpeg\",\"contentUrl\":\"https:\\\/\\\/www.koonings.com\\\/wp-content\\\/uploads\\\/2024\\\/11\\\/40767_98305bae4bf045e63a17f92228226bdcb815909b6d8d3ab03f2d34fbf513dae2838c32de-scaled.jpeg\",\"width\":1811,\"height\":2560},{\"@type\":\"BreadcrumbList\",\"@id\":\"https:\\\/\\\/www.koonings.com\\\/fr\\\/product\\\/pronovias-fashion-group-alby-pr125cp1\\\/#breadcrumb\",\"itemListElement\":[{\"@type\":\"ListItem\",\"position\":1,\"name\":\"Home\",\"item\":\"https:\\\/\\\/www.koonings.com\\\/fr\\\/\"},{\"@type\":\"ListItem\",\"position\":2,\"name\":\"Pronovias Fashion Group Alby PR125CP1\"}]},{\"@type\":\"WebSite\",\"@id\":\"https:\\\/\\\/www.koonings.com\\\/fr\\\/#website\",\"url\":\"https:\\\/\\\/www.koonings.com\\\/fr\\\/\",\"name\":\"Koonings\",\"description\":\"De grootste bruidsmodewinkel ter wereld\",\"publisher\":{\"@id\":\"https:\\\/\\\/www.koonings.com\\\/fr\\\/#organization\"},\"potentialAction\":[{\"@type\":\"SearchAction\",\"target\":{\"@type\":\"EntryPoint\",\"urlTemplate\":\"https:\\\/\\\/www.koonings.com\\\/fr\\\/?s={search_term_string}\"},\"query-input\":{\"@type\":\"PropertyValueSpecification\",\"valueRequired\":true,\"valueName\":\"search_term_string\"}}],\"inLanguage\":\"fr-FR\"},{\"@type\":\"Organization\",\"@id\":\"https:\\\/\\\/www.koonings.com\\\/fr\\\/#organization\",\"name\":\"Koonings\",\"url\":\"https:\\\/\\\/www.koonings.com\\\/fr\\\/\",\"logo\":{\"@type\":\"ImageObject\",\"inLanguage\":\"fr-FR\",\"@id\":\"https:\\\/\\\/www.koonings.com\\\/fr\\\/#\\\/schema\\\/logo\\\/image\\\/\",\"url\":\"https:\\\/\\\/www.koonings.com\\\/wp-content\\\/uploads\\\/2024\\\/07\\\/logo.png\",\"contentUrl\":\"https:\\\/\\\/www.koonings.com\\\/wp-content\\\/uploads\\\/2024\\\/07\\\/logo.png\",\"width\":600,\"height\":428,\"caption\":\"Koonings\"},\"image\":{\"@id\":\"https:\\\/\\\/www.koonings.com\\\/fr\\\/#\\\/schema\\\/logo\\\/image\\\/\"},\"sameAs\":[\"https:\\\/\\\/www.facebook.com\\\/kooningstheweddingpalace\",\"https:\\\/\\\/www.instagram.com\\\/kooningstheweddingpalace\",\"https:\\\/\\\/www.pinterest.com\\\/koonings\",\"https:\\\/\\\/www.youtube.com\\\/kooningstheweddingpalace\"]}]}<\/script>\n<!-- \/ Yoast SEO plugin. -->","yoast_head_json":{"title":"Pronovias Fashion Group Alby PR125CP1 | Koonings","description":"Faites une entr\u00e9e remarqu\u00e9e lors de votre grand jour gr\u00e2ce \u00e0 la superbe cr\u00e9ation d'ALBY. Enti\u00e8rement r\u00e9alis\u00e9e en jacquard, cette robe pr\u00e9sente une finition structur\u00e9e compos\u00e9e d'un corsage \u00e0 bretelles avec cordon de serrage au dos et d'un d\u00e9tail en V \u00e0 la taille, d'o\u00f9 \u00e9merge une jupe bouffante large inoubliable.","robots":{"index":"index","follow":"follow","max-snippet":"max-snippet:-1","max-image-preview":"max-image-preview:large","max-video-preview":"max-video-preview:-1"},"canonical":"https:\/\/www.koonings.com\/fr\/product\/pronovias-fashion-group-alby-pr125cp1\/","og_locale":"fr_FR","og_type":"article","og_title":"Pronovias Fashion Group Alby PR125CP1 | Koonings","og_description":"Faites une entr\u00e9e remarqu\u00e9e lors de votre grand jour gr\u00e2ce \u00e0 la superbe cr\u00e9ation d'ALBY. Enti\u00e8rement r\u00e9alis\u00e9e en jacquard, cette robe pr\u00e9sente une finition structur\u00e9e compos\u00e9e d'un corsage \u00e0 bretelles avec cordon de serrage au dos et d'un d\u00e9tail en V \u00e0 la taille, d'o\u00f9 \u00e9merge une jupe bouffante large inoubliable.","og_url":"https:\/\/www.koonings.com\/fr\/product\/pronovias-fashion-group-alby-pr125cp1\/","og_site_name":"Koonings","article_publisher":"https:\/\/www.facebook.com\/kooningstheweddingpalace","article_modified_time":"2026-02-03T17:43:08+00:00","og_image":[{"width":1811,"height":2560,"url":"https:\/\/www.koonings.com\/wp-content\/uploads\/2024\/11\/40767_98305bae4bf045e63a17f92228226bdcb815909b6d8d3ab03f2d34fbf513dae2838c32de-scaled.jpeg","type":"image\/jpeg"}],"twitter_card":"summary_large_image","schema":{"@context":"https:\/\/schema.org","@graph":[{"@type":"WebPage","@id":"https:\/\/www.koonings.com\/fr\/product\/pronovias-fashion-group-alby-pr125cp1\/","url":"https:\/\/www.koonings.com\/fr\/product\/pronovias-fashion-group-alby-pr125cp1\/","name":"Pronovias Fashion Group Alby PR125CP1 | Koonings","isPartOf":{"@id":"https:\/\/www.koonings.com\/fr\/#website"},"primaryImageOfPage":{"@id":"https:\/\/www.koonings.com\/fr\/product\/pronovias-fashion-group-alby-pr125cp1\/#primaryimage"},"image":{"@id":"https:\/\/www.koonings.com\/fr\/product\/pronovias-fashion-group-alby-pr125cp1\/#primaryimage"},"thumbnailUrl":"https:\/\/www.koonings.com\/wp-content\/uploads\/2024\/11\/40767_98305bae4bf045e63a17f92228226bdcb815909b6d8d3ab03f2d34fbf513dae2838c32de-scaled.jpeg","datePublished":"2025-12-14T23:36:11+00:00","dateModified":"2026-02-03T17:43:08+00:00","description":"Faites une entr\u00e9e remarqu\u00e9e lors de votre grand jour gr\u00e2ce \u00e0 la superbe cr\u00e9ation d'ALBY. Enti\u00e8rement r\u00e9alis\u00e9e en jacquard, cette robe pr\u00e9sente une finition structur\u00e9e compos\u00e9e d'un corsage \u00e0 bretelles avec cordon de serrage au dos et d'un d\u00e9tail en V \u00e0 la taille, d'o\u00f9 \u00e9merge une jupe bouffante large inoubliable.","breadcrumb":{"@id":"https:\/\/www.koonings.com\/fr\/product\/pronovias-fashion-group-alby-pr125cp1\/#breadcrumb"},"inLanguage":"fr-FR","potentialAction":[{"@type":"ReadAction","target":["https:\/\/www.koonings.com\/fr\/product\/pronovias-fashion-group-alby-pr125cp1\/"]}]},{"@type":"ImageObject","inLanguage":"fr-FR","@id":"https:\/\/www.koonings.com\/fr\/product\/pronovias-fashion-group-alby-pr125cp1\/#primaryimage","url":"https:\/\/www.koonings.com\/wp-content\/uploads\/2024\/11\/40767_98305bae4bf045e63a17f92228226bdcb815909b6d8d3ab03f2d34fbf513dae2838c32de-scaled.jpeg","contentUrl":"https:\/\/www.koonings.com\/wp-content\/uploads\/2024\/11\/40767_98305bae4bf045e63a17f92228226bdcb815909b6d8d3ab03f2d34fbf513dae2838c32de-scaled.jpeg","width":1811,"height":2560},{"@type":"BreadcrumbList","@id":"https:\/\/www.koonings.com\/fr\/product\/pronovias-fashion-group-alby-pr125cp1\/#breadcrumb","itemListElement":[{"@type":"ListItem","position":1,"name":"Home","item":"https:\/\/www.koonings.com\/fr\/"},{"@type":"ListItem","position":2,"name":"Pronovias Fashion Group Alby PR125CP1"}]},{"@type":"WebSite","@id":"https:\/\/www.koonings.com\/fr\/#website","url":"https:\/\/www.koonings.com\/fr\/","name":"Koonings","description":"De grootste bruidsmodewinkel ter wereld","publisher":{"@id":"https:\/\/www.koonings.com\/fr\/#organization"},"potentialAction":[{"@type":"SearchAction","target":{"@type":"EntryPoint","urlTemplate":"https:\/\/www.koonings.com\/fr\/?s={search_term_string}"},"query-input":{"@type":"PropertyValueSpecification","valueRequired":true,"valueName":"search_term_string"}}],"inLanguage":"fr-FR"},{"@type":"Organization","@id":"https:\/\/www.koonings.com\/fr\/#organization","name":"Koonings","url":"https:\/\/www.koonings.com\/fr\/","logo":{"@type":"ImageObject","inLanguage":"fr-FR","@id":"https:\/\/www.koonings.com\/fr\/#\/schema\/logo\/image\/","url":"https:\/\/www.koonings.com\/wp-content\/uploads\/2024\/07\/logo.png","contentUrl":"https:\/\/www.koonings.com\/wp-content\/uploads\/2024\/07\/logo.png","width":600,"height":428,"caption":"Koonings"},"image":{"@id":"https:\/\/www.koonings.com\/fr\/#\/schema\/logo\/image\/"},"sameAs":["https:\/\/www.facebook.com\/kooningstheweddingpalace","https:\/\/www.instagram.com\/kooningstheweddingpalace","https:\/\/www.pinterest.com\/koonings","https:\/\/www.youtube.com\/kooningstheweddingpalace"]}]}},"_links":{"self":[{"href":"https:\/\/www.koonings.com\/fr\/wp-json\/wp\/v2\/product\/58976","targetHints":{"allow":["GET"]}}],"collection":[{"href":"https:\/\/www.koonings.com\/fr\/wp-json\/wp\/v2\/product"}],"about":[{"href":"https:\/\/www.koonings.com\/fr\/wp-json\/wp\/v2\/types\/product"}],"wp:featuredmedia":[{"embeddable":true,"href":"https:\/\/www.koonings.com\/fr\/wp-json\/wp\/v2\/media\/46810"}],"wp:attachment":[{"href":"https:\/\/www.koonings.com\/fr\/wp-json\/wp\/v2\/media?parent=58976"}],"wp:term":[{"taxonomy":"productdetails","embeddable":true,"href":"https:\/\/www.koonings.com\/fr\/wp-json\/wp\/v2\/productdetails?post=58976"},{"taxonomy":"productneck","embeddable":true,"href":"https:\/\/www.koonings.com\/fr\/wp-json\/wp\/v2\/productneck?post=58976"},{"taxonomy":"productcolor","embeddable":true,"href":"https:\/\/www.koonings.com\/fr\/wp-json\/wp\/v2\/productcolor?post=58976"},{"taxonomy":"maat","embeddable":true,"href":"https:\/\/www.koonings.com\/fr\/wp-json\/wp\/v2\/maat?post=58976"},{"taxonomy":"productsupplier","embeddable":true,"href":"https:\/\/www.koonings.com\/fr\/wp-json\/wp\/v2\/productsupplier?post=58976"},{"taxonomy":"productsleeve","embeddable":true,"href":"https:\/\/www.koonings.com\/fr\/wp-json\/wp\/v2\/productsleeve?post=58976"},{"taxonomy":"productcategory","embeddable":true,"href":"https:\/\/www.koonings.com\/fr\/wp-json\/wp\/v2\/productcategory?post=58976"},{"taxonomy":"productsilhouette","embeddable":true,"href":"https:\/\/www.koonings.com\/fr\/wp-json\/wp\/v2\/productsilhouette?post=58976"},{"taxonomy":"productstyle","embeddable":true,"href":"https:\/\/www.koonings.com\/fr\/wp-json\/wp\/v2\/productstyle?post=58976"}],"curies":[{"name":"wp","href":"https:\/\/api.w.org\/{rel}","templated":true}]}}