{"id":58975,"date":"2024-11-27T19:42:16","date_gmt":"2024-11-27T18:42:16","guid":{"rendered":"https:\/\/www.koonings.com\/product\/milla-nova-whiteley-2\/"},"modified":"2026-02-03T18:43:22","modified_gmt":"2026-02-03T17:43:22","slug":"milla-nova-whiteley-2","status":"publish","type":"product","link":"https:\/\/www.koonings.com\/fr\/product\/milla-nova-whiteley-2\/","title":{"rendered":"Milla Nova Whiteley"},"content":{"rendered":"<p>Robe de mari\u00e9e sophistiqu\u00e9e et minimaliste en mikado. Elle pr\u00e9sente un d\u00e9licat d\u00e9collet\u00e9 profond avec illusion parsem\u00e9 de cristaux, des doubles bretelles spaghetti, un dos ouvert s\u00e9duisant, une ceinture \u00e0 la taille avec des paillettes et une jupe ample avec de hautes fentes lat\u00e9rales. <\/p>\n","protected":false},"featured_media":46860,"template":"","meta":{"_acf_changed":false,"ghostkit_customizer_options":"","ghostkit_custom_css":"","ghostkit_custom_js_head":"","ghostkit_custom_js_foot":"","ghostkit_typography":""},"productdetails":[378],"productneck":[356],"productcolor":[392],"maat":[],"productsupplier":[446],"productsleeve":[359],"productcategory":[18],"productsilhouette":[384],"productstyle":[365,370],"class_list":["post-58975","product","type-product","status-publish","has-post-thumbnail","hentry","productdetails-378","productneck-356","productcolor-392","productsupplier-milla-nova","productsleeve-359","productcategory-trouwjurken","productsilhouette-384","productstyle-365","productstyle-370"],"acf":[],"yoast_head":"<!-- This site is optimized with the Yoast SEO plugin v27.3 - https:\/\/yoast.com\/product\/yoast-seo-wordpress\/ -->\n<title>Milla Nova Whiteley | Koonings<\/title>\n<meta name=\"description\" content=\"Robe de mari\u00e9e sophistiqu\u00e9e et minimaliste en mikado. Elle pr\u00e9sente un d\u00e9licat d\u00e9collet\u00e9 profond avec illusion parsem\u00e9 de cristaux, des doubles bretelles spaghetti, un dos ouvert s\u00e9duisant, une ceinture \u00e0 la taille avec des paillettes et une jupe ample avec de hautes fentes lat\u00e9rales.\" \/>\n<meta name=\"robots\" content=\"index, follow, max-snippet:-1, max-image-preview:large, max-video-preview:-1\" \/>\n<link rel=\"canonical\" href=\"https:\/\/www.koonings.com\/fr\/product\/milla-nova-whiteley-2\/\" \/>\n<meta property=\"og:locale\" content=\"fr_FR\" \/>\n<meta property=\"og:type\" content=\"article\" \/>\n<meta property=\"og:title\" content=\"Milla Nova Whiteley | Koonings\" \/>\n<meta property=\"og:description\" content=\"Robe de mari\u00e9e sophistiqu\u00e9e et minimaliste en mikado. Elle pr\u00e9sente un d\u00e9licat d\u00e9collet\u00e9 profond avec illusion parsem\u00e9 de cristaux, des doubles bretelles spaghetti, un dos ouvert s\u00e9duisant, une ceinture \u00e0 la taille avec des paillettes et une jupe ample avec de hautes fentes lat\u00e9rales.\" \/>\n<meta property=\"og:url\" content=\"https:\/\/www.koonings.com\/fr\/product\/milla-nova-whiteley-2\/\" \/>\n<meta property=\"og:site_name\" content=\"Koonings\" \/>\n<meta property=\"article:publisher\" content=\"https:\/\/www.facebook.com\/kooningstheweddingpalace\" \/>\n<meta property=\"article:modified_time\" content=\"2026-02-03T17:43:22+00:00\" \/>\n<meta property=\"og:image\" content=\"https:\/\/www.koonings.com\/wp-content\/uploads\/2024\/11\/40771_a7c0bfc8161b4a80ec5746e9407985f0c00f3d0717f2b7c15f8fc02c07c8f119a626ed84-scaled.jpeg\" \/>\n\t<meta property=\"og:image:width\" content=\"1814\" \/>\n\t<meta property=\"og:image:height\" content=\"2560\" \/>\n\t<meta property=\"og:image:type\" content=\"image\/jpeg\" \/>\n<meta name=\"twitter:card\" content=\"summary_large_image\" \/>\n<script type=\"application\/ld+json\" class=\"yoast-schema-graph\">{\"@context\":\"https:\\\/\\\/schema.org\",\"@graph\":[{\"@type\":\"WebPage\",\"@id\":\"https:\\\/\\\/www.koonings.com\\\/fr\\\/product\\\/milla-nova-whiteley-2\\\/\",\"url\":\"https:\\\/\\\/www.koonings.com\\\/fr\\\/product\\\/milla-nova-whiteley-2\\\/\",\"name\":\"Milla Nova Whiteley | Koonings\",\"isPartOf\":{\"@id\":\"https:\\\/\\\/www.koonings.com\\\/fr\\\/#website\"},\"primaryImageOfPage\":{\"@id\":\"https:\\\/\\\/www.koonings.com\\\/fr\\\/product\\\/milla-nova-whiteley-2\\\/#primaryimage\"},\"image\":{\"@id\":\"https:\\\/\\\/www.koonings.com\\\/fr\\\/product\\\/milla-nova-whiteley-2\\\/#primaryimage\"},\"thumbnailUrl\":\"https:\\\/\\\/www.koonings.com\\\/wp-content\\\/uploads\\\/2024\\\/11\\\/40771_a7c0bfc8161b4a80ec5746e9407985f0c00f3d0717f2b7c15f8fc02c07c8f119a626ed84-scaled.jpeg\",\"datePublished\":\"2024-11-27T18:42:16+00:00\",\"dateModified\":\"2026-02-03T17:43:22+00:00\",\"description\":\"Robe de mari\u00e9e sophistiqu\u00e9e et minimaliste en mikado. Elle pr\u00e9sente un d\u00e9licat d\u00e9collet\u00e9 profond avec illusion parsem\u00e9 de cristaux, des doubles bretelles spaghetti, un dos ouvert s\u00e9duisant, une ceinture \u00e0 la taille avec des paillettes et une jupe ample avec de hautes fentes lat\u00e9rales.\",\"breadcrumb\":{\"@id\":\"https:\\\/\\\/www.koonings.com\\\/fr\\\/product\\\/milla-nova-whiteley-2\\\/#breadcrumb\"},\"inLanguage\":\"fr-FR\",\"potentialAction\":[{\"@type\":\"ReadAction\",\"target\":[\"https:\\\/\\\/www.koonings.com\\\/fr\\\/product\\\/milla-nova-whiteley-2\\\/\"]}]},{\"@type\":\"ImageObject\",\"inLanguage\":\"fr-FR\",\"@id\":\"https:\\\/\\\/www.koonings.com\\\/fr\\\/product\\\/milla-nova-whiteley-2\\\/#primaryimage\",\"url\":\"https:\\\/\\\/www.koonings.com\\\/wp-content\\\/uploads\\\/2024\\\/11\\\/40771_a7c0bfc8161b4a80ec5746e9407985f0c00f3d0717f2b7c15f8fc02c07c8f119a626ed84-scaled.jpeg\",\"contentUrl\":\"https:\\\/\\\/www.koonings.com\\\/wp-content\\\/uploads\\\/2024\\\/11\\\/40771_a7c0bfc8161b4a80ec5746e9407985f0c00f3d0717f2b7c15f8fc02c07c8f119a626ed84-scaled.jpeg\",\"width\":1814,\"height\":2560},{\"@type\":\"BreadcrumbList\",\"@id\":\"https:\\\/\\\/www.koonings.com\\\/fr\\\/product\\\/milla-nova-whiteley-2\\\/#breadcrumb\",\"itemListElement\":[{\"@type\":\"ListItem\",\"position\":1,\"name\":\"Home\",\"item\":\"https:\\\/\\\/www.koonings.com\\\/fr\\\/\"},{\"@type\":\"ListItem\",\"position\":2,\"name\":\"Milla Nova Whiteley\"}]},{\"@type\":\"WebSite\",\"@id\":\"https:\\\/\\\/www.koonings.com\\\/fr\\\/#website\",\"url\":\"https:\\\/\\\/www.koonings.com\\\/fr\\\/\",\"name\":\"Koonings\",\"description\":\"De grootste bruidsmodewinkel ter wereld\",\"publisher\":{\"@id\":\"https:\\\/\\\/www.koonings.com\\\/fr\\\/#organization\"},\"potentialAction\":[{\"@type\":\"SearchAction\",\"target\":{\"@type\":\"EntryPoint\",\"urlTemplate\":\"https:\\\/\\\/www.koonings.com\\\/fr\\\/?s={search_term_string}\"},\"query-input\":{\"@type\":\"PropertyValueSpecification\",\"valueRequired\":true,\"valueName\":\"search_term_string\"}}],\"inLanguage\":\"fr-FR\"},{\"@type\":\"Organization\",\"@id\":\"https:\\\/\\\/www.koonings.com\\\/fr\\\/#organization\",\"name\":\"Koonings\",\"url\":\"https:\\\/\\\/www.koonings.com\\\/fr\\\/\",\"logo\":{\"@type\":\"ImageObject\",\"inLanguage\":\"fr-FR\",\"@id\":\"https:\\\/\\\/www.koonings.com\\\/fr\\\/#\\\/schema\\\/logo\\\/image\\\/\",\"url\":\"https:\\\/\\\/www.koonings.com\\\/wp-content\\\/uploads\\\/2024\\\/07\\\/logo.png\",\"contentUrl\":\"https:\\\/\\\/www.koonings.com\\\/wp-content\\\/uploads\\\/2024\\\/07\\\/logo.png\",\"width\":600,\"height\":428,\"caption\":\"Koonings\"},\"image\":{\"@id\":\"https:\\\/\\\/www.koonings.com\\\/fr\\\/#\\\/schema\\\/logo\\\/image\\\/\"},\"sameAs\":[\"https:\\\/\\\/www.facebook.com\\\/kooningstheweddingpalace\",\"https:\\\/\\\/www.instagram.com\\\/kooningstheweddingpalace\",\"https:\\\/\\\/www.pinterest.com\\\/koonings\",\"https:\\\/\\\/www.youtube.com\\\/kooningstheweddingpalace\"]}]}<\/script>\n<!-- \/ Yoast SEO plugin. -->","yoast_head_json":{"title":"Milla Nova Whiteley | Koonings","description":"Robe de mari\u00e9e sophistiqu\u00e9e et minimaliste en mikado. Elle pr\u00e9sente un d\u00e9licat d\u00e9collet\u00e9 profond avec illusion parsem\u00e9 de cristaux, des doubles bretelles spaghetti, un dos ouvert s\u00e9duisant, une ceinture \u00e0 la taille avec des paillettes et une jupe ample avec de hautes fentes lat\u00e9rales.","robots":{"index":"index","follow":"follow","max-snippet":"max-snippet:-1","max-image-preview":"max-image-preview:large","max-video-preview":"max-video-preview:-1"},"canonical":"https:\/\/www.koonings.com\/fr\/product\/milla-nova-whiteley-2\/","og_locale":"fr_FR","og_type":"article","og_title":"Milla Nova Whiteley | Koonings","og_description":"Robe de mari\u00e9e sophistiqu\u00e9e et minimaliste en mikado. Elle pr\u00e9sente un d\u00e9licat d\u00e9collet\u00e9 profond avec illusion parsem\u00e9 de cristaux, des doubles bretelles spaghetti, un dos ouvert s\u00e9duisant, une ceinture \u00e0 la taille avec des paillettes et une jupe ample avec de hautes fentes lat\u00e9rales.","og_url":"https:\/\/www.koonings.com\/fr\/product\/milla-nova-whiteley-2\/","og_site_name":"Koonings","article_publisher":"https:\/\/www.facebook.com\/kooningstheweddingpalace","article_modified_time":"2026-02-03T17:43:22+00:00","og_image":[{"width":1814,"height":2560,"url":"https:\/\/www.koonings.com\/wp-content\/uploads\/2024\/11\/40771_a7c0bfc8161b4a80ec5746e9407985f0c00f3d0717f2b7c15f8fc02c07c8f119a626ed84-scaled.jpeg","type":"image\/jpeg"}],"twitter_card":"summary_large_image","schema":{"@context":"https:\/\/schema.org","@graph":[{"@type":"WebPage","@id":"https:\/\/www.koonings.com\/fr\/product\/milla-nova-whiteley-2\/","url":"https:\/\/www.koonings.com\/fr\/product\/milla-nova-whiteley-2\/","name":"Milla Nova Whiteley | Koonings","isPartOf":{"@id":"https:\/\/www.koonings.com\/fr\/#website"},"primaryImageOfPage":{"@id":"https:\/\/www.koonings.com\/fr\/product\/milla-nova-whiteley-2\/#primaryimage"},"image":{"@id":"https:\/\/www.koonings.com\/fr\/product\/milla-nova-whiteley-2\/#primaryimage"},"thumbnailUrl":"https:\/\/www.koonings.com\/wp-content\/uploads\/2024\/11\/40771_a7c0bfc8161b4a80ec5746e9407985f0c00f3d0717f2b7c15f8fc02c07c8f119a626ed84-scaled.jpeg","datePublished":"2024-11-27T18:42:16+00:00","dateModified":"2026-02-03T17:43:22+00:00","description":"Robe de mari\u00e9e sophistiqu\u00e9e et minimaliste en mikado. Elle pr\u00e9sente un d\u00e9licat d\u00e9collet\u00e9 profond avec illusion parsem\u00e9 de cristaux, des doubles bretelles spaghetti, un dos ouvert s\u00e9duisant, une ceinture \u00e0 la taille avec des paillettes et une jupe ample avec de hautes fentes lat\u00e9rales.","breadcrumb":{"@id":"https:\/\/www.koonings.com\/fr\/product\/milla-nova-whiteley-2\/#breadcrumb"},"inLanguage":"fr-FR","potentialAction":[{"@type":"ReadAction","target":["https:\/\/www.koonings.com\/fr\/product\/milla-nova-whiteley-2\/"]}]},{"@type":"ImageObject","inLanguage":"fr-FR","@id":"https:\/\/www.koonings.com\/fr\/product\/milla-nova-whiteley-2\/#primaryimage","url":"https:\/\/www.koonings.com\/wp-content\/uploads\/2024\/11\/40771_a7c0bfc8161b4a80ec5746e9407985f0c00f3d0717f2b7c15f8fc02c07c8f119a626ed84-scaled.jpeg","contentUrl":"https:\/\/www.koonings.com\/wp-content\/uploads\/2024\/11\/40771_a7c0bfc8161b4a80ec5746e9407985f0c00f3d0717f2b7c15f8fc02c07c8f119a626ed84-scaled.jpeg","width":1814,"height":2560},{"@type":"BreadcrumbList","@id":"https:\/\/www.koonings.com\/fr\/product\/milla-nova-whiteley-2\/#breadcrumb","itemListElement":[{"@type":"ListItem","position":1,"name":"Home","item":"https:\/\/www.koonings.com\/fr\/"},{"@type":"ListItem","position":2,"name":"Milla Nova Whiteley"}]},{"@type":"WebSite","@id":"https:\/\/www.koonings.com\/fr\/#website","url":"https:\/\/www.koonings.com\/fr\/","name":"Koonings","description":"De grootste bruidsmodewinkel ter wereld","publisher":{"@id":"https:\/\/www.koonings.com\/fr\/#organization"},"potentialAction":[{"@type":"SearchAction","target":{"@type":"EntryPoint","urlTemplate":"https:\/\/www.koonings.com\/fr\/?s={search_term_string}"},"query-input":{"@type":"PropertyValueSpecification","valueRequired":true,"valueName":"search_term_string"}}],"inLanguage":"fr-FR"},{"@type":"Organization","@id":"https:\/\/www.koonings.com\/fr\/#organization","name":"Koonings","url":"https:\/\/www.koonings.com\/fr\/","logo":{"@type":"ImageObject","inLanguage":"fr-FR","@id":"https:\/\/www.koonings.com\/fr\/#\/schema\/logo\/image\/","url":"https:\/\/www.koonings.com\/wp-content\/uploads\/2024\/07\/logo.png","contentUrl":"https:\/\/www.koonings.com\/wp-content\/uploads\/2024\/07\/logo.png","width":600,"height":428,"caption":"Koonings"},"image":{"@id":"https:\/\/www.koonings.com\/fr\/#\/schema\/logo\/image\/"},"sameAs":["https:\/\/www.facebook.com\/kooningstheweddingpalace","https:\/\/www.instagram.com\/kooningstheweddingpalace","https:\/\/www.pinterest.com\/koonings","https:\/\/www.youtube.com\/kooningstheweddingpalace"]}]}},"_links":{"self":[{"href":"https:\/\/www.koonings.com\/fr\/wp-json\/wp\/v2\/product\/58975","targetHints":{"allow":["GET"]}}],"collection":[{"href":"https:\/\/www.koonings.com\/fr\/wp-json\/wp\/v2\/product"}],"about":[{"href":"https:\/\/www.koonings.com\/fr\/wp-json\/wp\/v2\/types\/product"}],"wp:featuredmedia":[{"embeddable":true,"href":"https:\/\/www.koonings.com\/fr\/wp-json\/wp\/v2\/media\/46860"}],"wp:attachment":[{"href":"https:\/\/www.koonings.com\/fr\/wp-json\/wp\/v2\/media?parent=58975"}],"wp:term":[{"taxonomy":"productdetails","embeddable":true,"href":"https:\/\/www.koonings.com\/fr\/wp-json\/wp\/v2\/productdetails?post=58975"},{"taxonomy":"productneck","embeddable":true,"href":"https:\/\/www.koonings.com\/fr\/wp-json\/wp\/v2\/productneck?post=58975"},{"taxonomy":"productcolor","embeddable":true,"href":"https:\/\/www.koonings.com\/fr\/wp-json\/wp\/v2\/productcolor?post=58975"},{"taxonomy":"maat","embeddable":true,"href":"https:\/\/www.koonings.com\/fr\/wp-json\/wp\/v2\/maat?post=58975"},{"taxonomy":"productsupplier","embeddable":true,"href":"https:\/\/www.koonings.com\/fr\/wp-json\/wp\/v2\/productsupplier?post=58975"},{"taxonomy":"productsleeve","embeddable":true,"href":"https:\/\/www.koonings.com\/fr\/wp-json\/wp\/v2\/productsleeve?post=58975"},{"taxonomy":"productcategory","embeddable":true,"href":"https:\/\/www.koonings.com\/fr\/wp-json\/wp\/v2\/productcategory?post=58975"},{"taxonomy":"productsilhouette","embeddable":true,"href":"https:\/\/www.koonings.com\/fr\/wp-json\/wp\/v2\/productsilhouette?post=58975"},{"taxonomy":"productstyle","embeddable":true,"href":"https:\/\/www.koonings.com\/fr\/wp-json\/wp\/v2\/productstyle?post=58975"}],"curies":[{"name":"wp","href":"https:\/\/api.w.org\/{rel}","templated":true}]}}