{"id":58968,"date":"2026-04-28T18:22:07","date_gmt":"2026-04-28T16:22:07","guid":{"rendered":"https:\/\/www.koonings.com\/product\/le-papillon-by-modeca-elada\/"},"modified":"2026-02-16T14:39:54","modified_gmt":"2026-02-16T13:39:54","slug":"le-papillon-by-modeca-elada","status":"publish","type":"product","link":"https:\/\/www.koonings.com\/fr\/product\/le-papillon-by-modeca-elada\/","title":{"rendered":"Le Papillon par Modeca Elada"},"content":{"rendered":"<p>Elada est une robe captivante, sans bretelles, con\u00e7ue pour voler la vedette. L&#8217;audacieux d\u00e9collet\u00e9 en c\u0153ur accentue votre silhouette, tandis que le corsage en dentelle illusion, orn\u00e9 de paillettes scintillantes, ajoute une touche de glamour. Pour plus de polyvalence, Elada est dot\u00e9e de bretelles amovibles qui vous permettent de personnaliser votre look.  <\/p>\n","protected":false},"featured_media":46881,"template":"","meta":{"_acf_changed":false,"ghostkit_customizer_options":"","ghostkit_custom_css":"","ghostkit_custom_js_head":"","ghostkit_custom_js_foot":"","ghostkit_typography":""},"productdetails":[376],"productneck":[354,356],"productcolor":[393,392],"maat":[],"productsupplier":[411],"productsleeve":[],"productcategory":[18],"productsilhouette":[384],"productstyle":[366,370],"class_list":["post-58968","product","type-product","status-publish","has-post-thumbnail","hentry","productdetails-376","productneck-354","productneck-356","productcolor-393","productcolor-392","productsupplier-le-papillon-by-modeca","productcategory-trouwjurken","productsilhouette-384","productstyle-366","productstyle-370"],"acf":[],"yoast_head":"<!-- This site is optimized with the Yoast SEO plugin v27.3 - https:\/\/yoast.com\/product\/yoast-seo-wordpress\/ -->\n<title>Le Papillon par Modeca Elada | Koonings<\/title>\n<meta name=\"description\" content=\"Elada est une robe captivante, sans bretelles, con\u00e7ue pour voler la vedette. L&#039;audacieux d\u00e9collet\u00e9 en c\u0153ur accentue votre silhouette, tandis que le corsage en dentelle illusion, orn\u00e9 de paillettes scintillantes, ajoute une touche de glamour. Pour plus de polyvalence, Elada est dot\u00e9e de bretelles amovibles qui vous permettent de personnaliser votre look.\" \/>\n<meta name=\"robots\" content=\"index, follow, max-snippet:-1, max-image-preview:large, max-video-preview:-1\" \/>\n<link rel=\"canonical\" href=\"https:\/\/www.koonings.com\/fr\/product\/le-papillon-by-modeca-elada\/\" \/>\n<meta property=\"og:locale\" content=\"fr_FR\" \/>\n<meta property=\"og:type\" content=\"article\" \/>\n<meta property=\"og:title\" content=\"Le Papillon par Modeca Elada | Koonings\" \/>\n<meta property=\"og:description\" content=\"Elada est une robe captivante, sans bretelles, con\u00e7ue pour voler la vedette. L&#039;audacieux d\u00e9collet\u00e9 en c\u0153ur accentue votre silhouette, tandis que le corsage en dentelle illusion, orn\u00e9 de paillettes scintillantes, ajoute une touche de glamour. Pour plus de polyvalence, Elada est dot\u00e9e de bretelles amovibles qui vous permettent de personnaliser votre look.\" \/>\n<meta property=\"og:url\" content=\"https:\/\/www.koonings.com\/fr\/product\/le-papillon-by-modeca-elada\/\" \/>\n<meta property=\"og:site_name\" content=\"Koonings\" \/>\n<meta property=\"article:publisher\" content=\"https:\/\/www.facebook.com\/kooningstheweddingpalace\" \/>\n<meta property=\"og:image\" content=\"https:\/\/www.koonings.com\/wp-content\/uploads\/2024\/11\/40775_cfae97f148c8901849765cbfe2f42734b14f551a8c322bd31abb8412cd316a8070ab19de.jpeg\" \/>\n\t<meta property=\"og:image:width\" content=\"1013\" \/>\n\t<meta property=\"og:image:height\" content=\"1431\" \/>\n\t<meta property=\"og:image:type\" content=\"image\/jpeg\" \/>\n<meta name=\"twitter:card\" content=\"summary_large_image\" \/>\n<script type=\"application\/ld+json\" class=\"yoast-schema-graph\">{\"@context\":\"https:\\\/\\\/schema.org\",\"@graph\":[{\"@type\":\"WebPage\",\"@id\":\"https:\\\/\\\/www.koonings.com\\\/fr\\\/product\\\/le-papillon-by-modeca-elada\\\/\",\"url\":\"https:\\\/\\\/www.koonings.com\\\/fr\\\/product\\\/le-papillon-by-modeca-elada\\\/\",\"name\":\"Le Papillon par Modeca Elada | Koonings\",\"isPartOf\":{\"@id\":\"https:\\\/\\\/www.koonings.com\\\/fr\\\/#website\"},\"primaryImageOfPage\":{\"@id\":\"https:\\\/\\\/www.koonings.com\\\/fr\\\/product\\\/le-papillon-by-modeca-elada\\\/#primaryimage\"},\"image\":{\"@id\":\"https:\\\/\\\/www.koonings.com\\\/fr\\\/product\\\/le-papillon-by-modeca-elada\\\/#primaryimage\"},\"thumbnailUrl\":\"https:\\\/\\\/www.koonings.com\\\/wp-content\\\/uploads\\\/2024\\\/11\\\/40775_cfae97f148c8901849765cbfe2f42734b14f551a8c322bd31abb8412cd316a8070ab19de.jpeg\",\"datePublished\":\"2026-04-28T16:22:07+00:00\",\"description\":\"Elada est une robe captivante, sans bretelles, con\u00e7ue pour voler la vedette. L'audacieux d\u00e9collet\u00e9 en c\u0153ur accentue votre silhouette, tandis que le corsage en dentelle illusion, orn\u00e9 de paillettes scintillantes, ajoute une touche de glamour. Pour plus de polyvalence, Elada est dot\u00e9e de bretelles amovibles qui vous permettent de personnaliser votre look.\",\"breadcrumb\":{\"@id\":\"https:\\\/\\\/www.koonings.com\\\/fr\\\/product\\\/le-papillon-by-modeca-elada\\\/#breadcrumb\"},\"inLanguage\":\"fr-FR\",\"potentialAction\":[{\"@type\":\"ReadAction\",\"target\":[\"https:\\\/\\\/www.koonings.com\\\/fr\\\/product\\\/le-papillon-by-modeca-elada\\\/\"]}]},{\"@type\":\"ImageObject\",\"inLanguage\":\"fr-FR\",\"@id\":\"https:\\\/\\\/www.koonings.com\\\/fr\\\/product\\\/le-papillon-by-modeca-elada\\\/#primaryimage\",\"url\":\"https:\\\/\\\/www.koonings.com\\\/wp-content\\\/uploads\\\/2024\\\/11\\\/40775_cfae97f148c8901849765cbfe2f42734b14f551a8c322bd31abb8412cd316a8070ab19de.jpeg\",\"contentUrl\":\"https:\\\/\\\/www.koonings.com\\\/wp-content\\\/uploads\\\/2024\\\/11\\\/40775_cfae97f148c8901849765cbfe2f42734b14f551a8c322bd31abb8412cd316a8070ab19de.jpeg\",\"width\":1013,\"height\":1431},{\"@type\":\"BreadcrumbList\",\"@id\":\"https:\\\/\\\/www.koonings.com\\\/fr\\\/product\\\/le-papillon-by-modeca-elada\\\/#breadcrumb\",\"itemListElement\":[{\"@type\":\"ListItem\",\"position\":1,\"name\":\"Home\",\"item\":\"https:\\\/\\\/www.koonings.com\\\/fr\\\/\"},{\"@type\":\"ListItem\",\"position\":2,\"name\":\"Le Papillon par Modeca Elada\"}]},{\"@type\":\"WebSite\",\"@id\":\"https:\\\/\\\/www.koonings.com\\\/fr\\\/#website\",\"url\":\"https:\\\/\\\/www.koonings.com\\\/fr\\\/\",\"name\":\"Koonings\",\"description\":\"De grootste bruidsmodewinkel ter wereld\",\"publisher\":{\"@id\":\"https:\\\/\\\/www.koonings.com\\\/fr\\\/#organization\"},\"potentialAction\":[{\"@type\":\"SearchAction\",\"target\":{\"@type\":\"EntryPoint\",\"urlTemplate\":\"https:\\\/\\\/www.koonings.com\\\/fr\\\/?s={search_term_string}\"},\"query-input\":{\"@type\":\"PropertyValueSpecification\",\"valueRequired\":true,\"valueName\":\"search_term_string\"}}],\"inLanguage\":\"fr-FR\"},{\"@type\":\"Organization\",\"@id\":\"https:\\\/\\\/www.koonings.com\\\/fr\\\/#organization\",\"name\":\"Koonings\",\"url\":\"https:\\\/\\\/www.koonings.com\\\/fr\\\/\",\"logo\":{\"@type\":\"ImageObject\",\"inLanguage\":\"fr-FR\",\"@id\":\"https:\\\/\\\/www.koonings.com\\\/fr\\\/#\\\/schema\\\/logo\\\/image\\\/\",\"url\":\"https:\\\/\\\/www.koonings.com\\\/wp-content\\\/uploads\\\/2024\\\/07\\\/logo.png\",\"contentUrl\":\"https:\\\/\\\/www.koonings.com\\\/wp-content\\\/uploads\\\/2024\\\/07\\\/logo.png\",\"width\":600,\"height\":428,\"caption\":\"Koonings\"},\"image\":{\"@id\":\"https:\\\/\\\/www.koonings.com\\\/fr\\\/#\\\/schema\\\/logo\\\/image\\\/\"},\"sameAs\":[\"https:\\\/\\\/www.facebook.com\\\/kooningstheweddingpalace\",\"https:\\\/\\\/www.instagram.com\\\/kooningstheweddingpalace\",\"https:\\\/\\\/www.pinterest.com\\\/koonings\",\"https:\\\/\\\/www.youtube.com\\\/kooningstheweddingpalace\"]}]}<\/script>\n<!-- \/ Yoast SEO plugin. -->","yoast_head_json":{"title":"Le Papillon par Modeca Elada | Koonings","description":"Elada est une robe captivante, sans bretelles, con\u00e7ue pour voler la vedette. L'audacieux d\u00e9collet\u00e9 en c\u0153ur accentue votre silhouette, tandis que le corsage en dentelle illusion, orn\u00e9 de paillettes scintillantes, ajoute une touche de glamour. Pour plus de polyvalence, Elada est dot\u00e9e de bretelles amovibles qui vous permettent de personnaliser votre look.","robots":{"index":"index","follow":"follow","max-snippet":"max-snippet:-1","max-image-preview":"max-image-preview:large","max-video-preview":"max-video-preview:-1"},"canonical":"https:\/\/www.koonings.com\/fr\/product\/le-papillon-by-modeca-elada\/","og_locale":"fr_FR","og_type":"article","og_title":"Le Papillon par Modeca Elada | Koonings","og_description":"Elada est une robe captivante, sans bretelles, con\u00e7ue pour voler la vedette. L'audacieux d\u00e9collet\u00e9 en c\u0153ur accentue votre silhouette, tandis que le corsage en dentelle illusion, orn\u00e9 de paillettes scintillantes, ajoute une touche de glamour. Pour plus de polyvalence, Elada est dot\u00e9e de bretelles amovibles qui vous permettent de personnaliser votre look.","og_url":"https:\/\/www.koonings.com\/fr\/product\/le-papillon-by-modeca-elada\/","og_site_name":"Koonings","article_publisher":"https:\/\/www.facebook.com\/kooningstheweddingpalace","og_image":[{"width":1013,"height":1431,"url":"https:\/\/www.koonings.com\/wp-content\/uploads\/2024\/11\/40775_cfae97f148c8901849765cbfe2f42734b14f551a8c322bd31abb8412cd316a8070ab19de.jpeg","type":"image\/jpeg"}],"twitter_card":"summary_large_image","schema":{"@context":"https:\/\/schema.org","@graph":[{"@type":"WebPage","@id":"https:\/\/www.koonings.com\/fr\/product\/le-papillon-by-modeca-elada\/","url":"https:\/\/www.koonings.com\/fr\/product\/le-papillon-by-modeca-elada\/","name":"Le Papillon par Modeca Elada | Koonings","isPartOf":{"@id":"https:\/\/www.koonings.com\/fr\/#website"},"primaryImageOfPage":{"@id":"https:\/\/www.koonings.com\/fr\/product\/le-papillon-by-modeca-elada\/#primaryimage"},"image":{"@id":"https:\/\/www.koonings.com\/fr\/product\/le-papillon-by-modeca-elada\/#primaryimage"},"thumbnailUrl":"https:\/\/www.koonings.com\/wp-content\/uploads\/2024\/11\/40775_cfae97f148c8901849765cbfe2f42734b14f551a8c322bd31abb8412cd316a8070ab19de.jpeg","datePublished":"2026-04-28T16:22:07+00:00","description":"Elada est une robe captivante, sans bretelles, con\u00e7ue pour voler la vedette. L'audacieux d\u00e9collet\u00e9 en c\u0153ur accentue votre silhouette, tandis que le corsage en dentelle illusion, orn\u00e9 de paillettes scintillantes, ajoute une touche de glamour. Pour plus de polyvalence, Elada est dot\u00e9e de bretelles amovibles qui vous permettent de personnaliser votre look.","breadcrumb":{"@id":"https:\/\/www.koonings.com\/fr\/product\/le-papillon-by-modeca-elada\/#breadcrumb"},"inLanguage":"fr-FR","potentialAction":[{"@type":"ReadAction","target":["https:\/\/www.koonings.com\/fr\/product\/le-papillon-by-modeca-elada\/"]}]},{"@type":"ImageObject","inLanguage":"fr-FR","@id":"https:\/\/www.koonings.com\/fr\/product\/le-papillon-by-modeca-elada\/#primaryimage","url":"https:\/\/www.koonings.com\/wp-content\/uploads\/2024\/11\/40775_cfae97f148c8901849765cbfe2f42734b14f551a8c322bd31abb8412cd316a8070ab19de.jpeg","contentUrl":"https:\/\/www.koonings.com\/wp-content\/uploads\/2024\/11\/40775_cfae97f148c8901849765cbfe2f42734b14f551a8c322bd31abb8412cd316a8070ab19de.jpeg","width":1013,"height":1431},{"@type":"BreadcrumbList","@id":"https:\/\/www.koonings.com\/fr\/product\/le-papillon-by-modeca-elada\/#breadcrumb","itemListElement":[{"@type":"ListItem","position":1,"name":"Home","item":"https:\/\/www.koonings.com\/fr\/"},{"@type":"ListItem","position":2,"name":"Le Papillon par Modeca Elada"}]},{"@type":"WebSite","@id":"https:\/\/www.koonings.com\/fr\/#website","url":"https:\/\/www.koonings.com\/fr\/","name":"Koonings","description":"De grootste bruidsmodewinkel ter wereld","publisher":{"@id":"https:\/\/www.koonings.com\/fr\/#organization"},"potentialAction":[{"@type":"SearchAction","target":{"@type":"EntryPoint","urlTemplate":"https:\/\/www.koonings.com\/fr\/?s={search_term_string}"},"query-input":{"@type":"PropertyValueSpecification","valueRequired":true,"valueName":"search_term_string"}}],"inLanguage":"fr-FR"},{"@type":"Organization","@id":"https:\/\/www.koonings.com\/fr\/#organization","name":"Koonings","url":"https:\/\/www.koonings.com\/fr\/","logo":{"@type":"ImageObject","inLanguage":"fr-FR","@id":"https:\/\/www.koonings.com\/fr\/#\/schema\/logo\/image\/","url":"https:\/\/www.koonings.com\/wp-content\/uploads\/2024\/07\/logo.png","contentUrl":"https:\/\/www.koonings.com\/wp-content\/uploads\/2024\/07\/logo.png","width":600,"height":428,"caption":"Koonings"},"image":{"@id":"https:\/\/www.koonings.com\/fr\/#\/schema\/logo\/image\/"},"sameAs":["https:\/\/www.facebook.com\/kooningstheweddingpalace","https:\/\/www.instagram.com\/kooningstheweddingpalace","https:\/\/www.pinterest.com\/koonings","https:\/\/www.youtube.com\/kooningstheweddingpalace"]}]}},"_links":{"self":[{"href":"https:\/\/www.koonings.com\/fr\/wp-json\/wp\/v2\/product\/58968","targetHints":{"allow":["GET"]}}],"collection":[{"href":"https:\/\/www.koonings.com\/fr\/wp-json\/wp\/v2\/product"}],"about":[{"href":"https:\/\/www.koonings.com\/fr\/wp-json\/wp\/v2\/types\/product"}],"wp:featuredmedia":[{"embeddable":true,"href":"https:\/\/www.koonings.com\/fr\/wp-json\/wp\/v2\/media\/46881"}],"wp:attachment":[{"href":"https:\/\/www.koonings.com\/fr\/wp-json\/wp\/v2\/media?parent=58968"}],"wp:term":[{"taxonomy":"productdetails","embeddable":true,"href":"https:\/\/www.koonings.com\/fr\/wp-json\/wp\/v2\/productdetails?post=58968"},{"taxonomy":"productneck","embeddable":true,"href":"https:\/\/www.koonings.com\/fr\/wp-json\/wp\/v2\/productneck?post=58968"},{"taxonomy":"productcolor","embeddable":true,"href":"https:\/\/www.koonings.com\/fr\/wp-json\/wp\/v2\/productcolor?post=58968"},{"taxonomy":"maat","embeddable":true,"href":"https:\/\/www.koonings.com\/fr\/wp-json\/wp\/v2\/maat?post=58968"},{"taxonomy":"productsupplier","embeddable":true,"href":"https:\/\/www.koonings.com\/fr\/wp-json\/wp\/v2\/productsupplier?post=58968"},{"taxonomy":"productsleeve","embeddable":true,"href":"https:\/\/www.koonings.com\/fr\/wp-json\/wp\/v2\/productsleeve?post=58968"},{"taxonomy":"productcategory","embeddable":true,"href":"https:\/\/www.koonings.com\/fr\/wp-json\/wp\/v2\/productcategory?post=58968"},{"taxonomy":"productsilhouette","embeddable":true,"href":"https:\/\/www.koonings.com\/fr\/wp-json\/wp\/v2\/productsilhouette?post=58968"},{"taxonomy":"productstyle","embeddable":true,"href":"https:\/\/www.koonings.com\/fr\/wp-json\/wp\/v2\/productstyle?post=58968"}],"curies":[{"name":"wp","href":"https:\/\/api.w.org\/{rel}","templated":true}]}}