{"id":58963,"date":"2026-04-21T18:22:43","date_gmt":"2026-04-21T16:22:43","guid":{"rendered":"https:\/\/www.koonings.com\/product\/randy-fenoli-georgia\/"},"modified":"2025-06-05T13:11:22","modified_gmt":"2025-06-05T11:11:22","slug":"randy-fenoli-georgia","status":"publish","type":"product","link":"https:\/\/www.koonings.com\/fr\/product\/randy-fenoli-georgia\/","title":{"rendered":"Randy Fenoli Georgia"},"content":{"rendered":"<p>Georgia-Luxe est une robe de bal magnifiquement f\u00e9minine avec un corsage en mikado et une jupe en tulle. Le corsage est dot\u00e9 d&#8217;une armature sur le devant et dans le dos pour donner l&#8217;impression d&#8217;un corset structur\u00e9. L&#8217;encolure en forme de c\u0153ur est orn\u00e9e de magnifiques perles qui \u00e9mergent derri\u00e8re la d\u00e9coupe du corsage en mikado. Une d\u00e9licate ceinture en mikado s&#8217;attache \u00e0 la taille avec un n\u0153ud \u00e9troit et des manches chauve-souris au centre du devant. Georgia-Luxe est une robe de r\u00eave, parfaite pour les mari\u00e9es romantiques et coquettes !    <\/p>\n","protected":false},"featured_media":46898,"template":"","meta":{"_acf_changed":false,"ghostkit_customizer_options":"","ghostkit_custom_css":"","ghostkit_custom_js_head":"","ghostkit_custom_js_foot":"","ghostkit_typography":""},"productdetails":[],"productneck":[354,355],"productcolor":[392],"maat":[],"productsupplier":[422],"productsleeve":[],"productcategory":[18],"productsilhouette":[388],"productstyle":[366],"class_list":["post-58963","product","type-product","status-publish","has-post-thumbnail","hentry","productneck-354","productneck-355","productcolor-392","productsupplier-randy-fenoli","productcategory-trouwjurken","productsilhouette-388","productstyle-366"],"acf":[],"yoast_head":"<!-- This site is optimized with the Yoast SEO plugin v27.3 - https:\/\/yoast.com\/product\/yoast-seo-wordpress\/ -->\n<title>Randy Fenoli Georgia | Koonings<\/title>\n<meta name=\"description\" content=\"Georgia-Luxe est une robe de bal magnifiquement f\u00e9minine avec un corsage en mikado et une jupe en tulle. Le corsage est dot\u00e9 d&#039;une armature sur le devant et dans le dos pour donner l&#039;impression d&#039;un corset structur\u00e9. L&#039;encolure en forme de c\u0153ur est orn\u00e9e de magnifiques perles qui \u00e9mergent derri\u00e8re la d\u00e9coupe du corsage en mikado. Une d\u00e9licate ceinture en mikado s&#039;attache \u00e0 la taille avec un n\u0153ud \u00e9troit et des manches chauve-souris au centre du devant. Georgia-Luxe est une robe de r\u00eave, parfaite pour les mari\u00e9es romantiques et coquettes !\" \/>\n<meta name=\"robots\" content=\"index, follow, max-snippet:-1, max-image-preview:large, max-video-preview:-1\" \/>\n<link rel=\"canonical\" href=\"https:\/\/www.koonings.com\/fr\/product\/randy-fenoli-georgia\/\" \/>\n<meta property=\"og:locale\" content=\"fr_FR\" \/>\n<meta property=\"og:type\" content=\"article\" \/>\n<meta property=\"og:title\" content=\"Randy Fenoli Georgia | Koonings\" \/>\n<meta property=\"og:description\" content=\"Georgia-Luxe est une robe de bal magnifiquement f\u00e9minine avec un corsage en mikado et une jupe en tulle. Le corsage est dot\u00e9 d&#039;une armature sur le devant et dans le dos pour donner l&#039;impression d&#039;un corset structur\u00e9. L&#039;encolure en forme de c\u0153ur est orn\u00e9e de magnifiques perles qui \u00e9mergent derri\u00e8re la d\u00e9coupe du corsage en mikado. Une d\u00e9licate ceinture en mikado s&#039;attache \u00e0 la taille avec un n\u0153ud \u00e9troit et des manches chauve-souris au centre du devant. Georgia-Luxe est une robe de r\u00eave, parfaite pour les mari\u00e9es romantiques et coquettes !\" \/>\n<meta property=\"og:url\" content=\"https:\/\/www.koonings.com\/fr\/product\/randy-fenoli-georgia\/\" \/>\n<meta property=\"og:site_name\" content=\"Koonings\" \/>\n<meta property=\"article:publisher\" content=\"https:\/\/www.facebook.com\/kooningstheweddingpalace\" \/>\n<meta property=\"og:image\" content=\"https:\/\/www.koonings.com\/wp-content\/uploads\/2024\/11\/40789_6bf9358c3c723b3a3274a7ae14d1fdc205e155d2c64637c696fbc5c48e41d693cd1df020.jpeg\" \/>\n\t<meta property=\"og:image:width\" content=\"1400\" \/>\n\t<meta property=\"og:image:height\" content=\"1979\" \/>\n\t<meta property=\"og:image:type\" content=\"image\/jpeg\" \/>\n<meta name=\"twitter:card\" content=\"summary_large_image\" \/>\n<script type=\"application\/ld+json\" class=\"yoast-schema-graph\">{\"@context\":\"https:\\\/\\\/schema.org\",\"@graph\":[{\"@type\":\"WebPage\",\"@id\":\"https:\\\/\\\/www.koonings.com\\\/fr\\\/product\\\/randy-fenoli-georgia\\\/\",\"url\":\"https:\\\/\\\/www.koonings.com\\\/fr\\\/product\\\/randy-fenoli-georgia\\\/\",\"name\":\"Randy Fenoli Georgia | Koonings\",\"isPartOf\":{\"@id\":\"https:\\\/\\\/www.koonings.com\\\/fr\\\/#website\"},\"primaryImageOfPage\":{\"@id\":\"https:\\\/\\\/www.koonings.com\\\/fr\\\/product\\\/randy-fenoli-georgia\\\/#primaryimage\"},\"image\":{\"@id\":\"https:\\\/\\\/www.koonings.com\\\/fr\\\/product\\\/randy-fenoli-georgia\\\/#primaryimage\"},\"thumbnailUrl\":\"https:\\\/\\\/www.koonings.com\\\/wp-content\\\/uploads\\\/2024\\\/11\\\/40789_6bf9358c3c723b3a3274a7ae14d1fdc205e155d2c64637c696fbc5c48e41d693cd1df020.jpeg\",\"datePublished\":\"2026-04-21T16:22:43+00:00\",\"description\":\"Georgia-Luxe est une robe de bal magnifiquement f\u00e9minine avec un corsage en mikado et une jupe en tulle. Le corsage est dot\u00e9 d'une armature sur le devant et dans le dos pour donner l'impression d'un corset structur\u00e9. L'encolure en forme de c\u0153ur est orn\u00e9e de magnifiques perles qui \u00e9mergent derri\u00e8re la d\u00e9coupe du corsage en mikado. Une d\u00e9licate ceinture en mikado s'attache \u00e0 la taille avec un n\u0153ud \u00e9troit et des manches chauve-souris au centre du devant. Georgia-Luxe est une robe de r\u00eave, parfaite pour les mari\u00e9es romantiques et coquettes !\",\"breadcrumb\":{\"@id\":\"https:\\\/\\\/www.koonings.com\\\/fr\\\/product\\\/randy-fenoli-georgia\\\/#breadcrumb\"},\"inLanguage\":\"fr-FR\",\"potentialAction\":[{\"@type\":\"ReadAction\",\"target\":[\"https:\\\/\\\/www.koonings.com\\\/fr\\\/product\\\/randy-fenoli-georgia\\\/\"]}]},{\"@type\":\"ImageObject\",\"inLanguage\":\"fr-FR\",\"@id\":\"https:\\\/\\\/www.koonings.com\\\/fr\\\/product\\\/randy-fenoli-georgia\\\/#primaryimage\",\"url\":\"https:\\\/\\\/www.koonings.com\\\/wp-content\\\/uploads\\\/2024\\\/11\\\/40789_6bf9358c3c723b3a3274a7ae14d1fdc205e155d2c64637c696fbc5c48e41d693cd1df020.jpeg\",\"contentUrl\":\"https:\\\/\\\/www.koonings.com\\\/wp-content\\\/uploads\\\/2024\\\/11\\\/40789_6bf9358c3c723b3a3274a7ae14d1fdc205e155d2c64637c696fbc5c48e41d693cd1df020.jpeg\",\"width\":1400,\"height\":1979},{\"@type\":\"BreadcrumbList\",\"@id\":\"https:\\\/\\\/www.koonings.com\\\/fr\\\/product\\\/randy-fenoli-georgia\\\/#breadcrumb\",\"itemListElement\":[{\"@type\":\"ListItem\",\"position\":1,\"name\":\"Home\",\"item\":\"https:\\\/\\\/www.koonings.com\\\/fr\\\/\"},{\"@type\":\"ListItem\",\"position\":2,\"name\":\"Randy Fenoli Georgia\"}]},{\"@type\":\"WebSite\",\"@id\":\"https:\\\/\\\/www.koonings.com\\\/fr\\\/#website\",\"url\":\"https:\\\/\\\/www.koonings.com\\\/fr\\\/\",\"name\":\"Koonings\",\"description\":\"De grootste bruidsmodewinkel ter wereld\",\"publisher\":{\"@id\":\"https:\\\/\\\/www.koonings.com\\\/fr\\\/#organization\"},\"potentialAction\":[{\"@type\":\"SearchAction\",\"target\":{\"@type\":\"EntryPoint\",\"urlTemplate\":\"https:\\\/\\\/www.koonings.com\\\/fr\\\/?s={search_term_string}\"},\"query-input\":{\"@type\":\"PropertyValueSpecification\",\"valueRequired\":true,\"valueName\":\"search_term_string\"}}],\"inLanguage\":\"fr-FR\"},{\"@type\":\"Organization\",\"@id\":\"https:\\\/\\\/www.koonings.com\\\/fr\\\/#organization\",\"name\":\"Koonings\",\"url\":\"https:\\\/\\\/www.koonings.com\\\/fr\\\/\",\"logo\":{\"@type\":\"ImageObject\",\"inLanguage\":\"fr-FR\",\"@id\":\"https:\\\/\\\/www.koonings.com\\\/fr\\\/#\\\/schema\\\/logo\\\/image\\\/\",\"url\":\"https:\\\/\\\/www.koonings.com\\\/wp-content\\\/uploads\\\/2024\\\/07\\\/logo.png\",\"contentUrl\":\"https:\\\/\\\/www.koonings.com\\\/wp-content\\\/uploads\\\/2024\\\/07\\\/logo.png\",\"width\":600,\"height\":428,\"caption\":\"Koonings\"},\"image\":{\"@id\":\"https:\\\/\\\/www.koonings.com\\\/fr\\\/#\\\/schema\\\/logo\\\/image\\\/\"},\"sameAs\":[\"https:\\\/\\\/www.facebook.com\\\/kooningstheweddingpalace\",\"https:\\\/\\\/www.instagram.com\\\/kooningstheweddingpalace\",\"https:\\\/\\\/www.pinterest.com\\\/koonings\",\"https:\\\/\\\/www.youtube.com\\\/kooningstheweddingpalace\"]}]}<\/script>\n<!-- \/ Yoast SEO plugin. -->","yoast_head_json":{"title":"Randy Fenoli Georgia | Koonings","description":"Georgia-Luxe est une robe de bal magnifiquement f\u00e9minine avec un corsage en mikado et une jupe en tulle. Le corsage est dot\u00e9 d'une armature sur le devant et dans le dos pour donner l'impression d'un corset structur\u00e9. L'encolure en forme de c\u0153ur est orn\u00e9e de magnifiques perles qui \u00e9mergent derri\u00e8re la d\u00e9coupe du corsage en mikado. Une d\u00e9licate ceinture en mikado s'attache \u00e0 la taille avec un n\u0153ud \u00e9troit et des manches chauve-souris au centre du devant. Georgia-Luxe est une robe de r\u00eave, parfaite pour les mari\u00e9es romantiques et coquettes !","robots":{"index":"index","follow":"follow","max-snippet":"max-snippet:-1","max-image-preview":"max-image-preview:large","max-video-preview":"max-video-preview:-1"},"canonical":"https:\/\/www.koonings.com\/fr\/product\/randy-fenoli-georgia\/","og_locale":"fr_FR","og_type":"article","og_title":"Randy Fenoli Georgia | Koonings","og_description":"Georgia-Luxe est une robe de bal magnifiquement f\u00e9minine avec un corsage en mikado et une jupe en tulle. Le corsage est dot\u00e9 d'une armature sur le devant et dans le dos pour donner l'impression d'un corset structur\u00e9. L'encolure en forme de c\u0153ur est orn\u00e9e de magnifiques perles qui \u00e9mergent derri\u00e8re la d\u00e9coupe du corsage en mikado. Une d\u00e9licate ceinture en mikado s'attache \u00e0 la taille avec un n\u0153ud \u00e9troit et des manches chauve-souris au centre du devant. Georgia-Luxe est une robe de r\u00eave, parfaite pour les mari\u00e9es romantiques et coquettes !","og_url":"https:\/\/www.koonings.com\/fr\/product\/randy-fenoli-georgia\/","og_site_name":"Koonings","article_publisher":"https:\/\/www.facebook.com\/kooningstheweddingpalace","og_image":[{"width":1400,"height":1979,"url":"https:\/\/www.koonings.com\/wp-content\/uploads\/2024\/11\/40789_6bf9358c3c723b3a3274a7ae14d1fdc205e155d2c64637c696fbc5c48e41d693cd1df020.jpeg","type":"image\/jpeg"}],"twitter_card":"summary_large_image","schema":{"@context":"https:\/\/schema.org","@graph":[{"@type":"WebPage","@id":"https:\/\/www.koonings.com\/fr\/product\/randy-fenoli-georgia\/","url":"https:\/\/www.koonings.com\/fr\/product\/randy-fenoli-georgia\/","name":"Randy Fenoli Georgia | Koonings","isPartOf":{"@id":"https:\/\/www.koonings.com\/fr\/#website"},"primaryImageOfPage":{"@id":"https:\/\/www.koonings.com\/fr\/product\/randy-fenoli-georgia\/#primaryimage"},"image":{"@id":"https:\/\/www.koonings.com\/fr\/product\/randy-fenoli-georgia\/#primaryimage"},"thumbnailUrl":"https:\/\/www.koonings.com\/wp-content\/uploads\/2024\/11\/40789_6bf9358c3c723b3a3274a7ae14d1fdc205e155d2c64637c696fbc5c48e41d693cd1df020.jpeg","datePublished":"2026-04-21T16:22:43+00:00","description":"Georgia-Luxe est une robe de bal magnifiquement f\u00e9minine avec un corsage en mikado et une jupe en tulle. Le corsage est dot\u00e9 d'une armature sur le devant et dans le dos pour donner l'impression d'un corset structur\u00e9. L'encolure en forme de c\u0153ur est orn\u00e9e de magnifiques perles qui \u00e9mergent derri\u00e8re la d\u00e9coupe du corsage en mikado. Une d\u00e9licate ceinture en mikado s'attache \u00e0 la taille avec un n\u0153ud \u00e9troit et des manches chauve-souris au centre du devant. Georgia-Luxe est une robe de r\u00eave, parfaite pour les mari\u00e9es romantiques et coquettes !","breadcrumb":{"@id":"https:\/\/www.koonings.com\/fr\/product\/randy-fenoli-georgia\/#breadcrumb"},"inLanguage":"fr-FR","potentialAction":[{"@type":"ReadAction","target":["https:\/\/www.koonings.com\/fr\/product\/randy-fenoli-georgia\/"]}]},{"@type":"ImageObject","inLanguage":"fr-FR","@id":"https:\/\/www.koonings.com\/fr\/product\/randy-fenoli-georgia\/#primaryimage","url":"https:\/\/www.koonings.com\/wp-content\/uploads\/2024\/11\/40789_6bf9358c3c723b3a3274a7ae14d1fdc205e155d2c64637c696fbc5c48e41d693cd1df020.jpeg","contentUrl":"https:\/\/www.koonings.com\/wp-content\/uploads\/2024\/11\/40789_6bf9358c3c723b3a3274a7ae14d1fdc205e155d2c64637c696fbc5c48e41d693cd1df020.jpeg","width":1400,"height":1979},{"@type":"BreadcrumbList","@id":"https:\/\/www.koonings.com\/fr\/product\/randy-fenoli-georgia\/#breadcrumb","itemListElement":[{"@type":"ListItem","position":1,"name":"Home","item":"https:\/\/www.koonings.com\/fr\/"},{"@type":"ListItem","position":2,"name":"Randy Fenoli Georgia"}]},{"@type":"WebSite","@id":"https:\/\/www.koonings.com\/fr\/#website","url":"https:\/\/www.koonings.com\/fr\/","name":"Koonings","description":"De grootste bruidsmodewinkel ter wereld","publisher":{"@id":"https:\/\/www.koonings.com\/fr\/#organization"},"potentialAction":[{"@type":"SearchAction","target":{"@type":"EntryPoint","urlTemplate":"https:\/\/www.koonings.com\/fr\/?s={search_term_string}"},"query-input":{"@type":"PropertyValueSpecification","valueRequired":true,"valueName":"search_term_string"}}],"inLanguage":"fr-FR"},{"@type":"Organization","@id":"https:\/\/www.koonings.com\/fr\/#organization","name":"Koonings","url":"https:\/\/www.koonings.com\/fr\/","logo":{"@type":"ImageObject","inLanguage":"fr-FR","@id":"https:\/\/www.koonings.com\/fr\/#\/schema\/logo\/image\/","url":"https:\/\/www.koonings.com\/wp-content\/uploads\/2024\/07\/logo.png","contentUrl":"https:\/\/www.koonings.com\/wp-content\/uploads\/2024\/07\/logo.png","width":600,"height":428,"caption":"Koonings"},"image":{"@id":"https:\/\/www.koonings.com\/fr\/#\/schema\/logo\/image\/"},"sameAs":["https:\/\/www.facebook.com\/kooningstheweddingpalace","https:\/\/www.instagram.com\/kooningstheweddingpalace","https:\/\/www.pinterest.com\/koonings","https:\/\/www.youtube.com\/kooningstheweddingpalace"]}]}},"_links":{"self":[{"href":"https:\/\/www.koonings.com\/fr\/wp-json\/wp\/v2\/product\/58963","targetHints":{"allow":["GET"]}}],"collection":[{"href":"https:\/\/www.koonings.com\/fr\/wp-json\/wp\/v2\/product"}],"about":[{"href":"https:\/\/www.koonings.com\/fr\/wp-json\/wp\/v2\/types\/product"}],"wp:featuredmedia":[{"embeddable":true,"href":"https:\/\/www.koonings.com\/fr\/wp-json\/wp\/v2\/media\/46898"}],"wp:attachment":[{"href":"https:\/\/www.koonings.com\/fr\/wp-json\/wp\/v2\/media?parent=58963"}],"wp:term":[{"taxonomy":"productdetails","embeddable":true,"href":"https:\/\/www.koonings.com\/fr\/wp-json\/wp\/v2\/productdetails?post=58963"},{"taxonomy":"productneck","embeddable":true,"href":"https:\/\/www.koonings.com\/fr\/wp-json\/wp\/v2\/productneck?post=58963"},{"taxonomy":"productcolor","embeddable":true,"href":"https:\/\/www.koonings.com\/fr\/wp-json\/wp\/v2\/productcolor?post=58963"},{"taxonomy":"maat","embeddable":true,"href":"https:\/\/www.koonings.com\/fr\/wp-json\/wp\/v2\/maat?post=58963"},{"taxonomy":"productsupplier","embeddable":true,"href":"https:\/\/www.koonings.com\/fr\/wp-json\/wp\/v2\/productsupplier?post=58963"},{"taxonomy":"productsleeve","embeddable":true,"href":"https:\/\/www.koonings.com\/fr\/wp-json\/wp\/v2\/productsleeve?post=58963"},{"taxonomy":"productcategory","embeddable":true,"href":"https:\/\/www.koonings.com\/fr\/wp-json\/wp\/v2\/productcategory?post=58963"},{"taxonomy":"productsilhouette","embeddable":true,"href":"https:\/\/www.koonings.com\/fr\/wp-json\/wp\/v2\/productsilhouette?post=58963"},{"taxonomy":"productstyle","embeddable":true,"href":"https:\/\/www.koonings.com\/fr\/wp-json\/wp\/v2\/productstyle?post=58963"}],"curies":[{"name":"wp","href":"https:\/\/api.w.org\/{rel}","templated":true}]}}