{"id":58927,"date":"2025-12-15T00:36:31","date_gmt":"2025-12-14T23:36:31","guid":{"rendered":"https:\/\/www.koonings.com\/product\/rosa-clara-catelin\/"},"modified":"2026-02-03T18:44:06","modified_gmt":"2026-02-03T17:44:06","slug":"rosa-clara-catelin","status":"publish","type":"product","link":"https:\/\/www.koonings.com\/fr\/product\/rosa-clara-catelin\/","title":{"rendered":"Rosa Clara Catelin"},"content":{"rendered":"<p>Robe de mari\u00e9e longue et sexy en tulle combin\u00e9 \u00e0 de la dentelle et des perles. L&#8217;encolure en forme de c\u0153ur, le dos corset\u00e9 et les longues manches amovibles compl\u00e8tent le look. Une cr\u00e9ation exclusive de Rosa Clar\u00e1 Soft.  <\/p>\n","protected":false},"featured_media":47137,"template":"","meta":{"_acf_changed":false,"ghostkit_customizer_options":"","ghostkit_custom_css":"","ghostkit_custom_js_head":"","ghostkit_custom_js_foot":"","ghostkit_typography":""},"productdetails":[381],"productneck":[356],"productcolor":[392],"maat":[],"productsupplier":[396],"productsleeve":[357,362],"productcategory":[18],"productsilhouette":[389],"productstyle":[370],"class_list":["post-58927","product","type-product","status-publish","has-post-thumbnail","hentry","productdetails-381","productneck-356","productcolor-392","productsupplier-rosa-clara","productsleeve-357","productsleeve-362","productcategory-trouwjurken","productsilhouette-389","productstyle-370"],"acf":[],"yoast_head":"<!-- This site is optimized with the Yoast SEO plugin v27.3 - https:\/\/yoast.com\/product\/yoast-seo-wordpress\/ -->\n<title>Rosa Clara Catelin | Koonings<\/title>\n<meta name=\"description\" content=\"Robe de mari\u00e9e longue et sexy en tulle combin\u00e9 \u00e0 de la dentelle et des perles. L&#039;encolure en forme de c\u0153ur, le dos corset\u00e9 et les longues manches amovibles compl\u00e8tent le look. Une cr\u00e9ation exclusive de Rosa Clar\u00e1 Soft.\" \/>\n<meta name=\"robots\" content=\"index, follow, max-snippet:-1, max-image-preview:large, max-video-preview:-1\" \/>\n<link rel=\"canonical\" href=\"https:\/\/www.koonings.com\/fr\/product\/rosa-clara-catelin\/\" \/>\n<meta property=\"og:locale\" content=\"fr_FR\" \/>\n<meta property=\"og:type\" content=\"article\" \/>\n<meta property=\"og:title\" content=\"Rosa Clara Catelin | Koonings\" \/>\n<meta property=\"og:description\" content=\"Robe de mari\u00e9e longue et sexy en tulle combin\u00e9 \u00e0 de la dentelle et des perles. L&#039;encolure en forme de c\u0153ur, le dos corset\u00e9 et les longues manches amovibles compl\u00e8tent le look. Une cr\u00e9ation exclusive de Rosa Clar\u00e1 Soft.\" \/>\n<meta property=\"og:url\" content=\"https:\/\/www.koonings.com\/fr\/product\/rosa-clara-catelin\/\" \/>\n<meta property=\"og:site_name\" content=\"Koonings\" \/>\n<meta property=\"article:publisher\" content=\"https:\/\/www.facebook.com\/kooningstheweddingpalace\" \/>\n<meta property=\"article:modified_time\" content=\"2026-02-03T17:44:06+00:00\" \/>\n<meta property=\"og:image\" content=\"https:\/\/www.koonings.com\/wp-content\/uploads\/2024\/11\/40824_a28403d4f3c1ac4eae27a14198f8f1c9b40d12b6df5a556a367210468a24e64df173c637.jpeg\" \/>\n\t<meta property=\"og:image:width\" content=\"1536\" \/>\n\t<meta property=\"og:image:height\" content=\"1920\" \/>\n\t<meta property=\"og:image:type\" content=\"image\/jpeg\" \/>\n<meta name=\"twitter:card\" content=\"summary_large_image\" \/>\n<script type=\"application\/ld+json\" class=\"yoast-schema-graph\">{\"@context\":\"https:\\\/\\\/schema.org\",\"@graph\":[{\"@type\":\"WebPage\",\"@id\":\"https:\\\/\\\/www.koonings.com\\\/fr\\\/product\\\/rosa-clara-catelin\\\/\",\"url\":\"https:\\\/\\\/www.koonings.com\\\/fr\\\/product\\\/rosa-clara-catelin\\\/\",\"name\":\"Rosa Clara Catelin | Koonings\",\"isPartOf\":{\"@id\":\"https:\\\/\\\/www.koonings.com\\\/fr\\\/#website\"},\"primaryImageOfPage\":{\"@id\":\"https:\\\/\\\/www.koonings.com\\\/fr\\\/product\\\/rosa-clara-catelin\\\/#primaryimage\"},\"image\":{\"@id\":\"https:\\\/\\\/www.koonings.com\\\/fr\\\/product\\\/rosa-clara-catelin\\\/#primaryimage\"},\"thumbnailUrl\":\"https:\\\/\\\/www.koonings.com\\\/wp-content\\\/uploads\\\/2024\\\/11\\\/40824_a28403d4f3c1ac4eae27a14198f8f1c9b40d12b6df5a556a367210468a24e64df173c637.jpeg\",\"datePublished\":\"2025-12-14T23:36:31+00:00\",\"dateModified\":\"2026-02-03T17:44:06+00:00\",\"description\":\"Robe de mari\u00e9e longue et sexy en tulle combin\u00e9 \u00e0 de la dentelle et des perles. L'encolure en forme de c\u0153ur, le dos corset\u00e9 et les longues manches amovibles compl\u00e8tent le look. Une cr\u00e9ation exclusive de Rosa Clar\u00e1 Soft.\",\"breadcrumb\":{\"@id\":\"https:\\\/\\\/www.koonings.com\\\/fr\\\/product\\\/rosa-clara-catelin\\\/#breadcrumb\"},\"inLanguage\":\"fr-FR\",\"potentialAction\":[{\"@type\":\"ReadAction\",\"target\":[\"https:\\\/\\\/www.koonings.com\\\/fr\\\/product\\\/rosa-clara-catelin\\\/\"]}]},{\"@type\":\"ImageObject\",\"inLanguage\":\"fr-FR\",\"@id\":\"https:\\\/\\\/www.koonings.com\\\/fr\\\/product\\\/rosa-clara-catelin\\\/#primaryimage\",\"url\":\"https:\\\/\\\/www.koonings.com\\\/wp-content\\\/uploads\\\/2024\\\/11\\\/40824_a28403d4f3c1ac4eae27a14198f8f1c9b40d12b6df5a556a367210468a24e64df173c637.jpeg\",\"contentUrl\":\"https:\\\/\\\/www.koonings.com\\\/wp-content\\\/uploads\\\/2024\\\/11\\\/40824_a28403d4f3c1ac4eae27a14198f8f1c9b40d12b6df5a556a367210468a24e64df173c637.jpeg\",\"width\":1536,\"height\":1920},{\"@type\":\"BreadcrumbList\",\"@id\":\"https:\\\/\\\/www.koonings.com\\\/fr\\\/product\\\/rosa-clara-catelin\\\/#breadcrumb\",\"itemListElement\":[{\"@type\":\"ListItem\",\"position\":1,\"name\":\"Home\",\"item\":\"https:\\\/\\\/www.koonings.com\\\/fr\\\/\"},{\"@type\":\"ListItem\",\"position\":2,\"name\":\"Rosa Clara Catelin\"}]},{\"@type\":\"WebSite\",\"@id\":\"https:\\\/\\\/www.koonings.com\\\/fr\\\/#website\",\"url\":\"https:\\\/\\\/www.koonings.com\\\/fr\\\/\",\"name\":\"Koonings\",\"description\":\"De grootste bruidsmodewinkel ter wereld\",\"publisher\":{\"@id\":\"https:\\\/\\\/www.koonings.com\\\/fr\\\/#organization\"},\"potentialAction\":[{\"@type\":\"SearchAction\",\"target\":{\"@type\":\"EntryPoint\",\"urlTemplate\":\"https:\\\/\\\/www.koonings.com\\\/fr\\\/?s={search_term_string}\"},\"query-input\":{\"@type\":\"PropertyValueSpecification\",\"valueRequired\":true,\"valueName\":\"search_term_string\"}}],\"inLanguage\":\"fr-FR\"},{\"@type\":\"Organization\",\"@id\":\"https:\\\/\\\/www.koonings.com\\\/fr\\\/#organization\",\"name\":\"Koonings\",\"url\":\"https:\\\/\\\/www.koonings.com\\\/fr\\\/\",\"logo\":{\"@type\":\"ImageObject\",\"inLanguage\":\"fr-FR\",\"@id\":\"https:\\\/\\\/www.koonings.com\\\/fr\\\/#\\\/schema\\\/logo\\\/image\\\/\",\"url\":\"https:\\\/\\\/www.koonings.com\\\/wp-content\\\/uploads\\\/2024\\\/07\\\/logo.png\",\"contentUrl\":\"https:\\\/\\\/www.koonings.com\\\/wp-content\\\/uploads\\\/2024\\\/07\\\/logo.png\",\"width\":600,\"height\":428,\"caption\":\"Koonings\"},\"image\":{\"@id\":\"https:\\\/\\\/www.koonings.com\\\/fr\\\/#\\\/schema\\\/logo\\\/image\\\/\"},\"sameAs\":[\"https:\\\/\\\/www.facebook.com\\\/kooningstheweddingpalace\",\"https:\\\/\\\/www.instagram.com\\\/kooningstheweddingpalace\",\"https:\\\/\\\/www.pinterest.com\\\/koonings\",\"https:\\\/\\\/www.youtube.com\\\/kooningstheweddingpalace\"]}]}<\/script>\n<!-- \/ Yoast SEO plugin. -->","yoast_head_json":{"title":"Rosa Clara Catelin | Koonings","description":"Robe de mari\u00e9e longue et sexy en tulle combin\u00e9 \u00e0 de la dentelle et des perles. L'encolure en forme de c\u0153ur, le dos corset\u00e9 et les longues manches amovibles compl\u00e8tent le look. Une cr\u00e9ation exclusive de Rosa Clar\u00e1 Soft.","robots":{"index":"index","follow":"follow","max-snippet":"max-snippet:-1","max-image-preview":"max-image-preview:large","max-video-preview":"max-video-preview:-1"},"canonical":"https:\/\/www.koonings.com\/fr\/product\/rosa-clara-catelin\/","og_locale":"fr_FR","og_type":"article","og_title":"Rosa Clara Catelin | Koonings","og_description":"Robe de mari\u00e9e longue et sexy en tulle combin\u00e9 \u00e0 de la dentelle et des perles. L'encolure en forme de c\u0153ur, le dos corset\u00e9 et les longues manches amovibles compl\u00e8tent le look. Une cr\u00e9ation exclusive de Rosa Clar\u00e1 Soft.","og_url":"https:\/\/www.koonings.com\/fr\/product\/rosa-clara-catelin\/","og_site_name":"Koonings","article_publisher":"https:\/\/www.facebook.com\/kooningstheweddingpalace","article_modified_time":"2026-02-03T17:44:06+00:00","og_image":[{"width":1536,"height":1920,"url":"https:\/\/www.koonings.com\/wp-content\/uploads\/2024\/11\/40824_a28403d4f3c1ac4eae27a14198f8f1c9b40d12b6df5a556a367210468a24e64df173c637.jpeg","type":"image\/jpeg"}],"twitter_card":"summary_large_image","schema":{"@context":"https:\/\/schema.org","@graph":[{"@type":"WebPage","@id":"https:\/\/www.koonings.com\/fr\/product\/rosa-clara-catelin\/","url":"https:\/\/www.koonings.com\/fr\/product\/rosa-clara-catelin\/","name":"Rosa Clara Catelin | Koonings","isPartOf":{"@id":"https:\/\/www.koonings.com\/fr\/#website"},"primaryImageOfPage":{"@id":"https:\/\/www.koonings.com\/fr\/product\/rosa-clara-catelin\/#primaryimage"},"image":{"@id":"https:\/\/www.koonings.com\/fr\/product\/rosa-clara-catelin\/#primaryimage"},"thumbnailUrl":"https:\/\/www.koonings.com\/wp-content\/uploads\/2024\/11\/40824_a28403d4f3c1ac4eae27a14198f8f1c9b40d12b6df5a556a367210468a24e64df173c637.jpeg","datePublished":"2025-12-14T23:36:31+00:00","dateModified":"2026-02-03T17:44:06+00:00","description":"Robe de mari\u00e9e longue et sexy en tulle combin\u00e9 \u00e0 de la dentelle et des perles. L'encolure en forme de c\u0153ur, le dos corset\u00e9 et les longues manches amovibles compl\u00e8tent le look. Une cr\u00e9ation exclusive de Rosa Clar\u00e1 Soft.","breadcrumb":{"@id":"https:\/\/www.koonings.com\/fr\/product\/rosa-clara-catelin\/#breadcrumb"},"inLanguage":"fr-FR","potentialAction":[{"@type":"ReadAction","target":["https:\/\/www.koonings.com\/fr\/product\/rosa-clara-catelin\/"]}]},{"@type":"ImageObject","inLanguage":"fr-FR","@id":"https:\/\/www.koonings.com\/fr\/product\/rosa-clara-catelin\/#primaryimage","url":"https:\/\/www.koonings.com\/wp-content\/uploads\/2024\/11\/40824_a28403d4f3c1ac4eae27a14198f8f1c9b40d12b6df5a556a367210468a24e64df173c637.jpeg","contentUrl":"https:\/\/www.koonings.com\/wp-content\/uploads\/2024\/11\/40824_a28403d4f3c1ac4eae27a14198f8f1c9b40d12b6df5a556a367210468a24e64df173c637.jpeg","width":1536,"height":1920},{"@type":"BreadcrumbList","@id":"https:\/\/www.koonings.com\/fr\/product\/rosa-clara-catelin\/#breadcrumb","itemListElement":[{"@type":"ListItem","position":1,"name":"Home","item":"https:\/\/www.koonings.com\/fr\/"},{"@type":"ListItem","position":2,"name":"Rosa Clara Catelin"}]},{"@type":"WebSite","@id":"https:\/\/www.koonings.com\/fr\/#website","url":"https:\/\/www.koonings.com\/fr\/","name":"Koonings","description":"De grootste bruidsmodewinkel ter wereld","publisher":{"@id":"https:\/\/www.koonings.com\/fr\/#organization"},"potentialAction":[{"@type":"SearchAction","target":{"@type":"EntryPoint","urlTemplate":"https:\/\/www.koonings.com\/fr\/?s={search_term_string}"},"query-input":{"@type":"PropertyValueSpecification","valueRequired":true,"valueName":"search_term_string"}}],"inLanguage":"fr-FR"},{"@type":"Organization","@id":"https:\/\/www.koonings.com\/fr\/#organization","name":"Koonings","url":"https:\/\/www.koonings.com\/fr\/","logo":{"@type":"ImageObject","inLanguage":"fr-FR","@id":"https:\/\/www.koonings.com\/fr\/#\/schema\/logo\/image\/","url":"https:\/\/www.koonings.com\/wp-content\/uploads\/2024\/07\/logo.png","contentUrl":"https:\/\/www.koonings.com\/wp-content\/uploads\/2024\/07\/logo.png","width":600,"height":428,"caption":"Koonings"},"image":{"@id":"https:\/\/www.koonings.com\/fr\/#\/schema\/logo\/image\/"},"sameAs":["https:\/\/www.facebook.com\/kooningstheweddingpalace","https:\/\/www.instagram.com\/kooningstheweddingpalace","https:\/\/www.pinterest.com\/koonings","https:\/\/www.youtube.com\/kooningstheweddingpalace"]}]}},"_links":{"self":[{"href":"https:\/\/www.koonings.com\/fr\/wp-json\/wp\/v2\/product\/58927","targetHints":{"allow":["GET"]}}],"collection":[{"href":"https:\/\/www.koonings.com\/fr\/wp-json\/wp\/v2\/product"}],"about":[{"href":"https:\/\/www.koonings.com\/fr\/wp-json\/wp\/v2\/types\/product"}],"wp:featuredmedia":[{"embeddable":true,"href":"https:\/\/www.koonings.com\/fr\/wp-json\/wp\/v2\/media\/47137"}],"wp:attachment":[{"href":"https:\/\/www.koonings.com\/fr\/wp-json\/wp\/v2\/media?parent=58927"}],"wp:term":[{"taxonomy":"productdetails","embeddable":true,"href":"https:\/\/www.koonings.com\/fr\/wp-json\/wp\/v2\/productdetails?post=58927"},{"taxonomy":"productneck","embeddable":true,"href":"https:\/\/www.koonings.com\/fr\/wp-json\/wp\/v2\/productneck?post=58927"},{"taxonomy":"productcolor","embeddable":true,"href":"https:\/\/www.koonings.com\/fr\/wp-json\/wp\/v2\/productcolor?post=58927"},{"taxonomy":"maat","embeddable":true,"href":"https:\/\/www.koonings.com\/fr\/wp-json\/wp\/v2\/maat?post=58927"},{"taxonomy":"productsupplier","embeddable":true,"href":"https:\/\/www.koonings.com\/fr\/wp-json\/wp\/v2\/productsupplier?post=58927"},{"taxonomy":"productsleeve","embeddable":true,"href":"https:\/\/www.koonings.com\/fr\/wp-json\/wp\/v2\/productsleeve?post=58927"},{"taxonomy":"productcategory","embeddable":true,"href":"https:\/\/www.koonings.com\/fr\/wp-json\/wp\/v2\/productcategory?post=58927"},{"taxonomy":"productsilhouette","embeddable":true,"href":"https:\/\/www.koonings.com\/fr\/wp-json\/wp\/v2\/productsilhouette?post=58927"},{"taxonomy":"productstyle","embeddable":true,"href":"https:\/\/www.koonings.com\/fr\/wp-json\/wp\/v2\/productstyle?post=58927"}],"curies":[{"name":"wp","href":"https:\/\/api.w.org\/{rel}","templated":true}]}}