{"id":58919,"date":"2026-05-06T15:22:37","date_gmt":"2026-05-06T13:22:37","guid":{"rendered":"https:\/\/www.koonings.com\/product\/rosa-clara-alette\/"},"modified":"2025-06-05T13:13:06","modified_gmt":"2025-06-05T11:13:06","slug":"rosa-clara-alette","status":"publish","type":"product","link":"https:\/\/www.koonings.com\/fr\/product\/rosa-clara-alette\/","title":{"rendered":"Rosa Clara Alette"},"content":{"rendered":"<p>Robe de mari\u00e9e deux pi\u00e8ces souple de style sir\u00e8ne, r\u00e9alis\u00e9e en cr\u00eape extensible associ\u00e9 \u00e0 de la dentelle et des perles. D\u00e9collet\u00e9 profond, dos ouvert, bretelles, tra\u00eene de dentelle et de perles et cape en georgette. Une parure de mari\u00e9e sign\u00e9e Rosa Clar\u00e1.<br \/>\nRetour d&#8217;information<\/p>\n","protected":false},"featured_media":47154,"template":"","meta":{"_acf_changed":false,"ghostkit_customizer_options":"","ghostkit_custom_css":"","ghostkit_custom_js_head":"","ghostkit_custom_js_foot":"","ghostkit_typography":""},"productdetails":[376],"productneck":[355],"productcolor":[392],"maat":[],"productsupplier":[396],"productsleeve":[359],"productcategory":[18],"productsilhouette":[387,389,391],"productstyle":[366,370],"class_list":["post-58919","product","type-product","status-publish","has-post-thumbnail","hentry","productdetails-376","productneck-355","productcolor-392","productsupplier-rosa-clara","productsleeve-359","productcategory-trouwjurken","productsilhouette-387","productsilhouette-389","productsilhouette-391","productstyle-366","productstyle-370"],"acf":[],"yoast_head":"<!-- This site is optimized with the Yoast SEO plugin v27.3 - https:\/\/yoast.com\/product\/yoast-seo-wordpress\/ -->\n<title>Rosa Clara Alette | Koonings<\/title>\n<meta name=\"description\" content=\"Robe de mari\u00e9e deux pi\u00e8ces souple de style sir\u00e8ne, r\u00e9alis\u00e9e en cr\u00eape extensible associ\u00e9 \u00e0 de la dentelle et des perles. D\u00e9collet\u00e9 profond, dos ouvert, bretelles, tra\u00eene de dentelle et de perles et cape en georgette. Une parure de mari\u00e9e sign\u00e9e Rosa Clar\u00e1. Retour d&#039;information\" \/>\n<meta name=\"robots\" content=\"index, follow, max-snippet:-1, max-image-preview:large, max-video-preview:-1\" \/>\n<link rel=\"canonical\" href=\"https:\/\/www.koonings.com\/fr\/product\/rosa-clara-alette\/\" \/>\n<meta property=\"og:locale\" content=\"fr_FR\" \/>\n<meta property=\"og:type\" content=\"article\" \/>\n<meta property=\"og:title\" content=\"Rosa Clara Alette | Koonings\" \/>\n<meta property=\"og:description\" content=\"Robe de mari\u00e9e deux pi\u00e8ces souple de style sir\u00e8ne, r\u00e9alis\u00e9e en cr\u00eape extensible associ\u00e9 \u00e0 de la dentelle et des perles. D\u00e9collet\u00e9 profond, dos ouvert, bretelles, tra\u00eene de dentelle et de perles et cape en georgette. Une parure de mari\u00e9e sign\u00e9e Rosa Clar\u00e1. Retour d&#039;information\" \/>\n<meta property=\"og:url\" content=\"https:\/\/www.koonings.com\/fr\/product\/rosa-clara-alette\/\" \/>\n<meta property=\"og:site_name\" content=\"Koonings\" \/>\n<meta property=\"article:publisher\" content=\"https:\/\/www.facebook.com\/kooningstheweddingpalace\" \/>\n<meta property=\"og:image\" content=\"https:\/\/www.koonings.com\/wp-content\/uploads\/2024\/11\/40830_f2b27e035a3975f25261136baed2ecb0e8dfd8d36d5479ee568f9a2c45a171ab7ecddb67.jpeg\" \/>\n\t<meta property=\"og:image:width\" content=\"1536\" \/>\n\t<meta property=\"og:image:height\" content=\"1920\" \/>\n\t<meta property=\"og:image:type\" content=\"image\/jpeg\" \/>\n<meta name=\"twitter:card\" content=\"summary_large_image\" \/>\n<script type=\"application\/ld+json\" class=\"yoast-schema-graph\">{\"@context\":\"https:\\\/\\\/schema.org\",\"@graph\":[{\"@type\":\"WebPage\",\"@id\":\"https:\\\/\\\/www.koonings.com\\\/fr\\\/product\\\/rosa-clara-alette\\\/\",\"url\":\"https:\\\/\\\/www.koonings.com\\\/fr\\\/product\\\/rosa-clara-alette\\\/\",\"name\":\"Rosa Clara Alette | Koonings\",\"isPartOf\":{\"@id\":\"https:\\\/\\\/www.koonings.com\\\/fr\\\/#website\"},\"primaryImageOfPage\":{\"@id\":\"https:\\\/\\\/www.koonings.com\\\/fr\\\/product\\\/rosa-clara-alette\\\/#primaryimage\"},\"image\":{\"@id\":\"https:\\\/\\\/www.koonings.com\\\/fr\\\/product\\\/rosa-clara-alette\\\/#primaryimage\"},\"thumbnailUrl\":\"https:\\\/\\\/www.koonings.com\\\/wp-content\\\/uploads\\\/2024\\\/11\\\/40830_f2b27e035a3975f25261136baed2ecb0e8dfd8d36d5479ee568f9a2c45a171ab7ecddb67.jpeg\",\"datePublished\":\"2026-05-06T13:22:37+00:00\",\"description\":\"Robe de mari\u00e9e deux pi\u00e8ces souple de style sir\u00e8ne, r\u00e9alis\u00e9e en cr\u00eape extensible associ\u00e9 \u00e0 de la dentelle et des perles. D\u00e9collet\u00e9 profond, dos ouvert, bretelles, tra\u00eene de dentelle et de perles et cape en georgette. Une parure de mari\u00e9e sign\u00e9e Rosa Clar\u00e1. Retour d'information\",\"breadcrumb\":{\"@id\":\"https:\\\/\\\/www.koonings.com\\\/fr\\\/product\\\/rosa-clara-alette\\\/#breadcrumb\"},\"inLanguage\":\"fr-FR\",\"potentialAction\":[{\"@type\":\"ReadAction\",\"target\":[\"https:\\\/\\\/www.koonings.com\\\/fr\\\/product\\\/rosa-clara-alette\\\/\"]}]},{\"@type\":\"ImageObject\",\"inLanguage\":\"fr-FR\",\"@id\":\"https:\\\/\\\/www.koonings.com\\\/fr\\\/product\\\/rosa-clara-alette\\\/#primaryimage\",\"url\":\"https:\\\/\\\/www.koonings.com\\\/wp-content\\\/uploads\\\/2024\\\/11\\\/40830_f2b27e035a3975f25261136baed2ecb0e8dfd8d36d5479ee568f9a2c45a171ab7ecddb67.jpeg\",\"contentUrl\":\"https:\\\/\\\/www.koonings.com\\\/wp-content\\\/uploads\\\/2024\\\/11\\\/40830_f2b27e035a3975f25261136baed2ecb0e8dfd8d36d5479ee568f9a2c45a171ab7ecddb67.jpeg\",\"width\":1536,\"height\":1920},{\"@type\":\"BreadcrumbList\",\"@id\":\"https:\\\/\\\/www.koonings.com\\\/fr\\\/product\\\/rosa-clara-alette\\\/#breadcrumb\",\"itemListElement\":[{\"@type\":\"ListItem\",\"position\":1,\"name\":\"Home\",\"item\":\"https:\\\/\\\/www.koonings.com\\\/fr\\\/\"},{\"@type\":\"ListItem\",\"position\":2,\"name\":\"Rosa Clara Alette\"}]},{\"@type\":\"WebSite\",\"@id\":\"https:\\\/\\\/www.koonings.com\\\/fr\\\/#website\",\"url\":\"https:\\\/\\\/www.koonings.com\\\/fr\\\/\",\"name\":\"Koonings\",\"description\":\"De grootste bruidsmodewinkel ter wereld\",\"publisher\":{\"@id\":\"https:\\\/\\\/www.koonings.com\\\/fr\\\/#organization\"},\"potentialAction\":[{\"@type\":\"SearchAction\",\"target\":{\"@type\":\"EntryPoint\",\"urlTemplate\":\"https:\\\/\\\/www.koonings.com\\\/fr\\\/?s={search_term_string}\"},\"query-input\":{\"@type\":\"PropertyValueSpecification\",\"valueRequired\":true,\"valueName\":\"search_term_string\"}}],\"inLanguage\":\"fr-FR\"},{\"@type\":\"Organization\",\"@id\":\"https:\\\/\\\/www.koonings.com\\\/fr\\\/#organization\",\"name\":\"Koonings\",\"url\":\"https:\\\/\\\/www.koonings.com\\\/fr\\\/\",\"logo\":{\"@type\":\"ImageObject\",\"inLanguage\":\"fr-FR\",\"@id\":\"https:\\\/\\\/www.koonings.com\\\/fr\\\/#\\\/schema\\\/logo\\\/image\\\/\",\"url\":\"https:\\\/\\\/www.koonings.com\\\/wp-content\\\/uploads\\\/2024\\\/07\\\/logo.png\",\"contentUrl\":\"https:\\\/\\\/www.koonings.com\\\/wp-content\\\/uploads\\\/2024\\\/07\\\/logo.png\",\"width\":600,\"height\":428,\"caption\":\"Koonings\"},\"image\":{\"@id\":\"https:\\\/\\\/www.koonings.com\\\/fr\\\/#\\\/schema\\\/logo\\\/image\\\/\"},\"sameAs\":[\"https:\\\/\\\/www.facebook.com\\\/kooningstheweddingpalace\",\"https:\\\/\\\/www.instagram.com\\\/kooningstheweddingpalace\",\"https:\\\/\\\/www.pinterest.com\\\/koonings\",\"https:\\\/\\\/www.youtube.com\\\/kooningstheweddingpalace\"]}]}<\/script>\n<!-- \/ Yoast SEO plugin. -->","yoast_head_json":{"title":"Rosa Clara Alette | Koonings","description":"Robe de mari\u00e9e deux pi\u00e8ces souple de style sir\u00e8ne, r\u00e9alis\u00e9e en cr\u00eape extensible associ\u00e9 \u00e0 de la dentelle et des perles. D\u00e9collet\u00e9 profond, dos ouvert, bretelles, tra\u00eene de dentelle et de perles et cape en georgette. Une parure de mari\u00e9e sign\u00e9e Rosa Clar\u00e1. Retour d'information","robots":{"index":"index","follow":"follow","max-snippet":"max-snippet:-1","max-image-preview":"max-image-preview:large","max-video-preview":"max-video-preview:-1"},"canonical":"https:\/\/www.koonings.com\/fr\/product\/rosa-clara-alette\/","og_locale":"fr_FR","og_type":"article","og_title":"Rosa Clara Alette | Koonings","og_description":"Robe de mari\u00e9e deux pi\u00e8ces souple de style sir\u00e8ne, r\u00e9alis\u00e9e en cr\u00eape extensible associ\u00e9 \u00e0 de la dentelle et des perles. D\u00e9collet\u00e9 profond, dos ouvert, bretelles, tra\u00eene de dentelle et de perles et cape en georgette. Une parure de mari\u00e9e sign\u00e9e Rosa Clar\u00e1. Retour d'information","og_url":"https:\/\/www.koonings.com\/fr\/product\/rosa-clara-alette\/","og_site_name":"Koonings","article_publisher":"https:\/\/www.facebook.com\/kooningstheweddingpalace","og_image":[{"width":1536,"height":1920,"url":"https:\/\/www.koonings.com\/wp-content\/uploads\/2024\/11\/40830_f2b27e035a3975f25261136baed2ecb0e8dfd8d36d5479ee568f9a2c45a171ab7ecddb67.jpeg","type":"image\/jpeg"}],"twitter_card":"summary_large_image","schema":{"@context":"https:\/\/schema.org","@graph":[{"@type":"WebPage","@id":"https:\/\/www.koonings.com\/fr\/product\/rosa-clara-alette\/","url":"https:\/\/www.koonings.com\/fr\/product\/rosa-clara-alette\/","name":"Rosa Clara Alette | Koonings","isPartOf":{"@id":"https:\/\/www.koonings.com\/fr\/#website"},"primaryImageOfPage":{"@id":"https:\/\/www.koonings.com\/fr\/product\/rosa-clara-alette\/#primaryimage"},"image":{"@id":"https:\/\/www.koonings.com\/fr\/product\/rosa-clara-alette\/#primaryimage"},"thumbnailUrl":"https:\/\/www.koonings.com\/wp-content\/uploads\/2024\/11\/40830_f2b27e035a3975f25261136baed2ecb0e8dfd8d36d5479ee568f9a2c45a171ab7ecddb67.jpeg","datePublished":"2026-05-06T13:22:37+00:00","description":"Robe de mari\u00e9e deux pi\u00e8ces souple de style sir\u00e8ne, r\u00e9alis\u00e9e en cr\u00eape extensible associ\u00e9 \u00e0 de la dentelle et des perles. D\u00e9collet\u00e9 profond, dos ouvert, bretelles, tra\u00eene de dentelle et de perles et cape en georgette. Une parure de mari\u00e9e sign\u00e9e Rosa Clar\u00e1. Retour d'information","breadcrumb":{"@id":"https:\/\/www.koonings.com\/fr\/product\/rosa-clara-alette\/#breadcrumb"},"inLanguage":"fr-FR","potentialAction":[{"@type":"ReadAction","target":["https:\/\/www.koonings.com\/fr\/product\/rosa-clara-alette\/"]}]},{"@type":"ImageObject","inLanguage":"fr-FR","@id":"https:\/\/www.koonings.com\/fr\/product\/rosa-clara-alette\/#primaryimage","url":"https:\/\/www.koonings.com\/wp-content\/uploads\/2024\/11\/40830_f2b27e035a3975f25261136baed2ecb0e8dfd8d36d5479ee568f9a2c45a171ab7ecddb67.jpeg","contentUrl":"https:\/\/www.koonings.com\/wp-content\/uploads\/2024\/11\/40830_f2b27e035a3975f25261136baed2ecb0e8dfd8d36d5479ee568f9a2c45a171ab7ecddb67.jpeg","width":1536,"height":1920},{"@type":"BreadcrumbList","@id":"https:\/\/www.koonings.com\/fr\/product\/rosa-clara-alette\/#breadcrumb","itemListElement":[{"@type":"ListItem","position":1,"name":"Home","item":"https:\/\/www.koonings.com\/fr\/"},{"@type":"ListItem","position":2,"name":"Rosa Clara Alette"}]},{"@type":"WebSite","@id":"https:\/\/www.koonings.com\/fr\/#website","url":"https:\/\/www.koonings.com\/fr\/","name":"Koonings","description":"De grootste bruidsmodewinkel ter wereld","publisher":{"@id":"https:\/\/www.koonings.com\/fr\/#organization"},"potentialAction":[{"@type":"SearchAction","target":{"@type":"EntryPoint","urlTemplate":"https:\/\/www.koonings.com\/fr\/?s={search_term_string}"},"query-input":{"@type":"PropertyValueSpecification","valueRequired":true,"valueName":"search_term_string"}}],"inLanguage":"fr-FR"},{"@type":"Organization","@id":"https:\/\/www.koonings.com\/fr\/#organization","name":"Koonings","url":"https:\/\/www.koonings.com\/fr\/","logo":{"@type":"ImageObject","inLanguage":"fr-FR","@id":"https:\/\/www.koonings.com\/fr\/#\/schema\/logo\/image\/","url":"https:\/\/www.koonings.com\/wp-content\/uploads\/2024\/07\/logo.png","contentUrl":"https:\/\/www.koonings.com\/wp-content\/uploads\/2024\/07\/logo.png","width":600,"height":428,"caption":"Koonings"},"image":{"@id":"https:\/\/www.koonings.com\/fr\/#\/schema\/logo\/image\/"},"sameAs":["https:\/\/www.facebook.com\/kooningstheweddingpalace","https:\/\/www.instagram.com\/kooningstheweddingpalace","https:\/\/www.pinterest.com\/koonings","https:\/\/www.youtube.com\/kooningstheweddingpalace"]}]}},"_links":{"self":[{"href":"https:\/\/www.koonings.com\/fr\/wp-json\/wp\/v2\/product\/58919","targetHints":{"allow":["GET"]}}],"collection":[{"href":"https:\/\/www.koonings.com\/fr\/wp-json\/wp\/v2\/product"}],"about":[{"href":"https:\/\/www.koonings.com\/fr\/wp-json\/wp\/v2\/types\/product"}],"wp:featuredmedia":[{"embeddable":true,"href":"https:\/\/www.koonings.com\/fr\/wp-json\/wp\/v2\/media\/47154"}],"wp:attachment":[{"href":"https:\/\/www.koonings.com\/fr\/wp-json\/wp\/v2\/media?parent=58919"}],"wp:term":[{"taxonomy":"productdetails","embeddable":true,"href":"https:\/\/www.koonings.com\/fr\/wp-json\/wp\/v2\/productdetails?post=58919"},{"taxonomy":"productneck","embeddable":true,"href":"https:\/\/www.koonings.com\/fr\/wp-json\/wp\/v2\/productneck?post=58919"},{"taxonomy":"productcolor","embeddable":true,"href":"https:\/\/www.koonings.com\/fr\/wp-json\/wp\/v2\/productcolor?post=58919"},{"taxonomy":"maat","embeddable":true,"href":"https:\/\/www.koonings.com\/fr\/wp-json\/wp\/v2\/maat?post=58919"},{"taxonomy":"productsupplier","embeddable":true,"href":"https:\/\/www.koonings.com\/fr\/wp-json\/wp\/v2\/productsupplier?post=58919"},{"taxonomy":"productsleeve","embeddable":true,"href":"https:\/\/www.koonings.com\/fr\/wp-json\/wp\/v2\/productsleeve?post=58919"},{"taxonomy":"productcategory","embeddable":true,"href":"https:\/\/www.koonings.com\/fr\/wp-json\/wp\/v2\/productcategory?post=58919"},{"taxonomy":"productsilhouette","embeddable":true,"href":"https:\/\/www.koonings.com\/fr\/wp-json\/wp\/v2\/productsilhouette?post=58919"},{"taxonomy":"productstyle","embeddable":true,"href":"https:\/\/www.koonings.com\/fr\/wp-json\/wp\/v2\/productstyle?post=58919"}],"curies":[{"name":"wp","href":"https:\/\/api.w.org\/{rel}","templated":true}]}}