{"id":58905,"date":"2026-04-14T16:24:12","date_gmt":"2026-04-14T14:24:12","guid":{"rendered":"https:\/\/www.koonings.com\/product\/rosa-clara-amaya\/"},"modified":"2025-06-05T13:18:57","modified_gmt":"2025-06-05T11:18:57","slug":"rosa-clara-amaya","status":"publish","type":"product","link":"https:\/\/www.koonings.com\/fr\/product\/rosa-clara-amaya\/","title":{"rendered":"Rosa Clara Amaya"},"content":{"rendered":"<p>Robe de mari\u00e9e classique de forme A, confectionn\u00e9e en sienne, dentelle et perles. D\u00e9collet\u00e9 profond, dos en V, jupe avec fentes lat\u00e9rales et n\u0153ud d\u00e9coratif dans le dos. Une robe de mari\u00e9e sign\u00e9e Rosa Clar\u00e1.  <\/p>\n","protected":false},"featured_media":47218,"template":"","meta":{"_acf_changed":false,"ghostkit_customizer_options":"","ghostkit_custom_css":"","ghostkit_custom_js_head":"","ghostkit_custom_js_foot":"","ghostkit_typography":""},"productdetails":[378],"productneck":[356],"productcolor":[392],"maat":[],"productsupplier":[396],"productsleeve":[359],"productcategory":[18],"productsilhouette":[384],"productstyle":[369,370],"class_list":["post-58905","product","type-product","status-publish","has-post-thumbnail","hentry","productdetails-378","productneck-356","productcolor-392","productsupplier-rosa-clara","productsleeve-359","productcategory-trouwjurken","productsilhouette-384","productstyle-369","productstyle-370"],"acf":[],"yoast_head":"<!-- This site is optimized with the Yoast SEO plugin v27.3 - https:\/\/yoast.com\/product\/yoast-seo-wordpress\/ -->\n<title>Rosa Clara Amaya | Koonings<\/title>\n<meta name=\"description\" content=\"Robe de mari\u00e9e classique de forme A, confectionn\u00e9e en sienne, dentelle et perles. D\u00e9collet\u00e9 profond, dos en V, jupe avec fentes lat\u00e9rales et n\u0153ud d\u00e9coratif dans le dos. Une robe de mari\u00e9e sign\u00e9e Rosa Clar\u00e1.\" \/>\n<meta name=\"robots\" content=\"index, follow, max-snippet:-1, max-image-preview:large, max-video-preview:-1\" \/>\n<link rel=\"canonical\" href=\"https:\/\/www.koonings.com\/fr\/product\/rosa-clara-amaya\/\" \/>\n<meta property=\"og:locale\" content=\"fr_FR\" \/>\n<meta property=\"og:type\" content=\"article\" \/>\n<meta property=\"og:title\" content=\"Rosa Clara Amaya | Koonings\" \/>\n<meta property=\"og:description\" content=\"Robe de mari\u00e9e classique de forme A, confectionn\u00e9e en sienne, dentelle et perles. D\u00e9collet\u00e9 profond, dos en V, jupe avec fentes lat\u00e9rales et n\u0153ud d\u00e9coratif dans le dos. Une robe de mari\u00e9e sign\u00e9e Rosa Clar\u00e1.\" \/>\n<meta property=\"og:url\" content=\"https:\/\/www.koonings.com\/fr\/product\/rosa-clara-amaya\/\" \/>\n<meta property=\"og:site_name\" content=\"Koonings\" \/>\n<meta property=\"article:publisher\" content=\"https:\/\/www.facebook.com\/kooningstheweddingpalace\" \/>\n<meta property=\"og:image\" content=\"https:\/\/www.koonings.com\/wp-content\/uploads\/2024\/11\/40839_160cbc7d853bc8d2be5508b8fc007e7f89e0aa96fdc0a84f6077b995aed26db0b0c2bb1e.jpeg\" \/>\n\t<meta property=\"og:image:width\" content=\"1536\" \/>\n\t<meta property=\"og:image:height\" content=\"1920\" \/>\n\t<meta property=\"og:image:type\" content=\"image\/jpeg\" \/>\n<meta name=\"twitter:card\" content=\"summary_large_image\" \/>\n<script type=\"application\/ld+json\" class=\"yoast-schema-graph\">{\"@context\":\"https:\\\/\\\/schema.org\",\"@graph\":[{\"@type\":\"WebPage\",\"@id\":\"https:\\\/\\\/www.koonings.com\\\/fr\\\/product\\\/rosa-clara-amaya\\\/\",\"url\":\"https:\\\/\\\/www.koonings.com\\\/fr\\\/product\\\/rosa-clara-amaya\\\/\",\"name\":\"Rosa Clara Amaya | Koonings\",\"isPartOf\":{\"@id\":\"https:\\\/\\\/www.koonings.com\\\/fr\\\/#website\"},\"primaryImageOfPage\":{\"@id\":\"https:\\\/\\\/www.koonings.com\\\/fr\\\/product\\\/rosa-clara-amaya\\\/#primaryimage\"},\"image\":{\"@id\":\"https:\\\/\\\/www.koonings.com\\\/fr\\\/product\\\/rosa-clara-amaya\\\/#primaryimage\"},\"thumbnailUrl\":\"https:\\\/\\\/www.koonings.com\\\/wp-content\\\/uploads\\\/2024\\\/11\\\/40839_160cbc7d853bc8d2be5508b8fc007e7f89e0aa96fdc0a84f6077b995aed26db0b0c2bb1e.jpeg\",\"datePublished\":\"2026-04-14T14:24:12+00:00\",\"description\":\"Robe de mari\u00e9e classique de forme A, confectionn\u00e9e en sienne, dentelle et perles. D\u00e9collet\u00e9 profond, dos en V, jupe avec fentes lat\u00e9rales et n\u0153ud d\u00e9coratif dans le dos. Une robe de mari\u00e9e sign\u00e9e Rosa Clar\u00e1.\",\"breadcrumb\":{\"@id\":\"https:\\\/\\\/www.koonings.com\\\/fr\\\/product\\\/rosa-clara-amaya\\\/#breadcrumb\"},\"inLanguage\":\"fr-FR\",\"potentialAction\":[{\"@type\":\"ReadAction\",\"target\":[\"https:\\\/\\\/www.koonings.com\\\/fr\\\/product\\\/rosa-clara-amaya\\\/\"]}]},{\"@type\":\"ImageObject\",\"inLanguage\":\"fr-FR\",\"@id\":\"https:\\\/\\\/www.koonings.com\\\/fr\\\/product\\\/rosa-clara-amaya\\\/#primaryimage\",\"url\":\"https:\\\/\\\/www.koonings.com\\\/wp-content\\\/uploads\\\/2024\\\/11\\\/40839_160cbc7d853bc8d2be5508b8fc007e7f89e0aa96fdc0a84f6077b995aed26db0b0c2bb1e.jpeg\",\"contentUrl\":\"https:\\\/\\\/www.koonings.com\\\/wp-content\\\/uploads\\\/2024\\\/11\\\/40839_160cbc7d853bc8d2be5508b8fc007e7f89e0aa96fdc0a84f6077b995aed26db0b0c2bb1e.jpeg\",\"width\":1536,\"height\":1920},{\"@type\":\"BreadcrumbList\",\"@id\":\"https:\\\/\\\/www.koonings.com\\\/fr\\\/product\\\/rosa-clara-amaya\\\/#breadcrumb\",\"itemListElement\":[{\"@type\":\"ListItem\",\"position\":1,\"name\":\"Home\",\"item\":\"https:\\\/\\\/www.koonings.com\\\/fr\\\/\"},{\"@type\":\"ListItem\",\"position\":2,\"name\":\"Rosa Clara Amaya\"}]},{\"@type\":\"WebSite\",\"@id\":\"https:\\\/\\\/www.koonings.com\\\/fr\\\/#website\",\"url\":\"https:\\\/\\\/www.koonings.com\\\/fr\\\/\",\"name\":\"Koonings\",\"description\":\"De grootste bruidsmodewinkel ter wereld\",\"publisher\":{\"@id\":\"https:\\\/\\\/www.koonings.com\\\/fr\\\/#organization\"},\"potentialAction\":[{\"@type\":\"SearchAction\",\"target\":{\"@type\":\"EntryPoint\",\"urlTemplate\":\"https:\\\/\\\/www.koonings.com\\\/fr\\\/?s={search_term_string}\"},\"query-input\":{\"@type\":\"PropertyValueSpecification\",\"valueRequired\":true,\"valueName\":\"search_term_string\"}}],\"inLanguage\":\"fr-FR\"},{\"@type\":\"Organization\",\"@id\":\"https:\\\/\\\/www.koonings.com\\\/fr\\\/#organization\",\"name\":\"Koonings\",\"url\":\"https:\\\/\\\/www.koonings.com\\\/fr\\\/\",\"logo\":{\"@type\":\"ImageObject\",\"inLanguage\":\"fr-FR\",\"@id\":\"https:\\\/\\\/www.koonings.com\\\/fr\\\/#\\\/schema\\\/logo\\\/image\\\/\",\"url\":\"https:\\\/\\\/www.koonings.com\\\/wp-content\\\/uploads\\\/2024\\\/07\\\/logo.png\",\"contentUrl\":\"https:\\\/\\\/www.koonings.com\\\/wp-content\\\/uploads\\\/2024\\\/07\\\/logo.png\",\"width\":600,\"height\":428,\"caption\":\"Koonings\"},\"image\":{\"@id\":\"https:\\\/\\\/www.koonings.com\\\/fr\\\/#\\\/schema\\\/logo\\\/image\\\/\"},\"sameAs\":[\"https:\\\/\\\/www.facebook.com\\\/kooningstheweddingpalace\",\"https:\\\/\\\/www.instagram.com\\\/kooningstheweddingpalace\",\"https:\\\/\\\/www.pinterest.com\\\/koonings\",\"https:\\\/\\\/www.youtube.com\\\/kooningstheweddingpalace\"]}]}<\/script>\n<!-- \/ Yoast SEO plugin. -->","yoast_head_json":{"title":"Rosa Clara Amaya | Koonings","description":"Robe de mari\u00e9e classique de forme A, confectionn\u00e9e en sienne, dentelle et perles. D\u00e9collet\u00e9 profond, dos en V, jupe avec fentes lat\u00e9rales et n\u0153ud d\u00e9coratif dans le dos. Une robe de mari\u00e9e sign\u00e9e Rosa Clar\u00e1.","robots":{"index":"index","follow":"follow","max-snippet":"max-snippet:-1","max-image-preview":"max-image-preview:large","max-video-preview":"max-video-preview:-1"},"canonical":"https:\/\/www.koonings.com\/fr\/product\/rosa-clara-amaya\/","og_locale":"fr_FR","og_type":"article","og_title":"Rosa Clara Amaya | Koonings","og_description":"Robe de mari\u00e9e classique de forme A, confectionn\u00e9e en sienne, dentelle et perles. D\u00e9collet\u00e9 profond, dos en V, jupe avec fentes lat\u00e9rales et n\u0153ud d\u00e9coratif dans le dos. Une robe de mari\u00e9e sign\u00e9e Rosa Clar\u00e1.","og_url":"https:\/\/www.koonings.com\/fr\/product\/rosa-clara-amaya\/","og_site_name":"Koonings","article_publisher":"https:\/\/www.facebook.com\/kooningstheweddingpalace","og_image":[{"width":1536,"height":1920,"url":"https:\/\/www.koonings.com\/wp-content\/uploads\/2024\/11\/40839_160cbc7d853bc8d2be5508b8fc007e7f89e0aa96fdc0a84f6077b995aed26db0b0c2bb1e.jpeg","type":"image\/jpeg"}],"twitter_card":"summary_large_image","schema":{"@context":"https:\/\/schema.org","@graph":[{"@type":"WebPage","@id":"https:\/\/www.koonings.com\/fr\/product\/rosa-clara-amaya\/","url":"https:\/\/www.koonings.com\/fr\/product\/rosa-clara-amaya\/","name":"Rosa Clara Amaya | Koonings","isPartOf":{"@id":"https:\/\/www.koonings.com\/fr\/#website"},"primaryImageOfPage":{"@id":"https:\/\/www.koonings.com\/fr\/product\/rosa-clara-amaya\/#primaryimage"},"image":{"@id":"https:\/\/www.koonings.com\/fr\/product\/rosa-clara-amaya\/#primaryimage"},"thumbnailUrl":"https:\/\/www.koonings.com\/wp-content\/uploads\/2024\/11\/40839_160cbc7d853bc8d2be5508b8fc007e7f89e0aa96fdc0a84f6077b995aed26db0b0c2bb1e.jpeg","datePublished":"2026-04-14T14:24:12+00:00","description":"Robe de mari\u00e9e classique de forme A, confectionn\u00e9e en sienne, dentelle et perles. D\u00e9collet\u00e9 profond, dos en V, jupe avec fentes lat\u00e9rales et n\u0153ud d\u00e9coratif dans le dos. Une robe de mari\u00e9e sign\u00e9e Rosa Clar\u00e1.","breadcrumb":{"@id":"https:\/\/www.koonings.com\/fr\/product\/rosa-clara-amaya\/#breadcrumb"},"inLanguage":"fr-FR","potentialAction":[{"@type":"ReadAction","target":["https:\/\/www.koonings.com\/fr\/product\/rosa-clara-amaya\/"]}]},{"@type":"ImageObject","inLanguage":"fr-FR","@id":"https:\/\/www.koonings.com\/fr\/product\/rosa-clara-amaya\/#primaryimage","url":"https:\/\/www.koonings.com\/wp-content\/uploads\/2024\/11\/40839_160cbc7d853bc8d2be5508b8fc007e7f89e0aa96fdc0a84f6077b995aed26db0b0c2bb1e.jpeg","contentUrl":"https:\/\/www.koonings.com\/wp-content\/uploads\/2024\/11\/40839_160cbc7d853bc8d2be5508b8fc007e7f89e0aa96fdc0a84f6077b995aed26db0b0c2bb1e.jpeg","width":1536,"height":1920},{"@type":"BreadcrumbList","@id":"https:\/\/www.koonings.com\/fr\/product\/rosa-clara-amaya\/#breadcrumb","itemListElement":[{"@type":"ListItem","position":1,"name":"Home","item":"https:\/\/www.koonings.com\/fr\/"},{"@type":"ListItem","position":2,"name":"Rosa Clara Amaya"}]},{"@type":"WebSite","@id":"https:\/\/www.koonings.com\/fr\/#website","url":"https:\/\/www.koonings.com\/fr\/","name":"Koonings","description":"De grootste bruidsmodewinkel ter wereld","publisher":{"@id":"https:\/\/www.koonings.com\/fr\/#organization"},"potentialAction":[{"@type":"SearchAction","target":{"@type":"EntryPoint","urlTemplate":"https:\/\/www.koonings.com\/fr\/?s={search_term_string}"},"query-input":{"@type":"PropertyValueSpecification","valueRequired":true,"valueName":"search_term_string"}}],"inLanguage":"fr-FR"},{"@type":"Organization","@id":"https:\/\/www.koonings.com\/fr\/#organization","name":"Koonings","url":"https:\/\/www.koonings.com\/fr\/","logo":{"@type":"ImageObject","inLanguage":"fr-FR","@id":"https:\/\/www.koonings.com\/fr\/#\/schema\/logo\/image\/","url":"https:\/\/www.koonings.com\/wp-content\/uploads\/2024\/07\/logo.png","contentUrl":"https:\/\/www.koonings.com\/wp-content\/uploads\/2024\/07\/logo.png","width":600,"height":428,"caption":"Koonings"},"image":{"@id":"https:\/\/www.koonings.com\/fr\/#\/schema\/logo\/image\/"},"sameAs":["https:\/\/www.facebook.com\/kooningstheweddingpalace","https:\/\/www.instagram.com\/kooningstheweddingpalace","https:\/\/www.pinterest.com\/koonings","https:\/\/www.youtube.com\/kooningstheweddingpalace"]}]}},"_links":{"self":[{"href":"https:\/\/www.koonings.com\/fr\/wp-json\/wp\/v2\/product\/58905","targetHints":{"allow":["GET"]}}],"collection":[{"href":"https:\/\/www.koonings.com\/fr\/wp-json\/wp\/v2\/product"}],"about":[{"href":"https:\/\/www.koonings.com\/fr\/wp-json\/wp\/v2\/types\/product"}],"wp:featuredmedia":[{"embeddable":true,"href":"https:\/\/www.koonings.com\/fr\/wp-json\/wp\/v2\/media\/47218"}],"wp:attachment":[{"href":"https:\/\/www.koonings.com\/fr\/wp-json\/wp\/v2\/media?parent=58905"}],"wp:term":[{"taxonomy":"productdetails","embeddable":true,"href":"https:\/\/www.koonings.com\/fr\/wp-json\/wp\/v2\/productdetails?post=58905"},{"taxonomy":"productneck","embeddable":true,"href":"https:\/\/www.koonings.com\/fr\/wp-json\/wp\/v2\/productneck?post=58905"},{"taxonomy":"productcolor","embeddable":true,"href":"https:\/\/www.koonings.com\/fr\/wp-json\/wp\/v2\/productcolor?post=58905"},{"taxonomy":"maat","embeddable":true,"href":"https:\/\/www.koonings.com\/fr\/wp-json\/wp\/v2\/maat?post=58905"},{"taxonomy":"productsupplier","embeddable":true,"href":"https:\/\/www.koonings.com\/fr\/wp-json\/wp\/v2\/productsupplier?post=58905"},{"taxonomy":"productsleeve","embeddable":true,"href":"https:\/\/www.koonings.com\/fr\/wp-json\/wp\/v2\/productsleeve?post=58905"},{"taxonomy":"productcategory","embeddable":true,"href":"https:\/\/www.koonings.com\/fr\/wp-json\/wp\/v2\/productcategory?post=58905"},{"taxonomy":"productsilhouette","embeddable":true,"href":"https:\/\/www.koonings.com\/fr\/wp-json\/wp\/v2\/productsilhouette?post=58905"},{"taxonomy":"productstyle","embeddable":true,"href":"https:\/\/www.koonings.com\/fr\/wp-json\/wp\/v2\/productstyle?post=58905"}],"curies":[{"name":"wp","href":"https:\/\/api.w.org\/{rel}","templated":true}]}}