{"id":58871,"date":"2026-04-14T16:24:34","date_gmt":"2026-04-14T14:24:34","guid":{"rendered":"https:\/\/www.koonings.com\/product\/demetrios-destination-romance-dr402-sl53-sleeves\/"},"modified":"2025-06-05T13:13:10","modified_gmt":"2025-06-05T11:13:10","slug":"demetrios-destination-romance-dr402-sl53-sleeves","status":"publish","type":"product","link":"https:\/\/www.koonings.com\/fr\/product\/demetrios-destination-romance-dr402-sl53-sleeves\/","title":{"rendered":"Demetrios Destination Romance DR402 + SL53 sleeves"},"content":{"rendered":"<p>Ce deux-pi\u00e8ces \u00e9th\u00e9r\u00e9, compos\u00e9 d&#8217;un bandeau \u00e0 bretelles spaghetti et d&#8217;une jupe longue, incarne l&#8217;essence d&#8217;une d\u00e9esse mari\u00e9e moderne. Compl\u00e9t\u00e9e par des manches amovibles pour une touche de drame, cette tenue est faite de tulle chatoyant et de perles. La robe comprend des manches d\u00e9tachables SL53 (vendues s\u00e9par\u00e9ment).  <\/p>\n","protected":false},"featured_media":47389,"template":"","meta":{"_acf_changed":false,"ghostkit_customizer_options":"","ghostkit_custom_css":"","ghostkit_custom_js_head":"","ghostkit_custom_js_foot":"","ghostkit_typography":""},"productdetails":[378,381],"productneck":[355],"productcolor":[392],"maat":[],"productsupplier":[404],"productsleeve":[359],"productcategory":[18],"productsilhouette":[391],"productstyle":[364,373],"class_list":["post-58871","product","type-product","status-publish","has-post-thumbnail","hentry","productdetails-378","productdetails-381","productneck-355","productcolor-392","productsupplier-demetrios-destination-romance","productsleeve-359","productcategory-trouwjurken","productsilhouette-391","productstyle-364","productstyle-373"],"acf":[],"yoast_head":"<!-- This site is optimized with the Yoast SEO plugin v27.3 - https:\/\/yoast.com\/product\/yoast-seo-wordpress\/ -->\n<title>Demetrios Destination Romance DR402 + SL53 sleeves | Koonings<\/title>\n<meta name=\"description\" content=\"Ce deux-pi\u00e8ces \u00e9th\u00e9r\u00e9, compos\u00e9 d&#039;un bandeau \u00e0 bretelles spaghetti et d&#039;une jupe longue, incarne l&#039;essence d&#039;une d\u00e9esse mari\u00e9e moderne. Compl\u00e9t\u00e9e par des manches amovibles pour une touche de drame, cette tenue est faite de tulle chatoyant et de perles. La robe comprend des manches d\u00e9tachables SL53 (vendues s\u00e9par\u00e9ment).\" \/>\n<meta name=\"robots\" content=\"index, follow, max-snippet:-1, max-image-preview:large, max-video-preview:-1\" \/>\n<link rel=\"canonical\" href=\"https:\/\/www.koonings.com\/fr\/product\/demetrios-destination-romance-dr402-sl53-sleeves\/\" \/>\n<meta property=\"og:locale\" content=\"fr_FR\" \/>\n<meta property=\"og:type\" content=\"article\" \/>\n<meta property=\"og:title\" content=\"Demetrios Destination Romance DR402 + SL53 sleeves | Koonings\" \/>\n<meta property=\"og:description\" content=\"Ce deux-pi\u00e8ces \u00e9th\u00e9r\u00e9, compos\u00e9 d&#039;un bandeau \u00e0 bretelles spaghetti et d&#039;une jupe longue, incarne l&#039;essence d&#039;une d\u00e9esse mari\u00e9e moderne. Compl\u00e9t\u00e9e par des manches amovibles pour une touche de drame, cette tenue est faite de tulle chatoyant et de perles. La robe comprend des manches d\u00e9tachables SL53 (vendues s\u00e9par\u00e9ment).\" \/>\n<meta property=\"og:url\" content=\"https:\/\/www.koonings.com\/fr\/product\/demetrios-destination-romance-dr402-sl53-sleeves\/\" \/>\n<meta property=\"og:site_name\" content=\"Koonings\" \/>\n<meta property=\"article:publisher\" content=\"https:\/\/www.facebook.com\/kooningstheweddingpalace\" \/>\n<meta property=\"og:image\" content=\"https:\/\/www.koonings.com\/wp-content\/uploads\/2024\/11\/40896_997e20b7026bedc7ecab4d318ca676714c2e703ab5a43cf4810985b6f6cf734ca22cf568-scaled.jpeg\" \/>\n\t<meta property=\"og:image:width\" content=\"1810\" \/>\n\t<meta property=\"og:image:height\" content=\"2560\" \/>\n\t<meta property=\"og:image:type\" content=\"image\/jpeg\" \/>\n<meta name=\"twitter:card\" content=\"summary_large_image\" \/>\n<script type=\"application\/ld+json\" class=\"yoast-schema-graph\">{\"@context\":\"https:\\\/\\\/schema.org\",\"@graph\":[{\"@type\":\"WebPage\",\"@id\":\"https:\\\/\\\/www.koonings.com\\\/fr\\\/product\\\/demetrios-destination-romance-dr402-sl53-sleeves\\\/\",\"url\":\"https:\\\/\\\/www.koonings.com\\\/fr\\\/product\\\/demetrios-destination-romance-dr402-sl53-sleeves\\\/\",\"name\":\"Demetrios Destination Romance DR402 + SL53 sleeves | Koonings\",\"isPartOf\":{\"@id\":\"https:\\\/\\\/www.koonings.com\\\/fr\\\/#website\"},\"primaryImageOfPage\":{\"@id\":\"https:\\\/\\\/www.koonings.com\\\/fr\\\/product\\\/demetrios-destination-romance-dr402-sl53-sleeves\\\/#primaryimage\"},\"image\":{\"@id\":\"https:\\\/\\\/www.koonings.com\\\/fr\\\/product\\\/demetrios-destination-romance-dr402-sl53-sleeves\\\/#primaryimage\"},\"thumbnailUrl\":\"https:\\\/\\\/www.koonings.com\\\/wp-content\\\/uploads\\\/2024\\\/11\\\/40896_997e20b7026bedc7ecab4d318ca676714c2e703ab5a43cf4810985b6f6cf734ca22cf568-scaled.jpeg\",\"datePublished\":\"2026-04-14T14:24:34+00:00\",\"description\":\"Ce deux-pi\u00e8ces \u00e9th\u00e9r\u00e9, compos\u00e9 d'un bandeau \u00e0 bretelles spaghetti et d'une jupe longue, incarne l'essence d'une d\u00e9esse mari\u00e9e moderne. Compl\u00e9t\u00e9e par des manches amovibles pour une touche de drame, cette tenue est faite de tulle chatoyant et de perles. La robe comprend des manches d\u00e9tachables SL53 (vendues s\u00e9par\u00e9ment).\",\"breadcrumb\":{\"@id\":\"https:\\\/\\\/www.koonings.com\\\/fr\\\/product\\\/demetrios-destination-romance-dr402-sl53-sleeves\\\/#breadcrumb\"},\"inLanguage\":\"fr-FR\",\"potentialAction\":[{\"@type\":\"ReadAction\",\"target\":[\"https:\\\/\\\/www.koonings.com\\\/fr\\\/product\\\/demetrios-destination-romance-dr402-sl53-sleeves\\\/\"]}]},{\"@type\":\"ImageObject\",\"inLanguage\":\"fr-FR\",\"@id\":\"https:\\\/\\\/www.koonings.com\\\/fr\\\/product\\\/demetrios-destination-romance-dr402-sl53-sleeves\\\/#primaryimage\",\"url\":\"https:\\\/\\\/www.koonings.com\\\/wp-content\\\/uploads\\\/2024\\\/11\\\/40896_997e20b7026bedc7ecab4d318ca676714c2e703ab5a43cf4810985b6f6cf734ca22cf568-scaled.jpeg\",\"contentUrl\":\"https:\\\/\\\/www.koonings.com\\\/wp-content\\\/uploads\\\/2024\\\/11\\\/40896_997e20b7026bedc7ecab4d318ca676714c2e703ab5a43cf4810985b6f6cf734ca22cf568-scaled.jpeg\",\"width\":1810,\"height\":2560},{\"@type\":\"BreadcrumbList\",\"@id\":\"https:\\\/\\\/www.koonings.com\\\/fr\\\/product\\\/demetrios-destination-romance-dr402-sl53-sleeves\\\/#breadcrumb\",\"itemListElement\":[{\"@type\":\"ListItem\",\"position\":1,\"name\":\"Home\",\"item\":\"https:\\\/\\\/www.koonings.com\\\/fr\\\/\"},{\"@type\":\"ListItem\",\"position\":2,\"name\":\"Demetrios Destination Romance DR402 + SL53 sleeves\"}]},{\"@type\":\"WebSite\",\"@id\":\"https:\\\/\\\/www.koonings.com\\\/fr\\\/#website\",\"url\":\"https:\\\/\\\/www.koonings.com\\\/fr\\\/\",\"name\":\"Koonings\",\"description\":\"De grootste bruidsmodewinkel ter wereld\",\"publisher\":{\"@id\":\"https:\\\/\\\/www.koonings.com\\\/fr\\\/#organization\"},\"potentialAction\":[{\"@type\":\"SearchAction\",\"target\":{\"@type\":\"EntryPoint\",\"urlTemplate\":\"https:\\\/\\\/www.koonings.com\\\/fr\\\/?s={search_term_string}\"},\"query-input\":{\"@type\":\"PropertyValueSpecification\",\"valueRequired\":true,\"valueName\":\"search_term_string\"}}],\"inLanguage\":\"fr-FR\"},{\"@type\":\"Organization\",\"@id\":\"https:\\\/\\\/www.koonings.com\\\/fr\\\/#organization\",\"name\":\"Koonings\",\"url\":\"https:\\\/\\\/www.koonings.com\\\/fr\\\/\",\"logo\":{\"@type\":\"ImageObject\",\"inLanguage\":\"fr-FR\",\"@id\":\"https:\\\/\\\/www.koonings.com\\\/fr\\\/#\\\/schema\\\/logo\\\/image\\\/\",\"url\":\"https:\\\/\\\/www.koonings.com\\\/wp-content\\\/uploads\\\/2024\\\/07\\\/logo.png\",\"contentUrl\":\"https:\\\/\\\/www.koonings.com\\\/wp-content\\\/uploads\\\/2024\\\/07\\\/logo.png\",\"width\":600,\"height\":428,\"caption\":\"Koonings\"},\"image\":{\"@id\":\"https:\\\/\\\/www.koonings.com\\\/fr\\\/#\\\/schema\\\/logo\\\/image\\\/\"},\"sameAs\":[\"https:\\\/\\\/www.facebook.com\\\/kooningstheweddingpalace\",\"https:\\\/\\\/www.instagram.com\\\/kooningstheweddingpalace\",\"https:\\\/\\\/www.pinterest.com\\\/koonings\",\"https:\\\/\\\/www.youtube.com\\\/kooningstheweddingpalace\"]}]}<\/script>\n<!-- \/ Yoast SEO plugin. -->","yoast_head_json":{"title":"Demetrios Destination Romance DR402 + SL53 sleeves | Koonings","description":"Ce deux-pi\u00e8ces \u00e9th\u00e9r\u00e9, compos\u00e9 d'un bandeau \u00e0 bretelles spaghetti et d'une jupe longue, incarne l'essence d'une d\u00e9esse mari\u00e9e moderne. Compl\u00e9t\u00e9e par des manches amovibles pour une touche de drame, cette tenue est faite de tulle chatoyant et de perles. La robe comprend des manches d\u00e9tachables SL53 (vendues s\u00e9par\u00e9ment).","robots":{"index":"index","follow":"follow","max-snippet":"max-snippet:-1","max-image-preview":"max-image-preview:large","max-video-preview":"max-video-preview:-1"},"canonical":"https:\/\/www.koonings.com\/fr\/product\/demetrios-destination-romance-dr402-sl53-sleeves\/","og_locale":"fr_FR","og_type":"article","og_title":"Demetrios Destination Romance DR402 + SL53 sleeves | Koonings","og_description":"Ce deux-pi\u00e8ces \u00e9th\u00e9r\u00e9, compos\u00e9 d'un bandeau \u00e0 bretelles spaghetti et d'une jupe longue, incarne l'essence d'une d\u00e9esse mari\u00e9e moderne. Compl\u00e9t\u00e9e par des manches amovibles pour une touche de drame, cette tenue est faite de tulle chatoyant et de perles. La robe comprend des manches d\u00e9tachables SL53 (vendues s\u00e9par\u00e9ment).","og_url":"https:\/\/www.koonings.com\/fr\/product\/demetrios-destination-romance-dr402-sl53-sleeves\/","og_site_name":"Koonings","article_publisher":"https:\/\/www.facebook.com\/kooningstheweddingpalace","og_image":[{"width":1810,"height":2560,"url":"https:\/\/www.koonings.com\/wp-content\/uploads\/2024\/11\/40896_997e20b7026bedc7ecab4d318ca676714c2e703ab5a43cf4810985b6f6cf734ca22cf568-scaled.jpeg","type":"image\/jpeg"}],"twitter_card":"summary_large_image","schema":{"@context":"https:\/\/schema.org","@graph":[{"@type":"WebPage","@id":"https:\/\/www.koonings.com\/fr\/product\/demetrios-destination-romance-dr402-sl53-sleeves\/","url":"https:\/\/www.koonings.com\/fr\/product\/demetrios-destination-romance-dr402-sl53-sleeves\/","name":"Demetrios Destination Romance DR402 + SL53 sleeves | Koonings","isPartOf":{"@id":"https:\/\/www.koonings.com\/fr\/#website"},"primaryImageOfPage":{"@id":"https:\/\/www.koonings.com\/fr\/product\/demetrios-destination-romance-dr402-sl53-sleeves\/#primaryimage"},"image":{"@id":"https:\/\/www.koonings.com\/fr\/product\/demetrios-destination-romance-dr402-sl53-sleeves\/#primaryimage"},"thumbnailUrl":"https:\/\/www.koonings.com\/wp-content\/uploads\/2024\/11\/40896_997e20b7026bedc7ecab4d318ca676714c2e703ab5a43cf4810985b6f6cf734ca22cf568-scaled.jpeg","datePublished":"2026-04-14T14:24:34+00:00","description":"Ce deux-pi\u00e8ces \u00e9th\u00e9r\u00e9, compos\u00e9 d'un bandeau \u00e0 bretelles spaghetti et d'une jupe longue, incarne l'essence d'une d\u00e9esse mari\u00e9e moderne. Compl\u00e9t\u00e9e par des manches amovibles pour une touche de drame, cette tenue est faite de tulle chatoyant et de perles. La robe comprend des manches d\u00e9tachables SL53 (vendues s\u00e9par\u00e9ment).","breadcrumb":{"@id":"https:\/\/www.koonings.com\/fr\/product\/demetrios-destination-romance-dr402-sl53-sleeves\/#breadcrumb"},"inLanguage":"fr-FR","potentialAction":[{"@type":"ReadAction","target":["https:\/\/www.koonings.com\/fr\/product\/demetrios-destination-romance-dr402-sl53-sleeves\/"]}]},{"@type":"ImageObject","inLanguage":"fr-FR","@id":"https:\/\/www.koonings.com\/fr\/product\/demetrios-destination-romance-dr402-sl53-sleeves\/#primaryimage","url":"https:\/\/www.koonings.com\/wp-content\/uploads\/2024\/11\/40896_997e20b7026bedc7ecab4d318ca676714c2e703ab5a43cf4810985b6f6cf734ca22cf568-scaled.jpeg","contentUrl":"https:\/\/www.koonings.com\/wp-content\/uploads\/2024\/11\/40896_997e20b7026bedc7ecab4d318ca676714c2e703ab5a43cf4810985b6f6cf734ca22cf568-scaled.jpeg","width":1810,"height":2560},{"@type":"BreadcrumbList","@id":"https:\/\/www.koonings.com\/fr\/product\/demetrios-destination-romance-dr402-sl53-sleeves\/#breadcrumb","itemListElement":[{"@type":"ListItem","position":1,"name":"Home","item":"https:\/\/www.koonings.com\/fr\/"},{"@type":"ListItem","position":2,"name":"Demetrios Destination Romance DR402 + SL53 sleeves"}]},{"@type":"WebSite","@id":"https:\/\/www.koonings.com\/fr\/#website","url":"https:\/\/www.koonings.com\/fr\/","name":"Koonings","description":"De grootste bruidsmodewinkel ter wereld","publisher":{"@id":"https:\/\/www.koonings.com\/fr\/#organization"},"potentialAction":[{"@type":"SearchAction","target":{"@type":"EntryPoint","urlTemplate":"https:\/\/www.koonings.com\/fr\/?s={search_term_string}"},"query-input":{"@type":"PropertyValueSpecification","valueRequired":true,"valueName":"search_term_string"}}],"inLanguage":"fr-FR"},{"@type":"Organization","@id":"https:\/\/www.koonings.com\/fr\/#organization","name":"Koonings","url":"https:\/\/www.koonings.com\/fr\/","logo":{"@type":"ImageObject","inLanguage":"fr-FR","@id":"https:\/\/www.koonings.com\/fr\/#\/schema\/logo\/image\/","url":"https:\/\/www.koonings.com\/wp-content\/uploads\/2024\/07\/logo.png","contentUrl":"https:\/\/www.koonings.com\/wp-content\/uploads\/2024\/07\/logo.png","width":600,"height":428,"caption":"Koonings"},"image":{"@id":"https:\/\/www.koonings.com\/fr\/#\/schema\/logo\/image\/"},"sameAs":["https:\/\/www.facebook.com\/kooningstheweddingpalace","https:\/\/www.instagram.com\/kooningstheweddingpalace","https:\/\/www.pinterest.com\/koonings","https:\/\/www.youtube.com\/kooningstheweddingpalace"]}]}},"_links":{"self":[{"href":"https:\/\/www.koonings.com\/fr\/wp-json\/wp\/v2\/product\/58871","targetHints":{"allow":["GET"]}}],"collection":[{"href":"https:\/\/www.koonings.com\/fr\/wp-json\/wp\/v2\/product"}],"about":[{"href":"https:\/\/www.koonings.com\/fr\/wp-json\/wp\/v2\/types\/product"}],"wp:featuredmedia":[{"embeddable":true,"href":"https:\/\/www.koonings.com\/fr\/wp-json\/wp\/v2\/media\/47389"}],"wp:attachment":[{"href":"https:\/\/www.koonings.com\/fr\/wp-json\/wp\/v2\/media?parent=58871"}],"wp:term":[{"taxonomy":"productdetails","embeddable":true,"href":"https:\/\/www.koonings.com\/fr\/wp-json\/wp\/v2\/productdetails?post=58871"},{"taxonomy":"productneck","embeddable":true,"href":"https:\/\/www.koonings.com\/fr\/wp-json\/wp\/v2\/productneck?post=58871"},{"taxonomy":"productcolor","embeddable":true,"href":"https:\/\/www.koonings.com\/fr\/wp-json\/wp\/v2\/productcolor?post=58871"},{"taxonomy":"maat","embeddable":true,"href":"https:\/\/www.koonings.com\/fr\/wp-json\/wp\/v2\/maat?post=58871"},{"taxonomy":"productsupplier","embeddable":true,"href":"https:\/\/www.koonings.com\/fr\/wp-json\/wp\/v2\/productsupplier?post=58871"},{"taxonomy":"productsleeve","embeddable":true,"href":"https:\/\/www.koonings.com\/fr\/wp-json\/wp\/v2\/productsleeve?post=58871"},{"taxonomy":"productcategory","embeddable":true,"href":"https:\/\/www.koonings.com\/fr\/wp-json\/wp\/v2\/productcategory?post=58871"},{"taxonomy":"productsilhouette","embeddable":true,"href":"https:\/\/www.koonings.com\/fr\/wp-json\/wp\/v2\/productsilhouette?post=58871"},{"taxonomy":"productstyle","embeddable":true,"href":"https:\/\/www.koonings.com\/fr\/wp-json\/wp\/v2\/productstyle?post=58871"}],"curies":[{"name":"wp","href":"https:\/\/api.w.org\/{rel}","templated":true}]}}