{"id":58846,"date":"2026-04-14T16:24:41","date_gmt":"2026-04-14T14:24:41","guid":{"rendered":"https:\/\/www.koonings.com\/product\/demetrios-destination-romance-dr399\/"},"modified":"2025-06-05T13:13:32","modified_gmt":"2025-06-05T11:13:32","slug":"demetrios-destination-romance-dr399","status":"publish","type":"product","link":"https:\/\/www.koonings.com\/fr\/product\/demetrios-destination-romance-dr399\/","title":{"rendered":"Demetrios Destination Romance DR399"},"content":{"rendered":"<p>Les d\u00e9licats d\u00e9tails en dentelle ajoutent une touche de romantisme, tandis que le d\u00e9collet\u00e9 en V met joliment en valeur l&#8217;encolure. La jupe en mousseline de soie tombe gracieusement jusqu&#8217;au sol, cr\u00e9ant une impression de mouvement. L&#8217;ouverture subtile des jambes ajoute une touche d&#8217;espi\u00e8glerie.  <\/p>\n","protected":false},"featured_media":47551,"template":"","meta":{"_acf_changed":false,"ghostkit_customizer_options":"","ghostkit_custom_css":"","ghostkit_custom_js_head":"","ghostkit_custom_js_foot":"","ghostkit_typography":""},"productdetails":[379,376,383],"productneck":[356],"productcolor":[392],"maat":[],"productsupplier":[404],"productsleeve":[359],"productcategory":[18],"productsilhouette":[384],"productstyle":[366],"class_list":["post-58846","product","type-product","status-publish","has-post-thumbnail","hentry","productdetails-379","productdetails-376","productdetails-383","productneck-356","productcolor-392","productsupplier-demetrios-destination-romance","productsleeve-359","productcategory-trouwjurken","productsilhouette-384","productstyle-366"],"acf":[],"yoast_head":"<!-- This site is optimized with the Yoast SEO plugin v27.3 - https:\/\/yoast.com\/product\/yoast-seo-wordpress\/ -->\n<title>Demetrios Destination Romance DR399 | Koonings<\/title>\n<meta name=\"description\" content=\"Les d\u00e9licats d\u00e9tails en dentelle ajoutent une touche de romantisme, tandis que le d\u00e9collet\u00e9 en V met joliment en valeur l&#039;encolure. La jupe en mousseline de soie tombe gracieusement jusqu&#039;au sol, cr\u00e9ant une impression de mouvement. L&#039;ouverture subtile des jambes ajoute une touche d&#039;espi\u00e8glerie.\" \/>\n<meta name=\"robots\" content=\"index, follow, max-snippet:-1, max-image-preview:large, max-video-preview:-1\" \/>\n<link rel=\"canonical\" href=\"https:\/\/www.koonings.com\/fr\/product\/demetrios-destination-romance-dr399\/\" \/>\n<meta property=\"og:locale\" content=\"fr_FR\" \/>\n<meta property=\"og:type\" content=\"article\" \/>\n<meta property=\"og:title\" content=\"Demetrios Destination Romance DR399 | Koonings\" \/>\n<meta property=\"og:description\" content=\"Les d\u00e9licats d\u00e9tails en dentelle ajoutent une touche de romantisme, tandis que le d\u00e9collet\u00e9 en V met joliment en valeur l&#039;encolure. La jupe en mousseline de soie tombe gracieusement jusqu&#039;au sol, cr\u00e9ant une impression de mouvement. L&#039;ouverture subtile des jambes ajoute une touche d&#039;espi\u00e8glerie.\" \/>\n<meta property=\"og:url\" content=\"https:\/\/www.koonings.com\/fr\/product\/demetrios-destination-romance-dr399\/\" \/>\n<meta property=\"og:site_name\" content=\"Koonings\" \/>\n<meta property=\"article:publisher\" content=\"https:\/\/www.facebook.com\/kooningstheweddingpalace\" \/>\n<meta property=\"og:image\" content=\"https:\/\/www.koonings.com\/wp-content\/uploads\/2024\/11\/40910_0318667fae0a5bb29e49160b808bd6f545f692185f0c3711853b1ff0901336524d68b7c8-scaled.jpeg\" \/>\n\t<meta property=\"og:image:width\" content=\"1809\" \/>\n\t<meta property=\"og:image:height\" content=\"2560\" \/>\n\t<meta property=\"og:image:type\" content=\"image\/jpeg\" \/>\n<meta name=\"twitter:card\" content=\"summary_large_image\" \/>\n<script type=\"application\/ld+json\" class=\"yoast-schema-graph\">{\"@context\":\"https:\\\/\\\/schema.org\",\"@graph\":[{\"@type\":\"WebPage\",\"@id\":\"https:\\\/\\\/www.koonings.com\\\/fr\\\/product\\\/demetrios-destination-romance-dr399\\\/\",\"url\":\"https:\\\/\\\/www.koonings.com\\\/fr\\\/product\\\/demetrios-destination-romance-dr399\\\/\",\"name\":\"Demetrios Destination Romance DR399 | Koonings\",\"isPartOf\":{\"@id\":\"https:\\\/\\\/www.koonings.com\\\/fr\\\/#website\"},\"primaryImageOfPage\":{\"@id\":\"https:\\\/\\\/www.koonings.com\\\/fr\\\/product\\\/demetrios-destination-romance-dr399\\\/#primaryimage\"},\"image\":{\"@id\":\"https:\\\/\\\/www.koonings.com\\\/fr\\\/product\\\/demetrios-destination-romance-dr399\\\/#primaryimage\"},\"thumbnailUrl\":\"https:\\\/\\\/www.koonings.com\\\/wp-content\\\/uploads\\\/2024\\\/11\\\/40910_0318667fae0a5bb29e49160b808bd6f545f692185f0c3711853b1ff0901336524d68b7c8-scaled.jpeg\",\"datePublished\":\"2026-04-14T14:24:41+00:00\",\"description\":\"Les d\u00e9licats d\u00e9tails en dentelle ajoutent une touche de romantisme, tandis que le d\u00e9collet\u00e9 en V met joliment en valeur l'encolure. La jupe en mousseline de soie tombe gracieusement jusqu'au sol, cr\u00e9ant une impression de mouvement. L'ouverture subtile des jambes ajoute une touche d'espi\u00e8glerie.\",\"breadcrumb\":{\"@id\":\"https:\\\/\\\/www.koonings.com\\\/fr\\\/product\\\/demetrios-destination-romance-dr399\\\/#breadcrumb\"},\"inLanguage\":\"fr-FR\",\"potentialAction\":[{\"@type\":\"ReadAction\",\"target\":[\"https:\\\/\\\/www.koonings.com\\\/fr\\\/product\\\/demetrios-destination-romance-dr399\\\/\"]}]},{\"@type\":\"ImageObject\",\"inLanguage\":\"fr-FR\",\"@id\":\"https:\\\/\\\/www.koonings.com\\\/fr\\\/product\\\/demetrios-destination-romance-dr399\\\/#primaryimage\",\"url\":\"https:\\\/\\\/www.koonings.com\\\/wp-content\\\/uploads\\\/2024\\\/11\\\/40910_0318667fae0a5bb29e49160b808bd6f545f692185f0c3711853b1ff0901336524d68b7c8-scaled.jpeg\",\"contentUrl\":\"https:\\\/\\\/www.koonings.com\\\/wp-content\\\/uploads\\\/2024\\\/11\\\/40910_0318667fae0a5bb29e49160b808bd6f545f692185f0c3711853b1ff0901336524d68b7c8-scaled.jpeg\",\"width\":1809,\"height\":2560},{\"@type\":\"BreadcrumbList\",\"@id\":\"https:\\\/\\\/www.koonings.com\\\/fr\\\/product\\\/demetrios-destination-romance-dr399\\\/#breadcrumb\",\"itemListElement\":[{\"@type\":\"ListItem\",\"position\":1,\"name\":\"Home\",\"item\":\"https:\\\/\\\/www.koonings.com\\\/fr\\\/\"},{\"@type\":\"ListItem\",\"position\":2,\"name\":\"Demetrios Destination Romance DR399\"}]},{\"@type\":\"WebSite\",\"@id\":\"https:\\\/\\\/www.koonings.com\\\/fr\\\/#website\",\"url\":\"https:\\\/\\\/www.koonings.com\\\/fr\\\/\",\"name\":\"Koonings\",\"description\":\"De grootste bruidsmodewinkel ter wereld\",\"publisher\":{\"@id\":\"https:\\\/\\\/www.koonings.com\\\/fr\\\/#organization\"},\"potentialAction\":[{\"@type\":\"SearchAction\",\"target\":{\"@type\":\"EntryPoint\",\"urlTemplate\":\"https:\\\/\\\/www.koonings.com\\\/fr\\\/?s={search_term_string}\"},\"query-input\":{\"@type\":\"PropertyValueSpecification\",\"valueRequired\":true,\"valueName\":\"search_term_string\"}}],\"inLanguage\":\"fr-FR\"},{\"@type\":\"Organization\",\"@id\":\"https:\\\/\\\/www.koonings.com\\\/fr\\\/#organization\",\"name\":\"Koonings\",\"url\":\"https:\\\/\\\/www.koonings.com\\\/fr\\\/\",\"logo\":{\"@type\":\"ImageObject\",\"inLanguage\":\"fr-FR\",\"@id\":\"https:\\\/\\\/www.koonings.com\\\/fr\\\/#\\\/schema\\\/logo\\\/image\\\/\",\"url\":\"https:\\\/\\\/www.koonings.com\\\/wp-content\\\/uploads\\\/2024\\\/07\\\/logo.png\",\"contentUrl\":\"https:\\\/\\\/www.koonings.com\\\/wp-content\\\/uploads\\\/2024\\\/07\\\/logo.png\",\"width\":600,\"height\":428,\"caption\":\"Koonings\"},\"image\":{\"@id\":\"https:\\\/\\\/www.koonings.com\\\/fr\\\/#\\\/schema\\\/logo\\\/image\\\/\"},\"sameAs\":[\"https:\\\/\\\/www.facebook.com\\\/kooningstheweddingpalace\",\"https:\\\/\\\/www.instagram.com\\\/kooningstheweddingpalace\",\"https:\\\/\\\/www.pinterest.com\\\/koonings\",\"https:\\\/\\\/www.youtube.com\\\/kooningstheweddingpalace\"]}]}<\/script>\n<!-- \/ Yoast SEO plugin. -->","yoast_head_json":{"title":"Demetrios Destination Romance DR399 | Koonings","description":"Les d\u00e9licats d\u00e9tails en dentelle ajoutent une touche de romantisme, tandis que le d\u00e9collet\u00e9 en V met joliment en valeur l'encolure. La jupe en mousseline de soie tombe gracieusement jusqu'au sol, cr\u00e9ant une impression de mouvement. L'ouverture subtile des jambes ajoute une touche d'espi\u00e8glerie.","robots":{"index":"index","follow":"follow","max-snippet":"max-snippet:-1","max-image-preview":"max-image-preview:large","max-video-preview":"max-video-preview:-1"},"canonical":"https:\/\/www.koonings.com\/fr\/product\/demetrios-destination-romance-dr399\/","og_locale":"fr_FR","og_type":"article","og_title":"Demetrios Destination Romance DR399 | Koonings","og_description":"Les d\u00e9licats d\u00e9tails en dentelle ajoutent une touche de romantisme, tandis que le d\u00e9collet\u00e9 en V met joliment en valeur l'encolure. La jupe en mousseline de soie tombe gracieusement jusqu'au sol, cr\u00e9ant une impression de mouvement. L'ouverture subtile des jambes ajoute une touche d'espi\u00e8glerie.","og_url":"https:\/\/www.koonings.com\/fr\/product\/demetrios-destination-romance-dr399\/","og_site_name":"Koonings","article_publisher":"https:\/\/www.facebook.com\/kooningstheweddingpalace","og_image":[{"width":1809,"height":2560,"url":"https:\/\/www.koonings.com\/wp-content\/uploads\/2024\/11\/40910_0318667fae0a5bb29e49160b808bd6f545f692185f0c3711853b1ff0901336524d68b7c8-scaled.jpeg","type":"image\/jpeg"}],"twitter_card":"summary_large_image","schema":{"@context":"https:\/\/schema.org","@graph":[{"@type":"WebPage","@id":"https:\/\/www.koonings.com\/fr\/product\/demetrios-destination-romance-dr399\/","url":"https:\/\/www.koonings.com\/fr\/product\/demetrios-destination-romance-dr399\/","name":"Demetrios Destination Romance DR399 | Koonings","isPartOf":{"@id":"https:\/\/www.koonings.com\/fr\/#website"},"primaryImageOfPage":{"@id":"https:\/\/www.koonings.com\/fr\/product\/demetrios-destination-romance-dr399\/#primaryimage"},"image":{"@id":"https:\/\/www.koonings.com\/fr\/product\/demetrios-destination-romance-dr399\/#primaryimage"},"thumbnailUrl":"https:\/\/www.koonings.com\/wp-content\/uploads\/2024\/11\/40910_0318667fae0a5bb29e49160b808bd6f545f692185f0c3711853b1ff0901336524d68b7c8-scaled.jpeg","datePublished":"2026-04-14T14:24:41+00:00","description":"Les d\u00e9licats d\u00e9tails en dentelle ajoutent une touche de romantisme, tandis que le d\u00e9collet\u00e9 en V met joliment en valeur l'encolure. La jupe en mousseline de soie tombe gracieusement jusqu'au sol, cr\u00e9ant une impression de mouvement. L'ouverture subtile des jambes ajoute une touche d'espi\u00e8glerie.","breadcrumb":{"@id":"https:\/\/www.koonings.com\/fr\/product\/demetrios-destination-romance-dr399\/#breadcrumb"},"inLanguage":"fr-FR","potentialAction":[{"@type":"ReadAction","target":["https:\/\/www.koonings.com\/fr\/product\/demetrios-destination-romance-dr399\/"]}]},{"@type":"ImageObject","inLanguage":"fr-FR","@id":"https:\/\/www.koonings.com\/fr\/product\/demetrios-destination-romance-dr399\/#primaryimage","url":"https:\/\/www.koonings.com\/wp-content\/uploads\/2024\/11\/40910_0318667fae0a5bb29e49160b808bd6f545f692185f0c3711853b1ff0901336524d68b7c8-scaled.jpeg","contentUrl":"https:\/\/www.koonings.com\/wp-content\/uploads\/2024\/11\/40910_0318667fae0a5bb29e49160b808bd6f545f692185f0c3711853b1ff0901336524d68b7c8-scaled.jpeg","width":1809,"height":2560},{"@type":"BreadcrumbList","@id":"https:\/\/www.koonings.com\/fr\/product\/demetrios-destination-romance-dr399\/#breadcrumb","itemListElement":[{"@type":"ListItem","position":1,"name":"Home","item":"https:\/\/www.koonings.com\/fr\/"},{"@type":"ListItem","position":2,"name":"Demetrios Destination Romance DR399"}]},{"@type":"WebSite","@id":"https:\/\/www.koonings.com\/fr\/#website","url":"https:\/\/www.koonings.com\/fr\/","name":"Koonings","description":"De grootste bruidsmodewinkel ter wereld","publisher":{"@id":"https:\/\/www.koonings.com\/fr\/#organization"},"potentialAction":[{"@type":"SearchAction","target":{"@type":"EntryPoint","urlTemplate":"https:\/\/www.koonings.com\/fr\/?s={search_term_string}"},"query-input":{"@type":"PropertyValueSpecification","valueRequired":true,"valueName":"search_term_string"}}],"inLanguage":"fr-FR"},{"@type":"Organization","@id":"https:\/\/www.koonings.com\/fr\/#organization","name":"Koonings","url":"https:\/\/www.koonings.com\/fr\/","logo":{"@type":"ImageObject","inLanguage":"fr-FR","@id":"https:\/\/www.koonings.com\/fr\/#\/schema\/logo\/image\/","url":"https:\/\/www.koonings.com\/wp-content\/uploads\/2024\/07\/logo.png","contentUrl":"https:\/\/www.koonings.com\/wp-content\/uploads\/2024\/07\/logo.png","width":600,"height":428,"caption":"Koonings"},"image":{"@id":"https:\/\/www.koonings.com\/fr\/#\/schema\/logo\/image\/"},"sameAs":["https:\/\/www.facebook.com\/kooningstheweddingpalace","https:\/\/www.instagram.com\/kooningstheweddingpalace","https:\/\/www.pinterest.com\/koonings","https:\/\/www.youtube.com\/kooningstheweddingpalace"]}]}},"_links":{"self":[{"href":"https:\/\/www.koonings.com\/fr\/wp-json\/wp\/v2\/product\/58846","targetHints":{"allow":["GET"]}}],"collection":[{"href":"https:\/\/www.koonings.com\/fr\/wp-json\/wp\/v2\/product"}],"about":[{"href":"https:\/\/www.koonings.com\/fr\/wp-json\/wp\/v2\/types\/product"}],"wp:featuredmedia":[{"embeddable":true,"href":"https:\/\/www.koonings.com\/fr\/wp-json\/wp\/v2\/media\/47551"}],"wp:attachment":[{"href":"https:\/\/www.koonings.com\/fr\/wp-json\/wp\/v2\/media?parent=58846"}],"wp:term":[{"taxonomy":"productdetails","embeddable":true,"href":"https:\/\/www.koonings.com\/fr\/wp-json\/wp\/v2\/productdetails?post=58846"},{"taxonomy":"productneck","embeddable":true,"href":"https:\/\/www.koonings.com\/fr\/wp-json\/wp\/v2\/productneck?post=58846"},{"taxonomy":"productcolor","embeddable":true,"href":"https:\/\/www.koonings.com\/fr\/wp-json\/wp\/v2\/productcolor?post=58846"},{"taxonomy":"maat","embeddable":true,"href":"https:\/\/www.koonings.com\/fr\/wp-json\/wp\/v2\/maat?post=58846"},{"taxonomy":"productsupplier","embeddable":true,"href":"https:\/\/www.koonings.com\/fr\/wp-json\/wp\/v2\/productsupplier?post=58846"},{"taxonomy":"productsleeve","embeddable":true,"href":"https:\/\/www.koonings.com\/fr\/wp-json\/wp\/v2\/productsleeve?post=58846"},{"taxonomy":"productcategory","embeddable":true,"href":"https:\/\/www.koonings.com\/fr\/wp-json\/wp\/v2\/productcategory?post=58846"},{"taxonomy":"productsilhouette","embeddable":true,"href":"https:\/\/www.koonings.com\/fr\/wp-json\/wp\/v2\/productsilhouette?post=58846"},{"taxonomy":"productstyle","embeddable":true,"href":"https:\/\/www.koonings.com\/fr\/wp-json\/wp\/v2\/productstyle?post=58846"}],"curies":[{"name":"wp","href":"https:\/\/api.w.org\/{rel}","templated":true}]}}