{"id":58829,"date":"2026-04-14T16:24:45","date_gmt":"2026-04-14T14:24:45","guid":{"rendered":"https:\/\/www.koonings.com\/product\/demetrios-destination-romance-dr396\/"},"modified":"2025-06-05T13:28:36","modified_gmt":"2025-06-05T11:28:36","slug":"demetrios-destination-romance-dr396","status":"publish","type":"product","link":"https:\/\/www.koonings.com\/fr\/product\/demetrios-destination-romance-dr396\/","title":{"rendered":"Demetrios Destination Romance DR396"},"content":{"rendered":"<p>Cette robe en cr\u00eape d\u00e9gage une impression de gr\u00e2ce et de sophistication gr\u00e2ce \u00e0 sa d\u00e9licate dentelle perl\u00e9e. Le corps en V et les bretelles \u00e9paisses offrent \u00e0 la fois soutien et style, tandis que le dos ouvert ajoute une touche de modernit\u00e9 \u00e0 la silhouette ajust\u00e9e. La ceinture pr\u00e9form\u00e9e se ferme aux bons endroits, cr\u00e9ant un effet magnifiquement flatteur.  <\/p>\n","protected":false},"featured_media":47667,"template":"","meta":{"_acf_changed":false,"ghostkit_customizer_options":"","ghostkit_custom_css":"","ghostkit_custom_js_head":"","ghostkit_custom_js_foot":"","ghostkit_typography":""},"productdetails":[],"productneck":[356],"productcolor":[392],"maat":[],"productsupplier":[404],"productsleeve":[359],"productcategory":[18],"productsilhouette":[389],"productstyle":[366,370],"class_list":["post-58829","product","type-product","status-publish","has-post-thumbnail","hentry","productneck-356","productcolor-392","productsupplier-demetrios-destination-romance","productsleeve-359","productcategory-trouwjurken","productsilhouette-389","productstyle-366","productstyle-370"],"acf":[],"yoast_head":"<!-- This site is optimized with the Yoast SEO plugin v27.3 - https:\/\/yoast.com\/product\/yoast-seo-wordpress\/ -->\n<title>Demetrios Destination Romance DR396 | Koonings<\/title>\n<meta name=\"description\" content=\"Cette robe en cr\u00eape d\u00e9gage une impression de gr\u00e2ce et de sophistication gr\u00e2ce \u00e0 sa d\u00e9licate dentelle perl\u00e9e. Le corps en V et les bretelles \u00e9paisses offrent \u00e0 la fois soutien et style, tandis que le dos ouvert ajoute une touche de modernit\u00e9 \u00e0 la silhouette ajust\u00e9e. La ceinture pr\u00e9form\u00e9e se ferme aux bons endroits, cr\u00e9ant un effet magnifiquement flatteur.\" \/>\n<meta name=\"robots\" content=\"index, follow, max-snippet:-1, max-image-preview:large, max-video-preview:-1\" \/>\n<link rel=\"canonical\" href=\"https:\/\/www.koonings.com\/fr\/product\/demetrios-destination-romance-dr396\/\" \/>\n<meta property=\"og:locale\" content=\"fr_FR\" \/>\n<meta property=\"og:type\" content=\"article\" \/>\n<meta property=\"og:title\" content=\"Demetrios Destination Romance DR396 | Koonings\" \/>\n<meta property=\"og:description\" content=\"Cette robe en cr\u00eape d\u00e9gage une impression de gr\u00e2ce et de sophistication gr\u00e2ce \u00e0 sa d\u00e9licate dentelle perl\u00e9e. Le corps en V et les bretelles \u00e9paisses offrent \u00e0 la fois soutien et style, tandis que le dos ouvert ajoute une touche de modernit\u00e9 \u00e0 la silhouette ajust\u00e9e. La ceinture pr\u00e9form\u00e9e se ferme aux bons endroits, cr\u00e9ant un effet magnifiquement flatteur.\" \/>\n<meta property=\"og:url\" content=\"https:\/\/www.koonings.com\/fr\/product\/demetrios-destination-romance-dr396\/\" \/>\n<meta property=\"og:site_name\" content=\"Koonings\" \/>\n<meta property=\"article:publisher\" content=\"https:\/\/www.facebook.com\/kooningstheweddingpalace\" \/>\n<meta property=\"og:image\" content=\"https:\/\/www.koonings.com\/wp-content\/uploads\/2024\/11\/40919_793e647ab435fbbb8660e63eb1c478d52e1fceac04f0ca414e180f6b308cd43ce3824019-scaled.jpeg\" \/>\n\t<meta property=\"og:image:width\" content=\"1809\" \/>\n\t<meta property=\"og:image:height\" content=\"2560\" \/>\n\t<meta property=\"og:image:type\" content=\"image\/jpeg\" \/>\n<meta name=\"twitter:card\" content=\"summary_large_image\" \/>\n<script type=\"application\/ld+json\" class=\"yoast-schema-graph\">{\"@context\":\"https:\\\/\\\/schema.org\",\"@graph\":[{\"@type\":\"WebPage\",\"@id\":\"https:\\\/\\\/www.koonings.com\\\/fr\\\/product\\\/demetrios-destination-romance-dr396\\\/\",\"url\":\"https:\\\/\\\/www.koonings.com\\\/fr\\\/product\\\/demetrios-destination-romance-dr396\\\/\",\"name\":\"Demetrios Destination Romance DR396 | Koonings\",\"isPartOf\":{\"@id\":\"https:\\\/\\\/www.koonings.com\\\/fr\\\/#website\"},\"primaryImageOfPage\":{\"@id\":\"https:\\\/\\\/www.koonings.com\\\/fr\\\/product\\\/demetrios-destination-romance-dr396\\\/#primaryimage\"},\"image\":{\"@id\":\"https:\\\/\\\/www.koonings.com\\\/fr\\\/product\\\/demetrios-destination-romance-dr396\\\/#primaryimage\"},\"thumbnailUrl\":\"https:\\\/\\\/www.koonings.com\\\/wp-content\\\/uploads\\\/2024\\\/11\\\/40919_793e647ab435fbbb8660e63eb1c478d52e1fceac04f0ca414e180f6b308cd43ce3824019-scaled.jpeg\",\"datePublished\":\"2026-04-14T14:24:45+00:00\",\"description\":\"Cette robe en cr\u00eape d\u00e9gage une impression de gr\u00e2ce et de sophistication gr\u00e2ce \u00e0 sa d\u00e9licate dentelle perl\u00e9e. Le corps en V et les bretelles \u00e9paisses offrent \u00e0 la fois soutien et style, tandis que le dos ouvert ajoute une touche de modernit\u00e9 \u00e0 la silhouette ajust\u00e9e. La ceinture pr\u00e9form\u00e9e se ferme aux bons endroits, cr\u00e9ant un effet magnifiquement flatteur.\",\"breadcrumb\":{\"@id\":\"https:\\\/\\\/www.koonings.com\\\/fr\\\/product\\\/demetrios-destination-romance-dr396\\\/#breadcrumb\"},\"inLanguage\":\"fr-FR\",\"potentialAction\":[{\"@type\":\"ReadAction\",\"target\":[\"https:\\\/\\\/www.koonings.com\\\/fr\\\/product\\\/demetrios-destination-romance-dr396\\\/\"]}]},{\"@type\":\"ImageObject\",\"inLanguage\":\"fr-FR\",\"@id\":\"https:\\\/\\\/www.koonings.com\\\/fr\\\/product\\\/demetrios-destination-romance-dr396\\\/#primaryimage\",\"url\":\"https:\\\/\\\/www.koonings.com\\\/wp-content\\\/uploads\\\/2024\\\/11\\\/40919_793e647ab435fbbb8660e63eb1c478d52e1fceac04f0ca414e180f6b308cd43ce3824019-scaled.jpeg\",\"contentUrl\":\"https:\\\/\\\/www.koonings.com\\\/wp-content\\\/uploads\\\/2024\\\/11\\\/40919_793e647ab435fbbb8660e63eb1c478d52e1fceac04f0ca414e180f6b308cd43ce3824019-scaled.jpeg\",\"width\":1809,\"height\":2560},{\"@type\":\"BreadcrumbList\",\"@id\":\"https:\\\/\\\/www.koonings.com\\\/fr\\\/product\\\/demetrios-destination-romance-dr396\\\/#breadcrumb\",\"itemListElement\":[{\"@type\":\"ListItem\",\"position\":1,\"name\":\"Home\",\"item\":\"https:\\\/\\\/www.koonings.com\\\/fr\\\/\"},{\"@type\":\"ListItem\",\"position\":2,\"name\":\"Demetrios Destination Romance DR396\"}]},{\"@type\":\"WebSite\",\"@id\":\"https:\\\/\\\/www.koonings.com\\\/fr\\\/#website\",\"url\":\"https:\\\/\\\/www.koonings.com\\\/fr\\\/\",\"name\":\"Koonings\",\"description\":\"De grootste bruidsmodewinkel ter wereld\",\"publisher\":{\"@id\":\"https:\\\/\\\/www.koonings.com\\\/fr\\\/#organization\"},\"potentialAction\":[{\"@type\":\"SearchAction\",\"target\":{\"@type\":\"EntryPoint\",\"urlTemplate\":\"https:\\\/\\\/www.koonings.com\\\/fr\\\/?s={search_term_string}\"},\"query-input\":{\"@type\":\"PropertyValueSpecification\",\"valueRequired\":true,\"valueName\":\"search_term_string\"}}],\"inLanguage\":\"fr-FR\"},{\"@type\":\"Organization\",\"@id\":\"https:\\\/\\\/www.koonings.com\\\/fr\\\/#organization\",\"name\":\"Koonings\",\"url\":\"https:\\\/\\\/www.koonings.com\\\/fr\\\/\",\"logo\":{\"@type\":\"ImageObject\",\"inLanguage\":\"fr-FR\",\"@id\":\"https:\\\/\\\/www.koonings.com\\\/fr\\\/#\\\/schema\\\/logo\\\/image\\\/\",\"url\":\"https:\\\/\\\/www.koonings.com\\\/wp-content\\\/uploads\\\/2024\\\/07\\\/logo.png\",\"contentUrl\":\"https:\\\/\\\/www.koonings.com\\\/wp-content\\\/uploads\\\/2024\\\/07\\\/logo.png\",\"width\":600,\"height\":428,\"caption\":\"Koonings\"},\"image\":{\"@id\":\"https:\\\/\\\/www.koonings.com\\\/fr\\\/#\\\/schema\\\/logo\\\/image\\\/\"},\"sameAs\":[\"https:\\\/\\\/www.facebook.com\\\/kooningstheweddingpalace\",\"https:\\\/\\\/www.instagram.com\\\/kooningstheweddingpalace\",\"https:\\\/\\\/www.pinterest.com\\\/koonings\",\"https:\\\/\\\/www.youtube.com\\\/kooningstheweddingpalace\"]}]}<\/script>\n<!-- \/ Yoast SEO plugin. -->","yoast_head_json":{"title":"Demetrios Destination Romance DR396 | Koonings","description":"Cette robe en cr\u00eape d\u00e9gage une impression de gr\u00e2ce et de sophistication gr\u00e2ce \u00e0 sa d\u00e9licate dentelle perl\u00e9e. Le corps en V et les bretelles \u00e9paisses offrent \u00e0 la fois soutien et style, tandis que le dos ouvert ajoute une touche de modernit\u00e9 \u00e0 la silhouette ajust\u00e9e. La ceinture pr\u00e9form\u00e9e se ferme aux bons endroits, cr\u00e9ant un effet magnifiquement flatteur.","robots":{"index":"index","follow":"follow","max-snippet":"max-snippet:-1","max-image-preview":"max-image-preview:large","max-video-preview":"max-video-preview:-1"},"canonical":"https:\/\/www.koonings.com\/fr\/product\/demetrios-destination-romance-dr396\/","og_locale":"fr_FR","og_type":"article","og_title":"Demetrios Destination Romance DR396 | Koonings","og_description":"Cette robe en cr\u00eape d\u00e9gage une impression de gr\u00e2ce et de sophistication gr\u00e2ce \u00e0 sa d\u00e9licate dentelle perl\u00e9e. Le corps en V et les bretelles \u00e9paisses offrent \u00e0 la fois soutien et style, tandis que le dos ouvert ajoute une touche de modernit\u00e9 \u00e0 la silhouette ajust\u00e9e. La ceinture pr\u00e9form\u00e9e se ferme aux bons endroits, cr\u00e9ant un effet magnifiquement flatteur.","og_url":"https:\/\/www.koonings.com\/fr\/product\/demetrios-destination-romance-dr396\/","og_site_name":"Koonings","article_publisher":"https:\/\/www.facebook.com\/kooningstheweddingpalace","og_image":[{"width":1809,"height":2560,"url":"https:\/\/www.koonings.com\/wp-content\/uploads\/2024\/11\/40919_793e647ab435fbbb8660e63eb1c478d52e1fceac04f0ca414e180f6b308cd43ce3824019-scaled.jpeg","type":"image\/jpeg"}],"twitter_card":"summary_large_image","schema":{"@context":"https:\/\/schema.org","@graph":[{"@type":"WebPage","@id":"https:\/\/www.koonings.com\/fr\/product\/demetrios-destination-romance-dr396\/","url":"https:\/\/www.koonings.com\/fr\/product\/demetrios-destination-romance-dr396\/","name":"Demetrios Destination Romance DR396 | Koonings","isPartOf":{"@id":"https:\/\/www.koonings.com\/fr\/#website"},"primaryImageOfPage":{"@id":"https:\/\/www.koonings.com\/fr\/product\/demetrios-destination-romance-dr396\/#primaryimage"},"image":{"@id":"https:\/\/www.koonings.com\/fr\/product\/demetrios-destination-romance-dr396\/#primaryimage"},"thumbnailUrl":"https:\/\/www.koonings.com\/wp-content\/uploads\/2024\/11\/40919_793e647ab435fbbb8660e63eb1c478d52e1fceac04f0ca414e180f6b308cd43ce3824019-scaled.jpeg","datePublished":"2026-04-14T14:24:45+00:00","description":"Cette robe en cr\u00eape d\u00e9gage une impression de gr\u00e2ce et de sophistication gr\u00e2ce \u00e0 sa d\u00e9licate dentelle perl\u00e9e. Le corps en V et les bretelles \u00e9paisses offrent \u00e0 la fois soutien et style, tandis que le dos ouvert ajoute une touche de modernit\u00e9 \u00e0 la silhouette ajust\u00e9e. La ceinture pr\u00e9form\u00e9e se ferme aux bons endroits, cr\u00e9ant un effet magnifiquement flatteur.","breadcrumb":{"@id":"https:\/\/www.koonings.com\/fr\/product\/demetrios-destination-romance-dr396\/#breadcrumb"},"inLanguage":"fr-FR","potentialAction":[{"@type":"ReadAction","target":["https:\/\/www.koonings.com\/fr\/product\/demetrios-destination-romance-dr396\/"]}]},{"@type":"ImageObject","inLanguage":"fr-FR","@id":"https:\/\/www.koonings.com\/fr\/product\/demetrios-destination-romance-dr396\/#primaryimage","url":"https:\/\/www.koonings.com\/wp-content\/uploads\/2024\/11\/40919_793e647ab435fbbb8660e63eb1c478d52e1fceac04f0ca414e180f6b308cd43ce3824019-scaled.jpeg","contentUrl":"https:\/\/www.koonings.com\/wp-content\/uploads\/2024\/11\/40919_793e647ab435fbbb8660e63eb1c478d52e1fceac04f0ca414e180f6b308cd43ce3824019-scaled.jpeg","width":1809,"height":2560},{"@type":"BreadcrumbList","@id":"https:\/\/www.koonings.com\/fr\/product\/demetrios-destination-romance-dr396\/#breadcrumb","itemListElement":[{"@type":"ListItem","position":1,"name":"Home","item":"https:\/\/www.koonings.com\/fr\/"},{"@type":"ListItem","position":2,"name":"Demetrios Destination Romance DR396"}]},{"@type":"WebSite","@id":"https:\/\/www.koonings.com\/fr\/#website","url":"https:\/\/www.koonings.com\/fr\/","name":"Koonings","description":"De grootste bruidsmodewinkel ter wereld","publisher":{"@id":"https:\/\/www.koonings.com\/fr\/#organization"},"potentialAction":[{"@type":"SearchAction","target":{"@type":"EntryPoint","urlTemplate":"https:\/\/www.koonings.com\/fr\/?s={search_term_string}"},"query-input":{"@type":"PropertyValueSpecification","valueRequired":true,"valueName":"search_term_string"}}],"inLanguage":"fr-FR"},{"@type":"Organization","@id":"https:\/\/www.koonings.com\/fr\/#organization","name":"Koonings","url":"https:\/\/www.koonings.com\/fr\/","logo":{"@type":"ImageObject","inLanguage":"fr-FR","@id":"https:\/\/www.koonings.com\/fr\/#\/schema\/logo\/image\/","url":"https:\/\/www.koonings.com\/wp-content\/uploads\/2024\/07\/logo.png","contentUrl":"https:\/\/www.koonings.com\/wp-content\/uploads\/2024\/07\/logo.png","width":600,"height":428,"caption":"Koonings"},"image":{"@id":"https:\/\/www.koonings.com\/fr\/#\/schema\/logo\/image\/"},"sameAs":["https:\/\/www.facebook.com\/kooningstheweddingpalace","https:\/\/www.instagram.com\/kooningstheweddingpalace","https:\/\/www.pinterest.com\/koonings","https:\/\/www.youtube.com\/kooningstheweddingpalace"]}]}},"_links":{"self":[{"href":"https:\/\/www.koonings.com\/fr\/wp-json\/wp\/v2\/product\/58829","targetHints":{"allow":["GET"]}}],"collection":[{"href":"https:\/\/www.koonings.com\/fr\/wp-json\/wp\/v2\/product"}],"about":[{"href":"https:\/\/www.koonings.com\/fr\/wp-json\/wp\/v2\/types\/product"}],"wp:featuredmedia":[{"embeddable":true,"href":"https:\/\/www.koonings.com\/fr\/wp-json\/wp\/v2\/media\/47667"}],"wp:attachment":[{"href":"https:\/\/www.koonings.com\/fr\/wp-json\/wp\/v2\/media?parent=58829"}],"wp:term":[{"taxonomy":"productdetails","embeddable":true,"href":"https:\/\/www.koonings.com\/fr\/wp-json\/wp\/v2\/productdetails?post=58829"},{"taxonomy":"productneck","embeddable":true,"href":"https:\/\/www.koonings.com\/fr\/wp-json\/wp\/v2\/productneck?post=58829"},{"taxonomy":"productcolor","embeddable":true,"href":"https:\/\/www.koonings.com\/fr\/wp-json\/wp\/v2\/productcolor?post=58829"},{"taxonomy":"maat","embeddable":true,"href":"https:\/\/www.koonings.com\/fr\/wp-json\/wp\/v2\/maat?post=58829"},{"taxonomy":"productsupplier","embeddable":true,"href":"https:\/\/www.koonings.com\/fr\/wp-json\/wp\/v2\/productsupplier?post=58829"},{"taxonomy":"productsleeve","embeddable":true,"href":"https:\/\/www.koonings.com\/fr\/wp-json\/wp\/v2\/productsleeve?post=58829"},{"taxonomy":"productcategory","embeddable":true,"href":"https:\/\/www.koonings.com\/fr\/wp-json\/wp\/v2\/productcategory?post=58829"},{"taxonomy":"productsilhouette","embeddable":true,"href":"https:\/\/www.koonings.com\/fr\/wp-json\/wp\/v2\/productsilhouette?post=58829"},{"taxonomy":"productstyle","embeddable":true,"href":"https:\/\/www.koonings.com\/fr\/wp-json\/wp\/v2\/productstyle?post=58829"}],"curies":[{"name":"wp","href":"https:\/\/api.w.org\/{rel}","templated":true}]}}