{"id":58779,"date":"2026-05-06T15:24:23","date_gmt":"2026-05-06T13:24:23","guid":{"rendered":"https:\/\/www.koonings.com\/product\/nicole-milano-collection-couture-rahima-nc125ae1\/"},"modified":"2025-06-05T13:15:05","modified_gmt":"2025-06-05T11:15:05","slug":"nicole-milano-collection-couture-rahima-nc125ae1","status":"publish","type":"product","link":"https:\/\/www.koonings.com\/fr\/product\/nicole-milano-collection-couture-rahima-nc125ae1\/","title":{"rendered":"Nicole Milano collection Couture Rahima NC125AE1"},"content":{"rendered":"<p>Un mod\u00e8le qui fera de vous une princesse moderne, avec sa coupe en A et sa spectaculaire jupe en tulle brod\u00e9e de paillettes. Il pr\u00e9sente un corsage en dentelle brod\u00e9e de perles, un col roul\u00e9, des manches longues aux \u00e9paules structur\u00e9es et un magnifique trap\u00e8ze dans le dos. <\/p>\n","protected":false},"featured_media":47939,"template":"","meta":{"_acf_changed":false,"ghostkit_customizer_options":"","ghostkit_custom_css":"","ghostkit_custom_js_head":"","ghostkit_custom_js_foot":"","ghostkit_typography":""},"productdetails":[381],"productneck":[350],"productcolor":[392],"maat":[],"productsupplier":[447],"productsleeve":[362],"productcategory":[18],"productsilhouette":[388],"productstyle":[372],"class_list":["post-58779","product","type-product","status-publish","has-post-thumbnail","hentry","productdetails-381","productneck-350","productcolor-392","productsupplier-nicole-milano-collection-couture","productsleeve-362","productcategory-trouwjurken","productsilhouette-388","productstyle-372"],"acf":[],"yoast_head":"<!-- This site is optimized with the Yoast SEO plugin v27.3 - https:\/\/yoast.com\/product\/yoast-seo-wordpress\/ -->\n<title>Nicole Milano collection Couture Rahima NC125AE1 | Koonings<\/title>\n<meta name=\"description\" content=\"Un mod\u00e8le qui fera de vous une princesse moderne, avec sa coupe en A et sa spectaculaire jupe en tulle brod\u00e9e de paillettes. Il pr\u00e9sente un corsage en dentelle brod\u00e9e de perles, un col roul\u00e9, des manches longues aux \u00e9paules structur\u00e9es et un magnifique trap\u00e8ze dans le dos.\" \/>\n<meta name=\"robots\" content=\"index, follow, max-snippet:-1, max-image-preview:large, max-video-preview:-1\" \/>\n<link rel=\"canonical\" href=\"https:\/\/www.koonings.com\/fr\/product\/nicole-milano-collection-couture-rahima-nc125ae1\/\" \/>\n<meta property=\"og:locale\" content=\"fr_FR\" \/>\n<meta property=\"og:type\" content=\"article\" \/>\n<meta property=\"og:title\" content=\"Nicole Milano collection Couture Rahima NC125AE1 | Koonings\" \/>\n<meta property=\"og:description\" content=\"Un mod\u00e8le qui fera de vous une princesse moderne, avec sa coupe en A et sa spectaculaire jupe en tulle brod\u00e9e de paillettes. Il pr\u00e9sente un corsage en dentelle brod\u00e9e de perles, un col roul\u00e9, des manches longues aux \u00e9paules structur\u00e9es et un magnifique trap\u00e8ze dans le dos.\" \/>\n<meta property=\"og:url\" content=\"https:\/\/www.koonings.com\/fr\/product\/nicole-milano-collection-couture-rahima-nc125ae1\/\" \/>\n<meta property=\"og:site_name\" content=\"Koonings\" \/>\n<meta property=\"article:publisher\" content=\"https:\/\/www.facebook.com\/kooningstheweddingpalace\" \/>\n<meta property=\"og:image\" content=\"https:\/\/www.koonings.com\/wp-content\/uploads\/2024\/11\/40940_679088e9849916ddecd8973fdc1cae1bdab0b761e6c396f2ce5af1808e3b84f6d764ca1b-scaled.jpeg\" \/>\n\t<meta property=\"og:image:width\" content=\"1810\" \/>\n\t<meta property=\"og:image:height\" content=\"2560\" \/>\n\t<meta property=\"og:image:type\" content=\"image\/jpeg\" \/>\n<meta name=\"twitter:card\" content=\"summary_large_image\" \/>\n<script type=\"application\/ld+json\" class=\"yoast-schema-graph\">{\"@context\":\"https:\\\/\\\/schema.org\",\"@graph\":[{\"@type\":\"WebPage\",\"@id\":\"https:\\\/\\\/www.koonings.com\\\/fr\\\/product\\\/nicole-milano-collection-couture-rahima-nc125ae1\\\/\",\"url\":\"https:\\\/\\\/www.koonings.com\\\/fr\\\/product\\\/nicole-milano-collection-couture-rahima-nc125ae1\\\/\",\"name\":\"Nicole Milano collection Couture Rahima NC125AE1 | Koonings\",\"isPartOf\":{\"@id\":\"https:\\\/\\\/www.koonings.com\\\/fr\\\/#website\"},\"primaryImageOfPage\":{\"@id\":\"https:\\\/\\\/www.koonings.com\\\/fr\\\/product\\\/nicole-milano-collection-couture-rahima-nc125ae1\\\/#primaryimage\"},\"image\":{\"@id\":\"https:\\\/\\\/www.koonings.com\\\/fr\\\/product\\\/nicole-milano-collection-couture-rahima-nc125ae1\\\/#primaryimage\"},\"thumbnailUrl\":\"https:\\\/\\\/www.koonings.com\\\/wp-content\\\/uploads\\\/2024\\\/11\\\/40940_679088e9849916ddecd8973fdc1cae1bdab0b761e6c396f2ce5af1808e3b84f6d764ca1b-scaled.jpeg\",\"datePublished\":\"2026-05-06T13:24:23+00:00\",\"description\":\"Un mod\u00e8le qui fera de vous une princesse moderne, avec sa coupe en A et sa spectaculaire jupe en tulle brod\u00e9e de paillettes. Il pr\u00e9sente un corsage en dentelle brod\u00e9e de perles, un col roul\u00e9, des manches longues aux \u00e9paules structur\u00e9es et un magnifique trap\u00e8ze dans le dos.\",\"breadcrumb\":{\"@id\":\"https:\\\/\\\/www.koonings.com\\\/fr\\\/product\\\/nicole-milano-collection-couture-rahima-nc125ae1\\\/#breadcrumb\"},\"inLanguage\":\"fr-FR\",\"potentialAction\":[{\"@type\":\"ReadAction\",\"target\":[\"https:\\\/\\\/www.koonings.com\\\/fr\\\/product\\\/nicole-milano-collection-couture-rahima-nc125ae1\\\/\"]}]},{\"@type\":\"ImageObject\",\"inLanguage\":\"fr-FR\",\"@id\":\"https:\\\/\\\/www.koonings.com\\\/fr\\\/product\\\/nicole-milano-collection-couture-rahima-nc125ae1\\\/#primaryimage\",\"url\":\"https:\\\/\\\/www.koonings.com\\\/wp-content\\\/uploads\\\/2024\\\/11\\\/40940_679088e9849916ddecd8973fdc1cae1bdab0b761e6c396f2ce5af1808e3b84f6d764ca1b-scaled.jpeg\",\"contentUrl\":\"https:\\\/\\\/www.koonings.com\\\/wp-content\\\/uploads\\\/2024\\\/11\\\/40940_679088e9849916ddecd8973fdc1cae1bdab0b761e6c396f2ce5af1808e3b84f6d764ca1b-scaled.jpeg\",\"width\":1810,\"height\":2560},{\"@type\":\"BreadcrumbList\",\"@id\":\"https:\\\/\\\/www.koonings.com\\\/fr\\\/product\\\/nicole-milano-collection-couture-rahima-nc125ae1\\\/#breadcrumb\",\"itemListElement\":[{\"@type\":\"ListItem\",\"position\":1,\"name\":\"Home\",\"item\":\"https:\\\/\\\/www.koonings.com\\\/fr\\\/\"},{\"@type\":\"ListItem\",\"position\":2,\"name\":\"Nicole Milano collection Couture Rahima NC125AE1\"}]},{\"@type\":\"WebSite\",\"@id\":\"https:\\\/\\\/www.koonings.com\\\/fr\\\/#website\",\"url\":\"https:\\\/\\\/www.koonings.com\\\/fr\\\/\",\"name\":\"Koonings\",\"description\":\"De grootste bruidsmodewinkel ter wereld\",\"publisher\":{\"@id\":\"https:\\\/\\\/www.koonings.com\\\/fr\\\/#organization\"},\"potentialAction\":[{\"@type\":\"SearchAction\",\"target\":{\"@type\":\"EntryPoint\",\"urlTemplate\":\"https:\\\/\\\/www.koonings.com\\\/fr\\\/?s={search_term_string}\"},\"query-input\":{\"@type\":\"PropertyValueSpecification\",\"valueRequired\":true,\"valueName\":\"search_term_string\"}}],\"inLanguage\":\"fr-FR\"},{\"@type\":\"Organization\",\"@id\":\"https:\\\/\\\/www.koonings.com\\\/fr\\\/#organization\",\"name\":\"Koonings\",\"url\":\"https:\\\/\\\/www.koonings.com\\\/fr\\\/\",\"logo\":{\"@type\":\"ImageObject\",\"inLanguage\":\"fr-FR\",\"@id\":\"https:\\\/\\\/www.koonings.com\\\/fr\\\/#\\\/schema\\\/logo\\\/image\\\/\",\"url\":\"https:\\\/\\\/www.koonings.com\\\/wp-content\\\/uploads\\\/2024\\\/07\\\/logo.png\",\"contentUrl\":\"https:\\\/\\\/www.koonings.com\\\/wp-content\\\/uploads\\\/2024\\\/07\\\/logo.png\",\"width\":600,\"height\":428,\"caption\":\"Koonings\"},\"image\":{\"@id\":\"https:\\\/\\\/www.koonings.com\\\/fr\\\/#\\\/schema\\\/logo\\\/image\\\/\"},\"sameAs\":[\"https:\\\/\\\/www.facebook.com\\\/kooningstheweddingpalace\",\"https:\\\/\\\/www.instagram.com\\\/kooningstheweddingpalace\",\"https:\\\/\\\/www.pinterest.com\\\/koonings\",\"https:\\\/\\\/www.youtube.com\\\/kooningstheweddingpalace\"]}]}<\/script>\n<!-- \/ Yoast SEO plugin. -->","yoast_head_json":{"title":"Nicole Milano collection Couture Rahima NC125AE1 | Koonings","description":"Un mod\u00e8le qui fera de vous une princesse moderne, avec sa coupe en A et sa spectaculaire jupe en tulle brod\u00e9e de paillettes. Il pr\u00e9sente un corsage en dentelle brod\u00e9e de perles, un col roul\u00e9, des manches longues aux \u00e9paules structur\u00e9es et un magnifique trap\u00e8ze dans le dos.","robots":{"index":"index","follow":"follow","max-snippet":"max-snippet:-1","max-image-preview":"max-image-preview:large","max-video-preview":"max-video-preview:-1"},"canonical":"https:\/\/www.koonings.com\/fr\/product\/nicole-milano-collection-couture-rahima-nc125ae1\/","og_locale":"fr_FR","og_type":"article","og_title":"Nicole Milano collection Couture Rahima NC125AE1 | Koonings","og_description":"Un mod\u00e8le qui fera de vous une princesse moderne, avec sa coupe en A et sa spectaculaire jupe en tulle brod\u00e9e de paillettes. Il pr\u00e9sente un corsage en dentelle brod\u00e9e de perles, un col roul\u00e9, des manches longues aux \u00e9paules structur\u00e9es et un magnifique trap\u00e8ze dans le dos.","og_url":"https:\/\/www.koonings.com\/fr\/product\/nicole-milano-collection-couture-rahima-nc125ae1\/","og_site_name":"Koonings","article_publisher":"https:\/\/www.facebook.com\/kooningstheweddingpalace","og_image":[{"width":1810,"height":2560,"url":"https:\/\/www.koonings.com\/wp-content\/uploads\/2024\/11\/40940_679088e9849916ddecd8973fdc1cae1bdab0b761e6c396f2ce5af1808e3b84f6d764ca1b-scaled.jpeg","type":"image\/jpeg"}],"twitter_card":"summary_large_image","schema":{"@context":"https:\/\/schema.org","@graph":[{"@type":"WebPage","@id":"https:\/\/www.koonings.com\/fr\/product\/nicole-milano-collection-couture-rahima-nc125ae1\/","url":"https:\/\/www.koonings.com\/fr\/product\/nicole-milano-collection-couture-rahima-nc125ae1\/","name":"Nicole Milano collection Couture Rahima NC125AE1 | Koonings","isPartOf":{"@id":"https:\/\/www.koonings.com\/fr\/#website"},"primaryImageOfPage":{"@id":"https:\/\/www.koonings.com\/fr\/product\/nicole-milano-collection-couture-rahima-nc125ae1\/#primaryimage"},"image":{"@id":"https:\/\/www.koonings.com\/fr\/product\/nicole-milano-collection-couture-rahima-nc125ae1\/#primaryimage"},"thumbnailUrl":"https:\/\/www.koonings.com\/wp-content\/uploads\/2024\/11\/40940_679088e9849916ddecd8973fdc1cae1bdab0b761e6c396f2ce5af1808e3b84f6d764ca1b-scaled.jpeg","datePublished":"2026-05-06T13:24:23+00:00","description":"Un mod\u00e8le qui fera de vous une princesse moderne, avec sa coupe en A et sa spectaculaire jupe en tulle brod\u00e9e de paillettes. Il pr\u00e9sente un corsage en dentelle brod\u00e9e de perles, un col roul\u00e9, des manches longues aux \u00e9paules structur\u00e9es et un magnifique trap\u00e8ze dans le dos.","breadcrumb":{"@id":"https:\/\/www.koonings.com\/fr\/product\/nicole-milano-collection-couture-rahima-nc125ae1\/#breadcrumb"},"inLanguage":"fr-FR","potentialAction":[{"@type":"ReadAction","target":["https:\/\/www.koonings.com\/fr\/product\/nicole-milano-collection-couture-rahima-nc125ae1\/"]}]},{"@type":"ImageObject","inLanguage":"fr-FR","@id":"https:\/\/www.koonings.com\/fr\/product\/nicole-milano-collection-couture-rahima-nc125ae1\/#primaryimage","url":"https:\/\/www.koonings.com\/wp-content\/uploads\/2024\/11\/40940_679088e9849916ddecd8973fdc1cae1bdab0b761e6c396f2ce5af1808e3b84f6d764ca1b-scaled.jpeg","contentUrl":"https:\/\/www.koonings.com\/wp-content\/uploads\/2024\/11\/40940_679088e9849916ddecd8973fdc1cae1bdab0b761e6c396f2ce5af1808e3b84f6d764ca1b-scaled.jpeg","width":1810,"height":2560},{"@type":"BreadcrumbList","@id":"https:\/\/www.koonings.com\/fr\/product\/nicole-milano-collection-couture-rahima-nc125ae1\/#breadcrumb","itemListElement":[{"@type":"ListItem","position":1,"name":"Home","item":"https:\/\/www.koonings.com\/fr\/"},{"@type":"ListItem","position":2,"name":"Nicole Milano collection Couture Rahima NC125AE1"}]},{"@type":"WebSite","@id":"https:\/\/www.koonings.com\/fr\/#website","url":"https:\/\/www.koonings.com\/fr\/","name":"Koonings","description":"De grootste bruidsmodewinkel ter wereld","publisher":{"@id":"https:\/\/www.koonings.com\/fr\/#organization"},"potentialAction":[{"@type":"SearchAction","target":{"@type":"EntryPoint","urlTemplate":"https:\/\/www.koonings.com\/fr\/?s={search_term_string}"},"query-input":{"@type":"PropertyValueSpecification","valueRequired":true,"valueName":"search_term_string"}}],"inLanguage":"fr-FR"},{"@type":"Organization","@id":"https:\/\/www.koonings.com\/fr\/#organization","name":"Koonings","url":"https:\/\/www.koonings.com\/fr\/","logo":{"@type":"ImageObject","inLanguage":"fr-FR","@id":"https:\/\/www.koonings.com\/fr\/#\/schema\/logo\/image\/","url":"https:\/\/www.koonings.com\/wp-content\/uploads\/2024\/07\/logo.png","contentUrl":"https:\/\/www.koonings.com\/wp-content\/uploads\/2024\/07\/logo.png","width":600,"height":428,"caption":"Koonings"},"image":{"@id":"https:\/\/www.koonings.com\/fr\/#\/schema\/logo\/image\/"},"sameAs":["https:\/\/www.facebook.com\/kooningstheweddingpalace","https:\/\/www.instagram.com\/kooningstheweddingpalace","https:\/\/www.pinterest.com\/koonings","https:\/\/www.youtube.com\/kooningstheweddingpalace"]}]}},"_links":{"self":[{"href":"https:\/\/www.koonings.com\/fr\/wp-json\/wp\/v2\/product\/58779","targetHints":{"allow":["GET"]}}],"collection":[{"href":"https:\/\/www.koonings.com\/fr\/wp-json\/wp\/v2\/product"}],"about":[{"href":"https:\/\/www.koonings.com\/fr\/wp-json\/wp\/v2\/types\/product"}],"wp:featuredmedia":[{"embeddable":true,"href":"https:\/\/www.koonings.com\/fr\/wp-json\/wp\/v2\/media\/47939"}],"wp:attachment":[{"href":"https:\/\/www.koonings.com\/fr\/wp-json\/wp\/v2\/media?parent=58779"}],"wp:term":[{"taxonomy":"productdetails","embeddable":true,"href":"https:\/\/www.koonings.com\/fr\/wp-json\/wp\/v2\/productdetails?post=58779"},{"taxonomy":"productneck","embeddable":true,"href":"https:\/\/www.koonings.com\/fr\/wp-json\/wp\/v2\/productneck?post=58779"},{"taxonomy":"productcolor","embeddable":true,"href":"https:\/\/www.koonings.com\/fr\/wp-json\/wp\/v2\/productcolor?post=58779"},{"taxonomy":"maat","embeddable":true,"href":"https:\/\/www.koonings.com\/fr\/wp-json\/wp\/v2\/maat?post=58779"},{"taxonomy":"productsupplier","embeddable":true,"href":"https:\/\/www.koonings.com\/fr\/wp-json\/wp\/v2\/productsupplier?post=58779"},{"taxonomy":"productsleeve","embeddable":true,"href":"https:\/\/www.koonings.com\/fr\/wp-json\/wp\/v2\/productsleeve?post=58779"},{"taxonomy":"productcategory","embeddable":true,"href":"https:\/\/www.koonings.com\/fr\/wp-json\/wp\/v2\/productcategory?post=58779"},{"taxonomy":"productsilhouette","embeddable":true,"href":"https:\/\/www.koonings.com\/fr\/wp-json\/wp\/v2\/productsilhouette?post=58779"},{"taxonomy":"productstyle","embeddable":true,"href":"https:\/\/www.koonings.com\/fr\/wp-json\/wp\/v2\/productstyle?post=58779"}],"curies":[{"name":"wp","href":"https:\/\/api.w.org\/{rel}","templated":true}]}}