{"id":58773,"date":"2026-04-14T16:24:54","date_gmt":"2026-04-14T14:24:54","guid":{"rendered":"https:\/\/www.koonings.com\/product\/nicole-milano-falaki-ni125cu1\/"},"modified":"2026-02-16T14:40:58","modified_gmt":"2026-02-16T13:40:58","slug":"nicole-milano-falaki-ni125cu1","status":"publish","type":"product","link":"https:\/\/www.koonings.com\/fr\/product\/nicole-milano-falaki-ni125cu1\/","title":{"rendered":"Nicole Milano Falaki NI125CU1"},"content":{"rendered":"<p>Optez pour l&#8217;\u00e9l\u00e9gance ind\u00e9fectible de la dentelle avec cette robe sir\u00e8ne au d\u00e9collet\u00e9 montant. Ajoutez une touche sophistiqu\u00e9e avec des manches amovibles en dentelle et un voile orn\u00e9 de broderies (non inclus dans le prix). <\/p>\n","protected":false},"featured_media":47960,"template":"","meta":{"_acf_changed":false,"ghostkit_customizer_options":"","ghostkit_custom_css":"","ghostkit_custom_js_head":"","ghostkit_custom_js_foot":"","ghostkit_typography":""},"productdetails":[],"productneck":[],"productcolor":[393,392],"maat":[],"productsupplier":[436],"productsleeve":[363],"productcategory":[18],"productsilhouette":[387],"productstyle":[369,366],"class_list":["post-58773","product","type-product","status-publish","has-post-thumbnail","hentry","productcolor-393","productcolor-392","productsupplier-nicole-milano","productsleeve-363","productcategory-trouwjurken","productsilhouette-387","productstyle-369","productstyle-366"],"acf":[],"yoast_head":"<!-- This site is optimized with the Yoast SEO plugin v27.3 - https:\/\/yoast.com\/product\/yoast-seo-wordpress\/ -->\n<title>Nicole Milano Falaki NI125CU1 | Koonings<\/title>\n<meta name=\"description\" content=\"Optez pour l&#039;\u00e9l\u00e9gance ind\u00e9fectible de la dentelle avec cette robe sir\u00e8ne au d\u00e9collet\u00e9 montant. Ajoutez une touche sophistiqu\u00e9e avec des manches amovibles en dentelle et un voile orn\u00e9 de broderies (non inclus dans le prix).\" \/>\n<meta name=\"robots\" content=\"index, follow, max-snippet:-1, max-image-preview:large, max-video-preview:-1\" \/>\n<link rel=\"canonical\" href=\"https:\/\/www.koonings.com\/fr\/product\/nicole-milano-falaki-ni125cu1\/\" \/>\n<meta property=\"og:locale\" content=\"fr_FR\" \/>\n<meta property=\"og:type\" content=\"article\" \/>\n<meta property=\"og:title\" content=\"Nicole Milano Falaki NI125CU1 | Koonings\" \/>\n<meta property=\"og:description\" content=\"Optez pour l&#039;\u00e9l\u00e9gance ind\u00e9fectible de la dentelle avec cette robe sir\u00e8ne au d\u00e9collet\u00e9 montant. Ajoutez une touche sophistiqu\u00e9e avec des manches amovibles en dentelle et un voile orn\u00e9 de broderies (non inclus dans le prix).\" \/>\n<meta property=\"og:url\" content=\"https:\/\/www.koonings.com\/fr\/product\/nicole-milano-falaki-ni125cu1\/\" \/>\n<meta property=\"og:site_name\" content=\"Koonings\" \/>\n<meta property=\"article:publisher\" content=\"https:\/\/www.facebook.com\/kooningstheweddingpalace\" \/>\n<meta property=\"og:image\" content=\"https:\/\/www.koonings.com\/wp-content\/uploads\/2024\/11\/40941_c1574a76d79b07d0af39424e2190087ad34e8965f56bc2aa4e76159bef754b93e55836ce-scaled.jpeg\" \/>\n\t<meta property=\"og:image:width\" content=\"1809\" \/>\n\t<meta property=\"og:image:height\" content=\"2560\" \/>\n\t<meta property=\"og:image:type\" content=\"image\/jpeg\" \/>\n<meta name=\"twitter:card\" content=\"summary_large_image\" \/>\n<script type=\"application\/ld+json\" class=\"yoast-schema-graph\">{\"@context\":\"https:\\\/\\\/schema.org\",\"@graph\":[{\"@type\":\"WebPage\",\"@id\":\"https:\\\/\\\/www.koonings.com\\\/fr\\\/product\\\/nicole-milano-falaki-ni125cu1\\\/\",\"url\":\"https:\\\/\\\/www.koonings.com\\\/fr\\\/product\\\/nicole-milano-falaki-ni125cu1\\\/\",\"name\":\"Nicole Milano Falaki NI125CU1 | Koonings\",\"isPartOf\":{\"@id\":\"https:\\\/\\\/www.koonings.com\\\/fr\\\/#website\"},\"primaryImageOfPage\":{\"@id\":\"https:\\\/\\\/www.koonings.com\\\/fr\\\/product\\\/nicole-milano-falaki-ni125cu1\\\/#primaryimage\"},\"image\":{\"@id\":\"https:\\\/\\\/www.koonings.com\\\/fr\\\/product\\\/nicole-milano-falaki-ni125cu1\\\/#primaryimage\"},\"thumbnailUrl\":\"https:\\\/\\\/www.koonings.com\\\/wp-content\\\/uploads\\\/2024\\\/11\\\/40941_c1574a76d79b07d0af39424e2190087ad34e8965f56bc2aa4e76159bef754b93e55836ce-scaled.jpeg\",\"datePublished\":\"2026-04-14T14:24:54+00:00\",\"description\":\"Optez pour l'\u00e9l\u00e9gance ind\u00e9fectible de la dentelle avec cette robe sir\u00e8ne au d\u00e9collet\u00e9 montant. Ajoutez une touche sophistiqu\u00e9e avec des manches amovibles en dentelle et un voile orn\u00e9 de broderies (non inclus dans le prix).\",\"breadcrumb\":{\"@id\":\"https:\\\/\\\/www.koonings.com\\\/fr\\\/product\\\/nicole-milano-falaki-ni125cu1\\\/#breadcrumb\"},\"inLanguage\":\"fr-FR\",\"potentialAction\":[{\"@type\":\"ReadAction\",\"target\":[\"https:\\\/\\\/www.koonings.com\\\/fr\\\/product\\\/nicole-milano-falaki-ni125cu1\\\/\"]}]},{\"@type\":\"ImageObject\",\"inLanguage\":\"fr-FR\",\"@id\":\"https:\\\/\\\/www.koonings.com\\\/fr\\\/product\\\/nicole-milano-falaki-ni125cu1\\\/#primaryimage\",\"url\":\"https:\\\/\\\/www.koonings.com\\\/wp-content\\\/uploads\\\/2024\\\/11\\\/40941_c1574a76d79b07d0af39424e2190087ad34e8965f56bc2aa4e76159bef754b93e55836ce-scaled.jpeg\",\"contentUrl\":\"https:\\\/\\\/www.koonings.com\\\/wp-content\\\/uploads\\\/2024\\\/11\\\/40941_c1574a76d79b07d0af39424e2190087ad34e8965f56bc2aa4e76159bef754b93e55836ce-scaled.jpeg\",\"width\":1809,\"height\":2560},{\"@type\":\"BreadcrumbList\",\"@id\":\"https:\\\/\\\/www.koonings.com\\\/fr\\\/product\\\/nicole-milano-falaki-ni125cu1\\\/#breadcrumb\",\"itemListElement\":[{\"@type\":\"ListItem\",\"position\":1,\"name\":\"Home\",\"item\":\"https:\\\/\\\/www.koonings.com\\\/fr\\\/\"},{\"@type\":\"ListItem\",\"position\":2,\"name\":\"Nicole Milano Falaki NI125CU1\"}]},{\"@type\":\"WebSite\",\"@id\":\"https:\\\/\\\/www.koonings.com\\\/fr\\\/#website\",\"url\":\"https:\\\/\\\/www.koonings.com\\\/fr\\\/\",\"name\":\"Koonings\",\"description\":\"De grootste bruidsmodewinkel ter wereld\",\"publisher\":{\"@id\":\"https:\\\/\\\/www.koonings.com\\\/fr\\\/#organization\"},\"potentialAction\":[{\"@type\":\"SearchAction\",\"target\":{\"@type\":\"EntryPoint\",\"urlTemplate\":\"https:\\\/\\\/www.koonings.com\\\/fr\\\/?s={search_term_string}\"},\"query-input\":{\"@type\":\"PropertyValueSpecification\",\"valueRequired\":true,\"valueName\":\"search_term_string\"}}],\"inLanguage\":\"fr-FR\"},{\"@type\":\"Organization\",\"@id\":\"https:\\\/\\\/www.koonings.com\\\/fr\\\/#organization\",\"name\":\"Koonings\",\"url\":\"https:\\\/\\\/www.koonings.com\\\/fr\\\/\",\"logo\":{\"@type\":\"ImageObject\",\"inLanguage\":\"fr-FR\",\"@id\":\"https:\\\/\\\/www.koonings.com\\\/fr\\\/#\\\/schema\\\/logo\\\/image\\\/\",\"url\":\"https:\\\/\\\/www.koonings.com\\\/wp-content\\\/uploads\\\/2024\\\/07\\\/logo.png\",\"contentUrl\":\"https:\\\/\\\/www.koonings.com\\\/wp-content\\\/uploads\\\/2024\\\/07\\\/logo.png\",\"width\":600,\"height\":428,\"caption\":\"Koonings\"},\"image\":{\"@id\":\"https:\\\/\\\/www.koonings.com\\\/fr\\\/#\\\/schema\\\/logo\\\/image\\\/\"},\"sameAs\":[\"https:\\\/\\\/www.facebook.com\\\/kooningstheweddingpalace\",\"https:\\\/\\\/www.instagram.com\\\/kooningstheweddingpalace\",\"https:\\\/\\\/www.pinterest.com\\\/koonings\",\"https:\\\/\\\/www.youtube.com\\\/kooningstheweddingpalace\"]}]}<\/script>\n<!-- \/ Yoast SEO plugin. -->","yoast_head_json":{"title":"Nicole Milano Falaki NI125CU1 | Koonings","description":"Optez pour l'\u00e9l\u00e9gance ind\u00e9fectible de la dentelle avec cette robe sir\u00e8ne au d\u00e9collet\u00e9 montant. Ajoutez une touche sophistiqu\u00e9e avec des manches amovibles en dentelle et un voile orn\u00e9 de broderies (non inclus dans le prix).","robots":{"index":"index","follow":"follow","max-snippet":"max-snippet:-1","max-image-preview":"max-image-preview:large","max-video-preview":"max-video-preview:-1"},"canonical":"https:\/\/www.koonings.com\/fr\/product\/nicole-milano-falaki-ni125cu1\/","og_locale":"fr_FR","og_type":"article","og_title":"Nicole Milano Falaki NI125CU1 | Koonings","og_description":"Optez pour l'\u00e9l\u00e9gance ind\u00e9fectible de la dentelle avec cette robe sir\u00e8ne au d\u00e9collet\u00e9 montant. Ajoutez une touche sophistiqu\u00e9e avec des manches amovibles en dentelle et un voile orn\u00e9 de broderies (non inclus dans le prix).","og_url":"https:\/\/www.koonings.com\/fr\/product\/nicole-milano-falaki-ni125cu1\/","og_site_name":"Koonings","article_publisher":"https:\/\/www.facebook.com\/kooningstheweddingpalace","og_image":[{"width":1809,"height":2560,"url":"https:\/\/www.koonings.com\/wp-content\/uploads\/2024\/11\/40941_c1574a76d79b07d0af39424e2190087ad34e8965f56bc2aa4e76159bef754b93e55836ce-scaled.jpeg","type":"image\/jpeg"}],"twitter_card":"summary_large_image","schema":{"@context":"https:\/\/schema.org","@graph":[{"@type":"WebPage","@id":"https:\/\/www.koonings.com\/fr\/product\/nicole-milano-falaki-ni125cu1\/","url":"https:\/\/www.koonings.com\/fr\/product\/nicole-milano-falaki-ni125cu1\/","name":"Nicole Milano Falaki NI125CU1 | Koonings","isPartOf":{"@id":"https:\/\/www.koonings.com\/fr\/#website"},"primaryImageOfPage":{"@id":"https:\/\/www.koonings.com\/fr\/product\/nicole-milano-falaki-ni125cu1\/#primaryimage"},"image":{"@id":"https:\/\/www.koonings.com\/fr\/product\/nicole-milano-falaki-ni125cu1\/#primaryimage"},"thumbnailUrl":"https:\/\/www.koonings.com\/wp-content\/uploads\/2024\/11\/40941_c1574a76d79b07d0af39424e2190087ad34e8965f56bc2aa4e76159bef754b93e55836ce-scaled.jpeg","datePublished":"2026-04-14T14:24:54+00:00","description":"Optez pour l'\u00e9l\u00e9gance ind\u00e9fectible de la dentelle avec cette robe sir\u00e8ne au d\u00e9collet\u00e9 montant. Ajoutez une touche sophistiqu\u00e9e avec des manches amovibles en dentelle et un voile orn\u00e9 de broderies (non inclus dans le prix).","breadcrumb":{"@id":"https:\/\/www.koonings.com\/fr\/product\/nicole-milano-falaki-ni125cu1\/#breadcrumb"},"inLanguage":"fr-FR","potentialAction":[{"@type":"ReadAction","target":["https:\/\/www.koonings.com\/fr\/product\/nicole-milano-falaki-ni125cu1\/"]}]},{"@type":"ImageObject","inLanguage":"fr-FR","@id":"https:\/\/www.koonings.com\/fr\/product\/nicole-milano-falaki-ni125cu1\/#primaryimage","url":"https:\/\/www.koonings.com\/wp-content\/uploads\/2024\/11\/40941_c1574a76d79b07d0af39424e2190087ad34e8965f56bc2aa4e76159bef754b93e55836ce-scaled.jpeg","contentUrl":"https:\/\/www.koonings.com\/wp-content\/uploads\/2024\/11\/40941_c1574a76d79b07d0af39424e2190087ad34e8965f56bc2aa4e76159bef754b93e55836ce-scaled.jpeg","width":1809,"height":2560},{"@type":"BreadcrumbList","@id":"https:\/\/www.koonings.com\/fr\/product\/nicole-milano-falaki-ni125cu1\/#breadcrumb","itemListElement":[{"@type":"ListItem","position":1,"name":"Home","item":"https:\/\/www.koonings.com\/fr\/"},{"@type":"ListItem","position":2,"name":"Nicole Milano Falaki NI125CU1"}]},{"@type":"WebSite","@id":"https:\/\/www.koonings.com\/fr\/#website","url":"https:\/\/www.koonings.com\/fr\/","name":"Koonings","description":"De grootste bruidsmodewinkel ter wereld","publisher":{"@id":"https:\/\/www.koonings.com\/fr\/#organization"},"potentialAction":[{"@type":"SearchAction","target":{"@type":"EntryPoint","urlTemplate":"https:\/\/www.koonings.com\/fr\/?s={search_term_string}"},"query-input":{"@type":"PropertyValueSpecification","valueRequired":true,"valueName":"search_term_string"}}],"inLanguage":"fr-FR"},{"@type":"Organization","@id":"https:\/\/www.koonings.com\/fr\/#organization","name":"Koonings","url":"https:\/\/www.koonings.com\/fr\/","logo":{"@type":"ImageObject","inLanguage":"fr-FR","@id":"https:\/\/www.koonings.com\/fr\/#\/schema\/logo\/image\/","url":"https:\/\/www.koonings.com\/wp-content\/uploads\/2024\/07\/logo.png","contentUrl":"https:\/\/www.koonings.com\/wp-content\/uploads\/2024\/07\/logo.png","width":600,"height":428,"caption":"Koonings"},"image":{"@id":"https:\/\/www.koonings.com\/fr\/#\/schema\/logo\/image\/"},"sameAs":["https:\/\/www.facebook.com\/kooningstheweddingpalace","https:\/\/www.instagram.com\/kooningstheweddingpalace","https:\/\/www.pinterest.com\/koonings","https:\/\/www.youtube.com\/kooningstheweddingpalace"]}]}},"_links":{"self":[{"href":"https:\/\/www.koonings.com\/fr\/wp-json\/wp\/v2\/product\/58773","targetHints":{"allow":["GET"]}}],"collection":[{"href":"https:\/\/www.koonings.com\/fr\/wp-json\/wp\/v2\/product"}],"about":[{"href":"https:\/\/www.koonings.com\/fr\/wp-json\/wp\/v2\/types\/product"}],"wp:featuredmedia":[{"embeddable":true,"href":"https:\/\/www.koonings.com\/fr\/wp-json\/wp\/v2\/media\/47960"}],"wp:attachment":[{"href":"https:\/\/www.koonings.com\/fr\/wp-json\/wp\/v2\/media?parent=58773"}],"wp:term":[{"taxonomy":"productdetails","embeddable":true,"href":"https:\/\/www.koonings.com\/fr\/wp-json\/wp\/v2\/productdetails?post=58773"},{"taxonomy":"productneck","embeddable":true,"href":"https:\/\/www.koonings.com\/fr\/wp-json\/wp\/v2\/productneck?post=58773"},{"taxonomy":"productcolor","embeddable":true,"href":"https:\/\/www.koonings.com\/fr\/wp-json\/wp\/v2\/productcolor?post=58773"},{"taxonomy":"maat","embeddable":true,"href":"https:\/\/www.koonings.com\/fr\/wp-json\/wp\/v2\/maat?post=58773"},{"taxonomy":"productsupplier","embeddable":true,"href":"https:\/\/www.koonings.com\/fr\/wp-json\/wp\/v2\/productsupplier?post=58773"},{"taxonomy":"productsleeve","embeddable":true,"href":"https:\/\/www.koonings.com\/fr\/wp-json\/wp\/v2\/productsleeve?post=58773"},{"taxonomy":"productcategory","embeddable":true,"href":"https:\/\/www.koonings.com\/fr\/wp-json\/wp\/v2\/productcategory?post=58773"},{"taxonomy":"productsilhouette","embeddable":true,"href":"https:\/\/www.koonings.com\/fr\/wp-json\/wp\/v2\/productsilhouette?post=58773"},{"taxonomy":"productstyle","embeddable":true,"href":"https:\/\/www.koonings.com\/fr\/wp-json\/wp\/v2\/productstyle?post=58773"}],"curies":[{"name":"wp","href":"https:\/\/api.w.org\/{rel}","templated":true}]}}