{"id":58765,"date":"2026-04-28T18:24:13","date_gmt":"2026-04-28T16:24:13","guid":{"rendered":"https:\/\/www.koonings.com\/product\/nicole-milano-aimata-ni125cq2\/"},"modified":"2025-06-05T13:23:44","modified_gmt":"2025-06-05T11:23:44","slug":"nicole-milano-aimata-ni125cq2","status":"publish","type":"product","link":"https:\/\/www.koonings.com\/fr\/product\/nicole-milano-aimata-ni125cq2\/","title":{"rendered":"Nicole Milano Aimata NI125CQ2"},"content":{"rendered":"<p>Optez pour ce mod\u00e8le aux lignes stylis\u00e9es et \u00e0 la coupe sir\u00e8ne, en tulle. Il pr\u00e9sente un corsage romantique avec des pans de voiles brod\u00e9s autour de l&#8217;encolure, des manches capuchon et une tra\u00eene royale. <\/p>\n","protected":false},"featured_media":48023,"template":"","meta":{"_acf_changed":false,"ghostkit_customizer_options":"","ghostkit_custom_css":"","ghostkit_custom_js_head":"","ghostkit_custom_js_foot":"","ghostkit_typography":""},"productdetails":[381],"productneck":[351],"productcolor":[393,392],"maat":[],"productsupplier":[436],"productsleeve":[359],"productcategory":[18],"productsilhouette":[387],"productstyle":[369,366],"class_list":["post-58765","product","type-product","status-publish","has-post-thumbnail","hentry","productdetails-381","productneck-351","productcolor-393","productcolor-392","productsupplier-nicole-milano","productsleeve-359","productcategory-trouwjurken","productsilhouette-387","productstyle-369","productstyle-366"],"acf":[],"yoast_head":"<!-- This site is optimized with the Yoast SEO plugin v27.3 - https:\/\/yoast.com\/product\/yoast-seo-wordpress\/ -->\n<title>Nicole Milano Aimata NI125CQ2 | Koonings<\/title>\n<meta name=\"description\" content=\"Optez pour ce mod\u00e8le aux lignes stylis\u00e9es et \u00e0 la coupe sir\u00e8ne, en tulle. Il pr\u00e9sente un corsage romantique avec des pans de voiles brod\u00e9s autour de l&#039;encolure, des manches capuchon et une tra\u00eene royale.\" \/>\n<meta name=\"robots\" content=\"index, follow, max-snippet:-1, max-image-preview:large, max-video-preview:-1\" \/>\n<link rel=\"canonical\" href=\"https:\/\/www.koonings.com\/fr\/product\/nicole-milano-aimata-ni125cq2\/\" \/>\n<meta property=\"og:locale\" content=\"fr_FR\" \/>\n<meta property=\"og:type\" content=\"article\" \/>\n<meta property=\"og:title\" content=\"Nicole Milano Aimata NI125CQ2 | Koonings\" \/>\n<meta property=\"og:description\" content=\"Optez pour ce mod\u00e8le aux lignes stylis\u00e9es et \u00e0 la coupe sir\u00e8ne, en tulle. Il pr\u00e9sente un corsage romantique avec des pans de voiles brod\u00e9s autour de l&#039;encolure, des manches capuchon et une tra\u00eene royale.\" \/>\n<meta property=\"og:url\" content=\"https:\/\/www.koonings.com\/fr\/product\/nicole-milano-aimata-ni125cq2\/\" \/>\n<meta property=\"og:site_name\" content=\"Koonings\" \/>\n<meta property=\"article:publisher\" content=\"https:\/\/www.facebook.com\/kooningstheweddingpalace\" \/>\n<meta property=\"og:image\" content=\"https:\/\/www.koonings.com\/wp-content\/uploads\/2024\/11\/40944_f5195cf5d32fbb9e78d25eac73641a006bc491133ed1bbff4edda76020069e225e1ae1e2-scaled.jpeg\" \/>\n\t<meta property=\"og:image:width\" content=\"1812\" \/>\n\t<meta property=\"og:image:height\" content=\"2560\" \/>\n\t<meta property=\"og:image:type\" content=\"image\/jpeg\" \/>\n<meta name=\"twitter:card\" content=\"summary_large_image\" \/>\n<script type=\"application\/ld+json\" class=\"yoast-schema-graph\">{\"@context\":\"https:\\\/\\\/schema.org\",\"@graph\":[{\"@type\":\"WebPage\",\"@id\":\"https:\\\/\\\/www.koonings.com\\\/fr\\\/product\\\/nicole-milano-aimata-ni125cq2\\\/\",\"url\":\"https:\\\/\\\/www.koonings.com\\\/fr\\\/product\\\/nicole-milano-aimata-ni125cq2\\\/\",\"name\":\"Nicole Milano Aimata NI125CQ2 | Koonings\",\"isPartOf\":{\"@id\":\"https:\\\/\\\/www.koonings.com\\\/fr\\\/#website\"},\"primaryImageOfPage\":{\"@id\":\"https:\\\/\\\/www.koonings.com\\\/fr\\\/product\\\/nicole-milano-aimata-ni125cq2\\\/#primaryimage\"},\"image\":{\"@id\":\"https:\\\/\\\/www.koonings.com\\\/fr\\\/product\\\/nicole-milano-aimata-ni125cq2\\\/#primaryimage\"},\"thumbnailUrl\":\"https:\\\/\\\/www.koonings.com\\\/wp-content\\\/uploads\\\/2024\\\/11\\\/40944_f5195cf5d32fbb9e78d25eac73641a006bc491133ed1bbff4edda76020069e225e1ae1e2-scaled.jpeg\",\"datePublished\":\"2026-04-28T16:24:13+00:00\",\"description\":\"Optez pour ce mod\u00e8le aux lignes stylis\u00e9es et \u00e0 la coupe sir\u00e8ne, en tulle. Il pr\u00e9sente un corsage romantique avec des pans de voiles brod\u00e9s autour de l'encolure, des manches capuchon et une tra\u00eene royale.\",\"breadcrumb\":{\"@id\":\"https:\\\/\\\/www.koonings.com\\\/fr\\\/product\\\/nicole-milano-aimata-ni125cq2\\\/#breadcrumb\"},\"inLanguage\":\"fr-FR\",\"potentialAction\":[{\"@type\":\"ReadAction\",\"target\":[\"https:\\\/\\\/www.koonings.com\\\/fr\\\/product\\\/nicole-milano-aimata-ni125cq2\\\/\"]}]},{\"@type\":\"ImageObject\",\"inLanguage\":\"fr-FR\",\"@id\":\"https:\\\/\\\/www.koonings.com\\\/fr\\\/product\\\/nicole-milano-aimata-ni125cq2\\\/#primaryimage\",\"url\":\"https:\\\/\\\/www.koonings.com\\\/wp-content\\\/uploads\\\/2024\\\/11\\\/40944_f5195cf5d32fbb9e78d25eac73641a006bc491133ed1bbff4edda76020069e225e1ae1e2-scaled.jpeg\",\"contentUrl\":\"https:\\\/\\\/www.koonings.com\\\/wp-content\\\/uploads\\\/2024\\\/11\\\/40944_f5195cf5d32fbb9e78d25eac73641a006bc491133ed1bbff4edda76020069e225e1ae1e2-scaled.jpeg\",\"width\":1812,\"height\":2560},{\"@type\":\"BreadcrumbList\",\"@id\":\"https:\\\/\\\/www.koonings.com\\\/fr\\\/product\\\/nicole-milano-aimata-ni125cq2\\\/#breadcrumb\",\"itemListElement\":[{\"@type\":\"ListItem\",\"position\":1,\"name\":\"Home\",\"item\":\"https:\\\/\\\/www.koonings.com\\\/fr\\\/\"},{\"@type\":\"ListItem\",\"position\":2,\"name\":\"Nicole Milano Aimata NI125CQ2\"}]},{\"@type\":\"WebSite\",\"@id\":\"https:\\\/\\\/www.koonings.com\\\/fr\\\/#website\",\"url\":\"https:\\\/\\\/www.koonings.com\\\/fr\\\/\",\"name\":\"Koonings\",\"description\":\"De grootste bruidsmodewinkel ter wereld\",\"publisher\":{\"@id\":\"https:\\\/\\\/www.koonings.com\\\/fr\\\/#organization\"},\"potentialAction\":[{\"@type\":\"SearchAction\",\"target\":{\"@type\":\"EntryPoint\",\"urlTemplate\":\"https:\\\/\\\/www.koonings.com\\\/fr\\\/?s={search_term_string}\"},\"query-input\":{\"@type\":\"PropertyValueSpecification\",\"valueRequired\":true,\"valueName\":\"search_term_string\"}}],\"inLanguage\":\"fr-FR\"},{\"@type\":\"Organization\",\"@id\":\"https:\\\/\\\/www.koonings.com\\\/fr\\\/#organization\",\"name\":\"Koonings\",\"url\":\"https:\\\/\\\/www.koonings.com\\\/fr\\\/\",\"logo\":{\"@type\":\"ImageObject\",\"inLanguage\":\"fr-FR\",\"@id\":\"https:\\\/\\\/www.koonings.com\\\/fr\\\/#\\\/schema\\\/logo\\\/image\\\/\",\"url\":\"https:\\\/\\\/www.koonings.com\\\/wp-content\\\/uploads\\\/2024\\\/07\\\/logo.png\",\"contentUrl\":\"https:\\\/\\\/www.koonings.com\\\/wp-content\\\/uploads\\\/2024\\\/07\\\/logo.png\",\"width\":600,\"height\":428,\"caption\":\"Koonings\"},\"image\":{\"@id\":\"https:\\\/\\\/www.koonings.com\\\/fr\\\/#\\\/schema\\\/logo\\\/image\\\/\"},\"sameAs\":[\"https:\\\/\\\/www.facebook.com\\\/kooningstheweddingpalace\",\"https:\\\/\\\/www.instagram.com\\\/kooningstheweddingpalace\",\"https:\\\/\\\/www.pinterest.com\\\/koonings\",\"https:\\\/\\\/www.youtube.com\\\/kooningstheweddingpalace\"]}]}<\/script>\n<!-- \/ Yoast SEO plugin. -->","yoast_head_json":{"title":"Nicole Milano Aimata NI125CQ2 | Koonings","description":"Optez pour ce mod\u00e8le aux lignes stylis\u00e9es et \u00e0 la coupe sir\u00e8ne, en tulle. Il pr\u00e9sente un corsage romantique avec des pans de voiles brod\u00e9s autour de l'encolure, des manches capuchon et une tra\u00eene royale.","robots":{"index":"index","follow":"follow","max-snippet":"max-snippet:-1","max-image-preview":"max-image-preview:large","max-video-preview":"max-video-preview:-1"},"canonical":"https:\/\/www.koonings.com\/fr\/product\/nicole-milano-aimata-ni125cq2\/","og_locale":"fr_FR","og_type":"article","og_title":"Nicole Milano Aimata NI125CQ2 | Koonings","og_description":"Optez pour ce mod\u00e8le aux lignes stylis\u00e9es et \u00e0 la coupe sir\u00e8ne, en tulle. Il pr\u00e9sente un corsage romantique avec des pans de voiles brod\u00e9s autour de l'encolure, des manches capuchon et une tra\u00eene royale.","og_url":"https:\/\/www.koonings.com\/fr\/product\/nicole-milano-aimata-ni125cq2\/","og_site_name":"Koonings","article_publisher":"https:\/\/www.facebook.com\/kooningstheweddingpalace","og_image":[{"width":1812,"height":2560,"url":"https:\/\/www.koonings.com\/wp-content\/uploads\/2024\/11\/40944_f5195cf5d32fbb9e78d25eac73641a006bc491133ed1bbff4edda76020069e225e1ae1e2-scaled.jpeg","type":"image\/jpeg"}],"twitter_card":"summary_large_image","schema":{"@context":"https:\/\/schema.org","@graph":[{"@type":"WebPage","@id":"https:\/\/www.koonings.com\/fr\/product\/nicole-milano-aimata-ni125cq2\/","url":"https:\/\/www.koonings.com\/fr\/product\/nicole-milano-aimata-ni125cq2\/","name":"Nicole Milano Aimata NI125CQ2 | Koonings","isPartOf":{"@id":"https:\/\/www.koonings.com\/fr\/#website"},"primaryImageOfPage":{"@id":"https:\/\/www.koonings.com\/fr\/product\/nicole-milano-aimata-ni125cq2\/#primaryimage"},"image":{"@id":"https:\/\/www.koonings.com\/fr\/product\/nicole-milano-aimata-ni125cq2\/#primaryimage"},"thumbnailUrl":"https:\/\/www.koonings.com\/wp-content\/uploads\/2024\/11\/40944_f5195cf5d32fbb9e78d25eac73641a006bc491133ed1bbff4edda76020069e225e1ae1e2-scaled.jpeg","datePublished":"2026-04-28T16:24:13+00:00","description":"Optez pour ce mod\u00e8le aux lignes stylis\u00e9es et \u00e0 la coupe sir\u00e8ne, en tulle. Il pr\u00e9sente un corsage romantique avec des pans de voiles brod\u00e9s autour de l'encolure, des manches capuchon et une tra\u00eene royale.","breadcrumb":{"@id":"https:\/\/www.koonings.com\/fr\/product\/nicole-milano-aimata-ni125cq2\/#breadcrumb"},"inLanguage":"fr-FR","potentialAction":[{"@type":"ReadAction","target":["https:\/\/www.koonings.com\/fr\/product\/nicole-milano-aimata-ni125cq2\/"]}]},{"@type":"ImageObject","inLanguage":"fr-FR","@id":"https:\/\/www.koonings.com\/fr\/product\/nicole-milano-aimata-ni125cq2\/#primaryimage","url":"https:\/\/www.koonings.com\/wp-content\/uploads\/2024\/11\/40944_f5195cf5d32fbb9e78d25eac73641a006bc491133ed1bbff4edda76020069e225e1ae1e2-scaled.jpeg","contentUrl":"https:\/\/www.koonings.com\/wp-content\/uploads\/2024\/11\/40944_f5195cf5d32fbb9e78d25eac73641a006bc491133ed1bbff4edda76020069e225e1ae1e2-scaled.jpeg","width":1812,"height":2560},{"@type":"BreadcrumbList","@id":"https:\/\/www.koonings.com\/fr\/product\/nicole-milano-aimata-ni125cq2\/#breadcrumb","itemListElement":[{"@type":"ListItem","position":1,"name":"Home","item":"https:\/\/www.koonings.com\/fr\/"},{"@type":"ListItem","position":2,"name":"Nicole Milano Aimata NI125CQ2"}]},{"@type":"WebSite","@id":"https:\/\/www.koonings.com\/fr\/#website","url":"https:\/\/www.koonings.com\/fr\/","name":"Koonings","description":"De grootste bruidsmodewinkel ter wereld","publisher":{"@id":"https:\/\/www.koonings.com\/fr\/#organization"},"potentialAction":[{"@type":"SearchAction","target":{"@type":"EntryPoint","urlTemplate":"https:\/\/www.koonings.com\/fr\/?s={search_term_string}"},"query-input":{"@type":"PropertyValueSpecification","valueRequired":true,"valueName":"search_term_string"}}],"inLanguage":"fr-FR"},{"@type":"Organization","@id":"https:\/\/www.koonings.com\/fr\/#organization","name":"Koonings","url":"https:\/\/www.koonings.com\/fr\/","logo":{"@type":"ImageObject","inLanguage":"fr-FR","@id":"https:\/\/www.koonings.com\/fr\/#\/schema\/logo\/image\/","url":"https:\/\/www.koonings.com\/wp-content\/uploads\/2024\/07\/logo.png","contentUrl":"https:\/\/www.koonings.com\/wp-content\/uploads\/2024\/07\/logo.png","width":600,"height":428,"caption":"Koonings"},"image":{"@id":"https:\/\/www.koonings.com\/fr\/#\/schema\/logo\/image\/"},"sameAs":["https:\/\/www.facebook.com\/kooningstheweddingpalace","https:\/\/www.instagram.com\/kooningstheweddingpalace","https:\/\/www.pinterest.com\/koonings","https:\/\/www.youtube.com\/kooningstheweddingpalace"]}]}},"_links":{"self":[{"href":"https:\/\/www.koonings.com\/fr\/wp-json\/wp\/v2\/product\/58765","targetHints":{"allow":["GET"]}}],"collection":[{"href":"https:\/\/www.koonings.com\/fr\/wp-json\/wp\/v2\/product"}],"about":[{"href":"https:\/\/www.koonings.com\/fr\/wp-json\/wp\/v2\/types\/product"}],"wp:featuredmedia":[{"embeddable":true,"href":"https:\/\/www.koonings.com\/fr\/wp-json\/wp\/v2\/media\/48023"}],"wp:attachment":[{"href":"https:\/\/www.koonings.com\/fr\/wp-json\/wp\/v2\/media?parent=58765"}],"wp:term":[{"taxonomy":"productdetails","embeddable":true,"href":"https:\/\/www.koonings.com\/fr\/wp-json\/wp\/v2\/productdetails?post=58765"},{"taxonomy":"productneck","embeddable":true,"href":"https:\/\/www.koonings.com\/fr\/wp-json\/wp\/v2\/productneck?post=58765"},{"taxonomy":"productcolor","embeddable":true,"href":"https:\/\/www.koonings.com\/fr\/wp-json\/wp\/v2\/productcolor?post=58765"},{"taxonomy":"maat","embeddable":true,"href":"https:\/\/www.koonings.com\/fr\/wp-json\/wp\/v2\/maat?post=58765"},{"taxonomy":"productsupplier","embeddable":true,"href":"https:\/\/www.koonings.com\/fr\/wp-json\/wp\/v2\/productsupplier?post=58765"},{"taxonomy":"productsleeve","embeddable":true,"href":"https:\/\/www.koonings.com\/fr\/wp-json\/wp\/v2\/productsleeve?post=58765"},{"taxonomy":"productcategory","embeddable":true,"href":"https:\/\/www.koonings.com\/fr\/wp-json\/wp\/v2\/productcategory?post=58765"},{"taxonomy":"productsilhouette","embeddable":true,"href":"https:\/\/www.koonings.com\/fr\/wp-json\/wp\/v2\/productsilhouette?post=58765"},{"taxonomy":"productstyle","embeddable":true,"href":"https:\/\/www.koonings.com\/fr\/wp-json\/wp\/v2\/productstyle?post=58765"}],"curies":[{"name":"wp","href":"https:\/\/api.w.org\/{rel}","templated":true}]}}