{"id":58745,"date":"2025-12-15T00:38:24","date_gmt":"2025-12-14T23:38:24","guid":{"rendered":"https:\/\/www.koonings.com\/product\/nicole-milano-collection-couture-arwa-nc125ax1\/"},"modified":"2026-02-03T18:46:29","modified_gmt":"2026-02-03T17:46:29","slug":"nicole-milano-collection-couture-arwa-nc125ax1","status":"publish","type":"product","link":"https:\/\/www.koonings.com\/fr\/product\/nicole-milano-collection-couture-arwa-nc125ax1\/","title":{"rendered":"Nicole Milano collection Couture Arwa NC125AX1"},"content":{"rendered":"<p>Laissez-vous s\u00e9duire par la beaut\u00e9 sophistiqu\u00e9e de ce mod\u00e8le A-line, fait de paillettes et de tulle. Elle pr\u00e9sente un corsage sans manches en dentelle brod\u00e9e avec incrustation de perles, une encolure en forme de c\u0153ur et de larges bretelles. La jupe taille basse s&#8217;\u00e9vase en un magnifique flare avec des bordures florales brod\u00e9es.  <\/p>\n","protected":false},"featured_media":48212,"template":"","meta":{"_acf_changed":false,"ghostkit_customizer_options":"","ghostkit_custom_css":"","ghostkit_custom_js_head":"","ghostkit_custom_js_foot":"","ghostkit_typography":""},"productdetails":[381],"productneck":[356],"productcolor":[393,392],"maat":[],"productsupplier":[447],"productsleeve":[359],"productcategory":[18],"productsilhouette":[388],"productstyle":[372,366],"class_list":["post-58745","product","type-product","status-publish","has-post-thumbnail","hentry","productdetails-381","productneck-356","productcolor-393","productcolor-392","productsupplier-nicole-milano-collection-couture","productsleeve-359","productcategory-trouwjurken","productsilhouette-388","productstyle-372","productstyle-366"],"acf":[],"yoast_head":"<!-- This site is optimized with the Yoast SEO plugin v27.3 - https:\/\/yoast.com\/product\/yoast-seo-wordpress\/ -->\n<title>Nicole Milano collection Couture Arwa NC125AX1 | Koonings<\/title>\n<meta name=\"description\" content=\"Laissez-vous s\u00e9duire par la beaut\u00e9 sophistiqu\u00e9e de ce mod\u00e8le A-line, fait de paillettes et de tulle. Elle pr\u00e9sente un corsage sans manches en dentelle brod\u00e9e avec incrustation de perles, une encolure en forme de c\u0153ur et de larges bretelles. La jupe taille basse s&#039;\u00e9vase en un magnifique flare avec des bordures florales brod\u00e9es.\" \/>\n<meta name=\"robots\" content=\"index, follow, max-snippet:-1, max-image-preview:large, max-video-preview:-1\" \/>\n<link rel=\"canonical\" href=\"https:\/\/www.koonings.com\/fr\/product\/nicole-milano-collection-couture-arwa-nc125ax1\/\" \/>\n<meta property=\"og:locale\" content=\"fr_FR\" \/>\n<meta property=\"og:type\" content=\"article\" \/>\n<meta property=\"og:title\" content=\"Nicole Milano collection Couture Arwa NC125AX1 | Koonings\" \/>\n<meta property=\"og:description\" content=\"Laissez-vous s\u00e9duire par la beaut\u00e9 sophistiqu\u00e9e de ce mod\u00e8le A-line, fait de paillettes et de tulle. Elle pr\u00e9sente un corsage sans manches en dentelle brod\u00e9e avec incrustation de perles, une encolure en forme de c\u0153ur et de larges bretelles. La jupe taille basse s&#039;\u00e9vase en un magnifique flare avec des bordures florales brod\u00e9es.\" \/>\n<meta property=\"og:url\" content=\"https:\/\/www.koonings.com\/fr\/product\/nicole-milano-collection-couture-arwa-nc125ax1\/\" \/>\n<meta property=\"og:site_name\" content=\"Koonings\" \/>\n<meta property=\"article:publisher\" content=\"https:\/\/www.facebook.com\/kooningstheweddingpalace\" \/>\n<meta property=\"article:modified_time\" content=\"2026-02-03T17:46:29+00:00\" \/>\n<meta property=\"og:image\" content=\"https:\/\/www.koonings.com\/wp-content\/uploads\/2024\/11\/40953_da776a0624ef4a87a4e7a66bd30788406445193329f1193c2e541ac8b4631638ab318ff8-scaled.jpeg\" \/>\n\t<meta property=\"og:image:width\" content=\"1810\" \/>\n\t<meta property=\"og:image:height\" content=\"2560\" \/>\n\t<meta property=\"og:image:type\" content=\"image\/jpeg\" \/>\n<meta name=\"twitter:card\" content=\"summary_large_image\" \/>\n<script type=\"application\/ld+json\" class=\"yoast-schema-graph\">{\"@context\":\"https:\\\/\\\/schema.org\",\"@graph\":[{\"@type\":\"WebPage\",\"@id\":\"https:\\\/\\\/www.koonings.com\\\/fr\\\/product\\\/nicole-milano-collection-couture-arwa-nc125ax1\\\/\",\"url\":\"https:\\\/\\\/www.koonings.com\\\/fr\\\/product\\\/nicole-milano-collection-couture-arwa-nc125ax1\\\/\",\"name\":\"Nicole Milano collection Couture Arwa NC125AX1 | Koonings\",\"isPartOf\":{\"@id\":\"https:\\\/\\\/www.koonings.com\\\/fr\\\/#website\"},\"primaryImageOfPage\":{\"@id\":\"https:\\\/\\\/www.koonings.com\\\/fr\\\/product\\\/nicole-milano-collection-couture-arwa-nc125ax1\\\/#primaryimage\"},\"image\":{\"@id\":\"https:\\\/\\\/www.koonings.com\\\/fr\\\/product\\\/nicole-milano-collection-couture-arwa-nc125ax1\\\/#primaryimage\"},\"thumbnailUrl\":\"https:\\\/\\\/www.koonings.com\\\/wp-content\\\/uploads\\\/2024\\\/11\\\/40953_da776a0624ef4a87a4e7a66bd30788406445193329f1193c2e541ac8b4631638ab318ff8-scaled.jpeg\",\"datePublished\":\"2025-12-14T23:38:24+00:00\",\"dateModified\":\"2026-02-03T17:46:29+00:00\",\"description\":\"Laissez-vous s\u00e9duire par la beaut\u00e9 sophistiqu\u00e9e de ce mod\u00e8le A-line, fait de paillettes et de tulle. Elle pr\u00e9sente un corsage sans manches en dentelle brod\u00e9e avec incrustation de perles, une encolure en forme de c\u0153ur et de larges bretelles. La jupe taille basse s'\u00e9vase en un magnifique flare avec des bordures florales brod\u00e9es.\",\"breadcrumb\":{\"@id\":\"https:\\\/\\\/www.koonings.com\\\/fr\\\/product\\\/nicole-milano-collection-couture-arwa-nc125ax1\\\/#breadcrumb\"},\"inLanguage\":\"fr-FR\",\"potentialAction\":[{\"@type\":\"ReadAction\",\"target\":[\"https:\\\/\\\/www.koonings.com\\\/fr\\\/product\\\/nicole-milano-collection-couture-arwa-nc125ax1\\\/\"]}]},{\"@type\":\"ImageObject\",\"inLanguage\":\"fr-FR\",\"@id\":\"https:\\\/\\\/www.koonings.com\\\/fr\\\/product\\\/nicole-milano-collection-couture-arwa-nc125ax1\\\/#primaryimage\",\"url\":\"https:\\\/\\\/www.koonings.com\\\/wp-content\\\/uploads\\\/2024\\\/11\\\/40953_da776a0624ef4a87a4e7a66bd30788406445193329f1193c2e541ac8b4631638ab318ff8-scaled.jpeg\",\"contentUrl\":\"https:\\\/\\\/www.koonings.com\\\/wp-content\\\/uploads\\\/2024\\\/11\\\/40953_da776a0624ef4a87a4e7a66bd30788406445193329f1193c2e541ac8b4631638ab318ff8-scaled.jpeg\",\"width\":1810,\"height\":2560},{\"@type\":\"BreadcrumbList\",\"@id\":\"https:\\\/\\\/www.koonings.com\\\/fr\\\/product\\\/nicole-milano-collection-couture-arwa-nc125ax1\\\/#breadcrumb\",\"itemListElement\":[{\"@type\":\"ListItem\",\"position\":1,\"name\":\"Home\",\"item\":\"https:\\\/\\\/www.koonings.com\\\/fr\\\/\"},{\"@type\":\"ListItem\",\"position\":2,\"name\":\"Nicole Milano collection Couture Arwa NC125AX1\"}]},{\"@type\":\"WebSite\",\"@id\":\"https:\\\/\\\/www.koonings.com\\\/fr\\\/#website\",\"url\":\"https:\\\/\\\/www.koonings.com\\\/fr\\\/\",\"name\":\"Koonings\",\"description\":\"De grootste bruidsmodewinkel ter wereld\",\"publisher\":{\"@id\":\"https:\\\/\\\/www.koonings.com\\\/fr\\\/#organization\"},\"potentialAction\":[{\"@type\":\"SearchAction\",\"target\":{\"@type\":\"EntryPoint\",\"urlTemplate\":\"https:\\\/\\\/www.koonings.com\\\/fr\\\/?s={search_term_string}\"},\"query-input\":{\"@type\":\"PropertyValueSpecification\",\"valueRequired\":true,\"valueName\":\"search_term_string\"}}],\"inLanguage\":\"fr-FR\"},{\"@type\":\"Organization\",\"@id\":\"https:\\\/\\\/www.koonings.com\\\/fr\\\/#organization\",\"name\":\"Koonings\",\"url\":\"https:\\\/\\\/www.koonings.com\\\/fr\\\/\",\"logo\":{\"@type\":\"ImageObject\",\"inLanguage\":\"fr-FR\",\"@id\":\"https:\\\/\\\/www.koonings.com\\\/fr\\\/#\\\/schema\\\/logo\\\/image\\\/\",\"url\":\"https:\\\/\\\/www.koonings.com\\\/wp-content\\\/uploads\\\/2024\\\/07\\\/logo.png\",\"contentUrl\":\"https:\\\/\\\/www.koonings.com\\\/wp-content\\\/uploads\\\/2024\\\/07\\\/logo.png\",\"width\":600,\"height\":428,\"caption\":\"Koonings\"},\"image\":{\"@id\":\"https:\\\/\\\/www.koonings.com\\\/fr\\\/#\\\/schema\\\/logo\\\/image\\\/\"},\"sameAs\":[\"https:\\\/\\\/www.facebook.com\\\/kooningstheweddingpalace\",\"https:\\\/\\\/www.instagram.com\\\/kooningstheweddingpalace\",\"https:\\\/\\\/www.pinterest.com\\\/koonings\",\"https:\\\/\\\/www.youtube.com\\\/kooningstheweddingpalace\"]}]}<\/script>\n<!-- \/ Yoast SEO plugin. -->","yoast_head_json":{"title":"Nicole Milano collection Couture Arwa NC125AX1 | Koonings","description":"Laissez-vous s\u00e9duire par la beaut\u00e9 sophistiqu\u00e9e de ce mod\u00e8le A-line, fait de paillettes et de tulle. Elle pr\u00e9sente un corsage sans manches en dentelle brod\u00e9e avec incrustation de perles, une encolure en forme de c\u0153ur et de larges bretelles. La jupe taille basse s'\u00e9vase en un magnifique flare avec des bordures florales brod\u00e9es.","robots":{"index":"index","follow":"follow","max-snippet":"max-snippet:-1","max-image-preview":"max-image-preview:large","max-video-preview":"max-video-preview:-1"},"canonical":"https:\/\/www.koonings.com\/fr\/product\/nicole-milano-collection-couture-arwa-nc125ax1\/","og_locale":"fr_FR","og_type":"article","og_title":"Nicole Milano collection Couture Arwa NC125AX1 | Koonings","og_description":"Laissez-vous s\u00e9duire par la beaut\u00e9 sophistiqu\u00e9e de ce mod\u00e8le A-line, fait de paillettes et de tulle. Elle pr\u00e9sente un corsage sans manches en dentelle brod\u00e9e avec incrustation de perles, une encolure en forme de c\u0153ur et de larges bretelles. La jupe taille basse s'\u00e9vase en un magnifique flare avec des bordures florales brod\u00e9es.","og_url":"https:\/\/www.koonings.com\/fr\/product\/nicole-milano-collection-couture-arwa-nc125ax1\/","og_site_name":"Koonings","article_publisher":"https:\/\/www.facebook.com\/kooningstheweddingpalace","article_modified_time":"2026-02-03T17:46:29+00:00","og_image":[{"width":1810,"height":2560,"url":"https:\/\/www.koonings.com\/wp-content\/uploads\/2024\/11\/40953_da776a0624ef4a87a4e7a66bd30788406445193329f1193c2e541ac8b4631638ab318ff8-scaled.jpeg","type":"image\/jpeg"}],"twitter_card":"summary_large_image","schema":{"@context":"https:\/\/schema.org","@graph":[{"@type":"WebPage","@id":"https:\/\/www.koonings.com\/fr\/product\/nicole-milano-collection-couture-arwa-nc125ax1\/","url":"https:\/\/www.koonings.com\/fr\/product\/nicole-milano-collection-couture-arwa-nc125ax1\/","name":"Nicole Milano collection Couture Arwa NC125AX1 | Koonings","isPartOf":{"@id":"https:\/\/www.koonings.com\/fr\/#website"},"primaryImageOfPage":{"@id":"https:\/\/www.koonings.com\/fr\/product\/nicole-milano-collection-couture-arwa-nc125ax1\/#primaryimage"},"image":{"@id":"https:\/\/www.koonings.com\/fr\/product\/nicole-milano-collection-couture-arwa-nc125ax1\/#primaryimage"},"thumbnailUrl":"https:\/\/www.koonings.com\/wp-content\/uploads\/2024\/11\/40953_da776a0624ef4a87a4e7a66bd30788406445193329f1193c2e541ac8b4631638ab318ff8-scaled.jpeg","datePublished":"2025-12-14T23:38:24+00:00","dateModified":"2026-02-03T17:46:29+00:00","description":"Laissez-vous s\u00e9duire par la beaut\u00e9 sophistiqu\u00e9e de ce mod\u00e8le A-line, fait de paillettes et de tulle. Elle pr\u00e9sente un corsage sans manches en dentelle brod\u00e9e avec incrustation de perles, une encolure en forme de c\u0153ur et de larges bretelles. La jupe taille basse s'\u00e9vase en un magnifique flare avec des bordures florales brod\u00e9es.","breadcrumb":{"@id":"https:\/\/www.koonings.com\/fr\/product\/nicole-milano-collection-couture-arwa-nc125ax1\/#breadcrumb"},"inLanguage":"fr-FR","potentialAction":[{"@type":"ReadAction","target":["https:\/\/www.koonings.com\/fr\/product\/nicole-milano-collection-couture-arwa-nc125ax1\/"]}]},{"@type":"ImageObject","inLanguage":"fr-FR","@id":"https:\/\/www.koonings.com\/fr\/product\/nicole-milano-collection-couture-arwa-nc125ax1\/#primaryimage","url":"https:\/\/www.koonings.com\/wp-content\/uploads\/2024\/11\/40953_da776a0624ef4a87a4e7a66bd30788406445193329f1193c2e541ac8b4631638ab318ff8-scaled.jpeg","contentUrl":"https:\/\/www.koonings.com\/wp-content\/uploads\/2024\/11\/40953_da776a0624ef4a87a4e7a66bd30788406445193329f1193c2e541ac8b4631638ab318ff8-scaled.jpeg","width":1810,"height":2560},{"@type":"BreadcrumbList","@id":"https:\/\/www.koonings.com\/fr\/product\/nicole-milano-collection-couture-arwa-nc125ax1\/#breadcrumb","itemListElement":[{"@type":"ListItem","position":1,"name":"Home","item":"https:\/\/www.koonings.com\/fr\/"},{"@type":"ListItem","position":2,"name":"Nicole Milano collection Couture Arwa NC125AX1"}]},{"@type":"WebSite","@id":"https:\/\/www.koonings.com\/fr\/#website","url":"https:\/\/www.koonings.com\/fr\/","name":"Koonings","description":"De grootste bruidsmodewinkel ter wereld","publisher":{"@id":"https:\/\/www.koonings.com\/fr\/#organization"},"potentialAction":[{"@type":"SearchAction","target":{"@type":"EntryPoint","urlTemplate":"https:\/\/www.koonings.com\/fr\/?s={search_term_string}"},"query-input":{"@type":"PropertyValueSpecification","valueRequired":true,"valueName":"search_term_string"}}],"inLanguage":"fr-FR"},{"@type":"Organization","@id":"https:\/\/www.koonings.com\/fr\/#organization","name":"Koonings","url":"https:\/\/www.koonings.com\/fr\/","logo":{"@type":"ImageObject","inLanguage":"fr-FR","@id":"https:\/\/www.koonings.com\/fr\/#\/schema\/logo\/image\/","url":"https:\/\/www.koonings.com\/wp-content\/uploads\/2024\/07\/logo.png","contentUrl":"https:\/\/www.koonings.com\/wp-content\/uploads\/2024\/07\/logo.png","width":600,"height":428,"caption":"Koonings"},"image":{"@id":"https:\/\/www.koonings.com\/fr\/#\/schema\/logo\/image\/"},"sameAs":["https:\/\/www.facebook.com\/kooningstheweddingpalace","https:\/\/www.instagram.com\/kooningstheweddingpalace","https:\/\/www.pinterest.com\/koonings","https:\/\/www.youtube.com\/kooningstheweddingpalace"]}]}},"_links":{"self":[{"href":"https:\/\/www.koonings.com\/fr\/wp-json\/wp\/v2\/product\/58745","targetHints":{"allow":["GET"]}}],"collection":[{"href":"https:\/\/www.koonings.com\/fr\/wp-json\/wp\/v2\/product"}],"about":[{"href":"https:\/\/www.koonings.com\/fr\/wp-json\/wp\/v2\/types\/product"}],"wp:featuredmedia":[{"embeddable":true,"href":"https:\/\/www.koonings.com\/fr\/wp-json\/wp\/v2\/media\/48212"}],"wp:attachment":[{"href":"https:\/\/www.koonings.com\/fr\/wp-json\/wp\/v2\/media?parent=58745"}],"wp:term":[{"taxonomy":"productdetails","embeddable":true,"href":"https:\/\/www.koonings.com\/fr\/wp-json\/wp\/v2\/productdetails?post=58745"},{"taxonomy":"productneck","embeddable":true,"href":"https:\/\/www.koonings.com\/fr\/wp-json\/wp\/v2\/productneck?post=58745"},{"taxonomy":"productcolor","embeddable":true,"href":"https:\/\/www.koonings.com\/fr\/wp-json\/wp\/v2\/productcolor?post=58745"},{"taxonomy":"maat","embeddable":true,"href":"https:\/\/www.koonings.com\/fr\/wp-json\/wp\/v2\/maat?post=58745"},{"taxonomy":"productsupplier","embeddable":true,"href":"https:\/\/www.koonings.com\/fr\/wp-json\/wp\/v2\/productsupplier?post=58745"},{"taxonomy":"productsleeve","embeddable":true,"href":"https:\/\/www.koonings.com\/fr\/wp-json\/wp\/v2\/productsleeve?post=58745"},{"taxonomy":"productcategory","embeddable":true,"href":"https:\/\/www.koonings.com\/fr\/wp-json\/wp\/v2\/productcategory?post=58745"},{"taxonomy":"productsilhouette","embeddable":true,"href":"https:\/\/www.koonings.com\/fr\/wp-json\/wp\/v2\/productsilhouette?post=58745"},{"taxonomy":"productstyle","embeddable":true,"href":"https:\/\/www.koonings.com\/fr\/wp-json\/wp\/v2\/productstyle?post=58745"}],"curies":[{"name":"wp","href":"https:\/\/api.w.org\/{rel}","templated":true}]}}