{"id":58742,"date":"2025-12-15T00:38:24","date_gmt":"2025-12-14T23:38:24","guid":{"rendered":"https:\/\/www.koonings.com\/product\/nicole-milano-merne-ni125br1\/"},"modified":"2026-02-03T18:46:21","modified_gmt":"2026-02-03T17:46:21","slug":"nicole-milano-merne-ni125br1","status":"publish","type":"product","link":"https:\/\/www.koonings.com\/fr\/product\/nicole-milano-merne-ni125br1\/","title":{"rendered":"Nicole Milano Merne NI125BR1"},"content":{"rendered":"<p>Une longue sir\u00e8ne captivante qui \u00e9pouse votre silhouette avec la douceur du satin. Des plis d\u00e9finissent le corsage, qui s&#8217;\u00e9tend de l&#8217;encolure en forme de c\u0153ur jusqu&#8217;\u00e0 la taille, en passant par les manches longues, qui sont reli\u00e9es dans le dos, rappelant une \u00e9charpe. Le dos pr\u00e9sente une encolure ronde, avec une broderie florale d&#8217;inspiration artisanale sur un tissu transparent \u00e0 boutons.  <\/p>\n","protected":false},"featured_media":48191,"template":"","meta":{"_acf_changed":false,"ghostkit_customizer_options":"","ghostkit_custom_css":"","ghostkit_custom_js_head":"","ghostkit_custom_js_foot":"","ghostkit_typography":""},"productdetails":[378],"productneck":[352],"productcolor":[392],"maat":[],"productsupplier":[436],"productsleeve":[362],"productcategory":[18],"productsilhouette":[387,389],"productstyle":[370],"class_list":["post-58742","product","type-product","status-publish","has-post-thumbnail","hentry","productdetails-378","productneck-352","productcolor-392","productsupplier-nicole-milano","productsleeve-362","productcategory-trouwjurken","productsilhouette-387","productsilhouette-389","productstyle-370"],"acf":[],"yoast_head":"<!-- This site is optimized with the Yoast SEO plugin v27.3 - https:\/\/yoast.com\/product\/yoast-seo-wordpress\/ -->\n<title>Nicole Milano Merne NI125BR1 | Koonings<\/title>\n<meta name=\"description\" content=\"Une longue sir\u00e8ne captivante qui \u00e9pouse votre silhouette avec la douceur du satin. Des plis d\u00e9finissent le corsage, qui s&#039;\u00e9tend de l&#039;encolure en forme de c\u0153ur jusqu&#039;\u00e0 la taille, en passant par les manches longues, qui sont reli\u00e9es dans le dos, rappelant une \u00e9charpe. Le dos pr\u00e9sente une encolure ronde, avec une broderie florale d&#039;inspiration artisanale sur un tissu transparent \u00e0 boutons.\" \/>\n<meta name=\"robots\" content=\"index, follow, max-snippet:-1, max-image-preview:large, max-video-preview:-1\" \/>\n<link rel=\"canonical\" href=\"https:\/\/www.koonings.com\/fr\/product\/nicole-milano-merne-ni125br1\/\" \/>\n<meta property=\"og:locale\" content=\"fr_FR\" \/>\n<meta property=\"og:type\" content=\"article\" \/>\n<meta property=\"og:title\" content=\"Nicole Milano Merne NI125BR1 | Koonings\" \/>\n<meta property=\"og:description\" content=\"Une longue sir\u00e8ne captivante qui \u00e9pouse votre silhouette avec la douceur du satin. Des plis d\u00e9finissent le corsage, qui s&#039;\u00e9tend de l&#039;encolure en forme de c\u0153ur jusqu&#039;\u00e0 la taille, en passant par les manches longues, qui sont reli\u00e9es dans le dos, rappelant une \u00e9charpe. Le dos pr\u00e9sente une encolure ronde, avec une broderie florale d&#039;inspiration artisanale sur un tissu transparent \u00e0 boutons.\" \/>\n<meta property=\"og:url\" content=\"https:\/\/www.koonings.com\/fr\/product\/nicole-milano-merne-ni125br1\/\" \/>\n<meta property=\"og:site_name\" content=\"Koonings\" \/>\n<meta property=\"article:publisher\" content=\"https:\/\/www.facebook.com\/kooningstheweddingpalace\" \/>\n<meta property=\"article:modified_time\" content=\"2026-02-03T17:46:21+00:00\" \/>\n<meta property=\"og:image\" content=\"https:\/\/www.koonings.com\/wp-content\/uploads\/2024\/11\/40952_b7f8969150d676cee033b402705b5b67e7e10b96a525aad4ef140f4fba4aa4c3a10675ef-scaled.jpeg\" \/>\n\t<meta property=\"og:image:width\" content=\"1808\" \/>\n\t<meta property=\"og:image:height\" content=\"2560\" \/>\n\t<meta property=\"og:image:type\" content=\"image\/jpeg\" \/>\n<meta name=\"twitter:card\" content=\"summary_large_image\" \/>\n<script type=\"application\/ld+json\" class=\"yoast-schema-graph\">{\"@context\":\"https:\\\/\\\/schema.org\",\"@graph\":[{\"@type\":\"WebPage\",\"@id\":\"https:\\\/\\\/www.koonings.com\\\/fr\\\/product\\\/nicole-milano-merne-ni125br1\\\/\",\"url\":\"https:\\\/\\\/www.koonings.com\\\/fr\\\/product\\\/nicole-milano-merne-ni125br1\\\/\",\"name\":\"Nicole Milano Merne NI125BR1 | Koonings\",\"isPartOf\":{\"@id\":\"https:\\\/\\\/www.koonings.com\\\/fr\\\/#website\"},\"primaryImageOfPage\":{\"@id\":\"https:\\\/\\\/www.koonings.com\\\/fr\\\/product\\\/nicole-milano-merne-ni125br1\\\/#primaryimage\"},\"image\":{\"@id\":\"https:\\\/\\\/www.koonings.com\\\/fr\\\/product\\\/nicole-milano-merne-ni125br1\\\/#primaryimage\"},\"thumbnailUrl\":\"https:\\\/\\\/www.koonings.com\\\/wp-content\\\/uploads\\\/2024\\\/11\\\/40952_b7f8969150d676cee033b402705b5b67e7e10b96a525aad4ef140f4fba4aa4c3a10675ef-scaled.jpeg\",\"datePublished\":\"2025-12-14T23:38:24+00:00\",\"dateModified\":\"2026-02-03T17:46:21+00:00\",\"description\":\"Une longue sir\u00e8ne captivante qui \u00e9pouse votre silhouette avec la douceur du satin. Des plis d\u00e9finissent le corsage, qui s'\u00e9tend de l'encolure en forme de c\u0153ur jusqu'\u00e0 la taille, en passant par les manches longues, qui sont reli\u00e9es dans le dos, rappelant une \u00e9charpe. Le dos pr\u00e9sente une encolure ronde, avec une broderie florale d'inspiration artisanale sur un tissu transparent \u00e0 boutons.\",\"breadcrumb\":{\"@id\":\"https:\\\/\\\/www.koonings.com\\\/fr\\\/product\\\/nicole-milano-merne-ni125br1\\\/#breadcrumb\"},\"inLanguage\":\"fr-FR\",\"potentialAction\":[{\"@type\":\"ReadAction\",\"target\":[\"https:\\\/\\\/www.koonings.com\\\/fr\\\/product\\\/nicole-milano-merne-ni125br1\\\/\"]}]},{\"@type\":\"ImageObject\",\"inLanguage\":\"fr-FR\",\"@id\":\"https:\\\/\\\/www.koonings.com\\\/fr\\\/product\\\/nicole-milano-merne-ni125br1\\\/#primaryimage\",\"url\":\"https:\\\/\\\/www.koonings.com\\\/wp-content\\\/uploads\\\/2024\\\/11\\\/40952_b7f8969150d676cee033b402705b5b67e7e10b96a525aad4ef140f4fba4aa4c3a10675ef-scaled.jpeg\",\"contentUrl\":\"https:\\\/\\\/www.koonings.com\\\/wp-content\\\/uploads\\\/2024\\\/11\\\/40952_b7f8969150d676cee033b402705b5b67e7e10b96a525aad4ef140f4fba4aa4c3a10675ef-scaled.jpeg\",\"width\":1808,\"height\":2560},{\"@type\":\"BreadcrumbList\",\"@id\":\"https:\\\/\\\/www.koonings.com\\\/fr\\\/product\\\/nicole-milano-merne-ni125br1\\\/#breadcrumb\",\"itemListElement\":[{\"@type\":\"ListItem\",\"position\":1,\"name\":\"Home\",\"item\":\"https:\\\/\\\/www.koonings.com\\\/fr\\\/\"},{\"@type\":\"ListItem\",\"position\":2,\"name\":\"Nicole Milano Merne NI125BR1\"}]},{\"@type\":\"WebSite\",\"@id\":\"https:\\\/\\\/www.koonings.com\\\/fr\\\/#website\",\"url\":\"https:\\\/\\\/www.koonings.com\\\/fr\\\/\",\"name\":\"Koonings\",\"description\":\"De grootste bruidsmodewinkel ter wereld\",\"publisher\":{\"@id\":\"https:\\\/\\\/www.koonings.com\\\/fr\\\/#organization\"},\"potentialAction\":[{\"@type\":\"SearchAction\",\"target\":{\"@type\":\"EntryPoint\",\"urlTemplate\":\"https:\\\/\\\/www.koonings.com\\\/fr\\\/?s={search_term_string}\"},\"query-input\":{\"@type\":\"PropertyValueSpecification\",\"valueRequired\":true,\"valueName\":\"search_term_string\"}}],\"inLanguage\":\"fr-FR\"},{\"@type\":\"Organization\",\"@id\":\"https:\\\/\\\/www.koonings.com\\\/fr\\\/#organization\",\"name\":\"Koonings\",\"url\":\"https:\\\/\\\/www.koonings.com\\\/fr\\\/\",\"logo\":{\"@type\":\"ImageObject\",\"inLanguage\":\"fr-FR\",\"@id\":\"https:\\\/\\\/www.koonings.com\\\/fr\\\/#\\\/schema\\\/logo\\\/image\\\/\",\"url\":\"https:\\\/\\\/www.koonings.com\\\/wp-content\\\/uploads\\\/2024\\\/07\\\/logo.png\",\"contentUrl\":\"https:\\\/\\\/www.koonings.com\\\/wp-content\\\/uploads\\\/2024\\\/07\\\/logo.png\",\"width\":600,\"height\":428,\"caption\":\"Koonings\"},\"image\":{\"@id\":\"https:\\\/\\\/www.koonings.com\\\/fr\\\/#\\\/schema\\\/logo\\\/image\\\/\"},\"sameAs\":[\"https:\\\/\\\/www.facebook.com\\\/kooningstheweddingpalace\",\"https:\\\/\\\/www.instagram.com\\\/kooningstheweddingpalace\",\"https:\\\/\\\/www.pinterest.com\\\/koonings\",\"https:\\\/\\\/www.youtube.com\\\/kooningstheweddingpalace\"]}]}<\/script>\n<!-- \/ Yoast SEO plugin. -->","yoast_head_json":{"title":"Nicole Milano Merne NI125BR1 | Koonings","description":"Une longue sir\u00e8ne captivante qui \u00e9pouse votre silhouette avec la douceur du satin. Des plis d\u00e9finissent le corsage, qui s'\u00e9tend de l'encolure en forme de c\u0153ur jusqu'\u00e0 la taille, en passant par les manches longues, qui sont reli\u00e9es dans le dos, rappelant une \u00e9charpe. Le dos pr\u00e9sente une encolure ronde, avec une broderie florale d'inspiration artisanale sur un tissu transparent \u00e0 boutons.","robots":{"index":"index","follow":"follow","max-snippet":"max-snippet:-1","max-image-preview":"max-image-preview:large","max-video-preview":"max-video-preview:-1"},"canonical":"https:\/\/www.koonings.com\/fr\/product\/nicole-milano-merne-ni125br1\/","og_locale":"fr_FR","og_type":"article","og_title":"Nicole Milano Merne NI125BR1 | Koonings","og_description":"Une longue sir\u00e8ne captivante qui \u00e9pouse votre silhouette avec la douceur du satin. Des plis d\u00e9finissent le corsage, qui s'\u00e9tend de l'encolure en forme de c\u0153ur jusqu'\u00e0 la taille, en passant par les manches longues, qui sont reli\u00e9es dans le dos, rappelant une \u00e9charpe. Le dos pr\u00e9sente une encolure ronde, avec une broderie florale d'inspiration artisanale sur un tissu transparent \u00e0 boutons.","og_url":"https:\/\/www.koonings.com\/fr\/product\/nicole-milano-merne-ni125br1\/","og_site_name":"Koonings","article_publisher":"https:\/\/www.facebook.com\/kooningstheweddingpalace","article_modified_time":"2026-02-03T17:46:21+00:00","og_image":[{"width":1808,"height":2560,"url":"https:\/\/www.koonings.com\/wp-content\/uploads\/2024\/11\/40952_b7f8969150d676cee033b402705b5b67e7e10b96a525aad4ef140f4fba4aa4c3a10675ef-scaled.jpeg","type":"image\/jpeg"}],"twitter_card":"summary_large_image","schema":{"@context":"https:\/\/schema.org","@graph":[{"@type":"WebPage","@id":"https:\/\/www.koonings.com\/fr\/product\/nicole-milano-merne-ni125br1\/","url":"https:\/\/www.koonings.com\/fr\/product\/nicole-milano-merne-ni125br1\/","name":"Nicole Milano Merne NI125BR1 | Koonings","isPartOf":{"@id":"https:\/\/www.koonings.com\/fr\/#website"},"primaryImageOfPage":{"@id":"https:\/\/www.koonings.com\/fr\/product\/nicole-milano-merne-ni125br1\/#primaryimage"},"image":{"@id":"https:\/\/www.koonings.com\/fr\/product\/nicole-milano-merne-ni125br1\/#primaryimage"},"thumbnailUrl":"https:\/\/www.koonings.com\/wp-content\/uploads\/2024\/11\/40952_b7f8969150d676cee033b402705b5b67e7e10b96a525aad4ef140f4fba4aa4c3a10675ef-scaled.jpeg","datePublished":"2025-12-14T23:38:24+00:00","dateModified":"2026-02-03T17:46:21+00:00","description":"Une longue sir\u00e8ne captivante qui \u00e9pouse votre silhouette avec la douceur du satin. Des plis d\u00e9finissent le corsage, qui s'\u00e9tend de l'encolure en forme de c\u0153ur jusqu'\u00e0 la taille, en passant par les manches longues, qui sont reli\u00e9es dans le dos, rappelant une \u00e9charpe. Le dos pr\u00e9sente une encolure ronde, avec une broderie florale d'inspiration artisanale sur un tissu transparent \u00e0 boutons.","breadcrumb":{"@id":"https:\/\/www.koonings.com\/fr\/product\/nicole-milano-merne-ni125br1\/#breadcrumb"},"inLanguage":"fr-FR","potentialAction":[{"@type":"ReadAction","target":["https:\/\/www.koonings.com\/fr\/product\/nicole-milano-merne-ni125br1\/"]}]},{"@type":"ImageObject","inLanguage":"fr-FR","@id":"https:\/\/www.koonings.com\/fr\/product\/nicole-milano-merne-ni125br1\/#primaryimage","url":"https:\/\/www.koonings.com\/wp-content\/uploads\/2024\/11\/40952_b7f8969150d676cee033b402705b5b67e7e10b96a525aad4ef140f4fba4aa4c3a10675ef-scaled.jpeg","contentUrl":"https:\/\/www.koonings.com\/wp-content\/uploads\/2024\/11\/40952_b7f8969150d676cee033b402705b5b67e7e10b96a525aad4ef140f4fba4aa4c3a10675ef-scaled.jpeg","width":1808,"height":2560},{"@type":"BreadcrumbList","@id":"https:\/\/www.koonings.com\/fr\/product\/nicole-milano-merne-ni125br1\/#breadcrumb","itemListElement":[{"@type":"ListItem","position":1,"name":"Home","item":"https:\/\/www.koonings.com\/fr\/"},{"@type":"ListItem","position":2,"name":"Nicole Milano Merne NI125BR1"}]},{"@type":"WebSite","@id":"https:\/\/www.koonings.com\/fr\/#website","url":"https:\/\/www.koonings.com\/fr\/","name":"Koonings","description":"De grootste bruidsmodewinkel ter wereld","publisher":{"@id":"https:\/\/www.koonings.com\/fr\/#organization"},"potentialAction":[{"@type":"SearchAction","target":{"@type":"EntryPoint","urlTemplate":"https:\/\/www.koonings.com\/fr\/?s={search_term_string}"},"query-input":{"@type":"PropertyValueSpecification","valueRequired":true,"valueName":"search_term_string"}}],"inLanguage":"fr-FR"},{"@type":"Organization","@id":"https:\/\/www.koonings.com\/fr\/#organization","name":"Koonings","url":"https:\/\/www.koonings.com\/fr\/","logo":{"@type":"ImageObject","inLanguage":"fr-FR","@id":"https:\/\/www.koonings.com\/fr\/#\/schema\/logo\/image\/","url":"https:\/\/www.koonings.com\/wp-content\/uploads\/2024\/07\/logo.png","contentUrl":"https:\/\/www.koonings.com\/wp-content\/uploads\/2024\/07\/logo.png","width":600,"height":428,"caption":"Koonings"},"image":{"@id":"https:\/\/www.koonings.com\/fr\/#\/schema\/logo\/image\/"},"sameAs":["https:\/\/www.facebook.com\/kooningstheweddingpalace","https:\/\/www.instagram.com\/kooningstheweddingpalace","https:\/\/www.pinterest.com\/koonings","https:\/\/www.youtube.com\/kooningstheweddingpalace"]}]}},"_links":{"self":[{"href":"https:\/\/www.koonings.com\/fr\/wp-json\/wp\/v2\/product\/58742","targetHints":{"allow":["GET"]}}],"collection":[{"href":"https:\/\/www.koonings.com\/fr\/wp-json\/wp\/v2\/product"}],"about":[{"href":"https:\/\/www.koonings.com\/fr\/wp-json\/wp\/v2\/types\/product"}],"wp:featuredmedia":[{"embeddable":true,"href":"https:\/\/www.koonings.com\/fr\/wp-json\/wp\/v2\/media\/48191"}],"wp:attachment":[{"href":"https:\/\/www.koonings.com\/fr\/wp-json\/wp\/v2\/media?parent=58742"}],"wp:term":[{"taxonomy":"productdetails","embeddable":true,"href":"https:\/\/www.koonings.com\/fr\/wp-json\/wp\/v2\/productdetails?post=58742"},{"taxonomy":"productneck","embeddable":true,"href":"https:\/\/www.koonings.com\/fr\/wp-json\/wp\/v2\/productneck?post=58742"},{"taxonomy":"productcolor","embeddable":true,"href":"https:\/\/www.koonings.com\/fr\/wp-json\/wp\/v2\/productcolor?post=58742"},{"taxonomy":"maat","embeddable":true,"href":"https:\/\/www.koonings.com\/fr\/wp-json\/wp\/v2\/maat?post=58742"},{"taxonomy":"productsupplier","embeddable":true,"href":"https:\/\/www.koonings.com\/fr\/wp-json\/wp\/v2\/productsupplier?post=58742"},{"taxonomy":"productsleeve","embeddable":true,"href":"https:\/\/www.koonings.com\/fr\/wp-json\/wp\/v2\/productsleeve?post=58742"},{"taxonomy":"productcategory","embeddable":true,"href":"https:\/\/www.koonings.com\/fr\/wp-json\/wp\/v2\/productcategory?post=58742"},{"taxonomy":"productsilhouette","embeddable":true,"href":"https:\/\/www.koonings.com\/fr\/wp-json\/wp\/v2\/productsilhouette?post=58742"},{"taxonomy":"productstyle","embeddable":true,"href":"https:\/\/www.koonings.com\/fr\/wp-json\/wp\/v2\/productstyle?post=58742"}],"curies":[{"name":"wp","href":"https:\/\/api.w.org\/{rel}","templated":true}]}}