{"id":58697,"date":"2026-05-07T17:02:25","date_gmt":"2026-05-07T15:02:25","guid":{"rendered":"https:\/\/www.koonings.com\/product\/luna-novias-sivet\/"},"modified":"2025-06-05T13:17:33","modified_gmt":"2025-06-05T11:17:33","slug":"luna-novias-sivet","status":"publish","type":"product","link":"https:\/\/www.koonings.com\/fr\/product\/luna-novias-sivet\/","title":{"rendered":"Luna Novias Sivet"},"content":{"rendered":"<p>Longue robe de mari\u00e9e \u00e9l\u00e9gante en mikado combin\u00e9 \u00e0 de la dentelle et des strass. D\u00e9couvrez un d\u00e9collet\u00e9 en forme de c\u0153ur, un dos ferm\u00e9 et des bretelles. Un mod\u00e8le d\u00e9licat de Luna Novias.  <\/p>\n","protected":false},"featured_media":44707,"template":"","meta":{"_acf_changed":false,"ghostkit_customizer_options":"","ghostkit_custom_css":"","ghostkit_custom_js_head":"","ghostkit_custom_js_foot":"","ghostkit_typography":""},"productdetails":[377],"productneck":[355],"productcolor":[392],"maat":[],"productsupplier":[458],"productsleeve":[360],"productcategory":[18],"productsilhouette":[384,389],"productstyle":[365,366],"class_list":["post-58697","product","type-product","status-publish","has-post-thumbnail","hentry","productdetails-377","productneck-355","productcolor-392","productsupplier-luna-novias","productsleeve-360","productcategory-trouwjurken","productsilhouette-384","productsilhouette-389","productstyle-365","productstyle-366"],"acf":[],"yoast_head":"<!-- This site is optimized with the Yoast SEO plugin v27.3 - https:\/\/yoast.com\/product\/yoast-seo-wordpress\/ -->\n<title>Luna Novias Sivet | Koonings<\/title>\n<meta name=\"description\" content=\"Longue robe de mari\u00e9e \u00e9l\u00e9gante en mikado combin\u00e9 \u00e0 de la dentelle et des strass. D\u00e9couvrez un d\u00e9collet\u00e9 en forme de c\u0153ur, un dos ferm\u00e9 et des bretelles. Un mod\u00e8le d\u00e9licat de Luna Novias.\" \/>\n<meta name=\"robots\" content=\"index, follow, max-snippet:-1, max-image-preview:large, max-video-preview:-1\" \/>\n<link rel=\"canonical\" href=\"https:\/\/www.koonings.com\/fr\/product\/luna-novias-sivet\/\" \/>\n<meta property=\"og:locale\" content=\"fr_FR\" \/>\n<meta property=\"og:type\" content=\"article\" \/>\n<meta property=\"og:title\" content=\"Luna Novias Sivet | Koonings\" \/>\n<meta property=\"og:description\" content=\"Longue robe de mari\u00e9e \u00e9l\u00e9gante en mikado combin\u00e9 \u00e0 de la dentelle et des strass. D\u00e9couvrez un d\u00e9collet\u00e9 en forme de c\u0153ur, un dos ferm\u00e9 et des bretelles. Un mod\u00e8le d\u00e9licat de Luna Novias.\" \/>\n<meta property=\"og:url\" content=\"https:\/\/www.koonings.com\/fr\/product\/luna-novias-sivet\/\" \/>\n<meta property=\"og:site_name\" content=\"Koonings\" \/>\n<meta property=\"article:publisher\" content=\"https:\/\/www.facebook.com\/kooningstheweddingpalace\" \/>\n<meta property=\"og:image\" content=\"https:\/\/www.koonings.com\/wp-content\/uploads\/2024\/11\/40519_67cd7032eb43b4674f4613a989d07124f316e113538a2819082d405c4017c73950afcf1d.jpeg\" \/>\n\t<meta property=\"og:image:width\" content=\"1305\" \/>\n\t<meta property=\"og:image:height\" content=\"1850\" \/>\n\t<meta property=\"og:image:type\" content=\"image\/jpeg\" \/>\n<meta name=\"twitter:card\" content=\"summary_large_image\" \/>\n<script type=\"application\/ld+json\" class=\"yoast-schema-graph\">{\"@context\":\"https:\\\/\\\/schema.org\",\"@graph\":[{\"@type\":\"WebPage\",\"@id\":\"https:\\\/\\\/www.koonings.com\\\/fr\\\/product\\\/luna-novias-sivet\\\/\",\"url\":\"https:\\\/\\\/www.koonings.com\\\/fr\\\/product\\\/luna-novias-sivet\\\/\",\"name\":\"Luna Novias Sivet | Koonings\",\"isPartOf\":{\"@id\":\"https:\\\/\\\/www.koonings.com\\\/fr\\\/#website\"},\"primaryImageOfPage\":{\"@id\":\"https:\\\/\\\/www.koonings.com\\\/fr\\\/product\\\/luna-novias-sivet\\\/#primaryimage\"},\"image\":{\"@id\":\"https:\\\/\\\/www.koonings.com\\\/fr\\\/product\\\/luna-novias-sivet\\\/#primaryimage\"},\"thumbnailUrl\":\"https:\\\/\\\/www.koonings.com\\\/wp-content\\\/uploads\\\/2024\\\/11\\\/40519_67cd7032eb43b4674f4613a989d07124f316e113538a2819082d405c4017c73950afcf1d.jpeg\",\"datePublished\":\"2026-05-07T15:02:25+00:00\",\"description\":\"Longue robe de mari\u00e9e \u00e9l\u00e9gante en mikado combin\u00e9 \u00e0 de la dentelle et des strass. D\u00e9couvrez un d\u00e9collet\u00e9 en forme de c\u0153ur, un dos ferm\u00e9 et des bretelles. Un mod\u00e8le d\u00e9licat de Luna Novias.\",\"breadcrumb\":{\"@id\":\"https:\\\/\\\/www.koonings.com\\\/fr\\\/product\\\/luna-novias-sivet\\\/#breadcrumb\"},\"inLanguage\":\"fr-FR\",\"potentialAction\":[{\"@type\":\"ReadAction\",\"target\":[\"https:\\\/\\\/www.koonings.com\\\/fr\\\/product\\\/luna-novias-sivet\\\/\"]}]},{\"@type\":\"ImageObject\",\"inLanguage\":\"fr-FR\",\"@id\":\"https:\\\/\\\/www.koonings.com\\\/fr\\\/product\\\/luna-novias-sivet\\\/#primaryimage\",\"url\":\"https:\\\/\\\/www.koonings.com\\\/wp-content\\\/uploads\\\/2024\\\/11\\\/40519_67cd7032eb43b4674f4613a989d07124f316e113538a2819082d405c4017c73950afcf1d.jpeg\",\"contentUrl\":\"https:\\\/\\\/www.koonings.com\\\/wp-content\\\/uploads\\\/2024\\\/11\\\/40519_67cd7032eb43b4674f4613a989d07124f316e113538a2819082d405c4017c73950afcf1d.jpeg\",\"width\":1305,\"height\":1850},{\"@type\":\"BreadcrumbList\",\"@id\":\"https:\\\/\\\/www.koonings.com\\\/fr\\\/product\\\/luna-novias-sivet\\\/#breadcrumb\",\"itemListElement\":[{\"@type\":\"ListItem\",\"position\":1,\"name\":\"Home\",\"item\":\"https:\\\/\\\/www.koonings.com\\\/fr\\\/\"},{\"@type\":\"ListItem\",\"position\":2,\"name\":\"Luna Novias Sivet\"}]},{\"@type\":\"WebSite\",\"@id\":\"https:\\\/\\\/www.koonings.com\\\/fr\\\/#website\",\"url\":\"https:\\\/\\\/www.koonings.com\\\/fr\\\/\",\"name\":\"Koonings\",\"description\":\"De grootste bruidsmodewinkel ter wereld\",\"publisher\":{\"@id\":\"https:\\\/\\\/www.koonings.com\\\/fr\\\/#organization\"},\"potentialAction\":[{\"@type\":\"SearchAction\",\"target\":{\"@type\":\"EntryPoint\",\"urlTemplate\":\"https:\\\/\\\/www.koonings.com\\\/fr\\\/?s={search_term_string}\"},\"query-input\":{\"@type\":\"PropertyValueSpecification\",\"valueRequired\":true,\"valueName\":\"search_term_string\"}}],\"inLanguage\":\"fr-FR\"},{\"@type\":\"Organization\",\"@id\":\"https:\\\/\\\/www.koonings.com\\\/fr\\\/#organization\",\"name\":\"Koonings\",\"url\":\"https:\\\/\\\/www.koonings.com\\\/fr\\\/\",\"logo\":{\"@type\":\"ImageObject\",\"inLanguage\":\"fr-FR\",\"@id\":\"https:\\\/\\\/www.koonings.com\\\/fr\\\/#\\\/schema\\\/logo\\\/image\\\/\",\"url\":\"https:\\\/\\\/www.koonings.com\\\/wp-content\\\/uploads\\\/2024\\\/07\\\/logo.png\",\"contentUrl\":\"https:\\\/\\\/www.koonings.com\\\/wp-content\\\/uploads\\\/2024\\\/07\\\/logo.png\",\"width\":600,\"height\":428,\"caption\":\"Koonings\"},\"image\":{\"@id\":\"https:\\\/\\\/www.koonings.com\\\/fr\\\/#\\\/schema\\\/logo\\\/image\\\/\"},\"sameAs\":[\"https:\\\/\\\/www.facebook.com\\\/kooningstheweddingpalace\",\"https:\\\/\\\/www.instagram.com\\\/kooningstheweddingpalace\",\"https:\\\/\\\/www.pinterest.com\\\/koonings\",\"https:\\\/\\\/www.youtube.com\\\/kooningstheweddingpalace\"]}]}<\/script>\n<!-- \/ Yoast SEO plugin. -->","yoast_head_json":{"title":"Luna Novias Sivet | Koonings","description":"Longue robe de mari\u00e9e \u00e9l\u00e9gante en mikado combin\u00e9 \u00e0 de la dentelle et des strass. D\u00e9couvrez un d\u00e9collet\u00e9 en forme de c\u0153ur, un dos ferm\u00e9 et des bretelles. Un mod\u00e8le d\u00e9licat de Luna Novias.","robots":{"index":"index","follow":"follow","max-snippet":"max-snippet:-1","max-image-preview":"max-image-preview:large","max-video-preview":"max-video-preview:-1"},"canonical":"https:\/\/www.koonings.com\/fr\/product\/luna-novias-sivet\/","og_locale":"fr_FR","og_type":"article","og_title":"Luna Novias Sivet | Koonings","og_description":"Longue robe de mari\u00e9e \u00e9l\u00e9gante en mikado combin\u00e9 \u00e0 de la dentelle et des strass. D\u00e9couvrez un d\u00e9collet\u00e9 en forme de c\u0153ur, un dos ferm\u00e9 et des bretelles. Un mod\u00e8le d\u00e9licat de Luna Novias.","og_url":"https:\/\/www.koonings.com\/fr\/product\/luna-novias-sivet\/","og_site_name":"Koonings","article_publisher":"https:\/\/www.facebook.com\/kooningstheweddingpalace","og_image":[{"width":1305,"height":1850,"url":"https:\/\/www.koonings.com\/wp-content\/uploads\/2024\/11\/40519_67cd7032eb43b4674f4613a989d07124f316e113538a2819082d405c4017c73950afcf1d.jpeg","type":"image\/jpeg"}],"twitter_card":"summary_large_image","schema":{"@context":"https:\/\/schema.org","@graph":[{"@type":"WebPage","@id":"https:\/\/www.koonings.com\/fr\/product\/luna-novias-sivet\/","url":"https:\/\/www.koonings.com\/fr\/product\/luna-novias-sivet\/","name":"Luna Novias Sivet | Koonings","isPartOf":{"@id":"https:\/\/www.koonings.com\/fr\/#website"},"primaryImageOfPage":{"@id":"https:\/\/www.koonings.com\/fr\/product\/luna-novias-sivet\/#primaryimage"},"image":{"@id":"https:\/\/www.koonings.com\/fr\/product\/luna-novias-sivet\/#primaryimage"},"thumbnailUrl":"https:\/\/www.koonings.com\/wp-content\/uploads\/2024\/11\/40519_67cd7032eb43b4674f4613a989d07124f316e113538a2819082d405c4017c73950afcf1d.jpeg","datePublished":"2026-05-07T15:02:25+00:00","description":"Longue robe de mari\u00e9e \u00e9l\u00e9gante en mikado combin\u00e9 \u00e0 de la dentelle et des strass. D\u00e9couvrez un d\u00e9collet\u00e9 en forme de c\u0153ur, un dos ferm\u00e9 et des bretelles. Un mod\u00e8le d\u00e9licat de Luna Novias.","breadcrumb":{"@id":"https:\/\/www.koonings.com\/fr\/product\/luna-novias-sivet\/#breadcrumb"},"inLanguage":"fr-FR","potentialAction":[{"@type":"ReadAction","target":["https:\/\/www.koonings.com\/fr\/product\/luna-novias-sivet\/"]}]},{"@type":"ImageObject","inLanguage":"fr-FR","@id":"https:\/\/www.koonings.com\/fr\/product\/luna-novias-sivet\/#primaryimage","url":"https:\/\/www.koonings.com\/wp-content\/uploads\/2024\/11\/40519_67cd7032eb43b4674f4613a989d07124f316e113538a2819082d405c4017c73950afcf1d.jpeg","contentUrl":"https:\/\/www.koonings.com\/wp-content\/uploads\/2024\/11\/40519_67cd7032eb43b4674f4613a989d07124f316e113538a2819082d405c4017c73950afcf1d.jpeg","width":1305,"height":1850},{"@type":"BreadcrumbList","@id":"https:\/\/www.koonings.com\/fr\/product\/luna-novias-sivet\/#breadcrumb","itemListElement":[{"@type":"ListItem","position":1,"name":"Home","item":"https:\/\/www.koonings.com\/fr\/"},{"@type":"ListItem","position":2,"name":"Luna Novias Sivet"}]},{"@type":"WebSite","@id":"https:\/\/www.koonings.com\/fr\/#website","url":"https:\/\/www.koonings.com\/fr\/","name":"Koonings","description":"De grootste bruidsmodewinkel ter wereld","publisher":{"@id":"https:\/\/www.koonings.com\/fr\/#organization"},"potentialAction":[{"@type":"SearchAction","target":{"@type":"EntryPoint","urlTemplate":"https:\/\/www.koonings.com\/fr\/?s={search_term_string}"},"query-input":{"@type":"PropertyValueSpecification","valueRequired":true,"valueName":"search_term_string"}}],"inLanguage":"fr-FR"},{"@type":"Organization","@id":"https:\/\/www.koonings.com\/fr\/#organization","name":"Koonings","url":"https:\/\/www.koonings.com\/fr\/","logo":{"@type":"ImageObject","inLanguage":"fr-FR","@id":"https:\/\/www.koonings.com\/fr\/#\/schema\/logo\/image\/","url":"https:\/\/www.koonings.com\/wp-content\/uploads\/2024\/07\/logo.png","contentUrl":"https:\/\/www.koonings.com\/wp-content\/uploads\/2024\/07\/logo.png","width":600,"height":428,"caption":"Koonings"},"image":{"@id":"https:\/\/www.koonings.com\/fr\/#\/schema\/logo\/image\/"},"sameAs":["https:\/\/www.facebook.com\/kooningstheweddingpalace","https:\/\/www.instagram.com\/kooningstheweddingpalace","https:\/\/www.pinterest.com\/koonings","https:\/\/www.youtube.com\/kooningstheweddingpalace"]}]}},"_links":{"self":[{"href":"https:\/\/www.koonings.com\/fr\/wp-json\/wp\/v2\/product\/58697","targetHints":{"allow":["GET"]}}],"collection":[{"href":"https:\/\/www.koonings.com\/fr\/wp-json\/wp\/v2\/product"}],"about":[{"href":"https:\/\/www.koonings.com\/fr\/wp-json\/wp\/v2\/types\/product"}],"wp:featuredmedia":[{"embeddable":true,"href":"https:\/\/www.koonings.com\/fr\/wp-json\/wp\/v2\/media\/44707"}],"wp:attachment":[{"href":"https:\/\/www.koonings.com\/fr\/wp-json\/wp\/v2\/media?parent=58697"}],"wp:term":[{"taxonomy":"productdetails","embeddable":true,"href":"https:\/\/www.koonings.com\/fr\/wp-json\/wp\/v2\/productdetails?post=58697"},{"taxonomy":"productneck","embeddable":true,"href":"https:\/\/www.koonings.com\/fr\/wp-json\/wp\/v2\/productneck?post=58697"},{"taxonomy":"productcolor","embeddable":true,"href":"https:\/\/www.koonings.com\/fr\/wp-json\/wp\/v2\/productcolor?post=58697"},{"taxonomy":"maat","embeddable":true,"href":"https:\/\/www.koonings.com\/fr\/wp-json\/wp\/v2\/maat?post=58697"},{"taxonomy":"productsupplier","embeddable":true,"href":"https:\/\/www.koonings.com\/fr\/wp-json\/wp\/v2\/productsupplier?post=58697"},{"taxonomy":"productsleeve","embeddable":true,"href":"https:\/\/www.koonings.com\/fr\/wp-json\/wp\/v2\/productsleeve?post=58697"},{"taxonomy":"productcategory","embeddable":true,"href":"https:\/\/www.koonings.com\/fr\/wp-json\/wp\/v2\/productcategory?post=58697"},{"taxonomy":"productsilhouette","embeddable":true,"href":"https:\/\/www.koonings.com\/fr\/wp-json\/wp\/v2\/productsilhouette?post=58697"},{"taxonomy":"productstyle","embeddable":true,"href":"https:\/\/www.koonings.com\/fr\/wp-json\/wp\/v2\/productstyle?post=58697"}],"curies":[{"name":"wp","href":"https:\/\/api.w.org\/{rel}","templated":true}]}}