{"id":58696,"date":"2025-12-15T00:30:37","date_gmt":"2025-12-14T23:30:37","guid":{"rendered":"https:\/\/www.koonings.com\/product\/luna-novias-sicilia\/"},"modified":"2026-02-03T18:38:10","modified_gmt":"2026-02-03T17:38:10","slug":"luna-novias-sicilia","status":"publish","type":"product","link":"https:\/\/www.koonings.com\/fr\/product\/luna-novias-sicilia\/","title":{"rendered":"Luna Novias Sicilia"},"content":{"rendered":"<p>Robe de mari\u00e9e longue de style romantique, en tulle enrichi de dentelle et de strass. Elle pr\u00e9sente un d\u00e9collet\u00e9 en forme de c\u0153ur, un dos ferm\u00e9 et des manches longues amovibles. Un mod\u00e8le d\u00e9licat de Luna Novias.  <\/p>\n","protected":false},"featured_media":44737,"template":"","meta":{"_acf_changed":false,"ghostkit_customizer_options":"","ghostkit_custom_css":"","ghostkit_custom_js_head":"","ghostkit_custom_js_foot":"","ghostkit_typography":""},"productdetails":[379,377,376,381],"productneck":[355],"productcolor":[],"maat":[],"productsupplier":[458],"productsleeve":[357],"productcategory":[18],"productsilhouette":[389],"productstyle":[366,370],"class_list":["post-58696","product","type-product","status-publish","has-post-thumbnail","hentry","productdetails-379","productdetails-377","productdetails-376","productdetails-381","productneck-355","productsupplier-luna-novias","productsleeve-357","productcategory-trouwjurken","productsilhouette-389","productstyle-366","productstyle-370"],"acf":[],"yoast_head":"<!-- This site is optimized with the Yoast SEO plugin v27.3 - https:\/\/yoast.com\/product\/yoast-seo-wordpress\/ -->\n<title>Luna Novias Sicilia | Koonings<\/title>\n<meta name=\"description\" content=\"Robe de mari\u00e9e longue de style romantique, en tulle enrichi de dentelle et de strass. Elle pr\u00e9sente un d\u00e9collet\u00e9 en forme de c\u0153ur, un dos ferm\u00e9 et des manches longues amovibles. Un mod\u00e8le d\u00e9licat de Luna Novias.\" \/>\n<meta name=\"robots\" content=\"index, follow, max-snippet:-1, max-image-preview:large, max-video-preview:-1\" \/>\n<link rel=\"canonical\" href=\"https:\/\/www.koonings.com\/fr\/product\/luna-novias-sicilia\/\" \/>\n<meta property=\"og:locale\" content=\"fr_FR\" \/>\n<meta property=\"og:type\" content=\"article\" \/>\n<meta property=\"og:title\" content=\"Luna Novias Sicilia | Koonings\" \/>\n<meta property=\"og:description\" content=\"Robe de mari\u00e9e longue de style romantique, en tulle enrichi de dentelle et de strass. Elle pr\u00e9sente un d\u00e9collet\u00e9 en forme de c\u0153ur, un dos ferm\u00e9 et des manches longues amovibles. Un mod\u00e8le d\u00e9licat de Luna Novias.\" \/>\n<meta property=\"og:url\" content=\"https:\/\/www.koonings.com\/fr\/product\/luna-novias-sicilia\/\" \/>\n<meta property=\"og:site_name\" content=\"Koonings\" \/>\n<meta property=\"article:publisher\" content=\"https:\/\/www.facebook.com\/kooningstheweddingpalace\" \/>\n<meta property=\"article:modified_time\" content=\"2026-02-03T17:38:10+00:00\" \/>\n<meta property=\"og:image\" content=\"https:\/\/www.koonings.com\/wp-content\/uploads\/2024\/11\/40524_5b7d3569c16b9c863d2514e652d53e1e691f0168445b519ddce04c34ba000e41794e359a.jpeg\" \/>\n\t<meta property=\"og:image:width\" content=\"1343\" \/>\n\t<meta property=\"og:image:height\" content=\"1899\" \/>\n\t<meta property=\"og:image:type\" content=\"image\/jpeg\" \/>\n<meta name=\"twitter:card\" content=\"summary_large_image\" \/>\n<script type=\"application\/ld+json\" class=\"yoast-schema-graph\">{\"@context\":\"https:\\\/\\\/schema.org\",\"@graph\":[{\"@type\":\"WebPage\",\"@id\":\"https:\\\/\\\/www.koonings.com\\\/fr\\\/product\\\/luna-novias-sicilia\\\/\",\"url\":\"https:\\\/\\\/www.koonings.com\\\/fr\\\/product\\\/luna-novias-sicilia\\\/\",\"name\":\"Luna Novias Sicilia | Koonings\",\"isPartOf\":{\"@id\":\"https:\\\/\\\/www.koonings.com\\\/fr\\\/#website\"},\"primaryImageOfPage\":{\"@id\":\"https:\\\/\\\/www.koonings.com\\\/fr\\\/product\\\/luna-novias-sicilia\\\/#primaryimage\"},\"image\":{\"@id\":\"https:\\\/\\\/www.koonings.com\\\/fr\\\/product\\\/luna-novias-sicilia\\\/#primaryimage\"},\"thumbnailUrl\":\"https:\\\/\\\/www.koonings.com\\\/wp-content\\\/uploads\\\/2024\\\/11\\\/40524_5b7d3569c16b9c863d2514e652d53e1e691f0168445b519ddce04c34ba000e41794e359a.jpeg\",\"datePublished\":\"2025-12-14T23:30:37+00:00\",\"dateModified\":\"2026-02-03T17:38:10+00:00\",\"description\":\"Robe de mari\u00e9e longue de style romantique, en tulle enrichi de dentelle et de strass. Elle pr\u00e9sente un d\u00e9collet\u00e9 en forme de c\u0153ur, un dos ferm\u00e9 et des manches longues amovibles. Un mod\u00e8le d\u00e9licat de Luna Novias.\",\"breadcrumb\":{\"@id\":\"https:\\\/\\\/www.koonings.com\\\/fr\\\/product\\\/luna-novias-sicilia\\\/#breadcrumb\"},\"inLanguage\":\"fr-FR\",\"potentialAction\":[{\"@type\":\"ReadAction\",\"target\":[\"https:\\\/\\\/www.koonings.com\\\/fr\\\/product\\\/luna-novias-sicilia\\\/\"]}]},{\"@type\":\"ImageObject\",\"inLanguage\":\"fr-FR\",\"@id\":\"https:\\\/\\\/www.koonings.com\\\/fr\\\/product\\\/luna-novias-sicilia\\\/#primaryimage\",\"url\":\"https:\\\/\\\/www.koonings.com\\\/wp-content\\\/uploads\\\/2024\\\/11\\\/40524_5b7d3569c16b9c863d2514e652d53e1e691f0168445b519ddce04c34ba000e41794e359a.jpeg\",\"contentUrl\":\"https:\\\/\\\/www.koonings.com\\\/wp-content\\\/uploads\\\/2024\\\/11\\\/40524_5b7d3569c16b9c863d2514e652d53e1e691f0168445b519ddce04c34ba000e41794e359a.jpeg\",\"width\":1343,\"height\":1899},{\"@type\":\"BreadcrumbList\",\"@id\":\"https:\\\/\\\/www.koonings.com\\\/fr\\\/product\\\/luna-novias-sicilia\\\/#breadcrumb\",\"itemListElement\":[{\"@type\":\"ListItem\",\"position\":1,\"name\":\"Home\",\"item\":\"https:\\\/\\\/www.koonings.com\\\/fr\\\/\"},{\"@type\":\"ListItem\",\"position\":2,\"name\":\"Luna Novias Sicilia\"}]},{\"@type\":\"WebSite\",\"@id\":\"https:\\\/\\\/www.koonings.com\\\/fr\\\/#website\",\"url\":\"https:\\\/\\\/www.koonings.com\\\/fr\\\/\",\"name\":\"Koonings\",\"description\":\"De grootste bruidsmodewinkel ter wereld\",\"publisher\":{\"@id\":\"https:\\\/\\\/www.koonings.com\\\/fr\\\/#organization\"},\"potentialAction\":[{\"@type\":\"SearchAction\",\"target\":{\"@type\":\"EntryPoint\",\"urlTemplate\":\"https:\\\/\\\/www.koonings.com\\\/fr\\\/?s={search_term_string}\"},\"query-input\":{\"@type\":\"PropertyValueSpecification\",\"valueRequired\":true,\"valueName\":\"search_term_string\"}}],\"inLanguage\":\"fr-FR\"},{\"@type\":\"Organization\",\"@id\":\"https:\\\/\\\/www.koonings.com\\\/fr\\\/#organization\",\"name\":\"Koonings\",\"url\":\"https:\\\/\\\/www.koonings.com\\\/fr\\\/\",\"logo\":{\"@type\":\"ImageObject\",\"inLanguage\":\"fr-FR\",\"@id\":\"https:\\\/\\\/www.koonings.com\\\/fr\\\/#\\\/schema\\\/logo\\\/image\\\/\",\"url\":\"https:\\\/\\\/www.koonings.com\\\/wp-content\\\/uploads\\\/2024\\\/07\\\/logo.png\",\"contentUrl\":\"https:\\\/\\\/www.koonings.com\\\/wp-content\\\/uploads\\\/2024\\\/07\\\/logo.png\",\"width\":600,\"height\":428,\"caption\":\"Koonings\"},\"image\":{\"@id\":\"https:\\\/\\\/www.koonings.com\\\/fr\\\/#\\\/schema\\\/logo\\\/image\\\/\"},\"sameAs\":[\"https:\\\/\\\/www.facebook.com\\\/kooningstheweddingpalace\",\"https:\\\/\\\/www.instagram.com\\\/kooningstheweddingpalace\",\"https:\\\/\\\/www.pinterest.com\\\/koonings\",\"https:\\\/\\\/www.youtube.com\\\/kooningstheweddingpalace\"]}]}<\/script>\n<!-- \/ Yoast SEO plugin. -->","yoast_head_json":{"title":"Luna Novias Sicilia | Koonings","description":"Robe de mari\u00e9e longue de style romantique, en tulle enrichi de dentelle et de strass. Elle pr\u00e9sente un d\u00e9collet\u00e9 en forme de c\u0153ur, un dos ferm\u00e9 et des manches longues amovibles. Un mod\u00e8le d\u00e9licat de Luna Novias.","robots":{"index":"index","follow":"follow","max-snippet":"max-snippet:-1","max-image-preview":"max-image-preview:large","max-video-preview":"max-video-preview:-1"},"canonical":"https:\/\/www.koonings.com\/fr\/product\/luna-novias-sicilia\/","og_locale":"fr_FR","og_type":"article","og_title":"Luna Novias Sicilia | Koonings","og_description":"Robe de mari\u00e9e longue de style romantique, en tulle enrichi de dentelle et de strass. Elle pr\u00e9sente un d\u00e9collet\u00e9 en forme de c\u0153ur, un dos ferm\u00e9 et des manches longues amovibles. Un mod\u00e8le d\u00e9licat de Luna Novias.","og_url":"https:\/\/www.koonings.com\/fr\/product\/luna-novias-sicilia\/","og_site_name":"Koonings","article_publisher":"https:\/\/www.facebook.com\/kooningstheweddingpalace","article_modified_time":"2026-02-03T17:38:10+00:00","og_image":[{"width":1343,"height":1899,"url":"https:\/\/www.koonings.com\/wp-content\/uploads\/2024\/11\/40524_5b7d3569c16b9c863d2514e652d53e1e691f0168445b519ddce04c34ba000e41794e359a.jpeg","type":"image\/jpeg"}],"twitter_card":"summary_large_image","schema":{"@context":"https:\/\/schema.org","@graph":[{"@type":"WebPage","@id":"https:\/\/www.koonings.com\/fr\/product\/luna-novias-sicilia\/","url":"https:\/\/www.koonings.com\/fr\/product\/luna-novias-sicilia\/","name":"Luna Novias Sicilia | Koonings","isPartOf":{"@id":"https:\/\/www.koonings.com\/fr\/#website"},"primaryImageOfPage":{"@id":"https:\/\/www.koonings.com\/fr\/product\/luna-novias-sicilia\/#primaryimage"},"image":{"@id":"https:\/\/www.koonings.com\/fr\/product\/luna-novias-sicilia\/#primaryimage"},"thumbnailUrl":"https:\/\/www.koonings.com\/wp-content\/uploads\/2024\/11\/40524_5b7d3569c16b9c863d2514e652d53e1e691f0168445b519ddce04c34ba000e41794e359a.jpeg","datePublished":"2025-12-14T23:30:37+00:00","dateModified":"2026-02-03T17:38:10+00:00","description":"Robe de mari\u00e9e longue de style romantique, en tulle enrichi de dentelle et de strass. Elle pr\u00e9sente un d\u00e9collet\u00e9 en forme de c\u0153ur, un dos ferm\u00e9 et des manches longues amovibles. Un mod\u00e8le d\u00e9licat de Luna Novias.","breadcrumb":{"@id":"https:\/\/www.koonings.com\/fr\/product\/luna-novias-sicilia\/#breadcrumb"},"inLanguage":"fr-FR","potentialAction":[{"@type":"ReadAction","target":["https:\/\/www.koonings.com\/fr\/product\/luna-novias-sicilia\/"]}]},{"@type":"ImageObject","inLanguage":"fr-FR","@id":"https:\/\/www.koonings.com\/fr\/product\/luna-novias-sicilia\/#primaryimage","url":"https:\/\/www.koonings.com\/wp-content\/uploads\/2024\/11\/40524_5b7d3569c16b9c863d2514e652d53e1e691f0168445b519ddce04c34ba000e41794e359a.jpeg","contentUrl":"https:\/\/www.koonings.com\/wp-content\/uploads\/2024\/11\/40524_5b7d3569c16b9c863d2514e652d53e1e691f0168445b519ddce04c34ba000e41794e359a.jpeg","width":1343,"height":1899},{"@type":"BreadcrumbList","@id":"https:\/\/www.koonings.com\/fr\/product\/luna-novias-sicilia\/#breadcrumb","itemListElement":[{"@type":"ListItem","position":1,"name":"Home","item":"https:\/\/www.koonings.com\/fr\/"},{"@type":"ListItem","position":2,"name":"Luna Novias Sicilia"}]},{"@type":"WebSite","@id":"https:\/\/www.koonings.com\/fr\/#website","url":"https:\/\/www.koonings.com\/fr\/","name":"Koonings","description":"De grootste bruidsmodewinkel ter wereld","publisher":{"@id":"https:\/\/www.koonings.com\/fr\/#organization"},"potentialAction":[{"@type":"SearchAction","target":{"@type":"EntryPoint","urlTemplate":"https:\/\/www.koonings.com\/fr\/?s={search_term_string}"},"query-input":{"@type":"PropertyValueSpecification","valueRequired":true,"valueName":"search_term_string"}}],"inLanguage":"fr-FR"},{"@type":"Organization","@id":"https:\/\/www.koonings.com\/fr\/#organization","name":"Koonings","url":"https:\/\/www.koonings.com\/fr\/","logo":{"@type":"ImageObject","inLanguage":"fr-FR","@id":"https:\/\/www.koonings.com\/fr\/#\/schema\/logo\/image\/","url":"https:\/\/www.koonings.com\/wp-content\/uploads\/2024\/07\/logo.png","contentUrl":"https:\/\/www.koonings.com\/wp-content\/uploads\/2024\/07\/logo.png","width":600,"height":428,"caption":"Koonings"},"image":{"@id":"https:\/\/www.koonings.com\/fr\/#\/schema\/logo\/image\/"},"sameAs":["https:\/\/www.facebook.com\/kooningstheweddingpalace","https:\/\/www.instagram.com\/kooningstheweddingpalace","https:\/\/www.pinterest.com\/koonings","https:\/\/www.youtube.com\/kooningstheweddingpalace"]}]}},"_links":{"self":[{"href":"https:\/\/www.koonings.com\/fr\/wp-json\/wp\/v2\/product\/58696","targetHints":{"allow":["GET"]}}],"collection":[{"href":"https:\/\/www.koonings.com\/fr\/wp-json\/wp\/v2\/product"}],"about":[{"href":"https:\/\/www.koonings.com\/fr\/wp-json\/wp\/v2\/types\/product"}],"wp:featuredmedia":[{"embeddable":true,"href":"https:\/\/www.koonings.com\/fr\/wp-json\/wp\/v2\/media\/44737"}],"wp:attachment":[{"href":"https:\/\/www.koonings.com\/fr\/wp-json\/wp\/v2\/media?parent=58696"}],"wp:term":[{"taxonomy":"productdetails","embeddable":true,"href":"https:\/\/www.koonings.com\/fr\/wp-json\/wp\/v2\/productdetails?post=58696"},{"taxonomy":"productneck","embeddable":true,"href":"https:\/\/www.koonings.com\/fr\/wp-json\/wp\/v2\/productneck?post=58696"},{"taxonomy":"productcolor","embeddable":true,"href":"https:\/\/www.koonings.com\/fr\/wp-json\/wp\/v2\/productcolor?post=58696"},{"taxonomy":"maat","embeddable":true,"href":"https:\/\/www.koonings.com\/fr\/wp-json\/wp\/v2\/maat?post=58696"},{"taxonomy":"productsupplier","embeddable":true,"href":"https:\/\/www.koonings.com\/fr\/wp-json\/wp\/v2\/productsupplier?post=58696"},{"taxonomy":"productsleeve","embeddable":true,"href":"https:\/\/www.koonings.com\/fr\/wp-json\/wp\/v2\/productsleeve?post=58696"},{"taxonomy":"productcategory","embeddable":true,"href":"https:\/\/www.koonings.com\/fr\/wp-json\/wp\/v2\/productcategory?post=58696"},{"taxonomy":"productsilhouette","embeddable":true,"href":"https:\/\/www.koonings.com\/fr\/wp-json\/wp\/v2\/productsilhouette?post=58696"},{"taxonomy":"productstyle","embeddable":true,"href":"https:\/\/www.koonings.com\/fr\/wp-json\/wp\/v2\/productstyle?post=58696"}],"curies":[{"name":"wp","href":"https:\/\/api.w.org\/{rel}","templated":true}]}}