{"id":58661,"date":"2026-04-28T18:18:46","date_gmt":"2026-04-28T16:18:46","guid":{"rendered":"https:\/\/www.koonings.com\/product\/rosa-clara-cathie\/"},"modified":"2025-06-05T13:17:43","modified_gmt":"2025-06-05T11:17:43","slug":"rosa-clara-cathie","status":"publish","type":"product","link":"https:\/\/www.koonings.com\/fr\/product\/rosa-clara-cathie\/","title":{"rendered":"Rosa Clara Cathie"},"content":{"rendered":"<p>Longue robe de mari\u00e9e boh\u00e8me en tulle agr\u00e9ment\u00e9e de dentelle et de perles. D\u00e9collet\u00e9 \u00e9paules, dos ferm\u00e9, bretelles amovibles et jupe avec fente lat\u00e9rale. Une cr\u00e9ation de r\u00eave de Rosa Clar\u00e1 Soft.  <\/p>\n","protected":false},"featured_media":44916,"template":"","meta":{"_acf_changed":false,"ghostkit_customizer_options":"","ghostkit_custom_css":"","ghostkit_custom_js_head":"","ghostkit_custom_js_foot":"","ghostkit_typography":""},"productdetails":[378,381],"productneck":[356],"productcolor":[392],"maat":[],"productsupplier":[396],"productsleeve":[],"productcategory":[18],"productsilhouette":[389],"productstyle":[364,370],"class_list":["post-58661","product","type-product","status-publish","has-post-thumbnail","hentry","productdetails-378","productdetails-381","productneck-356","productcolor-392","productsupplier-rosa-clara","productcategory-trouwjurken","productsilhouette-389","productstyle-364","productstyle-370"],"acf":[],"yoast_head":"<!-- This site is optimized with the Yoast SEO plugin v27.3 - https:\/\/yoast.com\/product\/yoast-seo-wordpress\/ -->\n<title>Rosa Clara Cathie | Koonings<\/title>\n<meta name=\"description\" content=\"Longue robe de mari\u00e9e boh\u00e8me en tulle agr\u00e9ment\u00e9e de dentelle et de perles. D\u00e9collet\u00e9 \u00e9paules, dos ferm\u00e9, bretelles amovibles et jupe avec fente lat\u00e9rale. Une cr\u00e9ation de r\u00eave de Rosa Clar\u00e1 Soft.\" \/>\n<meta name=\"robots\" content=\"index, follow, max-snippet:-1, max-image-preview:large, max-video-preview:-1\" \/>\n<link rel=\"canonical\" href=\"https:\/\/www.koonings.com\/fr\/product\/rosa-clara-cathie\/\" \/>\n<meta property=\"og:locale\" content=\"fr_FR\" \/>\n<meta property=\"og:type\" content=\"article\" \/>\n<meta property=\"og:title\" content=\"Rosa Clara Cathie | Koonings\" \/>\n<meta property=\"og:description\" content=\"Longue robe de mari\u00e9e boh\u00e8me en tulle agr\u00e9ment\u00e9e de dentelle et de perles. D\u00e9collet\u00e9 \u00e9paules, dos ferm\u00e9, bretelles amovibles et jupe avec fente lat\u00e9rale. Une cr\u00e9ation de r\u00eave de Rosa Clar\u00e1 Soft.\" \/>\n<meta property=\"og:url\" content=\"https:\/\/www.koonings.com\/fr\/product\/rosa-clara-cathie\/\" \/>\n<meta property=\"og:site_name\" content=\"Koonings\" \/>\n<meta property=\"article:publisher\" content=\"https:\/\/www.facebook.com\/kooningstheweddingpalace\" \/>\n<meta property=\"og:image\" content=\"https:\/\/www.koonings.com\/wp-content\/uploads\/2024\/11\/40549_4310898dd6903b198aa6f79c8fab615c20952c0a3b291a083a71672d18ad19e33ea96489.jpeg\" \/>\n\t<meta property=\"og:image:width\" content=\"1536\" \/>\n\t<meta property=\"og:image:height\" content=\"1920\" \/>\n\t<meta property=\"og:image:type\" content=\"image\/jpeg\" \/>\n<meta name=\"twitter:card\" content=\"summary_large_image\" \/>\n<script type=\"application\/ld+json\" class=\"yoast-schema-graph\">{\"@context\":\"https:\\\/\\\/schema.org\",\"@graph\":[{\"@type\":\"WebPage\",\"@id\":\"https:\\\/\\\/www.koonings.com\\\/fr\\\/product\\\/rosa-clara-cathie\\\/\",\"url\":\"https:\\\/\\\/www.koonings.com\\\/fr\\\/product\\\/rosa-clara-cathie\\\/\",\"name\":\"Rosa Clara Cathie | Koonings\",\"isPartOf\":{\"@id\":\"https:\\\/\\\/www.koonings.com\\\/fr\\\/#website\"},\"primaryImageOfPage\":{\"@id\":\"https:\\\/\\\/www.koonings.com\\\/fr\\\/product\\\/rosa-clara-cathie\\\/#primaryimage\"},\"image\":{\"@id\":\"https:\\\/\\\/www.koonings.com\\\/fr\\\/product\\\/rosa-clara-cathie\\\/#primaryimage\"},\"thumbnailUrl\":\"https:\\\/\\\/www.koonings.com\\\/wp-content\\\/uploads\\\/2024\\\/11\\\/40549_4310898dd6903b198aa6f79c8fab615c20952c0a3b291a083a71672d18ad19e33ea96489.jpeg\",\"datePublished\":\"2026-04-28T16:18:46+00:00\",\"description\":\"Longue robe de mari\u00e9e boh\u00e8me en tulle agr\u00e9ment\u00e9e de dentelle et de perles. D\u00e9collet\u00e9 \u00e9paules, dos ferm\u00e9, bretelles amovibles et jupe avec fente lat\u00e9rale. Une cr\u00e9ation de r\u00eave de Rosa Clar\u00e1 Soft.\",\"breadcrumb\":{\"@id\":\"https:\\\/\\\/www.koonings.com\\\/fr\\\/product\\\/rosa-clara-cathie\\\/#breadcrumb\"},\"inLanguage\":\"fr-FR\",\"potentialAction\":[{\"@type\":\"ReadAction\",\"target\":[\"https:\\\/\\\/www.koonings.com\\\/fr\\\/product\\\/rosa-clara-cathie\\\/\"]}]},{\"@type\":\"ImageObject\",\"inLanguage\":\"fr-FR\",\"@id\":\"https:\\\/\\\/www.koonings.com\\\/fr\\\/product\\\/rosa-clara-cathie\\\/#primaryimage\",\"url\":\"https:\\\/\\\/www.koonings.com\\\/wp-content\\\/uploads\\\/2024\\\/11\\\/40549_4310898dd6903b198aa6f79c8fab615c20952c0a3b291a083a71672d18ad19e33ea96489.jpeg\",\"contentUrl\":\"https:\\\/\\\/www.koonings.com\\\/wp-content\\\/uploads\\\/2024\\\/11\\\/40549_4310898dd6903b198aa6f79c8fab615c20952c0a3b291a083a71672d18ad19e33ea96489.jpeg\",\"width\":1536,\"height\":1920},{\"@type\":\"BreadcrumbList\",\"@id\":\"https:\\\/\\\/www.koonings.com\\\/fr\\\/product\\\/rosa-clara-cathie\\\/#breadcrumb\",\"itemListElement\":[{\"@type\":\"ListItem\",\"position\":1,\"name\":\"Home\",\"item\":\"https:\\\/\\\/www.koonings.com\\\/fr\\\/\"},{\"@type\":\"ListItem\",\"position\":2,\"name\":\"Rosa Clara Cathie\"}]},{\"@type\":\"WebSite\",\"@id\":\"https:\\\/\\\/www.koonings.com\\\/fr\\\/#website\",\"url\":\"https:\\\/\\\/www.koonings.com\\\/fr\\\/\",\"name\":\"Koonings\",\"description\":\"De grootste bruidsmodewinkel ter wereld\",\"publisher\":{\"@id\":\"https:\\\/\\\/www.koonings.com\\\/fr\\\/#organization\"},\"potentialAction\":[{\"@type\":\"SearchAction\",\"target\":{\"@type\":\"EntryPoint\",\"urlTemplate\":\"https:\\\/\\\/www.koonings.com\\\/fr\\\/?s={search_term_string}\"},\"query-input\":{\"@type\":\"PropertyValueSpecification\",\"valueRequired\":true,\"valueName\":\"search_term_string\"}}],\"inLanguage\":\"fr-FR\"},{\"@type\":\"Organization\",\"@id\":\"https:\\\/\\\/www.koonings.com\\\/fr\\\/#organization\",\"name\":\"Koonings\",\"url\":\"https:\\\/\\\/www.koonings.com\\\/fr\\\/\",\"logo\":{\"@type\":\"ImageObject\",\"inLanguage\":\"fr-FR\",\"@id\":\"https:\\\/\\\/www.koonings.com\\\/fr\\\/#\\\/schema\\\/logo\\\/image\\\/\",\"url\":\"https:\\\/\\\/www.koonings.com\\\/wp-content\\\/uploads\\\/2024\\\/07\\\/logo.png\",\"contentUrl\":\"https:\\\/\\\/www.koonings.com\\\/wp-content\\\/uploads\\\/2024\\\/07\\\/logo.png\",\"width\":600,\"height\":428,\"caption\":\"Koonings\"},\"image\":{\"@id\":\"https:\\\/\\\/www.koonings.com\\\/fr\\\/#\\\/schema\\\/logo\\\/image\\\/\"},\"sameAs\":[\"https:\\\/\\\/www.facebook.com\\\/kooningstheweddingpalace\",\"https:\\\/\\\/www.instagram.com\\\/kooningstheweddingpalace\",\"https:\\\/\\\/www.pinterest.com\\\/koonings\",\"https:\\\/\\\/www.youtube.com\\\/kooningstheweddingpalace\"]}]}<\/script>\n<!-- \/ Yoast SEO plugin. -->","yoast_head_json":{"title":"Rosa Clara Cathie | Koonings","description":"Longue robe de mari\u00e9e boh\u00e8me en tulle agr\u00e9ment\u00e9e de dentelle et de perles. D\u00e9collet\u00e9 \u00e9paules, dos ferm\u00e9, bretelles amovibles et jupe avec fente lat\u00e9rale. Une cr\u00e9ation de r\u00eave de Rosa Clar\u00e1 Soft.","robots":{"index":"index","follow":"follow","max-snippet":"max-snippet:-1","max-image-preview":"max-image-preview:large","max-video-preview":"max-video-preview:-1"},"canonical":"https:\/\/www.koonings.com\/fr\/product\/rosa-clara-cathie\/","og_locale":"fr_FR","og_type":"article","og_title":"Rosa Clara Cathie | Koonings","og_description":"Longue robe de mari\u00e9e boh\u00e8me en tulle agr\u00e9ment\u00e9e de dentelle et de perles. D\u00e9collet\u00e9 \u00e9paules, dos ferm\u00e9, bretelles amovibles et jupe avec fente lat\u00e9rale. Une cr\u00e9ation de r\u00eave de Rosa Clar\u00e1 Soft.","og_url":"https:\/\/www.koonings.com\/fr\/product\/rosa-clara-cathie\/","og_site_name":"Koonings","article_publisher":"https:\/\/www.facebook.com\/kooningstheweddingpalace","og_image":[{"width":1536,"height":1920,"url":"https:\/\/www.koonings.com\/wp-content\/uploads\/2024\/11\/40549_4310898dd6903b198aa6f79c8fab615c20952c0a3b291a083a71672d18ad19e33ea96489.jpeg","type":"image\/jpeg"}],"twitter_card":"summary_large_image","schema":{"@context":"https:\/\/schema.org","@graph":[{"@type":"WebPage","@id":"https:\/\/www.koonings.com\/fr\/product\/rosa-clara-cathie\/","url":"https:\/\/www.koonings.com\/fr\/product\/rosa-clara-cathie\/","name":"Rosa Clara Cathie | Koonings","isPartOf":{"@id":"https:\/\/www.koonings.com\/fr\/#website"},"primaryImageOfPage":{"@id":"https:\/\/www.koonings.com\/fr\/product\/rosa-clara-cathie\/#primaryimage"},"image":{"@id":"https:\/\/www.koonings.com\/fr\/product\/rosa-clara-cathie\/#primaryimage"},"thumbnailUrl":"https:\/\/www.koonings.com\/wp-content\/uploads\/2024\/11\/40549_4310898dd6903b198aa6f79c8fab615c20952c0a3b291a083a71672d18ad19e33ea96489.jpeg","datePublished":"2026-04-28T16:18:46+00:00","description":"Longue robe de mari\u00e9e boh\u00e8me en tulle agr\u00e9ment\u00e9e de dentelle et de perles. D\u00e9collet\u00e9 \u00e9paules, dos ferm\u00e9, bretelles amovibles et jupe avec fente lat\u00e9rale. Une cr\u00e9ation de r\u00eave de Rosa Clar\u00e1 Soft.","breadcrumb":{"@id":"https:\/\/www.koonings.com\/fr\/product\/rosa-clara-cathie\/#breadcrumb"},"inLanguage":"fr-FR","potentialAction":[{"@type":"ReadAction","target":["https:\/\/www.koonings.com\/fr\/product\/rosa-clara-cathie\/"]}]},{"@type":"ImageObject","inLanguage":"fr-FR","@id":"https:\/\/www.koonings.com\/fr\/product\/rosa-clara-cathie\/#primaryimage","url":"https:\/\/www.koonings.com\/wp-content\/uploads\/2024\/11\/40549_4310898dd6903b198aa6f79c8fab615c20952c0a3b291a083a71672d18ad19e33ea96489.jpeg","contentUrl":"https:\/\/www.koonings.com\/wp-content\/uploads\/2024\/11\/40549_4310898dd6903b198aa6f79c8fab615c20952c0a3b291a083a71672d18ad19e33ea96489.jpeg","width":1536,"height":1920},{"@type":"BreadcrumbList","@id":"https:\/\/www.koonings.com\/fr\/product\/rosa-clara-cathie\/#breadcrumb","itemListElement":[{"@type":"ListItem","position":1,"name":"Home","item":"https:\/\/www.koonings.com\/fr\/"},{"@type":"ListItem","position":2,"name":"Rosa Clara Cathie"}]},{"@type":"WebSite","@id":"https:\/\/www.koonings.com\/fr\/#website","url":"https:\/\/www.koonings.com\/fr\/","name":"Koonings","description":"De grootste bruidsmodewinkel ter wereld","publisher":{"@id":"https:\/\/www.koonings.com\/fr\/#organization"},"potentialAction":[{"@type":"SearchAction","target":{"@type":"EntryPoint","urlTemplate":"https:\/\/www.koonings.com\/fr\/?s={search_term_string}"},"query-input":{"@type":"PropertyValueSpecification","valueRequired":true,"valueName":"search_term_string"}}],"inLanguage":"fr-FR"},{"@type":"Organization","@id":"https:\/\/www.koonings.com\/fr\/#organization","name":"Koonings","url":"https:\/\/www.koonings.com\/fr\/","logo":{"@type":"ImageObject","inLanguage":"fr-FR","@id":"https:\/\/www.koonings.com\/fr\/#\/schema\/logo\/image\/","url":"https:\/\/www.koonings.com\/wp-content\/uploads\/2024\/07\/logo.png","contentUrl":"https:\/\/www.koonings.com\/wp-content\/uploads\/2024\/07\/logo.png","width":600,"height":428,"caption":"Koonings"},"image":{"@id":"https:\/\/www.koonings.com\/fr\/#\/schema\/logo\/image\/"},"sameAs":["https:\/\/www.facebook.com\/kooningstheweddingpalace","https:\/\/www.instagram.com\/kooningstheweddingpalace","https:\/\/www.pinterest.com\/koonings","https:\/\/www.youtube.com\/kooningstheweddingpalace"]}]}},"_links":{"self":[{"href":"https:\/\/www.koonings.com\/fr\/wp-json\/wp\/v2\/product\/58661","targetHints":{"allow":["GET"]}}],"collection":[{"href":"https:\/\/www.koonings.com\/fr\/wp-json\/wp\/v2\/product"}],"about":[{"href":"https:\/\/www.koonings.com\/fr\/wp-json\/wp\/v2\/types\/product"}],"wp:featuredmedia":[{"embeddable":true,"href":"https:\/\/www.koonings.com\/fr\/wp-json\/wp\/v2\/media\/44916"}],"wp:attachment":[{"href":"https:\/\/www.koonings.com\/fr\/wp-json\/wp\/v2\/media?parent=58661"}],"wp:term":[{"taxonomy":"productdetails","embeddable":true,"href":"https:\/\/www.koonings.com\/fr\/wp-json\/wp\/v2\/productdetails?post=58661"},{"taxonomy":"productneck","embeddable":true,"href":"https:\/\/www.koonings.com\/fr\/wp-json\/wp\/v2\/productneck?post=58661"},{"taxonomy":"productcolor","embeddable":true,"href":"https:\/\/www.koonings.com\/fr\/wp-json\/wp\/v2\/productcolor?post=58661"},{"taxonomy":"maat","embeddable":true,"href":"https:\/\/www.koonings.com\/fr\/wp-json\/wp\/v2\/maat?post=58661"},{"taxonomy":"productsupplier","embeddable":true,"href":"https:\/\/www.koonings.com\/fr\/wp-json\/wp\/v2\/productsupplier?post=58661"},{"taxonomy":"productsleeve","embeddable":true,"href":"https:\/\/www.koonings.com\/fr\/wp-json\/wp\/v2\/productsleeve?post=58661"},{"taxonomy":"productcategory","embeddable":true,"href":"https:\/\/www.koonings.com\/fr\/wp-json\/wp\/v2\/productcategory?post=58661"},{"taxonomy":"productsilhouette","embeddable":true,"href":"https:\/\/www.koonings.com\/fr\/wp-json\/wp\/v2\/productsilhouette?post=58661"},{"taxonomy":"productstyle","embeddable":true,"href":"https:\/\/www.koonings.com\/fr\/wp-json\/wp\/v2\/productstyle?post=58661"}],"curies":[{"name":"wp","href":"https:\/\/api.w.org\/{rel}","templated":true}]}}