{"id":58656,"date":"2026-05-06T15:20:05","date_gmt":"2026-05-06T13:20:05","guid":{"rendered":"https:\/\/www.koonings.com\/product\/alma-novia-sadava\/"},"modified":"2025-06-05T13:17:42","modified_gmt":"2025-06-05T11:17:42","slug":"alma-novia-sadava","status":"publish","type":"product","link":"https:\/\/www.koonings.com\/fr\/product\/alma-novia-sadava\/","title":{"rendered":"Alma Novia Sadava"},"content":{"rendered":"<p>Robe de mari\u00e9e longue et sexy de style sir\u00e8ne, r\u00e9alis\u00e9e en cr\u00eape extensible. Elle est dot\u00e9e d&#8217;un d\u00e9collet\u00e9 carr\u00e9, d&#8217;un dos \u00e9chancr\u00e9 et de manches longues. Un look tendance Luna Novias.  <\/p>\n","protected":false},"featured_media":44929,"template":"","meta":{"_acf_changed":false,"ghostkit_customizer_options":"","ghostkit_custom_css":"","ghostkit_custom_js_head":"","ghostkit_custom_js_foot":"","ghostkit_typography":""},"productdetails":[383],"productneck":[352],"productcolor":[392],"maat":[],"productsupplier":[459],"productsleeve":[362],"productcategory":[18],"productsilhouette":[387],"productstyle":[365,370],"class_list":["post-58656","product","type-product","status-publish","has-post-thumbnail","hentry","productdetails-383","productneck-352","productcolor-392","productsupplier-alma-novia","productsleeve-362","productcategory-trouwjurken","productsilhouette-387","productstyle-365","productstyle-370"],"acf":[],"yoast_head":"<!-- This site is optimized with the Yoast SEO plugin v27.3 - https:\/\/yoast.com\/product\/yoast-seo-wordpress\/ -->\n<title>Alma Novia Sadava | Koonings<\/title>\n<meta name=\"description\" content=\"Robe de mari\u00e9e longue et sexy de style sir\u00e8ne, r\u00e9alis\u00e9e en cr\u00eape extensible. Elle est dot\u00e9e d&#039;un d\u00e9collet\u00e9 carr\u00e9, d&#039;un dos \u00e9chancr\u00e9 et de manches longues. Un look tendance Luna Novias.\" \/>\n<meta name=\"robots\" content=\"index, follow, max-snippet:-1, max-image-preview:large, max-video-preview:-1\" \/>\n<link rel=\"canonical\" href=\"https:\/\/www.koonings.com\/fr\/product\/alma-novia-sadava\/\" \/>\n<meta property=\"og:locale\" content=\"fr_FR\" \/>\n<meta property=\"og:type\" content=\"article\" \/>\n<meta property=\"og:title\" content=\"Alma Novia Sadava | Koonings\" \/>\n<meta property=\"og:description\" content=\"Robe de mari\u00e9e longue et sexy de style sir\u00e8ne, r\u00e9alis\u00e9e en cr\u00eape extensible. Elle est dot\u00e9e d&#039;un d\u00e9collet\u00e9 carr\u00e9, d&#039;un dos \u00e9chancr\u00e9 et de manches longues. Un look tendance Luna Novias.\" \/>\n<meta property=\"og:url\" content=\"https:\/\/www.koonings.com\/fr\/product\/alma-novia-sadava\/\" \/>\n<meta property=\"og:site_name\" content=\"Koonings\" \/>\n<meta property=\"article:publisher\" content=\"https:\/\/www.facebook.com\/kooningstheweddingpalace\" \/>\n<meta property=\"og:image\" content=\"https:\/\/www.koonings.com\/wp-content\/uploads\/2024\/11\/40552_e931bb5e1c48fd9fe3aa5c16a0d2e940a487f9bfec3a282fb28d344f735c808668654497.jpeg\" \/>\n\t<meta property=\"og:image:width\" content=\"1316\" \/>\n\t<meta property=\"og:image:height\" content=\"1860\" \/>\n\t<meta property=\"og:image:type\" content=\"image\/jpeg\" \/>\n<meta name=\"twitter:card\" content=\"summary_large_image\" \/>\n<script type=\"application\/ld+json\" class=\"yoast-schema-graph\">{\"@context\":\"https:\\\/\\\/schema.org\",\"@graph\":[{\"@type\":\"WebPage\",\"@id\":\"https:\\\/\\\/www.koonings.com\\\/fr\\\/product\\\/alma-novia-sadava\\\/\",\"url\":\"https:\\\/\\\/www.koonings.com\\\/fr\\\/product\\\/alma-novia-sadava\\\/\",\"name\":\"Alma Novia Sadava | Koonings\",\"isPartOf\":{\"@id\":\"https:\\\/\\\/www.koonings.com\\\/fr\\\/#website\"},\"primaryImageOfPage\":{\"@id\":\"https:\\\/\\\/www.koonings.com\\\/fr\\\/product\\\/alma-novia-sadava\\\/#primaryimage\"},\"image\":{\"@id\":\"https:\\\/\\\/www.koonings.com\\\/fr\\\/product\\\/alma-novia-sadava\\\/#primaryimage\"},\"thumbnailUrl\":\"https:\\\/\\\/www.koonings.com\\\/wp-content\\\/uploads\\\/2024\\\/11\\\/40552_e931bb5e1c48fd9fe3aa5c16a0d2e940a487f9bfec3a282fb28d344f735c808668654497.jpeg\",\"datePublished\":\"2026-05-06T13:20:05+00:00\",\"description\":\"Robe de mari\u00e9e longue et sexy de style sir\u00e8ne, r\u00e9alis\u00e9e en cr\u00eape extensible. Elle est dot\u00e9e d'un d\u00e9collet\u00e9 carr\u00e9, d'un dos \u00e9chancr\u00e9 et de manches longues. Un look tendance Luna Novias.\",\"breadcrumb\":{\"@id\":\"https:\\\/\\\/www.koonings.com\\\/fr\\\/product\\\/alma-novia-sadava\\\/#breadcrumb\"},\"inLanguage\":\"fr-FR\",\"potentialAction\":[{\"@type\":\"ReadAction\",\"target\":[\"https:\\\/\\\/www.koonings.com\\\/fr\\\/product\\\/alma-novia-sadava\\\/\"]}]},{\"@type\":\"ImageObject\",\"inLanguage\":\"fr-FR\",\"@id\":\"https:\\\/\\\/www.koonings.com\\\/fr\\\/product\\\/alma-novia-sadava\\\/#primaryimage\",\"url\":\"https:\\\/\\\/www.koonings.com\\\/wp-content\\\/uploads\\\/2024\\\/11\\\/40552_e931bb5e1c48fd9fe3aa5c16a0d2e940a487f9bfec3a282fb28d344f735c808668654497.jpeg\",\"contentUrl\":\"https:\\\/\\\/www.koonings.com\\\/wp-content\\\/uploads\\\/2024\\\/11\\\/40552_e931bb5e1c48fd9fe3aa5c16a0d2e940a487f9bfec3a282fb28d344f735c808668654497.jpeg\",\"width\":1316,\"height\":1860},{\"@type\":\"BreadcrumbList\",\"@id\":\"https:\\\/\\\/www.koonings.com\\\/fr\\\/product\\\/alma-novia-sadava\\\/#breadcrumb\",\"itemListElement\":[{\"@type\":\"ListItem\",\"position\":1,\"name\":\"Home\",\"item\":\"https:\\\/\\\/www.koonings.com\\\/fr\\\/\"},{\"@type\":\"ListItem\",\"position\":2,\"name\":\"Alma Novia Sadava\"}]},{\"@type\":\"WebSite\",\"@id\":\"https:\\\/\\\/www.koonings.com\\\/fr\\\/#website\",\"url\":\"https:\\\/\\\/www.koonings.com\\\/fr\\\/\",\"name\":\"Koonings\",\"description\":\"De grootste bruidsmodewinkel ter wereld\",\"publisher\":{\"@id\":\"https:\\\/\\\/www.koonings.com\\\/fr\\\/#organization\"},\"potentialAction\":[{\"@type\":\"SearchAction\",\"target\":{\"@type\":\"EntryPoint\",\"urlTemplate\":\"https:\\\/\\\/www.koonings.com\\\/fr\\\/?s={search_term_string}\"},\"query-input\":{\"@type\":\"PropertyValueSpecification\",\"valueRequired\":true,\"valueName\":\"search_term_string\"}}],\"inLanguage\":\"fr-FR\"},{\"@type\":\"Organization\",\"@id\":\"https:\\\/\\\/www.koonings.com\\\/fr\\\/#organization\",\"name\":\"Koonings\",\"url\":\"https:\\\/\\\/www.koonings.com\\\/fr\\\/\",\"logo\":{\"@type\":\"ImageObject\",\"inLanguage\":\"fr-FR\",\"@id\":\"https:\\\/\\\/www.koonings.com\\\/fr\\\/#\\\/schema\\\/logo\\\/image\\\/\",\"url\":\"https:\\\/\\\/www.koonings.com\\\/wp-content\\\/uploads\\\/2024\\\/07\\\/logo.png\",\"contentUrl\":\"https:\\\/\\\/www.koonings.com\\\/wp-content\\\/uploads\\\/2024\\\/07\\\/logo.png\",\"width\":600,\"height\":428,\"caption\":\"Koonings\"},\"image\":{\"@id\":\"https:\\\/\\\/www.koonings.com\\\/fr\\\/#\\\/schema\\\/logo\\\/image\\\/\"},\"sameAs\":[\"https:\\\/\\\/www.facebook.com\\\/kooningstheweddingpalace\",\"https:\\\/\\\/www.instagram.com\\\/kooningstheweddingpalace\",\"https:\\\/\\\/www.pinterest.com\\\/koonings\",\"https:\\\/\\\/www.youtube.com\\\/kooningstheweddingpalace\"]}]}<\/script>\n<!-- \/ Yoast SEO plugin. -->","yoast_head_json":{"title":"Alma Novia Sadava | Koonings","description":"Robe de mari\u00e9e longue et sexy de style sir\u00e8ne, r\u00e9alis\u00e9e en cr\u00eape extensible. Elle est dot\u00e9e d'un d\u00e9collet\u00e9 carr\u00e9, d'un dos \u00e9chancr\u00e9 et de manches longues. Un look tendance Luna Novias.","robots":{"index":"index","follow":"follow","max-snippet":"max-snippet:-1","max-image-preview":"max-image-preview:large","max-video-preview":"max-video-preview:-1"},"canonical":"https:\/\/www.koonings.com\/fr\/product\/alma-novia-sadava\/","og_locale":"fr_FR","og_type":"article","og_title":"Alma Novia Sadava | Koonings","og_description":"Robe de mari\u00e9e longue et sexy de style sir\u00e8ne, r\u00e9alis\u00e9e en cr\u00eape extensible. Elle est dot\u00e9e d'un d\u00e9collet\u00e9 carr\u00e9, d'un dos \u00e9chancr\u00e9 et de manches longues. Un look tendance Luna Novias.","og_url":"https:\/\/www.koonings.com\/fr\/product\/alma-novia-sadava\/","og_site_name":"Koonings","article_publisher":"https:\/\/www.facebook.com\/kooningstheweddingpalace","og_image":[{"width":1316,"height":1860,"url":"https:\/\/www.koonings.com\/wp-content\/uploads\/2024\/11\/40552_e931bb5e1c48fd9fe3aa5c16a0d2e940a487f9bfec3a282fb28d344f735c808668654497.jpeg","type":"image\/jpeg"}],"twitter_card":"summary_large_image","schema":{"@context":"https:\/\/schema.org","@graph":[{"@type":"WebPage","@id":"https:\/\/www.koonings.com\/fr\/product\/alma-novia-sadava\/","url":"https:\/\/www.koonings.com\/fr\/product\/alma-novia-sadava\/","name":"Alma Novia Sadava | Koonings","isPartOf":{"@id":"https:\/\/www.koonings.com\/fr\/#website"},"primaryImageOfPage":{"@id":"https:\/\/www.koonings.com\/fr\/product\/alma-novia-sadava\/#primaryimage"},"image":{"@id":"https:\/\/www.koonings.com\/fr\/product\/alma-novia-sadava\/#primaryimage"},"thumbnailUrl":"https:\/\/www.koonings.com\/wp-content\/uploads\/2024\/11\/40552_e931bb5e1c48fd9fe3aa5c16a0d2e940a487f9bfec3a282fb28d344f735c808668654497.jpeg","datePublished":"2026-05-06T13:20:05+00:00","description":"Robe de mari\u00e9e longue et sexy de style sir\u00e8ne, r\u00e9alis\u00e9e en cr\u00eape extensible. Elle est dot\u00e9e d'un d\u00e9collet\u00e9 carr\u00e9, d'un dos \u00e9chancr\u00e9 et de manches longues. Un look tendance Luna Novias.","breadcrumb":{"@id":"https:\/\/www.koonings.com\/fr\/product\/alma-novia-sadava\/#breadcrumb"},"inLanguage":"fr-FR","potentialAction":[{"@type":"ReadAction","target":["https:\/\/www.koonings.com\/fr\/product\/alma-novia-sadava\/"]}]},{"@type":"ImageObject","inLanguage":"fr-FR","@id":"https:\/\/www.koonings.com\/fr\/product\/alma-novia-sadava\/#primaryimage","url":"https:\/\/www.koonings.com\/wp-content\/uploads\/2024\/11\/40552_e931bb5e1c48fd9fe3aa5c16a0d2e940a487f9bfec3a282fb28d344f735c808668654497.jpeg","contentUrl":"https:\/\/www.koonings.com\/wp-content\/uploads\/2024\/11\/40552_e931bb5e1c48fd9fe3aa5c16a0d2e940a487f9bfec3a282fb28d344f735c808668654497.jpeg","width":1316,"height":1860},{"@type":"BreadcrumbList","@id":"https:\/\/www.koonings.com\/fr\/product\/alma-novia-sadava\/#breadcrumb","itemListElement":[{"@type":"ListItem","position":1,"name":"Home","item":"https:\/\/www.koonings.com\/fr\/"},{"@type":"ListItem","position":2,"name":"Alma Novia Sadava"}]},{"@type":"WebSite","@id":"https:\/\/www.koonings.com\/fr\/#website","url":"https:\/\/www.koonings.com\/fr\/","name":"Koonings","description":"De grootste bruidsmodewinkel ter wereld","publisher":{"@id":"https:\/\/www.koonings.com\/fr\/#organization"},"potentialAction":[{"@type":"SearchAction","target":{"@type":"EntryPoint","urlTemplate":"https:\/\/www.koonings.com\/fr\/?s={search_term_string}"},"query-input":{"@type":"PropertyValueSpecification","valueRequired":true,"valueName":"search_term_string"}}],"inLanguage":"fr-FR"},{"@type":"Organization","@id":"https:\/\/www.koonings.com\/fr\/#organization","name":"Koonings","url":"https:\/\/www.koonings.com\/fr\/","logo":{"@type":"ImageObject","inLanguage":"fr-FR","@id":"https:\/\/www.koonings.com\/fr\/#\/schema\/logo\/image\/","url":"https:\/\/www.koonings.com\/wp-content\/uploads\/2024\/07\/logo.png","contentUrl":"https:\/\/www.koonings.com\/wp-content\/uploads\/2024\/07\/logo.png","width":600,"height":428,"caption":"Koonings"},"image":{"@id":"https:\/\/www.koonings.com\/fr\/#\/schema\/logo\/image\/"},"sameAs":["https:\/\/www.facebook.com\/kooningstheweddingpalace","https:\/\/www.instagram.com\/kooningstheweddingpalace","https:\/\/www.pinterest.com\/koonings","https:\/\/www.youtube.com\/kooningstheweddingpalace"]}]}},"_links":{"self":[{"href":"https:\/\/www.koonings.com\/fr\/wp-json\/wp\/v2\/product\/58656","targetHints":{"allow":["GET"]}}],"collection":[{"href":"https:\/\/www.koonings.com\/fr\/wp-json\/wp\/v2\/product"}],"about":[{"href":"https:\/\/www.koonings.com\/fr\/wp-json\/wp\/v2\/types\/product"}],"wp:featuredmedia":[{"embeddable":true,"href":"https:\/\/www.koonings.com\/fr\/wp-json\/wp\/v2\/media\/44929"}],"wp:attachment":[{"href":"https:\/\/www.koonings.com\/fr\/wp-json\/wp\/v2\/media?parent=58656"}],"wp:term":[{"taxonomy":"productdetails","embeddable":true,"href":"https:\/\/www.koonings.com\/fr\/wp-json\/wp\/v2\/productdetails?post=58656"},{"taxonomy":"productneck","embeddable":true,"href":"https:\/\/www.koonings.com\/fr\/wp-json\/wp\/v2\/productneck?post=58656"},{"taxonomy":"productcolor","embeddable":true,"href":"https:\/\/www.koonings.com\/fr\/wp-json\/wp\/v2\/productcolor?post=58656"},{"taxonomy":"maat","embeddable":true,"href":"https:\/\/www.koonings.com\/fr\/wp-json\/wp\/v2\/maat?post=58656"},{"taxonomy":"productsupplier","embeddable":true,"href":"https:\/\/www.koonings.com\/fr\/wp-json\/wp\/v2\/productsupplier?post=58656"},{"taxonomy":"productsleeve","embeddable":true,"href":"https:\/\/www.koonings.com\/fr\/wp-json\/wp\/v2\/productsleeve?post=58656"},{"taxonomy":"productcategory","embeddable":true,"href":"https:\/\/www.koonings.com\/fr\/wp-json\/wp\/v2\/productcategory?post=58656"},{"taxonomy":"productsilhouette","embeddable":true,"href":"https:\/\/www.koonings.com\/fr\/wp-json\/wp\/v2\/productsilhouette?post=58656"},{"taxonomy":"productstyle","embeddable":true,"href":"https:\/\/www.koonings.com\/fr\/wp-json\/wp\/v2\/productstyle?post=58656"}],"curies":[{"name":"wp","href":"https:\/\/api.w.org\/{rel}","templated":true}]}}