{"id":58647,"date":"2026-05-06T15:20:09","date_gmt":"2026-05-06T13:20:09","guid":{"rendered":"https:\/\/www.koonings.com\/product\/randy-fenoli-gianna\/"},"modified":"2025-06-05T13:17:59","modified_gmt":"2025-06-05T11:17:59","slug":"randy-fenoli-gianna","status":"publish","type":"product","link":"https:\/\/www.koonings.com\/fr\/product\/randy-fenoli-gianna\/","title":{"rendered":"Randy Fenoli Gianna"},"content":{"rendered":"<p>Gianna est une magnifique robe trompette avec de superbes d\u00e9tails. Le corsage pr\u00e9sente une encolure ronde avec de d\u00e9licates bretelles en perles. Des plis de tulle sur le corsage accentuent la taille. Le long de la taille se trouve une d\u00e9licate ceinture de perles. Des perles \u00e9parses sont visibles sur toute la robe, reposant sur un tulle paillet\u00e9 textur\u00e9. Gianna est la robe parfaite pour une mari\u00e9e branch\u00e9e !     <\/p>\n","protected":false},"featured_media":44990,"template":"","meta":{"_acf_changed":false,"ghostkit_customizer_options":"","ghostkit_custom_css":"","ghostkit_custom_js_head":"","ghostkit_custom_js_foot":"","ghostkit_typography":""},"productdetails":[],"productneck":[352],"productcolor":[392],"maat":[],"productsupplier":[422],"productsleeve":[359],"productcategory":[18],"productsilhouette":[390],"productstyle":[366],"class_list":["post-58647","product","type-product","status-publish","has-post-thumbnail","hentry","productneck-352","productcolor-392","productsupplier-randy-fenoli","productsleeve-359","productcategory-trouwjurken","productsilhouette-390","productstyle-366"],"acf":[],"yoast_head":"<!-- This site is optimized with the Yoast SEO plugin v27.3 - https:\/\/yoast.com\/product\/yoast-seo-wordpress\/ -->\n<title>Randy Fenoli Gianna | Koonings<\/title>\n<meta name=\"description\" content=\"Gianna est une magnifique robe trompette avec de superbes d\u00e9tails. Le corsage pr\u00e9sente une encolure ronde avec de d\u00e9licates bretelles en perles. Des plis de tulle sur le corsage accentuent la taille. Le long de la taille se trouve une d\u00e9licate ceinture de perles. Des perles \u00e9parses sont visibles sur toute la robe, reposant sur un tulle paillet\u00e9 textur\u00e9. Gianna est la robe parfaite pour une mari\u00e9e branch\u00e9e !\" \/>\n<meta name=\"robots\" content=\"index, follow, max-snippet:-1, max-image-preview:large, max-video-preview:-1\" \/>\n<link rel=\"canonical\" href=\"https:\/\/www.koonings.com\/fr\/product\/randy-fenoli-gianna\/\" \/>\n<meta property=\"og:locale\" content=\"fr_FR\" \/>\n<meta property=\"og:type\" content=\"article\" \/>\n<meta property=\"og:title\" content=\"Randy Fenoli Gianna | Koonings\" \/>\n<meta property=\"og:description\" content=\"Gianna est une magnifique robe trompette avec de superbes d\u00e9tails. Le corsage pr\u00e9sente une encolure ronde avec de d\u00e9licates bretelles en perles. Des plis de tulle sur le corsage accentuent la taille. Le long de la taille se trouve une d\u00e9licate ceinture de perles. Des perles \u00e9parses sont visibles sur toute la robe, reposant sur un tulle paillet\u00e9 textur\u00e9. Gianna est la robe parfaite pour une mari\u00e9e branch\u00e9e !\" \/>\n<meta property=\"og:url\" content=\"https:\/\/www.koonings.com\/fr\/product\/randy-fenoli-gianna\/\" \/>\n<meta property=\"og:site_name\" content=\"Koonings\" \/>\n<meta property=\"article:publisher\" content=\"https:\/\/www.facebook.com\/kooningstheweddingpalace\" \/>\n<meta property=\"og:image\" content=\"https:\/\/www.koonings.com\/wp-content\/uploads\/2024\/11\/40569_01010eaedbe2825b2afafb315eff05725e9be67665eb08e57cabbd8824682a269904e8fb.jpeg\" \/>\n\t<meta property=\"og:image:width\" content=\"1497\" \/>\n\t<meta property=\"og:image:height\" content=\"2119\" \/>\n\t<meta property=\"og:image:type\" content=\"image\/jpeg\" \/>\n<meta name=\"twitter:card\" content=\"summary_large_image\" \/>\n<script type=\"application\/ld+json\" class=\"yoast-schema-graph\">{\"@context\":\"https:\\\/\\\/schema.org\",\"@graph\":[{\"@type\":\"WebPage\",\"@id\":\"https:\\\/\\\/www.koonings.com\\\/fr\\\/product\\\/randy-fenoli-gianna\\\/\",\"url\":\"https:\\\/\\\/www.koonings.com\\\/fr\\\/product\\\/randy-fenoli-gianna\\\/\",\"name\":\"Randy Fenoli Gianna | Koonings\",\"isPartOf\":{\"@id\":\"https:\\\/\\\/www.koonings.com\\\/fr\\\/#website\"},\"primaryImageOfPage\":{\"@id\":\"https:\\\/\\\/www.koonings.com\\\/fr\\\/product\\\/randy-fenoli-gianna\\\/#primaryimage\"},\"image\":{\"@id\":\"https:\\\/\\\/www.koonings.com\\\/fr\\\/product\\\/randy-fenoli-gianna\\\/#primaryimage\"},\"thumbnailUrl\":\"https:\\\/\\\/www.koonings.com\\\/wp-content\\\/uploads\\\/2024\\\/11\\\/40569_01010eaedbe2825b2afafb315eff05725e9be67665eb08e57cabbd8824682a269904e8fb.jpeg\",\"datePublished\":\"2026-05-06T13:20:09+00:00\",\"description\":\"Gianna est une magnifique robe trompette avec de superbes d\u00e9tails. Le corsage pr\u00e9sente une encolure ronde avec de d\u00e9licates bretelles en perles. Des plis de tulle sur le corsage accentuent la taille. Le long de la taille se trouve une d\u00e9licate ceinture de perles. Des perles \u00e9parses sont visibles sur toute la robe, reposant sur un tulle paillet\u00e9 textur\u00e9. Gianna est la robe parfaite pour une mari\u00e9e branch\u00e9e !\",\"breadcrumb\":{\"@id\":\"https:\\\/\\\/www.koonings.com\\\/fr\\\/product\\\/randy-fenoli-gianna\\\/#breadcrumb\"},\"inLanguage\":\"fr-FR\",\"potentialAction\":[{\"@type\":\"ReadAction\",\"target\":[\"https:\\\/\\\/www.koonings.com\\\/fr\\\/product\\\/randy-fenoli-gianna\\\/\"]}]},{\"@type\":\"ImageObject\",\"inLanguage\":\"fr-FR\",\"@id\":\"https:\\\/\\\/www.koonings.com\\\/fr\\\/product\\\/randy-fenoli-gianna\\\/#primaryimage\",\"url\":\"https:\\\/\\\/www.koonings.com\\\/wp-content\\\/uploads\\\/2024\\\/11\\\/40569_01010eaedbe2825b2afafb315eff05725e9be67665eb08e57cabbd8824682a269904e8fb.jpeg\",\"contentUrl\":\"https:\\\/\\\/www.koonings.com\\\/wp-content\\\/uploads\\\/2024\\\/11\\\/40569_01010eaedbe2825b2afafb315eff05725e9be67665eb08e57cabbd8824682a269904e8fb.jpeg\",\"width\":1497,\"height\":2119},{\"@type\":\"BreadcrumbList\",\"@id\":\"https:\\\/\\\/www.koonings.com\\\/fr\\\/product\\\/randy-fenoli-gianna\\\/#breadcrumb\",\"itemListElement\":[{\"@type\":\"ListItem\",\"position\":1,\"name\":\"Home\",\"item\":\"https:\\\/\\\/www.koonings.com\\\/fr\\\/\"},{\"@type\":\"ListItem\",\"position\":2,\"name\":\"Randy Fenoli Gianna\"}]},{\"@type\":\"WebSite\",\"@id\":\"https:\\\/\\\/www.koonings.com\\\/fr\\\/#website\",\"url\":\"https:\\\/\\\/www.koonings.com\\\/fr\\\/\",\"name\":\"Koonings\",\"description\":\"De grootste bruidsmodewinkel ter wereld\",\"publisher\":{\"@id\":\"https:\\\/\\\/www.koonings.com\\\/fr\\\/#organization\"},\"potentialAction\":[{\"@type\":\"SearchAction\",\"target\":{\"@type\":\"EntryPoint\",\"urlTemplate\":\"https:\\\/\\\/www.koonings.com\\\/fr\\\/?s={search_term_string}\"},\"query-input\":{\"@type\":\"PropertyValueSpecification\",\"valueRequired\":true,\"valueName\":\"search_term_string\"}}],\"inLanguage\":\"fr-FR\"},{\"@type\":\"Organization\",\"@id\":\"https:\\\/\\\/www.koonings.com\\\/fr\\\/#organization\",\"name\":\"Koonings\",\"url\":\"https:\\\/\\\/www.koonings.com\\\/fr\\\/\",\"logo\":{\"@type\":\"ImageObject\",\"inLanguage\":\"fr-FR\",\"@id\":\"https:\\\/\\\/www.koonings.com\\\/fr\\\/#\\\/schema\\\/logo\\\/image\\\/\",\"url\":\"https:\\\/\\\/www.koonings.com\\\/wp-content\\\/uploads\\\/2024\\\/07\\\/logo.png\",\"contentUrl\":\"https:\\\/\\\/www.koonings.com\\\/wp-content\\\/uploads\\\/2024\\\/07\\\/logo.png\",\"width\":600,\"height\":428,\"caption\":\"Koonings\"},\"image\":{\"@id\":\"https:\\\/\\\/www.koonings.com\\\/fr\\\/#\\\/schema\\\/logo\\\/image\\\/\"},\"sameAs\":[\"https:\\\/\\\/www.facebook.com\\\/kooningstheweddingpalace\",\"https:\\\/\\\/www.instagram.com\\\/kooningstheweddingpalace\",\"https:\\\/\\\/www.pinterest.com\\\/koonings\",\"https:\\\/\\\/www.youtube.com\\\/kooningstheweddingpalace\"]}]}<\/script>\n<!-- \/ Yoast SEO plugin. -->","yoast_head_json":{"title":"Randy Fenoli Gianna | Koonings","description":"Gianna est une magnifique robe trompette avec de superbes d\u00e9tails. Le corsage pr\u00e9sente une encolure ronde avec de d\u00e9licates bretelles en perles. Des plis de tulle sur le corsage accentuent la taille. Le long de la taille se trouve une d\u00e9licate ceinture de perles. Des perles \u00e9parses sont visibles sur toute la robe, reposant sur un tulle paillet\u00e9 textur\u00e9. Gianna est la robe parfaite pour une mari\u00e9e branch\u00e9e !","robots":{"index":"index","follow":"follow","max-snippet":"max-snippet:-1","max-image-preview":"max-image-preview:large","max-video-preview":"max-video-preview:-1"},"canonical":"https:\/\/www.koonings.com\/fr\/product\/randy-fenoli-gianna\/","og_locale":"fr_FR","og_type":"article","og_title":"Randy Fenoli Gianna | Koonings","og_description":"Gianna est une magnifique robe trompette avec de superbes d\u00e9tails. Le corsage pr\u00e9sente une encolure ronde avec de d\u00e9licates bretelles en perles. Des plis de tulle sur le corsage accentuent la taille. Le long de la taille se trouve une d\u00e9licate ceinture de perles. Des perles \u00e9parses sont visibles sur toute la robe, reposant sur un tulle paillet\u00e9 textur\u00e9. Gianna est la robe parfaite pour une mari\u00e9e branch\u00e9e !","og_url":"https:\/\/www.koonings.com\/fr\/product\/randy-fenoli-gianna\/","og_site_name":"Koonings","article_publisher":"https:\/\/www.facebook.com\/kooningstheweddingpalace","og_image":[{"width":1497,"height":2119,"url":"https:\/\/www.koonings.com\/wp-content\/uploads\/2024\/11\/40569_01010eaedbe2825b2afafb315eff05725e9be67665eb08e57cabbd8824682a269904e8fb.jpeg","type":"image\/jpeg"}],"twitter_card":"summary_large_image","schema":{"@context":"https:\/\/schema.org","@graph":[{"@type":"WebPage","@id":"https:\/\/www.koonings.com\/fr\/product\/randy-fenoli-gianna\/","url":"https:\/\/www.koonings.com\/fr\/product\/randy-fenoli-gianna\/","name":"Randy Fenoli Gianna | Koonings","isPartOf":{"@id":"https:\/\/www.koonings.com\/fr\/#website"},"primaryImageOfPage":{"@id":"https:\/\/www.koonings.com\/fr\/product\/randy-fenoli-gianna\/#primaryimage"},"image":{"@id":"https:\/\/www.koonings.com\/fr\/product\/randy-fenoli-gianna\/#primaryimage"},"thumbnailUrl":"https:\/\/www.koonings.com\/wp-content\/uploads\/2024\/11\/40569_01010eaedbe2825b2afafb315eff05725e9be67665eb08e57cabbd8824682a269904e8fb.jpeg","datePublished":"2026-05-06T13:20:09+00:00","description":"Gianna est une magnifique robe trompette avec de superbes d\u00e9tails. Le corsage pr\u00e9sente une encolure ronde avec de d\u00e9licates bretelles en perles. Des plis de tulle sur le corsage accentuent la taille. Le long de la taille se trouve une d\u00e9licate ceinture de perles. Des perles \u00e9parses sont visibles sur toute la robe, reposant sur un tulle paillet\u00e9 textur\u00e9. Gianna est la robe parfaite pour une mari\u00e9e branch\u00e9e !","breadcrumb":{"@id":"https:\/\/www.koonings.com\/fr\/product\/randy-fenoli-gianna\/#breadcrumb"},"inLanguage":"fr-FR","potentialAction":[{"@type":"ReadAction","target":["https:\/\/www.koonings.com\/fr\/product\/randy-fenoli-gianna\/"]}]},{"@type":"ImageObject","inLanguage":"fr-FR","@id":"https:\/\/www.koonings.com\/fr\/product\/randy-fenoli-gianna\/#primaryimage","url":"https:\/\/www.koonings.com\/wp-content\/uploads\/2024\/11\/40569_01010eaedbe2825b2afafb315eff05725e9be67665eb08e57cabbd8824682a269904e8fb.jpeg","contentUrl":"https:\/\/www.koonings.com\/wp-content\/uploads\/2024\/11\/40569_01010eaedbe2825b2afafb315eff05725e9be67665eb08e57cabbd8824682a269904e8fb.jpeg","width":1497,"height":2119},{"@type":"BreadcrumbList","@id":"https:\/\/www.koonings.com\/fr\/product\/randy-fenoli-gianna\/#breadcrumb","itemListElement":[{"@type":"ListItem","position":1,"name":"Home","item":"https:\/\/www.koonings.com\/fr\/"},{"@type":"ListItem","position":2,"name":"Randy Fenoli Gianna"}]},{"@type":"WebSite","@id":"https:\/\/www.koonings.com\/fr\/#website","url":"https:\/\/www.koonings.com\/fr\/","name":"Koonings","description":"De grootste bruidsmodewinkel ter wereld","publisher":{"@id":"https:\/\/www.koonings.com\/fr\/#organization"},"potentialAction":[{"@type":"SearchAction","target":{"@type":"EntryPoint","urlTemplate":"https:\/\/www.koonings.com\/fr\/?s={search_term_string}"},"query-input":{"@type":"PropertyValueSpecification","valueRequired":true,"valueName":"search_term_string"}}],"inLanguage":"fr-FR"},{"@type":"Organization","@id":"https:\/\/www.koonings.com\/fr\/#organization","name":"Koonings","url":"https:\/\/www.koonings.com\/fr\/","logo":{"@type":"ImageObject","inLanguage":"fr-FR","@id":"https:\/\/www.koonings.com\/fr\/#\/schema\/logo\/image\/","url":"https:\/\/www.koonings.com\/wp-content\/uploads\/2024\/07\/logo.png","contentUrl":"https:\/\/www.koonings.com\/wp-content\/uploads\/2024\/07\/logo.png","width":600,"height":428,"caption":"Koonings"},"image":{"@id":"https:\/\/www.koonings.com\/fr\/#\/schema\/logo\/image\/"},"sameAs":["https:\/\/www.facebook.com\/kooningstheweddingpalace","https:\/\/www.instagram.com\/kooningstheweddingpalace","https:\/\/www.pinterest.com\/koonings","https:\/\/www.youtube.com\/kooningstheweddingpalace"]}]}},"_links":{"self":[{"href":"https:\/\/www.koonings.com\/fr\/wp-json\/wp\/v2\/product\/58647","targetHints":{"allow":["GET"]}}],"collection":[{"href":"https:\/\/www.koonings.com\/fr\/wp-json\/wp\/v2\/product"}],"about":[{"href":"https:\/\/www.koonings.com\/fr\/wp-json\/wp\/v2\/types\/product"}],"wp:featuredmedia":[{"embeddable":true,"href":"https:\/\/www.koonings.com\/fr\/wp-json\/wp\/v2\/media\/44990"}],"wp:attachment":[{"href":"https:\/\/www.koonings.com\/fr\/wp-json\/wp\/v2\/media?parent=58647"}],"wp:term":[{"taxonomy":"productdetails","embeddable":true,"href":"https:\/\/www.koonings.com\/fr\/wp-json\/wp\/v2\/productdetails?post=58647"},{"taxonomy":"productneck","embeddable":true,"href":"https:\/\/www.koonings.com\/fr\/wp-json\/wp\/v2\/productneck?post=58647"},{"taxonomy":"productcolor","embeddable":true,"href":"https:\/\/www.koonings.com\/fr\/wp-json\/wp\/v2\/productcolor?post=58647"},{"taxonomy":"maat","embeddable":true,"href":"https:\/\/www.koonings.com\/fr\/wp-json\/wp\/v2\/maat?post=58647"},{"taxonomy":"productsupplier","embeddable":true,"href":"https:\/\/www.koonings.com\/fr\/wp-json\/wp\/v2\/productsupplier?post=58647"},{"taxonomy":"productsleeve","embeddable":true,"href":"https:\/\/www.koonings.com\/fr\/wp-json\/wp\/v2\/productsleeve?post=58647"},{"taxonomy":"productcategory","embeddable":true,"href":"https:\/\/www.koonings.com\/fr\/wp-json\/wp\/v2\/productcategory?post=58647"},{"taxonomy":"productsilhouette","embeddable":true,"href":"https:\/\/www.koonings.com\/fr\/wp-json\/wp\/v2\/productsilhouette?post=58647"},{"taxonomy":"productstyle","embeddable":true,"href":"https:\/\/www.koonings.com\/fr\/wp-json\/wp\/v2\/productstyle?post=58647"}],"curies":[{"name":"wp","href":"https:\/\/api.w.org\/{rel}","templated":true}]}}