{"id":58641,"date":"2025-12-15T00:30:52","date_gmt":"2025-12-14T23:30:52","guid":{"rendered":"https:\/\/www.koonings.com\/product\/rosa-clara-tolosa\/"},"modified":"2026-02-03T18:38:31","modified_gmt":"2026-02-03T17:38:31","slug":"rosa-clara-tolosa","status":"publish","type":"product","link":"https:\/\/www.koonings.com\/fr\/product\/rosa-clara-tolosa\/","title":{"rendered":"Rosa Clara Tolosa"},"content":{"rendered":"<p>Robe de mari\u00e9e princesse classique en dentelle rebrod\u00e9e festonn\u00e9e et perl\u00e9e avec jupe de Lira mikado. Elle pr\u00e9sente un d\u00e9collet\u00e9 haut, un dos ferm\u00e9, des manches longues, un corsage et une jupe avec poches. Une cr\u00e9ation haute-couture de Rosa Clar\u00e1 Couture.  <\/p>\n","protected":false},"featured_media":44977,"template":"","meta":{"_acf_changed":false,"ghostkit_customizer_options":"","ghostkit_custom_css":"","ghostkit_custom_js_head":"","ghostkit_custom_js_foot":"","ghostkit_typography":""},"productdetails":[],"productneck":[350],"productcolor":[392],"maat":[],"productsupplier":[396],"productsleeve":[362],"productcategory":[18],"productsilhouette":[388],"productstyle":[369,372,366],"class_list":["post-58641","product","type-product","status-publish","has-post-thumbnail","hentry","productneck-350","productcolor-392","productsupplier-rosa-clara","productsleeve-362","productcategory-trouwjurken","productsilhouette-388","productstyle-369","productstyle-372","productstyle-366"],"acf":[],"yoast_head":"<!-- This site is optimized with the Yoast SEO plugin v27.3 - https:\/\/yoast.com\/product\/yoast-seo-wordpress\/ -->\n<title>Rosa Clara Tolosa | Koonings<\/title>\n<meta name=\"description\" content=\"Robe de mari\u00e9e princesse classique en dentelle rebrod\u00e9e festonn\u00e9e et perl\u00e9e avec jupe de Lira mikado. Elle pr\u00e9sente un d\u00e9collet\u00e9 haut, un dos ferm\u00e9, des manches longues, un corsage et une jupe avec poches. Une cr\u00e9ation haute-couture de Rosa Clar\u00e1 Couture.\" \/>\n<meta name=\"robots\" content=\"index, follow, max-snippet:-1, max-image-preview:large, max-video-preview:-1\" \/>\n<link rel=\"canonical\" href=\"https:\/\/www.koonings.com\/fr\/product\/rosa-clara-tolosa\/\" \/>\n<meta property=\"og:locale\" content=\"fr_FR\" \/>\n<meta property=\"og:type\" content=\"article\" \/>\n<meta property=\"og:title\" content=\"Rosa Clara Tolosa | Koonings\" \/>\n<meta property=\"og:description\" content=\"Robe de mari\u00e9e princesse classique en dentelle rebrod\u00e9e festonn\u00e9e et perl\u00e9e avec jupe de Lira mikado. Elle pr\u00e9sente un d\u00e9collet\u00e9 haut, un dos ferm\u00e9, des manches longues, un corsage et une jupe avec poches. Une cr\u00e9ation haute-couture de Rosa Clar\u00e1 Couture.\" \/>\n<meta property=\"og:url\" content=\"https:\/\/www.koonings.com\/fr\/product\/rosa-clara-tolosa\/\" \/>\n<meta property=\"og:site_name\" content=\"Koonings\" \/>\n<meta property=\"article:publisher\" content=\"https:\/\/www.facebook.com\/kooningstheweddingpalace\" \/>\n<meta property=\"article:modified_time\" content=\"2026-02-03T17:38:31+00:00\" \/>\n<meta property=\"og:image\" content=\"https:\/\/www.koonings.com\/wp-content\/uploads\/2024\/11\/40568_ddee525b7f766e09ee1102d9d17fa6d6b7fbc063f57821e9ede6a5e218c8fa40f2e90281.jpeg\" \/>\n\t<meta property=\"og:image:width\" content=\"1536\" \/>\n\t<meta property=\"og:image:height\" content=\"1920\" \/>\n\t<meta property=\"og:image:type\" content=\"image\/jpeg\" \/>\n<meta name=\"twitter:card\" content=\"summary_large_image\" \/>\n<script type=\"application\/ld+json\" class=\"yoast-schema-graph\">{\"@context\":\"https:\\\/\\\/schema.org\",\"@graph\":[{\"@type\":\"WebPage\",\"@id\":\"https:\\\/\\\/www.koonings.com\\\/fr\\\/product\\\/rosa-clara-tolosa\\\/\",\"url\":\"https:\\\/\\\/www.koonings.com\\\/fr\\\/product\\\/rosa-clara-tolosa\\\/\",\"name\":\"Rosa Clara Tolosa | Koonings\",\"isPartOf\":{\"@id\":\"https:\\\/\\\/www.koonings.com\\\/fr\\\/#website\"},\"primaryImageOfPage\":{\"@id\":\"https:\\\/\\\/www.koonings.com\\\/fr\\\/product\\\/rosa-clara-tolosa\\\/#primaryimage\"},\"image\":{\"@id\":\"https:\\\/\\\/www.koonings.com\\\/fr\\\/product\\\/rosa-clara-tolosa\\\/#primaryimage\"},\"thumbnailUrl\":\"https:\\\/\\\/www.koonings.com\\\/wp-content\\\/uploads\\\/2024\\\/11\\\/40568_ddee525b7f766e09ee1102d9d17fa6d6b7fbc063f57821e9ede6a5e218c8fa40f2e90281.jpeg\",\"datePublished\":\"2025-12-14T23:30:52+00:00\",\"dateModified\":\"2026-02-03T17:38:31+00:00\",\"description\":\"Robe de mari\u00e9e princesse classique en dentelle rebrod\u00e9e festonn\u00e9e et perl\u00e9e avec jupe de Lira mikado. Elle pr\u00e9sente un d\u00e9collet\u00e9 haut, un dos ferm\u00e9, des manches longues, un corsage et une jupe avec poches. Une cr\u00e9ation haute-couture de Rosa Clar\u00e1 Couture.\",\"breadcrumb\":{\"@id\":\"https:\\\/\\\/www.koonings.com\\\/fr\\\/product\\\/rosa-clara-tolosa\\\/#breadcrumb\"},\"inLanguage\":\"fr-FR\",\"potentialAction\":[{\"@type\":\"ReadAction\",\"target\":[\"https:\\\/\\\/www.koonings.com\\\/fr\\\/product\\\/rosa-clara-tolosa\\\/\"]}]},{\"@type\":\"ImageObject\",\"inLanguage\":\"fr-FR\",\"@id\":\"https:\\\/\\\/www.koonings.com\\\/fr\\\/product\\\/rosa-clara-tolosa\\\/#primaryimage\",\"url\":\"https:\\\/\\\/www.koonings.com\\\/wp-content\\\/uploads\\\/2024\\\/11\\\/40568_ddee525b7f766e09ee1102d9d17fa6d6b7fbc063f57821e9ede6a5e218c8fa40f2e90281.jpeg\",\"contentUrl\":\"https:\\\/\\\/www.koonings.com\\\/wp-content\\\/uploads\\\/2024\\\/11\\\/40568_ddee525b7f766e09ee1102d9d17fa6d6b7fbc063f57821e9ede6a5e218c8fa40f2e90281.jpeg\",\"width\":1536,\"height\":1920},{\"@type\":\"BreadcrumbList\",\"@id\":\"https:\\\/\\\/www.koonings.com\\\/fr\\\/product\\\/rosa-clara-tolosa\\\/#breadcrumb\",\"itemListElement\":[{\"@type\":\"ListItem\",\"position\":1,\"name\":\"Home\",\"item\":\"https:\\\/\\\/www.koonings.com\\\/fr\\\/\"},{\"@type\":\"ListItem\",\"position\":2,\"name\":\"Rosa Clara Tolosa\"}]},{\"@type\":\"WebSite\",\"@id\":\"https:\\\/\\\/www.koonings.com\\\/fr\\\/#website\",\"url\":\"https:\\\/\\\/www.koonings.com\\\/fr\\\/\",\"name\":\"Koonings\",\"description\":\"De grootste bruidsmodewinkel ter wereld\",\"publisher\":{\"@id\":\"https:\\\/\\\/www.koonings.com\\\/fr\\\/#organization\"},\"potentialAction\":[{\"@type\":\"SearchAction\",\"target\":{\"@type\":\"EntryPoint\",\"urlTemplate\":\"https:\\\/\\\/www.koonings.com\\\/fr\\\/?s={search_term_string}\"},\"query-input\":{\"@type\":\"PropertyValueSpecification\",\"valueRequired\":true,\"valueName\":\"search_term_string\"}}],\"inLanguage\":\"fr-FR\"},{\"@type\":\"Organization\",\"@id\":\"https:\\\/\\\/www.koonings.com\\\/fr\\\/#organization\",\"name\":\"Koonings\",\"url\":\"https:\\\/\\\/www.koonings.com\\\/fr\\\/\",\"logo\":{\"@type\":\"ImageObject\",\"inLanguage\":\"fr-FR\",\"@id\":\"https:\\\/\\\/www.koonings.com\\\/fr\\\/#\\\/schema\\\/logo\\\/image\\\/\",\"url\":\"https:\\\/\\\/www.koonings.com\\\/wp-content\\\/uploads\\\/2024\\\/07\\\/logo.png\",\"contentUrl\":\"https:\\\/\\\/www.koonings.com\\\/wp-content\\\/uploads\\\/2024\\\/07\\\/logo.png\",\"width\":600,\"height\":428,\"caption\":\"Koonings\"},\"image\":{\"@id\":\"https:\\\/\\\/www.koonings.com\\\/fr\\\/#\\\/schema\\\/logo\\\/image\\\/\"},\"sameAs\":[\"https:\\\/\\\/www.facebook.com\\\/kooningstheweddingpalace\",\"https:\\\/\\\/www.instagram.com\\\/kooningstheweddingpalace\",\"https:\\\/\\\/www.pinterest.com\\\/koonings\",\"https:\\\/\\\/www.youtube.com\\\/kooningstheweddingpalace\"]}]}<\/script>\n<!-- \/ Yoast SEO plugin. -->","yoast_head_json":{"title":"Rosa Clara Tolosa | Koonings","description":"Robe de mari\u00e9e princesse classique en dentelle rebrod\u00e9e festonn\u00e9e et perl\u00e9e avec jupe de Lira mikado. Elle pr\u00e9sente un d\u00e9collet\u00e9 haut, un dos ferm\u00e9, des manches longues, un corsage et une jupe avec poches. Une cr\u00e9ation haute-couture de Rosa Clar\u00e1 Couture.","robots":{"index":"index","follow":"follow","max-snippet":"max-snippet:-1","max-image-preview":"max-image-preview:large","max-video-preview":"max-video-preview:-1"},"canonical":"https:\/\/www.koonings.com\/fr\/product\/rosa-clara-tolosa\/","og_locale":"fr_FR","og_type":"article","og_title":"Rosa Clara Tolosa | Koonings","og_description":"Robe de mari\u00e9e princesse classique en dentelle rebrod\u00e9e festonn\u00e9e et perl\u00e9e avec jupe de Lira mikado. Elle pr\u00e9sente un d\u00e9collet\u00e9 haut, un dos ferm\u00e9, des manches longues, un corsage et une jupe avec poches. Une cr\u00e9ation haute-couture de Rosa Clar\u00e1 Couture.","og_url":"https:\/\/www.koonings.com\/fr\/product\/rosa-clara-tolosa\/","og_site_name":"Koonings","article_publisher":"https:\/\/www.facebook.com\/kooningstheweddingpalace","article_modified_time":"2026-02-03T17:38:31+00:00","og_image":[{"width":1536,"height":1920,"url":"https:\/\/www.koonings.com\/wp-content\/uploads\/2024\/11\/40568_ddee525b7f766e09ee1102d9d17fa6d6b7fbc063f57821e9ede6a5e218c8fa40f2e90281.jpeg","type":"image\/jpeg"}],"twitter_card":"summary_large_image","schema":{"@context":"https:\/\/schema.org","@graph":[{"@type":"WebPage","@id":"https:\/\/www.koonings.com\/fr\/product\/rosa-clara-tolosa\/","url":"https:\/\/www.koonings.com\/fr\/product\/rosa-clara-tolosa\/","name":"Rosa Clara Tolosa | Koonings","isPartOf":{"@id":"https:\/\/www.koonings.com\/fr\/#website"},"primaryImageOfPage":{"@id":"https:\/\/www.koonings.com\/fr\/product\/rosa-clara-tolosa\/#primaryimage"},"image":{"@id":"https:\/\/www.koonings.com\/fr\/product\/rosa-clara-tolosa\/#primaryimage"},"thumbnailUrl":"https:\/\/www.koonings.com\/wp-content\/uploads\/2024\/11\/40568_ddee525b7f766e09ee1102d9d17fa6d6b7fbc063f57821e9ede6a5e218c8fa40f2e90281.jpeg","datePublished":"2025-12-14T23:30:52+00:00","dateModified":"2026-02-03T17:38:31+00:00","description":"Robe de mari\u00e9e princesse classique en dentelle rebrod\u00e9e festonn\u00e9e et perl\u00e9e avec jupe de Lira mikado. Elle pr\u00e9sente un d\u00e9collet\u00e9 haut, un dos ferm\u00e9, des manches longues, un corsage et une jupe avec poches. Une cr\u00e9ation haute-couture de Rosa Clar\u00e1 Couture.","breadcrumb":{"@id":"https:\/\/www.koonings.com\/fr\/product\/rosa-clara-tolosa\/#breadcrumb"},"inLanguage":"fr-FR","potentialAction":[{"@type":"ReadAction","target":["https:\/\/www.koonings.com\/fr\/product\/rosa-clara-tolosa\/"]}]},{"@type":"ImageObject","inLanguage":"fr-FR","@id":"https:\/\/www.koonings.com\/fr\/product\/rosa-clara-tolosa\/#primaryimage","url":"https:\/\/www.koonings.com\/wp-content\/uploads\/2024\/11\/40568_ddee525b7f766e09ee1102d9d17fa6d6b7fbc063f57821e9ede6a5e218c8fa40f2e90281.jpeg","contentUrl":"https:\/\/www.koonings.com\/wp-content\/uploads\/2024\/11\/40568_ddee525b7f766e09ee1102d9d17fa6d6b7fbc063f57821e9ede6a5e218c8fa40f2e90281.jpeg","width":1536,"height":1920},{"@type":"BreadcrumbList","@id":"https:\/\/www.koonings.com\/fr\/product\/rosa-clara-tolosa\/#breadcrumb","itemListElement":[{"@type":"ListItem","position":1,"name":"Home","item":"https:\/\/www.koonings.com\/fr\/"},{"@type":"ListItem","position":2,"name":"Rosa Clara Tolosa"}]},{"@type":"WebSite","@id":"https:\/\/www.koonings.com\/fr\/#website","url":"https:\/\/www.koonings.com\/fr\/","name":"Koonings","description":"De grootste bruidsmodewinkel ter wereld","publisher":{"@id":"https:\/\/www.koonings.com\/fr\/#organization"},"potentialAction":[{"@type":"SearchAction","target":{"@type":"EntryPoint","urlTemplate":"https:\/\/www.koonings.com\/fr\/?s={search_term_string}"},"query-input":{"@type":"PropertyValueSpecification","valueRequired":true,"valueName":"search_term_string"}}],"inLanguage":"fr-FR"},{"@type":"Organization","@id":"https:\/\/www.koonings.com\/fr\/#organization","name":"Koonings","url":"https:\/\/www.koonings.com\/fr\/","logo":{"@type":"ImageObject","inLanguage":"fr-FR","@id":"https:\/\/www.koonings.com\/fr\/#\/schema\/logo\/image\/","url":"https:\/\/www.koonings.com\/wp-content\/uploads\/2024\/07\/logo.png","contentUrl":"https:\/\/www.koonings.com\/wp-content\/uploads\/2024\/07\/logo.png","width":600,"height":428,"caption":"Koonings"},"image":{"@id":"https:\/\/www.koonings.com\/fr\/#\/schema\/logo\/image\/"},"sameAs":["https:\/\/www.facebook.com\/kooningstheweddingpalace","https:\/\/www.instagram.com\/kooningstheweddingpalace","https:\/\/www.pinterest.com\/koonings","https:\/\/www.youtube.com\/kooningstheweddingpalace"]}]}},"_links":{"self":[{"href":"https:\/\/www.koonings.com\/fr\/wp-json\/wp\/v2\/product\/58641","targetHints":{"allow":["GET"]}}],"collection":[{"href":"https:\/\/www.koonings.com\/fr\/wp-json\/wp\/v2\/product"}],"about":[{"href":"https:\/\/www.koonings.com\/fr\/wp-json\/wp\/v2\/types\/product"}],"wp:featuredmedia":[{"embeddable":true,"href":"https:\/\/www.koonings.com\/fr\/wp-json\/wp\/v2\/media\/44977"}],"wp:attachment":[{"href":"https:\/\/www.koonings.com\/fr\/wp-json\/wp\/v2\/media?parent=58641"}],"wp:term":[{"taxonomy":"productdetails","embeddable":true,"href":"https:\/\/www.koonings.com\/fr\/wp-json\/wp\/v2\/productdetails?post=58641"},{"taxonomy":"productneck","embeddable":true,"href":"https:\/\/www.koonings.com\/fr\/wp-json\/wp\/v2\/productneck?post=58641"},{"taxonomy":"productcolor","embeddable":true,"href":"https:\/\/www.koonings.com\/fr\/wp-json\/wp\/v2\/productcolor?post=58641"},{"taxonomy":"maat","embeddable":true,"href":"https:\/\/www.koonings.com\/fr\/wp-json\/wp\/v2\/maat?post=58641"},{"taxonomy":"productsupplier","embeddable":true,"href":"https:\/\/www.koonings.com\/fr\/wp-json\/wp\/v2\/productsupplier?post=58641"},{"taxonomy":"productsleeve","embeddable":true,"href":"https:\/\/www.koonings.com\/fr\/wp-json\/wp\/v2\/productsleeve?post=58641"},{"taxonomy":"productcategory","embeddable":true,"href":"https:\/\/www.koonings.com\/fr\/wp-json\/wp\/v2\/productcategory?post=58641"},{"taxonomy":"productsilhouette","embeddable":true,"href":"https:\/\/www.koonings.com\/fr\/wp-json\/wp\/v2\/productsilhouette?post=58641"},{"taxonomy":"productstyle","embeddable":true,"href":"https:\/\/www.koonings.com\/fr\/wp-json\/wp\/v2\/productstyle?post=58641"}],"curies":[{"name":"wp","href":"https:\/\/api.w.org\/{rel}","templated":true}]}}