{"id":58635,"date":"2026-04-21T18:20:22","date_gmt":"2026-04-21T16:20:22","guid":{"rendered":"https:\/\/www.koonings.com\/product\/modeca-declan\/"},"modified":"2026-02-16T14:39:23","modified_gmt":"2026-02-16T13:39:23","slug":"modeca-declan","status":"publish","type":"product","link":"https:\/\/www.koonings.com\/fr\/product\/modeca-declan\/","title":{"rendered":"Modeca Declan"},"content":{"rendered":"<p>La robe Declan est l&#8217;incarnation de la simplicit\u00e9 sophistiqu\u00e9e. Cette robe ajust\u00e9e et \u00e9vas\u00e9e en cr\u00eape pr\u00e9sente une encolure romantique en forme de c\u0153ur et un corsage gracieusement drap\u00e9. Un n\u0153ud d\u00e9licat \u00e0 la taille ajoute une touche de charme \u00e0 ce mod\u00e8le ajust\u00e9 et \u00e9vas\u00e9.  <\/p>\n","protected":false},"featured_media":45024,"template":"","meta":{"_acf_changed":false,"ghostkit_customizer_options":"","ghostkit_custom_css":"","ghostkit_custom_js_head":"","ghostkit_custom_js_foot":"","ghostkit_typography":""},"productdetails":[],"productneck":[354,355],"productcolor":[392],"maat":[],"productsupplier":[434],"productsleeve":[],"productcategory":[18],"productsilhouette":[389],"productstyle":[365],"class_list":["post-58635","product","type-product","status-publish","has-post-thumbnail","hentry","productneck-354","productneck-355","productcolor-392","productsupplier-modeca","productcategory-trouwjurken","productsilhouette-389","productstyle-365"],"acf":[],"yoast_head":"<!-- This site is optimized with the Yoast SEO plugin v27.3 - https:\/\/yoast.com\/product\/yoast-seo-wordpress\/ -->\n<title>Modeca Declan | Koonings<\/title>\n<meta name=\"description\" content=\"La robe Declan est l&#039;incarnation de la simplicit\u00e9 sophistiqu\u00e9e. Cette robe ajust\u00e9e et \u00e9vas\u00e9e en cr\u00eape pr\u00e9sente une encolure romantique en forme de c\u0153ur et un corsage gracieusement drap\u00e9. Un n\u0153ud d\u00e9licat \u00e0 la taille ajoute une touche de charme \u00e0 ce mod\u00e8le ajust\u00e9 et \u00e9vas\u00e9.\" \/>\n<meta name=\"robots\" content=\"index, follow, max-snippet:-1, max-image-preview:large, max-video-preview:-1\" \/>\n<link rel=\"canonical\" href=\"https:\/\/www.koonings.com\/fr\/product\/modeca-declan\/\" \/>\n<meta property=\"og:locale\" content=\"fr_FR\" \/>\n<meta property=\"og:type\" content=\"article\" \/>\n<meta property=\"og:title\" content=\"Modeca Declan | Koonings\" \/>\n<meta property=\"og:description\" content=\"La robe Declan est l&#039;incarnation de la simplicit\u00e9 sophistiqu\u00e9e. Cette robe ajust\u00e9e et \u00e9vas\u00e9e en cr\u00eape pr\u00e9sente une encolure romantique en forme de c\u0153ur et un corsage gracieusement drap\u00e9. Un n\u0153ud d\u00e9licat \u00e0 la taille ajoute une touche de charme \u00e0 ce mod\u00e8le ajust\u00e9 et \u00e9vas\u00e9.\" \/>\n<meta property=\"og:url\" content=\"https:\/\/www.koonings.com\/fr\/product\/modeca-declan\/\" \/>\n<meta property=\"og:site_name\" content=\"Koonings\" \/>\n<meta property=\"article:publisher\" content=\"https:\/\/www.facebook.com\/kooningstheweddingpalace\" \/>\n<meta property=\"og:image\" content=\"https:\/\/www.koonings.com\/wp-content\/uploads\/2024\/11\/40571_8c56cd1c6dfb761b7b5983abdbe20de37232a6a7849c77c037da1394384367f9165044f9.jpeg\" \/>\n\t<meta property=\"og:image:width\" content=\"771\" \/>\n\t<meta property=\"og:image:height\" content=\"1088\" \/>\n\t<meta property=\"og:image:type\" content=\"image\/jpeg\" \/>\n<meta name=\"twitter:card\" content=\"summary_large_image\" \/>\n<script type=\"application\/ld+json\" class=\"yoast-schema-graph\">{\"@context\":\"https:\\\/\\\/schema.org\",\"@graph\":[{\"@type\":\"WebPage\",\"@id\":\"https:\\\/\\\/www.koonings.com\\\/fr\\\/product\\\/modeca-declan\\\/\",\"url\":\"https:\\\/\\\/www.koonings.com\\\/fr\\\/product\\\/modeca-declan\\\/\",\"name\":\"Modeca Declan | Koonings\",\"isPartOf\":{\"@id\":\"https:\\\/\\\/www.koonings.com\\\/fr\\\/#website\"},\"primaryImageOfPage\":{\"@id\":\"https:\\\/\\\/www.koonings.com\\\/fr\\\/product\\\/modeca-declan\\\/#primaryimage\"},\"image\":{\"@id\":\"https:\\\/\\\/www.koonings.com\\\/fr\\\/product\\\/modeca-declan\\\/#primaryimage\"},\"thumbnailUrl\":\"https:\\\/\\\/www.koonings.com\\\/wp-content\\\/uploads\\\/2024\\\/11\\\/40571_8c56cd1c6dfb761b7b5983abdbe20de37232a6a7849c77c037da1394384367f9165044f9.jpeg\",\"datePublished\":\"2026-04-21T16:20:22+00:00\",\"description\":\"La robe Declan est l'incarnation de la simplicit\u00e9 sophistiqu\u00e9e. Cette robe ajust\u00e9e et \u00e9vas\u00e9e en cr\u00eape pr\u00e9sente une encolure romantique en forme de c\u0153ur et un corsage gracieusement drap\u00e9. Un n\u0153ud d\u00e9licat \u00e0 la taille ajoute une touche de charme \u00e0 ce mod\u00e8le ajust\u00e9 et \u00e9vas\u00e9.\",\"breadcrumb\":{\"@id\":\"https:\\\/\\\/www.koonings.com\\\/fr\\\/product\\\/modeca-declan\\\/#breadcrumb\"},\"inLanguage\":\"fr-FR\",\"potentialAction\":[{\"@type\":\"ReadAction\",\"target\":[\"https:\\\/\\\/www.koonings.com\\\/fr\\\/product\\\/modeca-declan\\\/\"]}]},{\"@type\":\"ImageObject\",\"inLanguage\":\"fr-FR\",\"@id\":\"https:\\\/\\\/www.koonings.com\\\/fr\\\/product\\\/modeca-declan\\\/#primaryimage\",\"url\":\"https:\\\/\\\/www.koonings.com\\\/wp-content\\\/uploads\\\/2024\\\/11\\\/40571_8c56cd1c6dfb761b7b5983abdbe20de37232a6a7849c77c037da1394384367f9165044f9.jpeg\",\"contentUrl\":\"https:\\\/\\\/www.koonings.com\\\/wp-content\\\/uploads\\\/2024\\\/11\\\/40571_8c56cd1c6dfb761b7b5983abdbe20de37232a6a7849c77c037da1394384367f9165044f9.jpeg\",\"width\":771,\"height\":1088},{\"@type\":\"BreadcrumbList\",\"@id\":\"https:\\\/\\\/www.koonings.com\\\/fr\\\/product\\\/modeca-declan\\\/#breadcrumb\",\"itemListElement\":[{\"@type\":\"ListItem\",\"position\":1,\"name\":\"Home\",\"item\":\"https:\\\/\\\/www.koonings.com\\\/fr\\\/\"},{\"@type\":\"ListItem\",\"position\":2,\"name\":\"Modeca Declan\"}]},{\"@type\":\"WebSite\",\"@id\":\"https:\\\/\\\/www.koonings.com\\\/fr\\\/#website\",\"url\":\"https:\\\/\\\/www.koonings.com\\\/fr\\\/\",\"name\":\"Koonings\",\"description\":\"De grootste bruidsmodewinkel ter wereld\",\"publisher\":{\"@id\":\"https:\\\/\\\/www.koonings.com\\\/fr\\\/#organization\"},\"potentialAction\":[{\"@type\":\"SearchAction\",\"target\":{\"@type\":\"EntryPoint\",\"urlTemplate\":\"https:\\\/\\\/www.koonings.com\\\/fr\\\/?s={search_term_string}\"},\"query-input\":{\"@type\":\"PropertyValueSpecification\",\"valueRequired\":true,\"valueName\":\"search_term_string\"}}],\"inLanguage\":\"fr-FR\"},{\"@type\":\"Organization\",\"@id\":\"https:\\\/\\\/www.koonings.com\\\/fr\\\/#organization\",\"name\":\"Koonings\",\"url\":\"https:\\\/\\\/www.koonings.com\\\/fr\\\/\",\"logo\":{\"@type\":\"ImageObject\",\"inLanguage\":\"fr-FR\",\"@id\":\"https:\\\/\\\/www.koonings.com\\\/fr\\\/#\\\/schema\\\/logo\\\/image\\\/\",\"url\":\"https:\\\/\\\/www.koonings.com\\\/wp-content\\\/uploads\\\/2024\\\/07\\\/logo.png\",\"contentUrl\":\"https:\\\/\\\/www.koonings.com\\\/wp-content\\\/uploads\\\/2024\\\/07\\\/logo.png\",\"width\":600,\"height\":428,\"caption\":\"Koonings\"},\"image\":{\"@id\":\"https:\\\/\\\/www.koonings.com\\\/fr\\\/#\\\/schema\\\/logo\\\/image\\\/\"},\"sameAs\":[\"https:\\\/\\\/www.facebook.com\\\/kooningstheweddingpalace\",\"https:\\\/\\\/www.instagram.com\\\/kooningstheweddingpalace\",\"https:\\\/\\\/www.pinterest.com\\\/koonings\",\"https:\\\/\\\/www.youtube.com\\\/kooningstheweddingpalace\"]}]}<\/script>\n<!-- \/ Yoast SEO plugin. -->","yoast_head_json":{"title":"Modeca Declan | Koonings","description":"La robe Declan est l'incarnation de la simplicit\u00e9 sophistiqu\u00e9e. Cette robe ajust\u00e9e et \u00e9vas\u00e9e en cr\u00eape pr\u00e9sente une encolure romantique en forme de c\u0153ur et un corsage gracieusement drap\u00e9. Un n\u0153ud d\u00e9licat \u00e0 la taille ajoute une touche de charme \u00e0 ce mod\u00e8le ajust\u00e9 et \u00e9vas\u00e9.","robots":{"index":"index","follow":"follow","max-snippet":"max-snippet:-1","max-image-preview":"max-image-preview:large","max-video-preview":"max-video-preview:-1"},"canonical":"https:\/\/www.koonings.com\/fr\/product\/modeca-declan\/","og_locale":"fr_FR","og_type":"article","og_title":"Modeca Declan | Koonings","og_description":"La robe Declan est l'incarnation de la simplicit\u00e9 sophistiqu\u00e9e. Cette robe ajust\u00e9e et \u00e9vas\u00e9e en cr\u00eape pr\u00e9sente une encolure romantique en forme de c\u0153ur et un corsage gracieusement drap\u00e9. Un n\u0153ud d\u00e9licat \u00e0 la taille ajoute une touche de charme \u00e0 ce mod\u00e8le ajust\u00e9 et \u00e9vas\u00e9.","og_url":"https:\/\/www.koonings.com\/fr\/product\/modeca-declan\/","og_site_name":"Koonings","article_publisher":"https:\/\/www.facebook.com\/kooningstheweddingpalace","og_image":[{"width":771,"height":1088,"url":"https:\/\/www.koonings.com\/wp-content\/uploads\/2024\/11\/40571_8c56cd1c6dfb761b7b5983abdbe20de37232a6a7849c77c037da1394384367f9165044f9.jpeg","type":"image\/jpeg"}],"twitter_card":"summary_large_image","schema":{"@context":"https:\/\/schema.org","@graph":[{"@type":"WebPage","@id":"https:\/\/www.koonings.com\/fr\/product\/modeca-declan\/","url":"https:\/\/www.koonings.com\/fr\/product\/modeca-declan\/","name":"Modeca Declan | Koonings","isPartOf":{"@id":"https:\/\/www.koonings.com\/fr\/#website"},"primaryImageOfPage":{"@id":"https:\/\/www.koonings.com\/fr\/product\/modeca-declan\/#primaryimage"},"image":{"@id":"https:\/\/www.koonings.com\/fr\/product\/modeca-declan\/#primaryimage"},"thumbnailUrl":"https:\/\/www.koonings.com\/wp-content\/uploads\/2024\/11\/40571_8c56cd1c6dfb761b7b5983abdbe20de37232a6a7849c77c037da1394384367f9165044f9.jpeg","datePublished":"2026-04-21T16:20:22+00:00","description":"La robe Declan est l'incarnation de la simplicit\u00e9 sophistiqu\u00e9e. Cette robe ajust\u00e9e et \u00e9vas\u00e9e en cr\u00eape pr\u00e9sente une encolure romantique en forme de c\u0153ur et un corsage gracieusement drap\u00e9. Un n\u0153ud d\u00e9licat \u00e0 la taille ajoute une touche de charme \u00e0 ce mod\u00e8le ajust\u00e9 et \u00e9vas\u00e9.","breadcrumb":{"@id":"https:\/\/www.koonings.com\/fr\/product\/modeca-declan\/#breadcrumb"},"inLanguage":"fr-FR","potentialAction":[{"@type":"ReadAction","target":["https:\/\/www.koonings.com\/fr\/product\/modeca-declan\/"]}]},{"@type":"ImageObject","inLanguage":"fr-FR","@id":"https:\/\/www.koonings.com\/fr\/product\/modeca-declan\/#primaryimage","url":"https:\/\/www.koonings.com\/wp-content\/uploads\/2024\/11\/40571_8c56cd1c6dfb761b7b5983abdbe20de37232a6a7849c77c037da1394384367f9165044f9.jpeg","contentUrl":"https:\/\/www.koonings.com\/wp-content\/uploads\/2024\/11\/40571_8c56cd1c6dfb761b7b5983abdbe20de37232a6a7849c77c037da1394384367f9165044f9.jpeg","width":771,"height":1088},{"@type":"BreadcrumbList","@id":"https:\/\/www.koonings.com\/fr\/product\/modeca-declan\/#breadcrumb","itemListElement":[{"@type":"ListItem","position":1,"name":"Home","item":"https:\/\/www.koonings.com\/fr\/"},{"@type":"ListItem","position":2,"name":"Modeca Declan"}]},{"@type":"WebSite","@id":"https:\/\/www.koonings.com\/fr\/#website","url":"https:\/\/www.koonings.com\/fr\/","name":"Koonings","description":"De grootste bruidsmodewinkel ter wereld","publisher":{"@id":"https:\/\/www.koonings.com\/fr\/#organization"},"potentialAction":[{"@type":"SearchAction","target":{"@type":"EntryPoint","urlTemplate":"https:\/\/www.koonings.com\/fr\/?s={search_term_string}"},"query-input":{"@type":"PropertyValueSpecification","valueRequired":true,"valueName":"search_term_string"}}],"inLanguage":"fr-FR"},{"@type":"Organization","@id":"https:\/\/www.koonings.com\/fr\/#organization","name":"Koonings","url":"https:\/\/www.koonings.com\/fr\/","logo":{"@type":"ImageObject","inLanguage":"fr-FR","@id":"https:\/\/www.koonings.com\/fr\/#\/schema\/logo\/image\/","url":"https:\/\/www.koonings.com\/wp-content\/uploads\/2024\/07\/logo.png","contentUrl":"https:\/\/www.koonings.com\/wp-content\/uploads\/2024\/07\/logo.png","width":600,"height":428,"caption":"Koonings"},"image":{"@id":"https:\/\/www.koonings.com\/fr\/#\/schema\/logo\/image\/"},"sameAs":["https:\/\/www.facebook.com\/kooningstheweddingpalace","https:\/\/www.instagram.com\/kooningstheweddingpalace","https:\/\/www.pinterest.com\/koonings","https:\/\/www.youtube.com\/kooningstheweddingpalace"]}]}},"_links":{"self":[{"href":"https:\/\/www.koonings.com\/fr\/wp-json\/wp\/v2\/product\/58635","targetHints":{"allow":["GET"]}}],"collection":[{"href":"https:\/\/www.koonings.com\/fr\/wp-json\/wp\/v2\/product"}],"about":[{"href":"https:\/\/www.koonings.com\/fr\/wp-json\/wp\/v2\/types\/product"}],"wp:featuredmedia":[{"embeddable":true,"href":"https:\/\/www.koonings.com\/fr\/wp-json\/wp\/v2\/media\/45024"}],"wp:attachment":[{"href":"https:\/\/www.koonings.com\/fr\/wp-json\/wp\/v2\/media?parent=58635"}],"wp:term":[{"taxonomy":"productdetails","embeddable":true,"href":"https:\/\/www.koonings.com\/fr\/wp-json\/wp\/v2\/productdetails?post=58635"},{"taxonomy":"productneck","embeddable":true,"href":"https:\/\/www.koonings.com\/fr\/wp-json\/wp\/v2\/productneck?post=58635"},{"taxonomy":"productcolor","embeddable":true,"href":"https:\/\/www.koonings.com\/fr\/wp-json\/wp\/v2\/productcolor?post=58635"},{"taxonomy":"maat","embeddable":true,"href":"https:\/\/www.koonings.com\/fr\/wp-json\/wp\/v2\/maat?post=58635"},{"taxonomy":"productsupplier","embeddable":true,"href":"https:\/\/www.koonings.com\/fr\/wp-json\/wp\/v2\/productsupplier?post=58635"},{"taxonomy":"productsleeve","embeddable":true,"href":"https:\/\/www.koonings.com\/fr\/wp-json\/wp\/v2\/productsleeve?post=58635"},{"taxonomy":"productcategory","embeddable":true,"href":"https:\/\/www.koonings.com\/fr\/wp-json\/wp\/v2\/productcategory?post=58635"},{"taxonomy":"productsilhouette","embeddable":true,"href":"https:\/\/www.koonings.com\/fr\/wp-json\/wp\/v2\/productsilhouette?post=58635"},{"taxonomy":"productstyle","embeddable":true,"href":"https:\/\/www.koonings.com\/fr\/wp-json\/wp\/v2\/productstyle?post=58635"}],"curies":[{"name":"wp","href":"https:\/\/api.w.org\/{rel}","templated":true}]}}