{"id":58622,"date":"2026-04-28T18:18:55","date_gmt":"2026-04-28T16:18:55","guid":{"rendered":"https:\/\/www.koonings.com\/product\/le-papillon-by-modeca-enza\/"},"modified":"2025-06-05T13:18:03","modified_gmt":"2025-06-05T11:18:03","slug":"le-papillon-by-modeca-enza","status":"publish","type":"product","link":"https:\/\/www.koonings.com\/fr\/product\/le-papillon-by-modeca-enza\/","title":{"rendered":"Le Papillon by Modeca Enza"},"content":{"rendered":"<p>Enza est une divine robe de bal mikado \u00e0 l&#8217;\u00e9l\u00e9gance intemporelle. L&#8217;encolure en forme de c\u0153ur est orn\u00e9e d&#8217;une dentelle perl\u00e9e complexe, ajoutant une touche d&#8217;allure romantique \u00e0 cette silhouette classique. <\/p>\n","protected":false},"featured_media":45092,"template":"","meta":{"_acf_changed":false,"ghostkit_customizer_options":"","ghostkit_custom_css":"","ghostkit_custom_js_head":"","ghostkit_custom_js_foot":"","ghostkit_typography":""},"productdetails":[],"productneck":[354,355],"productcolor":[392],"maat":[],"productsupplier":[411],"productsleeve":[],"productcategory":[18],"productsilhouette":[388],"productstyle":[372,366],"class_list":["post-58622","product","type-product","status-publish","has-post-thumbnail","hentry","productneck-354","productneck-355","productcolor-392","productsupplier-le-papillon-by-modeca","productcategory-trouwjurken","productsilhouette-388","productstyle-372","productstyle-366"],"acf":[],"yoast_head":"<!-- This site is optimized with the Yoast SEO plugin v27.3 - https:\/\/yoast.com\/product\/yoast-seo-wordpress\/ -->\n<title>Le Papillon by Modeca Enza | Koonings<\/title>\n<meta name=\"description\" content=\"Enza est une divine robe de bal mikado \u00e0 l&#039;\u00e9l\u00e9gance intemporelle. L&#039;encolure en forme de c\u0153ur est orn\u00e9e d&#039;une dentelle perl\u00e9e complexe, ajoutant une touche d&#039;allure romantique \u00e0 cette silhouette classique.\" \/>\n<meta name=\"robots\" content=\"index, follow, max-snippet:-1, max-image-preview:large, max-video-preview:-1\" \/>\n<link rel=\"canonical\" href=\"https:\/\/www.koonings.com\/fr\/product\/le-papillon-by-modeca-enza\/\" \/>\n<meta property=\"og:locale\" content=\"fr_FR\" \/>\n<meta property=\"og:type\" content=\"article\" \/>\n<meta property=\"og:title\" content=\"Le Papillon by Modeca Enza | Koonings\" \/>\n<meta property=\"og:description\" content=\"Enza est une divine robe de bal mikado \u00e0 l&#039;\u00e9l\u00e9gance intemporelle. L&#039;encolure en forme de c\u0153ur est orn\u00e9e d&#039;une dentelle perl\u00e9e complexe, ajoutant une touche d&#039;allure romantique \u00e0 cette silhouette classique.\" \/>\n<meta property=\"og:url\" content=\"https:\/\/www.koonings.com\/fr\/product\/le-papillon-by-modeca-enza\/\" \/>\n<meta property=\"og:site_name\" content=\"Koonings\" \/>\n<meta property=\"article:publisher\" content=\"https:\/\/www.facebook.com\/kooningstheweddingpalace\" \/>\n<meta property=\"og:image\" content=\"https:\/\/www.koonings.com\/wp-content\/uploads\/2024\/11\/40575_23f18cd08293dd3def498a9d81604f91d5a73624c79718ca29b08acc2aed77ae84b081d5.jpeg\" \/>\n\t<meta property=\"og:image:width\" content=\"789\" \/>\n\t<meta property=\"og:image:height\" content=\"1116\" \/>\n\t<meta property=\"og:image:type\" content=\"image\/jpeg\" \/>\n<meta name=\"twitter:card\" content=\"summary_large_image\" \/>\n<script type=\"application\/ld+json\" class=\"yoast-schema-graph\">{\"@context\":\"https:\\\/\\\/schema.org\",\"@graph\":[{\"@type\":\"WebPage\",\"@id\":\"https:\\\/\\\/www.koonings.com\\\/fr\\\/product\\\/le-papillon-by-modeca-enza\\\/\",\"url\":\"https:\\\/\\\/www.koonings.com\\\/fr\\\/product\\\/le-papillon-by-modeca-enza\\\/\",\"name\":\"Le Papillon by Modeca Enza | Koonings\",\"isPartOf\":{\"@id\":\"https:\\\/\\\/www.koonings.com\\\/fr\\\/#website\"},\"primaryImageOfPage\":{\"@id\":\"https:\\\/\\\/www.koonings.com\\\/fr\\\/product\\\/le-papillon-by-modeca-enza\\\/#primaryimage\"},\"image\":{\"@id\":\"https:\\\/\\\/www.koonings.com\\\/fr\\\/product\\\/le-papillon-by-modeca-enza\\\/#primaryimage\"},\"thumbnailUrl\":\"https:\\\/\\\/www.koonings.com\\\/wp-content\\\/uploads\\\/2024\\\/11\\\/40575_23f18cd08293dd3def498a9d81604f91d5a73624c79718ca29b08acc2aed77ae84b081d5.jpeg\",\"datePublished\":\"2026-04-28T16:18:55+00:00\",\"description\":\"Enza est une divine robe de bal mikado \u00e0 l'\u00e9l\u00e9gance intemporelle. L'encolure en forme de c\u0153ur est orn\u00e9e d'une dentelle perl\u00e9e complexe, ajoutant une touche d'allure romantique \u00e0 cette silhouette classique.\",\"breadcrumb\":{\"@id\":\"https:\\\/\\\/www.koonings.com\\\/fr\\\/product\\\/le-papillon-by-modeca-enza\\\/#breadcrumb\"},\"inLanguage\":\"fr-FR\",\"potentialAction\":[{\"@type\":\"ReadAction\",\"target\":[\"https:\\\/\\\/www.koonings.com\\\/fr\\\/product\\\/le-papillon-by-modeca-enza\\\/\"]}]},{\"@type\":\"ImageObject\",\"inLanguage\":\"fr-FR\",\"@id\":\"https:\\\/\\\/www.koonings.com\\\/fr\\\/product\\\/le-papillon-by-modeca-enza\\\/#primaryimage\",\"url\":\"https:\\\/\\\/www.koonings.com\\\/wp-content\\\/uploads\\\/2024\\\/11\\\/40575_23f18cd08293dd3def498a9d81604f91d5a73624c79718ca29b08acc2aed77ae84b081d5.jpeg\",\"contentUrl\":\"https:\\\/\\\/www.koonings.com\\\/wp-content\\\/uploads\\\/2024\\\/11\\\/40575_23f18cd08293dd3def498a9d81604f91d5a73624c79718ca29b08acc2aed77ae84b081d5.jpeg\",\"width\":789,\"height\":1116},{\"@type\":\"BreadcrumbList\",\"@id\":\"https:\\\/\\\/www.koonings.com\\\/fr\\\/product\\\/le-papillon-by-modeca-enza\\\/#breadcrumb\",\"itemListElement\":[{\"@type\":\"ListItem\",\"position\":1,\"name\":\"Home\",\"item\":\"https:\\\/\\\/www.koonings.com\\\/fr\\\/\"},{\"@type\":\"ListItem\",\"position\":2,\"name\":\"Le Papillon by Modeca Enza\"}]},{\"@type\":\"WebSite\",\"@id\":\"https:\\\/\\\/www.koonings.com\\\/fr\\\/#website\",\"url\":\"https:\\\/\\\/www.koonings.com\\\/fr\\\/\",\"name\":\"Koonings\",\"description\":\"De grootste bruidsmodewinkel ter wereld\",\"publisher\":{\"@id\":\"https:\\\/\\\/www.koonings.com\\\/fr\\\/#organization\"},\"potentialAction\":[{\"@type\":\"SearchAction\",\"target\":{\"@type\":\"EntryPoint\",\"urlTemplate\":\"https:\\\/\\\/www.koonings.com\\\/fr\\\/?s={search_term_string}\"},\"query-input\":{\"@type\":\"PropertyValueSpecification\",\"valueRequired\":true,\"valueName\":\"search_term_string\"}}],\"inLanguage\":\"fr-FR\"},{\"@type\":\"Organization\",\"@id\":\"https:\\\/\\\/www.koonings.com\\\/fr\\\/#organization\",\"name\":\"Koonings\",\"url\":\"https:\\\/\\\/www.koonings.com\\\/fr\\\/\",\"logo\":{\"@type\":\"ImageObject\",\"inLanguage\":\"fr-FR\",\"@id\":\"https:\\\/\\\/www.koonings.com\\\/fr\\\/#\\\/schema\\\/logo\\\/image\\\/\",\"url\":\"https:\\\/\\\/www.koonings.com\\\/wp-content\\\/uploads\\\/2024\\\/07\\\/logo.png\",\"contentUrl\":\"https:\\\/\\\/www.koonings.com\\\/wp-content\\\/uploads\\\/2024\\\/07\\\/logo.png\",\"width\":600,\"height\":428,\"caption\":\"Koonings\"},\"image\":{\"@id\":\"https:\\\/\\\/www.koonings.com\\\/fr\\\/#\\\/schema\\\/logo\\\/image\\\/\"},\"sameAs\":[\"https:\\\/\\\/www.facebook.com\\\/kooningstheweddingpalace\",\"https:\\\/\\\/www.instagram.com\\\/kooningstheweddingpalace\",\"https:\\\/\\\/www.pinterest.com\\\/koonings\",\"https:\\\/\\\/www.youtube.com\\\/kooningstheweddingpalace\"]}]}<\/script>\n<!-- \/ Yoast SEO plugin. -->","yoast_head_json":{"title":"Le Papillon by Modeca Enza | Koonings","description":"Enza est une divine robe de bal mikado \u00e0 l'\u00e9l\u00e9gance intemporelle. L'encolure en forme de c\u0153ur est orn\u00e9e d'une dentelle perl\u00e9e complexe, ajoutant une touche d'allure romantique \u00e0 cette silhouette classique.","robots":{"index":"index","follow":"follow","max-snippet":"max-snippet:-1","max-image-preview":"max-image-preview:large","max-video-preview":"max-video-preview:-1"},"canonical":"https:\/\/www.koonings.com\/fr\/product\/le-papillon-by-modeca-enza\/","og_locale":"fr_FR","og_type":"article","og_title":"Le Papillon by Modeca Enza | Koonings","og_description":"Enza est une divine robe de bal mikado \u00e0 l'\u00e9l\u00e9gance intemporelle. L'encolure en forme de c\u0153ur est orn\u00e9e d'une dentelle perl\u00e9e complexe, ajoutant une touche d'allure romantique \u00e0 cette silhouette classique.","og_url":"https:\/\/www.koonings.com\/fr\/product\/le-papillon-by-modeca-enza\/","og_site_name":"Koonings","article_publisher":"https:\/\/www.facebook.com\/kooningstheweddingpalace","og_image":[{"width":789,"height":1116,"url":"https:\/\/www.koonings.com\/wp-content\/uploads\/2024\/11\/40575_23f18cd08293dd3def498a9d81604f91d5a73624c79718ca29b08acc2aed77ae84b081d5.jpeg","type":"image\/jpeg"}],"twitter_card":"summary_large_image","schema":{"@context":"https:\/\/schema.org","@graph":[{"@type":"WebPage","@id":"https:\/\/www.koonings.com\/fr\/product\/le-papillon-by-modeca-enza\/","url":"https:\/\/www.koonings.com\/fr\/product\/le-papillon-by-modeca-enza\/","name":"Le Papillon by Modeca Enza | Koonings","isPartOf":{"@id":"https:\/\/www.koonings.com\/fr\/#website"},"primaryImageOfPage":{"@id":"https:\/\/www.koonings.com\/fr\/product\/le-papillon-by-modeca-enza\/#primaryimage"},"image":{"@id":"https:\/\/www.koonings.com\/fr\/product\/le-papillon-by-modeca-enza\/#primaryimage"},"thumbnailUrl":"https:\/\/www.koonings.com\/wp-content\/uploads\/2024\/11\/40575_23f18cd08293dd3def498a9d81604f91d5a73624c79718ca29b08acc2aed77ae84b081d5.jpeg","datePublished":"2026-04-28T16:18:55+00:00","description":"Enza est une divine robe de bal mikado \u00e0 l'\u00e9l\u00e9gance intemporelle. L'encolure en forme de c\u0153ur est orn\u00e9e d'une dentelle perl\u00e9e complexe, ajoutant une touche d'allure romantique \u00e0 cette silhouette classique.","breadcrumb":{"@id":"https:\/\/www.koonings.com\/fr\/product\/le-papillon-by-modeca-enza\/#breadcrumb"},"inLanguage":"fr-FR","potentialAction":[{"@type":"ReadAction","target":["https:\/\/www.koonings.com\/fr\/product\/le-papillon-by-modeca-enza\/"]}]},{"@type":"ImageObject","inLanguage":"fr-FR","@id":"https:\/\/www.koonings.com\/fr\/product\/le-papillon-by-modeca-enza\/#primaryimage","url":"https:\/\/www.koonings.com\/wp-content\/uploads\/2024\/11\/40575_23f18cd08293dd3def498a9d81604f91d5a73624c79718ca29b08acc2aed77ae84b081d5.jpeg","contentUrl":"https:\/\/www.koonings.com\/wp-content\/uploads\/2024\/11\/40575_23f18cd08293dd3def498a9d81604f91d5a73624c79718ca29b08acc2aed77ae84b081d5.jpeg","width":789,"height":1116},{"@type":"BreadcrumbList","@id":"https:\/\/www.koonings.com\/fr\/product\/le-papillon-by-modeca-enza\/#breadcrumb","itemListElement":[{"@type":"ListItem","position":1,"name":"Home","item":"https:\/\/www.koonings.com\/fr\/"},{"@type":"ListItem","position":2,"name":"Le Papillon by Modeca Enza"}]},{"@type":"WebSite","@id":"https:\/\/www.koonings.com\/fr\/#website","url":"https:\/\/www.koonings.com\/fr\/","name":"Koonings","description":"De grootste bruidsmodewinkel ter wereld","publisher":{"@id":"https:\/\/www.koonings.com\/fr\/#organization"},"potentialAction":[{"@type":"SearchAction","target":{"@type":"EntryPoint","urlTemplate":"https:\/\/www.koonings.com\/fr\/?s={search_term_string}"},"query-input":{"@type":"PropertyValueSpecification","valueRequired":true,"valueName":"search_term_string"}}],"inLanguage":"fr-FR"},{"@type":"Organization","@id":"https:\/\/www.koonings.com\/fr\/#organization","name":"Koonings","url":"https:\/\/www.koonings.com\/fr\/","logo":{"@type":"ImageObject","inLanguage":"fr-FR","@id":"https:\/\/www.koonings.com\/fr\/#\/schema\/logo\/image\/","url":"https:\/\/www.koonings.com\/wp-content\/uploads\/2024\/07\/logo.png","contentUrl":"https:\/\/www.koonings.com\/wp-content\/uploads\/2024\/07\/logo.png","width":600,"height":428,"caption":"Koonings"},"image":{"@id":"https:\/\/www.koonings.com\/fr\/#\/schema\/logo\/image\/"},"sameAs":["https:\/\/www.facebook.com\/kooningstheweddingpalace","https:\/\/www.instagram.com\/kooningstheweddingpalace","https:\/\/www.pinterest.com\/koonings","https:\/\/www.youtube.com\/kooningstheweddingpalace"]}]}},"_links":{"self":[{"href":"https:\/\/www.koonings.com\/fr\/wp-json\/wp\/v2\/product\/58622","targetHints":{"allow":["GET"]}}],"collection":[{"href":"https:\/\/www.koonings.com\/fr\/wp-json\/wp\/v2\/product"}],"about":[{"href":"https:\/\/www.koonings.com\/fr\/wp-json\/wp\/v2\/types\/product"}],"wp:featuredmedia":[{"embeddable":true,"href":"https:\/\/www.koonings.com\/fr\/wp-json\/wp\/v2\/media\/45092"}],"wp:attachment":[{"href":"https:\/\/www.koonings.com\/fr\/wp-json\/wp\/v2\/media?parent=58622"}],"wp:term":[{"taxonomy":"productdetails","embeddable":true,"href":"https:\/\/www.koonings.com\/fr\/wp-json\/wp\/v2\/productdetails?post=58622"},{"taxonomy":"productneck","embeddable":true,"href":"https:\/\/www.koonings.com\/fr\/wp-json\/wp\/v2\/productneck?post=58622"},{"taxonomy":"productcolor","embeddable":true,"href":"https:\/\/www.koonings.com\/fr\/wp-json\/wp\/v2\/productcolor?post=58622"},{"taxonomy":"maat","embeddable":true,"href":"https:\/\/www.koonings.com\/fr\/wp-json\/wp\/v2\/maat?post=58622"},{"taxonomy":"productsupplier","embeddable":true,"href":"https:\/\/www.koonings.com\/fr\/wp-json\/wp\/v2\/productsupplier?post=58622"},{"taxonomy":"productsleeve","embeddable":true,"href":"https:\/\/www.koonings.com\/fr\/wp-json\/wp\/v2\/productsleeve?post=58622"},{"taxonomy":"productcategory","embeddable":true,"href":"https:\/\/www.koonings.com\/fr\/wp-json\/wp\/v2\/productcategory?post=58622"},{"taxonomy":"productsilhouette","embeddable":true,"href":"https:\/\/www.koonings.com\/fr\/wp-json\/wp\/v2\/productsilhouette?post=58622"},{"taxonomy":"productstyle","embeddable":true,"href":"https:\/\/www.koonings.com\/fr\/wp-json\/wp\/v2\/productstyle?post=58622"}],"curies":[{"name":"wp","href":"https:\/\/api.w.org\/{rel}","templated":true}]}}